{"id":16159,"date":"2023-07-17T06:51:25","date_gmt":"2023-07-17T06:51:25","guid":{"rendered":"https:\/\/dev.monti.lt\/?post_type=product&#038;p=16159"},"modified":"2024-10-08T10:08:13","modified_gmt":"2024-10-08T10:08:13","slug":"automobiliu-trasa-vamzdis-210-el","status":"publish","type":"product","link":"https:\/\/dev.monti.lt\/en\/product\/automobiliu-trasa-vamzdis-210-el\/","title":{"rendered":"Automobili\u0173 tr\u0105sa-vamzdis, 210 el."},"content":{"rendered":"<p>\u012evairi\u0173 derini\u0173 ir form\u0173 spalvinga automobili\u0173 trasa, kuri\u0105 galima pastatyti savo rankomis.&nbsp;\u012e komplektacij\u0105 esantis automobilis juo va\u017eiuos svaiginan\u010diu grei\u010diu.&nbsp;Lavina rankinius \u012fg\u016bd\u017eius ir veikia vaizduot\u0119.&nbsp;Med\u017eiaga: plastikas.&nbsp;Blok\u0173 skai\u010dius: 210.<\/p>","protected":false},"excerpt":{"rendered":"<p>\u012evairi\u0173 derini\u0173 ir form\u0173 spalvinga automobili\u0173 trasa, kuri\u0105 galima pastatyti savo rankomis.&nbsp;\u012e komplektacij\u0105 esantis automobilis juo va\u017eiuos svaiginan\u010diu grei\u010diu.&nbsp;Lavina rankinius \u012fg\u016bd\u017eius ir veikia vaizduot\u0119.&nbsp;Med\u017eiaga: plastikas.&nbsp;Blok\u0173 skai\u010dius: 210.<\/p>","protected":false},"featured_media":16161,"template":"","meta":{"iawp_total_views":14},"product_cat":[84,91,90,93,49,39,215],"product_tag":[97,98,99],"class_list":{"0":"post-16159","1":"product","2":"type-product","3":"status-publish","4":"has-post-thumbnail","6":"product_cat-lavinamieji-zaislai","7":"product_cat-loginiam-mastymui","8":"product_cat-pasaulio-pazinimas","9":"product_cat-vaidmenu-zaidimai","10":"product_cat-visi-zaislai","11":"product_cat-zaislai","12":"product_cat-zaislai-berniukams","13":"product_tag-3-m-4-m","14":"product_tag-5-m-7-m","15":"product_tag-8-m-11-m","17":"first","18":"instock","19":"sale","20":"taxable","21":"shipping-taxable","22":"purchasable","23":"product-type-simple"},"yoast_head":"<!-- This site is optimized with the Yoast SEO plugin v23.3 - https:\/\/yoast.com\/wordpress\/plugins\/seo\/ -->\n<title>Automobili\u0173 tr\u0105sa-vamzdis, 210 el. - Montessori \u017eaislai<\/title>\n<meta name=\"robots\" content=\"noindex, follow, max-snippet:-1, max-image-preview:large, max-video-preview:-1\" \/>\n<meta property=\"og:locale\" content=\"en_US\" \/>\n<meta property=\"og:type\" content=\"article\" \/>\n<meta property=\"og:title\" content=\"Automobili\u0173 tr\u0105sa-vamzdis, 210 el. - Montessori \u017eaislai\" \/>\n<meta property=\"og:description\" content=\"\u012evairi\u0173 derini\u0173 ir form\u0173 spalvinga automobili\u0173 trasa, kuri\u0105 galima pastatyti savo rankomis.&nbsp;\u012e komplektacij\u0105 esantis automobilis juo va\u017eiuos svaiginan\u010diu grei\u010diu.&nbsp;Lavina rankinius \u012fg\u016bd\u017eius ir veikia vaizduot\u0119.&nbsp;Med\u017eiaga: plastikas.&nbsp;Blok\u0173 skai\u010dius: 210.\" \/>\n<meta property=\"og:url\" content=\"https:\/\/dev.monti.lt\/en\/product\/automobiliu-trasa-vamzdis-210-el\/\" \/>\n<meta property=\"og:site_name\" content=\"Montessori \u017eaislai\" \/>\n<meta property=\"article:modified_time\" content=\"2024-10-08T10:08:13+00:00\" \/>\n<meta property=\"og:image\" content=\"https:\/\/dev.monti.lt\/wp-content\/uploads\/2023\/07\/Tube-track-long-with-fast-car-210-el-111960.jpg\" \/>\n\t<meta property=\"og:image:width\" content=\"764\" \/>\n\t<meta property=\"og:image:height\" content=\"473\" \/>\n\t<meta property=\"og:image:type\" content=\"image\/jpeg\" \/>\n<meta name=\"twitter:card\" content=\"summary_large_image\" \/>\n<meta name=\"twitter:label1\" content=\"Est. reading time\" \/>\n\t<meta name=\"twitter:data1\" content=\"1 minute\" \/>\n<script type=\"application\/ld+json\" class=\"yoast-schema-graph\">{\"@context\":\"https:\/\/schema.org\",\"@graph\":[{\"@type\":\"WebPage\",\"@id\":\"https:\/\/dev.monti.lt\/product\/automobiliu-trasa-vamzdis-210-el\/\",\"url\":\"https:\/\/dev.monti.lt\/product\/automobiliu-trasa-vamzdis-210-el\/\",\"name\":\"Automobili\u0173 tr\u0105sa-vamzdis, 210 el. - Montessori \u017eaislai\",\"isPartOf\":{\"@id\":\"https:\/\/dev.monti.lt\/#website\"},\"primaryImageOfPage\":{\"@id\":\"https:\/\/dev.monti.lt\/product\/automobiliu-trasa-vamzdis-210-el\/#primaryimage\"},\"image\":{\"@id\":\"https:\/\/dev.monti.lt\/product\/automobiliu-trasa-vamzdis-210-el\/#primaryimage\"},\"thumbnailUrl\":\"https:\/\/dev.monti.lt\/wp-content\/uploads\/2023\/07\/Tube-track-long-with-fast-car-210-el-111960.jpg\",\"datePublished\":\"2023-07-17T06:51:25+00:00\",\"dateModified\":\"2024-10-08T10:08:13+00:00\",\"breadcrumb\":{\"@id\":\"https:\/\/dev.monti.lt\/product\/automobiliu-trasa-vamzdis-210-el\/#breadcrumb\"},\"inLanguage\":\"en-US\",\"potentialAction\":[{\"@type\":\"ReadAction\",\"target\":[\"https:\/\/dev.monti.lt\/product\/automobiliu-trasa-vamzdis-210-el\/\"]}]},{\"@type\":\"ImageObject\",\"inLanguage\":\"en-US\",\"@id\":\"https:\/\/dev.monti.lt\/product\/automobiliu-trasa-vamzdis-210-el\/#primaryimage\",\"url\":\"https:\/\/dev.monti.lt\/wp-content\/uploads\/2023\/07\/Tube-track-long-with-fast-car-210-el-111960.jpg\",\"contentUrl\":\"https:\/\/dev.monti.lt\/wp-content\/uploads\/2023\/07\/Tube-track-long-with-fast-car-210-el-111960.jpg\",\"width\":764,\"height\":473},{\"@type\":\"BreadcrumbList\",\"@id\":\"https:\/\/dev.monti.lt\/product\/automobiliu-trasa-vamzdis-210-el\/#breadcrumb\",\"itemListElement\":[{\"@type\":\"ListItem\",\"position\":1,\"name\":\"Home\",\"item\":\"https:\/\/dev.monti.lt\/\"},{\"@type\":\"ListItem\",\"position\":2,\"name\":\"Parduotuv\u0117\",\"item\":\"https:\/\/dev.monti.lt\/shop\/\"},{\"@type\":\"ListItem\",\"position\":3,\"name\":\"Automobili\u0173 tr\u0105sa-vamzdis, 210 el.\"}]},{\"@type\":\"WebSite\",\"@id\":\"https:\/\/dev.monti.lt\/#website\",\"url\":\"https:\/\/dev.monti.lt\/\",\"name\":\"Montessori \u017eaislai\",\"description\":\"\",\"publisher\":{\"@id\":\"https:\/\/dev.monti.lt\/#organization\"},\"potentialAction\":[{\"@type\":\"SearchAction\",\"target\":{\"@type\":\"EntryPoint\",\"urlTemplate\":\"https:\/\/dev.monti.lt\/?s={search_term_string}\"},\"query-input\":\"required name=search_term_string\"}],\"inLanguage\":\"en-US\"},{\"@type\":\"Organization\",\"@id\":\"https:\/\/dev.monti.lt\/#organization\",\"name\":\"Montessori \u017eaislai\",\"url\":\"https:\/\/dev.monti.lt\/\",\"logo\":{\"@type\":\"ImageObject\",\"inLanguage\":\"en-US\",\"@id\":\"https:\/\/dev.monti.lt\/#\/schema\/logo\/image\/\",\"url\":\"https:\/\/dev.monti.lt\/wp-content\/uploads\/2022\/03\/montilogo-1.png\",\"contentUrl\":\"https:\/\/dev.monti.lt\/wp-content\/uploads\/2022\/03\/montilogo-1.png\",\"width\":512,\"height\":512,\"caption\":\"Montessori \u017eaislai\"},\"image\":{\"@id\":\"https:\/\/dev.monti.lt\/#\/schema\/logo\/image\/\"}}]}<\/script>\n<!-- \/ Yoast SEO plugin. -->","yoast_head_json":{"title":"Automobili\u0173 tr\u0105sa-vamzdis, 210 el. - Montessori \u017eaislai","robots":{"index":"noindex","follow":"follow","max-snippet":"max-snippet:-1","max-image-preview":"max-image-preview:large","max-video-preview":"max-video-preview:-1"},"og_locale":"en_US","og_type":"article","og_title":"Automobili\u0173 tr\u0105sa-vamzdis, 210 el. - Montessori \u017eaislai","og_description":"\u012evairi\u0173 derini\u0173 ir form\u0173 spalvinga automobili\u0173 trasa, kuri\u0105 galima pastatyti savo rankomis.&nbsp;\u012e komplektacij\u0105 esantis automobilis juo va\u017eiuos svaiginan\u010diu grei\u010diu.&nbsp;Lavina rankinius \u012fg\u016bd\u017eius ir veikia vaizduot\u0119.&nbsp;Med\u017eiaga: plastikas.&nbsp;Blok\u0173 skai\u010dius: 210.","og_url":"https:\/\/dev.monti.lt\/en\/product\/automobiliu-trasa-vamzdis-210-el\/","og_site_name":"Montessori \u017eaislai","article_modified_time":"2024-10-08T10:08:13+00:00","og_image":[{"width":764,"height":473,"url":"https:\/\/dev.monti.lt\/wp-content\/uploads\/2023\/07\/Tube-track-long-with-fast-car-210-el-111960.jpg","type":"image\/jpeg"}],"twitter_card":"summary_large_image","twitter_misc":{"Est. reading time":"1 minute"},"schema":{"@context":"https:\/\/schema.org","@graph":[{"@type":"WebPage","@id":"https:\/\/dev.monti.lt\/product\/automobiliu-trasa-vamzdis-210-el\/","url":"https:\/\/dev.monti.lt\/product\/automobiliu-trasa-vamzdis-210-el\/","name":"Automobili\u0173 tr\u0105sa-vamzdis, 210 el. - Montessori \u017eaislai","isPartOf":{"@id":"https:\/\/dev.monti.lt\/#website"},"primaryImageOfPage":{"@id":"https:\/\/dev.monti.lt\/product\/automobiliu-trasa-vamzdis-210-el\/#primaryimage"},"image":{"@id":"https:\/\/dev.monti.lt\/product\/automobiliu-trasa-vamzdis-210-el\/#primaryimage"},"thumbnailUrl":"https:\/\/dev.monti.lt\/wp-content\/uploads\/2023\/07\/Tube-track-long-with-fast-car-210-el-111960.jpg","datePublished":"2023-07-17T06:51:25+00:00","dateModified":"2024-10-08T10:08:13+00:00","breadcrumb":{"@id":"https:\/\/dev.monti.lt\/product\/automobiliu-trasa-vamzdis-210-el\/#breadcrumb"},"inLanguage":"en-US","potentialAction":[{"@type":"ReadAction","target":["https:\/\/dev.monti.lt\/product\/automobiliu-trasa-vamzdis-210-el\/"]}]},{"@type":"ImageObject","inLanguage":"en-US","@id":"https:\/\/dev.monti.lt\/product\/automobiliu-trasa-vamzdis-210-el\/#primaryimage","url":"https:\/\/dev.monti.lt\/wp-content\/uploads\/2023\/07\/Tube-track-long-with-fast-car-210-el-111960.jpg","contentUrl":"https:\/\/dev.monti.lt\/wp-content\/uploads\/2023\/07\/Tube-track-long-with-fast-car-210-el-111960.jpg","width":764,"height":473},{"@type":"BreadcrumbList","@id":"https:\/\/dev.monti.lt\/product\/automobiliu-trasa-vamzdis-210-el\/#breadcrumb","itemListElement":[{"@type":"ListItem","position":1,"name":"Home","item":"https:\/\/dev.monti.lt\/"},{"@type":"ListItem","position":2,"name":"Parduotuv\u0117","item":"https:\/\/dev.monti.lt\/shop\/"},{"@type":"ListItem","position":3,"name":"Automobili\u0173 tr\u0105sa-vamzdis, 210 el."}]},{"@type":"WebSite","@id":"https:\/\/dev.monti.lt\/#website","url":"https:\/\/dev.monti.lt\/","name":"Montessori \u017eaislai","description":"","publisher":{"@id":"https:\/\/dev.monti.lt\/#organization"},"potentialAction":[{"@type":"SearchAction","target":{"@type":"EntryPoint","urlTemplate":"https:\/\/dev.monti.lt\/?s={search_term_string}"},"query-input":"required name=search_term_string"}],"inLanguage":"en-US"},{"@type":"Organization","@id":"https:\/\/dev.monti.lt\/#organization","name":"Montessori \u017eaislai","url":"https:\/\/dev.monti.lt\/","logo":{"@type":"ImageObject","inLanguage":"en-US","@id":"https:\/\/dev.monti.lt\/#\/schema\/logo\/image\/","url":"https:\/\/dev.monti.lt\/wp-content\/uploads\/2022\/03\/montilogo-1.png","contentUrl":"https:\/\/dev.monti.lt\/wp-content\/uploads\/2022\/03\/montilogo-1.png","width":512,"height":512,"caption":"Montessori \u017eaislai"},"image":{"@id":"https:\/\/dev.monti.lt\/#\/schema\/logo\/image\/"}}]}},"_links":{"self":[{"href":"https:\/\/dev.monti.lt\/en\/wp-json\/wp\/v2\/product\/16159"}],"collection":[{"href":"https:\/\/dev.monti.lt\/en\/wp-json\/wp\/v2\/product"}],"about":[{"href":"https:\/\/dev.monti.lt\/en\/wp-json\/wp\/v2\/types\/product"}],"version-history":[{"count":2,"href":"https:\/\/dev.monti.lt\/en\/wp-json\/wp\/v2\/product\/16159\/revisions"}],"predecessor-version":[{"id":16162,"href":"https:\/\/dev.monti.lt\/en\/wp-json\/wp\/v2\/product\/16159\/revisions\/16162"}],"wp:featuredmedia":[{"embeddable":true,"href":"https:\/\/dev.monti.lt\/en\/wp-json\/wp\/v2\/media\/16161"}],"wp:attachment":[{"href":"https:\/\/dev.monti.lt\/en\/wp-json\/wp\/v2\/media?parent=16159"}],"wp:term":[{"taxonomy":"product_cat","embeddable":true,"href":"https:\/\/dev.monti.lt\/en\/wp-json\/wp\/v2\/product_cat?post=16159"},{"taxonomy":"product_tag","embeddable":true,"href":"https:\/\/dev.monti.lt\/en\/wp-json\/wp\/v2\/product_tag?post=16159"}],"curies":[{"name":"wp","href":"https:\/\/api.w.org\/{rel}","templated":true}]}}