{"id":16111,"date":"2023-07-14T11:43:10","date_gmt":"2023-07-14T11:43:10","guid":{"rendered":"https:\/\/dev.monti.lt\/?post_type=product&#038;p=16111"},"modified":"2024-10-08T10:08:33","modified_gmt":"2024-10-08T10:08:33","slug":"sensorine-piramide","status":"publish","type":"product","link":"https:\/\/dev.monti.lt\/en\/product\/sensorine-piramide\/","title":{"rendered":"Sensorin\u0117 piramid\u0117"},"content":{"rendered":"<p>EDUKACINIS PIRAMID\u0116S BOK\u0160TAS SENSORIN\u0116 D\u0116LION\u0116 SPALVINGA MONTESSORI<\/p>\n<p>\u00a0<\/p>\n<p>Didelis, spalvingas, sensorinis ir edukacinis &#8211; tai tik kelios pateikto bok\u0161to savyb\u0117s! O kai su visomis jomis susipa\u017einsite, tikrai \u012fsitikinsite, kad tai puikus \u017eaislas j\u016bs\u0173 ma\u017eyliui!<\/p>\n<p>Septyni dideli blokai gali b\u016bti sudedami vienas ant kito ir taip sukuriama \u012fsp\u016bdinga piramid\u0117! Kiekviena kalad\u0117l\u0117 yra skirtingos spalvos ir skirtingos tekst\u016bros. Be to, viename i\u0161 blok\u0173 yra rutuliuk\u0173, kuriuos galima pamatyti pro permatom\u0105 vir\u0161\u0173.<\/p>\n<p>U\u017ebaigtas bok\u0161tas atrodo fenomenaliai &#8211; tarsi septyni\u0173 sluoksni\u0173 pyragas, kurio kiekvienas sluoksnis yra skirtingos spalvos ir skonio (\u0161iuo atveju &#8211; tekst\u016bros!).<\/p>\n<p>\u017daisdami su d\u0117lion\u0117mis teigiamai paveiksite daugel\u012f savo vaiko \u012fg\u016bd\u017ei\u0173, \u012fskaitant:<\/p>\n<p>rank\u0173 darbo \u012fg\u016bd\u017eius &#8211; keldamas, perkeldamas ir d\u0117liodamas apvalias kalad\u0117les ma\u017eylis lavins smulki\u0105j\u0105 motorik\u0105 ir ma\u017e\u0173j\u0173 pir\u0161tuk\u0173 tikslum\u0105. Be to, \u017eaisdamas vaikas lavins aki\u0173 ir rank\u0173 koordinacij\u0105.<br \/>K\u016brybi\u0161kumas &#8211; ry\u0161kios spalvos, \u012fdomios tekst\u016bros ir ma\u017ei rutuliukai vieno i\u0161 apskritim\u0173 centre puikiai veikia k\u016bdikio poj\u016b\u010dius &#8211; reg\u0105, klaus\u0105 ir lyt\u0117jim\u0105 &#8211; ir skatina k\u016brybin\u012f m\u0105stym\u0105.<br \/>Kritinis m\u0105stymas &#8211; \u017eaislo d\u0117ka ma\u017eylis i\u0161moks nauding\u0173 problem\u0173 sprendimo \u012fg\u016bd\u017ei\u0173. Kai bok\u0161to statyti nepavyks, j\u016bs\u0173 vaikas gal\u0117s bandyti daug kart\u0173, o tai mokys j\u012f savaranki\u0161kumo ir i\u0161radingumo.<\/p>\n<p>Spalv\u0173 diferencijavimas ir \u012fvardijimas &#8211; septyni skirting\u0173 spalv\u0173 apskritimai bus puiki proga prad\u0117ti mokytis diferencijuoti ir \u012fvardyti pagrindines spalvas.<\/p>\n<p>Apskritimai yra pakankamai dideli, tod\u0117l su \u017eaislu gali \u017eaisti net vieneri\u0173 met\u0173 am\u017eiaus vaikai.<\/p>\n<p>Kiekviena spalvotos piramid\u0117s dalis pagaminta i\u0161 patvaraus plastiko. Be to, kalad\u0117li\u0173 apdaila lygi, be a\u0161tri\u0173 briaun\u0173, tod\u0117l su jomis saugu \u017eaisti!<\/p>\n<p>Spalvinga piramid\u0117 bus puiki dovana bet kuriam nuotyki\u0173 i\u0161tro\u0161kusiam vaikui!<\/p>\n<p>\u00a0<\/p>\n<p>Technin\u0117s specifikacijos:<\/p>\n<p>Plastikas: plastikas<br \/>Element\u0173 skai\u010dius: 7<br \/>Vartotojo am\u017eius: 10 men: 12m+<\/p>\n<p>Matmenys: 12-12 m., 12-12 m., 12-12 m., 12-12 m:<\/p>\n<p>Did\u017eiausias blokas (skersmuo): Dydis (skersmuo (cm): 14<br \/>Pastatomas bok\u0161tas: 14,5 cm x 14 cm<br \/>Pakuot\u0117: 15 cm x 24 cm x 15 cm<\/p>\n<p>Gaminys supakuotas \u012f kartonin\u0119 d\u0117\u017eut\u0119 su langeliu.<\/p>","protected":false},"excerpt":{"rendered":"<p>EDUKACINIS PIRAMID\u0116S BOK\u0160TAS SENSORIN\u0116 D\u0116LION\u0116 SPALVINGA MONTESSORI \u00a0 Didelis, spalvingas, sensorinis ir edukacinis &#8211; tai tik kelios pateikto bok\u0161to savyb\u0117s! O kai su visomis jomis susipa\u017einsite, tikrai \u012fsitikinsite, kad tai puikus \u017eaislas j\u016bs\u0173 ma\u017eyliui! Septyni dideli blokai gali b\u016bti sudedami vienas ant kito ir taip sukuriama \u012fsp\u016bdinga piramid\u0117! Kiekviena kalad\u0117l\u0117 yra skirtingos spalvos ir skirtingos [&hellip;]<\/p>","protected":false},"featured_media":16112,"template":"","meta":{"iawp_total_views":74},"product_cat":[92,84,91,86,49,39],"product_tag":[95,96,97,94],"class_list":{"0":"post-16111","1":"product","2":"type-product","3":"status-publish","4":"has-post-thumbnail","6":"product_cat-deliones","7":"product_cat-lavinamieji-zaislai","8":"product_cat-loginiam-mastymui","9":"product_cat-smulkioji-motorika","10":"product_cat-visi-zaislai","11":"product_cat-zaislai","12":"product_tag-1-m-2-m","13":"product_tag-2-m-3-m","14":"product_tag-3-m-4-m","15":"product_tag-iki-1-m","17":"first","18":"instock","19":"taxable","20":"shipping-taxable","21":"purchasable","22":"product-type-simple"},"yoast_head":"<!-- This site is optimized with the Yoast SEO plugin v23.3 - https:\/\/yoast.com\/wordpress\/plugins\/seo\/ -->\n<title>Sensorin\u0117 piramid\u0117 - Montessori \u017eaislai<\/title>\n<meta name=\"robots\" content=\"noindex, follow, max-snippet:-1, max-image-preview:large, max-video-preview:-1\" \/>\n<meta property=\"og:locale\" content=\"en_US\" \/>\n<meta property=\"og:type\" content=\"article\" \/>\n<meta property=\"og:title\" content=\"Sensorin\u0117 piramid\u0117 - Montessori \u017eaislai\" \/>\n<meta property=\"og:description\" content=\"EDUKACINIS PIRAMID\u0116S BOK\u0160TAS SENSORIN\u0116 D\u0116LION\u0116 SPALVINGA MONTESSORI \u00a0 Didelis, spalvingas, sensorinis ir edukacinis &#8211; tai tik kelios pateikto bok\u0161to savyb\u0117s! O kai su visomis jomis susipa\u017einsite, tikrai \u012fsitikinsite, kad tai puikus \u017eaislas j\u016bs\u0173 ma\u017eyliui! Septyni dideli blokai gali b\u016bti sudedami vienas ant kito ir taip sukuriama \u012fsp\u016bdinga piramid\u0117! Kiekviena kalad\u0117l\u0117 yra skirtingos spalvos ir skirtingos [&hellip;]\" \/>\n<meta property=\"og:url\" content=\"https:\/\/dev.monti.lt\/en\/product\/sensorine-piramide\/\" \/>\n<meta property=\"og:site_name\" content=\"Montessori \u017eaislai\" \/>\n<meta property=\"article:modified_time\" content=\"2024-10-08T10:08:33+00:00\" \/>\n<meta property=\"og:image\" content=\"https:\/\/dev.monti.lt\/wp-content\/uploads\/2023\/07\/Pyramid-tower-educational-sensory-puzzle-colorful-Montessori-119963.jpg\" \/>\n\t<meta property=\"og:image:width\" content=\"800\" \/>\n\t<meta property=\"og:image:height\" content=\"800\" \/>\n\t<meta property=\"og:image:type\" content=\"image\/jpeg\" \/>\n<meta name=\"twitter:card\" content=\"summary_large_image\" \/>\n<script type=\"application\/ld+json\" class=\"yoast-schema-graph\">{\"@context\":\"https:\/\/schema.org\",\"@graph\":[{\"@type\":\"WebPage\",\"@id\":\"https:\/\/dev.monti.lt\/product\/sensorine-piramide\/\",\"url\":\"https:\/\/dev.monti.lt\/product\/sensorine-piramide\/\",\"name\":\"Sensorin\u0117 piramid\u0117 - Montessori \u017eaislai\",\"isPartOf\":{\"@id\":\"https:\/\/dev.monti.lt\/#website\"},\"primaryImageOfPage\":{\"@id\":\"https:\/\/dev.monti.lt\/product\/sensorine-piramide\/#primaryimage\"},\"image\":{\"@id\":\"https:\/\/dev.monti.lt\/product\/sensorine-piramide\/#primaryimage\"},\"thumbnailUrl\":\"https:\/\/dev.monti.lt\/wp-content\/uploads\/2023\/07\/Pyramid-tower-educational-sensory-puzzle-colorful-Montessori-119963.jpg\",\"datePublished\":\"2023-07-14T11:43:10+00:00\",\"dateModified\":\"2024-10-08T10:08:33+00:00\",\"breadcrumb\":{\"@id\":\"https:\/\/dev.monti.lt\/product\/sensorine-piramide\/#breadcrumb\"},\"inLanguage\":\"en-US\",\"potentialAction\":[{\"@type\":\"ReadAction\",\"target\":[\"https:\/\/dev.monti.lt\/product\/sensorine-piramide\/\"]}]},{\"@type\":\"ImageObject\",\"inLanguage\":\"en-US\",\"@id\":\"https:\/\/dev.monti.lt\/product\/sensorine-piramide\/#primaryimage\",\"url\":\"https:\/\/dev.monti.lt\/wp-content\/uploads\/2023\/07\/Pyramid-tower-educational-sensory-puzzle-colorful-Montessori-119963.jpg\",\"contentUrl\":\"https:\/\/dev.monti.lt\/wp-content\/uploads\/2023\/07\/Pyramid-tower-educational-sensory-puzzle-colorful-Montessori-119963.jpg\",\"width\":800,\"height\":800},{\"@type\":\"BreadcrumbList\",\"@id\":\"https:\/\/dev.monti.lt\/product\/sensorine-piramide\/#breadcrumb\",\"itemListElement\":[{\"@type\":\"ListItem\",\"position\":1,\"name\":\"Home\",\"item\":\"https:\/\/dev.monti.lt\/\"},{\"@type\":\"ListItem\",\"position\":2,\"name\":\"Parduotuv\u0117\",\"item\":\"https:\/\/dev.monti.lt\/shop\/\"},{\"@type\":\"ListItem\",\"position\":3,\"name\":\"Sensorin\u0117 piramid\u0117\"}]},{\"@type\":\"WebSite\",\"@id\":\"https:\/\/dev.monti.lt\/#website\",\"url\":\"https:\/\/dev.monti.lt\/\",\"name\":\"Montessori \u017eaislai\",\"description\":\"\",\"publisher\":{\"@id\":\"https:\/\/dev.monti.lt\/#organization\"},\"potentialAction\":[{\"@type\":\"SearchAction\",\"target\":{\"@type\":\"EntryPoint\",\"urlTemplate\":\"https:\/\/dev.monti.lt\/?s={search_term_string}\"},\"query-input\":\"required name=search_term_string\"}],\"inLanguage\":\"en-US\"},{\"@type\":\"Organization\",\"@id\":\"https:\/\/dev.monti.lt\/#organization\",\"name\":\"Montessori \u017eaislai\",\"url\":\"https:\/\/dev.monti.lt\/\",\"logo\":{\"@type\":\"ImageObject\",\"inLanguage\":\"en-US\",\"@id\":\"https:\/\/dev.monti.lt\/#\/schema\/logo\/image\/\",\"url\":\"https:\/\/dev.monti.lt\/wp-content\/uploads\/2022\/03\/montilogo-1.png\",\"contentUrl\":\"https:\/\/dev.monti.lt\/wp-content\/uploads\/2022\/03\/montilogo-1.png\",\"width\":512,\"height\":512,\"caption\":\"Montessori \u017eaislai\"},\"image\":{\"@id\":\"https:\/\/dev.monti.lt\/#\/schema\/logo\/image\/\"}}]}<\/script>\n<!-- \/ Yoast SEO plugin. -->","yoast_head_json":{"title":"Sensorin\u0117 piramid\u0117 - Montessori \u017eaislai","robots":{"index":"noindex","follow":"follow","max-snippet":"max-snippet:-1","max-image-preview":"max-image-preview:large","max-video-preview":"max-video-preview:-1"},"og_locale":"en_US","og_type":"article","og_title":"Sensorin\u0117 piramid\u0117 - Montessori \u017eaislai","og_description":"EDUKACINIS PIRAMID\u0116S BOK\u0160TAS SENSORIN\u0116 D\u0116LION\u0116 SPALVINGA MONTESSORI \u00a0 Didelis, spalvingas, sensorinis ir edukacinis &#8211; tai tik kelios pateikto bok\u0161to savyb\u0117s! O kai su visomis jomis susipa\u017einsite, tikrai \u012fsitikinsite, kad tai puikus \u017eaislas j\u016bs\u0173 ma\u017eyliui! Septyni dideli blokai gali b\u016bti sudedami vienas ant kito ir taip sukuriama \u012fsp\u016bdinga piramid\u0117! Kiekviena kalad\u0117l\u0117 yra skirtingos spalvos ir skirtingos [&hellip;]","og_url":"https:\/\/dev.monti.lt\/en\/product\/sensorine-piramide\/","og_site_name":"Montessori \u017eaislai","article_modified_time":"2024-10-08T10:08:33+00:00","og_image":[{"width":800,"height":800,"url":"https:\/\/dev.monti.lt\/wp-content\/uploads\/2023\/07\/Pyramid-tower-educational-sensory-puzzle-colorful-Montessori-119963.jpg","type":"image\/jpeg"}],"twitter_card":"summary_large_image","schema":{"@context":"https:\/\/schema.org","@graph":[{"@type":"WebPage","@id":"https:\/\/dev.monti.lt\/product\/sensorine-piramide\/","url":"https:\/\/dev.monti.lt\/product\/sensorine-piramide\/","name":"Sensorin\u0117 piramid\u0117 - Montessori \u017eaislai","isPartOf":{"@id":"https:\/\/dev.monti.lt\/#website"},"primaryImageOfPage":{"@id":"https:\/\/dev.monti.lt\/product\/sensorine-piramide\/#primaryimage"},"image":{"@id":"https:\/\/dev.monti.lt\/product\/sensorine-piramide\/#primaryimage"},"thumbnailUrl":"https:\/\/dev.monti.lt\/wp-content\/uploads\/2023\/07\/Pyramid-tower-educational-sensory-puzzle-colorful-Montessori-119963.jpg","datePublished":"2023-07-14T11:43:10+00:00","dateModified":"2024-10-08T10:08:33+00:00","breadcrumb":{"@id":"https:\/\/dev.monti.lt\/product\/sensorine-piramide\/#breadcrumb"},"inLanguage":"en-US","potentialAction":[{"@type":"ReadAction","target":["https:\/\/dev.monti.lt\/product\/sensorine-piramide\/"]}]},{"@type":"ImageObject","inLanguage":"en-US","@id":"https:\/\/dev.monti.lt\/product\/sensorine-piramide\/#primaryimage","url":"https:\/\/dev.monti.lt\/wp-content\/uploads\/2023\/07\/Pyramid-tower-educational-sensory-puzzle-colorful-Montessori-119963.jpg","contentUrl":"https:\/\/dev.monti.lt\/wp-content\/uploads\/2023\/07\/Pyramid-tower-educational-sensory-puzzle-colorful-Montessori-119963.jpg","width":800,"height":800},{"@type":"BreadcrumbList","@id":"https:\/\/dev.monti.lt\/product\/sensorine-piramide\/#breadcrumb","itemListElement":[{"@type":"ListItem","position":1,"name":"Home","item":"https:\/\/dev.monti.lt\/"},{"@type":"ListItem","position":2,"name":"Parduotuv\u0117","item":"https:\/\/dev.monti.lt\/shop\/"},{"@type":"ListItem","position":3,"name":"Sensorin\u0117 piramid\u0117"}]},{"@type":"WebSite","@id":"https:\/\/dev.monti.lt\/#website","url":"https:\/\/dev.monti.lt\/","name":"Montessori \u017eaislai","description":"","publisher":{"@id":"https:\/\/dev.monti.lt\/#organization"},"potentialAction":[{"@type":"SearchAction","target":{"@type":"EntryPoint","urlTemplate":"https:\/\/dev.monti.lt\/?s={search_term_string}"},"query-input":"required name=search_term_string"}],"inLanguage":"en-US"},{"@type":"Organization","@id":"https:\/\/dev.monti.lt\/#organization","name":"Montessori \u017eaislai","url":"https:\/\/dev.monti.lt\/","logo":{"@type":"ImageObject","inLanguage":"en-US","@id":"https:\/\/dev.monti.lt\/#\/schema\/logo\/image\/","url":"https:\/\/dev.monti.lt\/wp-content\/uploads\/2022\/03\/montilogo-1.png","contentUrl":"https:\/\/dev.monti.lt\/wp-content\/uploads\/2022\/03\/montilogo-1.png","width":512,"height":512,"caption":"Montessori \u017eaislai"},"image":{"@id":"https:\/\/dev.monti.lt\/#\/schema\/logo\/image\/"}}]}},"_links":{"self":[{"href":"https:\/\/dev.monti.lt\/en\/wp-json\/wp\/v2\/product\/16111"}],"collection":[{"href":"https:\/\/dev.monti.lt\/en\/wp-json\/wp\/v2\/product"}],"about":[{"href":"https:\/\/dev.monti.lt\/en\/wp-json\/wp\/v2\/types\/product"}],"version-history":[{"count":2,"href":"https:\/\/dev.monti.lt\/en\/wp-json\/wp\/v2\/product\/16111\/revisions"}],"predecessor-version":[{"id":18057,"href":"https:\/\/dev.monti.lt\/en\/wp-json\/wp\/v2\/product\/16111\/revisions\/18057"}],"wp:featuredmedia":[{"embeddable":true,"href":"https:\/\/dev.monti.lt\/en\/wp-json\/wp\/v2\/media\/16112"}],"wp:attachment":[{"href":"https:\/\/dev.monti.lt\/en\/wp-json\/wp\/v2\/media?parent=16111"}],"wp:term":[{"taxonomy":"product_cat","embeddable":true,"href":"https:\/\/dev.monti.lt\/en\/wp-json\/wp\/v2\/product_cat?post=16111"},{"taxonomy":"product_tag","embeddable":true,"href":"https:\/\/dev.monti.lt\/en\/wp-json\/wp\/v2\/product_tag?post=16111"}],"curies":[{"name":"wp","href":"https:\/\/api.w.org\/{rel}","templated":true}]}}