{"id":16101,"date":"2023-07-14T10:38:30","date_gmt":"2023-07-14T10:38:30","guid":{"rendered":"https:\/\/dev.monti.lt\/?post_type=product&#038;p=16101"},"modified":"2024-10-08T10:08:51","modified_gmt":"2024-10-08T10:08:51","slug":"sviecianti-automobiliu-trasa-150-el","status":"publish","type":"product","link":"https:\/\/dev.monti.lt\/en\/product\/sviecianti-automobiliu-trasa-150-el\/","title":{"rendered":"\u0160vie\u010dianti automobili\u0173 tr\u0105sa, 150 el."},"content":{"rendered":"<p>\u0160VIE\u010cIANTIS LENKTYNI\u0172 TAKAS, KUR\u012e GALIMA SURINKTI I\u0160 150 ELEMENT\u0172<\/p>\n<p>I\u0161 144 plyt\u0173 rinkinio galite pastatyti fantasti\u0161k\u0105 366 cm ilgio lenktyni\u0173 tras\u0105. Ta\u010diau tai dar ne fantasti\u0161k\u0173 naujien\u0173 pabaiga! D\u0117l \u012fdomaus detali\u0173 jungimo b\u016bdo pastatyta trasa yra lanksti ir gali b\u016bti jungiama \u012fvairiausiais b\u016bdais. Kelias \u012f kaln\u0105? Staigus pos\u016bkis? Joki\u0173 problem\u0173.<\/p>\n<p>D\u0117l automobilyje esan\u010di\u0173 \u017eibint\u0173 \u017eaisti su trasa taip pat bus ka\u017ekas fantasti\u0161ko net ir nakt\u012f. Kai automobilis va\u017eiuos pastatyta trasa, jo \u017eibintai paliks \u0161vyt\u0117jim\u0105. O fluorescencin\u0117 trasa skleis \u0161velni\u0105 \u0161vies\u0105.<\/p>\n<p>Rinkinyje yra vienas automobilio pagrindas, ta\u010diau galima pasirinkti net du k\u0117bulus &#8211; taigi j\u016bs\u0173 vaikas gali greitai pakeisti automobilio i\u0161vaizd\u0105. Be to, pridedami lipdukai pad\u0117s automobiliui suteikti unikal\u0173 charakter\u012f.<\/p>\n<p>Automobilis puikiai prilimpa prie trasos &#8211; net va\u017eiuojant \u012f kaln\u0105! D\u0117l to trasa gali \u012fgauti daugyb\u0119 skirting\u0173 form\u0173, nes ma\u017eas, bet greitas automobilis tikrai perva\u017eiuos bet kok\u012f statin\u012f!<\/p>\n<p>Statydami tras\u0105 ne tik smagiai praleisite laik\u0105, bet ir lavinsite rank\u0173 darbo \u012fg\u016bd\u017eius &#8211; jungiant kalad\u0117les prireiks tiksli\u0173 pir\u0161t\u0173 ir geros akies-rankos koordinacijos.<\/p>\n<p>Pagrindin\u0117s automobili\u0173 trasos savyb\u0117s:<\/p>\n<p>144 keturi\u0173 spalv\u0173 fig\u016br\u0117l\u0117s, i\u0161 kuri\u0173 galima suformuoti automobili\u0173 tras\u0105<br \/>Akumuliatorinis automobilis su kei\u010diamu dviej\u0173 spalv\u0173 (oran\u017ein\u0117s ir m\u0117lynos) k\u0117bulu<br \/>\u012edomus b\u016bdas sujungti elementus, kad b\u016bt\u0173 galima sukurti lanks\u010di\u0105 tras\u0105<br \/>\u012emontuoti automobilio \u017eibintai ir fluorescenciniai elementai leid\u017eia \u017eaisti net nakt\u012f<br \/>Automobilis va\u017eiuoja \u012f kaln\u0105 ir net auk\u0161tyn kojomis nei\u0161krisdamas i\u0161 trasos<\/p>\n<p>Nor\u0117dami sukurti ilgesnes ir dar \u012fsp\u016bdingesnes trasas, rekomenduojame sujungti kelis rinkinius.<\/p>\n<p>Automobili\u0173 trasa bus puiki dovana visiems ma\u017eiesiems automobili\u0173 gerb\u0117jams! Ji suteiks daug d\u017eiaugsmo tiek vaikams, tiek j\u0173 t\u0117veliams!<\/p>\n<p>\u00a0<\/p>\n<p>Rinkinio turinys:<\/p>\n<p>Kalad\u0117l\u0117s trasai statyti x144<br \/>Automobilio pagrindas<br \/>Automobilio k\u0117bulas x2<br \/>Akumuliatorius<br \/>USB laidas<br \/>Lipdukai<\/p>\n<p>Technin\u0117s specifikacijos:<\/p>\n<p>Plastikas: plastikas, elektroniniai komponentai<br \/>Am\u017eius: 3+<br \/>Element\u0173 skai\u010dius: 150<br \/>Maitinimo \u0161altinis: 3,7 V \u012fkraunamas akumuliatorius (\u012feina \u012f komplekt\u0105)<\/p>\n<p>Matmenys: 3,5 mm, 3,5 mm, 3,5 mm:<\/p>\n<p>Blokas: 8,3 cm x 3,5 cm x 2 cm<br \/>Automobilis: 10 cm x 8 cm x 7,5 cm<br \/>Ratai: 4 cm.<br \/>Pastatytas b\u0117gi\u0173 kelias (ilgis): Kelio ilgis (ilgis (ilgis) 366 cm)<br \/>Pakuot\u0117: 41,7 cm x 31 cm x 7 cm<\/p>\n<p>Gaminys supakuotas \u012f kartonin\u0119 pakuot\u0119.<\/p>","protected":false},"excerpt":{"rendered":"<p>\u0160VIE\u010cIANTIS LENKTYNI\u0172 TAKAS, KUR\u012e GALIMA SURINKTI I\u0160 150 ELEMENT\u0172 I\u0161 144 plyt\u0173 rinkinio galite pastatyti fantasti\u0161k\u0105 366 cm ilgio lenktyni\u0173 tras\u0105. Ta\u010diau tai dar ne fantasti\u0161k\u0173 naujien\u0173 pabaiga! D\u0117l \u012fdomaus detali\u0173 jungimo b\u016bdo pastatyta trasa yra lanksti ir gali b\u016bti jungiama \u012fvairiausiais b\u016bdais. Kelias \u012f kaln\u0105? Staigus pos\u016bkis? Joki\u0173 problem\u0173. D\u0117l automobilyje esan\u010di\u0173 \u017eibint\u0173 \u017eaisti [&hellip;]<\/p>","protected":false},"featured_media":16102,"template":"","meta":{"iawp_total_views":53},"product_cat":[195,197,191,192,84,90,93,202,49,39,215],"product_tag":[96,97,98,99],"class_list":{"0":"post-16101","1":"product","2":"type-product","3":"status-publish","4":"has-post-thumbnail","6":"product_cat-dovanos-vaikams-3-4-metu","7":"product_cat-dovanos-berniukams","8":"product_cat-dovanos-vaikams","9":"product_cat-kaledines-dovanos-vaikams","10":"product_cat-lavinamieji-zaislai","11":"product_cat-pasaulio-pazinimas","12":"product_cat-vaidmenu-zaidimai","13":"product_cat-vaaikiski-konstruktoriai","14":"product_cat-visi-zaislai","15":"product_cat-zaislai","16":"product_cat-zaislai-berniukams","17":"product_tag-2-m-3-m","18":"product_tag-3-m-4-m","19":"product_tag-5-m-7-m","20":"product_tag-8-m-11-m","22":"first","23":"instock","24":"taxable","25":"shipping-taxable","26":"purchasable","27":"product-type-simple"},"yoast_head":"<!-- This site is optimized with the Yoast SEO plugin v23.3 - https:\/\/yoast.com\/wordpress\/plugins\/seo\/ -->\n<title>\u0160vie\u010dianti automobili\u0173 tr\u0105sa, 150 el. - Montessori \u017eaislai<\/title>\n<meta name=\"robots\" content=\"noindex, follow, max-snippet:-1, max-image-preview:large, max-video-preview:-1\" \/>\n<meta property=\"og:locale\" content=\"en_US\" \/>\n<meta property=\"og:type\" content=\"article\" \/>\n<meta property=\"og:title\" content=\"\u0160vie\u010dianti automobili\u0173 tr\u0105sa, 150 el. - Montessori \u017eaislai\" \/>\n<meta property=\"og:description\" content=\"\u0160VIE\u010cIANTIS LENKTYNI\u0172 TAKAS, KUR\u012e GALIMA SURINKTI I\u0160 150 ELEMENT\u0172 I\u0161 144 plyt\u0173 rinkinio galite pastatyti fantasti\u0161k\u0105 366 cm ilgio lenktyni\u0173 tras\u0105. Ta\u010diau tai dar ne fantasti\u0161k\u0173 naujien\u0173 pabaiga! D\u0117l \u012fdomaus detali\u0173 jungimo b\u016bdo pastatyta trasa yra lanksti ir gali b\u016bti jungiama \u012fvairiausiais b\u016bdais. Kelias \u012f kaln\u0105? Staigus pos\u016bkis? Joki\u0173 problem\u0173. D\u0117l automobilyje esan\u010di\u0173 \u017eibint\u0173 \u017eaisti [&hellip;]\" \/>\n<meta property=\"og:url\" content=\"https:\/\/dev.monti.lt\/en\/product\/sviecianti-automobiliu-trasa-150-el\/\" \/>\n<meta property=\"og:site_name\" content=\"Montessori \u017eaislai\" \/>\n<meta property=\"article:modified_time\" content=\"2024-10-08T10:08:51+00:00\" \/>\n<meta property=\"og:image\" content=\"https:\/\/dev.monti.lt\/wp-content\/uploads\/2023\/07\/Luminous-track-to-assemble-with-car-150-el-111957.jpg\" \/>\n\t<meta property=\"og:image:width\" content=\"724\" \/>\n\t<meta property=\"og:image:height\" content=\"504\" \/>\n\t<meta property=\"og:image:type\" content=\"image\/jpeg\" \/>\n<meta name=\"twitter:card\" content=\"summary_large_image\" \/>\n<script type=\"application\/ld+json\" class=\"yoast-schema-graph\">{\"@context\":\"https:\/\/schema.org\",\"@graph\":[{\"@type\":\"WebPage\",\"@id\":\"https:\/\/dev.monti.lt\/product\/sviecianti-automobiliu-trasa-150-el\/\",\"url\":\"https:\/\/dev.monti.lt\/product\/sviecianti-automobiliu-trasa-150-el\/\",\"name\":\"\u0160vie\u010dianti automobili\u0173 tr\u0105sa, 150 el. - Montessori \u017eaislai\",\"isPartOf\":{\"@id\":\"https:\/\/dev.monti.lt\/#website\"},\"primaryImageOfPage\":{\"@id\":\"https:\/\/dev.monti.lt\/product\/sviecianti-automobiliu-trasa-150-el\/#primaryimage\"},\"image\":{\"@id\":\"https:\/\/dev.monti.lt\/product\/sviecianti-automobiliu-trasa-150-el\/#primaryimage\"},\"thumbnailUrl\":\"https:\/\/dev.monti.lt\/wp-content\/uploads\/2023\/07\/Luminous-track-to-assemble-with-car-150-el-111957.jpg\",\"datePublished\":\"2023-07-14T10:38:30+00:00\",\"dateModified\":\"2024-10-08T10:08:51+00:00\",\"breadcrumb\":{\"@id\":\"https:\/\/dev.monti.lt\/product\/sviecianti-automobiliu-trasa-150-el\/#breadcrumb\"},\"inLanguage\":\"en-US\",\"potentialAction\":[{\"@type\":\"ReadAction\",\"target\":[\"https:\/\/dev.monti.lt\/product\/sviecianti-automobiliu-trasa-150-el\/\"]}]},{\"@type\":\"ImageObject\",\"inLanguage\":\"en-US\",\"@id\":\"https:\/\/dev.monti.lt\/product\/sviecianti-automobiliu-trasa-150-el\/#primaryimage\",\"url\":\"https:\/\/dev.monti.lt\/wp-content\/uploads\/2023\/07\/Luminous-track-to-assemble-with-car-150-el-111957.jpg\",\"contentUrl\":\"https:\/\/dev.monti.lt\/wp-content\/uploads\/2023\/07\/Luminous-track-to-assemble-with-car-150-el-111957.jpg\",\"width\":724,\"height\":504},{\"@type\":\"BreadcrumbList\",\"@id\":\"https:\/\/dev.monti.lt\/product\/sviecianti-automobiliu-trasa-150-el\/#breadcrumb\",\"itemListElement\":[{\"@type\":\"ListItem\",\"position\":1,\"name\":\"Home\",\"item\":\"https:\/\/dev.monti.lt\/\"},{\"@type\":\"ListItem\",\"position\":2,\"name\":\"Parduotuv\u0117\",\"item\":\"https:\/\/dev.monti.lt\/shop\/\"},{\"@type\":\"ListItem\",\"position\":3,\"name\":\"\u0160vie\u010dianti automobili\u0173 tr\u0105sa, 150 el.\"}]},{\"@type\":\"WebSite\",\"@id\":\"https:\/\/dev.monti.lt\/#website\",\"url\":\"https:\/\/dev.monti.lt\/\",\"name\":\"Montessori \u017eaislai\",\"description\":\"\",\"publisher\":{\"@id\":\"https:\/\/dev.monti.lt\/#organization\"},\"potentialAction\":[{\"@type\":\"SearchAction\",\"target\":{\"@type\":\"EntryPoint\",\"urlTemplate\":\"https:\/\/dev.monti.lt\/?s={search_term_string}\"},\"query-input\":\"required name=search_term_string\"}],\"inLanguage\":\"en-US\"},{\"@type\":\"Organization\",\"@id\":\"https:\/\/dev.monti.lt\/#organization\",\"name\":\"Montessori \u017eaislai\",\"url\":\"https:\/\/dev.monti.lt\/\",\"logo\":{\"@type\":\"ImageObject\",\"inLanguage\":\"en-US\",\"@id\":\"https:\/\/dev.monti.lt\/#\/schema\/logo\/image\/\",\"url\":\"https:\/\/dev.monti.lt\/wp-content\/uploads\/2022\/03\/montilogo-1.png\",\"contentUrl\":\"https:\/\/dev.monti.lt\/wp-content\/uploads\/2022\/03\/montilogo-1.png\",\"width\":512,\"height\":512,\"caption\":\"Montessori \u017eaislai\"},\"image\":{\"@id\":\"https:\/\/dev.monti.lt\/#\/schema\/logo\/image\/\"}}]}<\/script>\n<!-- \/ Yoast SEO plugin. -->","yoast_head_json":{"title":"\u0160vie\u010dianti automobili\u0173 tr\u0105sa, 150 el. - Montessori \u017eaislai","robots":{"index":"noindex","follow":"follow","max-snippet":"max-snippet:-1","max-image-preview":"max-image-preview:large","max-video-preview":"max-video-preview:-1"},"og_locale":"en_US","og_type":"article","og_title":"\u0160vie\u010dianti automobili\u0173 tr\u0105sa, 150 el. - Montessori \u017eaislai","og_description":"\u0160VIE\u010cIANTIS LENKTYNI\u0172 TAKAS, KUR\u012e GALIMA SURINKTI I\u0160 150 ELEMENT\u0172 I\u0161 144 plyt\u0173 rinkinio galite pastatyti fantasti\u0161k\u0105 366 cm ilgio lenktyni\u0173 tras\u0105. Ta\u010diau tai dar ne fantasti\u0161k\u0173 naujien\u0173 pabaiga! D\u0117l \u012fdomaus detali\u0173 jungimo b\u016bdo pastatyta trasa yra lanksti ir gali b\u016bti jungiama \u012fvairiausiais b\u016bdais. Kelias \u012f kaln\u0105? Staigus pos\u016bkis? Joki\u0173 problem\u0173. D\u0117l automobilyje esan\u010di\u0173 \u017eibint\u0173 \u017eaisti [&hellip;]","og_url":"https:\/\/dev.monti.lt\/en\/product\/sviecianti-automobiliu-trasa-150-el\/","og_site_name":"Montessori \u017eaislai","article_modified_time":"2024-10-08T10:08:51+00:00","og_image":[{"width":724,"height":504,"url":"https:\/\/dev.monti.lt\/wp-content\/uploads\/2023\/07\/Luminous-track-to-assemble-with-car-150-el-111957.jpg","type":"image\/jpeg"}],"twitter_card":"summary_large_image","schema":{"@context":"https:\/\/schema.org","@graph":[{"@type":"WebPage","@id":"https:\/\/dev.monti.lt\/product\/sviecianti-automobiliu-trasa-150-el\/","url":"https:\/\/dev.monti.lt\/product\/sviecianti-automobiliu-trasa-150-el\/","name":"\u0160vie\u010dianti automobili\u0173 tr\u0105sa, 150 el. - Montessori \u017eaislai","isPartOf":{"@id":"https:\/\/dev.monti.lt\/#website"},"primaryImageOfPage":{"@id":"https:\/\/dev.monti.lt\/product\/sviecianti-automobiliu-trasa-150-el\/#primaryimage"},"image":{"@id":"https:\/\/dev.monti.lt\/product\/sviecianti-automobiliu-trasa-150-el\/#primaryimage"},"thumbnailUrl":"https:\/\/dev.monti.lt\/wp-content\/uploads\/2023\/07\/Luminous-track-to-assemble-with-car-150-el-111957.jpg","datePublished":"2023-07-14T10:38:30+00:00","dateModified":"2024-10-08T10:08:51+00:00","breadcrumb":{"@id":"https:\/\/dev.monti.lt\/product\/sviecianti-automobiliu-trasa-150-el\/#breadcrumb"},"inLanguage":"en-US","potentialAction":[{"@type":"ReadAction","target":["https:\/\/dev.monti.lt\/product\/sviecianti-automobiliu-trasa-150-el\/"]}]},{"@type":"ImageObject","inLanguage":"en-US","@id":"https:\/\/dev.monti.lt\/product\/sviecianti-automobiliu-trasa-150-el\/#primaryimage","url":"https:\/\/dev.monti.lt\/wp-content\/uploads\/2023\/07\/Luminous-track-to-assemble-with-car-150-el-111957.jpg","contentUrl":"https:\/\/dev.monti.lt\/wp-content\/uploads\/2023\/07\/Luminous-track-to-assemble-with-car-150-el-111957.jpg","width":724,"height":504},{"@type":"BreadcrumbList","@id":"https:\/\/dev.monti.lt\/product\/sviecianti-automobiliu-trasa-150-el\/#breadcrumb","itemListElement":[{"@type":"ListItem","position":1,"name":"Home","item":"https:\/\/dev.monti.lt\/"},{"@type":"ListItem","position":2,"name":"Parduotuv\u0117","item":"https:\/\/dev.monti.lt\/shop\/"},{"@type":"ListItem","position":3,"name":"\u0160vie\u010dianti automobili\u0173 tr\u0105sa, 150 el."}]},{"@type":"WebSite","@id":"https:\/\/dev.monti.lt\/#website","url":"https:\/\/dev.monti.lt\/","name":"Montessori \u017eaislai","description":"","publisher":{"@id":"https:\/\/dev.monti.lt\/#organization"},"potentialAction":[{"@type":"SearchAction","target":{"@type":"EntryPoint","urlTemplate":"https:\/\/dev.monti.lt\/?s={search_term_string}"},"query-input":"required name=search_term_string"}],"inLanguage":"en-US"},{"@type":"Organization","@id":"https:\/\/dev.monti.lt\/#organization","name":"Montessori \u017eaislai","url":"https:\/\/dev.monti.lt\/","logo":{"@type":"ImageObject","inLanguage":"en-US","@id":"https:\/\/dev.monti.lt\/#\/schema\/logo\/image\/","url":"https:\/\/dev.monti.lt\/wp-content\/uploads\/2022\/03\/montilogo-1.png","contentUrl":"https:\/\/dev.monti.lt\/wp-content\/uploads\/2022\/03\/montilogo-1.png","width":512,"height":512,"caption":"Montessori \u017eaislai"},"image":{"@id":"https:\/\/dev.monti.lt\/#\/schema\/logo\/image\/"}}]}},"_links":{"self":[{"href":"https:\/\/dev.monti.lt\/en\/wp-json\/wp\/v2\/product\/16101"}],"collection":[{"href":"https:\/\/dev.monti.lt\/en\/wp-json\/wp\/v2\/product"}],"about":[{"href":"https:\/\/dev.monti.lt\/en\/wp-json\/wp\/v2\/types\/product"}],"version-history":[{"count":2,"href":"https:\/\/dev.monti.lt\/en\/wp-json\/wp\/v2\/product\/16101\/revisions"}],"predecessor-version":[{"id":18058,"href":"https:\/\/dev.monti.lt\/en\/wp-json\/wp\/v2\/product\/16101\/revisions\/18058"}],"wp:featuredmedia":[{"embeddable":true,"href":"https:\/\/dev.monti.lt\/en\/wp-json\/wp\/v2\/media\/16102"}],"wp:attachment":[{"href":"https:\/\/dev.monti.lt\/en\/wp-json\/wp\/v2\/media?parent=16101"}],"wp:term":[{"taxonomy":"product_cat","embeddable":true,"href":"https:\/\/dev.monti.lt\/en\/wp-json\/wp\/v2\/product_cat?post=16101"},{"taxonomy":"product_tag","embeddable":true,"href":"https:\/\/dev.monti.lt\/en\/wp-json\/wp\/v2\/product_tag?post=16101"}],"curies":[{"name":"wp","href":"https:\/\/api.w.org\/{rel}","templated":true}]}}