{"id":16094,"date":"2023-07-14T10:27:37","date_gmt":"2023-07-14T10:27:37","guid":{"rendered":"https:\/\/dev.monti.lt\/?post_type=product&#038;p=16094"},"modified":"2024-10-08T10:09:14","modified_gmt":"2024-10-08T10:09:14","slug":"silikonine-naktine-lempute-meska","status":"publish","type":"product","link":"https:\/\/dev.monti.lt\/en\/product\/silikonine-naktine-lempute-meska\/","title":{"rendered":"Silikonin\u0117 naktin\u0117 lemput\u0117 &#8220;Me\u0161ka&#8221;"},"content":{"rendered":"<p>Kiekvienas vaikas nusipelno kambario, kuriame gal\u0117t\u0173 atsipalaiduoti ir gerai praleisti laik\u0105. Norint tai pasiekti, tikrai pravers tinkamas ap\u0161vietimas. Naktin\u0117 lempa tikrai pad\u0117s sukurti stebukling\u0105 atmosfer\u0105!<\/p>\n<p>\u0160uniuko formos naktin\u0117 lemput\u0117 &#8211; tai gaminys, kuris \u012f j\u016bs\u0173 vaiko kambar\u012f \u012fne\u0161 \u0161iek tiek pasaki\u0161kos atmosferos, nes \u0161vie\u010dia skirtingomis spalvomis, kurios kei\u010diasi kas kelias sekundes. \u012evairiomis spalvomis \u0161vie\u010diantis \u0161uniukas tikrai prad\u017eiugins j\u016bs\u0173 ma\u017eyl\u012f!<\/p>\n<p>\u0160uns lempa taip pat neabejotinai bus labai naudinga nakt\u012f. Paliktas nuolatin\u0117s \u0161viesos re\u017eimu, jis \u0161velniai \u0161vie\u010dia, taip nuramindamas tamsos bijant\u012f vaik\u0105.<\/p>\n<p>Naudojant \u0161viesos diodus lempa taupiai naudoja energij\u0105, o d\u0117l \u012fmontuoto \u012fkraunamo akumuliatoriaus ji taip pat yra labai prakti\u0161ka. Nereikia r\u016bpintis, kad nereik\u0117t\u0173 keisti baterij\u0173 ar nuolat b\u016bti prijungtam prie elektros tinklo. Pridedamas USB laidas, skirtas \u0161viestuvui \u012fkrauti.<\/p>\n<p>\u0160vies\u0105 \u012fjungti ir perjungti re\u017eimus galima lie\u010diant. Tai rei\u0161kia, kad j\u016bs\u0173 vaikas netur\u0117s joki\u0173 problem\u0173 j\u0105 valdyti ir lengvai \u012fjungs net vidury nakties, kai prireiks \u0161iek tiek \u0161viesos.<\/p>\n<p>\u0160velni \u0161uns skleid\u017eiama \u0161viesa sukurs jauki\u0105 atmosfer\u0105 kambaryje ir pad\u0117s lengvai u\u017emigti.<\/p>\n<p>\u0160velni \u0161uns skleid\u017eiama \u0161viesa sukurs jauki\u0105 atmosfer\u0105 kambaryje ir pad\u0117s lengvai u\u017emigti.<\/p>\n<p>Naktin\u0117 lempa visi\u0161kai saugi vaikams &#8211; net ir patiems ma\u017eiausiems. U\u017eapvalint\u0173 kra\u0161t\u0173 nebuvimas ir mink\u0161tas plastikas yra vieni i\u0161 daugelio \u0161io gaminio privalum\u0173.<\/p>\n<p>Pagrindin\u0117s naktin\u0117s lemput\u0117s savyb\u0117s:<\/p>\n<p>Mielos konstrukcijos<br \/>Mink\u0161tas ir malonus silikonas<br \/>Saugi med\u017eiaga<br \/>Du ap\u0161vietimo re\u017eimai<br \/>Valdymas lie\u010diant<br \/>\u012emontuota \u012fkraunama baterija<\/p>\n<p>\u00a0<\/p>\n<p>Rinkinio turinys:<\/p>\n<p>LED \u017eibintas \u0161unims<br \/>C tipo USB laidas<\/p>\n<p>Technin\u0117s specifikacijos:<\/p>\n<p>Plastikas: ABS + silikonas<br \/>Maitinimo \u0161altinis: \u012fmontuota \u012fkraunama 1200 mAh baterija<br \/>\u012ekrovimas: 5 V USB prievadas<br \/>\u012ekrovimo trukm\u0117: ma\u017edaug 3 valandos<br \/>Veikimo laikas, kai visi\u0161kai \u012fkrautas: apie 11 val.<br \/>\u0160viesos diod\u0173 skai\u010dius: 8<br \/>Galingumas: 1,5 W<br \/>\u0160viesos re\u017eimai: \u0160viesos re\u017eimas: 2 (nuolatin\u0117 \u0161viesa ir kintan\u010dios spalvos)<\/p>\n<p>Matmenys:<\/p>\n<p>\u0160uniuk\u0173 lempa: 11 cm x 14 cm x 10 cm<br \/>USB laidas: 81,5 cm<br \/>Pakuot\u0117: 11,5 cm x 15 cm x 11 cm<\/p>\n<p>Gaminys supakuotas \u012f kartonin\u0119 d\u0117\u017eut\u0119.<\/p>","protected":false},"excerpt":{"rendered":"<p>Kiekvienas vaikas nusipelno kambario, kuriame gal\u0117t\u0173 atsipalaiduoti ir gerai praleisti laik\u0105. Norint tai pasiekti, tikrai pravers tinkamas ap\u0161vietimas. Naktin\u0117 lempa tikrai pad\u0117s sukurti stebukling\u0105 atmosfer\u0105! \u0160uniuko formos naktin\u0117 lemput\u0117 &#8211; tai gaminys, kuris \u012f j\u016bs\u0173 vaiko kambar\u012f \u012fne\u0161 \u0161iek tiek pasaki\u0161kos atmosferos, nes \u0161vie\u010dia skirtingomis spalvomis, kurios kei\u010diasi kas kelias sekundes. \u012evairiomis spalvomis \u0161vie\u010diantis \u0161uniukas [&hellip;]<\/p>","protected":false},"featured_media":16095,"template":"","meta":{"iawp_total_views":66},"product_cat":[213,200,82,192,81,39,201],"product_tag":[95,96,97,98,99,94],"class_list":{"0":"post-16094","1":"product","2":"type-product","3":"status-publish","4":"has-post-thumbnail","6":"product_cat-akcija","7":"product_cat-dovanos-kudikiams","8":"product_cat-ispardavimas","9":"product_cat-kaledines-dovanos-vaikams","10":"product_cat-kiti-zaislai","11":"product_cat-zaislai","12":"product_cat-zaislai-kelioneje","13":"product_tag-1-m-2-m","14":"product_tag-2-m-3-m","15":"product_tag-3-m-4-m","16":"product_tag-5-m-7-m","17":"product_tag-8-m-11-m","18":"product_tag-iki-1-m","20":"first","21":"instock","22":"sale","23":"taxable","24":"shipping-taxable","25":"purchasable","26":"product-type-simple"},"yoast_head":"<!-- This site is optimized with the Yoast SEO plugin v23.3 - https:\/\/yoast.com\/wordpress\/plugins\/seo\/ -->\n<title>Silikonin\u0117 naktin\u0117 lemput\u0117 &quot;Me\u0161ka&quot; - Montessori \u017eaislai<\/title>\n<meta name=\"robots\" content=\"noindex, follow, max-snippet:-1, max-image-preview:large, max-video-preview:-1\" \/>\n<meta property=\"og:locale\" content=\"en_US\" \/>\n<meta property=\"og:type\" content=\"article\" \/>\n<meta property=\"og:title\" content=\"Silikonin\u0117 naktin\u0117 lemput\u0117 &quot;Me\u0161ka&quot; - Montessori \u017eaislai\" \/>\n<meta property=\"og:description\" content=\"Kiekvienas vaikas nusipelno kambario, kuriame gal\u0117t\u0173 atsipalaiduoti ir gerai praleisti laik\u0105. Norint tai pasiekti, tikrai pravers tinkamas ap\u0161vietimas. Naktin\u0117 lempa tikrai pad\u0117s sukurti stebukling\u0105 atmosfer\u0105! \u0160uniuko formos naktin\u0117 lemput\u0117 &#8211; tai gaminys, kuris \u012f j\u016bs\u0173 vaiko kambar\u012f \u012fne\u0161 \u0161iek tiek pasaki\u0161kos atmosferos, nes \u0161vie\u010dia skirtingomis spalvomis, kurios kei\u010diasi kas kelias sekundes. \u012evairiomis spalvomis \u0161vie\u010diantis \u0161uniukas [&hellip;]\" \/>\n<meta property=\"og:url\" content=\"https:\/\/dev.monti.lt\/en\/product\/silikonine-naktine-lempute-meska\/\" \/>\n<meta property=\"og:site_name\" content=\"Montessori \u017eaislai\" \/>\n<meta property=\"article:modified_time\" content=\"2024-10-08T10:09:14+00:00\" \/>\n<meta property=\"og:image\" content=\"https:\/\/dev.monti.lt\/wp-content\/uploads\/2023\/07\/Silicone-night-light-white-doggie-119809.jpg\" \/>\n\t<meta property=\"og:image:width\" content=\"1024\" \/>\n\t<meta property=\"og:image:height\" content=\"1024\" \/>\n\t<meta property=\"og:image:type\" content=\"image\/jpeg\" \/>\n<meta name=\"twitter:card\" content=\"summary_large_image\" \/>\n<script type=\"application\/ld+json\" class=\"yoast-schema-graph\">{\"@context\":\"https:\/\/schema.org\",\"@graph\":[{\"@type\":\"WebPage\",\"@id\":\"https:\/\/dev.monti.lt\/product\/silikonine-naktine-lempute-meska\/\",\"url\":\"https:\/\/dev.monti.lt\/product\/silikonine-naktine-lempute-meska\/\",\"name\":\"Silikonin\u0117 naktin\u0117 lemput\u0117 \\\"Me\u0161ka\\\" - Montessori \u017eaislai\",\"isPartOf\":{\"@id\":\"https:\/\/dev.monti.lt\/#website\"},\"primaryImageOfPage\":{\"@id\":\"https:\/\/dev.monti.lt\/product\/silikonine-naktine-lempute-meska\/#primaryimage\"},\"image\":{\"@id\":\"https:\/\/dev.monti.lt\/product\/silikonine-naktine-lempute-meska\/#primaryimage\"},\"thumbnailUrl\":\"https:\/\/dev.monti.lt\/wp-content\/uploads\/2023\/07\/Silicone-night-light-white-doggie-119809.jpg\",\"datePublished\":\"2023-07-14T10:27:37+00:00\",\"dateModified\":\"2024-10-08T10:09:14+00:00\",\"breadcrumb\":{\"@id\":\"https:\/\/dev.monti.lt\/product\/silikonine-naktine-lempute-meska\/#breadcrumb\"},\"inLanguage\":\"en-US\",\"potentialAction\":[{\"@type\":\"ReadAction\",\"target\":[\"https:\/\/dev.monti.lt\/product\/silikonine-naktine-lempute-meska\/\"]}]},{\"@type\":\"ImageObject\",\"inLanguage\":\"en-US\",\"@id\":\"https:\/\/dev.monti.lt\/product\/silikonine-naktine-lempute-meska\/#primaryimage\",\"url\":\"https:\/\/dev.monti.lt\/wp-content\/uploads\/2023\/07\/Silicone-night-light-white-doggie-119809.jpg\",\"contentUrl\":\"https:\/\/dev.monti.lt\/wp-content\/uploads\/2023\/07\/Silicone-night-light-white-doggie-119809.jpg\",\"width\":1024,\"height\":1024},{\"@type\":\"BreadcrumbList\",\"@id\":\"https:\/\/dev.monti.lt\/product\/silikonine-naktine-lempute-meska\/#breadcrumb\",\"itemListElement\":[{\"@type\":\"ListItem\",\"position\":1,\"name\":\"Home\",\"item\":\"https:\/\/dev.monti.lt\/\"},{\"@type\":\"ListItem\",\"position\":2,\"name\":\"Parduotuv\u0117\",\"item\":\"https:\/\/dev.monti.lt\/shop\/\"},{\"@type\":\"ListItem\",\"position\":3,\"name\":\"Silikonin\u0117 naktin\u0117 lemput\u0117 &#8220;Me\u0161ka&#8221;\"}]},{\"@type\":\"WebSite\",\"@id\":\"https:\/\/dev.monti.lt\/#website\",\"url\":\"https:\/\/dev.monti.lt\/\",\"name\":\"Montessori \u017eaislai\",\"description\":\"\",\"publisher\":{\"@id\":\"https:\/\/dev.monti.lt\/#organization\"},\"potentialAction\":[{\"@type\":\"SearchAction\",\"target\":{\"@type\":\"EntryPoint\",\"urlTemplate\":\"https:\/\/dev.monti.lt\/?s={search_term_string}\"},\"query-input\":\"required name=search_term_string\"}],\"inLanguage\":\"en-US\"},{\"@type\":\"Organization\",\"@id\":\"https:\/\/dev.monti.lt\/#organization\",\"name\":\"Montessori \u017eaislai\",\"url\":\"https:\/\/dev.monti.lt\/\",\"logo\":{\"@type\":\"ImageObject\",\"inLanguage\":\"en-US\",\"@id\":\"https:\/\/dev.monti.lt\/#\/schema\/logo\/image\/\",\"url\":\"https:\/\/dev.monti.lt\/wp-content\/uploads\/2022\/03\/montilogo-1.png\",\"contentUrl\":\"https:\/\/dev.monti.lt\/wp-content\/uploads\/2022\/03\/montilogo-1.png\",\"width\":512,\"height\":512,\"caption\":\"Montessori \u017eaislai\"},\"image\":{\"@id\":\"https:\/\/dev.monti.lt\/#\/schema\/logo\/image\/\"}}]}<\/script>\n<!-- \/ Yoast SEO plugin. -->","yoast_head_json":{"title":"Silikonin\u0117 naktin\u0117 lemput\u0117 \"Me\u0161ka\" - Montessori \u017eaislai","robots":{"index":"noindex","follow":"follow","max-snippet":"max-snippet:-1","max-image-preview":"max-image-preview:large","max-video-preview":"max-video-preview:-1"},"og_locale":"en_US","og_type":"article","og_title":"Silikonin\u0117 naktin\u0117 lemput\u0117 \"Me\u0161ka\" - Montessori \u017eaislai","og_description":"Kiekvienas vaikas nusipelno kambario, kuriame gal\u0117t\u0173 atsipalaiduoti ir gerai praleisti laik\u0105. Norint tai pasiekti, tikrai pravers tinkamas ap\u0161vietimas. Naktin\u0117 lempa tikrai pad\u0117s sukurti stebukling\u0105 atmosfer\u0105! \u0160uniuko formos naktin\u0117 lemput\u0117 &#8211; tai gaminys, kuris \u012f j\u016bs\u0173 vaiko kambar\u012f \u012fne\u0161 \u0161iek tiek pasaki\u0161kos atmosferos, nes \u0161vie\u010dia skirtingomis spalvomis, kurios kei\u010diasi kas kelias sekundes. \u012evairiomis spalvomis \u0161vie\u010diantis \u0161uniukas [&hellip;]","og_url":"https:\/\/dev.monti.lt\/en\/product\/silikonine-naktine-lempute-meska\/","og_site_name":"Montessori \u017eaislai","article_modified_time":"2024-10-08T10:09:14+00:00","og_image":[{"width":1024,"height":1024,"url":"https:\/\/dev.monti.lt\/wp-content\/uploads\/2023\/07\/Silicone-night-light-white-doggie-119809.jpg","type":"image\/jpeg"}],"twitter_card":"summary_large_image","schema":{"@context":"https:\/\/schema.org","@graph":[{"@type":"WebPage","@id":"https:\/\/dev.monti.lt\/product\/silikonine-naktine-lempute-meska\/","url":"https:\/\/dev.monti.lt\/product\/silikonine-naktine-lempute-meska\/","name":"Silikonin\u0117 naktin\u0117 lemput\u0117 \"Me\u0161ka\" - Montessori \u017eaislai","isPartOf":{"@id":"https:\/\/dev.monti.lt\/#website"},"primaryImageOfPage":{"@id":"https:\/\/dev.monti.lt\/product\/silikonine-naktine-lempute-meska\/#primaryimage"},"image":{"@id":"https:\/\/dev.monti.lt\/product\/silikonine-naktine-lempute-meska\/#primaryimage"},"thumbnailUrl":"https:\/\/dev.monti.lt\/wp-content\/uploads\/2023\/07\/Silicone-night-light-white-doggie-119809.jpg","datePublished":"2023-07-14T10:27:37+00:00","dateModified":"2024-10-08T10:09:14+00:00","breadcrumb":{"@id":"https:\/\/dev.monti.lt\/product\/silikonine-naktine-lempute-meska\/#breadcrumb"},"inLanguage":"en-US","potentialAction":[{"@type":"ReadAction","target":["https:\/\/dev.monti.lt\/product\/silikonine-naktine-lempute-meska\/"]}]},{"@type":"ImageObject","inLanguage":"en-US","@id":"https:\/\/dev.monti.lt\/product\/silikonine-naktine-lempute-meska\/#primaryimage","url":"https:\/\/dev.monti.lt\/wp-content\/uploads\/2023\/07\/Silicone-night-light-white-doggie-119809.jpg","contentUrl":"https:\/\/dev.monti.lt\/wp-content\/uploads\/2023\/07\/Silicone-night-light-white-doggie-119809.jpg","width":1024,"height":1024},{"@type":"BreadcrumbList","@id":"https:\/\/dev.monti.lt\/product\/silikonine-naktine-lempute-meska\/#breadcrumb","itemListElement":[{"@type":"ListItem","position":1,"name":"Home","item":"https:\/\/dev.monti.lt\/"},{"@type":"ListItem","position":2,"name":"Parduotuv\u0117","item":"https:\/\/dev.monti.lt\/shop\/"},{"@type":"ListItem","position":3,"name":"Silikonin\u0117 naktin\u0117 lemput\u0117 &#8220;Me\u0161ka&#8221;"}]},{"@type":"WebSite","@id":"https:\/\/dev.monti.lt\/#website","url":"https:\/\/dev.monti.lt\/","name":"Montessori \u017eaislai","description":"","publisher":{"@id":"https:\/\/dev.monti.lt\/#organization"},"potentialAction":[{"@type":"SearchAction","target":{"@type":"EntryPoint","urlTemplate":"https:\/\/dev.monti.lt\/?s={search_term_string}"},"query-input":"required name=search_term_string"}],"inLanguage":"en-US"},{"@type":"Organization","@id":"https:\/\/dev.monti.lt\/#organization","name":"Montessori \u017eaislai","url":"https:\/\/dev.monti.lt\/","logo":{"@type":"ImageObject","inLanguage":"en-US","@id":"https:\/\/dev.monti.lt\/#\/schema\/logo\/image\/","url":"https:\/\/dev.monti.lt\/wp-content\/uploads\/2022\/03\/montilogo-1.png","contentUrl":"https:\/\/dev.monti.lt\/wp-content\/uploads\/2022\/03\/montilogo-1.png","width":512,"height":512,"caption":"Montessori \u017eaislai"},"image":{"@id":"https:\/\/dev.monti.lt\/#\/schema\/logo\/image\/"}}]}},"_links":{"self":[{"href":"https:\/\/dev.monti.lt\/en\/wp-json\/wp\/v2\/product\/16094"}],"collection":[{"href":"https:\/\/dev.monti.lt\/en\/wp-json\/wp\/v2\/product"}],"about":[{"href":"https:\/\/dev.monti.lt\/en\/wp-json\/wp\/v2\/types\/product"}],"version-history":[{"count":2,"href":"https:\/\/dev.monti.lt\/en\/wp-json\/wp\/v2\/product\/16094\/revisions"}],"predecessor-version":[{"id":18059,"href":"https:\/\/dev.monti.lt\/en\/wp-json\/wp\/v2\/product\/16094\/revisions\/18059"}],"wp:featuredmedia":[{"embeddable":true,"href":"https:\/\/dev.monti.lt\/en\/wp-json\/wp\/v2\/media\/16095"}],"wp:attachment":[{"href":"https:\/\/dev.monti.lt\/en\/wp-json\/wp\/v2\/media?parent=16094"}],"wp:term":[{"taxonomy":"product_cat","embeddable":true,"href":"https:\/\/dev.monti.lt\/en\/wp-json\/wp\/v2\/product_cat?post=16094"},{"taxonomy":"product_tag","embeddable":true,"href":"https:\/\/dev.monti.lt\/en\/wp-json\/wp\/v2\/product_tag?post=16094"}],"curies":[{"name":"wp","href":"https:\/\/api.w.org\/{rel}","templated":true}]}}