{"id":16050,"date":"2023-07-13T09:13:24","date_gmt":"2023-07-13T09:13:24","guid":{"rendered":"https:\/\/dev.monti.lt\/?post_type=product&#038;p=16050"},"modified":"2024-10-08T09:31:41","modified_gmt":"2024-10-08T09:31:41","slug":"classic-world-medinis-verimo-zaidimas-mirko-gyvunai","status":"publish","type":"product","link":"https:\/\/dev.monti.lt\/en\/product\/classic-world-medinis-verimo-zaidimas-mirko-gyvunai\/","title":{"rendered":"CLASSIC WORLD Medinis v\u0117rimo \u017eaidimas &#8220;Mi\u0161ko gyv\u016bnai&#8221;"},"content":{"rendered":"","protected":false},"excerpt":{"rendered":"","protected":false},"featured_media":16051,"template":"","meta":{"iawp_total_views":195},"product_cat":[92,82,84,102,83,86,49,39],"product_tag":[96,97,98],"class_list":{"0":"post-16050","1":"product","2":"type-product","3":"status-publish","4":"has-post-thumbnail","6":"product_cat-deliones","7":"product_cat-ispardavimas","8":"product_cat-lavinamieji-zaislai","9":"product_cat-mediniai-zaislai","10":"product_cat-montessori-zaislai","11":"product_cat-smulkioji-motorika","12":"product_cat-visi-zaislai","13":"product_cat-zaislai","14":"product_tag-2-m-3-m","15":"product_tag-3-m-4-m","16":"product_tag-5-m-7-m","18":"first","19":"instock","20":"sale","21":"taxable","22":"shipping-taxable","23":"purchasable","24":"product-type-simple"},"yoast_head":"<!-- This site is optimized with the Yoast SEO plugin v23.3 - https:\/\/yoast.com\/wordpress\/plugins\/seo\/ -->\n<title>CLASSIC WORLD Medinis v\u0117rimo \u017eaidimas &quot;Mi\u0161ko gyv\u016bnai&quot; - Montessori \u017eaislai<\/title>\n<meta name=\"robots\" content=\"noindex, follow, max-snippet:-1, max-image-preview:large, max-video-preview:-1\" \/>\n<meta property=\"og:locale\" content=\"en_US\" \/>\n<meta property=\"og:type\" content=\"article\" \/>\n<meta property=\"og:title\" content=\"CLASSIC WORLD Medinis v\u0117rimo \u017eaidimas &quot;Mi\u0161ko gyv\u016bnai&quot; - Montessori \u017eaislai\" \/>\n<meta property=\"og:url\" content=\"https:\/\/dev.monti.lt\/en\/product\/classic-world-medinis-verimo-zaidimas-mirko-gyvunai\/\" \/>\n<meta property=\"og:site_name\" content=\"Montessori \u017eaislai\" \/>\n<meta property=\"article:modified_time\" content=\"2024-10-08T09:31:41+00:00\" \/>\n<meta property=\"og:image\" content=\"https:\/\/dev.monti.lt\/wp-content\/uploads\/2023\/07\/classic-world-drewniane-klocki-do-nawlekania-zwierzeta-lesne-13-el.jpg\" \/>\n\t<meta property=\"og:image:width\" content=\"800\" \/>\n\t<meta property=\"og:image:height\" content=\"800\" \/>\n\t<meta property=\"og:image:type\" content=\"image\/jpeg\" \/>\n<meta name=\"twitter:card\" content=\"summary_large_image\" \/>\n<script type=\"application\/ld+json\" class=\"yoast-schema-graph\">{\"@context\":\"https:\/\/schema.org\",\"@graph\":[{\"@type\":\"WebPage\",\"@id\":\"https:\/\/dev.monti.lt\/product\/classic-world-medinis-verimo-zaidimas-mirko-gyvunai\/\",\"url\":\"https:\/\/dev.monti.lt\/product\/classic-world-medinis-verimo-zaidimas-mirko-gyvunai\/\",\"name\":\"CLASSIC WORLD Medinis v\u0117rimo \u017eaidimas \\\"Mi\u0161ko gyv\u016bnai\\\" - Montessori \u017eaislai\",\"isPartOf\":{\"@id\":\"https:\/\/dev.monti.lt\/#website\"},\"primaryImageOfPage\":{\"@id\":\"https:\/\/dev.monti.lt\/product\/classic-world-medinis-verimo-zaidimas-mirko-gyvunai\/#primaryimage\"},\"image\":{\"@id\":\"https:\/\/dev.monti.lt\/product\/classic-world-medinis-verimo-zaidimas-mirko-gyvunai\/#primaryimage\"},\"thumbnailUrl\":\"https:\/\/dev.monti.lt\/wp-content\/uploads\/2023\/07\/classic-world-drewniane-klocki-do-nawlekania-zwierzeta-lesne-13-el.jpg\",\"datePublished\":\"2023-07-13T09:13:24+00:00\",\"dateModified\":\"2024-10-08T09:31:41+00:00\",\"breadcrumb\":{\"@id\":\"https:\/\/dev.monti.lt\/product\/classic-world-medinis-verimo-zaidimas-mirko-gyvunai\/#breadcrumb\"},\"inLanguage\":\"en-US\",\"potentialAction\":[{\"@type\":\"ReadAction\",\"target\":[\"https:\/\/dev.monti.lt\/product\/classic-world-medinis-verimo-zaidimas-mirko-gyvunai\/\"]}]},{\"@type\":\"ImageObject\",\"inLanguage\":\"en-US\",\"@id\":\"https:\/\/dev.monti.lt\/product\/classic-world-medinis-verimo-zaidimas-mirko-gyvunai\/#primaryimage\",\"url\":\"https:\/\/dev.monti.lt\/wp-content\/uploads\/2023\/07\/classic-world-drewniane-klocki-do-nawlekania-zwierzeta-lesne-13-el.jpg\",\"contentUrl\":\"https:\/\/dev.monti.lt\/wp-content\/uploads\/2023\/07\/classic-world-drewniane-klocki-do-nawlekania-zwierzeta-lesne-13-el.jpg\",\"width\":800,\"height\":800},{\"@type\":\"BreadcrumbList\",\"@id\":\"https:\/\/dev.monti.lt\/product\/classic-world-medinis-verimo-zaidimas-mirko-gyvunai\/#breadcrumb\",\"itemListElement\":[{\"@type\":\"ListItem\",\"position\":1,\"name\":\"Home\",\"item\":\"https:\/\/dev.monti.lt\/\"},{\"@type\":\"ListItem\",\"position\":2,\"name\":\"Parduotuv\u0117\",\"item\":\"https:\/\/dev.monti.lt\/shop\/\"},{\"@type\":\"ListItem\",\"position\":3,\"name\":\"CLASSIC WORLD Medinis v\u0117rimo \u017eaidimas &#8220;Mi\u0161ko gyv\u016bnai&#8221;\"}]},{\"@type\":\"WebSite\",\"@id\":\"https:\/\/dev.monti.lt\/#website\",\"url\":\"https:\/\/dev.monti.lt\/\",\"name\":\"Montessori \u017eaislai\",\"description\":\"\",\"publisher\":{\"@id\":\"https:\/\/dev.monti.lt\/#organization\"},\"potentialAction\":[{\"@type\":\"SearchAction\",\"target\":{\"@type\":\"EntryPoint\",\"urlTemplate\":\"https:\/\/dev.monti.lt\/?s={search_term_string}\"},\"query-input\":\"required name=search_term_string\"}],\"inLanguage\":\"en-US\"},{\"@type\":\"Organization\",\"@id\":\"https:\/\/dev.monti.lt\/#organization\",\"name\":\"Montessori \u017eaislai\",\"url\":\"https:\/\/dev.monti.lt\/\",\"logo\":{\"@type\":\"ImageObject\",\"inLanguage\":\"en-US\",\"@id\":\"https:\/\/dev.monti.lt\/#\/schema\/logo\/image\/\",\"url\":\"https:\/\/dev.monti.lt\/wp-content\/uploads\/2022\/03\/montilogo-1.png\",\"contentUrl\":\"https:\/\/dev.monti.lt\/wp-content\/uploads\/2022\/03\/montilogo-1.png\",\"width\":512,\"height\":512,\"caption\":\"Montessori \u017eaislai\"},\"image\":{\"@id\":\"https:\/\/dev.monti.lt\/#\/schema\/logo\/image\/\"}}]}<\/script>\n<!-- \/ Yoast SEO plugin. -->","yoast_head_json":{"title":"CLASSIC WORLD Medinis v\u0117rimo \u017eaidimas \"Mi\u0161ko gyv\u016bnai\" - Montessori \u017eaislai","robots":{"index":"noindex","follow":"follow","max-snippet":"max-snippet:-1","max-image-preview":"max-image-preview:large","max-video-preview":"max-video-preview:-1"},"og_locale":"en_US","og_type":"article","og_title":"CLASSIC WORLD Medinis v\u0117rimo \u017eaidimas \"Mi\u0161ko gyv\u016bnai\" - Montessori \u017eaislai","og_url":"https:\/\/dev.monti.lt\/en\/product\/classic-world-medinis-verimo-zaidimas-mirko-gyvunai\/","og_site_name":"Montessori \u017eaislai","article_modified_time":"2024-10-08T09:31:41+00:00","og_image":[{"width":800,"height":800,"url":"https:\/\/dev.monti.lt\/wp-content\/uploads\/2023\/07\/classic-world-drewniane-klocki-do-nawlekania-zwierzeta-lesne-13-el.jpg","type":"image\/jpeg"}],"twitter_card":"summary_large_image","schema":{"@context":"https:\/\/schema.org","@graph":[{"@type":"WebPage","@id":"https:\/\/dev.monti.lt\/product\/classic-world-medinis-verimo-zaidimas-mirko-gyvunai\/","url":"https:\/\/dev.monti.lt\/product\/classic-world-medinis-verimo-zaidimas-mirko-gyvunai\/","name":"CLASSIC WORLD Medinis v\u0117rimo \u017eaidimas \"Mi\u0161ko gyv\u016bnai\" - Montessori \u017eaislai","isPartOf":{"@id":"https:\/\/dev.monti.lt\/#website"},"primaryImageOfPage":{"@id":"https:\/\/dev.monti.lt\/product\/classic-world-medinis-verimo-zaidimas-mirko-gyvunai\/#primaryimage"},"image":{"@id":"https:\/\/dev.monti.lt\/product\/classic-world-medinis-verimo-zaidimas-mirko-gyvunai\/#primaryimage"},"thumbnailUrl":"https:\/\/dev.monti.lt\/wp-content\/uploads\/2023\/07\/classic-world-drewniane-klocki-do-nawlekania-zwierzeta-lesne-13-el.jpg","datePublished":"2023-07-13T09:13:24+00:00","dateModified":"2024-10-08T09:31:41+00:00","breadcrumb":{"@id":"https:\/\/dev.monti.lt\/product\/classic-world-medinis-verimo-zaidimas-mirko-gyvunai\/#breadcrumb"},"inLanguage":"en-US","potentialAction":[{"@type":"ReadAction","target":["https:\/\/dev.monti.lt\/product\/classic-world-medinis-verimo-zaidimas-mirko-gyvunai\/"]}]},{"@type":"ImageObject","inLanguage":"en-US","@id":"https:\/\/dev.monti.lt\/product\/classic-world-medinis-verimo-zaidimas-mirko-gyvunai\/#primaryimage","url":"https:\/\/dev.monti.lt\/wp-content\/uploads\/2023\/07\/classic-world-drewniane-klocki-do-nawlekania-zwierzeta-lesne-13-el.jpg","contentUrl":"https:\/\/dev.monti.lt\/wp-content\/uploads\/2023\/07\/classic-world-drewniane-klocki-do-nawlekania-zwierzeta-lesne-13-el.jpg","width":800,"height":800},{"@type":"BreadcrumbList","@id":"https:\/\/dev.monti.lt\/product\/classic-world-medinis-verimo-zaidimas-mirko-gyvunai\/#breadcrumb","itemListElement":[{"@type":"ListItem","position":1,"name":"Home","item":"https:\/\/dev.monti.lt\/"},{"@type":"ListItem","position":2,"name":"Parduotuv\u0117","item":"https:\/\/dev.monti.lt\/shop\/"},{"@type":"ListItem","position":3,"name":"CLASSIC WORLD Medinis v\u0117rimo \u017eaidimas &#8220;Mi\u0161ko gyv\u016bnai&#8221;"}]},{"@type":"WebSite","@id":"https:\/\/dev.monti.lt\/#website","url":"https:\/\/dev.monti.lt\/","name":"Montessori \u017eaislai","description":"","publisher":{"@id":"https:\/\/dev.monti.lt\/#organization"},"potentialAction":[{"@type":"SearchAction","target":{"@type":"EntryPoint","urlTemplate":"https:\/\/dev.monti.lt\/?s={search_term_string}"},"query-input":"required name=search_term_string"}],"inLanguage":"en-US"},{"@type":"Organization","@id":"https:\/\/dev.monti.lt\/#organization","name":"Montessori \u017eaislai","url":"https:\/\/dev.monti.lt\/","logo":{"@type":"ImageObject","inLanguage":"en-US","@id":"https:\/\/dev.monti.lt\/#\/schema\/logo\/image\/","url":"https:\/\/dev.monti.lt\/wp-content\/uploads\/2022\/03\/montilogo-1.png","contentUrl":"https:\/\/dev.monti.lt\/wp-content\/uploads\/2022\/03\/montilogo-1.png","width":512,"height":512,"caption":"Montessori \u017eaislai"},"image":{"@id":"https:\/\/dev.monti.lt\/#\/schema\/logo\/image\/"}}]}},"_links":{"self":[{"href":"https:\/\/dev.monti.lt\/en\/wp-json\/wp\/v2\/product\/16050"}],"collection":[{"href":"https:\/\/dev.monti.lt\/en\/wp-json\/wp\/v2\/product"}],"about":[{"href":"https:\/\/dev.monti.lt\/en\/wp-json\/wp\/v2\/types\/product"}],"version-history":[{"count":2,"href":"https:\/\/dev.monti.lt\/en\/wp-json\/wp\/v2\/product\/16050\/revisions"}],"predecessor-version":[{"id":16058,"href":"https:\/\/dev.monti.lt\/en\/wp-json\/wp\/v2\/product\/16050\/revisions\/16058"}],"wp:featuredmedia":[{"embeddable":true,"href":"https:\/\/dev.monti.lt\/en\/wp-json\/wp\/v2\/media\/16051"}],"wp:attachment":[{"href":"https:\/\/dev.monti.lt\/en\/wp-json\/wp\/v2\/media?parent=16050"}],"wp:term":[{"taxonomy":"product_cat","embeddable":true,"href":"https:\/\/dev.monti.lt\/en\/wp-json\/wp\/v2\/product_cat?post=16050"},{"taxonomy":"product_tag","embeddable":true,"href":"https:\/\/dev.monti.lt\/en\/wp-json\/wp\/v2\/product_tag?post=16050"}],"curies":[{"name":"wp","href":"https:\/\/api.w.org\/{rel}","templated":true}]}}