{"id":15908,"date":"2023-07-04T08:43:41","date_gmt":"2023-07-04T08:43:41","guid":{"rendered":"https:\/\/dev.monti.lt\/?post_type=product&#038;p=15908"},"modified":"2024-07-23T16:31:23","modified_gmt":"2024-07-23T16:31:23","slug":"vonios-zaislas-ciuozykla","status":"publish","type":"product","link":"https:\/\/dev.monti.lt\/en\/product\/vonios-zaislas-ciuozykla\/","title":{"rendered":"Vonios \u017eaislas-\u010diuo\u017eykla"},"content":{"rendered":"<p>KLI\u016a\u010cI\u0172 RUO\u017dO VONIOS \u017dAISLAS<\/p>\n<p>Ahoy j\u016bros nuotykiai!<\/p>\n<p>Pasaki\u0161kai spalvingas kli\u016b\u010di\u0173 ruo\u017eas pupel\u0117ms ir kamuoliukams taps neatsiejama kiekvienos vonios dalimi.<\/p>\n<p>Vandens komanda visada pasiruo\u0161usi linksmyb\u0117ms!<\/p>\n<p>I\u0161klokite tras\u0105 ir pa\u017ei\u016br\u0117kite, kuri pupel\u0117 grei\u010diau ir geriau \u012fveiks tras\u0105.<\/p>\n<p>Rinkinyje yra viskas, ko reikia fanati\u0161koms linksmyb\u0117ms.<\/p>\n<p>Du mieli geltoni guminiai an\u010diukai, kurie turi pypkes, padarys \u017eaidim\u0105 \u012fdomesn\u012f.<\/p>\n<p>\u017daisle yra siurbtukai, kuriais bus lengva pritvirtinti tras\u0105 prie plyteli\u0173 ar vonios.<\/p>\n<p>Su \u0161iuo rinkiniu pramogos niekada nesibaigs!<\/p>\n<p>Sugalvokite \u012fvairi\u0173 kombinacij\u0173 ir sukurkite savo kli\u016b\u010di\u0173 ruo\u017e\u0105, kiekvien\u0105 kart\u0105 jis gali b\u016bti vis kitoks. Vienintel\u0117 riba &#8211; j\u016bs\u0173 vaizduot\u0117. Pa\u017ei\u016br\u0117kite, ar pupel\u0117s gali \u012fveikti bet koki\u0105 kli\u016bt\u012f.<\/p>\n<p>Puikus \u017eaislas, kuris ne tik skatina maudytis, bet ir palaiko sveik\u0105 vaiko vystym\u0105si.<\/p>\n<p>\u017daidimas su trasa skatina k\u016brybi\u0161kum\u0105, palaiko rank\u0173 darbo \u012fg\u016bd\u017ei\u0173 ir loginio m\u0105stymo vystym\u0105si.<\/p>\n<p>Ry\u0161kios, sodrios spalvos ir esteti\u0161kas atlikimas patrauks j\u016bs\u0173 vaiko d\u0117mes\u012f ir skatins \u017eaisti.<\/p>\n<p>Turinys<br \/>Elementai takui surinkti<br \/>3x kamuoliukai<br \/>3x pupel\u0117s<br \/>2x krumpliara\u010diai<br \/>2x guminiai an\u010diukai su girg\u017edikliu<br \/>13x siurbtukai<br \/>1x nusileidimo tinklas<br \/>Matmenys:<\/p>\n<p>Dir\u017eelio pavyzdys: 40 cm x 40 cm x 12 cm<br \/>An\u010di\u0173 pilvelis: 6 cm x 4,5 cm x 5 cm<br \/>Pa\u0117mimo \u012ftaisas: 15 cm x 9 cm<br \/>Pakuot\u0117s matmenys: 27cm x 25,5cm x 9cm<br \/>Supakuota \u012f kartonin\u0119 esteti\u0161k\u0105 d\u0117\u017eut\u0119.<\/p>","protected":false},"excerpt":{"rendered":"<p>KLI\u016a\u010cI\u0172 RUO\u017dO VONIOS \u017dAISLAS Ahoy j\u016bros nuotykiai! Pasaki\u0161kai spalvingas kli\u016b\u010di\u0173 ruo\u017eas pupel\u0117ms ir kamuoliukams taps neatsiejama kiekvienos vonios dalimi. Vandens komanda visada pasiruo\u0161usi linksmyb\u0117ms! I\u0161klokite tras\u0105 ir pa\u017ei\u016br\u0117kite, kuri pupel\u0117 grei\u010diau ir geriau \u012fveiks tras\u0105. Rinkinyje yra viskas, ko reikia fanati\u0161koms linksmyb\u0117ms. Du mieli geltoni guminiai an\u010diukai, kurie turi pypkes, padarys \u017eaidim\u0105 \u012fdomesn\u012f. \u017daisle yra [&hellip;]<\/p>","protected":false},"featured_media":15909,"template":"","meta":{"iawp_total_views":94},"product_cat":[190,90,49,39],"product_tag":[97],"class_list":{"0":"post-15908","1":"product","2":"type-product","3":"status-publish","4":"has-post-thumbnail","6":"product_cat-maudynems","7":"product_cat-pasaulio-pazinimas","8":"product_cat-visi-zaislai","9":"product_cat-zaislai","10":"product_tag-3-m-4-m","12":"first","13":"instock","14":"sale","15":"taxable","16":"shipping-taxable","17":"purchasable","18":"product-type-simple"},"yoast_head":"<!-- This site is optimized with the Yoast SEO plugin v23.3 - https:\/\/yoast.com\/wordpress\/plugins\/seo\/ -->\n<title>Vonios \u017eaislas-\u010diuo\u017eykla - Montessori \u017eaislai<\/title>\n<meta name=\"robots\" content=\"noindex, follow, max-snippet:-1, max-image-preview:large, max-video-preview:-1\" \/>\n<meta property=\"og:locale\" content=\"en_US\" \/>\n<meta property=\"og:type\" content=\"article\" \/>\n<meta property=\"og:title\" content=\"Vonios \u017eaislas-\u010diuo\u017eykla - Montessori \u017eaislai\" \/>\n<meta property=\"og:description\" content=\"KLI\u016a\u010cI\u0172 RUO\u017dO VONIOS \u017dAISLAS Ahoy j\u016bros nuotykiai! Pasaki\u0161kai spalvingas kli\u016b\u010di\u0173 ruo\u017eas pupel\u0117ms ir kamuoliukams taps neatsiejama kiekvienos vonios dalimi. Vandens komanda visada pasiruo\u0161usi linksmyb\u0117ms! I\u0161klokite tras\u0105 ir pa\u017ei\u016br\u0117kite, kuri pupel\u0117 grei\u010diau ir geriau \u012fveiks tras\u0105. Rinkinyje yra viskas, ko reikia fanati\u0161koms linksmyb\u0117ms. Du mieli geltoni guminiai an\u010diukai, kurie turi pypkes, padarys \u017eaidim\u0105 \u012fdomesn\u012f. \u017daisle yra [&hellip;]\" \/>\n<meta property=\"og:url\" content=\"https:\/\/dev.monti.lt\/en\/product\/vonios-zaislas-ciuozykla\/\" \/>\n<meta property=\"og:site_name\" content=\"Montessori \u017eaislai\" \/>\n<meta property=\"article:modified_time\" content=\"2024-07-23T16:31:23+00:00\" \/>\n<meta property=\"og:image\" content=\"https:\/\/dev.monti.lt\/wp-content\/uploads\/2023\/07\/Bath-toy-slide-waterway-accessories-90967.jpg\" \/>\n\t<meta property=\"og:image:width\" content=\"1600\" \/>\n\t<meta property=\"og:image:height\" content=\"1200\" \/>\n\t<meta property=\"og:image:type\" content=\"image\/jpeg\" \/>\n<meta name=\"twitter:card\" content=\"summary_large_image\" \/>\n<meta name=\"twitter:label1\" content=\"Est. reading time\" \/>\n\t<meta name=\"twitter:data1\" content=\"2 minutes\" \/>\n<script type=\"application\/ld+json\" class=\"yoast-schema-graph\">{\"@context\":\"https:\/\/schema.org\",\"@graph\":[{\"@type\":\"WebPage\",\"@id\":\"https:\/\/dev.monti.lt\/product\/vonios-zaislas-ciuozykla\/\",\"url\":\"https:\/\/dev.monti.lt\/product\/vonios-zaislas-ciuozykla\/\",\"name\":\"Vonios \u017eaislas-\u010diuo\u017eykla - Montessori \u017eaislai\",\"isPartOf\":{\"@id\":\"https:\/\/dev.monti.lt\/#website\"},\"primaryImageOfPage\":{\"@id\":\"https:\/\/dev.monti.lt\/product\/vonios-zaislas-ciuozykla\/#primaryimage\"},\"image\":{\"@id\":\"https:\/\/dev.monti.lt\/product\/vonios-zaislas-ciuozykla\/#primaryimage\"},\"thumbnailUrl\":\"https:\/\/dev.monti.lt\/wp-content\/uploads\/2023\/07\/Bath-toy-slide-waterway-accessories-90967.jpg\",\"datePublished\":\"2023-07-04T08:43:41+00:00\",\"dateModified\":\"2024-07-23T16:31:23+00:00\",\"breadcrumb\":{\"@id\":\"https:\/\/dev.monti.lt\/product\/vonios-zaislas-ciuozykla\/#breadcrumb\"},\"inLanguage\":\"en-US\",\"potentialAction\":[{\"@type\":\"ReadAction\",\"target\":[\"https:\/\/dev.monti.lt\/product\/vonios-zaislas-ciuozykla\/\"]}]},{\"@type\":\"ImageObject\",\"inLanguage\":\"en-US\",\"@id\":\"https:\/\/dev.monti.lt\/product\/vonios-zaislas-ciuozykla\/#primaryimage\",\"url\":\"https:\/\/dev.monti.lt\/wp-content\/uploads\/2023\/07\/Bath-toy-slide-waterway-accessories-90967.jpg\",\"contentUrl\":\"https:\/\/dev.monti.lt\/wp-content\/uploads\/2023\/07\/Bath-toy-slide-waterway-accessories-90967.jpg\",\"width\":1600,\"height\":1200,\"caption\":\"vonios \u017eaidimas\"},{\"@type\":\"BreadcrumbList\",\"@id\":\"https:\/\/dev.monti.lt\/product\/vonios-zaislas-ciuozykla\/#breadcrumb\",\"itemListElement\":[{\"@type\":\"ListItem\",\"position\":1,\"name\":\"Home\",\"item\":\"https:\/\/dev.monti.lt\/\"},{\"@type\":\"ListItem\",\"position\":2,\"name\":\"Parduotuv\u0117\",\"item\":\"https:\/\/dev.monti.lt\/shop\/\"},{\"@type\":\"ListItem\",\"position\":3,\"name\":\"Vonios \u017eaislas-\u010diuo\u017eykla\"}]},{\"@type\":\"WebSite\",\"@id\":\"https:\/\/dev.monti.lt\/#website\",\"url\":\"https:\/\/dev.monti.lt\/\",\"name\":\"Montessori \u017eaislai\",\"description\":\"\",\"publisher\":{\"@id\":\"https:\/\/dev.monti.lt\/#organization\"},\"potentialAction\":[{\"@type\":\"SearchAction\",\"target\":{\"@type\":\"EntryPoint\",\"urlTemplate\":\"https:\/\/dev.monti.lt\/?s={search_term_string}\"},\"query-input\":\"required name=search_term_string\"}],\"inLanguage\":\"en-US\"},{\"@type\":\"Organization\",\"@id\":\"https:\/\/dev.monti.lt\/#organization\",\"name\":\"Montessori \u017eaislai\",\"url\":\"https:\/\/dev.monti.lt\/\",\"logo\":{\"@type\":\"ImageObject\",\"inLanguage\":\"en-US\",\"@id\":\"https:\/\/dev.monti.lt\/#\/schema\/logo\/image\/\",\"url\":\"https:\/\/dev.monti.lt\/wp-content\/uploads\/2022\/03\/montilogo-1.png\",\"contentUrl\":\"https:\/\/dev.monti.lt\/wp-content\/uploads\/2022\/03\/montilogo-1.png\",\"width\":512,\"height\":512,\"caption\":\"Montessori \u017eaislai\"},\"image\":{\"@id\":\"https:\/\/dev.monti.lt\/#\/schema\/logo\/image\/\"}}]}<\/script>\n<!-- \/ Yoast SEO plugin. -->","yoast_head_json":{"title":"Vonios \u017eaislas-\u010diuo\u017eykla - Montessori \u017eaislai","robots":{"index":"noindex","follow":"follow","max-snippet":"max-snippet:-1","max-image-preview":"max-image-preview:large","max-video-preview":"max-video-preview:-1"},"og_locale":"en_US","og_type":"article","og_title":"Vonios \u017eaislas-\u010diuo\u017eykla - Montessori \u017eaislai","og_description":"KLI\u016a\u010cI\u0172 RUO\u017dO VONIOS \u017dAISLAS Ahoy j\u016bros nuotykiai! Pasaki\u0161kai spalvingas kli\u016b\u010di\u0173 ruo\u017eas pupel\u0117ms ir kamuoliukams taps neatsiejama kiekvienos vonios dalimi. Vandens komanda visada pasiruo\u0161usi linksmyb\u0117ms! I\u0161klokite tras\u0105 ir pa\u017ei\u016br\u0117kite, kuri pupel\u0117 grei\u010diau ir geriau \u012fveiks tras\u0105. Rinkinyje yra viskas, ko reikia fanati\u0161koms linksmyb\u0117ms. Du mieli geltoni guminiai an\u010diukai, kurie turi pypkes, padarys \u017eaidim\u0105 \u012fdomesn\u012f. \u017daisle yra [&hellip;]","og_url":"https:\/\/dev.monti.lt\/en\/product\/vonios-zaislas-ciuozykla\/","og_site_name":"Montessori \u017eaislai","article_modified_time":"2024-07-23T16:31:23+00:00","og_image":[{"width":1600,"height":1200,"url":"https:\/\/dev.monti.lt\/wp-content\/uploads\/2023\/07\/Bath-toy-slide-waterway-accessories-90967.jpg","type":"image\/jpeg"}],"twitter_card":"summary_large_image","twitter_misc":{"Est. reading time":"2 minutes"},"schema":{"@context":"https:\/\/schema.org","@graph":[{"@type":"WebPage","@id":"https:\/\/dev.monti.lt\/product\/vonios-zaislas-ciuozykla\/","url":"https:\/\/dev.monti.lt\/product\/vonios-zaislas-ciuozykla\/","name":"Vonios \u017eaislas-\u010diuo\u017eykla - Montessori \u017eaislai","isPartOf":{"@id":"https:\/\/dev.monti.lt\/#website"},"primaryImageOfPage":{"@id":"https:\/\/dev.monti.lt\/product\/vonios-zaislas-ciuozykla\/#primaryimage"},"image":{"@id":"https:\/\/dev.monti.lt\/product\/vonios-zaislas-ciuozykla\/#primaryimage"},"thumbnailUrl":"https:\/\/dev.monti.lt\/wp-content\/uploads\/2023\/07\/Bath-toy-slide-waterway-accessories-90967.jpg","datePublished":"2023-07-04T08:43:41+00:00","dateModified":"2024-07-23T16:31:23+00:00","breadcrumb":{"@id":"https:\/\/dev.monti.lt\/product\/vonios-zaislas-ciuozykla\/#breadcrumb"},"inLanguage":"en-US","potentialAction":[{"@type":"ReadAction","target":["https:\/\/dev.monti.lt\/product\/vonios-zaislas-ciuozykla\/"]}]},{"@type":"ImageObject","inLanguage":"en-US","@id":"https:\/\/dev.monti.lt\/product\/vonios-zaislas-ciuozykla\/#primaryimage","url":"https:\/\/dev.monti.lt\/wp-content\/uploads\/2023\/07\/Bath-toy-slide-waterway-accessories-90967.jpg","contentUrl":"https:\/\/dev.monti.lt\/wp-content\/uploads\/2023\/07\/Bath-toy-slide-waterway-accessories-90967.jpg","width":1600,"height":1200,"caption":"vonios \u017eaidimas"},{"@type":"BreadcrumbList","@id":"https:\/\/dev.monti.lt\/product\/vonios-zaislas-ciuozykla\/#breadcrumb","itemListElement":[{"@type":"ListItem","position":1,"name":"Home","item":"https:\/\/dev.monti.lt\/"},{"@type":"ListItem","position":2,"name":"Parduotuv\u0117","item":"https:\/\/dev.monti.lt\/shop\/"},{"@type":"ListItem","position":3,"name":"Vonios \u017eaislas-\u010diuo\u017eykla"}]},{"@type":"WebSite","@id":"https:\/\/dev.monti.lt\/#website","url":"https:\/\/dev.monti.lt\/","name":"Montessori \u017eaislai","description":"","publisher":{"@id":"https:\/\/dev.monti.lt\/#organization"},"potentialAction":[{"@type":"SearchAction","target":{"@type":"EntryPoint","urlTemplate":"https:\/\/dev.monti.lt\/?s={search_term_string}"},"query-input":"required name=search_term_string"}],"inLanguage":"en-US"},{"@type":"Organization","@id":"https:\/\/dev.monti.lt\/#organization","name":"Montessori \u017eaislai","url":"https:\/\/dev.monti.lt\/","logo":{"@type":"ImageObject","inLanguage":"en-US","@id":"https:\/\/dev.monti.lt\/#\/schema\/logo\/image\/","url":"https:\/\/dev.monti.lt\/wp-content\/uploads\/2022\/03\/montilogo-1.png","contentUrl":"https:\/\/dev.monti.lt\/wp-content\/uploads\/2022\/03\/montilogo-1.png","width":512,"height":512,"caption":"Montessori \u017eaislai"},"image":{"@id":"https:\/\/dev.monti.lt\/#\/schema\/logo\/image\/"}}]}},"_links":{"self":[{"href":"https:\/\/dev.monti.lt\/en\/wp-json\/wp\/v2\/product\/15908"}],"collection":[{"href":"https:\/\/dev.monti.lt\/en\/wp-json\/wp\/v2\/product"}],"about":[{"href":"https:\/\/dev.monti.lt\/en\/wp-json\/wp\/v2\/types\/product"}],"version-history":[{"count":2,"href":"https:\/\/dev.monti.lt\/en\/wp-json\/wp\/v2\/product\/15908\/revisions"}],"predecessor-version":[{"id":18060,"href":"https:\/\/dev.monti.lt\/en\/wp-json\/wp\/v2\/product\/15908\/revisions\/18060"}],"wp:featuredmedia":[{"embeddable":true,"href":"https:\/\/dev.monti.lt\/en\/wp-json\/wp\/v2\/media\/15909"}],"wp:attachment":[{"href":"https:\/\/dev.monti.lt\/en\/wp-json\/wp\/v2\/media?parent=15908"}],"wp:term":[{"taxonomy":"product_cat","embeddable":true,"href":"https:\/\/dev.monti.lt\/en\/wp-json\/wp\/v2\/product_cat?post=15908"},{"taxonomy":"product_tag","embeddable":true,"href":"https:\/\/dev.monti.lt\/en\/wp-json\/wp\/v2\/product_tag?post=15908"}],"curies":[{"name":"wp","href":"https:\/\/api.w.org\/{rel}","templated":true}]}}