{"id":15758,"date":"2023-06-22T16:12:22","date_gmt":"2023-06-22T16:12:22","guid":{"rendered":"https:\/\/dev.monti.lt\/?post_type=product&#038;p=15758"},"modified":"2024-09-29T17:40:52","modified_gmt":"2024-09-29T17:40:52","slug":"medine-sensorine-lenta","status":"publish","type":"product","link":"https:\/\/dev.monti.lt\/en\/product\/medine-sensorine-lenta\/","title":{"rendered":"Medine sensorin\u0117 lenta"},"content":{"rendered":"<h2 class=\"wp-block-heading\">APIB\u016aDINIMAS<\/h2><p><strong>MEDIN\u0116 JUTIMO MANIPULIAVIMO LENTA 30X30CM<\/strong><\/p><p>Tinkamai vystantis ir super pramog\u0105 garantuojantis \u017eaislas?&nbsp;Ar tai apskritai \u012fmanoma?&nbsp;absoliu\u010diai!&nbsp;Ir manipuliacin\u0117s lentos yra to \u012frodymas!<\/p><p>Bet kas tiksliai yra manipuliacin\u0117 lenta?&nbsp;Tai gaminys, kuriame yra&nbsp;\u012fvairi\u0173 element\u0173&nbsp;, da\u017eniausiai naudojam\u0173 kasdien, \u012fskaitant: lizd\u0105 su ki\u0161tuku, \u0161viesos jungikl\u012f, dvira\u010dio skambut\u012f ir daugel\u012f kit\u0173!<\/p><p>D\u0117l toki\u0173 element\u0173&nbsp;j\u016bs\u0173 ma\u017eylis gal\u0117s saugiai susipa\u017einti su kasdieniais daiktais&nbsp;\u2013 \u012fprastomis aplinkyb\u0117mis jis tikrai negal\u0117t\u0173 \u017eaisti su elektros lizdu!<\/p><p>Jud\u0117jimas, judinimas, rai\u0161tymas, perjungimas, sukimas ir tt yra puikus&nbsp;b\u016bdas lavinti rankinius \u012fg\u016bd\u017eius&nbsp;, kurie tikrai bus labai naudingi ateityje, pavyzd\u017eiui, mokantis ra\u0161yti.<\/p><p>Be to, \u017eaidimas su manipuliacine lenta&nbsp;taip pat lavina susikaupim\u0105, aki\u0173-rank\u0173 koordinacij\u0105, lavina vaizduot\u0119, moko m\u0105styti d\u0117l prie\u017easties-pasekm\u0117s.&nbsp;.&nbsp;I\u0161vada paprasta \u2013 \u0161is \u017eaislas duoda tik naudos!<\/p><p>Lent\u0105 galima pastatyti ant ra\u0161omojo stalo, pastatyti ant grind\u0173 arba pakabinti ant sienos specialiai tam skirt\u0173 \u012fmontuot\u0173 pakab\u0173 pagalba.<\/p><p>lentos \u012franga:<\/p><ul class=\"wp-block-list\"><li>\u012fvairiaspalviai, judantys ratukai,<\/li>\n\n<li>u\u017etrauktukas,<\/li>\n\n<li>dvira\u010dio skambutis,<\/li>\n\n<li>dviej\u0173 tip\u0173 slankikliai,<\/li>\n\n<li>batas su rai\u0161teliu (mokymasis rai\u0161tyti),<\/li>\n\n<li>mediniai skai\u010diai,<\/li>\n\n<li>\u012fvairi\u0173 spalv\u0173 medin\u0117s raid\u0117s,<\/li>\n\n<li>judantys ir besisukantys ratai baldams,<\/li>\n\n<li>Velcro,<\/li>\n\n<li>takas su kilnojamu balionu.<\/li><\/ul><p>Apima lipn\u0173 veltin\u012f, kuris neleid\u017eia subrai\u017eyti grind\u0173.<\/p><p>Gaminys&nbsp;pagamintas i\u0161 \u0161velniai nu\u0161lifuoto med\u017eio&nbsp;, kuris u\u017etikrina J\u016bs\u0173 ma\u017eylio saugum\u0105 ir garantuoja, kad \u017eaislas tarnaus ilgai!<\/p><p>Med\u017eiaga: mediena<\/p><p>matmenys:<\/p><ul class=\"wp-block-list\"><li>Lenta: 30 cm x 30 cm<\/li>\n\n<li>Pakuot\u0117:&nbsp;<\/li><\/ul><p>Produktas supakuotas \u012f kartonin\u0119 d\u0117\u017eut\u0119.<\/p>","protected":false},"excerpt":{"rendered":"<p>APIB\u016aDINIMAS MEDIN\u0116 JUTIMO MANIPULIAVIMO LENTA 30X30CM Tinkamai vystantis ir super pramog\u0105 garantuojantis \u017eaislas?&nbsp;Ar tai apskritai \u012fmanoma?&nbsp;absoliu\u010diai!&nbsp;Ir manipuliacin\u0117s lentos yra to \u012frodymas! Bet kas tiksliai yra manipuliacin\u0117 lenta?&nbsp;Tai gaminys, kuriame yra&nbsp;\u012fvairi\u0173 element\u0173&nbsp;, da\u017eniausiai naudojam\u0173 kasdien, \u012fskaitant: lizd\u0105 su ki\u0161tuku, \u0161viesos jungikl\u012f, dvira\u010dio skambut\u012f ir daugel\u012f kit\u0173! D\u0117l toki\u0173 element\u0173&nbsp;j\u016bs\u0173 ma\u017eylis gal\u0117s saugiai susipa\u017einti su kasdieniais daiktais&nbsp;\u2013 [&hellip;]<\/p>","protected":false},"featured_media":15759,"template":"","meta":{"iawp_total_views":254},"product_cat":[213,92,82,84,91,102,83,90,86,49,39],"product_tag":[95,96,97,94],"class_list":{"0":"post-15758","1":"product","2":"type-product","3":"status-publish","4":"has-post-thumbnail","6":"product_cat-akcija","7":"product_cat-deliones","8":"product_cat-ispardavimas","9":"product_cat-lavinamieji-zaislai","10":"product_cat-loginiam-mastymui","11":"product_cat-mediniai-zaislai","12":"product_cat-montessori-zaislai","13":"product_cat-pasaulio-pazinimas","14":"product_cat-smulkioji-motorika","15":"product_cat-visi-zaislai","16":"product_cat-zaislai","17":"product_tag-1-m-2-m","18":"product_tag-2-m-3-m","19":"product_tag-3-m-4-m","20":"product_tag-iki-1-m","22":"first","23":"instock","24":"sale","25":"taxable","26":"shipping-taxable","27":"purchasable","28":"product-type-simple"},"yoast_head":"<!-- This site is optimized with the Yoast SEO plugin v23.3 - https:\/\/yoast.com\/wordpress\/plugins\/seo\/ -->\n<title>Medine sensorin\u0117 lenta - Montessori \u017eaislai<\/title>\n<meta name=\"robots\" content=\"noindex, follow, max-snippet:-1, max-image-preview:large, max-video-preview:-1\" \/>\n<meta property=\"og:locale\" content=\"en_US\" \/>\n<meta property=\"og:type\" content=\"article\" \/>\n<meta property=\"og:title\" content=\"Medine sensorin\u0117 lenta - Montessori \u017eaislai\" \/>\n<meta property=\"og:description\" content=\"APIB\u016aDINIMAS MEDIN\u0116 JUTIMO MANIPULIAVIMO LENTA 30X30CM Tinkamai vystantis ir super pramog\u0105 garantuojantis \u017eaislas?&nbsp;Ar tai apskritai \u012fmanoma?&nbsp;absoliu\u010diai!&nbsp;Ir manipuliacin\u0117s lentos yra to \u012frodymas! Bet kas tiksliai yra manipuliacin\u0117 lenta?&nbsp;Tai gaminys, kuriame yra&nbsp;\u012fvairi\u0173 element\u0173&nbsp;, da\u017eniausiai naudojam\u0173 kasdien, \u012fskaitant: lizd\u0105 su ki\u0161tuku, \u0161viesos jungikl\u012f, dvira\u010dio skambut\u012f ir daugel\u012f kit\u0173! D\u0117l toki\u0173 element\u0173&nbsp;j\u016bs\u0173 ma\u017eylis gal\u0117s saugiai susipa\u017einti su kasdieniais daiktais&nbsp;\u2013 [&hellip;]\" \/>\n<meta property=\"og:url\" content=\"https:\/\/dev.monti.lt\/en\/product\/medine-sensorine-lenta\/\" \/>\n<meta property=\"og:site_name\" content=\"Montessori \u017eaislai\" \/>\n<meta property=\"article:modified_time\" content=\"2024-09-29T17:40:52+00:00\" \/>\n<meta property=\"og:image\" content=\"https:\/\/dev.monti.lt\/wp-content\/uploads\/2023\/06\/Wooden-manipulative-board-30x30cm-113881-2.jpg\" \/>\n\t<meta property=\"og:image:width\" content=\"956\" \/>\n\t<meta property=\"og:image:height\" content=\"1024\" \/>\n\t<meta property=\"og:image:type\" content=\"image\/jpeg\" \/>\n<meta name=\"twitter:card\" content=\"summary_large_image\" \/>\n<meta name=\"twitter:label1\" content=\"Est. reading time\" \/>\n\t<meta name=\"twitter:data1\" content=\"2 minutes\" \/>\n<script type=\"application\/ld+json\" class=\"yoast-schema-graph\">{\"@context\":\"https:\/\/schema.org\",\"@graph\":[{\"@type\":\"WebPage\",\"@id\":\"https:\/\/dev.monti.lt\/product\/medine-sensorine-lenta\/\",\"url\":\"https:\/\/dev.monti.lt\/product\/medine-sensorine-lenta\/\",\"name\":\"Medine sensorin\u0117 lenta - Montessori \u017eaislai\",\"isPartOf\":{\"@id\":\"https:\/\/dev.monti.lt\/#website\"},\"primaryImageOfPage\":{\"@id\":\"https:\/\/dev.monti.lt\/product\/medine-sensorine-lenta\/#primaryimage\"},\"image\":{\"@id\":\"https:\/\/dev.monti.lt\/product\/medine-sensorine-lenta\/#primaryimage\"},\"thumbnailUrl\":\"https:\/\/dev.monti.lt\/wp-content\/uploads\/2023\/06\/Wooden-manipulative-board-30x30cm-113881-2.jpg\",\"datePublished\":\"2023-06-22T16:12:22+00:00\",\"dateModified\":\"2024-09-29T17:40:52+00:00\",\"breadcrumb\":{\"@id\":\"https:\/\/dev.monti.lt\/product\/medine-sensorine-lenta\/#breadcrumb\"},\"inLanguage\":\"en-US\",\"potentialAction\":[{\"@type\":\"ReadAction\",\"target\":[\"https:\/\/dev.monti.lt\/product\/medine-sensorine-lenta\/\"]}]},{\"@type\":\"ImageObject\",\"inLanguage\":\"en-US\",\"@id\":\"https:\/\/dev.monti.lt\/product\/medine-sensorine-lenta\/#primaryimage\",\"url\":\"https:\/\/dev.monti.lt\/wp-content\/uploads\/2023\/06\/Wooden-manipulative-board-30x30cm-113881-2.jpg\",\"contentUrl\":\"https:\/\/dev.monti.lt\/wp-content\/uploads\/2023\/06\/Wooden-manipulative-board-30x30cm-113881-2.jpg\",\"width\":956,\"height\":1024},{\"@type\":\"BreadcrumbList\",\"@id\":\"https:\/\/dev.monti.lt\/product\/medine-sensorine-lenta\/#breadcrumb\",\"itemListElement\":[{\"@type\":\"ListItem\",\"position\":1,\"name\":\"Home\",\"item\":\"https:\/\/dev.monti.lt\/\"},{\"@type\":\"ListItem\",\"position\":2,\"name\":\"Parduotuv\u0117\",\"item\":\"https:\/\/dev.monti.lt\/shop\/\"},{\"@type\":\"ListItem\",\"position\":3,\"name\":\"Medine sensorin\u0117 lenta\"}]},{\"@type\":\"WebSite\",\"@id\":\"https:\/\/dev.monti.lt\/#website\",\"url\":\"https:\/\/dev.monti.lt\/\",\"name\":\"Montessori \u017eaislai\",\"description\":\"\",\"publisher\":{\"@id\":\"https:\/\/dev.monti.lt\/#organization\"},\"potentialAction\":[{\"@type\":\"SearchAction\",\"target\":{\"@type\":\"EntryPoint\",\"urlTemplate\":\"https:\/\/dev.monti.lt\/?s={search_term_string}\"},\"query-input\":\"required name=search_term_string\"}],\"inLanguage\":\"en-US\"},{\"@type\":\"Organization\",\"@id\":\"https:\/\/dev.monti.lt\/#organization\",\"name\":\"Montessori \u017eaislai\",\"url\":\"https:\/\/dev.monti.lt\/\",\"logo\":{\"@type\":\"ImageObject\",\"inLanguage\":\"en-US\",\"@id\":\"https:\/\/dev.monti.lt\/#\/schema\/logo\/image\/\",\"url\":\"https:\/\/dev.monti.lt\/wp-content\/uploads\/2022\/03\/montilogo-1.png\",\"contentUrl\":\"https:\/\/dev.monti.lt\/wp-content\/uploads\/2022\/03\/montilogo-1.png\",\"width\":512,\"height\":512,\"caption\":\"Montessori \u017eaislai\"},\"image\":{\"@id\":\"https:\/\/dev.monti.lt\/#\/schema\/logo\/image\/\"}}]}<\/script>\n<!-- \/ Yoast SEO plugin. -->","yoast_head_json":{"title":"Medine sensorin\u0117 lenta - Montessori \u017eaislai","robots":{"index":"noindex","follow":"follow","max-snippet":"max-snippet:-1","max-image-preview":"max-image-preview:large","max-video-preview":"max-video-preview:-1"},"og_locale":"en_US","og_type":"article","og_title":"Medine sensorin\u0117 lenta - Montessori \u017eaislai","og_description":"APIB\u016aDINIMAS MEDIN\u0116 JUTIMO MANIPULIAVIMO LENTA 30X30CM Tinkamai vystantis ir super pramog\u0105 garantuojantis \u017eaislas?&nbsp;Ar tai apskritai \u012fmanoma?&nbsp;absoliu\u010diai!&nbsp;Ir manipuliacin\u0117s lentos yra to \u012frodymas! Bet kas tiksliai yra manipuliacin\u0117 lenta?&nbsp;Tai gaminys, kuriame yra&nbsp;\u012fvairi\u0173 element\u0173&nbsp;, da\u017eniausiai naudojam\u0173 kasdien, \u012fskaitant: lizd\u0105 su ki\u0161tuku, \u0161viesos jungikl\u012f, dvira\u010dio skambut\u012f ir daugel\u012f kit\u0173! D\u0117l toki\u0173 element\u0173&nbsp;j\u016bs\u0173 ma\u017eylis gal\u0117s saugiai susipa\u017einti su kasdieniais daiktais&nbsp;\u2013 [&hellip;]","og_url":"https:\/\/dev.monti.lt\/en\/product\/medine-sensorine-lenta\/","og_site_name":"Montessori \u017eaislai","article_modified_time":"2024-09-29T17:40:52+00:00","og_image":[{"width":956,"height":1024,"url":"https:\/\/dev.monti.lt\/wp-content\/uploads\/2023\/06\/Wooden-manipulative-board-30x30cm-113881-2.jpg","type":"image\/jpeg"}],"twitter_card":"summary_large_image","twitter_misc":{"Est. reading time":"2 minutes"},"schema":{"@context":"https:\/\/schema.org","@graph":[{"@type":"WebPage","@id":"https:\/\/dev.monti.lt\/product\/medine-sensorine-lenta\/","url":"https:\/\/dev.monti.lt\/product\/medine-sensorine-lenta\/","name":"Medine sensorin\u0117 lenta - Montessori \u017eaislai","isPartOf":{"@id":"https:\/\/dev.monti.lt\/#website"},"primaryImageOfPage":{"@id":"https:\/\/dev.monti.lt\/product\/medine-sensorine-lenta\/#primaryimage"},"image":{"@id":"https:\/\/dev.monti.lt\/product\/medine-sensorine-lenta\/#primaryimage"},"thumbnailUrl":"https:\/\/dev.monti.lt\/wp-content\/uploads\/2023\/06\/Wooden-manipulative-board-30x30cm-113881-2.jpg","datePublished":"2023-06-22T16:12:22+00:00","dateModified":"2024-09-29T17:40:52+00:00","breadcrumb":{"@id":"https:\/\/dev.monti.lt\/product\/medine-sensorine-lenta\/#breadcrumb"},"inLanguage":"en-US","potentialAction":[{"@type":"ReadAction","target":["https:\/\/dev.monti.lt\/product\/medine-sensorine-lenta\/"]}]},{"@type":"ImageObject","inLanguage":"en-US","@id":"https:\/\/dev.monti.lt\/product\/medine-sensorine-lenta\/#primaryimage","url":"https:\/\/dev.monti.lt\/wp-content\/uploads\/2023\/06\/Wooden-manipulative-board-30x30cm-113881-2.jpg","contentUrl":"https:\/\/dev.monti.lt\/wp-content\/uploads\/2023\/06\/Wooden-manipulative-board-30x30cm-113881-2.jpg","width":956,"height":1024},{"@type":"BreadcrumbList","@id":"https:\/\/dev.monti.lt\/product\/medine-sensorine-lenta\/#breadcrumb","itemListElement":[{"@type":"ListItem","position":1,"name":"Home","item":"https:\/\/dev.monti.lt\/"},{"@type":"ListItem","position":2,"name":"Parduotuv\u0117","item":"https:\/\/dev.monti.lt\/shop\/"},{"@type":"ListItem","position":3,"name":"Medine sensorin\u0117 lenta"}]},{"@type":"WebSite","@id":"https:\/\/dev.monti.lt\/#website","url":"https:\/\/dev.monti.lt\/","name":"Montessori \u017eaislai","description":"","publisher":{"@id":"https:\/\/dev.monti.lt\/#organization"},"potentialAction":[{"@type":"SearchAction","target":{"@type":"EntryPoint","urlTemplate":"https:\/\/dev.monti.lt\/?s={search_term_string}"},"query-input":"required name=search_term_string"}],"inLanguage":"en-US"},{"@type":"Organization","@id":"https:\/\/dev.monti.lt\/#organization","name":"Montessori \u017eaislai","url":"https:\/\/dev.monti.lt\/","logo":{"@type":"ImageObject","inLanguage":"en-US","@id":"https:\/\/dev.monti.lt\/#\/schema\/logo\/image\/","url":"https:\/\/dev.monti.lt\/wp-content\/uploads\/2022\/03\/montilogo-1.png","contentUrl":"https:\/\/dev.monti.lt\/wp-content\/uploads\/2022\/03\/montilogo-1.png","width":512,"height":512,"caption":"Montessori \u017eaislai"},"image":{"@id":"https:\/\/dev.monti.lt\/#\/schema\/logo\/image\/"}}]}},"_links":{"self":[{"href":"https:\/\/dev.monti.lt\/en\/wp-json\/wp\/v2\/product\/15758"}],"collection":[{"href":"https:\/\/dev.monti.lt\/en\/wp-json\/wp\/v2\/product"}],"about":[{"href":"https:\/\/dev.monti.lt\/en\/wp-json\/wp\/v2\/types\/product"}],"version-history":[{"count":1,"href":"https:\/\/dev.monti.lt\/en\/wp-json\/wp\/v2\/product\/15758\/revisions"}],"predecessor-version":[{"id":15765,"href":"https:\/\/dev.monti.lt\/en\/wp-json\/wp\/v2\/product\/15758\/revisions\/15765"}],"wp:featuredmedia":[{"embeddable":true,"href":"https:\/\/dev.monti.lt\/en\/wp-json\/wp\/v2\/media\/15759"}],"wp:attachment":[{"href":"https:\/\/dev.monti.lt\/en\/wp-json\/wp\/v2\/media?parent=15758"}],"wp:term":[{"taxonomy":"product_cat","embeddable":true,"href":"https:\/\/dev.monti.lt\/en\/wp-json\/wp\/v2\/product_cat?post=15758"},{"taxonomy":"product_tag","embeddable":true,"href":"https:\/\/dev.monti.lt\/en\/wp-json\/wp\/v2\/product_tag?post=15758"}],"curies":[{"name":"wp","href":"https:\/\/api.w.org\/{rel}","templated":true}]}}