{"id":15755,"date":"2023-06-22T16:09:24","date_gmt":"2023-06-22T16:09:24","guid":{"rendered":"https:\/\/dev.monti.lt\/?post_type=product&#038;p=15755"},"modified":"2024-10-09T07:46:21","modified_gmt":"2024-10-09T07:46:21","slug":"sensorinis-krabas","status":"publish","type":"product","link":"https:\/\/dev.monti.lt\/en\/product\/sensorinis-krabas\/","title":{"rendered":"Sensorinis krabas"},"content":{"rendered":"<h2 class=\"wp-block-heading\">APIB\u016aDINIMAS<\/h2><p>Techniniai parametrai:<\/p><ul class=\"wp-block-list\"><li>Plastikas: plastikas, silikonas<\/li>\n\n<li>Am\u017eius: 18m+<\/li><\/ul><p>matmenys:<\/p><ul class=\"wp-block-list\"><li>Krabas (be i\u0161siki\u0161usi\u0173 dali\u0173): 9cm x 7,5cm x 4cm<\/li>\n\n<li>maks.&nbsp;virvel\u0117s ilgis: 14 cm<\/li>\n\n<li>Pakuot\u0117: 13cm x 13cm x 5cm<\/li><\/ul><p>Produktas supakuotas \u012f kartonin\u0119 d\u0117\u017eut\u0119.<\/p>","protected":false},"excerpt":{"rendered":"<p>APIB\u016aDINIMAS Techniniai parametrai: matmenys: Produktas supakuotas \u012f kartonin\u0119 d\u0117\u017eut\u0119.<\/p>","protected":false},"featured_media":15756,"template":"","meta":{"iawp_total_views":66},"product_cat":[84,86,49,39],"product_tag":[95,96,97],"class_list":{"0":"post-15755","1":"product","2":"type-product","3":"status-publish","4":"has-post-thumbnail","6":"product_cat-lavinamieji-zaislai","7":"product_cat-smulkioji-motorika","8":"product_cat-visi-zaislai","9":"product_cat-zaislai","10":"product_tag-1-m-2-m","11":"product_tag-2-m-3-m","12":"product_tag-3-m-4-m","14":"first","15":"instock","16":"taxable","17":"shipping-taxable","18":"purchasable","19":"product-type-simple"},"yoast_head":"<!-- This site is optimized with the Yoast SEO plugin v23.3 - https:\/\/yoast.com\/wordpress\/plugins\/seo\/ -->\n<title>Sensorinis krabas - Montessori \u017eaislai<\/title>\n<meta name=\"robots\" content=\"noindex, follow, max-snippet:-1, max-image-preview:large, max-video-preview:-1\" \/>\n<meta property=\"og:locale\" content=\"en_US\" \/>\n<meta property=\"og:type\" content=\"article\" \/>\n<meta property=\"og:title\" content=\"Sensorinis krabas - Montessori \u017eaislai\" \/>\n<meta property=\"og:description\" content=\"APIB\u016aDINIMAS Techniniai parametrai: matmenys: Produktas supakuotas \u012f kartonin\u0119 d\u0117\u017eut\u0119.\" \/>\n<meta property=\"og:url\" content=\"https:\/\/dev.monti.lt\/en\/product\/sensorinis-krabas\/\" \/>\n<meta property=\"og:site_name\" content=\"Montessori \u017eaislai\" \/>\n<meta property=\"article:modified_time\" content=\"2024-10-09T07:46:21+00:00\" \/>\n<meta property=\"og:image\" content=\"https:\/\/dev.monti.lt\/wp-content\/uploads\/2023\/06\/Sf26af605b47f41c38c30bdc5a56ea353R.jpg_720x720q80.jpg\" \/>\n\t<meta property=\"og:image:width\" content=\"720\" \/>\n\t<meta property=\"og:image:height\" content=\"720\" \/>\n\t<meta property=\"og:image:type\" content=\"image\/jpeg\" \/>\n<meta name=\"twitter:card\" content=\"summary_large_image\" \/>\n<meta name=\"twitter:label1\" content=\"Est. reading time\" \/>\n\t<meta name=\"twitter:data1\" content=\"1 minute\" \/>\n<script type=\"application\/ld+json\" class=\"yoast-schema-graph\">{\"@context\":\"https:\/\/schema.org\",\"@graph\":[{\"@type\":\"WebPage\",\"@id\":\"https:\/\/dev.monti.lt\/product\/sensorinis-krabas\/\",\"url\":\"https:\/\/dev.monti.lt\/product\/sensorinis-krabas\/\",\"name\":\"Sensorinis krabas - Montessori \u017eaislai\",\"isPartOf\":{\"@id\":\"https:\/\/dev.monti.lt\/#website\"},\"primaryImageOfPage\":{\"@id\":\"https:\/\/dev.monti.lt\/product\/sensorinis-krabas\/#primaryimage\"},\"image\":{\"@id\":\"https:\/\/dev.monti.lt\/product\/sensorinis-krabas\/#primaryimage\"},\"thumbnailUrl\":\"https:\/\/dev.monti.lt\/wp-content\/uploads\/2023\/06\/Sf26af605b47f41c38c30bdc5a56ea353R.jpg_720x720q80.jpg\",\"datePublished\":\"2023-06-22T16:09:24+00:00\",\"dateModified\":\"2024-10-09T07:46:21+00:00\",\"breadcrumb\":{\"@id\":\"https:\/\/dev.monti.lt\/product\/sensorinis-krabas\/#breadcrumb\"},\"inLanguage\":\"en-US\",\"potentialAction\":[{\"@type\":\"ReadAction\",\"target\":[\"https:\/\/dev.monti.lt\/product\/sensorinis-krabas\/\"]}]},{\"@type\":\"ImageObject\",\"inLanguage\":\"en-US\",\"@id\":\"https:\/\/dev.monti.lt\/product\/sensorinis-krabas\/#primaryimage\",\"url\":\"https:\/\/dev.monti.lt\/wp-content\/uploads\/2023\/06\/Sf26af605b47f41c38c30bdc5a56ea353R.jpg_720x720q80.jpg\",\"contentUrl\":\"https:\/\/dev.monti.lt\/wp-content\/uploads\/2023\/06\/Sf26af605b47f41c38c30bdc5a56ea353R.jpg_720x720q80.jpg\",\"width\":720,\"height\":720},{\"@type\":\"BreadcrumbList\",\"@id\":\"https:\/\/dev.monti.lt\/product\/sensorinis-krabas\/#breadcrumb\",\"itemListElement\":[{\"@type\":\"ListItem\",\"position\":1,\"name\":\"Home\",\"item\":\"https:\/\/dev.monti.lt\/\"},{\"@type\":\"ListItem\",\"position\":2,\"name\":\"Parduotuv\u0117\",\"item\":\"https:\/\/dev.monti.lt\/shop\/\"},{\"@type\":\"ListItem\",\"position\":3,\"name\":\"Sensorinis krabas\"}]},{\"@type\":\"WebSite\",\"@id\":\"https:\/\/dev.monti.lt\/#website\",\"url\":\"https:\/\/dev.monti.lt\/\",\"name\":\"Montessori \u017eaislai\",\"description\":\"\",\"publisher\":{\"@id\":\"https:\/\/dev.monti.lt\/#organization\"},\"potentialAction\":[{\"@type\":\"SearchAction\",\"target\":{\"@type\":\"EntryPoint\",\"urlTemplate\":\"https:\/\/dev.monti.lt\/?s={search_term_string}\"},\"query-input\":\"required name=search_term_string\"}],\"inLanguage\":\"en-US\"},{\"@type\":\"Organization\",\"@id\":\"https:\/\/dev.monti.lt\/#organization\",\"name\":\"Montessori \u017eaislai\",\"url\":\"https:\/\/dev.monti.lt\/\",\"logo\":{\"@type\":\"ImageObject\",\"inLanguage\":\"en-US\",\"@id\":\"https:\/\/dev.monti.lt\/#\/schema\/logo\/image\/\",\"url\":\"https:\/\/dev.monti.lt\/wp-content\/uploads\/2022\/03\/montilogo-1.png\",\"contentUrl\":\"https:\/\/dev.monti.lt\/wp-content\/uploads\/2022\/03\/montilogo-1.png\",\"width\":512,\"height\":512,\"caption\":\"Montessori \u017eaislai\"},\"image\":{\"@id\":\"https:\/\/dev.monti.lt\/#\/schema\/logo\/image\/\"}}]}<\/script>\n<!-- \/ Yoast SEO plugin. -->","yoast_head_json":{"title":"Sensorinis krabas - Montessori \u017eaislai","robots":{"index":"noindex","follow":"follow","max-snippet":"max-snippet:-1","max-image-preview":"max-image-preview:large","max-video-preview":"max-video-preview:-1"},"og_locale":"en_US","og_type":"article","og_title":"Sensorinis krabas - Montessori \u017eaislai","og_description":"APIB\u016aDINIMAS Techniniai parametrai: matmenys: Produktas supakuotas \u012f kartonin\u0119 d\u0117\u017eut\u0119.","og_url":"https:\/\/dev.monti.lt\/en\/product\/sensorinis-krabas\/","og_site_name":"Montessori \u017eaislai","article_modified_time":"2024-10-09T07:46:21+00:00","og_image":[{"width":720,"height":720,"url":"https:\/\/dev.monti.lt\/wp-content\/uploads\/2023\/06\/Sf26af605b47f41c38c30bdc5a56ea353R.jpg_720x720q80.jpg","type":"image\/jpeg"}],"twitter_card":"summary_large_image","twitter_misc":{"Est. reading time":"1 minute"},"schema":{"@context":"https:\/\/schema.org","@graph":[{"@type":"WebPage","@id":"https:\/\/dev.monti.lt\/product\/sensorinis-krabas\/","url":"https:\/\/dev.monti.lt\/product\/sensorinis-krabas\/","name":"Sensorinis krabas - Montessori \u017eaislai","isPartOf":{"@id":"https:\/\/dev.monti.lt\/#website"},"primaryImageOfPage":{"@id":"https:\/\/dev.monti.lt\/product\/sensorinis-krabas\/#primaryimage"},"image":{"@id":"https:\/\/dev.monti.lt\/product\/sensorinis-krabas\/#primaryimage"},"thumbnailUrl":"https:\/\/dev.monti.lt\/wp-content\/uploads\/2023\/06\/Sf26af605b47f41c38c30bdc5a56ea353R.jpg_720x720q80.jpg","datePublished":"2023-06-22T16:09:24+00:00","dateModified":"2024-10-09T07:46:21+00:00","breadcrumb":{"@id":"https:\/\/dev.monti.lt\/product\/sensorinis-krabas\/#breadcrumb"},"inLanguage":"en-US","potentialAction":[{"@type":"ReadAction","target":["https:\/\/dev.monti.lt\/product\/sensorinis-krabas\/"]}]},{"@type":"ImageObject","inLanguage":"en-US","@id":"https:\/\/dev.monti.lt\/product\/sensorinis-krabas\/#primaryimage","url":"https:\/\/dev.monti.lt\/wp-content\/uploads\/2023\/06\/Sf26af605b47f41c38c30bdc5a56ea353R.jpg_720x720q80.jpg","contentUrl":"https:\/\/dev.monti.lt\/wp-content\/uploads\/2023\/06\/Sf26af605b47f41c38c30bdc5a56ea353R.jpg_720x720q80.jpg","width":720,"height":720},{"@type":"BreadcrumbList","@id":"https:\/\/dev.monti.lt\/product\/sensorinis-krabas\/#breadcrumb","itemListElement":[{"@type":"ListItem","position":1,"name":"Home","item":"https:\/\/dev.monti.lt\/"},{"@type":"ListItem","position":2,"name":"Parduotuv\u0117","item":"https:\/\/dev.monti.lt\/shop\/"},{"@type":"ListItem","position":3,"name":"Sensorinis krabas"}]},{"@type":"WebSite","@id":"https:\/\/dev.monti.lt\/#website","url":"https:\/\/dev.monti.lt\/","name":"Montessori \u017eaislai","description":"","publisher":{"@id":"https:\/\/dev.monti.lt\/#organization"},"potentialAction":[{"@type":"SearchAction","target":{"@type":"EntryPoint","urlTemplate":"https:\/\/dev.monti.lt\/?s={search_term_string}"},"query-input":"required name=search_term_string"}],"inLanguage":"en-US"},{"@type":"Organization","@id":"https:\/\/dev.monti.lt\/#organization","name":"Montessori \u017eaislai","url":"https:\/\/dev.monti.lt\/","logo":{"@type":"ImageObject","inLanguage":"en-US","@id":"https:\/\/dev.monti.lt\/#\/schema\/logo\/image\/","url":"https:\/\/dev.monti.lt\/wp-content\/uploads\/2022\/03\/montilogo-1.png","contentUrl":"https:\/\/dev.monti.lt\/wp-content\/uploads\/2022\/03\/montilogo-1.png","width":512,"height":512,"caption":"Montessori \u017eaislai"},"image":{"@id":"https:\/\/dev.monti.lt\/#\/schema\/logo\/image\/"}}]}},"_links":{"self":[{"href":"https:\/\/dev.monti.lt\/en\/wp-json\/wp\/v2\/product\/15755"}],"collection":[{"href":"https:\/\/dev.monti.lt\/en\/wp-json\/wp\/v2\/product"}],"about":[{"href":"https:\/\/dev.monti.lt\/en\/wp-json\/wp\/v2\/types\/product"}],"version-history":[{"count":1,"href":"https:\/\/dev.monti.lt\/en\/wp-json\/wp\/v2\/product\/15755\/revisions"}],"predecessor-version":[{"id":15757,"href":"https:\/\/dev.monti.lt\/en\/wp-json\/wp\/v2\/product\/15755\/revisions\/15757"}],"wp:featuredmedia":[{"embeddable":true,"href":"https:\/\/dev.monti.lt\/en\/wp-json\/wp\/v2\/media\/15756"}],"wp:attachment":[{"href":"https:\/\/dev.monti.lt\/en\/wp-json\/wp\/v2\/media?parent=15755"}],"wp:term":[{"taxonomy":"product_cat","embeddable":true,"href":"https:\/\/dev.monti.lt\/en\/wp-json\/wp\/v2\/product_cat?post=15755"},{"taxonomy":"product_tag","embeddable":true,"href":"https:\/\/dev.monti.lt\/en\/wp-json\/wp\/v2\/product_tag?post=15755"}],"curies":[{"name":"wp","href":"https:\/\/api.w.org\/{rel}","templated":true}]}}