{"id":15752,"date":"2023-06-22T16:06:05","date_gmt":"2023-06-22T16:06:05","guid":{"rendered":"https:\/\/dev.monti.lt\/?post_type=product&#038;p=15752"},"modified":"2024-10-03T07:46:00","modified_gmt":"2024-10-03T07:46:00","slug":"spirale-piramide","status":"publish","type":"product","link":"https:\/\/dev.monti.lt\/en\/product\/spirale-piramide\/","title":{"rendered":"Spiral\u0117-piramid\u0117"},"content":{"rendered":"<h2 class=\"wp-block-heading\">APIB\u016aDINIMAS<\/h2><p>K\u016brybi\u0161kas vaivoryk\u0161t\u0117s spalv\u0173 bok\u0161tas su plastikin\u0117mis \u017evaig\u017edut\u0117mis, kurios, u\u017emautos greitai krenta \u017eemyn. Puikus \u017eaislas bet kuriam ma\u017eyliui. \u017daislas suteikia ne tik itin smag\u0173, bet ir tinkam\u0105 vystym\u0105si. Am\u017eius: 12 m+. Pavyzdinis krumpliaratis: 12 cm x 4 cm.<\/p><p>Turinys:<\/p><ul class=\"wp-block-list\"><li>spalvoti ratai x8<\/li>\n\n<li>Rodis<\/li>\n\n<li>baz\u0117<\/li><\/ul><p>Technin\u0117s specifikacijos:<\/p><ul class=\"wp-block-list\"><li>Med\u017eiaga: plastikas<\/li>\n\n<li>Vienet\u0173 skai\u010dius: 8<\/li>\n\n<li>Vartotojo am\u017eius: 12m+<\/li><\/ul><p>matmenys:<\/p><ul class=\"wp-block-list\"><li>Apskritimo pavyzdys: 12 cm x 4 cm<\/li>\n\n<li>Strypas (ilgis): 40,5 cm<\/li>\n\n<li>Pagrindas: 15cm x 4cm<\/li>\n\n<li>Pakuot\u0117: 15,5 cm x 41 cm x 8,5 cm<\/li><\/ul><p>Produktas supakuotas \u012f kartonin\u0119 d\u0117\u017eut\u0119.<\/p>","protected":false},"excerpt":{"rendered":"<p>APIB\u016aDINIMAS K\u016brybi\u0161kas vaivoryk\u0161t\u0117s spalv\u0173 bok\u0161tas su plastikin\u0117mis \u017evaig\u017edut\u0117mis, kurios, u\u017emautos greitai krenta \u017eemyn. Puikus \u017eaislas bet kuriam ma\u017eyliui. \u017daislas suteikia ne tik itin smag\u0173, bet ir tinkam\u0105 vystym\u0105si. Am\u017eius: 12 m+. Pavyzdinis krumpliaratis: 12 cm x 4 cm. Turinys: Technin\u0117s specifikacijos: matmenys: Produktas supakuotas \u012f kartonin\u0119 d\u0117\u017eut\u0119.<\/p>","protected":false},"featured_media":20083,"template":"","meta":{"iawp_total_views":498},"product_cat":[92,193,194,191,192,84,91,102,90,86,49,39],"product_tag":[95,96,97,94],"class_list":{"0":"post-15752","1":"product","2":"type-product","3":"status-publish","4":"has-post-thumbnail","6":"product_cat-deliones","7":"product_cat-dovanos-vaikams-1-2-metu","8":"product_cat-dovanos-vaikams-2-3-metu","9":"product_cat-dovanos-vaikams","10":"product_cat-kaledines-dovanos-vaikams","11":"product_cat-lavinamieji-zaislai","12":"product_cat-loginiam-mastymui","13":"product_cat-mediniai-zaislai","14":"product_cat-pasaulio-pazinimas","15":"product_cat-smulkioji-motorika","16":"product_cat-visi-zaislai","17":"product_cat-zaislai","18":"product_tag-1-m-2-m","19":"product_tag-2-m-3-m","20":"product_tag-3-m-4-m","21":"product_tag-iki-1-m","23":"first","24":"instock","25":"taxable","26":"shipping-taxable","27":"purchasable","28":"product-type-simple"},"yoast_head":"<!-- This site is optimized with the Yoast SEO plugin v23.3 - https:\/\/yoast.com\/wordpress\/plugins\/seo\/ -->\n<title>Spiral\u0117-piramid\u0117 - Montessori \u017eaislai<\/title>\n<meta name=\"robots\" content=\"noindex, follow, max-snippet:-1, max-image-preview:large, max-video-preview:-1\" \/>\n<meta property=\"og:locale\" content=\"en_US\" \/>\n<meta property=\"og:type\" content=\"article\" \/>\n<meta property=\"og:title\" content=\"Spiral\u0117-piramid\u0117 - Montessori \u017eaislai\" \/>\n<meta property=\"og:description\" content=\"APIB\u016aDINIMAS K\u016brybi\u0161kas vaivoryk\u0161t\u0117s spalv\u0173 bok\u0161tas su plastikin\u0117mis \u017evaig\u017edut\u0117mis, kurios, u\u017emautos greitai krenta \u017eemyn. Puikus \u017eaislas bet kuriam ma\u017eyliui. \u017daislas suteikia ne tik itin smag\u0173, bet ir tinkam\u0105 vystym\u0105si. Am\u017eius: 12 m+. Pavyzdinis krumpliaratis: 12 cm x 4 cm. Turinys: Technin\u0117s specifikacijos: matmenys: Produktas supakuotas \u012f kartonin\u0119 d\u0117\u017eut\u0119.\" \/>\n<meta property=\"og:url\" content=\"https:\/\/dev.monti.lt\/en\/product\/spirale-piramide\/\" \/>\n<meta property=\"og:site_name\" content=\"Montessori \u017eaislai\" \/>\n<meta property=\"article:modified_time\" content=\"2024-10-03T07:46:00+00:00\" \/>\n<meta property=\"og:image\" content=\"https:\/\/dev.monti.lt\/wp-content\/uploads\/2023\/06\/Rainbow-tower-pyramid-pinwheel-spiral-for-stacking-135200.jpg\" \/>\n\t<meta property=\"og:image:width\" content=\"1024\" \/>\n\t<meta property=\"og:image:height\" content=\"1024\" \/>\n\t<meta property=\"og:image:type\" content=\"image\/jpeg\" \/>\n<meta name=\"twitter:card\" content=\"summary_large_image\" \/>\n<meta name=\"twitter:label1\" content=\"Est. reading time\" \/>\n\t<meta name=\"twitter:data1\" content=\"1 minute\" \/>\n<script type=\"application\/ld+json\" class=\"yoast-schema-graph\">{\"@context\":\"https:\/\/schema.org\",\"@graph\":[{\"@type\":\"WebPage\",\"@id\":\"https:\/\/dev.monti.lt\/product\/spirale-piramide\/\",\"url\":\"https:\/\/dev.monti.lt\/product\/spirale-piramide\/\",\"name\":\"Spiral\u0117-piramid\u0117 - Montessori \u017eaislai\",\"isPartOf\":{\"@id\":\"https:\/\/dev.monti.lt\/#website\"},\"primaryImageOfPage\":{\"@id\":\"https:\/\/dev.monti.lt\/product\/spirale-piramide\/#primaryimage\"},\"image\":{\"@id\":\"https:\/\/dev.monti.lt\/product\/spirale-piramide\/#primaryimage\"},\"thumbnailUrl\":\"https:\/\/dev.monti.lt\/wp-content\/uploads\/2023\/06\/Rainbow-tower-pyramid-pinwheel-spiral-for-stacking-135200.jpg\",\"datePublished\":\"2023-06-22T16:06:05+00:00\",\"dateModified\":\"2024-10-03T07:46:00+00:00\",\"breadcrumb\":{\"@id\":\"https:\/\/dev.monti.lt\/product\/spirale-piramide\/#breadcrumb\"},\"inLanguage\":\"en-US\",\"potentialAction\":[{\"@type\":\"ReadAction\",\"target\":[\"https:\/\/dev.monti.lt\/product\/spirale-piramide\/\"]}]},{\"@type\":\"ImageObject\",\"inLanguage\":\"en-US\",\"@id\":\"https:\/\/dev.monti.lt\/product\/spirale-piramide\/#primaryimage\",\"url\":\"https:\/\/dev.monti.lt\/wp-content\/uploads\/2023\/06\/Rainbow-tower-pyramid-pinwheel-spiral-for-stacking-135200.jpg\",\"contentUrl\":\"https:\/\/dev.monti.lt\/wp-content\/uploads\/2023\/06\/Rainbow-tower-pyramid-pinwheel-spiral-for-stacking-135200.jpg\",\"width\":1024,\"height\":1024,\"caption\":\"piramide spirale\"},{\"@type\":\"BreadcrumbList\",\"@id\":\"https:\/\/dev.monti.lt\/product\/spirale-piramide\/#breadcrumb\",\"itemListElement\":[{\"@type\":\"ListItem\",\"position\":1,\"name\":\"Home\",\"item\":\"https:\/\/dev.monti.lt\/\"},{\"@type\":\"ListItem\",\"position\":2,\"name\":\"Parduotuv\u0117\",\"item\":\"https:\/\/dev.monti.lt\/shop\/\"},{\"@type\":\"ListItem\",\"position\":3,\"name\":\"Spiral\u0117-piramid\u0117\"}]},{\"@type\":\"WebSite\",\"@id\":\"https:\/\/dev.monti.lt\/#website\",\"url\":\"https:\/\/dev.monti.lt\/\",\"name\":\"Montessori \u017eaislai\",\"description\":\"\",\"publisher\":{\"@id\":\"https:\/\/dev.monti.lt\/#organization\"},\"potentialAction\":[{\"@type\":\"SearchAction\",\"target\":{\"@type\":\"EntryPoint\",\"urlTemplate\":\"https:\/\/dev.monti.lt\/?s={search_term_string}\"},\"query-input\":\"required name=search_term_string\"}],\"inLanguage\":\"en-US\"},{\"@type\":\"Organization\",\"@id\":\"https:\/\/dev.monti.lt\/#organization\",\"name\":\"Montessori \u017eaislai\",\"url\":\"https:\/\/dev.monti.lt\/\",\"logo\":{\"@type\":\"ImageObject\",\"inLanguage\":\"en-US\",\"@id\":\"https:\/\/dev.monti.lt\/#\/schema\/logo\/image\/\",\"url\":\"https:\/\/dev.monti.lt\/wp-content\/uploads\/2022\/03\/montilogo-1.png\",\"contentUrl\":\"https:\/\/dev.monti.lt\/wp-content\/uploads\/2022\/03\/montilogo-1.png\",\"width\":512,\"height\":512,\"caption\":\"Montessori \u017eaislai\"},\"image\":{\"@id\":\"https:\/\/dev.monti.lt\/#\/schema\/logo\/image\/\"}}]}<\/script>\n<!-- \/ Yoast SEO plugin. -->","yoast_head_json":{"title":"Spiral\u0117-piramid\u0117 - Montessori \u017eaislai","robots":{"index":"noindex","follow":"follow","max-snippet":"max-snippet:-1","max-image-preview":"max-image-preview:large","max-video-preview":"max-video-preview:-1"},"og_locale":"en_US","og_type":"article","og_title":"Spiral\u0117-piramid\u0117 - Montessori \u017eaislai","og_description":"APIB\u016aDINIMAS K\u016brybi\u0161kas vaivoryk\u0161t\u0117s spalv\u0173 bok\u0161tas su plastikin\u0117mis \u017evaig\u017edut\u0117mis, kurios, u\u017emautos greitai krenta \u017eemyn. Puikus \u017eaislas bet kuriam ma\u017eyliui. \u017daislas suteikia ne tik itin smag\u0173, bet ir tinkam\u0105 vystym\u0105si. Am\u017eius: 12 m+. Pavyzdinis krumpliaratis: 12 cm x 4 cm. Turinys: Technin\u0117s specifikacijos: matmenys: Produktas supakuotas \u012f kartonin\u0119 d\u0117\u017eut\u0119.","og_url":"https:\/\/dev.monti.lt\/en\/product\/spirale-piramide\/","og_site_name":"Montessori \u017eaislai","article_modified_time":"2024-10-03T07:46:00+00:00","og_image":[{"width":1024,"height":1024,"url":"https:\/\/dev.monti.lt\/wp-content\/uploads\/2023\/06\/Rainbow-tower-pyramid-pinwheel-spiral-for-stacking-135200.jpg","type":"image\/jpeg"}],"twitter_card":"summary_large_image","twitter_misc":{"Est. reading time":"1 minute"},"schema":{"@context":"https:\/\/schema.org","@graph":[{"@type":"WebPage","@id":"https:\/\/dev.monti.lt\/product\/spirale-piramide\/","url":"https:\/\/dev.monti.lt\/product\/spirale-piramide\/","name":"Spiral\u0117-piramid\u0117 - Montessori \u017eaislai","isPartOf":{"@id":"https:\/\/dev.monti.lt\/#website"},"primaryImageOfPage":{"@id":"https:\/\/dev.monti.lt\/product\/spirale-piramide\/#primaryimage"},"image":{"@id":"https:\/\/dev.monti.lt\/product\/spirale-piramide\/#primaryimage"},"thumbnailUrl":"https:\/\/dev.monti.lt\/wp-content\/uploads\/2023\/06\/Rainbow-tower-pyramid-pinwheel-spiral-for-stacking-135200.jpg","datePublished":"2023-06-22T16:06:05+00:00","dateModified":"2024-10-03T07:46:00+00:00","breadcrumb":{"@id":"https:\/\/dev.monti.lt\/product\/spirale-piramide\/#breadcrumb"},"inLanguage":"en-US","potentialAction":[{"@type":"ReadAction","target":["https:\/\/dev.monti.lt\/product\/spirale-piramide\/"]}]},{"@type":"ImageObject","inLanguage":"en-US","@id":"https:\/\/dev.monti.lt\/product\/spirale-piramide\/#primaryimage","url":"https:\/\/dev.monti.lt\/wp-content\/uploads\/2023\/06\/Rainbow-tower-pyramid-pinwheel-spiral-for-stacking-135200.jpg","contentUrl":"https:\/\/dev.monti.lt\/wp-content\/uploads\/2023\/06\/Rainbow-tower-pyramid-pinwheel-spiral-for-stacking-135200.jpg","width":1024,"height":1024,"caption":"piramide spirale"},{"@type":"BreadcrumbList","@id":"https:\/\/dev.monti.lt\/product\/spirale-piramide\/#breadcrumb","itemListElement":[{"@type":"ListItem","position":1,"name":"Home","item":"https:\/\/dev.monti.lt\/"},{"@type":"ListItem","position":2,"name":"Parduotuv\u0117","item":"https:\/\/dev.monti.lt\/shop\/"},{"@type":"ListItem","position":3,"name":"Spiral\u0117-piramid\u0117"}]},{"@type":"WebSite","@id":"https:\/\/dev.monti.lt\/#website","url":"https:\/\/dev.monti.lt\/","name":"Montessori \u017eaislai","description":"","publisher":{"@id":"https:\/\/dev.monti.lt\/#organization"},"potentialAction":[{"@type":"SearchAction","target":{"@type":"EntryPoint","urlTemplate":"https:\/\/dev.monti.lt\/?s={search_term_string}"},"query-input":"required name=search_term_string"}],"inLanguage":"en-US"},{"@type":"Organization","@id":"https:\/\/dev.monti.lt\/#organization","name":"Montessori \u017eaislai","url":"https:\/\/dev.monti.lt\/","logo":{"@type":"ImageObject","inLanguage":"en-US","@id":"https:\/\/dev.monti.lt\/#\/schema\/logo\/image\/","url":"https:\/\/dev.monti.lt\/wp-content\/uploads\/2022\/03\/montilogo-1.png","contentUrl":"https:\/\/dev.monti.lt\/wp-content\/uploads\/2022\/03\/montilogo-1.png","width":512,"height":512,"caption":"Montessori \u017eaislai"},"image":{"@id":"https:\/\/dev.monti.lt\/#\/schema\/logo\/image\/"}}]}},"_links":{"self":[{"href":"https:\/\/dev.monti.lt\/en\/wp-json\/wp\/v2\/product\/15752"}],"collection":[{"href":"https:\/\/dev.monti.lt\/en\/wp-json\/wp\/v2\/product"}],"about":[{"href":"https:\/\/dev.monti.lt\/en\/wp-json\/wp\/v2\/types\/product"}],"version-history":[{"count":2,"href":"https:\/\/dev.monti.lt\/en\/wp-json\/wp\/v2\/product\/15752\/revisions"}],"predecessor-version":[{"id":20093,"href":"https:\/\/dev.monti.lt\/en\/wp-json\/wp\/v2\/product\/15752\/revisions\/20093"}],"wp:featuredmedia":[{"embeddable":true,"href":"https:\/\/dev.monti.lt\/en\/wp-json\/wp\/v2\/media\/20083"}],"wp:attachment":[{"href":"https:\/\/dev.monti.lt\/en\/wp-json\/wp\/v2\/media?parent=15752"}],"wp:term":[{"taxonomy":"product_cat","embeddable":true,"href":"https:\/\/dev.monti.lt\/en\/wp-json\/wp\/v2\/product_cat?post=15752"},{"taxonomy":"product_tag","embeddable":true,"href":"https:\/\/dev.monti.lt\/en\/wp-json\/wp\/v2\/product_tag?post=15752"}],"curies":[{"name":"wp","href":"https:\/\/api.w.org\/{rel}","templated":true}]}}