{"id":15720,"date":"2023-06-21T09:31:12","date_gmt":"2023-06-21T09:31:12","guid":{"rendered":"https:\/\/dev.monti.lt\/?post_type=product&#038;p=15720"},"modified":"2024-04-24T06:13:36","modified_gmt":"2024-04-24T06:13:36","slug":"kamuoliuku-ridenimo-trasa","status":"publish","type":"product","link":"https:\/\/dev.monti.lt\/en\/product\/kamuoliuku-ridenimo-trasa\/","title":{"rendered":"Kamuoliuk\u0173 ridenimo tr\u0105sa"},"content":{"rendered":"<p><strong>WOOPIE<\/strong>&nbsp;CouloDrome&nbsp;&nbsp; yra&nbsp;<strong>spiralinis bok\u0161tas,<\/strong>&nbsp;skirtas begaliniam linksmumui.&nbsp;\u0160\u012f rinkin\u012f sudaro&nbsp;<strong>5 spalvingos dalys<\/strong>&nbsp;, kurias&nbsp;<strong>j\u016bs\u0173 ma\u017eylis gali lengvai sukrauti<\/strong>&nbsp;vien\u0105 ant kitos.&nbsp;Kamuoliukai ried\u0117s nuo auk\u0161\u010diausio \u010diuo\u017eyklos elemento iki pat apa\u010dios.&nbsp;Aik\u0161tel\u0117je yra&nbsp;<strong>3 skirting\u0173 spalv\u0173 lengvi ir lengvai<\/strong>&nbsp;suimami kamuoliukai, kurie judinant skleid\u017eia gars\u0105.&nbsp;Dydis tinka ma\u017eoms rankyt\u0117ms ir&nbsp;<strong>padeda lavinti rank\u0173 ir aki\u0173 koordinacij\u0105<\/strong>&nbsp;.<\/p><p><strong>Charakteristikos<\/strong>&nbsp;:<\/p><ul class=\"wp-block-list\"><li>&#8211; nuo&nbsp;<strong>6 m\u0117nesi\u0173 am\u017eiaus,<\/strong><\/li>\n\n<li>&#8211;&nbsp;<strong>rinkinyje:<\/strong>&nbsp;3 kamuoliukai,<\/li>\n\n<li>&#8211; rutuliai&nbsp;<strong>skleid\u017eia gars\u0105,<\/strong>&nbsp;pana\u0161\u0173 \u012f&nbsp;<strong>bar\u0161k\u0117jim\u0105,<\/strong><\/li>\n\n<li>&#8211; padeda lavinti rank\u0173 ir aki\u0173 koordinacij\u0105,<\/li>\n\n<li>&#8211; saug\u016bs elementai,<\/li>\n\n<li>&#8211; dalys gali b\u016bti lengvai derinamos viena su kita.<\/li><\/ul>","protected":false},"excerpt":{"rendered":"<p>WOOPIE&nbsp;CouloDrome&nbsp;&nbsp; yra&nbsp;spiralinis bok\u0161tas,&nbsp;skirtas begaliniam linksmumui.&nbsp;\u0160\u012f rinkin\u012f sudaro&nbsp;5 spalvingos dalys&nbsp;, kurias&nbsp;j\u016bs\u0173 ma\u017eylis gali lengvai sukrauti&nbsp;vien\u0105 ant kitos.&nbsp;Kamuoliukai ried\u0117s nuo auk\u0161\u010diausio \u010diuo\u017eyklos elemento iki pat apa\u010dios.&nbsp;Aik\u0161tel\u0117je yra&nbsp;3 skirting\u0173 spalv\u0173 lengvi ir lengvai&nbsp;suimami kamuoliukai, kurie judinant skleid\u017eia gars\u0105.&nbsp;Dydis tinka ma\u017eoms rankyt\u0117ms ir&nbsp;padeda lavinti rank\u0173 ir aki\u0173 koordinacij\u0105&nbsp;. Charakteristikos&nbsp;:<\/p>","protected":false},"featured_media":15721,"template":"","meta":{"iawp_total_views":15},"product_cat":[82,84,91,90,86,49,39],"product_tag":[95,96,97,94],"class_list":{"0":"post-15720","1":"product","2":"type-product","3":"status-publish","4":"has-post-thumbnail","6":"product_cat-ispardavimas","7":"product_cat-lavinamieji-zaislai","8":"product_cat-loginiam-mastymui","9":"product_cat-pasaulio-pazinimas","10":"product_cat-smulkioji-motorika","11":"product_cat-visi-zaislai","12":"product_cat-zaislai","13":"product_tag-1-m-2-m","14":"product_tag-2-m-3-m","15":"product_tag-3-m-4-m","16":"product_tag-iki-1-m","18":"first","19":"outofstock","20":"sale","21":"taxable","22":"shipping-taxable","23":"purchasable","24":"product-type-simple"},"yoast_head":"<!-- This site is optimized with the Yoast SEO plugin v23.3 - https:\/\/yoast.com\/wordpress\/plugins\/seo\/ -->\n<title>Kamuoliuk\u0173 ridenimo tr\u0105sa - Montessori \u017eaislai<\/title>\n<meta name=\"robots\" content=\"noindex, follow, max-snippet:-1, max-image-preview:large, max-video-preview:-1\" \/>\n<meta property=\"og:locale\" content=\"en_US\" \/>\n<meta property=\"og:type\" content=\"article\" \/>\n<meta property=\"og:title\" content=\"Kamuoliuk\u0173 ridenimo tr\u0105sa - Montessori \u017eaislai\" \/>\n<meta property=\"og:description\" content=\"WOOPIE&nbsp;CouloDrome&nbsp;&nbsp; yra&nbsp;spiralinis bok\u0161tas,&nbsp;skirtas begaliniam linksmumui.&nbsp;\u0160\u012f rinkin\u012f sudaro&nbsp;5 spalvingos dalys&nbsp;, kurias&nbsp;j\u016bs\u0173 ma\u017eylis gali lengvai sukrauti&nbsp;vien\u0105 ant kitos.&nbsp;Kamuoliukai ried\u0117s nuo auk\u0161\u010diausio \u010diuo\u017eyklos elemento iki pat apa\u010dios.&nbsp;Aik\u0161tel\u0117je yra&nbsp;3 skirting\u0173 spalv\u0173 lengvi ir lengvai&nbsp;suimami kamuoliukai, kurie judinant skleid\u017eia gars\u0105.&nbsp;Dydis tinka ma\u017eoms rankyt\u0117ms ir&nbsp;padeda lavinti rank\u0173 ir aki\u0173 koordinacij\u0105&nbsp;. Charakteristikos&nbsp;:\" \/>\n<meta property=\"og:url\" content=\"https:\/\/dev.monti.lt\/en\/product\/kamuoliuku-ridenimo-trasa\/\" \/>\n<meta property=\"og:site_name\" content=\"Montessori \u017eaislai\" \/>\n<meta property=\"article:modified_time\" content=\"2024-04-24T06:13:36+00:00\" \/>\n<meta property=\"og:image\" content=\"https:\/\/dev.monti.lt\/wp-content\/uploads\/2023\/06\/woopie-kulodrom-tor-kulkowy-zestaw-spirala-3-kulki.jpg\" \/>\n\t<meta property=\"og:image:width\" content=\"800\" \/>\n\t<meta property=\"og:image:height\" content=\"800\" \/>\n\t<meta property=\"og:image:type\" content=\"image\/jpeg\" \/>\n<meta name=\"twitter:card\" content=\"summary_large_image\" \/>\n<meta name=\"twitter:label1\" content=\"Est. reading time\" \/>\n\t<meta name=\"twitter:data1\" content=\"1 minute\" \/>\n<script type=\"application\/ld+json\" class=\"yoast-schema-graph\">{\"@context\":\"https:\/\/schema.org\",\"@graph\":[{\"@type\":\"WebPage\",\"@id\":\"https:\/\/dev.monti.lt\/product\/kamuoliuku-ridenimo-trasa\/\",\"url\":\"https:\/\/dev.monti.lt\/product\/kamuoliuku-ridenimo-trasa\/\",\"name\":\"Kamuoliuk\u0173 ridenimo tr\u0105sa - Montessori \u017eaislai\",\"isPartOf\":{\"@id\":\"https:\/\/dev.monti.lt\/#website\"},\"primaryImageOfPage\":{\"@id\":\"https:\/\/dev.monti.lt\/product\/kamuoliuku-ridenimo-trasa\/#primaryimage\"},\"image\":{\"@id\":\"https:\/\/dev.monti.lt\/product\/kamuoliuku-ridenimo-trasa\/#primaryimage\"},\"thumbnailUrl\":\"https:\/\/dev.monti.lt\/wp-content\/uploads\/2023\/06\/woopie-kulodrom-tor-kulkowy-zestaw-spirala-3-kulki.jpg\",\"datePublished\":\"2023-06-21T09:31:12+00:00\",\"dateModified\":\"2024-04-24T06:13:36+00:00\",\"breadcrumb\":{\"@id\":\"https:\/\/dev.monti.lt\/product\/kamuoliuku-ridenimo-trasa\/#breadcrumb\"},\"inLanguage\":\"en-US\",\"potentialAction\":[{\"@type\":\"ReadAction\",\"target\":[\"https:\/\/dev.monti.lt\/product\/kamuoliuku-ridenimo-trasa\/\"]}]},{\"@type\":\"ImageObject\",\"inLanguage\":\"en-US\",\"@id\":\"https:\/\/dev.monti.lt\/product\/kamuoliuku-ridenimo-trasa\/#primaryimage\",\"url\":\"https:\/\/dev.monti.lt\/wp-content\/uploads\/2023\/06\/woopie-kulodrom-tor-kulkowy-zestaw-spirala-3-kulki.jpg\",\"contentUrl\":\"https:\/\/dev.monti.lt\/wp-content\/uploads\/2023\/06\/woopie-kulodrom-tor-kulkowy-zestaw-spirala-3-kulki.jpg\",\"width\":800,\"height\":800},{\"@type\":\"BreadcrumbList\",\"@id\":\"https:\/\/dev.monti.lt\/product\/kamuoliuku-ridenimo-trasa\/#breadcrumb\",\"itemListElement\":[{\"@type\":\"ListItem\",\"position\":1,\"name\":\"Home\",\"item\":\"https:\/\/dev.monti.lt\/\"},{\"@type\":\"ListItem\",\"position\":2,\"name\":\"Parduotuv\u0117\",\"item\":\"https:\/\/dev.monti.lt\/shop\/\"},{\"@type\":\"ListItem\",\"position\":3,\"name\":\"Kamuoliuk\u0173 ridenimo tr\u0105sa\"}]},{\"@type\":\"WebSite\",\"@id\":\"https:\/\/dev.monti.lt\/#website\",\"url\":\"https:\/\/dev.monti.lt\/\",\"name\":\"Montessori \u017eaislai\",\"description\":\"\",\"publisher\":{\"@id\":\"https:\/\/dev.monti.lt\/#organization\"},\"potentialAction\":[{\"@type\":\"SearchAction\",\"target\":{\"@type\":\"EntryPoint\",\"urlTemplate\":\"https:\/\/dev.monti.lt\/?s={search_term_string}\"},\"query-input\":\"required name=search_term_string\"}],\"inLanguage\":\"en-US\"},{\"@type\":\"Organization\",\"@id\":\"https:\/\/dev.monti.lt\/#organization\",\"name\":\"Montessori \u017eaislai\",\"url\":\"https:\/\/dev.monti.lt\/\",\"logo\":{\"@type\":\"ImageObject\",\"inLanguage\":\"en-US\",\"@id\":\"https:\/\/dev.monti.lt\/#\/schema\/logo\/image\/\",\"url\":\"https:\/\/dev.monti.lt\/wp-content\/uploads\/2022\/03\/montilogo-1.png\",\"contentUrl\":\"https:\/\/dev.monti.lt\/wp-content\/uploads\/2022\/03\/montilogo-1.png\",\"width\":512,\"height\":512,\"caption\":\"Montessori \u017eaislai\"},\"image\":{\"@id\":\"https:\/\/dev.monti.lt\/#\/schema\/logo\/image\/\"}}]}<\/script>\n<!-- \/ Yoast SEO plugin. -->","yoast_head_json":{"title":"Kamuoliuk\u0173 ridenimo tr\u0105sa - Montessori \u017eaislai","robots":{"index":"noindex","follow":"follow","max-snippet":"max-snippet:-1","max-image-preview":"max-image-preview:large","max-video-preview":"max-video-preview:-1"},"og_locale":"en_US","og_type":"article","og_title":"Kamuoliuk\u0173 ridenimo tr\u0105sa - Montessori \u017eaislai","og_description":"WOOPIE&nbsp;CouloDrome&nbsp;&nbsp; yra&nbsp;spiralinis bok\u0161tas,&nbsp;skirtas begaliniam linksmumui.&nbsp;\u0160\u012f rinkin\u012f sudaro&nbsp;5 spalvingos dalys&nbsp;, kurias&nbsp;j\u016bs\u0173 ma\u017eylis gali lengvai sukrauti&nbsp;vien\u0105 ant kitos.&nbsp;Kamuoliukai ried\u0117s nuo auk\u0161\u010diausio \u010diuo\u017eyklos elemento iki pat apa\u010dios.&nbsp;Aik\u0161tel\u0117je yra&nbsp;3 skirting\u0173 spalv\u0173 lengvi ir lengvai&nbsp;suimami kamuoliukai, kurie judinant skleid\u017eia gars\u0105.&nbsp;Dydis tinka ma\u017eoms rankyt\u0117ms ir&nbsp;padeda lavinti rank\u0173 ir aki\u0173 koordinacij\u0105&nbsp;. Charakteristikos&nbsp;:","og_url":"https:\/\/dev.monti.lt\/en\/product\/kamuoliuku-ridenimo-trasa\/","og_site_name":"Montessori \u017eaislai","article_modified_time":"2024-04-24T06:13:36+00:00","og_image":[{"width":800,"height":800,"url":"https:\/\/dev.monti.lt\/wp-content\/uploads\/2023\/06\/woopie-kulodrom-tor-kulkowy-zestaw-spirala-3-kulki.jpg","type":"image\/jpeg"}],"twitter_card":"summary_large_image","twitter_misc":{"Est. reading time":"1 minute"},"schema":{"@context":"https:\/\/schema.org","@graph":[{"@type":"WebPage","@id":"https:\/\/dev.monti.lt\/product\/kamuoliuku-ridenimo-trasa\/","url":"https:\/\/dev.monti.lt\/product\/kamuoliuku-ridenimo-trasa\/","name":"Kamuoliuk\u0173 ridenimo tr\u0105sa - Montessori \u017eaislai","isPartOf":{"@id":"https:\/\/dev.monti.lt\/#website"},"primaryImageOfPage":{"@id":"https:\/\/dev.monti.lt\/product\/kamuoliuku-ridenimo-trasa\/#primaryimage"},"image":{"@id":"https:\/\/dev.monti.lt\/product\/kamuoliuku-ridenimo-trasa\/#primaryimage"},"thumbnailUrl":"https:\/\/dev.monti.lt\/wp-content\/uploads\/2023\/06\/woopie-kulodrom-tor-kulkowy-zestaw-spirala-3-kulki.jpg","datePublished":"2023-06-21T09:31:12+00:00","dateModified":"2024-04-24T06:13:36+00:00","breadcrumb":{"@id":"https:\/\/dev.monti.lt\/product\/kamuoliuku-ridenimo-trasa\/#breadcrumb"},"inLanguage":"en-US","potentialAction":[{"@type":"ReadAction","target":["https:\/\/dev.monti.lt\/product\/kamuoliuku-ridenimo-trasa\/"]}]},{"@type":"ImageObject","inLanguage":"en-US","@id":"https:\/\/dev.monti.lt\/product\/kamuoliuku-ridenimo-trasa\/#primaryimage","url":"https:\/\/dev.monti.lt\/wp-content\/uploads\/2023\/06\/woopie-kulodrom-tor-kulkowy-zestaw-spirala-3-kulki.jpg","contentUrl":"https:\/\/dev.monti.lt\/wp-content\/uploads\/2023\/06\/woopie-kulodrom-tor-kulkowy-zestaw-spirala-3-kulki.jpg","width":800,"height":800},{"@type":"BreadcrumbList","@id":"https:\/\/dev.monti.lt\/product\/kamuoliuku-ridenimo-trasa\/#breadcrumb","itemListElement":[{"@type":"ListItem","position":1,"name":"Home","item":"https:\/\/dev.monti.lt\/"},{"@type":"ListItem","position":2,"name":"Parduotuv\u0117","item":"https:\/\/dev.monti.lt\/shop\/"},{"@type":"ListItem","position":3,"name":"Kamuoliuk\u0173 ridenimo tr\u0105sa"}]},{"@type":"WebSite","@id":"https:\/\/dev.monti.lt\/#website","url":"https:\/\/dev.monti.lt\/","name":"Montessori \u017eaislai","description":"","publisher":{"@id":"https:\/\/dev.monti.lt\/#organization"},"potentialAction":[{"@type":"SearchAction","target":{"@type":"EntryPoint","urlTemplate":"https:\/\/dev.monti.lt\/?s={search_term_string}"},"query-input":"required name=search_term_string"}],"inLanguage":"en-US"},{"@type":"Organization","@id":"https:\/\/dev.monti.lt\/#organization","name":"Montessori \u017eaislai","url":"https:\/\/dev.monti.lt\/","logo":{"@type":"ImageObject","inLanguage":"en-US","@id":"https:\/\/dev.monti.lt\/#\/schema\/logo\/image\/","url":"https:\/\/dev.monti.lt\/wp-content\/uploads\/2022\/03\/montilogo-1.png","contentUrl":"https:\/\/dev.monti.lt\/wp-content\/uploads\/2022\/03\/montilogo-1.png","width":512,"height":512,"caption":"Montessori \u017eaislai"},"image":{"@id":"https:\/\/dev.monti.lt\/#\/schema\/logo\/image\/"}}]}},"_links":{"self":[{"href":"https:\/\/dev.monti.lt\/en\/wp-json\/wp\/v2\/product\/15720"}],"collection":[{"href":"https:\/\/dev.monti.lt\/en\/wp-json\/wp\/v2\/product"}],"about":[{"href":"https:\/\/dev.monti.lt\/en\/wp-json\/wp\/v2\/types\/product"}],"version-history":[{"count":1,"href":"https:\/\/dev.monti.lt\/en\/wp-json\/wp\/v2\/product\/15720\/revisions"}],"predecessor-version":[{"id":15725,"href":"https:\/\/dev.monti.lt\/en\/wp-json\/wp\/v2\/product\/15720\/revisions\/15725"}],"wp:featuredmedia":[{"embeddable":true,"href":"https:\/\/dev.monti.lt\/en\/wp-json\/wp\/v2\/media\/15721"}],"wp:attachment":[{"href":"https:\/\/dev.monti.lt\/en\/wp-json\/wp\/v2\/media?parent=15720"}],"wp:term":[{"taxonomy":"product_cat","embeddable":true,"href":"https:\/\/dev.monti.lt\/en\/wp-json\/wp\/v2\/product_cat?post=15720"},{"taxonomy":"product_tag","embeddable":true,"href":"https:\/\/dev.monti.lt\/en\/wp-json\/wp\/v2\/product_tag?post=15720"}],"curies":[{"name":"wp","href":"https:\/\/api.w.org\/{rel}","templated":true}]}}