{"id":15701,"date":"2023-06-21T08:18:31","date_gmt":"2023-06-21T08:18:31","guid":{"rendered":"https:\/\/dev.monti.lt\/?post_type=product&#038;p=15701"},"modified":"2024-10-01T10:41:26","modified_gmt":"2024-10-01T10:41:26","slug":"bokstas-mokausi-skaiciuoti","status":"publish","type":"product","link":"https:\/\/dev.monti.lt\/en\/product\/bokstas-mokausi-skaiciuoti\/","title":{"rendered":"Bok\u0161tas &#8220;mokausi skai\u010diuoti&#8221;"},"content":{"rendered":"<p>Garsios \u012fmon\u0117s\u00a0\u00a0<strong>\u201eClassic World\u201c<\/strong>\u201eMagic Box\u201c\u00a0\u00a0<strong>kalad\u0117l\u0117s<\/strong>\u00a0\u00a0yra puiki pramoga patiems ma\u017eiausiems, jie veikia\u00a0\u00a0<strong>kaip galvos\u016bkis<\/strong>\u00a0, bok\u0161tas, piramid\u0117 ir padeda i\u0161mokti skai\u010dius ir pagrindinius \u017eod\u017eius angl\u0173 kalba.\u00a0Spalvingas, originalus\u00a0\u00a0<strong>lavinamasis \u017eaislas<\/strong>\u00a0, suteikiantis fantasti\u0161k\u0173, \u012fvairi\u0173 variant\u0173 linksmybi\u0173.\u00a0\u017daislas garantuoja saug\u0173, daugiapakop\u012f\u00a0<strong>\u00a0k\u016bdikio vystym\u0105si<\/strong>.\u00a0Jis linksmina ir tuo pa\u010diu palaiko auk\u0161t\u0105 suvokimo ir motorin\u0117s veiklos integracijos lyg\u012f.\u00a0Atliekant pratimus, pvz., statant bok\u0161t\u0105 arba \u012fd\u0117jus d\u0117\u017e\u0119 \u012f vis ma\u017eesn\u0119 d\u0117\u017e\u0119, ji priver\u010dia teisingai m\u0105styti.\u00a0D\u0117l darbo estetikos \u201eMagic Box\u201c yra dekoratyvinis vaiko kambario elementas, tarnaujantis kaip kreideli\u0173 ir kit\u0173 nieku\u010di\u0173 d\u0117\u017eut\u0117 ar r\u016b\u0161iuotojas.<\/p><p><strong>Charakteristika:<\/strong><\/p><ul class=\"wp-block-list\"><li>&#8211; Blokai, susidedantys i\u0161&nbsp;&nbsp;<strong>10 blok\u0173<\/strong><\/li>\n\n<li>&#8211; D\u0117\u017eut\u0117s yra \u012fvairi\u0173 dyd\u017ei\u0173.&nbsp;<\/li>\n\n<li>\u2013 Kiekvienas kauliukas turi skirting\u0105 skai\u010di\u0173, skirting\u0105 gyv\u016bn\u0105 ir skirtingus \u017eod\u017eius.<\/li><\/ul><p><strong>\u017daislas vysto:<\/strong><\/p><ul class=\"wp-block-list\"><li>&#8211; motoriniai \u012fg\u016bd\u017eiai,<\/li>\n\n<li>&#8211; vaizduot\u0117s,<\/li>\n\n<li>&#8211; geb\u0117jimas steb\u0117ti supant\u012f pasaul\u012f,<\/li>\n\n<li>&#8211; k\u016brybi\u0161kumas.<\/li><\/ul><p><strong>Eko\u017eaislai \u2013<\/strong>&nbsp;&nbsp;tai \u017eaislai vaikams ir patiems ma\u017eiausiems, kurie pagaminti i\u0161 visi\u0161kai nat\u016brali\u0173, biologi\u0161kai skaid\u017ei\u0173 ir hipoalergini\u0173 med\u017eiag\u0173, kuri\u0173 d\u0117ka yra 100% saug\u016bs ir nekenksmingi ne tik aplinkai, bet ir J\u016bs\u0173 vaikui.<\/p>","protected":false},"excerpt":{"rendered":"<p>Garsios \u012fmon\u0117s\u00a0\u00a0\u201eClassic World\u201c\u201eMagic Box\u201c\u00a0\u00a0kalad\u0117l\u0117s\u00a0\u00a0yra puiki pramoga patiems ma\u017eiausiems, jie veikia\u00a0\u00a0kaip galvos\u016bkis\u00a0, bok\u0161tas, piramid\u0117 ir padeda i\u0161mokti skai\u010dius ir pagrindinius \u017eod\u017eius angl\u0173 kalba.\u00a0Spalvingas, originalus\u00a0\u00a0lavinamasis \u017eaislas\u00a0, suteikiantis fantasti\u0161k\u0173, \u012fvairi\u0173 variant\u0173 linksmybi\u0173.\u00a0\u017daislas garantuoja saug\u0173, daugiapakop\u012f\u00a0\u00a0k\u016bdikio vystym\u0105si.\u00a0Jis linksmina ir tuo pa\u010diu palaiko auk\u0161t\u0105 suvokimo ir motorin\u0117s veiklos integracijos lyg\u012f.\u00a0Atliekant pratimus, pvz., statant bok\u0161t\u0105 arba \u012fd\u0117jus d\u0117\u017e\u0119 \u012f vis ma\u017eesn\u0119 [&hellip;]<\/p>","protected":false},"featured_media":15702,"template":"","meta":{"iawp_total_views":64},"product_cat":[92,84,91,88,90,86,49,39],"product_tag":[95,96,97,98],"class_list":{"0":"post-15701","1":"product","2":"type-product","3":"status-publish","4":"has-post-thumbnail","6":"product_cat-deliones","7":"product_cat-lavinamieji-zaislai","8":"product_cat-loginiam-mastymui","9":"product_cat-mokausi-zaisti","10":"product_cat-pasaulio-pazinimas","11":"product_cat-smulkioji-motorika","12":"product_cat-visi-zaislai","13":"product_cat-zaislai","14":"product_tag-1-m-2-m","15":"product_tag-2-m-3-m","16":"product_tag-3-m-4-m","17":"product_tag-5-m-7-m","19":"first","20":"outofstock","21":"sale","22":"taxable","23":"shipping-taxable","24":"purchasable","25":"product-type-simple"},"yoast_head":"<!-- This site is optimized with the Yoast SEO plugin v23.3 - https:\/\/yoast.com\/wordpress\/plugins\/seo\/ -->\n<title>Bok\u0161tas &quot;mokausi skai\u010diuoti&quot; - Montessori \u017eaislai<\/title>\n<meta name=\"robots\" content=\"noindex, follow, max-snippet:-1, max-image-preview:large, max-video-preview:-1\" \/>\n<meta property=\"og:locale\" content=\"en_US\" \/>\n<meta property=\"og:type\" content=\"article\" \/>\n<meta property=\"og:title\" content=\"Bok\u0161tas &quot;mokausi skai\u010diuoti&quot; - Montessori \u017eaislai\" \/>\n<meta property=\"og:description\" content=\"Garsios \u012fmon\u0117s\u00a0\u00a0\u201eClassic World\u201c\u201eMagic Box\u201c\u00a0\u00a0kalad\u0117l\u0117s\u00a0\u00a0yra puiki pramoga patiems ma\u017eiausiems, jie veikia\u00a0\u00a0kaip galvos\u016bkis\u00a0, bok\u0161tas, piramid\u0117 ir padeda i\u0161mokti skai\u010dius ir pagrindinius \u017eod\u017eius angl\u0173 kalba.\u00a0Spalvingas, originalus\u00a0\u00a0lavinamasis \u017eaislas\u00a0, suteikiantis fantasti\u0161k\u0173, \u012fvairi\u0173 variant\u0173 linksmybi\u0173.\u00a0\u017daislas garantuoja saug\u0173, daugiapakop\u012f\u00a0\u00a0k\u016bdikio vystym\u0105si.\u00a0Jis linksmina ir tuo pa\u010diu palaiko auk\u0161t\u0105 suvokimo ir motorin\u0117s veiklos integracijos lyg\u012f.\u00a0Atliekant pratimus, pvz., statant bok\u0161t\u0105 arba \u012fd\u0117jus d\u0117\u017e\u0119 \u012f vis ma\u017eesn\u0119 [&hellip;]\" \/>\n<meta property=\"og:url\" content=\"https:\/\/dev.monti.lt\/en\/product\/bokstas-mokausi-skaiciuoti\/\" \/>\n<meta property=\"og:site_name\" content=\"Montessori \u017eaislai\" \/>\n<meta property=\"article:modified_time\" content=\"2024-10-01T10:41:26+00:00\" \/>\n<meta property=\"og:image\" content=\"https:\/\/dev.monti.lt\/wp-content\/uploads\/2023\/06\/classic-world-drewniana-ukladanka-klocki-edukacyjne.jpg\" \/>\n\t<meta property=\"og:image:width\" content=\"800\" \/>\n\t<meta property=\"og:image:height\" content=\"800\" \/>\n\t<meta property=\"og:image:type\" content=\"image\/jpeg\" \/>\n<meta name=\"twitter:card\" content=\"summary_large_image\" \/>\n<meta name=\"twitter:label1\" content=\"Est. reading time\" \/>\n\t<meta name=\"twitter:data1\" content=\"1 minute\" \/>\n<script type=\"application\/ld+json\" class=\"yoast-schema-graph\">{\"@context\":\"https:\/\/schema.org\",\"@graph\":[{\"@type\":\"WebPage\",\"@id\":\"https:\/\/dev.monti.lt\/product\/bokstas-mokausi-skaiciuoti\/\",\"url\":\"https:\/\/dev.monti.lt\/product\/bokstas-mokausi-skaiciuoti\/\",\"name\":\"Bok\u0161tas \\\"mokausi skai\u010diuoti\\\" - Montessori \u017eaislai\",\"isPartOf\":{\"@id\":\"https:\/\/dev.monti.lt\/#website\"},\"primaryImageOfPage\":{\"@id\":\"https:\/\/dev.monti.lt\/product\/bokstas-mokausi-skaiciuoti\/#primaryimage\"},\"image\":{\"@id\":\"https:\/\/dev.monti.lt\/product\/bokstas-mokausi-skaiciuoti\/#primaryimage\"},\"thumbnailUrl\":\"https:\/\/dev.monti.lt\/wp-content\/uploads\/2023\/06\/classic-world-drewniana-ukladanka-klocki-edukacyjne.jpg\",\"datePublished\":\"2023-06-21T08:18:31+00:00\",\"dateModified\":\"2024-10-01T10:41:26+00:00\",\"breadcrumb\":{\"@id\":\"https:\/\/dev.monti.lt\/product\/bokstas-mokausi-skaiciuoti\/#breadcrumb\"},\"inLanguage\":\"en-US\",\"potentialAction\":[{\"@type\":\"ReadAction\",\"target\":[\"https:\/\/dev.monti.lt\/product\/bokstas-mokausi-skaiciuoti\/\"]}]},{\"@type\":\"ImageObject\",\"inLanguage\":\"en-US\",\"@id\":\"https:\/\/dev.monti.lt\/product\/bokstas-mokausi-skaiciuoti\/#primaryimage\",\"url\":\"https:\/\/dev.monti.lt\/wp-content\/uploads\/2023\/06\/classic-world-drewniana-ukladanka-klocki-edukacyjne.jpg\",\"contentUrl\":\"https:\/\/dev.monti.lt\/wp-content\/uploads\/2023\/06\/classic-world-drewniana-ukladanka-klocki-edukacyjne.jpg\",\"width\":800,\"height\":800},{\"@type\":\"BreadcrumbList\",\"@id\":\"https:\/\/dev.monti.lt\/product\/bokstas-mokausi-skaiciuoti\/#breadcrumb\",\"itemListElement\":[{\"@type\":\"ListItem\",\"position\":1,\"name\":\"Home\",\"item\":\"https:\/\/dev.monti.lt\/\"},{\"@type\":\"ListItem\",\"position\":2,\"name\":\"Parduotuv\u0117\",\"item\":\"https:\/\/dev.monti.lt\/shop\/\"},{\"@type\":\"ListItem\",\"position\":3,\"name\":\"Bok\u0161tas &#8220;mokausi skai\u010diuoti&#8221;\"}]},{\"@type\":\"WebSite\",\"@id\":\"https:\/\/dev.monti.lt\/#website\",\"url\":\"https:\/\/dev.monti.lt\/\",\"name\":\"Montessori \u017eaislai\",\"description\":\"\",\"publisher\":{\"@id\":\"https:\/\/dev.monti.lt\/#organization\"},\"potentialAction\":[{\"@type\":\"SearchAction\",\"target\":{\"@type\":\"EntryPoint\",\"urlTemplate\":\"https:\/\/dev.monti.lt\/?s={search_term_string}\"},\"query-input\":\"required name=search_term_string\"}],\"inLanguage\":\"en-US\"},{\"@type\":\"Organization\",\"@id\":\"https:\/\/dev.monti.lt\/#organization\",\"name\":\"Montessori \u017eaislai\",\"url\":\"https:\/\/dev.monti.lt\/\",\"logo\":{\"@type\":\"ImageObject\",\"inLanguage\":\"en-US\",\"@id\":\"https:\/\/dev.monti.lt\/#\/schema\/logo\/image\/\",\"url\":\"https:\/\/dev.monti.lt\/wp-content\/uploads\/2022\/03\/montilogo-1.png\",\"contentUrl\":\"https:\/\/dev.monti.lt\/wp-content\/uploads\/2022\/03\/montilogo-1.png\",\"width\":512,\"height\":512,\"caption\":\"Montessori \u017eaislai\"},\"image\":{\"@id\":\"https:\/\/dev.monti.lt\/#\/schema\/logo\/image\/\"}}]}<\/script>\n<!-- \/ Yoast SEO plugin. -->","yoast_head_json":{"title":"Bok\u0161tas \"mokausi skai\u010diuoti\" - Montessori \u017eaislai","robots":{"index":"noindex","follow":"follow","max-snippet":"max-snippet:-1","max-image-preview":"max-image-preview:large","max-video-preview":"max-video-preview:-1"},"og_locale":"en_US","og_type":"article","og_title":"Bok\u0161tas \"mokausi skai\u010diuoti\" - Montessori \u017eaislai","og_description":"Garsios \u012fmon\u0117s\u00a0\u00a0\u201eClassic World\u201c\u201eMagic Box\u201c\u00a0\u00a0kalad\u0117l\u0117s\u00a0\u00a0yra puiki pramoga patiems ma\u017eiausiems, jie veikia\u00a0\u00a0kaip galvos\u016bkis\u00a0, bok\u0161tas, piramid\u0117 ir padeda i\u0161mokti skai\u010dius ir pagrindinius \u017eod\u017eius angl\u0173 kalba.\u00a0Spalvingas, originalus\u00a0\u00a0lavinamasis \u017eaislas\u00a0, suteikiantis fantasti\u0161k\u0173, \u012fvairi\u0173 variant\u0173 linksmybi\u0173.\u00a0\u017daislas garantuoja saug\u0173, daugiapakop\u012f\u00a0\u00a0k\u016bdikio vystym\u0105si.\u00a0Jis linksmina ir tuo pa\u010diu palaiko auk\u0161t\u0105 suvokimo ir motorin\u0117s veiklos integracijos lyg\u012f.\u00a0Atliekant pratimus, pvz., statant bok\u0161t\u0105 arba \u012fd\u0117jus d\u0117\u017e\u0119 \u012f vis ma\u017eesn\u0119 [&hellip;]","og_url":"https:\/\/dev.monti.lt\/en\/product\/bokstas-mokausi-skaiciuoti\/","og_site_name":"Montessori \u017eaislai","article_modified_time":"2024-10-01T10:41:26+00:00","og_image":[{"width":800,"height":800,"url":"https:\/\/dev.monti.lt\/wp-content\/uploads\/2023\/06\/classic-world-drewniana-ukladanka-klocki-edukacyjne.jpg","type":"image\/jpeg"}],"twitter_card":"summary_large_image","twitter_misc":{"Est. reading time":"1 minute"},"schema":{"@context":"https:\/\/schema.org","@graph":[{"@type":"WebPage","@id":"https:\/\/dev.monti.lt\/product\/bokstas-mokausi-skaiciuoti\/","url":"https:\/\/dev.monti.lt\/product\/bokstas-mokausi-skaiciuoti\/","name":"Bok\u0161tas \"mokausi skai\u010diuoti\" - Montessori \u017eaislai","isPartOf":{"@id":"https:\/\/dev.monti.lt\/#website"},"primaryImageOfPage":{"@id":"https:\/\/dev.monti.lt\/product\/bokstas-mokausi-skaiciuoti\/#primaryimage"},"image":{"@id":"https:\/\/dev.monti.lt\/product\/bokstas-mokausi-skaiciuoti\/#primaryimage"},"thumbnailUrl":"https:\/\/dev.monti.lt\/wp-content\/uploads\/2023\/06\/classic-world-drewniana-ukladanka-klocki-edukacyjne.jpg","datePublished":"2023-06-21T08:18:31+00:00","dateModified":"2024-10-01T10:41:26+00:00","breadcrumb":{"@id":"https:\/\/dev.monti.lt\/product\/bokstas-mokausi-skaiciuoti\/#breadcrumb"},"inLanguage":"en-US","potentialAction":[{"@type":"ReadAction","target":["https:\/\/dev.monti.lt\/product\/bokstas-mokausi-skaiciuoti\/"]}]},{"@type":"ImageObject","inLanguage":"en-US","@id":"https:\/\/dev.monti.lt\/product\/bokstas-mokausi-skaiciuoti\/#primaryimage","url":"https:\/\/dev.monti.lt\/wp-content\/uploads\/2023\/06\/classic-world-drewniana-ukladanka-klocki-edukacyjne.jpg","contentUrl":"https:\/\/dev.monti.lt\/wp-content\/uploads\/2023\/06\/classic-world-drewniana-ukladanka-klocki-edukacyjne.jpg","width":800,"height":800},{"@type":"BreadcrumbList","@id":"https:\/\/dev.monti.lt\/product\/bokstas-mokausi-skaiciuoti\/#breadcrumb","itemListElement":[{"@type":"ListItem","position":1,"name":"Home","item":"https:\/\/dev.monti.lt\/"},{"@type":"ListItem","position":2,"name":"Parduotuv\u0117","item":"https:\/\/dev.monti.lt\/shop\/"},{"@type":"ListItem","position":3,"name":"Bok\u0161tas &#8220;mokausi skai\u010diuoti&#8221;"}]},{"@type":"WebSite","@id":"https:\/\/dev.monti.lt\/#website","url":"https:\/\/dev.monti.lt\/","name":"Montessori \u017eaislai","description":"","publisher":{"@id":"https:\/\/dev.monti.lt\/#organization"},"potentialAction":[{"@type":"SearchAction","target":{"@type":"EntryPoint","urlTemplate":"https:\/\/dev.monti.lt\/?s={search_term_string}"},"query-input":"required name=search_term_string"}],"inLanguage":"en-US"},{"@type":"Organization","@id":"https:\/\/dev.monti.lt\/#organization","name":"Montessori \u017eaislai","url":"https:\/\/dev.monti.lt\/","logo":{"@type":"ImageObject","inLanguage":"en-US","@id":"https:\/\/dev.monti.lt\/#\/schema\/logo\/image\/","url":"https:\/\/dev.monti.lt\/wp-content\/uploads\/2022\/03\/montilogo-1.png","contentUrl":"https:\/\/dev.monti.lt\/wp-content\/uploads\/2022\/03\/montilogo-1.png","width":512,"height":512,"caption":"Montessori \u017eaislai"},"image":{"@id":"https:\/\/dev.monti.lt\/#\/schema\/logo\/image\/"}}]}},"_links":{"self":[{"href":"https:\/\/dev.monti.lt\/en\/wp-json\/wp\/v2\/product\/15701"}],"collection":[{"href":"https:\/\/dev.monti.lt\/en\/wp-json\/wp\/v2\/product"}],"about":[{"href":"https:\/\/dev.monti.lt\/en\/wp-json\/wp\/v2\/types\/product"}],"version-history":[{"count":1,"href":"https:\/\/dev.monti.lt\/en\/wp-json\/wp\/v2\/product\/15701\/revisions"}],"predecessor-version":[{"id":15710,"href":"https:\/\/dev.monti.lt\/en\/wp-json\/wp\/v2\/product\/15701\/revisions\/15710"}],"wp:featuredmedia":[{"embeddable":true,"href":"https:\/\/dev.monti.lt\/en\/wp-json\/wp\/v2\/media\/15702"}],"wp:attachment":[{"href":"https:\/\/dev.monti.lt\/en\/wp-json\/wp\/v2\/media?parent=15701"}],"wp:term":[{"taxonomy":"product_cat","embeddable":true,"href":"https:\/\/dev.monti.lt\/en\/wp-json\/wp\/v2\/product_cat?post=15701"},{"taxonomy":"product_tag","embeddable":true,"href":"https:\/\/dev.monti.lt\/en\/wp-json\/wp\/v2\/product_tag?post=15701"}],"curies":[{"name":"wp","href":"https:\/\/api.w.org\/{rel}","templated":true}]}}