{"id":15612,"date":"2023-06-15T08:18:45","date_gmt":"2023-06-15T08:18:45","guid":{"rendered":"https:\/\/dev.monti.lt\/?post_type=product&#038;p=15612"},"modified":"2024-06-13T07:33:13","modified_gmt":"2024-06-13T07:33:13","slug":"maiseliu-metimo-i-taikini-zaidimas","status":"publish","type":"product","link":"https:\/\/dev.monti.lt\/en\/product\/maiseliu-metimo-i-taikini-zaidimas\/","title":{"rendered":"Mai\u0161eli\u0173 m\u0117timo \u012f taikin\u012f \u017eaidimas"},"content":{"rendered":"<p>Jei j\u016bs\u0173 vaikas m\u0117gsta m\u0117tyti \u012fvairius daiktus, \u0161is gaminys jus tikrai sudomins.<\/p><p>&#8220;Metimo&#8221; grup\u0117s \u017eaidimai, be paties metimo ir taiklumo \u012fg\u016bd\u017ei\u0173, taip pat turi \u012ftakos j\u0117gos ir grei\u010dio ugdymui. Jie gerina akies ir rankos koordinacijos ir d\u0117mesio \u012fg\u016bd\u017ei\u0173 vystym\u0105si.<\/p><p>Sodas, parkas ar mi\u0161kas yra ideali vieta organizuoti \u012fvairius \u017eaidimus, kuri\u0173 pagrindinis tikslas &#8211; m\u0117tymas. Be to, galite \u017eaisti namuose.<\/p><p>\u017daidimo metu vaikas (kuris gali stov\u0117ti u\u017e nustatytos linijos) taikosi \u012f \u017eaidimo lentoje esan\u010dias skylutes ir meta \u012f jas mai\u0161elius. Atskiros duobut\u0117s yra pa\u017eym\u0117tos ta\u0161kais.<\/p><p>Galite \u017eaisti nustat\u0119 taisykles, pagal kurias \u017eaid\u0117jas, per trumpiausi\u0105 laik\u0105 surink\u0119s daugiau ta\u0161k\u0173 &#8211; laimi.<\/p><p>Kitame \u017eaidimo variante, nustatant taisykles, tas, kuris surenka daugiau ta\u0161k\u0173, sunaudodamas ma\u017eiausiai mai\u0161eli\u0173, &#8211; tampa nugal\u0117toju.<\/p><p>\u012edomi id\u0117ja, kuri\u0105 galima panaudoti, yra \u017eaidimas, kuriame vaikas tur\u0117s pademonstruoti ne tik vikrum\u0105, bet ir refleksus. Vaikas, i\u0161gird\u0119s kelis t\u0117v\u0173 atsitiktine tvarka (pvz., 5, 15, 20) i\u0161tartus \u0161\u016bkius, atsitiktine tvarka (pvz., 5, 15, 20) meta mai\u0161elius \u012f atitinkamas duobutes gird\u0117ta tvarka. Jei \u0161\u016bkiai sakomi greitai, vienas po kito, vaikas tur\u0117s pademonstruoti refleksus ir d\u0117mesio koncentracij\u0105. Be to, jis lavins girdim\u0105j\u0105 atmint\u012f.<\/p><p>Rinkinio turinys:<\/p><p>Sud\u0117tis: 3 mai\u0161eliai,<br>3 kamuoliukai<br>disk\u0173 stovas,<br>taikinys su skylut\u0117mis.<\/p><p>\u017daislo matmenys: 71 cm x 71 cm x 36,5 cm<\/p><p>Pakuot\u0117s matmenys: 66,5 cm x 21,5 cm x 7 cm<\/p>","protected":false},"excerpt":{"rendered":"<p>Jei j\u016bs\u0173 vaikas m\u0117gsta m\u0117tyti \u012fvairius daiktus, \u0161is gaminys jus tikrai sudomins. &#8220;Metimo&#8221; grup\u0117s \u017eaidimai, be paties metimo ir taiklumo \u012fg\u016bd\u017ei\u0173, taip pat turi \u012ftakos j\u0117gos ir grei\u010dio ugdymui. Jie gerina akies ir rankos koordinacijos ir d\u0117mesio \u012fg\u016bd\u017ei\u0173 vystym\u0105si. Sodas, parkas ar mi\u0161kas yra ideali vieta organizuoti \u012fvairius \u017eaidimus, kuri\u0173 pagrindinis tikslas &#8211; m\u0117tymas. Be [&hellip;]<\/p>","protected":false},"featured_media":15613,"template":"","meta":{"iawp_total_views":112},"product_cat":[82,84,91,90,49,39],"product_tag":[101,97,98,99,100],"class_list":{"0":"post-15612","1":"product","2":"type-product","3":"status-publish","4":"has-post-thumbnail","6":"product_cat-ispardavimas","7":"product_cat-lavinamieji-zaislai","8":"product_cat-loginiam-mastymui","9":"product_cat-pasaulio-pazinimas","10":"product_cat-visi-zaislai","11":"product_cat-zaislai","12":"product_tag-12-m-14-m","13":"product_tag-3-m-4-m","14":"product_tag-5-m-7-m","15":"product_tag-8-m-11-m","16":"product_tag-15-m","18":"first","19":"outofstock","20":"sale","21":"taxable","22":"shipping-taxable","23":"purchasable","24":"product-type-simple"},"yoast_head":"<!-- This site is optimized with the Yoast SEO plugin v23.3 - https:\/\/yoast.com\/wordpress\/plugins\/seo\/ -->\n<title>Mai\u0161eli\u0173 m\u0117timo \u012f taikin\u012f \u017eaidimas - Montessori \u017eaislai<\/title>\n<meta name=\"robots\" content=\"noindex, follow, max-snippet:-1, max-image-preview:large, max-video-preview:-1\" \/>\n<meta property=\"og:locale\" content=\"en_US\" \/>\n<meta property=\"og:type\" content=\"article\" \/>\n<meta property=\"og:title\" content=\"Mai\u0161eli\u0173 m\u0117timo \u012f taikin\u012f \u017eaidimas - Montessori \u017eaislai\" \/>\n<meta property=\"og:description\" content=\"Jei j\u016bs\u0173 vaikas m\u0117gsta m\u0117tyti \u012fvairius daiktus, \u0161is gaminys jus tikrai sudomins. &#8220;Metimo&#8221; grup\u0117s \u017eaidimai, be paties metimo ir taiklumo \u012fg\u016bd\u017ei\u0173, taip pat turi \u012ftakos j\u0117gos ir grei\u010dio ugdymui. Jie gerina akies ir rankos koordinacijos ir d\u0117mesio \u012fg\u016bd\u017ei\u0173 vystym\u0105si. Sodas, parkas ar mi\u0161kas yra ideali vieta organizuoti \u012fvairius \u017eaidimus, kuri\u0173 pagrindinis tikslas &#8211; m\u0117tymas. Be [&hellip;]\" \/>\n<meta property=\"og:url\" content=\"https:\/\/dev.monti.lt\/en\/product\/maiseliu-metimo-i-taikini-zaidimas\/\" \/>\n<meta property=\"og:site_name\" content=\"Montessori \u017eaislai\" \/>\n<meta property=\"article:modified_time\" content=\"2024-06-13T07:33:13+00:00\" \/>\n<meta property=\"og:image\" content=\"https:\/\/dev.monti.lt\/wp-content\/uploads\/2023\/06\/Toss-to-the-target-with-bags-darts-skill-game-88074.jpg\" \/>\n\t<meta property=\"og:image:width\" content=\"1600\" \/>\n\t<meta property=\"og:image:height\" content=\"1200\" \/>\n\t<meta property=\"og:image:type\" content=\"image\/jpeg\" \/>\n<meta name=\"twitter:card\" content=\"summary_large_image\" \/>\n<meta name=\"twitter:label1\" content=\"Est. reading time\" \/>\n\t<meta name=\"twitter:data1\" content=\"1 minute\" \/>\n<script type=\"application\/ld+json\" class=\"yoast-schema-graph\">{\"@context\":\"https:\/\/schema.org\",\"@graph\":[{\"@type\":\"WebPage\",\"@id\":\"https:\/\/dev.monti.lt\/product\/maiseliu-metimo-i-taikini-zaidimas\/\",\"url\":\"https:\/\/dev.monti.lt\/product\/maiseliu-metimo-i-taikini-zaidimas\/\",\"name\":\"Mai\u0161eli\u0173 m\u0117timo \u012f taikin\u012f \u017eaidimas - Montessori \u017eaislai\",\"isPartOf\":{\"@id\":\"https:\/\/dev.monti.lt\/#website\"},\"primaryImageOfPage\":{\"@id\":\"https:\/\/dev.monti.lt\/product\/maiseliu-metimo-i-taikini-zaidimas\/#primaryimage\"},\"image\":{\"@id\":\"https:\/\/dev.monti.lt\/product\/maiseliu-metimo-i-taikini-zaidimas\/#primaryimage\"},\"thumbnailUrl\":\"https:\/\/dev.monti.lt\/wp-content\/uploads\/2023\/06\/Toss-to-the-target-with-bags-darts-skill-game-88074.jpg\",\"datePublished\":\"2023-06-15T08:18:45+00:00\",\"dateModified\":\"2024-06-13T07:33:13+00:00\",\"breadcrumb\":{\"@id\":\"https:\/\/dev.monti.lt\/product\/maiseliu-metimo-i-taikini-zaidimas\/#breadcrumb\"},\"inLanguage\":\"en-US\",\"potentialAction\":[{\"@type\":\"ReadAction\",\"target\":[\"https:\/\/dev.monti.lt\/product\/maiseliu-metimo-i-taikini-zaidimas\/\"]}]},{\"@type\":\"ImageObject\",\"inLanguage\":\"en-US\",\"@id\":\"https:\/\/dev.monti.lt\/product\/maiseliu-metimo-i-taikini-zaidimas\/#primaryimage\",\"url\":\"https:\/\/dev.monti.lt\/wp-content\/uploads\/2023\/06\/Toss-to-the-target-with-bags-darts-skill-game-88074.jpg\",\"contentUrl\":\"https:\/\/dev.monti.lt\/wp-content\/uploads\/2023\/06\/Toss-to-the-target-with-bags-darts-skill-game-88074.jpg\",\"width\":1600,\"height\":1200,\"caption\":\"maiseliu metymo zaidimas\"},{\"@type\":\"BreadcrumbList\",\"@id\":\"https:\/\/dev.monti.lt\/product\/maiseliu-metimo-i-taikini-zaidimas\/#breadcrumb\",\"itemListElement\":[{\"@type\":\"ListItem\",\"position\":1,\"name\":\"Home\",\"item\":\"https:\/\/dev.monti.lt\/\"},{\"@type\":\"ListItem\",\"position\":2,\"name\":\"Parduotuv\u0117\",\"item\":\"https:\/\/dev.monti.lt\/shop\/\"},{\"@type\":\"ListItem\",\"position\":3,\"name\":\"Mai\u0161eli\u0173 m\u0117timo \u012f taikin\u012f \u017eaidimas\"}]},{\"@type\":\"WebSite\",\"@id\":\"https:\/\/dev.monti.lt\/#website\",\"url\":\"https:\/\/dev.monti.lt\/\",\"name\":\"Montessori \u017eaislai\",\"description\":\"\",\"publisher\":{\"@id\":\"https:\/\/dev.monti.lt\/#organization\"},\"potentialAction\":[{\"@type\":\"SearchAction\",\"target\":{\"@type\":\"EntryPoint\",\"urlTemplate\":\"https:\/\/dev.monti.lt\/?s={search_term_string}\"},\"query-input\":\"required name=search_term_string\"}],\"inLanguage\":\"en-US\"},{\"@type\":\"Organization\",\"@id\":\"https:\/\/dev.monti.lt\/#organization\",\"name\":\"Montessori \u017eaislai\",\"url\":\"https:\/\/dev.monti.lt\/\",\"logo\":{\"@type\":\"ImageObject\",\"inLanguage\":\"en-US\",\"@id\":\"https:\/\/dev.monti.lt\/#\/schema\/logo\/image\/\",\"url\":\"https:\/\/dev.monti.lt\/wp-content\/uploads\/2022\/03\/montilogo-1.png\",\"contentUrl\":\"https:\/\/dev.monti.lt\/wp-content\/uploads\/2022\/03\/montilogo-1.png\",\"width\":512,\"height\":512,\"caption\":\"Montessori \u017eaislai\"},\"image\":{\"@id\":\"https:\/\/dev.monti.lt\/#\/schema\/logo\/image\/\"}}]}<\/script>\n<!-- \/ Yoast SEO plugin. -->","yoast_head_json":{"title":"Mai\u0161eli\u0173 m\u0117timo \u012f taikin\u012f \u017eaidimas - Montessori \u017eaislai","robots":{"index":"noindex","follow":"follow","max-snippet":"max-snippet:-1","max-image-preview":"max-image-preview:large","max-video-preview":"max-video-preview:-1"},"og_locale":"en_US","og_type":"article","og_title":"Mai\u0161eli\u0173 m\u0117timo \u012f taikin\u012f \u017eaidimas - Montessori \u017eaislai","og_description":"Jei j\u016bs\u0173 vaikas m\u0117gsta m\u0117tyti \u012fvairius daiktus, \u0161is gaminys jus tikrai sudomins. &#8220;Metimo&#8221; grup\u0117s \u017eaidimai, be paties metimo ir taiklumo \u012fg\u016bd\u017ei\u0173, taip pat turi \u012ftakos j\u0117gos ir grei\u010dio ugdymui. Jie gerina akies ir rankos koordinacijos ir d\u0117mesio \u012fg\u016bd\u017ei\u0173 vystym\u0105si. Sodas, parkas ar mi\u0161kas yra ideali vieta organizuoti \u012fvairius \u017eaidimus, kuri\u0173 pagrindinis tikslas &#8211; m\u0117tymas. Be [&hellip;]","og_url":"https:\/\/dev.monti.lt\/en\/product\/maiseliu-metimo-i-taikini-zaidimas\/","og_site_name":"Montessori \u017eaislai","article_modified_time":"2024-06-13T07:33:13+00:00","og_image":[{"width":1600,"height":1200,"url":"https:\/\/dev.monti.lt\/wp-content\/uploads\/2023\/06\/Toss-to-the-target-with-bags-darts-skill-game-88074.jpg","type":"image\/jpeg"}],"twitter_card":"summary_large_image","twitter_misc":{"Est. reading time":"1 minute"},"schema":{"@context":"https:\/\/schema.org","@graph":[{"@type":"WebPage","@id":"https:\/\/dev.monti.lt\/product\/maiseliu-metimo-i-taikini-zaidimas\/","url":"https:\/\/dev.monti.lt\/product\/maiseliu-metimo-i-taikini-zaidimas\/","name":"Mai\u0161eli\u0173 m\u0117timo \u012f taikin\u012f \u017eaidimas - Montessori \u017eaislai","isPartOf":{"@id":"https:\/\/dev.monti.lt\/#website"},"primaryImageOfPage":{"@id":"https:\/\/dev.monti.lt\/product\/maiseliu-metimo-i-taikini-zaidimas\/#primaryimage"},"image":{"@id":"https:\/\/dev.monti.lt\/product\/maiseliu-metimo-i-taikini-zaidimas\/#primaryimage"},"thumbnailUrl":"https:\/\/dev.monti.lt\/wp-content\/uploads\/2023\/06\/Toss-to-the-target-with-bags-darts-skill-game-88074.jpg","datePublished":"2023-06-15T08:18:45+00:00","dateModified":"2024-06-13T07:33:13+00:00","breadcrumb":{"@id":"https:\/\/dev.monti.lt\/product\/maiseliu-metimo-i-taikini-zaidimas\/#breadcrumb"},"inLanguage":"en-US","potentialAction":[{"@type":"ReadAction","target":["https:\/\/dev.monti.lt\/product\/maiseliu-metimo-i-taikini-zaidimas\/"]}]},{"@type":"ImageObject","inLanguage":"en-US","@id":"https:\/\/dev.monti.lt\/product\/maiseliu-metimo-i-taikini-zaidimas\/#primaryimage","url":"https:\/\/dev.monti.lt\/wp-content\/uploads\/2023\/06\/Toss-to-the-target-with-bags-darts-skill-game-88074.jpg","contentUrl":"https:\/\/dev.monti.lt\/wp-content\/uploads\/2023\/06\/Toss-to-the-target-with-bags-darts-skill-game-88074.jpg","width":1600,"height":1200,"caption":"maiseliu metymo zaidimas"},{"@type":"BreadcrumbList","@id":"https:\/\/dev.monti.lt\/product\/maiseliu-metimo-i-taikini-zaidimas\/#breadcrumb","itemListElement":[{"@type":"ListItem","position":1,"name":"Home","item":"https:\/\/dev.monti.lt\/"},{"@type":"ListItem","position":2,"name":"Parduotuv\u0117","item":"https:\/\/dev.monti.lt\/shop\/"},{"@type":"ListItem","position":3,"name":"Mai\u0161eli\u0173 m\u0117timo \u012f taikin\u012f \u017eaidimas"}]},{"@type":"WebSite","@id":"https:\/\/dev.monti.lt\/#website","url":"https:\/\/dev.monti.lt\/","name":"Montessori \u017eaislai","description":"","publisher":{"@id":"https:\/\/dev.monti.lt\/#organization"},"potentialAction":[{"@type":"SearchAction","target":{"@type":"EntryPoint","urlTemplate":"https:\/\/dev.monti.lt\/?s={search_term_string}"},"query-input":"required name=search_term_string"}],"inLanguage":"en-US"},{"@type":"Organization","@id":"https:\/\/dev.monti.lt\/#organization","name":"Montessori \u017eaislai","url":"https:\/\/dev.monti.lt\/","logo":{"@type":"ImageObject","inLanguage":"en-US","@id":"https:\/\/dev.monti.lt\/#\/schema\/logo\/image\/","url":"https:\/\/dev.monti.lt\/wp-content\/uploads\/2022\/03\/montilogo-1.png","contentUrl":"https:\/\/dev.monti.lt\/wp-content\/uploads\/2022\/03\/montilogo-1.png","width":512,"height":512,"caption":"Montessori \u017eaislai"},"image":{"@id":"https:\/\/dev.monti.lt\/#\/schema\/logo\/image\/"}}]}},"_links":{"self":[{"href":"https:\/\/dev.monti.lt\/en\/wp-json\/wp\/v2\/product\/15612"}],"collection":[{"href":"https:\/\/dev.monti.lt\/en\/wp-json\/wp\/v2\/product"}],"about":[{"href":"https:\/\/dev.monti.lt\/en\/wp-json\/wp\/v2\/types\/product"}],"version-history":[{"count":1,"href":"https:\/\/dev.monti.lt\/en\/wp-json\/wp\/v2\/product\/15612\/revisions"}],"predecessor-version":[{"id":15621,"href":"https:\/\/dev.monti.lt\/en\/wp-json\/wp\/v2\/product\/15612\/revisions\/15621"}],"wp:featuredmedia":[{"embeddable":true,"href":"https:\/\/dev.monti.lt\/en\/wp-json\/wp\/v2\/media\/15613"}],"wp:attachment":[{"href":"https:\/\/dev.monti.lt\/en\/wp-json\/wp\/v2\/media?parent=15612"}],"wp:term":[{"taxonomy":"product_cat","embeddable":true,"href":"https:\/\/dev.monti.lt\/en\/wp-json\/wp\/v2\/product_cat?post=15612"},{"taxonomy":"product_tag","embeddable":true,"href":"https:\/\/dev.monti.lt\/en\/wp-json\/wp\/v2\/product_tag?post=15612"}],"curies":[{"name":"wp","href":"https:\/\/api.w.org\/{rel}","templated":true}]}}