{"id":15541,"date":"2023-06-08T14:11:03","date_gmt":"2023-06-08T14:11:03","guid":{"rendered":"https:\/\/dev.monti.lt\/?post_type=product&#038;p=15541"},"modified":"2024-10-08T08:59:58","modified_gmt":"2024-10-08T08:59:58","slug":"pagaliukai-su-plaktuku","status":"publish","type":"product","link":"https:\/\/dev.monti.lt\/en\/product\/pagaliukai-su-plaktuku\/","title":{"rendered":"Pagaliukai su plaktuku"},"content":{"rendered":"<p><strong>Medini<\/strong>ai pagaliukai su plaktuku<strong>,<\/strong>\u00a0padeda j\u016bs\u0173 vaikui tobulinti smulkiosios motorikos \u012fg\u016bd\u017eius.<\/p><p>Puikus medinis \u017eaislas\u00a0<strong>ma\u017eiems \u201epasidaryk pats\u201c entuziastams<\/strong>.<\/p><p>Sukalus visus pagaliukus tereikia tik apversti \u017eaisl\u0105 ir kalti i\u0161 naujo.<\/p><p>\u017daisdamas vaikas tobulina savo smulkiosios motorikos \u012fg\u016bd\u017eius<\/p><p>\u017daislo matmenys;&nbsp;20 x 9 x 10 cm<\/p>","protected":false},"excerpt":{"rendered":"<p>Mediniai pagaliukai su plaktuku,\u00a0padeda j\u016bs\u0173 vaikui tobulinti smulkiosios motorikos \u012fg\u016bd\u017eius. Puikus medinis \u017eaislas\u00a0ma\u017eiems \u201epasidaryk pats\u201c entuziastams. Sukalus visus pagaliukus tereikia tik apversti \u017eaisl\u0105 ir kalti i\u0161 naujo. \u017daisdamas vaikas tobulina savo smulkiosios motorikos \u012fg\u016bd\u017eius \u017daislo matmenys;&nbsp;20 x 9 x 10 cm<\/p>","protected":false},"featured_media":15542,"template":"","meta":{"iawp_total_views":75},"product_cat":[84,91,102,83,86,49,39],"product_tag":[96,97,98],"class_list":{"0":"post-15541","1":"product","2":"type-product","3":"status-publish","4":"has-post-thumbnail","6":"product_cat-lavinamieji-zaislai","7":"product_cat-loginiam-mastymui","8":"product_cat-mediniai-zaislai","9":"product_cat-montessori-zaislai","10":"product_cat-smulkioji-motorika","11":"product_cat-visi-zaislai","12":"product_cat-zaislai","13":"product_tag-2-m-3-m","14":"product_tag-3-m-4-m","15":"product_tag-5-m-7-m","17":"first","18":"instock","19":"taxable","20":"shipping-taxable","21":"purchasable","22":"product-type-simple"},"yoast_head":"<!-- This site is optimized with the Yoast SEO plugin v23.3 - https:\/\/yoast.com\/wordpress\/plugins\/seo\/ -->\n<title>Pagaliukai su plaktuku - Montessori \u017eaislai<\/title>\n<meta name=\"robots\" content=\"noindex, follow, max-snippet:-1, max-image-preview:large, max-video-preview:-1\" \/>\n<meta property=\"og:locale\" content=\"en_US\" \/>\n<meta property=\"og:type\" content=\"article\" \/>\n<meta property=\"og:title\" content=\"Pagaliukai su plaktuku - Montessori \u017eaislai\" \/>\n<meta property=\"og:description\" content=\"Mediniai pagaliukai su plaktuku,\u00a0padeda j\u016bs\u0173 vaikui tobulinti smulkiosios motorikos \u012fg\u016bd\u017eius. Puikus medinis \u017eaislas\u00a0ma\u017eiems \u201epasidaryk pats\u201c entuziastams. Sukalus visus pagaliukus tereikia tik apversti \u017eaisl\u0105 ir kalti i\u0161 naujo. \u017daisdamas vaikas tobulina savo smulkiosios motorikos \u012fg\u016bd\u017eius \u017daislo matmenys;&nbsp;20 x 9 x 10 cm\" \/>\n<meta property=\"og:url\" content=\"https:\/\/dev.monti.lt\/en\/product\/pagaliukai-su-plaktuku\/\" \/>\n<meta property=\"og:site_name\" content=\"Montessori \u017eaislai\" \/>\n<meta property=\"article:modified_time\" content=\"2024-10-08T08:59:58+00:00\" \/>\n<meta property=\"og:image\" content=\"https:\/\/dev.monti.lt\/wp-content\/uploads\/2023\/06\/wbijak-przenbijanka-drewniany-z-mlotkiem.jpg\" \/>\n\t<meta property=\"og:image:width\" content=\"800\" \/>\n\t<meta property=\"og:image:height\" content=\"800\" \/>\n\t<meta property=\"og:image:type\" content=\"image\/jpeg\" \/>\n<meta name=\"twitter:card\" content=\"summary_large_image\" \/>\n<meta name=\"twitter:label1\" content=\"Est. reading time\" \/>\n\t<meta name=\"twitter:data1\" content=\"1 minute\" \/>\n<script type=\"application\/ld+json\" class=\"yoast-schema-graph\">{\"@context\":\"https:\/\/schema.org\",\"@graph\":[{\"@type\":\"WebPage\",\"@id\":\"https:\/\/dev.monti.lt\/product\/pagaliukai-su-plaktuku\/\",\"url\":\"https:\/\/dev.monti.lt\/product\/pagaliukai-su-plaktuku\/\",\"name\":\"Pagaliukai su plaktuku - Montessori \u017eaislai\",\"isPartOf\":{\"@id\":\"https:\/\/dev.monti.lt\/#website\"},\"primaryImageOfPage\":{\"@id\":\"https:\/\/dev.monti.lt\/product\/pagaliukai-su-plaktuku\/#primaryimage\"},\"image\":{\"@id\":\"https:\/\/dev.monti.lt\/product\/pagaliukai-su-plaktuku\/#primaryimage\"},\"thumbnailUrl\":\"https:\/\/dev.monti.lt\/wp-content\/uploads\/2023\/06\/wbijak-przenbijanka-drewniany-z-mlotkiem.jpg\",\"datePublished\":\"2023-06-08T14:11:03+00:00\",\"dateModified\":\"2024-10-08T08:59:58+00:00\",\"breadcrumb\":{\"@id\":\"https:\/\/dev.monti.lt\/product\/pagaliukai-su-plaktuku\/#breadcrumb\"},\"inLanguage\":\"en-US\",\"potentialAction\":[{\"@type\":\"ReadAction\",\"target\":[\"https:\/\/dev.monti.lt\/product\/pagaliukai-su-plaktuku\/\"]}]},{\"@type\":\"ImageObject\",\"inLanguage\":\"en-US\",\"@id\":\"https:\/\/dev.monti.lt\/product\/pagaliukai-su-plaktuku\/#primaryimage\",\"url\":\"https:\/\/dev.monti.lt\/wp-content\/uploads\/2023\/06\/wbijak-przenbijanka-drewniany-z-mlotkiem.jpg\",\"contentUrl\":\"https:\/\/dev.monti.lt\/wp-content\/uploads\/2023\/06\/wbijak-przenbijanka-drewniany-z-mlotkiem.jpg\",\"width\":800,\"height\":800,\"caption\":\"pagaliukai su plaktuku\"},{\"@type\":\"BreadcrumbList\",\"@id\":\"https:\/\/dev.monti.lt\/product\/pagaliukai-su-plaktuku\/#breadcrumb\",\"itemListElement\":[{\"@type\":\"ListItem\",\"position\":1,\"name\":\"Home\",\"item\":\"https:\/\/dev.monti.lt\/\"},{\"@type\":\"ListItem\",\"position\":2,\"name\":\"Parduotuv\u0117\",\"item\":\"https:\/\/dev.monti.lt\/shop\/\"},{\"@type\":\"ListItem\",\"position\":3,\"name\":\"Pagaliukai su plaktuku\"}]},{\"@type\":\"WebSite\",\"@id\":\"https:\/\/dev.monti.lt\/#website\",\"url\":\"https:\/\/dev.monti.lt\/\",\"name\":\"Montessori \u017eaislai\",\"description\":\"\",\"publisher\":{\"@id\":\"https:\/\/dev.monti.lt\/#organization\"},\"potentialAction\":[{\"@type\":\"SearchAction\",\"target\":{\"@type\":\"EntryPoint\",\"urlTemplate\":\"https:\/\/dev.monti.lt\/?s={search_term_string}\"},\"query-input\":\"required name=search_term_string\"}],\"inLanguage\":\"en-US\"},{\"@type\":\"Organization\",\"@id\":\"https:\/\/dev.monti.lt\/#organization\",\"name\":\"Montessori \u017eaislai\",\"url\":\"https:\/\/dev.monti.lt\/\",\"logo\":{\"@type\":\"ImageObject\",\"inLanguage\":\"en-US\",\"@id\":\"https:\/\/dev.monti.lt\/#\/schema\/logo\/image\/\",\"url\":\"https:\/\/dev.monti.lt\/wp-content\/uploads\/2022\/03\/montilogo-1.png\",\"contentUrl\":\"https:\/\/dev.monti.lt\/wp-content\/uploads\/2022\/03\/montilogo-1.png\",\"width\":512,\"height\":512,\"caption\":\"Montessori \u017eaislai\"},\"image\":{\"@id\":\"https:\/\/dev.monti.lt\/#\/schema\/logo\/image\/\"}}]}<\/script>\n<!-- \/ Yoast SEO plugin. -->","yoast_head_json":{"title":"Pagaliukai su plaktuku - Montessori \u017eaislai","robots":{"index":"noindex","follow":"follow","max-snippet":"max-snippet:-1","max-image-preview":"max-image-preview:large","max-video-preview":"max-video-preview:-1"},"og_locale":"en_US","og_type":"article","og_title":"Pagaliukai su plaktuku - Montessori \u017eaislai","og_description":"Mediniai pagaliukai su plaktuku,\u00a0padeda j\u016bs\u0173 vaikui tobulinti smulkiosios motorikos \u012fg\u016bd\u017eius. Puikus medinis \u017eaislas\u00a0ma\u017eiems \u201epasidaryk pats\u201c entuziastams. Sukalus visus pagaliukus tereikia tik apversti \u017eaisl\u0105 ir kalti i\u0161 naujo. \u017daisdamas vaikas tobulina savo smulkiosios motorikos \u012fg\u016bd\u017eius \u017daislo matmenys;&nbsp;20 x 9 x 10 cm","og_url":"https:\/\/dev.monti.lt\/en\/product\/pagaliukai-su-plaktuku\/","og_site_name":"Montessori \u017eaislai","article_modified_time":"2024-10-08T08:59:58+00:00","og_image":[{"width":800,"height":800,"url":"https:\/\/dev.monti.lt\/wp-content\/uploads\/2023\/06\/wbijak-przenbijanka-drewniany-z-mlotkiem.jpg","type":"image\/jpeg"}],"twitter_card":"summary_large_image","twitter_misc":{"Est. reading time":"1 minute"},"schema":{"@context":"https:\/\/schema.org","@graph":[{"@type":"WebPage","@id":"https:\/\/dev.monti.lt\/product\/pagaliukai-su-plaktuku\/","url":"https:\/\/dev.monti.lt\/product\/pagaliukai-su-plaktuku\/","name":"Pagaliukai su plaktuku - Montessori \u017eaislai","isPartOf":{"@id":"https:\/\/dev.monti.lt\/#website"},"primaryImageOfPage":{"@id":"https:\/\/dev.monti.lt\/product\/pagaliukai-su-plaktuku\/#primaryimage"},"image":{"@id":"https:\/\/dev.monti.lt\/product\/pagaliukai-su-plaktuku\/#primaryimage"},"thumbnailUrl":"https:\/\/dev.monti.lt\/wp-content\/uploads\/2023\/06\/wbijak-przenbijanka-drewniany-z-mlotkiem.jpg","datePublished":"2023-06-08T14:11:03+00:00","dateModified":"2024-10-08T08:59:58+00:00","breadcrumb":{"@id":"https:\/\/dev.monti.lt\/product\/pagaliukai-su-plaktuku\/#breadcrumb"},"inLanguage":"en-US","potentialAction":[{"@type":"ReadAction","target":["https:\/\/dev.monti.lt\/product\/pagaliukai-su-plaktuku\/"]}]},{"@type":"ImageObject","inLanguage":"en-US","@id":"https:\/\/dev.monti.lt\/product\/pagaliukai-su-plaktuku\/#primaryimage","url":"https:\/\/dev.monti.lt\/wp-content\/uploads\/2023\/06\/wbijak-przenbijanka-drewniany-z-mlotkiem.jpg","contentUrl":"https:\/\/dev.monti.lt\/wp-content\/uploads\/2023\/06\/wbijak-przenbijanka-drewniany-z-mlotkiem.jpg","width":800,"height":800,"caption":"pagaliukai su plaktuku"},{"@type":"BreadcrumbList","@id":"https:\/\/dev.monti.lt\/product\/pagaliukai-su-plaktuku\/#breadcrumb","itemListElement":[{"@type":"ListItem","position":1,"name":"Home","item":"https:\/\/dev.monti.lt\/"},{"@type":"ListItem","position":2,"name":"Parduotuv\u0117","item":"https:\/\/dev.monti.lt\/shop\/"},{"@type":"ListItem","position":3,"name":"Pagaliukai su plaktuku"}]},{"@type":"WebSite","@id":"https:\/\/dev.monti.lt\/#website","url":"https:\/\/dev.monti.lt\/","name":"Montessori \u017eaislai","description":"","publisher":{"@id":"https:\/\/dev.monti.lt\/#organization"},"potentialAction":[{"@type":"SearchAction","target":{"@type":"EntryPoint","urlTemplate":"https:\/\/dev.monti.lt\/?s={search_term_string}"},"query-input":"required name=search_term_string"}],"inLanguage":"en-US"},{"@type":"Organization","@id":"https:\/\/dev.monti.lt\/#organization","name":"Montessori \u017eaislai","url":"https:\/\/dev.monti.lt\/","logo":{"@type":"ImageObject","inLanguage":"en-US","@id":"https:\/\/dev.monti.lt\/#\/schema\/logo\/image\/","url":"https:\/\/dev.monti.lt\/wp-content\/uploads\/2022\/03\/montilogo-1.png","contentUrl":"https:\/\/dev.monti.lt\/wp-content\/uploads\/2022\/03\/montilogo-1.png","width":512,"height":512,"caption":"Montessori \u017eaislai"},"image":{"@id":"https:\/\/dev.monti.lt\/#\/schema\/logo\/image\/"}}]}},"_links":{"self":[{"href":"https:\/\/dev.monti.lt\/en\/wp-json\/wp\/v2\/product\/15541"}],"collection":[{"href":"https:\/\/dev.monti.lt\/en\/wp-json\/wp\/v2\/product"}],"about":[{"href":"https:\/\/dev.monti.lt\/en\/wp-json\/wp\/v2\/types\/product"}],"version-history":[{"count":1,"href":"https:\/\/dev.monti.lt\/en\/wp-json\/wp\/v2\/product\/15541\/revisions"}],"predecessor-version":[{"id":15546,"href":"https:\/\/dev.monti.lt\/en\/wp-json\/wp\/v2\/product\/15541\/revisions\/15546"}],"wp:featuredmedia":[{"embeddable":true,"href":"https:\/\/dev.monti.lt\/en\/wp-json\/wp\/v2\/media\/15542"}],"wp:attachment":[{"href":"https:\/\/dev.monti.lt\/en\/wp-json\/wp\/v2\/media?parent=15541"}],"wp:term":[{"taxonomy":"product_cat","embeddable":true,"href":"https:\/\/dev.monti.lt\/en\/wp-json\/wp\/v2\/product_cat?post=15541"},{"taxonomy":"product_tag","embeddable":true,"href":"https:\/\/dev.monti.lt\/en\/wp-json\/wp\/v2\/product_tag?post=15541"}],"curies":[{"name":"wp","href":"https:\/\/api.w.org\/{rel}","templated":true}]}}