{"id":15274,"date":"2023-05-11T15:13:22","date_gmt":"2023-05-11T15:13:22","guid":{"rendered":"https:\/\/dev.monti.lt\/?post_type=product&#038;p=15274"},"modified":"2024-10-03T07:49:38","modified_gmt":"2024-10-03T07:49:38","slug":"darbo-irankiu-deze","status":"publish","type":"product","link":"https:\/\/dev.monti.lt\/en\/product\/darbo-irankiu-deze\/","title":{"rendered":"Darbo \u012franki\u0173 d\u0117\u017e\u0117"},"content":{"rendered":"<p>\u012eRANKIAI VAIKAMS DIRBTUV\u0116S SU \u012eRANKIAIS 48EL.<\/p>\n<p>\u012erankiai yra puikus \u017eaislas kiekvienam ma\u017eam meistrui &#8211; tiek \u012fgudusiam, tiek dar tik pradedan\u010diam konstruoti ir remontuoti.<\/p>\n<p>KOD\u0116L VAIKAMS PATINKA DARYTI TAI, K\u0104 DARO J\u0172 T\u0116VAI?<\/p>\n<p>Gerai \u017einoma, kad t\u0117vai vaikams yra sektinas pavyzdys &#8211; tod\u0117l steb\u0117ti ir m\u0117gd\u017eioti suaugusiuosius jiems labai svarbu. Ma\u017eame\u010diams vaikams taip pat da\u017enai patinka pad\u0117ti atlikti nam\u0173 ruo\u0161os ir kitus darbus namuose. Tod\u0117l \u017eaisliniai \u012frankiai bus puikus b\u016bdas patenkinti vaiko smalsum\u0105, kuris neabejotinai kyla, kai t\u0117vai naudoja tikrus \u012frankius.<\/p>\n<p>DID\u017dIULIS PRIED\u0172 ASORTIMENTAS ILGIEMS \u017dAIDIMAMS!<\/p>\n<p>Rinkinyje &#8220;Pasidaryk pats&#8221; yra daugyb\u0117 pried\u0173, kurie pravers \u017eaid\u017eiant su bet kuriuo meistru. \u017daisliniai \u012frankiai yra ry\u0161ki\u0173 spalv\u0173 ir nepaprastai pana\u0161\u016bs \u012f tikrus &#8211; visa tai skatina ma\u017eylius aktyviai \u017eaisti, o tai tikrai nesibaigs!<\/p>\n<p>Rinkinys skatina kurti \u012fvairius \u017eaidimo scenarijus. Ma\u017eas nam\u0173 remontas? O gal nuosavos dirbtuv\u0117s, \u012f kurias ateina klientai? Remontuojate prietaisus? Vienintel\u0117 riba yra j\u016bs\u0173 vaizduot\u0117 &#8211; j\u016bs\u0173 klientai gali meistrauti ir remontuoti iki soties!<\/p>\n<p>KAS SMAGAUS SU \u012eRANKIAIS?<\/p>\n<p>\u017daisdami su rinkiniu vaikai puikiai lavina rank\u0173 darbo \u012fg\u016bd\u017eius. Kiekvienas \u012frankis reikalauja skirtingo k\u016bno judesio. Kalti vinis, \u012fsukti var\u017etus, pjauti medien\u0105 &#8211; visa tai galima \u012fvaldyti!<\/p>\n<p>Jis lavina k\u016brybin\u012f m\u0105stym\u0105 ir skatina vaizduot\u0119. Tai taip pat gali paskatinti vaikus kurti daiktus su id\u0117ja &#8220;pasidaryk pats&#8221; (angl. Do it yourself). Kiekvienas ma\u017easis i\u0161rad\u0117jas su \u0161iuo \u012franki\u0173 rinkiniu i\u0161skleis sparnus!<\/p>\n<p>Plastikiniai \u012frankiai taip pat i\u0161mokys vaikus &#8220;pasidaryk pats&#8221; pagrind\u0173 ir kaip ateityje saugiai elgtis su \u012fvairiais tikrais \u012frankiais. Ir kas \u017eino, gal atsiras aistra daugeliui met\u0173 \u012f priek\u012f!<\/p>\n<p>\u00a0<\/p>\n<p>SAUG\u016aS \u012eRANKIAI VAIKAMS!<\/p>\n<p>Visi rinkinyje esantys \u012frankiai buvo sukurti atsi\u017evelgiant \u012f ma\u017euosius, tod\u0117l jie jiems visi\u0161kai saug\u016bs! Ir kiekviena detal\u0117 pagaminta i\u0161 auk\u0161tos kokyb\u0117s plastiko, tod\u0117l, kaip ir tikri \u012frankiai, jie taip pat gali tarnauti ilgai!<\/p>\n<p>Rinkinys puikiai tinka kaip dovana kiekvienam ma\u017eajam meistrui, kuris svajoja tapti meistru arba m\u0117gsta pad\u0117ti remontuoti namus. Puikus pasirinkimas ma\u017eiesiems in\u017einieriams!<\/p>\n<p>\u00a0<\/p>\n<p>INFORMACIJA APIE GAMIN\u012e:<\/p>\n<p>TECHNIN\u0116S SPECIFIKACIJOS:<\/p>\n<p>Element\u0173 skai\u010dius: 48<br \/>Med\u017eiaga: plastikas<br \/>Vaiko am\u017eius: 3+<br \/>DIMENSIJOS:<\/p>\n<p>Dydis: 1,5 cm: Sud\u0117tis: 15 cm x 6 cm x 1 cm<br \/>Plaktukas: 15,5 cm x 8,5 cm x 2,5 cm: 15,5 cm x 8,5 cm x 2,5 cm<br \/>Atsuktuvas: 13 cm x 10 cm x 4 cm<br \/>Atsuktuvas: 5 cm x 1 cm<br \/>Pagrindas su skyl\u0117mis: 16 cm x 8,5 cm x 8 cm<br \/>Pakuot\u0117: 24,5 cm x 18,5 cm x 13,5 cm<br \/>Vaiki\u0161k\u0173 \u012franki\u0173 rinkinys supakuotas \u012f patraukli\u0105 plastikin\u0119 d\u0117\u017eut\u0119<\/p>","protected":false},"excerpt":{"rendered":"<p>\u012eRANKIAI VAIKAMS DIRBTUV\u0116S SU \u012eRANKIAIS 48EL. \u012erankiai yra puikus \u017eaislas kiekvienam ma\u017eam meistrui &#8211; tiek \u012fgudusiam, tiek dar tik pradedan\u010diam konstruoti ir remontuoti. KOD\u0116L VAIKAMS PATINKA DARYTI TAI, K\u0104 DARO J\u0172 T\u0116VAI? Gerai \u017einoma, kad t\u0117vai vaikams yra sektinas pavyzdys &#8211; tod\u0117l steb\u0117ti ir m\u0117gd\u017eioti suaugusiuosius jiems labai svarbu. Ma\u017eame\u010diams vaikams taip pat da\u017enai patinka [&hellip;]<\/p>","protected":false},"featured_media":15275,"template":"","meta":{"iawp_total_views":60},"product_cat":[84,91,49,39,215],"product_tag":[97,98],"class_list":{"0":"post-15274","1":"product","2":"type-product","3":"status-publish","4":"has-post-thumbnail","6":"product_cat-lavinamieji-zaislai","7":"product_cat-loginiam-mastymui","8":"product_cat-visi-zaislai","9":"product_cat-zaislai","10":"product_cat-zaislai-berniukams","11":"product_tag-3-m-4-m","12":"product_tag-5-m-7-m","14":"first","15":"instock","16":"taxable","17":"shipping-taxable","18":"purchasable","19":"product-type-simple"},"yoast_head":"<!-- This site is optimized with the Yoast SEO plugin v23.3 - https:\/\/yoast.com\/wordpress\/plugins\/seo\/ -->\n<title>Darbo \u012franki\u0173 d\u0117\u017e\u0117 - Montessori \u017eaislai<\/title>\n<meta name=\"robots\" content=\"noindex, follow, max-snippet:-1, max-image-preview:large, max-video-preview:-1\" \/>\n<meta property=\"og:locale\" content=\"en_US\" \/>\n<meta property=\"og:type\" content=\"article\" \/>\n<meta property=\"og:title\" content=\"Darbo \u012franki\u0173 d\u0117\u017e\u0117 - Montessori \u017eaislai\" \/>\n<meta property=\"og:description\" content=\"\u012eRANKIAI VAIKAMS DIRBTUV\u0116S SU \u012eRANKIAIS 48EL. \u012erankiai yra puikus \u017eaislas kiekvienam ma\u017eam meistrui &#8211; tiek \u012fgudusiam, tiek dar tik pradedan\u010diam konstruoti ir remontuoti. KOD\u0116L VAIKAMS PATINKA DARYTI TAI, K\u0104 DARO J\u0172 T\u0116VAI? Gerai \u017einoma, kad t\u0117vai vaikams yra sektinas pavyzdys &#8211; tod\u0117l steb\u0117ti ir m\u0117gd\u017eioti suaugusiuosius jiems labai svarbu. Ma\u017eame\u010diams vaikams taip pat da\u017enai patinka [&hellip;]\" \/>\n<meta property=\"og:url\" content=\"https:\/\/dev.monti.lt\/en\/product\/darbo-irankiu-deze\/\" \/>\n<meta property=\"og:site_name\" content=\"Montessori \u017eaislai\" \/>\n<meta property=\"article:modified_time\" content=\"2024-10-03T07:49:38+00:00\" \/>\n<meta property=\"og:image\" content=\"https:\/\/dev.monti.lt\/wp-content\/uploads\/2023\/05\/KX495283350.jpg\" \/>\n\t<meta property=\"og:image:width\" content=\"1024\" \/>\n\t<meta property=\"og:image:height\" content=\"1024\" \/>\n\t<meta property=\"og:image:type\" content=\"image\/jpeg\" \/>\n<meta name=\"twitter:card\" content=\"summary_large_image\" \/>\n<script type=\"application\/ld+json\" class=\"yoast-schema-graph\">{\"@context\":\"https:\/\/schema.org\",\"@graph\":[{\"@type\":\"WebPage\",\"@id\":\"https:\/\/dev.monti.lt\/product\/darbo-irankiu-deze\/\",\"url\":\"https:\/\/dev.monti.lt\/product\/darbo-irankiu-deze\/\",\"name\":\"Darbo \u012franki\u0173 d\u0117\u017e\u0117 - Montessori \u017eaislai\",\"isPartOf\":{\"@id\":\"https:\/\/dev.monti.lt\/#website\"},\"primaryImageOfPage\":{\"@id\":\"https:\/\/dev.monti.lt\/product\/darbo-irankiu-deze\/#primaryimage\"},\"image\":{\"@id\":\"https:\/\/dev.monti.lt\/product\/darbo-irankiu-deze\/#primaryimage\"},\"thumbnailUrl\":\"https:\/\/dev.monti.lt\/wp-content\/uploads\/2023\/05\/KX495283350.jpg\",\"datePublished\":\"2023-05-11T15:13:22+00:00\",\"dateModified\":\"2024-10-03T07:49:38+00:00\",\"breadcrumb\":{\"@id\":\"https:\/\/dev.monti.lt\/product\/darbo-irankiu-deze\/#breadcrumb\"},\"inLanguage\":\"en-US\",\"potentialAction\":[{\"@type\":\"ReadAction\",\"target\":[\"https:\/\/dev.monti.lt\/product\/darbo-irankiu-deze\/\"]}]},{\"@type\":\"ImageObject\",\"inLanguage\":\"en-US\",\"@id\":\"https:\/\/dev.monti.lt\/product\/darbo-irankiu-deze\/#primaryimage\",\"url\":\"https:\/\/dev.monti.lt\/wp-content\/uploads\/2023\/05\/KX495283350.jpg\",\"contentUrl\":\"https:\/\/dev.monti.lt\/wp-content\/uploads\/2023\/05\/KX495283350.jpg\",\"width\":1024,\"height\":1024},{\"@type\":\"BreadcrumbList\",\"@id\":\"https:\/\/dev.monti.lt\/product\/darbo-irankiu-deze\/#breadcrumb\",\"itemListElement\":[{\"@type\":\"ListItem\",\"position\":1,\"name\":\"Home\",\"item\":\"https:\/\/dev.monti.lt\/\"},{\"@type\":\"ListItem\",\"position\":2,\"name\":\"Parduotuv\u0117\",\"item\":\"https:\/\/dev.monti.lt\/shop\/\"},{\"@type\":\"ListItem\",\"position\":3,\"name\":\"Darbo \u012franki\u0173 d\u0117\u017e\u0117\"}]},{\"@type\":\"WebSite\",\"@id\":\"https:\/\/dev.monti.lt\/#website\",\"url\":\"https:\/\/dev.monti.lt\/\",\"name\":\"Montessori \u017eaislai\",\"description\":\"\",\"publisher\":{\"@id\":\"https:\/\/dev.monti.lt\/#organization\"},\"potentialAction\":[{\"@type\":\"SearchAction\",\"target\":{\"@type\":\"EntryPoint\",\"urlTemplate\":\"https:\/\/dev.monti.lt\/?s={search_term_string}\"},\"query-input\":\"required name=search_term_string\"}],\"inLanguage\":\"en-US\"},{\"@type\":\"Organization\",\"@id\":\"https:\/\/dev.monti.lt\/#organization\",\"name\":\"Montessori \u017eaislai\",\"url\":\"https:\/\/dev.monti.lt\/\",\"logo\":{\"@type\":\"ImageObject\",\"inLanguage\":\"en-US\",\"@id\":\"https:\/\/dev.monti.lt\/#\/schema\/logo\/image\/\",\"url\":\"https:\/\/dev.monti.lt\/wp-content\/uploads\/2022\/03\/montilogo-1.png\",\"contentUrl\":\"https:\/\/dev.monti.lt\/wp-content\/uploads\/2022\/03\/montilogo-1.png\",\"width\":512,\"height\":512,\"caption\":\"Montessori \u017eaislai\"},\"image\":{\"@id\":\"https:\/\/dev.monti.lt\/#\/schema\/logo\/image\/\"}}]}<\/script>\n<!-- \/ Yoast SEO plugin. -->","yoast_head_json":{"title":"Darbo \u012franki\u0173 d\u0117\u017e\u0117 - Montessori \u017eaislai","robots":{"index":"noindex","follow":"follow","max-snippet":"max-snippet:-1","max-image-preview":"max-image-preview:large","max-video-preview":"max-video-preview:-1"},"og_locale":"en_US","og_type":"article","og_title":"Darbo \u012franki\u0173 d\u0117\u017e\u0117 - Montessori \u017eaislai","og_description":"\u012eRANKIAI VAIKAMS DIRBTUV\u0116S SU \u012eRANKIAIS 48EL. \u012erankiai yra puikus \u017eaislas kiekvienam ma\u017eam meistrui &#8211; tiek \u012fgudusiam, tiek dar tik pradedan\u010diam konstruoti ir remontuoti. KOD\u0116L VAIKAMS PATINKA DARYTI TAI, K\u0104 DARO J\u0172 T\u0116VAI? Gerai \u017einoma, kad t\u0117vai vaikams yra sektinas pavyzdys &#8211; tod\u0117l steb\u0117ti ir m\u0117gd\u017eioti suaugusiuosius jiems labai svarbu. Ma\u017eame\u010diams vaikams taip pat da\u017enai patinka [&hellip;]","og_url":"https:\/\/dev.monti.lt\/en\/product\/darbo-irankiu-deze\/","og_site_name":"Montessori \u017eaislai","article_modified_time":"2024-10-03T07:49:38+00:00","og_image":[{"width":1024,"height":1024,"url":"https:\/\/dev.monti.lt\/wp-content\/uploads\/2023\/05\/KX495283350.jpg","type":"image\/jpeg"}],"twitter_card":"summary_large_image","schema":{"@context":"https:\/\/schema.org","@graph":[{"@type":"WebPage","@id":"https:\/\/dev.monti.lt\/product\/darbo-irankiu-deze\/","url":"https:\/\/dev.monti.lt\/product\/darbo-irankiu-deze\/","name":"Darbo \u012franki\u0173 d\u0117\u017e\u0117 - Montessori \u017eaislai","isPartOf":{"@id":"https:\/\/dev.monti.lt\/#website"},"primaryImageOfPage":{"@id":"https:\/\/dev.monti.lt\/product\/darbo-irankiu-deze\/#primaryimage"},"image":{"@id":"https:\/\/dev.monti.lt\/product\/darbo-irankiu-deze\/#primaryimage"},"thumbnailUrl":"https:\/\/dev.monti.lt\/wp-content\/uploads\/2023\/05\/KX495283350.jpg","datePublished":"2023-05-11T15:13:22+00:00","dateModified":"2024-10-03T07:49:38+00:00","breadcrumb":{"@id":"https:\/\/dev.monti.lt\/product\/darbo-irankiu-deze\/#breadcrumb"},"inLanguage":"en-US","potentialAction":[{"@type":"ReadAction","target":["https:\/\/dev.monti.lt\/product\/darbo-irankiu-deze\/"]}]},{"@type":"ImageObject","inLanguage":"en-US","@id":"https:\/\/dev.monti.lt\/product\/darbo-irankiu-deze\/#primaryimage","url":"https:\/\/dev.monti.lt\/wp-content\/uploads\/2023\/05\/KX495283350.jpg","contentUrl":"https:\/\/dev.monti.lt\/wp-content\/uploads\/2023\/05\/KX495283350.jpg","width":1024,"height":1024},{"@type":"BreadcrumbList","@id":"https:\/\/dev.monti.lt\/product\/darbo-irankiu-deze\/#breadcrumb","itemListElement":[{"@type":"ListItem","position":1,"name":"Home","item":"https:\/\/dev.monti.lt\/"},{"@type":"ListItem","position":2,"name":"Parduotuv\u0117","item":"https:\/\/dev.monti.lt\/shop\/"},{"@type":"ListItem","position":3,"name":"Darbo \u012franki\u0173 d\u0117\u017e\u0117"}]},{"@type":"WebSite","@id":"https:\/\/dev.monti.lt\/#website","url":"https:\/\/dev.monti.lt\/","name":"Montessori \u017eaislai","description":"","publisher":{"@id":"https:\/\/dev.monti.lt\/#organization"},"potentialAction":[{"@type":"SearchAction","target":{"@type":"EntryPoint","urlTemplate":"https:\/\/dev.monti.lt\/?s={search_term_string}"},"query-input":"required name=search_term_string"}],"inLanguage":"en-US"},{"@type":"Organization","@id":"https:\/\/dev.monti.lt\/#organization","name":"Montessori \u017eaislai","url":"https:\/\/dev.monti.lt\/","logo":{"@type":"ImageObject","inLanguage":"en-US","@id":"https:\/\/dev.monti.lt\/#\/schema\/logo\/image\/","url":"https:\/\/dev.monti.lt\/wp-content\/uploads\/2022\/03\/montilogo-1.png","contentUrl":"https:\/\/dev.monti.lt\/wp-content\/uploads\/2022\/03\/montilogo-1.png","width":512,"height":512,"caption":"Montessori \u017eaislai"},"image":{"@id":"https:\/\/dev.monti.lt\/#\/schema\/logo\/image\/"}}]}},"_links":{"self":[{"href":"https:\/\/dev.monti.lt\/en\/wp-json\/wp\/v2\/product\/15274"}],"collection":[{"href":"https:\/\/dev.monti.lt\/en\/wp-json\/wp\/v2\/product"}],"about":[{"href":"https:\/\/dev.monti.lt\/en\/wp-json\/wp\/v2\/types\/product"}],"version-history":[{"count":2,"href":"https:\/\/dev.monti.lt\/en\/wp-json\/wp\/v2\/product\/15274\/revisions"}],"predecessor-version":[{"id":18051,"href":"https:\/\/dev.monti.lt\/en\/wp-json\/wp\/v2\/product\/15274\/revisions\/18051"}],"wp:featuredmedia":[{"embeddable":true,"href":"https:\/\/dev.monti.lt\/en\/wp-json\/wp\/v2\/media\/15275"}],"wp:attachment":[{"href":"https:\/\/dev.monti.lt\/en\/wp-json\/wp\/v2\/media?parent=15274"}],"wp:term":[{"taxonomy":"product_cat","embeddable":true,"href":"https:\/\/dev.monti.lt\/en\/wp-json\/wp\/v2\/product_cat?post=15274"},{"taxonomy":"product_tag","embeddable":true,"href":"https:\/\/dev.monti.lt\/en\/wp-json\/wp\/v2\/product_tag?post=15274"}],"curies":[{"name":"wp","href":"https:\/\/api.w.org\/{rel}","templated":true}]}}