{"id":15271,"date":"2023-05-11T15:11:11","date_gmt":"2023-05-11T15:11:11","guid":{"rendered":"https:\/\/dev.monti.lt\/?post_type=product&#038;p=15271"},"modified":"2024-10-08T10:22:16","modified_gmt":"2024-10-08T10:22:16","slug":"magnetinis-labirintas-118-vnt","status":"publish","type":"product","link":"https:\/\/dev.monti.lt\/en\/product\/magnetinis-labirintas-118-vnt\/","title":{"rendered":"Magnetinis labirintas 118 vnt."},"content":{"rendered":"<p>Ar j\u016bs\u0173 vaikui nuobodu su \u012fprastomis kalad\u0117l\u0117mis ir jis ie\u0161ko ka\u017eko naujo ir kitokio? K\u0105 gi, tada paie\u0161kos baigtos, nes \u0161is rinkinys tikrai unikalus!<\/p>\n<p>Magnetin\u0117s kalad\u0117l\u0117s &#8211; tai gaminys, kuris leid\u017eia daug lengviau ir smagiau statyti \u012fvairias konstrukcijas &#8211; \u012fmontuoti stipr\u016bs magnetai tvirtai laikys bet koki\u0105 j\u016bs\u0173 pastatyt\u0105 konstrukcij\u0105!<\/p>\n<p>Ta\u010diau did\u017eiausias \u0161io rinkinio pliusas yra tas, kad i\u0161 jo galima pastatyti fantasti\u0161k\u0105 kamuoliuk\u0173 tras\u0105! \u0160e\u0161iolika rinkinyje esan\u010di\u0173 kamuoliuk\u0173 gal\u0117s jud\u0117ti sud\u0117tingais trasos koridoriais, o ma\u017eajam in\u017einieriui, atsakingam u\u017e visos trasos statyb\u0105, bus daugyb\u0117 pramog\u0173!<\/p>\n<p>Be to, kad trasa b\u016bt\u0173 unikali, rinkinyje bus du elektriniai statiniai &#8211; Velnio ratas ir keltuvas. Jais rutuliukai gal\u0117s skland\u017eiai jud\u0117ti visoje trasoje. Be to, velnio ratas groja linksm\u0105 melodij\u0105, kad \u017eaisti b\u016bt\u0173 dar smagiau!<\/p>\n<p>I\u0161 kalad\u0117li\u0173 galima kurti \u012fvairias formas, fig\u016bras ir konstrukcijas &#8211; tiek plok\u0161\u010dias, tiek 3D formos.<\/p>\n<p>Rinkinyje esan\u010dius spalvingus lipdukus galima klijuoti ant pasirinkt\u0173 kalad\u0117li\u0173, tod\u0117l sukurtos konstrukcijos bus itin spalvingos ir tikrai specializuotos pagal j\u016bs\u0173 ma\u017eylio skon\u012f!<\/p>\n<p>Stebint, kaip juda kamuoliukai, ne tik patiriamas pasitenkinimo jausmas d\u0117l veikian\u010dio takelio, bet ir stimuliuojamas regos poj\u016btis. O \u017eaid\u017eiant su kalad\u0117l\u0117mis lavinama daugyb\u0117 \u012fg\u016bd\u017ei\u0173, vis\u0173 pirma: erdvin\u0117 vaizduot\u0117, rank\u0173 darbo \u012fg\u016bd\u017eiai, loginis m\u0105stymas, prie\u017easties ir pasekm\u0117s samprotavimas.<\/p>\n<p>Visi elementai pagaminti i\u0161 patvaraus plastiko, tod\u0117l rinkiniu galima d\u017eiaugtis tikrai ilgai.<\/p>\n<p>PUIKI DOVANA BET KURIAM VAIKUI!<\/p>\n<p>Rinkinio turinys:<\/p>\n<p>Sud\u0117tis: apyni\u0173 ratas<br \/>Keltuvas<br \/>Kamuoliai x16<br \/>Kvadratin\u0117s magnetin\u0117s kalad\u0117l\u0117s x32<br \/>Trikamp\u0117s magnetin\u0117s kalad\u0117l\u0117s x4<br \/>E formos magnetin\u0117s kalad\u0117l\u0117s x4<br \/>\u012evairi\u0173 form\u0173 \u012fprasti blokai x58<br \/>\u017dmon\u0117s x2<br \/>Lipdukai su \u012fvairiais paveiksl\u0117liais<\/p>\n<p>Technin\u0117s specifikacijos:<\/p>\n<p>Am\u017eius: 3+<br \/>Velnio rato maitinimo \u0161altinis: 3x AA baterija (nepridedama)<br \/>Keltuvo maitinimo \u0161altinis: 3x AA baterija (ne\u012feina \u012f komplekt\u0105)<\/p>\n<p>I\u0161matavimai: (1) &#8211; 1 vnt:<\/p>\n<p>Apskritojo stalo ratas: Dydis: 30,5 cm x 32,5 cm x 7,5 cm.<br \/>Keltuvas: 30 cm x 8,5 cm x 6,5 cm<br \/>\u017dmogus: 9 cm x 5 cm x 4,5 cm<br \/>Pakuot\u0117: 56 cm x 39,2 cm x 9,5 cm<\/p>\n<p>Gaminys supakuotas \u012f patraukli\u0105 kartonin\u0119 d\u0117\u017eut\u0119.<\/p>","protected":false},"excerpt":{"rendered":"<p>Ar j\u016bs\u0173 vaikui nuobodu su \u012fprastomis kalad\u0117l\u0117mis ir jis ie\u0161ko ka\u017eko naujo ir kitokio? K\u0105 gi, tada paie\u0161kos baigtos, nes \u0161is rinkinys tikrai unikalus! Magnetin\u0117s kalad\u0117l\u0117s &#8211; tai gaminys, kuris leid\u017eia daug lengviau ir smagiau statyti \u012fvairias konstrukcijas &#8211; \u012fmontuoti stipr\u016bs magnetai tvirtai laikys bet koki\u0105 j\u016bs\u0173 pastatyt\u0105 konstrukcij\u0105! Ta\u010diau did\u017eiausias \u0161io rinkinio pliusas yra [&hellip;]<\/p>","protected":false},"featured_media":15272,"template":"","meta":{"iawp_total_views":32},"product_cat":[92,87,84,91,90,86,49,39],"product_tag":[96,97,98],"class_list":{"0":"post-15271","1":"product","2":"type-product","3":"status-publish","4":"has-post-thumbnail","6":"product_cat-deliones","7":"product_cat-kurybiniai-rinkiniai","8":"product_cat-lavinamieji-zaislai","9":"product_cat-loginiam-mastymui","10":"product_cat-pasaulio-pazinimas","11":"product_cat-smulkioji-motorika","12":"product_cat-visi-zaislai","13":"product_cat-zaislai","14":"product_tag-2-m-3-m","15":"product_tag-3-m-4-m","16":"product_tag-5-m-7-m","18":"first","19":"instock","20":"taxable","21":"shipping-taxable","22":"purchasable","23":"product-type-simple"},"yoast_head":"<!-- This site is optimized with the Yoast SEO plugin v23.3 - https:\/\/yoast.com\/wordpress\/plugins\/seo\/ -->\n<title>Magnetinis labirintas 118 vnt. - Montessori \u017eaislai<\/title>\n<meta name=\"robots\" content=\"noindex, follow, max-snippet:-1, max-image-preview:large, max-video-preview:-1\" \/>\n<meta property=\"og:locale\" content=\"en_US\" \/>\n<meta property=\"og:type\" content=\"article\" \/>\n<meta property=\"og:title\" content=\"Magnetinis labirintas 118 vnt. - Montessori \u017eaislai\" \/>\n<meta property=\"og:description\" content=\"Ar j\u016bs\u0173 vaikui nuobodu su \u012fprastomis kalad\u0117l\u0117mis ir jis ie\u0161ko ka\u017eko naujo ir kitokio? K\u0105 gi, tada paie\u0161kos baigtos, nes \u0161is rinkinys tikrai unikalus! Magnetin\u0117s kalad\u0117l\u0117s &#8211; tai gaminys, kuris leid\u017eia daug lengviau ir smagiau statyti \u012fvairias konstrukcijas &#8211; \u012fmontuoti stipr\u016bs magnetai tvirtai laikys bet koki\u0105 j\u016bs\u0173 pastatyt\u0105 konstrukcij\u0105! Ta\u010diau did\u017eiausias \u0161io rinkinio pliusas yra [&hellip;]\" \/>\n<meta property=\"og:url\" content=\"https:\/\/dev.monti.lt\/en\/product\/magnetinis-labirintas-118-vnt\/\" \/>\n<meta property=\"og:site_name\" content=\"Montessori \u017eaislai\" \/>\n<meta property=\"article:modified_time\" content=\"2024-10-08T10:22:16+00:00\" \/>\n<meta property=\"og:image\" content=\"https:\/\/dev.monti.lt\/wp-content\/uploads\/2023\/05\/Magnetic-marble-ball-track-blocks-sound-118el-108642.jpg\" \/>\n\t<meta property=\"og:image:width\" content=\"786\" \/>\n\t<meta property=\"og:image:height\" content=\"651\" \/>\n\t<meta property=\"og:image:type\" content=\"image\/jpeg\" \/>\n<meta name=\"twitter:card\" content=\"summary_large_image\" \/>\n<script type=\"application\/ld+json\" class=\"yoast-schema-graph\">{\"@context\":\"https:\/\/schema.org\",\"@graph\":[{\"@type\":\"WebPage\",\"@id\":\"https:\/\/dev.monti.lt\/product\/magnetinis-labirintas-118-vnt\/\",\"url\":\"https:\/\/dev.monti.lt\/product\/magnetinis-labirintas-118-vnt\/\",\"name\":\"Magnetinis labirintas 118 vnt. - Montessori \u017eaislai\",\"isPartOf\":{\"@id\":\"https:\/\/dev.monti.lt\/#website\"},\"primaryImageOfPage\":{\"@id\":\"https:\/\/dev.monti.lt\/product\/magnetinis-labirintas-118-vnt\/#primaryimage\"},\"image\":{\"@id\":\"https:\/\/dev.monti.lt\/product\/magnetinis-labirintas-118-vnt\/#primaryimage\"},\"thumbnailUrl\":\"https:\/\/dev.monti.lt\/wp-content\/uploads\/2023\/05\/Magnetic-marble-ball-track-blocks-sound-118el-108642.jpg\",\"datePublished\":\"2023-05-11T15:11:11+00:00\",\"dateModified\":\"2024-10-08T10:22:16+00:00\",\"breadcrumb\":{\"@id\":\"https:\/\/dev.monti.lt\/product\/magnetinis-labirintas-118-vnt\/#breadcrumb\"},\"inLanguage\":\"en-US\",\"potentialAction\":[{\"@type\":\"ReadAction\",\"target\":[\"https:\/\/dev.monti.lt\/product\/magnetinis-labirintas-118-vnt\/\"]}]},{\"@type\":\"ImageObject\",\"inLanguage\":\"en-US\",\"@id\":\"https:\/\/dev.monti.lt\/product\/magnetinis-labirintas-118-vnt\/#primaryimage\",\"url\":\"https:\/\/dev.monti.lt\/wp-content\/uploads\/2023\/05\/Magnetic-marble-ball-track-blocks-sound-118el-108642.jpg\",\"contentUrl\":\"https:\/\/dev.monti.lt\/wp-content\/uploads\/2023\/05\/Magnetic-marble-ball-track-blocks-sound-118el-108642.jpg\",\"width\":786,\"height\":651},{\"@type\":\"BreadcrumbList\",\"@id\":\"https:\/\/dev.monti.lt\/product\/magnetinis-labirintas-118-vnt\/#breadcrumb\",\"itemListElement\":[{\"@type\":\"ListItem\",\"position\":1,\"name\":\"Home\",\"item\":\"https:\/\/dev.monti.lt\/\"},{\"@type\":\"ListItem\",\"position\":2,\"name\":\"Parduotuv\u0117\",\"item\":\"https:\/\/dev.monti.lt\/shop\/\"},{\"@type\":\"ListItem\",\"position\":3,\"name\":\"Magnetinis labirintas 118 vnt.\"}]},{\"@type\":\"WebSite\",\"@id\":\"https:\/\/dev.monti.lt\/#website\",\"url\":\"https:\/\/dev.monti.lt\/\",\"name\":\"Montessori \u017eaislai\",\"description\":\"\",\"publisher\":{\"@id\":\"https:\/\/dev.monti.lt\/#organization\"},\"potentialAction\":[{\"@type\":\"SearchAction\",\"target\":{\"@type\":\"EntryPoint\",\"urlTemplate\":\"https:\/\/dev.monti.lt\/?s={search_term_string}\"},\"query-input\":\"required name=search_term_string\"}],\"inLanguage\":\"en-US\"},{\"@type\":\"Organization\",\"@id\":\"https:\/\/dev.monti.lt\/#organization\",\"name\":\"Montessori \u017eaislai\",\"url\":\"https:\/\/dev.monti.lt\/\",\"logo\":{\"@type\":\"ImageObject\",\"inLanguage\":\"en-US\",\"@id\":\"https:\/\/dev.monti.lt\/#\/schema\/logo\/image\/\",\"url\":\"https:\/\/dev.monti.lt\/wp-content\/uploads\/2022\/03\/montilogo-1.png\",\"contentUrl\":\"https:\/\/dev.monti.lt\/wp-content\/uploads\/2022\/03\/montilogo-1.png\",\"width\":512,\"height\":512,\"caption\":\"Montessori \u017eaislai\"},\"image\":{\"@id\":\"https:\/\/dev.monti.lt\/#\/schema\/logo\/image\/\"}}]}<\/script>\n<!-- \/ Yoast SEO plugin. -->","yoast_head_json":{"title":"Magnetinis labirintas 118 vnt. - Montessori \u017eaislai","robots":{"index":"noindex","follow":"follow","max-snippet":"max-snippet:-1","max-image-preview":"max-image-preview:large","max-video-preview":"max-video-preview:-1"},"og_locale":"en_US","og_type":"article","og_title":"Magnetinis labirintas 118 vnt. - Montessori \u017eaislai","og_description":"Ar j\u016bs\u0173 vaikui nuobodu su \u012fprastomis kalad\u0117l\u0117mis ir jis ie\u0161ko ka\u017eko naujo ir kitokio? K\u0105 gi, tada paie\u0161kos baigtos, nes \u0161is rinkinys tikrai unikalus! Magnetin\u0117s kalad\u0117l\u0117s &#8211; tai gaminys, kuris leid\u017eia daug lengviau ir smagiau statyti \u012fvairias konstrukcijas &#8211; \u012fmontuoti stipr\u016bs magnetai tvirtai laikys bet koki\u0105 j\u016bs\u0173 pastatyt\u0105 konstrukcij\u0105! Ta\u010diau did\u017eiausias \u0161io rinkinio pliusas yra [&hellip;]","og_url":"https:\/\/dev.monti.lt\/en\/product\/magnetinis-labirintas-118-vnt\/","og_site_name":"Montessori \u017eaislai","article_modified_time":"2024-10-08T10:22:16+00:00","og_image":[{"width":786,"height":651,"url":"https:\/\/dev.monti.lt\/wp-content\/uploads\/2023\/05\/Magnetic-marble-ball-track-blocks-sound-118el-108642.jpg","type":"image\/jpeg"}],"twitter_card":"summary_large_image","schema":{"@context":"https:\/\/schema.org","@graph":[{"@type":"WebPage","@id":"https:\/\/dev.monti.lt\/product\/magnetinis-labirintas-118-vnt\/","url":"https:\/\/dev.monti.lt\/product\/magnetinis-labirintas-118-vnt\/","name":"Magnetinis labirintas 118 vnt. - Montessori \u017eaislai","isPartOf":{"@id":"https:\/\/dev.monti.lt\/#website"},"primaryImageOfPage":{"@id":"https:\/\/dev.monti.lt\/product\/magnetinis-labirintas-118-vnt\/#primaryimage"},"image":{"@id":"https:\/\/dev.monti.lt\/product\/magnetinis-labirintas-118-vnt\/#primaryimage"},"thumbnailUrl":"https:\/\/dev.monti.lt\/wp-content\/uploads\/2023\/05\/Magnetic-marble-ball-track-blocks-sound-118el-108642.jpg","datePublished":"2023-05-11T15:11:11+00:00","dateModified":"2024-10-08T10:22:16+00:00","breadcrumb":{"@id":"https:\/\/dev.monti.lt\/product\/magnetinis-labirintas-118-vnt\/#breadcrumb"},"inLanguage":"en-US","potentialAction":[{"@type":"ReadAction","target":["https:\/\/dev.monti.lt\/product\/magnetinis-labirintas-118-vnt\/"]}]},{"@type":"ImageObject","inLanguage":"en-US","@id":"https:\/\/dev.monti.lt\/product\/magnetinis-labirintas-118-vnt\/#primaryimage","url":"https:\/\/dev.monti.lt\/wp-content\/uploads\/2023\/05\/Magnetic-marble-ball-track-blocks-sound-118el-108642.jpg","contentUrl":"https:\/\/dev.monti.lt\/wp-content\/uploads\/2023\/05\/Magnetic-marble-ball-track-blocks-sound-118el-108642.jpg","width":786,"height":651},{"@type":"BreadcrumbList","@id":"https:\/\/dev.monti.lt\/product\/magnetinis-labirintas-118-vnt\/#breadcrumb","itemListElement":[{"@type":"ListItem","position":1,"name":"Home","item":"https:\/\/dev.monti.lt\/"},{"@type":"ListItem","position":2,"name":"Parduotuv\u0117","item":"https:\/\/dev.monti.lt\/shop\/"},{"@type":"ListItem","position":3,"name":"Magnetinis labirintas 118 vnt."}]},{"@type":"WebSite","@id":"https:\/\/dev.monti.lt\/#website","url":"https:\/\/dev.monti.lt\/","name":"Montessori \u017eaislai","description":"","publisher":{"@id":"https:\/\/dev.monti.lt\/#organization"},"potentialAction":[{"@type":"SearchAction","target":{"@type":"EntryPoint","urlTemplate":"https:\/\/dev.monti.lt\/?s={search_term_string}"},"query-input":"required name=search_term_string"}],"inLanguage":"en-US"},{"@type":"Organization","@id":"https:\/\/dev.monti.lt\/#organization","name":"Montessori \u017eaislai","url":"https:\/\/dev.monti.lt\/","logo":{"@type":"ImageObject","inLanguage":"en-US","@id":"https:\/\/dev.monti.lt\/#\/schema\/logo\/image\/","url":"https:\/\/dev.monti.lt\/wp-content\/uploads\/2022\/03\/montilogo-1.png","contentUrl":"https:\/\/dev.monti.lt\/wp-content\/uploads\/2022\/03\/montilogo-1.png","width":512,"height":512,"caption":"Montessori \u017eaislai"},"image":{"@id":"https:\/\/dev.monti.lt\/#\/schema\/logo\/image\/"}}]}},"_links":{"self":[{"href":"https:\/\/dev.monti.lt\/en\/wp-json\/wp\/v2\/product\/15271"}],"collection":[{"href":"https:\/\/dev.monti.lt\/en\/wp-json\/wp\/v2\/product"}],"about":[{"href":"https:\/\/dev.monti.lt\/en\/wp-json\/wp\/v2\/types\/product"}],"version-history":[{"count":2,"href":"https:\/\/dev.monti.lt\/en\/wp-json\/wp\/v2\/product\/15271\/revisions"}],"predecessor-version":[{"id":18052,"href":"https:\/\/dev.monti.lt\/en\/wp-json\/wp\/v2\/product\/15271\/revisions\/18052"}],"wp:featuredmedia":[{"embeddable":true,"href":"https:\/\/dev.monti.lt\/en\/wp-json\/wp\/v2\/media\/15272"}],"wp:attachment":[{"href":"https:\/\/dev.monti.lt\/en\/wp-json\/wp\/v2\/media?parent=15271"}],"wp:term":[{"taxonomy":"product_cat","embeddable":true,"href":"https:\/\/dev.monti.lt\/en\/wp-json\/wp\/v2\/product_cat?post=15271"},{"taxonomy":"product_tag","embeddable":true,"href":"https:\/\/dev.monti.lt\/en\/wp-json\/wp\/v2\/product_tag?post=15271"}],"curies":[{"name":"wp","href":"https:\/\/api.w.org\/{rel}","templated":true}]}}