{"id":15251,"date":"2023-05-11T15:02:23","date_gmt":"2023-05-11T15:02:23","guid":{"rendered":"https:\/\/dev.monti.lt\/?post_type=product&#038;p=15251"},"modified":"2024-10-08T10:22:33","modified_gmt":"2024-10-08T10:22:33","slug":"svieciantis-magnetinis-labirintas-202-detales","status":"publish","type":"product","link":"https:\/\/dev.monti.lt\/en\/product\/svieciantis-magnetinis-labirintas-202-detales\/","title":{"rendered":"\u0160vie\u010diantis magnetinis labirintas 202 detal\u0117s"},"content":{"rendered":"<p>Kurkime k\u0105 nors kartu!<\/p>\n<p>Fantasti\u0161kos spalvotos kalad\u0117l\u0117s, i\u0161 kuri\u0173 galima sukurti nema\u017e\u0105 kamuoliuk\u0173 tras\u0105!<\/p>\n<p>Blokeliai yra labai universalus gaminys &#8211; i\u0161 j\u0173 galima statyti \u012fvairiausius daiktus, tiek plok\u0161\u010dius 2D fig\u016bras, tiek erdvinius pastatus, erdvines fig\u016bras ir kamuolio takelius.<\/p>\n<p>Ta\u010diau \u0161is rinkinys unikalus &#8211; jame yra daug \u0161vie\u010dian\u010di\u0173 element\u0173, \u012fskaitant kamuoliukus, kurie, kai pradedami jud\u0117ti, pradeda \u0161vyt\u0117ti. Tod\u0117l pasta\u010dius tras\u0105, ja judantys kamuoliukai sukurs nuostab\u0173 \u0161viesos \u0161ou!<\/p>\n<p>Be to, daugyb\u0117 pro\u017eektori\u0173 leis ap\u0161viesti statin\u012f, kad jis atrodyt\u0173 dar \u012fsp\u016bdingiau, jei tik \u012fmanoma! Ap\u0161viesta trasa gra\u017eiai atrodys ir nakt\u012f.<\/p>\n<p>Malonios spalvos ir lipdukai su \u012fvairia grafika tikrai paskatins j\u016bs\u0173 ma\u017eyl\u012f \u017eaisti!<\/p>\n<p>Kai kurios kalad\u0117l\u0117s sujungtos magnetais, tod\u0117l visas statinys yra tvirtesnis. Likusios kalad\u0117l\u0117s, atliekan\u010dios tuneli\u0173 funkcij\u0105, dedamos &#8220;spaud\u017eiant&#8221;.<\/p>\n<p>Be \u0161vie\u010dian\u010di\u0173 kamuoliuk\u0173, rinkinyje yra ir paprast\u0173 kamuoliuk\u0173, kurie gali pasitarnauti kaip pastatyto statinio kokyb\u0117s testeriai prie\u0161 did\u012fj\u012f \u0161ou.<\/p>\n<p>Puikiai derinant kalad\u0117les lavinami rank\u0173 darbo \u012fg\u016bd\u017eiai, smulkioji motorika ir pir\u0161t\u0173 tikslumas. O kitos konstrukcijos planavimas, kad ji b\u016bt\u0173 tvirta, skatina erdvin\u0119 vaizduot\u0119 ir moko loginio m\u0105stymo.<\/p>\n<p>Be to, stebint, kaip kamuoliukai juda i\u0161ilgai sukonstruoto takelio, skatinamas regimasis suvokimas ir lavinami steb\u0117jimo \u012fg\u016bd\u017eiai.<\/p>\n<p>Rinkinys idealiai tinka \u017eaisti kartu! Kartu galite sugalvoti ir suplanuoti kit\u0105 statyb\u0105 &#8211; tai puiki veikla \u0161eimos vakarui, kuri ne tik garantuoja puiki\u0105 pramog\u0105 ir daug juoko, bet ir stiprina j\u016bs\u0173 santykius.<\/p>\n<p>Visos detal\u0117s pagamintos i\u0161 patvaraus plastiko, kuris garantuos, kad rinkiniu bus galima d\u017eiaugtis ilgai.<\/p>\n<p>\u00a0<\/p>\n<p>Rinkinio turinys:<\/p>\n<p>Kamuoliai x12<br \/>\u0160vie\u010dian\u010dios kalad\u0117l\u0117s x14<br \/>Magnetin\u0117s kvadratin\u0117s kalad\u0117l\u0117s x60<br \/>Trikamp\u0117s magnetin\u0117s kalad\u0117l\u0117s x4<br \/>E formos magnetiniai blokeliai x4<br \/>\u012evairi\u0173 form\u0173 \u012fprasti blokai x106<br \/>\u017dmon\u0117s x2<br \/>Lipdukai su \u012fvairiais paveiksl\u0117liais<\/p>\n<p>Technin\u0117s specifikacijos:<\/p>\n<p>Plastikas: plastikas, magnetiniai elementai<br \/>Am\u017eius: 3+<br \/>Element\u0173 skai\u010dius: 202<br \/>\u0160vie\u010dian\u010di\u0173 kalad\u0117li\u0173 maitinimas: baterijos (\u012feina \u012f komplekt\u0105)<\/p>\n<p>\u00a0<\/p>\n<p>Kamuolys: 2,5 cm<br \/>Kvadratinis magnetinis blokas: 6,5 cm x 6,5 cm x 0,7 cm<br \/>Did\u017eiausias blokelis: 5 cm x 4,5 cm<br \/>\u017dmogus: 9 cm x 6 cm<br \/>Pakuot\u0117: 42,5 cm x 32 cm x 9 cm<\/p>\n<p>Gaminys supakuotas \u012f patraukli\u0105 kartonin\u0119 d\u0117\u017eut\u0119.<\/p>","protected":false},"excerpt":{"rendered":"<p>Kurkime k\u0105 nors kartu! Fantasti\u0161kos spalvotos kalad\u0117l\u0117s, i\u0161 kuri\u0173 galima sukurti nema\u017e\u0105 kamuoliuk\u0173 tras\u0105! Blokeliai yra labai universalus gaminys &#8211; i\u0161 j\u0173 galima statyti \u012fvairiausius daiktus, tiek plok\u0161\u010dius 2D fig\u016bras, tiek erdvinius pastatus, erdvines fig\u016bras ir kamuolio takelius. Ta\u010diau \u0161is rinkinys unikalus &#8211; jame yra daug \u0161vie\u010dian\u010di\u0173 element\u0173, \u012fskaitant kamuoliukus, kurie, kai pradedami jud\u0117ti, pradeda [&hellip;]<\/p>","protected":false},"featured_media":15252,"template":"","meta":{"iawp_total_views":45},"product_cat":[92,195,197,196,191,192,87,84,199,202,49,39],"product_tag":[97,98],"class_list":{"0":"post-15251","1":"product","2":"type-product","3":"status-publish","4":"has-post-thumbnail","6":"product_cat-deliones","7":"product_cat-dovanos-vaikams-3-4-metu","8":"product_cat-dovanos-berniukams","9":"product_cat-dovanos-mergaitems","10":"product_cat-dovanos-vaikams","11":"product_cat-kaledines-dovanos-vaikams","12":"product_cat-kurybiniai-rinkiniai","13":"product_cat-lavinamieji-zaislai","14":"product_cat-ugdymo-istaigoms","15":"product_cat-vaaikiski-konstruktoriai","16":"product_cat-visi-zaislai","17":"product_cat-zaislai","18":"product_tag-3-m-4-m","19":"product_tag-5-m-7-m","21":"first","22":"instock","23":"taxable","24":"shipping-taxable","25":"purchasable","26":"product-type-simple"},"yoast_head":"<!-- This site is optimized with the Yoast SEO plugin v23.3 - https:\/\/yoast.com\/wordpress\/plugins\/seo\/ -->\n<title>\u0160vie\u010diantis magnetinis labirintas 202 detal\u0117s - Montessori \u017eaislai<\/title>\n<meta name=\"robots\" content=\"noindex, follow, max-snippet:-1, max-image-preview:large, max-video-preview:-1\" \/>\n<meta property=\"og:locale\" content=\"en_US\" \/>\n<meta property=\"og:type\" content=\"article\" \/>\n<meta property=\"og:title\" content=\"\u0160vie\u010diantis magnetinis labirintas 202 detal\u0117s - Montessori \u017eaislai\" \/>\n<meta property=\"og:description\" content=\"Kurkime k\u0105 nors kartu! Fantasti\u0161kos spalvotos kalad\u0117l\u0117s, i\u0161 kuri\u0173 galima sukurti nema\u017e\u0105 kamuoliuk\u0173 tras\u0105! Blokeliai yra labai universalus gaminys &#8211; i\u0161 j\u0173 galima statyti \u012fvairiausius daiktus, tiek plok\u0161\u010dius 2D fig\u016bras, tiek erdvinius pastatus, erdvines fig\u016bras ir kamuolio takelius. Ta\u010diau \u0161is rinkinys unikalus &#8211; jame yra daug \u0161vie\u010dian\u010di\u0173 element\u0173, \u012fskaitant kamuoliukus, kurie, kai pradedami jud\u0117ti, pradeda [&hellip;]\" \/>\n<meta property=\"og:url\" content=\"https:\/\/dev.monti.lt\/en\/product\/svieciantis-magnetinis-labirintas-202-detales\/\" \/>\n<meta property=\"og:site_name\" content=\"Montessori \u017eaislai\" \/>\n<meta property=\"article:modified_time\" content=\"2024-10-08T10:22:33+00:00\" \/>\n<meta property=\"og:image\" content=\"https:\/\/dev.monti.lt\/wp-content\/uploads\/2023\/05\/Klocki-magnetyczne-marble-tor-kulkowy-swiecacy-202-elementy-112528.jpg\" \/>\n\t<meta property=\"og:image:width\" content=\"550\" \/>\n\t<meta property=\"og:image:height\" content=\"550\" \/>\n\t<meta property=\"og:image:type\" content=\"image\/jpeg\" \/>\n<meta name=\"twitter:card\" content=\"summary_large_image\" \/>\n<script type=\"application\/ld+json\" class=\"yoast-schema-graph\">{\"@context\":\"https:\/\/schema.org\",\"@graph\":[{\"@type\":\"WebPage\",\"@id\":\"https:\/\/dev.monti.lt\/product\/svieciantis-magnetinis-labirintas-202-detales\/\",\"url\":\"https:\/\/dev.monti.lt\/product\/svieciantis-magnetinis-labirintas-202-detales\/\",\"name\":\"\u0160vie\u010diantis magnetinis labirintas 202 detal\u0117s - Montessori \u017eaislai\",\"isPartOf\":{\"@id\":\"https:\/\/dev.monti.lt\/#website\"},\"primaryImageOfPage\":{\"@id\":\"https:\/\/dev.monti.lt\/product\/svieciantis-magnetinis-labirintas-202-detales\/#primaryimage\"},\"image\":{\"@id\":\"https:\/\/dev.monti.lt\/product\/svieciantis-magnetinis-labirintas-202-detales\/#primaryimage\"},\"thumbnailUrl\":\"https:\/\/dev.monti.lt\/wp-content\/uploads\/2023\/05\/Klocki-magnetyczne-marble-tor-kulkowy-swiecacy-202-elementy-112528.jpg\",\"datePublished\":\"2023-05-11T15:02:23+00:00\",\"dateModified\":\"2024-10-08T10:22:33+00:00\",\"breadcrumb\":{\"@id\":\"https:\/\/dev.monti.lt\/product\/svieciantis-magnetinis-labirintas-202-detales\/#breadcrumb\"},\"inLanguage\":\"en-US\",\"potentialAction\":[{\"@type\":\"ReadAction\",\"target\":[\"https:\/\/dev.monti.lt\/product\/svieciantis-magnetinis-labirintas-202-detales\/\"]}]},{\"@type\":\"ImageObject\",\"inLanguage\":\"en-US\",\"@id\":\"https:\/\/dev.monti.lt\/product\/svieciantis-magnetinis-labirintas-202-detales\/#primaryimage\",\"url\":\"https:\/\/dev.monti.lt\/wp-content\/uploads\/2023\/05\/Klocki-magnetyczne-marble-tor-kulkowy-swiecacy-202-elementy-112528.jpg\",\"contentUrl\":\"https:\/\/dev.monti.lt\/wp-content\/uploads\/2023\/05\/Klocki-magnetyczne-marble-tor-kulkowy-swiecacy-202-elementy-112528.jpg\",\"width\":550,\"height\":550},{\"@type\":\"BreadcrumbList\",\"@id\":\"https:\/\/dev.monti.lt\/product\/svieciantis-magnetinis-labirintas-202-detales\/#breadcrumb\",\"itemListElement\":[{\"@type\":\"ListItem\",\"position\":1,\"name\":\"Home\",\"item\":\"https:\/\/dev.monti.lt\/\"},{\"@type\":\"ListItem\",\"position\":2,\"name\":\"Parduotuv\u0117\",\"item\":\"https:\/\/dev.monti.lt\/shop\/\"},{\"@type\":\"ListItem\",\"position\":3,\"name\":\"\u0160vie\u010diantis magnetinis labirintas 202 detal\u0117s\"}]},{\"@type\":\"WebSite\",\"@id\":\"https:\/\/dev.monti.lt\/#website\",\"url\":\"https:\/\/dev.monti.lt\/\",\"name\":\"Montessori \u017eaislai\",\"description\":\"\",\"publisher\":{\"@id\":\"https:\/\/dev.monti.lt\/#organization\"},\"potentialAction\":[{\"@type\":\"SearchAction\",\"target\":{\"@type\":\"EntryPoint\",\"urlTemplate\":\"https:\/\/dev.monti.lt\/?s={search_term_string}\"},\"query-input\":\"required name=search_term_string\"}],\"inLanguage\":\"en-US\"},{\"@type\":\"Organization\",\"@id\":\"https:\/\/dev.monti.lt\/#organization\",\"name\":\"Montessori \u017eaislai\",\"url\":\"https:\/\/dev.monti.lt\/\",\"logo\":{\"@type\":\"ImageObject\",\"inLanguage\":\"en-US\",\"@id\":\"https:\/\/dev.monti.lt\/#\/schema\/logo\/image\/\",\"url\":\"https:\/\/dev.monti.lt\/wp-content\/uploads\/2022\/03\/montilogo-1.png\",\"contentUrl\":\"https:\/\/dev.monti.lt\/wp-content\/uploads\/2022\/03\/montilogo-1.png\",\"width\":512,\"height\":512,\"caption\":\"Montessori \u017eaislai\"},\"image\":{\"@id\":\"https:\/\/dev.monti.lt\/#\/schema\/logo\/image\/\"}}]}<\/script>\n<!-- \/ Yoast SEO plugin. -->","yoast_head_json":{"title":"\u0160vie\u010diantis magnetinis labirintas 202 detal\u0117s - Montessori \u017eaislai","robots":{"index":"noindex","follow":"follow","max-snippet":"max-snippet:-1","max-image-preview":"max-image-preview:large","max-video-preview":"max-video-preview:-1"},"og_locale":"en_US","og_type":"article","og_title":"\u0160vie\u010diantis magnetinis labirintas 202 detal\u0117s - Montessori \u017eaislai","og_description":"Kurkime k\u0105 nors kartu! Fantasti\u0161kos spalvotos kalad\u0117l\u0117s, i\u0161 kuri\u0173 galima sukurti nema\u017e\u0105 kamuoliuk\u0173 tras\u0105! Blokeliai yra labai universalus gaminys &#8211; i\u0161 j\u0173 galima statyti \u012fvairiausius daiktus, tiek plok\u0161\u010dius 2D fig\u016bras, tiek erdvinius pastatus, erdvines fig\u016bras ir kamuolio takelius. Ta\u010diau \u0161is rinkinys unikalus &#8211; jame yra daug \u0161vie\u010dian\u010di\u0173 element\u0173, \u012fskaitant kamuoliukus, kurie, kai pradedami jud\u0117ti, pradeda [&hellip;]","og_url":"https:\/\/dev.monti.lt\/en\/product\/svieciantis-magnetinis-labirintas-202-detales\/","og_site_name":"Montessori \u017eaislai","article_modified_time":"2024-10-08T10:22:33+00:00","og_image":[{"width":550,"height":550,"url":"https:\/\/dev.monti.lt\/wp-content\/uploads\/2023\/05\/Klocki-magnetyczne-marble-tor-kulkowy-swiecacy-202-elementy-112528.jpg","type":"image\/jpeg"}],"twitter_card":"summary_large_image","schema":{"@context":"https:\/\/schema.org","@graph":[{"@type":"WebPage","@id":"https:\/\/dev.monti.lt\/product\/svieciantis-magnetinis-labirintas-202-detales\/","url":"https:\/\/dev.monti.lt\/product\/svieciantis-magnetinis-labirintas-202-detales\/","name":"\u0160vie\u010diantis magnetinis labirintas 202 detal\u0117s - Montessori \u017eaislai","isPartOf":{"@id":"https:\/\/dev.monti.lt\/#website"},"primaryImageOfPage":{"@id":"https:\/\/dev.monti.lt\/product\/svieciantis-magnetinis-labirintas-202-detales\/#primaryimage"},"image":{"@id":"https:\/\/dev.monti.lt\/product\/svieciantis-magnetinis-labirintas-202-detales\/#primaryimage"},"thumbnailUrl":"https:\/\/dev.monti.lt\/wp-content\/uploads\/2023\/05\/Klocki-magnetyczne-marble-tor-kulkowy-swiecacy-202-elementy-112528.jpg","datePublished":"2023-05-11T15:02:23+00:00","dateModified":"2024-10-08T10:22:33+00:00","breadcrumb":{"@id":"https:\/\/dev.monti.lt\/product\/svieciantis-magnetinis-labirintas-202-detales\/#breadcrumb"},"inLanguage":"en-US","potentialAction":[{"@type":"ReadAction","target":["https:\/\/dev.monti.lt\/product\/svieciantis-magnetinis-labirintas-202-detales\/"]}]},{"@type":"ImageObject","inLanguage":"en-US","@id":"https:\/\/dev.monti.lt\/product\/svieciantis-magnetinis-labirintas-202-detales\/#primaryimage","url":"https:\/\/dev.monti.lt\/wp-content\/uploads\/2023\/05\/Klocki-magnetyczne-marble-tor-kulkowy-swiecacy-202-elementy-112528.jpg","contentUrl":"https:\/\/dev.monti.lt\/wp-content\/uploads\/2023\/05\/Klocki-magnetyczne-marble-tor-kulkowy-swiecacy-202-elementy-112528.jpg","width":550,"height":550},{"@type":"BreadcrumbList","@id":"https:\/\/dev.monti.lt\/product\/svieciantis-magnetinis-labirintas-202-detales\/#breadcrumb","itemListElement":[{"@type":"ListItem","position":1,"name":"Home","item":"https:\/\/dev.monti.lt\/"},{"@type":"ListItem","position":2,"name":"Parduotuv\u0117","item":"https:\/\/dev.monti.lt\/shop\/"},{"@type":"ListItem","position":3,"name":"\u0160vie\u010diantis magnetinis labirintas 202 detal\u0117s"}]},{"@type":"WebSite","@id":"https:\/\/dev.monti.lt\/#website","url":"https:\/\/dev.monti.lt\/","name":"Montessori \u017eaislai","description":"","publisher":{"@id":"https:\/\/dev.monti.lt\/#organization"},"potentialAction":[{"@type":"SearchAction","target":{"@type":"EntryPoint","urlTemplate":"https:\/\/dev.monti.lt\/?s={search_term_string}"},"query-input":"required name=search_term_string"}],"inLanguage":"en-US"},{"@type":"Organization","@id":"https:\/\/dev.monti.lt\/#organization","name":"Montessori \u017eaislai","url":"https:\/\/dev.monti.lt\/","logo":{"@type":"ImageObject","inLanguage":"en-US","@id":"https:\/\/dev.monti.lt\/#\/schema\/logo\/image\/","url":"https:\/\/dev.monti.lt\/wp-content\/uploads\/2022\/03\/montilogo-1.png","contentUrl":"https:\/\/dev.monti.lt\/wp-content\/uploads\/2022\/03\/montilogo-1.png","width":512,"height":512,"caption":"Montessori \u017eaislai"},"image":{"@id":"https:\/\/dev.monti.lt\/#\/schema\/logo\/image\/"}}]}},"_links":{"self":[{"href":"https:\/\/dev.monti.lt\/en\/wp-json\/wp\/v2\/product\/15251"}],"collection":[{"href":"https:\/\/dev.monti.lt\/en\/wp-json\/wp\/v2\/product"}],"about":[{"href":"https:\/\/dev.monti.lt\/en\/wp-json\/wp\/v2\/types\/product"}],"version-history":[{"count":2,"href":"https:\/\/dev.monti.lt\/en\/wp-json\/wp\/v2\/product\/15251\/revisions"}],"predecessor-version":[{"id":18061,"href":"https:\/\/dev.monti.lt\/en\/wp-json\/wp\/v2\/product\/15251\/revisions\/18061"}],"wp:featuredmedia":[{"embeddable":true,"href":"https:\/\/dev.monti.lt\/en\/wp-json\/wp\/v2\/media\/15252"}],"wp:attachment":[{"href":"https:\/\/dev.monti.lt\/en\/wp-json\/wp\/v2\/media?parent=15251"}],"wp:term":[{"taxonomy":"product_cat","embeddable":true,"href":"https:\/\/dev.monti.lt\/en\/wp-json\/wp\/v2\/product_cat?post=15251"},{"taxonomy":"product_tag","embeddable":true,"href":"https:\/\/dev.monti.lt\/en\/wp-json\/wp\/v2\/product_tag?post=15251"}],"curies":[{"name":"wp","href":"https:\/\/api.w.org\/{rel}","templated":true}]}}