{"id":15127,"date":"2023-04-24T11:39:18","date_gmt":"2023-04-24T11:39:18","guid":{"rendered":"https:\/\/dev.monti.lt\/?post_type=product&#038;p=15127"},"modified":"2024-09-18T09:51:23","modified_gmt":"2024-09-18T09:51:23","slug":"sonsorinis-rusiuoklis-su-virvelemis","status":"publish","type":"product","link":"https:\/\/dev.monti.lt\/en\/product\/sonsorinis-rusiuoklis-su-virvelemis\/","title":{"rendered":"Sensorinis r\u016b\u0161iuoklis su virvel\u0117mis"},"content":{"rendered":"<ul class=\"wp-block-list\"><li>Jutimin\u0117 r\u016b\u0161iavimo d\u0117\u017e\u0117 puikiai tinka mokyti savo vaik\u0105 ankstyvo \u012f\u0117jimo ir i\u0161\u0117jimo, m\u0105stymo ir susikaupimo samprat\u0173.&nbsp;<strong>Vaikas gali j\u012f pakratyti, naudoti kaip r\u016b\u0161iuotoj\u0105, taip pat nuimti kalad\u0117les. Vir\u0161uje galima pritvirtinti 2 kasytes.<\/strong><\/li>\n\n<li>prie r\u016b\u0161iuotojo pritvirtinti skirting\u0173 dyd\u017ei\u0173, strukt\u016br\u0173, spalv\u0173 ir numeri\u0173 kalad\u0117l\u0117s. To d\u0117ka vaikas mokosi per pa\u017einim\u0105.&nbsp;<strong>Be to, kalad\u0117l\u0117s taip pat yra bar\u0161ku\u010diai.<\/strong><\/li>\n\n<li><strong>LANKS\u010cIOS SIENOS<\/strong>&nbsp;&#8211; lankstus kubas yra \u017eaislas, stimuliuojantis vaiko poj\u016b\u010dius. Vaikas \u012fki\u0161a ir traukia kalad\u0117les per lanks\u010dias gumines sieneles&nbsp;<strong>vystosi grei\u010diau<\/strong>&nbsp;<strong>j\u016bs\u0173 rankiniai \u012fg\u016bd\u017eiai<\/strong>&nbsp;.<\/li>\n\n<li><strong>SAUGI MED\u017dIAGA &#8211;&nbsp;<\/strong>Jutiminis \u017eaislas vaikams pagamintas i\u0161 auk\u0161tos kokyb\u0117s ABS med\u017eiagos, be BPA, atsparus la\u0161ams, netoksi\u0161kas ir saugus k\u016bdikiams. Visi kra\u0161tai nupoliruoti iki lygios formos, kuri nepakenks j\u016bs\u0173 k\u016bdikiui.<\/li>\n\n<li><strong>SPECIFIKACIJA &#8211;&nbsp;<\/strong>spalva: daugiaspalvis; am\u017eius: + 12m; med\u017eiaga: ABS, guma, plastikas; i\u0161matavimai: 19x15x15cm; svoris: 299g; svoris pakuot\u0117je: 402g;&nbsp;<\/li><\/ul><p><strong>SPECIFIKACIJA<\/strong><\/p><ul class=\"wp-block-list\"><li>spalva: daugiaspalvis<\/li>\n\n<li>am\u017eius: +12 m<\/li>\n\n<li>med\u017eiaga: ABS, guma, plastikas<\/li>\n\n<li>i\u0161matavimai: 19x15x15 cm<\/li>\n\n<li>svoris: 299g<\/li>\n\n<li>svoris pakuot\u0117je: 402g<\/li><\/ul><p><strong>\u012eSKAITANT<\/strong><\/p><ul class=\"wp-block-list\"><li>kubas<\/li>\n\n<li>6x blokai<\/li>\n\n<li>2x karoliukais papuo\u0161ta juosta<\/li><\/ul>","protected":false},"excerpt":{"rendered":"<p>SPECIFIKACIJA \u012eSKAITANT<\/p>","protected":false},"featured_media":19481,"template":"","meta":{"iawp_total_views":180},"product_cat":[213,193,200,191,82,84,83,90,86,49,39],"product_tag":[95,96,94],"class_list":{"0":"post-15127","1":"product","2":"type-product","3":"status-publish","4":"has-post-thumbnail","6":"product_cat-akcija","7":"product_cat-dovanos-vaikams-1-2-metu","8":"product_cat-dovanos-kudikiams","9":"product_cat-dovanos-vaikams","10":"product_cat-ispardavimas","11":"product_cat-lavinamieji-zaislai","12":"product_cat-montessori-zaislai","13":"product_cat-pasaulio-pazinimas","14":"product_cat-smulkioji-motorika","15":"product_cat-visi-zaislai","16":"product_cat-zaislai","17":"product_tag-1-m-2-m","18":"product_tag-2-m-3-m","19":"product_tag-iki-1-m","21":"first","22":"instock","23":"sale","24":"taxable","25":"shipping-taxable","26":"purchasable","27":"product-type-simple"},"yoast_head":"<!-- This site is optimized with the Yoast SEO plugin v23.3 - https:\/\/yoast.com\/wordpress\/plugins\/seo\/ -->\n<title>Sensorinis r\u016b\u0161iuoklis su virvel\u0117mis - Montessori \u017eaislai<\/title>\n<meta name=\"robots\" content=\"noindex, follow, max-snippet:-1, max-image-preview:large, max-video-preview:-1\" \/>\n<meta property=\"og:locale\" content=\"en_US\" \/>\n<meta property=\"og:type\" content=\"article\" \/>\n<meta property=\"og:title\" content=\"Sensorinis r\u016b\u0161iuoklis su virvel\u0117mis - Montessori \u017eaislai\" \/>\n<meta property=\"og:description\" content=\"SPECIFIKACIJA \u012eSKAITANT\" \/>\n<meta property=\"og:url\" content=\"https:\/\/dev.monti.lt\/en\/product\/sonsorinis-rusiuoklis-su-virvelemis\/\" \/>\n<meta property=\"og:site_name\" content=\"Montessori \u017eaislai\" \/>\n<meta property=\"article:modified_time\" content=\"2024-09-18T09:51:23+00:00\" \/>\n<meta property=\"og:image\" content=\"https:\/\/dev.monti.lt\/wp-content\/uploads\/2023\/04\/lit_pl_Kruzzel-20377-sensorinis-kubeliu-rusiuotojas-16318_9.jpg\" \/>\n\t<meta property=\"og:image:width\" content=\"500\" \/>\n\t<meta property=\"og:image:height\" content=\"500\" \/>\n\t<meta property=\"og:image:type\" content=\"image\/jpeg\" \/>\n<meta name=\"twitter:card\" content=\"summary_large_image\" \/>\n<meta name=\"twitter:label1\" content=\"Est. reading time\" \/>\n\t<meta name=\"twitter:data1\" content=\"1 minute\" \/>\n<script type=\"application\/ld+json\" class=\"yoast-schema-graph\">{\"@context\":\"https:\/\/schema.org\",\"@graph\":[{\"@type\":\"WebPage\",\"@id\":\"https:\/\/dev.monti.lt\/product\/sonsorinis-rusiuoklis-su-virvelemis\/\",\"url\":\"https:\/\/dev.monti.lt\/product\/sonsorinis-rusiuoklis-su-virvelemis\/\",\"name\":\"Sensorinis r\u016b\u0161iuoklis su virvel\u0117mis - Montessori \u017eaislai\",\"isPartOf\":{\"@id\":\"https:\/\/dev.monti.lt\/#website\"},\"primaryImageOfPage\":{\"@id\":\"https:\/\/dev.monti.lt\/product\/sonsorinis-rusiuoklis-su-virvelemis\/#primaryimage\"},\"image\":{\"@id\":\"https:\/\/dev.monti.lt\/product\/sonsorinis-rusiuoklis-su-virvelemis\/#primaryimage\"},\"thumbnailUrl\":\"https:\/\/dev.monti.lt\/wp-content\/uploads\/2023\/04\/lit_pl_Kruzzel-20377-sensorinis-kubeliu-rusiuotojas-16318_9.jpg\",\"datePublished\":\"2023-04-24T11:39:18+00:00\",\"dateModified\":\"2024-09-18T09:51:23+00:00\",\"breadcrumb\":{\"@id\":\"https:\/\/dev.monti.lt\/product\/sonsorinis-rusiuoklis-su-virvelemis\/#breadcrumb\"},\"inLanguage\":\"en-US\",\"potentialAction\":[{\"@type\":\"ReadAction\",\"target\":[\"https:\/\/dev.monti.lt\/product\/sonsorinis-rusiuoklis-su-virvelemis\/\"]}]},{\"@type\":\"ImageObject\",\"inLanguage\":\"en-US\",\"@id\":\"https:\/\/dev.monti.lt\/product\/sonsorinis-rusiuoklis-su-virvelemis\/#primaryimage\",\"url\":\"https:\/\/dev.monti.lt\/wp-content\/uploads\/2023\/04\/lit_pl_Kruzzel-20377-sensorinis-kubeliu-rusiuotojas-16318_9.jpg\",\"contentUrl\":\"https:\/\/dev.monti.lt\/wp-content\/uploads\/2023\/04\/lit_pl_Kruzzel-20377-sensorinis-kubeliu-rusiuotojas-16318_9.jpg\",\"width\":500,\"height\":500},{\"@type\":\"BreadcrumbList\",\"@id\":\"https:\/\/dev.monti.lt\/product\/sonsorinis-rusiuoklis-su-virvelemis\/#breadcrumb\",\"itemListElement\":[{\"@type\":\"ListItem\",\"position\":1,\"name\":\"Home\",\"item\":\"https:\/\/dev.monti.lt\/\"},{\"@type\":\"ListItem\",\"position\":2,\"name\":\"Parduotuv\u0117\",\"item\":\"https:\/\/dev.monti.lt\/shop\/\"},{\"@type\":\"ListItem\",\"position\":3,\"name\":\"Sensorinis r\u016b\u0161iuoklis su virvel\u0117mis\"}]},{\"@type\":\"WebSite\",\"@id\":\"https:\/\/dev.monti.lt\/#website\",\"url\":\"https:\/\/dev.monti.lt\/\",\"name\":\"Montessori \u017eaislai\",\"description\":\"\",\"publisher\":{\"@id\":\"https:\/\/dev.monti.lt\/#organization\"},\"potentialAction\":[{\"@type\":\"SearchAction\",\"target\":{\"@type\":\"EntryPoint\",\"urlTemplate\":\"https:\/\/dev.monti.lt\/?s={search_term_string}\"},\"query-input\":\"required name=search_term_string\"}],\"inLanguage\":\"en-US\"},{\"@type\":\"Organization\",\"@id\":\"https:\/\/dev.monti.lt\/#organization\",\"name\":\"Montessori \u017eaislai\",\"url\":\"https:\/\/dev.monti.lt\/\",\"logo\":{\"@type\":\"ImageObject\",\"inLanguage\":\"en-US\",\"@id\":\"https:\/\/dev.monti.lt\/#\/schema\/logo\/image\/\",\"url\":\"https:\/\/dev.monti.lt\/wp-content\/uploads\/2022\/03\/montilogo-1.png\",\"contentUrl\":\"https:\/\/dev.monti.lt\/wp-content\/uploads\/2022\/03\/montilogo-1.png\",\"width\":512,\"height\":512,\"caption\":\"Montessori \u017eaislai\"},\"image\":{\"@id\":\"https:\/\/dev.monti.lt\/#\/schema\/logo\/image\/\"}}]}<\/script>\n<!-- \/ Yoast SEO plugin. -->","yoast_head_json":{"title":"Sensorinis r\u016b\u0161iuoklis su virvel\u0117mis - Montessori \u017eaislai","robots":{"index":"noindex","follow":"follow","max-snippet":"max-snippet:-1","max-image-preview":"max-image-preview:large","max-video-preview":"max-video-preview:-1"},"og_locale":"en_US","og_type":"article","og_title":"Sensorinis r\u016b\u0161iuoklis su virvel\u0117mis - Montessori \u017eaislai","og_description":"SPECIFIKACIJA \u012eSKAITANT","og_url":"https:\/\/dev.monti.lt\/en\/product\/sonsorinis-rusiuoklis-su-virvelemis\/","og_site_name":"Montessori \u017eaislai","article_modified_time":"2024-09-18T09:51:23+00:00","og_image":[{"width":500,"height":500,"url":"https:\/\/dev.monti.lt\/wp-content\/uploads\/2023\/04\/lit_pl_Kruzzel-20377-sensorinis-kubeliu-rusiuotojas-16318_9.jpg","type":"image\/jpeg"}],"twitter_card":"summary_large_image","twitter_misc":{"Est. reading time":"1 minute"},"schema":{"@context":"https:\/\/schema.org","@graph":[{"@type":"WebPage","@id":"https:\/\/dev.monti.lt\/product\/sonsorinis-rusiuoklis-su-virvelemis\/","url":"https:\/\/dev.monti.lt\/product\/sonsorinis-rusiuoklis-su-virvelemis\/","name":"Sensorinis r\u016b\u0161iuoklis su virvel\u0117mis - Montessori \u017eaislai","isPartOf":{"@id":"https:\/\/dev.monti.lt\/#website"},"primaryImageOfPage":{"@id":"https:\/\/dev.monti.lt\/product\/sonsorinis-rusiuoklis-su-virvelemis\/#primaryimage"},"image":{"@id":"https:\/\/dev.monti.lt\/product\/sonsorinis-rusiuoklis-su-virvelemis\/#primaryimage"},"thumbnailUrl":"https:\/\/dev.monti.lt\/wp-content\/uploads\/2023\/04\/lit_pl_Kruzzel-20377-sensorinis-kubeliu-rusiuotojas-16318_9.jpg","datePublished":"2023-04-24T11:39:18+00:00","dateModified":"2024-09-18T09:51:23+00:00","breadcrumb":{"@id":"https:\/\/dev.monti.lt\/product\/sonsorinis-rusiuoklis-su-virvelemis\/#breadcrumb"},"inLanguage":"en-US","potentialAction":[{"@type":"ReadAction","target":["https:\/\/dev.monti.lt\/product\/sonsorinis-rusiuoklis-su-virvelemis\/"]}]},{"@type":"ImageObject","inLanguage":"en-US","@id":"https:\/\/dev.monti.lt\/product\/sonsorinis-rusiuoklis-su-virvelemis\/#primaryimage","url":"https:\/\/dev.monti.lt\/wp-content\/uploads\/2023\/04\/lit_pl_Kruzzel-20377-sensorinis-kubeliu-rusiuotojas-16318_9.jpg","contentUrl":"https:\/\/dev.monti.lt\/wp-content\/uploads\/2023\/04\/lit_pl_Kruzzel-20377-sensorinis-kubeliu-rusiuotojas-16318_9.jpg","width":500,"height":500},{"@type":"BreadcrumbList","@id":"https:\/\/dev.monti.lt\/product\/sonsorinis-rusiuoklis-su-virvelemis\/#breadcrumb","itemListElement":[{"@type":"ListItem","position":1,"name":"Home","item":"https:\/\/dev.monti.lt\/"},{"@type":"ListItem","position":2,"name":"Parduotuv\u0117","item":"https:\/\/dev.monti.lt\/shop\/"},{"@type":"ListItem","position":3,"name":"Sensorinis r\u016b\u0161iuoklis su virvel\u0117mis"}]},{"@type":"WebSite","@id":"https:\/\/dev.monti.lt\/#website","url":"https:\/\/dev.monti.lt\/","name":"Montessori \u017eaislai","description":"","publisher":{"@id":"https:\/\/dev.monti.lt\/#organization"},"potentialAction":[{"@type":"SearchAction","target":{"@type":"EntryPoint","urlTemplate":"https:\/\/dev.monti.lt\/?s={search_term_string}"},"query-input":"required name=search_term_string"}],"inLanguage":"en-US"},{"@type":"Organization","@id":"https:\/\/dev.monti.lt\/#organization","name":"Montessori \u017eaislai","url":"https:\/\/dev.monti.lt\/","logo":{"@type":"ImageObject","inLanguage":"en-US","@id":"https:\/\/dev.monti.lt\/#\/schema\/logo\/image\/","url":"https:\/\/dev.monti.lt\/wp-content\/uploads\/2022\/03\/montilogo-1.png","contentUrl":"https:\/\/dev.monti.lt\/wp-content\/uploads\/2022\/03\/montilogo-1.png","width":512,"height":512,"caption":"Montessori \u017eaislai"},"image":{"@id":"https:\/\/dev.monti.lt\/#\/schema\/logo\/image\/"}}]}},"_links":{"self":[{"href":"https:\/\/dev.monti.lt\/en\/wp-json\/wp\/v2\/product\/15127"}],"collection":[{"href":"https:\/\/dev.monti.lt\/en\/wp-json\/wp\/v2\/product"}],"about":[{"href":"https:\/\/dev.monti.lt\/en\/wp-json\/wp\/v2\/types\/product"}],"version-history":[{"count":3,"href":"https:\/\/dev.monti.lt\/en\/wp-json\/wp\/v2\/product\/15127\/revisions"}],"predecessor-version":[{"id":19483,"href":"https:\/\/dev.monti.lt\/en\/wp-json\/wp\/v2\/product\/15127\/revisions\/19483"}],"wp:featuredmedia":[{"embeddable":true,"href":"https:\/\/dev.monti.lt\/en\/wp-json\/wp\/v2\/media\/19481"}],"wp:attachment":[{"href":"https:\/\/dev.monti.lt\/en\/wp-json\/wp\/v2\/media?parent=15127"}],"wp:term":[{"taxonomy":"product_cat","embeddable":true,"href":"https:\/\/dev.monti.lt\/en\/wp-json\/wp\/v2\/product_cat?post=15127"},{"taxonomy":"product_tag","embeddable":true,"href":"https:\/\/dev.monti.lt\/en\/wp-json\/wp\/v2\/product_tag?post=15127"}],"curies":[{"name":"wp","href":"https:\/\/api.w.org\/{rel}","templated":true}]}}