{"id":15055,"date":"2023-04-18T12:56:28","date_gmt":"2023-04-18T12:56:28","guid":{"rendered":"https:\/\/dev.monti.lt\/?post_type=product&#038;p=15055"},"modified":"2024-09-24T10:42:15","modified_gmt":"2024-09-24T10:42:15","slug":"medinis-vezimelis-su-kaladelemis","status":"publish","type":"product","link":"https:\/\/dev.monti.lt\/en\/product\/medinis-vezimelis-su-kaladelemis\/","title":{"rendered":"Medinis ve\u017eim\u0117lis su kalad\u0117l\u0117mis"},"content":{"rendered":"<p><strong>OOKY \u017dAISLAS Medinis ve\u017eim\u0117lis su kalad\u0117l\u0117mis<\/strong>&nbsp;yra puikus \u017eaislas, lavinantis&nbsp;<strong>vaiko motorik\u0105<\/strong>&nbsp;.&nbsp;Lavina vaiko&nbsp;<strong>vaizduot\u0119<\/strong>&nbsp;ir&nbsp;<strong>k\u016brybi\u0161kum\u0105<\/strong>&nbsp;.&nbsp;Ma\u017eylis ve\u017eim\u0117l\u012f gali pasiimti visur su savimi, o d\u0117l papildom\u0173&nbsp;<strong>16<\/strong>&nbsp;skirting\u0173 spalv\u0173 kalad\u0117li\u0173 vaikas gali susid\u0117lioti k\u0105 tik \u0161auna \u012f galv\u0105.&nbsp;\u017daislas skirtas vaikams nuo&nbsp;<strong>12 m\u0117nesi\u0173 am\u017eiaus<\/strong>&nbsp;.&nbsp;Pagaminta i\u0161 med\u017eio ir nuda\u017eyta 100% saugiais da\u017eais.<\/p><p><strong>Charakteristika:<\/strong><\/p><ul class=\"wp-block-list\"><li>&#8211; komplekte medinis ve\u017eim\u0117lis, 16 medini\u0173 kalad\u0117li\u0173<\/li><li>&#8211; da\u017eyti netoksi\u0161kais da\u017eais<\/li><li>&#8211; produktas yra 100% saugus vaikams<\/li><li>&#8211; pagamintas i\u0161 med\u017eio<\/li><\/ul><p><strong>\u017daislas:<\/strong><\/p><ul class=\"wp-block-list\"><li>\u2013 \u017eadina vaizduot\u0119<\/li><li>\u2013 Stimuliuoja vaiko k\u016brybi\u0161kum\u0105<\/li><li>&#8211; lavina koncentracij\u0105<\/li><\/ul><p><strong>Eko \u017eaislai&nbsp;<\/strong>&nbsp;skirti patiems ma\u017eiausiems vaikams, kurie yra pagaminti i\u0161 visi\u0161kai nat\u016brali\u0173, biologi\u0161kai skaid\u017ei\u0173 ir hipoalergini\u0173 med\u017eiag\u0173, kuri\u0173 d\u0117ka yra 100% saug\u016bs ir nekenksmingi ne tik aplinkai, bet ir J\u016bs\u0173 vaikui.<\/p><p><strong>Tooky Toy&nbsp;<\/strong>yra \u012fmon\u0117, gaminanti&nbsp;<strong>medinius \u017eaislus&nbsp;<\/strong>vaikams, rinkoje esanti nuo 2004 m.&nbsp;Daugiau nei tuzino met\u0173 patirtis pramon\u0117je yra auk\u0161tos kokyb\u0117s gamini\u0173, pagamint\u0173 atsi\u017evelgiant \u012f vaik\u0173 saugum\u0105, garantija.&nbsp;Tooky Toy \u017eaislai turi daugyb\u0119 sertifikat\u0173, patvirtinan\u010di\u0173&nbsp;\u0161i\u0173 ekologi\u0161k\u0173 gamini\u0173&nbsp;<strong>saugum\u0105 .&nbsp;<\/strong>Gerai i\u0161lygintas, be atplai\u0161\u0173 ir a\u0161tri\u0173 kra\u0161t\u0173, \u017eaislas padengtas tik saugiais, netoksi\u0161kais da\u017eais, da\u017eais ir lakais.&nbsp;D\u0117l viso to Tooky Toy \u017eaislus m\u0117gsta vaikai ir vertina t\u0117vai visame pasaulyje.<\/p>","protected":false},"excerpt":{"rendered":"<p>OOKY \u017dAISLAS Medinis ve\u017eim\u0117lis su kalad\u0117l\u0117mis&nbsp;yra puikus \u017eaislas, lavinantis&nbsp;vaiko motorik\u0105&nbsp;.&nbsp;Lavina vaiko&nbsp;vaizduot\u0119&nbsp;ir&nbsp;k\u016brybi\u0161kum\u0105&nbsp;.&nbsp;Ma\u017eylis ve\u017eim\u0117l\u012f gali pasiimti visur su savimi, o d\u0117l papildom\u0173&nbsp;16&nbsp;skirting\u0173 spalv\u0173 kalad\u0117li\u0173 vaikas gali susid\u0117lioti k\u0105 tik \u0161auna \u012f galv\u0105.&nbsp;\u017daislas skirtas vaikams nuo&nbsp;12 m\u0117nesi\u0173 am\u017eiaus&nbsp;.&nbsp;Pagaminta i\u0161 med\u017eio ir nuda\u017eyta 100% saugiais da\u017eais. Charakteristika: &#8211; komplekte medinis ve\u017eim\u0117lis, 16 medini\u0173 kalad\u0117li\u0173 &#8211; da\u017eyti netoksi\u0161kais da\u017eais &#8211; [&hellip;]<\/p>","protected":false},"featured_media":15056,"template":"","meta":{"iawp_total_views":38},"product_cat":[193,191,82,192,84,91,102,49,39],"product_tag":[95,96,97,98],"class_list":{"0":"post-15055","1":"product","2":"type-product","3":"status-publish","4":"has-post-thumbnail","6":"product_cat-dovanos-vaikams-1-2-metu","7":"product_cat-dovanos-vaikams","8":"product_cat-ispardavimas","9":"product_cat-kaledines-dovanos-vaikams","10":"product_cat-lavinamieji-zaislai","11":"product_cat-loginiam-mastymui","12":"product_cat-mediniai-zaislai","13":"product_cat-visi-zaislai","14":"product_cat-zaislai","15":"product_tag-1-m-2-m","16":"product_tag-2-m-3-m","17":"product_tag-3-m-4-m","18":"product_tag-5-m-7-m","20":"first","21":"instock","22":"sale","23":"taxable","24":"shipping-taxable","25":"purchasable","26":"product-type-simple"},"yoast_head":"<!-- This site is optimized with the Yoast SEO plugin v23.3 - https:\/\/yoast.com\/wordpress\/plugins\/seo\/ -->\n<title>Medinis ve\u017eim\u0117lis su kalad\u0117l\u0117mis - Montessori \u017eaislai<\/title>\n<meta name=\"robots\" content=\"noindex, follow, max-snippet:-1, max-image-preview:large, max-video-preview:-1\" \/>\n<meta property=\"og:locale\" content=\"en_US\" \/>\n<meta property=\"og:type\" content=\"article\" \/>\n<meta property=\"og:title\" content=\"Medinis ve\u017eim\u0117lis su kalad\u0117l\u0117mis - Montessori \u017eaislai\" \/>\n<meta property=\"og:description\" content=\"OOKY \u017dAISLAS Medinis ve\u017eim\u0117lis su kalad\u0117l\u0117mis&nbsp;yra puikus \u017eaislas, lavinantis&nbsp;vaiko motorik\u0105&nbsp;.&nbsp;Lavina vaiko&nbsp;vaizduot\u0119&nbsp;ir&nbsp;k\u016brybi\u0161kum\u0105&nbsp;.&nbsp;Ma\u017eylis ve\u017eim\u0117l\u012f gali pasiimti visur su savimi, o d\u0117l papildom\u0173&nbsp;16&nbsp;skirting\u0173 spalv\u0173 kalad\u0117li\u0173 vaikas gali susid\u0117lioti k\u0105 tik \u0161auna \u012f galv\u0105.&nbsp;\u017daislas skirtas vaikams nuo&nbsp;12 m\u0117nesi\u0173 am\u017eiaus&nbsp;.&nbsp;Pagaminta i\u0161 med\u017eio ir nuda\u017eyta 100% saugiais da\u017eais. Charakteristika: &#8211; komplekte medinis ve\u017eim\u0117lis, 16 medini\u0173 kalad\u0117li\u0173 &#8211; da\u017eyti netoksi\u0161kais da\u017eais &#8211; [&hellip;]\" \/>\n<meta property=\"og:url\" content=\"https:\/\/dev.monti.lt\/en\/product\/medinis-vezimelis-su-kaladelemis\/\" \/>\n<meta property=\"og:site_name\" content=\"Montessori \u017eaislai\" \/>\n<meta property=\"article:modified_time\" content=\"2024-09-24T10:42:15+00:00\" \/>\n<meta property=\"og:image\" content=\"https:\/\/dev.monti.lt\/wp-content\/uploads\/2023\/04\/tooky-toy-drewniany-wozek-z-klockami-16-el-2.jpg\" \/>\n\t<meta property=\"og:image:width\" content=\"800\" \/>\n\t<meta property=\"og:image:height\" content=\"800\" \/>\n\t<meta property=\"og:image:type\" content=\"image\/jpeg\" \/>\n<meta name=\"twitter:card\" content=\"summary_large_image\" \/>\n<meta name=\"twitter:label1\" content=\"Est. reading time\" \/>\n\t<meta name=\"twitter:data1\" content=\"1 minute\" \/>\n<script type=\"application\/ld+json\" class=\"yoast-schema-graph\">{\"@context\":\"https:\/\/schema.org\",\"@graph\":[{\"@type\":\"WebPage\",\"@id\":\"https:\/\/dev.monti.lt\/product\/medinis-vezimelis-su-kaladelemis\/\",\"url\":\"https:\/\/dev.monti.lt\/product\/medinis-vezimelis-su-kaladelemis\/\",\"name\":\"Medinis ve\u017eim\u0117lis su kalad\u0117l\u0117mis - Montessori \u017eaislai\",\"isPartOf\":{\"@id\":\"https:\/\/dev.monti.lt\/#website\"},\"primaryImageOfPage\":{\"@id\":\"https:\/\/dev.monti.lt\/product\/medinis-vezimelis-su-kaladelemis\/#primaryimage\"},\"image\":{\"@id\":\"https:\/\/dev.monti.lt\/product\/medinis-vezimelis-su-kaladelemis\/#primaryimage\"},\"thumbnailUrl\":\"https:\/\/dev.monti.lt\/wp-content\/uploads\/2023\/04\/tooky-toy-drewniany-wozek-z-klockami-16-el-2.jpg\",\"datePublished\":\"2023-04-18T12:56:28+00:00\",\"dateModified\":\"2024-09-24T10:42:15+00:00\",\"breadcrumb\":{\"@id\":\"https:\/\/dev.monti.lt\/product\/medinis-vezimelis-su-kaladelemis\/#breadcrumb\"},\"inLanguage\":\"en-US\",\"potentialAction\":[{\"@type\":\"ReadAction\",\"target\":[\"https:\/\/dev.monti.lt\/product\/medinis-vezimelis-su-kaladelemis\/\"]}]},{\"@type\":\"ImageObject\",\"inLanguage\":\"en-US\",\"@id\":\"https:\/\/dev.monti.lt\/product\/medinis-vezimelis-su-kaladelemis\/#primaryimage\",\"url\":\"https:\/\/dev.monti.lt\/wp-content\/uploads\/2023\/04\/tooky-toy-drewniany-wozek-z-klockami-16-el-2.jpg\",\"contentUrl\":\"https:\/\/dev.monti.lt\/wp-content\/uploads\/2023\/04\/tooky-toy-drewniany-wozek-z-klockami-16-el-2.jpg\",\"width\":800,\"height\":800},{\"@type\":\"BreadcrumbList\",\"@id\":\"https:\/\/dev.monti.lt\/product\/medinis-vezimelis-su-kaladelemis\/#breadcrumb\",\"itemListElement\":[{\"@type\":\"ListItem\",\"position\":1,\"name\":\"Home\",\"item\":\"https:\/\/dev.monti.lt\/\"},{\"@type\":\"ListItem\",\"position\":2,\"name\":\"Parduotuv\u0117\",\"item\":\"https:\/\/dev.monti.lt\/shop\/\"},{\"@type\":\"ListItem\",\"position\":3,\"name\":\"Medinis ve\u017eim\u0117lis su kalad\u0117l\u0117mis\"}]},{\"@type\":\"WebSite\",\"@id\":\"https:\/\/dev.monti.lt\/#website\",\"url\":\"https:\/\/dev.monti.lt\/\",\"name\":\"Montessori \u017eaislai\",\"description\":\"\",\"publisher\":{\"@id\":\"https:\/\/dev.monti.lt\/#organization\"},\"potentialAction\":[{\"@type\":\"SearchAction\",\"target\":{\"@type\":\"EntryPoint\",\"urlTemplate\":\"https:\/\/dev.monti.lt\/?s={search_term_string}\"},\"query-input\":\"required name=search_term_string\"}],\"inLanguage\":\"en-US\"},{\"@type\":\"Organization\",\"@id\":\"https:\/\/dev.monti.lt\/#organization\",\"name\":\"Montessori \u017eaislai\",\"url\":\"https:\/\/dev.monti.lt\/\",\"logo\":{\"@type\":\"ImageObject\",\"inLanguage\":\"en-US\",\"@id\":\"https:\/\/dev.monti.lt\/#\/schema\/logo\/image\/\",\"url\":\"https:\/\/dev.monti.lt\/wp-content\/uploads\/2022\/03\/montilogo-1.png\",\"contentUrl\":\"https:\/\/dev.monti.lt\/wp-content\/uploads\/2022\/03\/montilogo-1.png\",\"width\":512,\"height\":512,\"caption\":\"Montessori \u017eaislai\"},\"image\":{\"@id\":\"https:\/\/dev.monti.lt\/#\/schema\/logo\/image\/\"}}]}<\/script>\n<!-- \/ Yoast SEO plugin. -->","yoast_head_json":{"title":"Medinis ve\u017eim\u0117lis su kalad\u0117l\u0117mis - Montessori \u017eaislai","robots":{"index":"noindex","follow":"follow","max-snippet":"max-snippet:-1","max-image-preview":"max-image-preview:large","max-video-preview":"max-video-preview:-1"},"og_locale":"en_US","og_type":"article","og_title":"Medinis ve\u017eim\u0117lis su kalad\u0117l\u0117mis - Montessori \u017eaislai","og_description":"OOKY \u017dAISLAS Medinis ve\u017eim\u0117lis su kalad\u0117l\u0117mis&nbsp;yra puikus \u017eaislas, lavinantis&nbsp;vaiko motorik\u0105&nbsp;.&nbsp;Lavina vaiko&nbsp;vaizduot\u0119&nbsp;ir&nbsp;k\u016brybi\u0161kum\u0105&nbsp;.&nbsp;Ma\u017eylis ve\u017eim\u0117l\u012f gali pasiimti visur su savimi, o d\u0117l papildom\u0173&nbsp;16&nbsp;skirting\u0173 spalv\u0173 kalad\u0117li\u0173 vaikas gali susid\u0117lioti k\u0105 tik \u0161auna \u012f galv\u0105.&nbsp;\u017daislas skirtas vaikams nuo&nbsp;12 m\u0117nesi\u0173 am\u017eiaus&nbsp;.&nbsp;Pagaminta i\u0161 med\u017eio ir nuda\u017eyta 100% saugiais da\u017eais. Charakteristika: &#8211; komplekte medinis ve\u017eim\u0117lis, 16 medini\u0173 kalad\u0117li\u0173 &#8211; da\u017eyti netoksi\u0161kais da\u017eais &#8211; [&hellip;]","og_url":"https:\/\/dev.monti.lt\/en\/product\/medinis-vezimelis-su-kaladelemis\/","og_site_name":"Montessori \u017eaislai","article_modified_time":"2024-09-24T10:42:15+00:00","og_image":[{"width":800,"height":800,"url":"https:\/\/dev.monti.lt\/wp-content\/uploads\/2023\/04\/tooky-toy-drewniany-wozek-z-klockami-16-el-2.jpg","type":"image\/jpeg"}],"twitter_card":"summary_large_image","twitter_misc":{"Est. reading time":"1 minute"},"schema":{"@context":"https:\/\/schema.org","@graph":[{"@type":"WebPage","@id":"https:\/\/dev.monti.lt\/product\/medinis-vezimelis-su-kaladelemis\/","url":"https:\/\/dev.monti.lt\/product\/medinis-vezimelis-su-kaladelemis\/","name":"Medinis ve\u017eim\u0117lis su kalad\u0117l\u0117mis - Montessori \u017eaislai","isPartOf":{"@id":"https:\/\/dev.monti.lt\/#website"},"primaryImageOfPage":{"@id":"https:\/\/dev.monti.lt\/product\/medinis-vezimelis-su-kaladelemis\/#primaryimage"},"image":{"@id":"https:\/\/dev.monti.lt\/product\/medinis-vezimelis-su-kaladelemis\/#primaryimage"},"thumbnailUrl":"https:\/\/dev.monti.lt\/wp-content\/uploads\/2023\/04\/tooky-toy-drewniany-wozek-z-klockami-16-el-2.jpg","datePublished":"2023-04-18T12:56:28+00:00","dateModified":"2024-09-24T10:42:15+00:00","breadcrumb":{"@id":"https:\/\/dev.monti.lt\/product\/medinis-vezimelis-su-kaladelemis\/#breadcrumb"},"inLanguage":"en-US","potentialAction":[{"@type":"ReadAction","target":["https:\/\/dev.monti.lt\/product\/medinis-vezimelis-su-kaladelemis\/"]}]},{"@type":"ImageObject","inLanguage":"en-US","@id":"https:\/\/dev.monti.lt\/product\/medinis-vezimelis-su-kaladelemis\/#primaryimage","url":"https:\/\/dev.monti.lt\/wp-content\/uploads\/2023\/04\/tooky-toy-drewniany-wozek-z-klockami-16-el-2.jpg","contentUrl":"https:\/\/dev.monti.lt\/wp-content\/uploads\/2023\/04\/tooky-toy-drewniany-wozek-z-klockami-16-el-2.jpg","width":800,"height":800},{"@type":"BreadcrumbList","@id":"https:\/\/dev.monti.lt\/product\/medinis-vezimelis-su-kaladelemis\/#breadcrumb","itemListElement":[{"@type":"ListItem","position":1,"name":"Home","item":"https:\/\/dev.monti.lt\/"},{"@type":"ListItem","position":2,"name":"Parduotuv\u0117","item":"https:\/\/dev.monti.lt\/shop\/"},{"@type":"ListItem","position":3,"name":"Medinis ve\u017eim\u0117lis su kalad\u0117l\u0117mis"}]},{"@type":"WebSite","@id":"https:\/\/dev.monti.lt\/#website","url":"https:\/\/dev.monti.lt\/","name":"Montessori \u017eaislai","description":"","publisher":{"@id":"https:\/\/dev.monti.lt\/#organization"},"potentialAction":[{"@type":"SearchAction","target":{"@type":"EntryPoint","urlTemplate":"https:\/\/dev.monti.lt\/?s={search_term_string}"},"query-input":"required name=search_term_string"}],"inLanguage":"en-US"},{"@type":"Organization","@id":"https:\/\/dev.monti.lt\/#organization","name":"Montessori \u017eaislai","url":"https:\/\/dev.monti.lt\/","logo":{"@type":"ImageObject","inLanguage":"en-US","@id":"https:\/\/dev.monti.lt\/#\/schema\/logo\/image\/","url":"https:\/\/dev.monti.lt\/wp-content\/uploads\/2022\/03\/montilogo-1.png","contentUrl":"https:\/\/dev.monti.lt\/wp-content\/uploads\/2022\/03\/montilogo-1.png","width":512,"height":512,"caption":"Montessori \u017eaislai"},"image":{"@id":"https:\/\/dev.monti.lt\/#\/schema\/logo\/image\/"}}]}},"_links":{"self":[{"href":"https:\/\/dev.monti.lt\/en\/wp-json\/wp\/v2\/product\/15055"}],"collection":[{"href":"https:\/\/dev.monti.lt\/en\/wp-json\/wp\/v2\/product"}],"about":[{"href":"https:\/\/dev.monti.lt\/en\/wp-json\/wp\/v2\/types\/product"}],"version-history":[{"count":1,"href":"https:\/\/dev.monti.lt\/en\/wp-json\/wp\/v2\/product\/15055\/revisions"}],"predecessor-version":[{"id":15062,"href":"https:\/\/dev.monti.lt\/en\/wp-json\/wp\/v2\/product\/15055\/revisions\/15062"}],"wp:featuredmedia":[{"embeddable":true,"href":"https:\/\/dev.monti.lt\/en\/wp-json\/wp\/v2\/media\/15056"}],"wp:attachment":[{"href":"https:\/\/dev.monti.lt\/en\/wp-json\/wp\/v2\/media?parent=15055"}],"wp:term":[{"taxonomy":"product_cat","embeddable":true,"href":"https:\/\/dev.monti.lt\/en\/wp-json\/wp\/v2\/product_cat?post=15055"},{"taxonomy":"product_tag","embeddable":true,"href":"https:\/\/dev.monti.lt\/en\/wp-json\/wp\/v2\/product_tag?post=15055"}],"curies":[{"name":"wp","href":"https:\/\/api.w.org\/{rel}","templated":true}]}}