{"id":15037,"date":"2023-04-18T12:35:45","date_gmt":"2023-04-18T12:35:45","guid":{"rendered":"https:\/\/dev.monti.lt\/?post_type=product&#038;p=15037"},"modified":"2024-10-09T18:00:23","modified_gmt":"2024-10-09T18:00:23","slug":"sensoriniai-kamuoliukai-6-vnt","status":"publish","type":"product","link":"https:\/\/dev.monti.lt\/en\/product\/sensoriniai-kamuoliukai-6-vnt\/","title":{"rendered":"Sensoriniai kamuoliukai 6 vnt."},"content":{"rendered":"<p><strong>WOOPIE sensoriniai blokai<\/strong>&nbsp;sudomins kiekvien\u0105 ma\u017eyl\u012f.&nbsp;<strong>D\u0117l \u012fdomi\u0173 form\u0173 ir spalv\u0173 jie puikiai skatina vaiko regos-klausos ir&nbsp;<\/strong><strong>motorin\u0117s<\/strong>&nbsp;koordinacijos bei&nbsp;<strong>lyt\u0117jimo poj\u016b\u010dio<\/strong>vystym\u0105si .&nbsp;Blokai yra i\u0161gaubt\u0173 form\u0173 su skirtingomis&nbsp;<strong>tekst\u016bromis \/ ra\u0161tais ir&nbsp;<\/strong><strong>formomis<\/strong>&nbsp;.&nbsp;Blokai yra&nbsp;<strong>mink\u0161ti<\/strong>&nbsp;ir&nbsp;<strong>malon\u016bs<\/strong>&nbsp;liesti.&nbsp;D\u0117l savo konstrukcijos jie puikiai veiks ir kaip&nbsp;<strong>dantukai<\/strong>&nbsp;.&nbsp;Gra\u017ei\u0173 prislopint\u0173 spalv\u0173 gaminys skirtas vaikams&nbsp;<strong>nuo 6 m\u0117nesi\u0173 am\u017eiaus.<\/strong><\/p><p><strong>Charakteristika:<\/strong><\/p><ul class=\"wp-block-list\"><li><strong>&#8211;<\/strong>&nbsp;produktas skirtas vaikams nuo&nbsp;<strong>6 m\u0117nesi\u0173<\/strong>&nbsp;am\u017eiaus<\/li><li><strong>&#8211; sensoriniai blokai<\/strong>&nbsp;, susidedantys i\u0161&nbsp;<strong>6 element\u0173<\/strong><\/li><li>&#8211; pagamintas i\u0161 auk\u0161tos kokyb\u0117s med\u017eiagos<\/li><li>&#8211; i\u0161gaubtos formos su&nbsp;<strong>tekst\u016bromis \/ ra\u0161tais<\/strong>&nbsp;ir \u012fvairiomis&nbsp;<strong>formomis<\/strong><\/li><li><strong>&#8211; vaiko regos-klausos ir&nbsp;motorin\u0117s<\/strong>&nbsp;koordinacijos bei&nbsp;<strong>lyt\u0117jimo poj\u016b\u010dio<\/strong>&nbsp;ugdymas<strong><\/strong><\/li><li>\u2013 \u012fvairios tekst\u016bros ir spalvos lavina k\u016bdikio poj\u016b\u010dius<\/li><li>&#8211;&nbsp;<strong>mink\u0161tas ir malonus liesti<\/strong><\/li><li>&#8211; supakuota \u012f kartonin\u0119 d\u0117\u017eut\u0119 su langeliu &#8211;&nbsp;<strong>puikiai tinka dovanai!<\/strong><\/li><\/ul><p><strong>\u017daislas vysto:<\/strong><\/p><ul class=\"wp-block-list\"><li>&#8211; regos-klausos koordinacija<\/li><li>&#8211; motoriniai \u012fg\u016bd\u017eiai<\/li><li>&#8211; lyt\u0117jimo poj\u016btis<\/li><li>&#8211; koncentracijos<\/li><li>&#8211; i\u0161mokti m\u0105styti logi\u0161kai<\/li><li>&#8211; moko bendradarbiauti ir dalintis<\/li><\/ul>","protected":false},"excerpt":{"rendered":"<p>WOOPIE sensoriniai blokai&nbsp;sudomins kiekvien\u0105 ma\u017eyl\u012f.&nbsp;D\u0117l \u012fdomi\u0173 form\u0173 ir spalv\u0173 jie puikiai skatina vaiko regos-klausos ir&nbsp;motorin\u0117s&nbsp;koordinacijos bei&nbsp;lyt\u0117jimo poj\u016b\u010diovystym\u0105si .&nbsp;Blokai yra i\u0161gaubt\u0173 form\u0173 su skirtingomis&nbsp;tekst\u016bromis \/ ra\u0161tais ir&nbsp;formomis&nbsp;.&nbsp;Blokai yra&nbsp;mink\u0161ti&nbsp;ir&nbsp;malon\u016bs&nbsp;liesti.&nbsp;D\u0117l savo konstrukcijos jie puikiai veiks ir kaip&nbsp;dantukai&nbsp;.&nbsp;Gra\u017ei\u0173 prislopint\u0173 spalv\u0173 gaminys skirtas vaikams&nbsp;nuo 6 m\u0117nesi\u0173 am\u017eiaus. Charakteristika: &#8211;&nbsp;produktas skirtas vaikams nuo&nbsp;6 m\u0117nesi\u0173&nbsp;am\u017eiaus &#8211; sensoriniai blokai&nbsp;, susidedantys i\u0161&nbsp;6 element\u0173 &#8211; [&hellip;]<\/p>","protected":false},"featured_media":15038,"template":"","meta":{"iawp_total_views":332},"product_cat":[84,90,49,39],"product_tag":[94],"class_list":{"0":"post-15037","1":"product","2":"type-product","3":"status-publish","4":"has-post-thumbnail","6":"product_cat-lavinamieji-zaislai","7":"product_cat-pasaulio-pazinimas","8":"product_cat-visi-zaislai","9":"product_cat-zaislai","10":"product_tag-iki-1-m","12":"first","13":"instock","14":"taxable","15":"shipping-taxable","16":"purchasable","17":"product-type-simple"},"yoast_head":"<!-- This site is optimized with the Yoast SEO plugin v23.3 - https:\/\/yoast.com\/wordpress\/plugins\/seo\/ -->\n<title>Sensoriniai kamuoliukai 6 vnt. - Montessori \u017eaislai<\/title>\n<meta name=\"robots\" content=\"noindex, follow, max-snippet:-1, max-image-preview:large, max-video-preview:-1\" \/>\n<meta property=\"og:locale\" content=\"en_US\" \/>\n<meta property=\"og:type\" content=\"article\" \/>\n<meta property=\"og:title\" content=\"Sensoriniai kamuoliukai 6 vnt. - Montessori \u017eaislai\" \/>\n<meta property=\"og:description\" content=\"WOOPIE sensoriniai blokai&nbsp;sudomins kiekvien\u0105 ma\u017eyl\u012f.&nbsp;D\u0117l \u012fdomi\u0173 form\u0173 ir spalv\u0173 jie puikiai skatina vaiko regos-klausos ir&nbsp;motorin\u0117s&nbsp;koordinacijos bei&nbsp;lyt\u0117jimo poj\u016b\u010diovystym\u0105si .&nbsp;Blokai yra i\u0161gaubt\u0173 form\u0173 su skirtingomis&nbsp;tekst\u016bromis \/ ra\u0161tais ir&nbsp;formomis&nbsp;.&nbsp;Blokai yra&nbsp;mink\u0161ti&nbsp;ir&nbsp;malon\u016bs&nbsp;liesti.&nbsp;D\u0117l savo konstrukcijos jie puikiai veiks ir kaip&nbsp;dantukai&nbsp;.&nbsp;Gra\u017ei\u0173 prislopint\u0173 spalv\u0173 gaminys skirtas vaikams&nbsp;nuo 6 m\u0117nesi\u0173 am\u017eiaus. Charakteristika: &#8211;&nbsp;produktas skirtas vaikams nuo&nbsp;6 m\u0117nesi\u0173&nbsp;am\u017eiaus &#8211; sensoriniai blokai&nbsp;, susidedantys i\u0161&nbsp;6 element\u0173 &#8211; [&hellip;]\" \/>\n<meta property=\"og:url\" content=\"https:\/\/dev.monti.lt\/en\/product\/sensoriniai-kamuoliukai-6-vnt\/\" \/>\n<meta property=\"og:site_name\" content=\"Montessori \u017eaislai\" \/>\n<meta property=\"article:modified_time\" content=\"2024-10-09T18:00:23+00:00\" \/>\n<meta property=\"og:image\" content=\"https:\/\/dev.monti.lt\/wp-content\/uploads\/2023\/04\/woopie-klocki-sensoryczne-do-sciskania-6-el.jpg\" \/>\n\t<meta property=\"og:image:width\" content=\"800\" \/>\n\t<meta property=\"og:image:height\" content=\"800\" \/>\n\t<meta property=\"og:image:type\" content=\"image\/jpeg\" \/>\n<meta name=\"twitter:card\" content=\"summary_large_image\" \/>\n<meta name=\"twitter:label1\" content=\"Est. reading time\" \/>\n\t<meta name=\"twitter:data1\" content=\"1 minute\" \/>\n<script type=\"application\/ld+json\" class=\"yoast-schema-graph\">{\"@context\":\"https:\/\/schema.org\",\"@graph\":[{\"@type\":\"WebPage\",\"@id\":\"https:\/\/dev.monti.lt\/product\/sensoriniai-kamuoliukai-6-vnt\/\",\"url\":\"https:\/\/dev.monti.lt\/product\/sensoriniai-kamuoliukai-6-vnt\/\",\"name\":\"Sensoriniai kamuoliukai 6 vnt. - Montessori \u017eaislai\",\"isPartOf\":{\"@id\":\"https:\/\/dev.monti.lt\/#website\"},\"primaryImageOfPage\":{\"@id\":\"https:\/\/dev.monti.lt\/product\/sensoriniai-kamuoliukai-6-vnt\/#primaryimage\"},\"image\":{\"@id\":\"https:\/\/dev.monti.lt\/product\/sensoriniai-kamuoliukai-6-vnt\/#primaryimage\"},\"thumbnailUrl\":\"https:\/\/dev.monti.lt\/wp-content\/uploads\/2023\/04\/woopie-klocki-sensoryczne-do-sciskania-6-el.jpg\",\"datePublished\":\"2023-04-18T12:35:45+00:00\",\"dateModified\":\"2024-10-09T18:00:23+00:00\",\"breadcrumb\":{\"@id\":\"https:\/\/dev.monti.lt\/product\/sensoriniai-kamuoliukai-6-vnt\/#breadcrumb\"},\"inLanguage\":\"en-US\",\"potentialAction\":[{\"@type\":\"ReadAction\",\"target\":[\"https:\/\/dev.monti.lt\/product\/sensoriniai-kamuoliukai-6-vnt\/\"]}]},{\"@type\":\"ImageObject\",\"inLanguage\":\"en-US\",\"@id\":\"https:\/\/dev.monti.lt\/product\/sensoriniai-kamuoliukai-6-vnt\/#primaryimage\",\"url\":\"https:\/\/dev.monti.lt\/wp-content\/uploads\/2023\/04\/woopie-klocki-sensoryczne-do-sciskania-6-el.jpg\",\"contentUrl\":\"https:\/\/dev.monti.lt\/wp-content\/uploads\/2023\/04\/woopie-klocki-sensoryczne-do-sciskania-6-el.jpg\",\"width\":800,\"height\":800,\"caption\":\"sensoriniai kamuoliukai\"},{\"@type\":\"BreadcrumbList\",\"@id\":\"https:\/\/dev.monti.lt\/product\/sensoriniai-kamuoliukai-6-vnt\/#breadcrumb\",\"itemListElement\":[{\"@type\":\"ListItem\",\"position\":1,\"name\":\"Home\",\"item\":\"https:\/\/dev.monti.lt\/\"},{\"@type\":\"ListItem\",\"position\":2,\"name\":\"Parduotuv\u0117\",\"item\":\"https:\/\/dev.monti.lt\/shop\/\"},{\"@type\":\"ListItem\",\"position\":3,\"name\":\"Sensoriniai kamuoliukai 6 vnt.\"}]},{\"@type\":\"WebSite\",\"@id\":\"https:\/\/dev.monti.lt\/#website\",\"url\":\"https:\/\/dev.monti.lt\/\",\"name\":\"Montessori \u017eaislai\",\"description\":\"\",\"publisher\":{\"@id\":\"https:\/\/dev.monti.lt\/#organization\"},\"potentialAction\":[{\"@type\":\"SearchAction\",\"target\":{\"@type\":\"EntryPoint\",\"urlTemplate\":\"https:\/\/dev.monti.lt\/?s={search_term_string}\"},\"query-input\":\"required name=search_term_string\"}],\"inLanguage\":\"en-US\"},{\"@type\":\"Organization\",\"@id\":\"https:\/\/dev.monti.lt\/#organization\",\"name\":\"Montessori \u017eaislai\",\"url\":\"https:\/\/dev.monti.lt\/\",\"logo\":{\"@type\":\"ImageObject\",\"inLanguage\":\"en-US\",\"@id\":\"https:\/\/dev.monti.lt\/#\/schema\/logo\/image\/\",\"url\":\"https:\/\/dev.monti.lt\/wp-content\/uploads\/2022\/03\/montilogo-1.png\",\"contentUrl\":\"https:\/\/dev.monti.lt\/wp-content\/uploads\/2022\/03\/montilogo-1.png\",\"width\":512,\"height\":512,\"caption\":\"Montessori \u017eaislai\"},\"image\":{\"@id\":\"https:\/\/dev.monti.lt\/#\/schema\/logo\/image\/\"}}]}<\/script>\n<!-- \/ Yoast SEO plugin. -->","yoast_head_json":{"title":"Sensoriniai kamuoliukai 6 vnt. - Montessori \u017eaislai","robots":{"index":"noindex","follow":"follow","max-snippet":"max-snippet:-1","max-image-preview":"max-image-preview:large","max-video-preview":"max-video-preview:-1"},"og_locale":"en_US","og_type":"article","og_title":"Sensoriniai kamuoliukai 6 vnt. - Montessori \u017eaislai","og_description":"WOOPIE sensoriniai blokai&nbsp;sudomins kiekvien\u0105 ma\u017eyl\u012f.&nbsp;D\u0117l \u012fdomi\u0173 form\u0173 ir spalv\u0173 jie puikiai skatina vaiko regos-klausos ir&nbsp;motorin\u0117s&nbsp;koordinacijos bei&nbsp;lyt\u0117jimo poj\u016b\u010diovystym\u0105si .&nbsp;Blokai yra i\u0161gaubt\u0173 form\u0173 su skirtingomis&nbsp;tekst\u016bromis \/ ra\u0161tais ir&nbsp;formomis&nbsp;.&nbsp;Blokai yra&nbsp;mink\u0161ti&nbsp;ir&nbsp;malon\u016bs&nbsp;liesti.&nbsp;D\u0117l savo konstrukcijos jie puikiai veiks ir kaip&nbsp;dantukai&nbsp;.&nbsp;Gra\u017ei\u0173 prislopint\u0173 spalv\u0173 gaminys skirtas vaikams&nbsp;nuo 6 m\u0117nesi\u0173 am\u017eiaus. Charakteristika: &#8211;&nbsp;produktas skirtas vaikams nuo&nbsp;6 m\u0117nesi\u0173&nbsp;am\u017eiaus &#8211; sensoriniai blokai&nbsp;, susidedantys i\u0161&nbsp;6 element\u0173 &#8211; [&hellip;]","og_url":"https:\/\/dev.monti.lt\/en\/product\/sensoriniai-kamuoliukai-6-vnt\/","og_site_name":"Montessori \u017eaislai","article_modified_time":"2024-10-09T18:00:23+00:00","og_image":[{"width":800,"height":800,"url":"https:\/\/dev.monti.lt\/wp-content\/uploads\/2023\/04\/woopie-klocki-sensoryczne-do-sciskania-6-el.jpg","type":"image\/jpeg"}],"twitter_card":"summary_large_image","twitter_misc":{"Est. reading time":"1 minute"},"schema":{"@context":"https:\/\/schema.org","@graph":[{"@type":"WebPage","@id":"https:\/\/dev.monti.lt\/product\/sensoriniai-kamuoliukai-6-vnt\/","url":"https:\/\/dev.monti.lt\/product\/sensoriniai-kamuoliukai-6-vnt\/","name":"Sensoriniai kamuoliukai 6 vnt. - Montessori \u017eaislai","isPartOf":{"@id":"https:\/\/dev.monti.lt\/#website"},"primaryImageOfPage":{"@id":"https:\/\/dev.monti.lt\/product\/sensoriniai-kamuoliukai-6-vnt\/#primaryimage"},"image":{"@id":"https:\/\/dev.monti.lt\/product\/sensoriniai-kamuoliukai-6-vnt\/#primaryimage"},"thumbnailUrl":"https:\/\/dev.monti.lt\/wp-content\/uploads\/2023\/04\/woopie-klocki-sensoryczne-do-sciskania-6-el.jpg","datePublished":"2023-04-18T12:35:45+00:00","dateModified":"2024-10-09T18:00:23+00:00","breadcrumb":{"@id":"https:\/\/dev.monti.lt\/product\/sensoriniai-kamuoliukai-6-vnt\/#breadcrumb"},"inLanguage":"en-US","potentialAction":[{"@type":"ReadAction","target":["https:\/\/dev.monti.lt\/product\/sensoriniai-kamuoliukai-6-vnt\/"]}]},{"@type":"ImageObject","inLanguage":"en-US","@id":"https:\/\/dev.monti.lt\/product\/sensoriniai-kamuoliukai-6-vnt\/#primaryimage","url":"https:\/\/dev.monti.lt\/wp-content\/uploads\/2023\/04\/woopie-klocki-sensoryczne-do-sciskania-6-el.jpg","contentUrl":"https:\/\/dev.monti.lt\/wp-content\/uploads\/2023\/04\/woopie-klocki-sensoryczne-do-sciskania-6-el.jpg","width":800,"height":800,"caption":"sensoriniai kamuoliukai"},{"@type":"BreadcrumbList","@id":"https:\/\/dev.monti.lt\/product\/sensoriniai-kamuoliukai-6-vnt\/#breadcrumb","itemListElement":[{"@type":"ListItem","position":1,"name":"Home","item":"https:\/\/dev.monti.lt\/"},{"@type":"ListItem","position":2,"name":"Parduotuv\u0117","item":"https:\/\/dev.monti.lt\/shop\/"},{"@type":"ListItem","position":3,"name":"Sensoriniai kamuoliukai 6 vnt."}]},{"@type":"WebSite","@id":"https:\/\/dev.monti.lt\/#website","url":"https:\/\/dev.monti.lt\/","name":"Montessori \u017eaislai","description":"","publisher":{"@id":"https:\/\/dev.monti.lt\/#organization"},"potentialAction":[{"@type":"SearchAction","target":{"@type":"EntryPoint","urlTemplate":"https:\/\/dev.monti.lt\/?s={search_term_string}"},"query-input":"required name=search_term_string"}],"inLanguage":"en-US"},{"@type":"Organization","@id":"https:\/\/dev.monti.lt\/#organization","name":"Montessori \u017eaislai","url":"https:\/\/dev.monti.lt\/","logo":{"@type":"ImageObject","inLanguage":"en-US","@id":"https:\/\/dev.monti.lt\/#\/schema\/logo\/image\/","url":"https:\/\/dev.monti.lt\/wp-content\/uploads\/2022\/03\/montilogo-1.png","contentUrl":"https:\/\/dev.monti.lt\/wp-content\/uploads\/2022\/03\/montilogo-1.png","width":512,"height":512,"caption":"Montessori \u017eaislai"},"image":{"@id":"https:\/\/dev.monti.lt\/#\/schema\/logo\/image\/"}}]}},"_links":{"self":[{"href":"https:\/\/dev.monti.lt\/en\/wp-json\/wp\/v2\/product\/15037"}],"collection":[{"href":"https:\/\/dev.monti.lt\/en\/wp-json\/wp\/v2\/product"}],"about":[{"href":"https:\/\/dev.monti.lt\/en\/wp-json\/wp\/v2\/types\/product"}],"version-history":[{"count":1,"href":"https:\/\/dev.monti.lt\/en\/wp-json\/wp\/v2\/product\/15037\/revisions"}],"predecessor-version":[{"id":15041,"href":"https:\/\/dev.monti.lt\/en\/wp-json\/wp\/v2\/product\/15037\/revisions\/15041"}],"wp:featuredmedia":[{"embeddable":true,"href":"https:\/\/dev.monti.lt\/en\/wp-json\/wp\/v2\/media\/15038"}],"wp:attachment":[{"href":"https:\/\/dev.monti.lt\/en\/wp-json\/wp\/v2\/media?parent=15037"}],"wp:term":[{"taxonomy":"product_cat","embeddable":true,"href":"https:\/\/dev.monti.lt\/en\/wp-json\/wp\/v2\/product_cat?post=15037"},{"taxonomy":"product_tag","embeddable":true,"href":"https:\/\/dev.monti.lt\/en\/wp-json\/wp\/v2\/product_tag?post=15037"}],"curies":[{"name":"wp","href":"https:\/\/api.w.org\/{rel}","templated":true}]}}