{"id":15018,"date":"2023-04-18T12:09:02","date_gmt":"2023-04-18T12:09:02","guid":{"rendered":"https:\/\/dev.monti.lt\/?post_type=product&#038;p=15018"},"modified":"2024-09-27T07:27:51","modified_gmt":"2024-09-27T07:27:51","slug":"mediniai-pagaliukai-su-plaktuku-viga","status":"publish","type":"product","link":"https:\/\/dev.monti.lt\/en\/product\/mediniai-pagaliukai-su-plaktuku-viga\/","title":{"rendered":"Mediniai pagaliukai su plaktuku VIGA"},"content":{"rendered":"<p>Spalvingas \u017eaislas, kuris patiks kiekvienam vaikui.<\/p><p>Subtilios pastelin\u0117s spalvos ir lengvai suimamas plaktukas paskatins kiekvien\u0105 ma\u017eyl\u012f \u017eaisti.<\/p><p><strong>Charakteristika:<\/strong><\/p><ul class=\"wp-block-list\"><li>&#8211; Vaiko u\u017eduotis yra \u012fkalti visus kai\u0161\u010dius \u012f skylutes, kad jie eit\u0173 \u012f kit\u0105 r\u0117mo pus\u0119.<\/li><li>&#8211; Veiksm\u0105 galima pakartoti sukant \u017eaisl\u0105.<\/li><li>&#8211; Komplekte yra pagrindas, 6 spalvoti kai\u0161\u010diai, plaktukas kalimui<\/li><\/ul><p><strong>\u017daislas vysto:<\/strong><\/p><ul class=\"wp-block-list\"><li>&#8211; rank\u0173 ir aki\u0173 koordinacija<\/li><li>&#8211; rank\u0173 miklumas<\/li><li>&#8211; vaizduot\u0117s<\/li><li>&#8211; k\u016brybi\u0161kumas<\/li><\/ul>","protected":false},"excerpt":{"rendered":"<p>Spalvingas \u017eaislas, kuris patiks kiekvienam vaikui. Subtilios pastelin\u0117s spalvos ir lengvai suimamas plaktukas paskatins kiekvien\u0105 ma\u017eyl\u012f \u017eaisti. Charakteristika: &#8211; Vaiko u\u017eduotis yra \u012fkalti visus kai\u0161\u010dius \u012f skylutes, kad jie eit\u0173 \u012f kit\u0105 r\u0117mo pus\u0119. &#8211; Veiksm\u0105 galima pakartoti sukant \u017eaisl\u0105. &#8211; Komplekte yra pagrindas, 6 spalvoti kai\u0161\u010diai, plaktukas kalimui \u017daislas vysto: &#8211; rank\u0173 ir aki\u0173 [&hellip;]<\/p>","protected":false},"featured_media":15019,"template":"","meta":{"iawp_total_views":24},"product_cat":[84,102,83,86,49,39],"product_tag":[96,97,98],"class_list":{"0":"post-15018","1":"product","2":"type-product","3":"status-publish","4":"has-post-thumbnail","6":"product_cat-lavinamieji-zaislai","7":"product_cat-mediniai-zaislai","8":"product_cat-montessori-zaislai","9":"product_cat-smulkioji-motorika","10":"product_cat-visi-zaislai","11":"product_cat-zaislai","12":"product_tag-2-m-3-m","13":"product_tag-3-m-4-m","14":"product_tag-5-m-7-m","16":"first","17":"instock","18":"taxable","19":"shipping-taxable","20":"purchasable","21":"product-type-simple"},"yoast_head":"<!-- This site is optimized with the Yoast SEO plugin v23.3 - https:\/\/yoast.com\/wordpress\/plugins\/seo\/ -->\n<title>Mediniai pagaliukai su plaktuku VIGA - Montessori \u017eaislai<\/title>\n<meta name=\"robots\" content=\"noindex, follow, max-snippet:-1, max-image-preview:large, max-video-preview:-1\" \/>\n<meta property=\"og:locale\" content=\"en_US\" \/>\n<meta property=\"og:type\" content=\"article\" \/>\n<meta property=\"og:title\" content=\"Mediniai pagaliukai su plaktuku VIGA - Montessori \u017eaislai\" \/>\n<meta property=\"og:description\" content=\"Spalvingas \u017eaislas, kuris patiks kiekvienam vaikui. Subtilios pastelin\u0117s spalvos ir lengvai suimamas plaktukas paskatins kiekvien\u0105 ma\u017eyl\u012f \u017eaisti. Charakteristika: &#8211; Vaiko u\u017eduotis yra \u012fkalti visus kai\u0161\u010dius \u012f skylutes, kad jie eit\u0173 \u012f kit\u0105 r\u0117mo pus\u0119. &#8211; Veiksm\u0105 galima pakartoti sukant \u017eaisl\u0105. &#8211; Komplekte yra pagrindas, 6 spalvoti kai\u0161\u010diai, plaktukas kalimui \u017daislas vysto: &#8211; rank\u0173 ir aki\u0173 [&hellip;]\" \/>\n<meta property=\"og:url\" content=\"https:\/\/dev.monti.lt\/en\/product\/mediniai-pagaliukai-su-plaktuku-viga\/\" \/>\n<meta property=\"og:site_name\" content=\"Montessori \u017eaislai\" \/>\n<meta property=\"article:modified_time\" content=\"2024-09-27T07:27:51+00:00\" \/>\n<meta property=\"og:image\" content=\"https:\/\/dev.monti.lt\/wp-content\/uploads\/2023\/04\/viga-drewniana-laweczka-przebijanka-wbijanka-z-mlotkiem-polarb-montessori.jpg\" \/>\n\t<meta property=\"og:image:width\" content=\"800\" \/>\n\t<meta property=\"og:image:height\" content=\"800\" \/>\n\t<meta property=\"og:image:type\" content=\"image\/jpeg\" \/>\n<meta name=\"twitter:card\" content=\"summary_large_image\" \/>\n<meta name=\"twitter:label1\" content=\"Est. reading time\" \/>\n\t<meta name=\"twitter:data1\" content=\"1 minute\" \/>\n<script type=\"application\/ld+json\" class=\"yoast-schema-graph\">{\"@context\":\"https:\/\/schema.org\",\"@graph\":[{\"@type\":\"WebPage\",\"@id\":\"https:\/\/dev.monti.lt\/product\/mediniai-pagaliukai-su-plaktuku-viga\/\",\"url\":\"https:\/\/dev.monti.lt\/product\/mediniai-pagaliukai-su-plaktuku-viga\/\",\"name\":\"Mediniai pagaliukai su plaktuku VIGA - Montessori \u017eaislai\",\"isPartOf\":{\"@id\":\"https:\/\/dev.monti.lt\/#website\"},\"primaryImageOfPage\":{\"@id\":\"https:\/\/dev.monti.lt\/product\/mediniai-pagaliukai-su-plaktuku-viga\/#primaryimage\"},\"image\":{\"@id\":\"https:\/\/dev.monti.lt\/product\/mediniai-pagaliukai-su-plaktuku-viga\/#primaryimage\"},\"thumbnailUrl\":\"https:\/\/dev.monti.lt\/wp-content\/uploads\/2023\/04\/viga-drewniana-laweczka-przebijanka-wbijanka-z-mlotkiem-polarb-montessori.jpg\",\"datePublished\":\"2023-04-18T12:09:02+00:00\",\"dateModified\":\"2024-09-27T07:27:51+00:00\",\"breadcrumb\":{\"@id\":\"https:\/\/dev.monti.lt\/product\/mediniai-pagaliukai-su-plaktuku-viga\/#breadcrumb\"},\"inLanguage\":\"en-US\",\"potentialAction\":[{\"@type\":\"ReadAction\",\"target\":[\"https:\/\/dev.monti.lt\/product\/mediniai-pagaliukai-su-plaktuku-viga\/\"]}]},{\"@type\":\"ImageObject\",\"inLanguage\":\"en-US\",\"@id\":\"https:\/\/dev.monti.lt\/product\/mediniai-pagaliukai-su-plaktuku-viga\/#primaryimage\",\"url\":\"https:\/\/dev.monti.lt\/wp-content\/uploads\/2023\/04\/viga-drewniana-laweczka-przebijanka-wbijanka-z-mlotkiem-polarb-montessori.jpg\",\"contentUrl\":\"https:\/\/dev.monti.lt\/wp-content\/uploads\/2023\/04\/viga-drewniana-laweczka-przebijanka-wbijanka-z-mlotkiem-polarb-montessori.jpg\",\"width\":800,\"height\":800},{\"@type\":\"BreadcrumbList\",\"@id\":\"https:\/\/dev.monti.lt\/product\/mediniai-pagaliukai-su-plaktuku-viga\/#breadcrumb\",\"itemListElement\":[{\"@type\":\"ListItem\",\"position\":1,\"name\":\"Home\",\"item\":\"https:\/\/dev.monti.lt\/\"},{\"@type\":\"ListItem\",\"position\":2,\"name\":\"Parduotuv\u0117\",\"item\":\"https:\/\/dev.monti.lt\/shop\/\"},{\"@type\":\"ListItem\",\"position\":3,\"name\":\"Mediniai pagaliukai su plaktuku VIGA\"}]},{\"@type\":\"WebSite\",\"@id\":\"https:\/\/dev.monti.lt\/#website\",\"url\":\"https:\/\/dev.monti.lt\/\",\"name\":\"Montessori \u017eaislai\",\"description\":\"\",\"publisher\":{\"@id\":\"https:\/\/dev.monti.lt\/#organization\"},\"potentialAction\":[{\"@type\":\"SearchAction\",\"target\":{\"@type\":\"EntryPoint\",\"urlTemplate\":\"https:\/\/dev.monti.lt\/?s={search_term_string}\"},\"query-input\":\"required name=search_term_string\"}],\"inLanguage\":\"en-US\"},{\"@type\":\"Organization\",\"@id\":\"https:\/\/dev.monti.lt\/#organization\",\"name\":\"Montessori \u017eaislai\",\"url\":\"https:\/\/dev.monti.lt\/\",\"logo\":{\"@type\":\"ImageObject\",\"inLanguage\":\"en-US\",\"@id\":\"https:\/\/dev.monti.lt\/#\/schema\/logo\/image\/\",\"url\":\"https:\/\/dev.monti.lt\/wp-content\/uploads\/2022\/03\/montilogo-1.png\",\"contentUrl\":\"https:\/\/dev.monti.lt\/wp-content\/uploads\/2022\/03\/montilogo-1.png\",\"width\":512,\"height\":512,\"caption\":\"Montessori \u017eaislai\"},\"image\":{\"@id\":\"https:\/\/dev.monti.lt\/#\/schema\/logo\/image\/\"}}]}<\/script>\n<!-- \/ Yoast SEO plugin. -->","yoast_head_json":{"title":"Mediniai pagaliukai su plaktuku VIGA - Montessori \u017eaislai","robots":{"index":"noindex","follow":"follow","max-snippet":"max-snippet:-1","max-image-preview":"max-image-preview:large","max-video-preview":"max-video-preview:-1"},"og_locale":"en_US","og_type":"article","og_title":"Mediniai pagaliukai su plaktuku VIGA - Montessori \u017eaislai","og_description":"Spalvingas \u017eaislas, kuris patiks kiekvienam vaikui. Subtilios pastelin\u0117s spalvos ir lengvai suimamas plaktukas paskatins kiekvien\u0105 ma\u017eyl\u012f \u017eaisti. Charakteristika: &#8211; Vaiko u\u017eduotis yra \u012fkalti visus kai\u0161\u010dius \u012f skylutes, kad jie eit\u0173 \u012f kit\u0105 r\u0117mo pus\u0119. &#8211; Veiksm\u0105 galima pakartoti sukant \u017eaisl\u0105. &#8211; Komplekte yra pagrindas, 6 spalvoti kai\u0161\u010diai, plaktukas kalimui \u017daislas vysto: &#8211; rank\u0173 ir aki\u0173 [&hellip;]","og_url":"https:\/\/dev.monti.lt\/en\/product\/mediniai-pagaliukai-su-plaktuku-viga\/","og_site_name":"Montessori \u017eaislai","article_modified_time":"2024-09-27T07:27:51+00:00","og_image":[{"width":800,"height":800,"url":"https:\/\/dev.monti.lt\/wp-content\/uploads\/2023\/04\/viga-drewniana-laweczka-przebijanka-wbijanka-z-mlotkiem-polarb-montessori.jpg","type":"image\/jpeg"}],"twitter_card":"summary_large_image","twitter_misc":{"Est. reading time":"1 minute"},"schema":{"@context":"https:\/\/schema.org","@graph":[{"@type":"WebPage","@id":"https:\/\/dev.monti.lt\/product\/mediniai-pagaliukai-su-plaktuku-viga\/","url":"https:\/\/dev.monti.lt\/product\/mediniai-pagaliukai-su-plaktuku-viga\/","name":"Mediniai pagaliukai su plaktuku VIGA - Montessori \u017eaislai","isPartOf":{"@id":"https:\/\/dev.monti.lt\/#website"},"primaryImageOfPage":{"@id":"https:\/\/dev.monti.lt\/product\/mediniai-pagaliukai-su-plaktuku-viga\/#primaryimage"},"image":{"@id":"https:\/\/dev.monti.lt\/product\/mediniai-pagaliukai-su-plaktuku-viga\/#primaryimage"},"thumbnailUrl":"https:\/\/dev.monti.lt\/wp-content\/uploads\/2023\/04\/viga-drewniana-laweczka-przebijanka-wbijanka-z-mlotkiem-polarb-montessori.jpg","datePublished":"2023-04-18T12:09:02+00:00","dateModified":"2024-09-27T07:27:51+00:00","breadcrumb":{"@id":"https:\/\/dev.monti.lt\/product\/mediniai-pagaliukai-su-plaktuku-viga\/#breadcrumb"},"inLanguage":"en-US","potentialAction":[{"@type":"ReadAction","target":["https:\/\/dev.monti.lt\/product\/mediniai-pagaliukai-su-plaktuku-viga\/"]}]},{"@type":"ImageObject","inLanguage":"en-US","@id":"https:\/\/dev.monti.lt\/product\/mediniai-pagaliukai-su-plaktuku-viga\/#primaryimage","url":"https:\/\/dev.monti.lt\/wp-content\/uploads\/2023\/04\/viga-drewniana-laweczka-przebijanka-wbijanka-z-mlotkiem-polarb-montessori.jpg","contentUrl":"https:\/\/dev.monti.lt\/wp-content\/uploads\/2023\/04\/viga-drewniana-laweczka-przebijanka-wbijanka-z-mlotkiem-polarb-montessori.jpg","width":800,"height":800},{"@type":"BreadcrumbList","@id":"https:\/\/dev.monti.lt\/product\/mediniai-pagaliukai-su-plaktuku-viga\/#breadcrumb","itemListElement":[{"@type":"ListItem","position":1,"name":"Home","item":"https:\/\/dev.monti.lt\/"},{"@type":"ListItem","position":2,"name":"Parduotuv\u0117","item":"https:\/\/dev.monti.lt\/shop\/"},{"@type":"ListItem","position":3,"name":"Mediniai pagaliukai su plaktuku VIGA"}]},{"@type":"WebSite","@id":"https:\/\/dev.monti.lt\/#website","url":"https:\/\/dev.monti.lt\/","name":"Montessori \u017eaislai","description":"","publisher":{"@id":"https:\/\/dev.monti.lt\/#organization"},"potentialAction":[{"@type":"SearchAction","target":{"@type":"EntryPoint","urlTemplate":"https:\/\/dev.monti.lt\/?s={search_term_string}"},"query-input":"required name=search_term_string"}],"inLanguage":"en-US"},{"@type":"Organization","@id":"https:\/\/dev.monti.lt\/#organization","name":"Montessori \u017eaislai","url":"https:\/\/dev.monti.lt\/","logo":{"@type":"ImageObject","inLanguage":"en-US","@id":"https:\/\/dev.monti.lt\/#\/schema\/logo\/image\/","url":"https:\/\/dev.monti.lt\/wp-content\/uploads\/2022\/03\/montilogo-1.png","contentUrl":"https:\/\/dev.monti.lt\/wp-content\/uploads\/2022\/03\/montilogo-1.png","width":512,"height":512,"caption":"Montessori \u017eaislai"},"image":{"@id":"https:\/\/dev.monti.lt\/#\/schema\/logo\/image\/"}}]}},"_links":{"self":[{"href":"https:\/\/dev.monti.lt\/en\/wp-json\/wp\/v2\/product\/15018"}],"collection":[{"href":"https:\/\/dev.monti.lt\/en\/wp-json\/wp\/v2\/product"}],"about":[{"href":"https:\/\/dev.monti.lt\/en\/wp-json\/wp\/v2\/types\/product"}],"version-history":[{"count":1,"href":"https:\/\/dev.monti.lt\/en\/wp-json\/wp\/v2\/product\/15018\/revisions"}],"predecessor-version":[{"id":15023,"href":"https:\/\/dev.monti.lt\/en\/wp-json\/wp\/v2\/product\/15018\/revisions\/15023"}],"wp:featuredmedia":[{"embeddable":true,"href":"https:\/\/dev.monti.lt\/en\/wp-json\/wp\/v2\/media\/15019"}],"wp:attachment":[{"href":"https:\/\/dev.monti.lt\/en\/wp-json\/wp\/v2\/media?parent=15018"}],"wp:term":[{"taxonomy":"product_cat","embeddable":true,"href":"https:\/\/dev.monti.lt\/en\/wp-json\/wp\/v2\/product_cat?post=15018"},{"taxonomy":"product_tag","embeddable":true,"href":"https:\/\/dev.monti.lt\/en\/wp-json\/wp\/v2\/product_tag?post=15018"}],"curies":[{"name":"wp","href":"https:\/\/api.w.org\/{rel}","templated":true}]}}