{"id":15007,"date":"2023-04-18T12:04:13","date_gmt":"2023-04-18T12:04:13","guid":{"rendered":"https:\/\/dev.monti.lt\/?post_type=product&#038;p=15007"},"modified":"2024-09-25T10:14:42","modified_gmt":"2024-09-25T10:14:42","slug":"medinis-rusiuoklis-meskutis-viga","status":"publish","type":"product","link":"https:\/\/dev.monti.lt\/en\/product\/medinis-rusiuoklis-meskutis-viga\/","title":{"rendered":"Medinis r\u016b\u0161iuoklis &#8211; me\u0161kutis VIGA"},"content":{"rendered":"<p>Kompanijos Viga edukacin\u0117 me\u0161kiuko piramid\u0117 \u2013 tai klasikinis \u017eaislas patiems ma\u017eiausiems, suteiksiantis J\u016bs\u0173 vaikui d\u017eiugi\u0173, \u012fdomi\u0173 ir k\u016brybing\u0173 pramog\u0173.<\/p><p><strong>Charakteristika:<\/strong><\/p><ul class=\"wp-block-list\"><li>&#8211; Pasteliniame rinkinyje yra&nbsp;&nbsp;<strong>6<\/strong>&nbsp;&nbsp;skirting\u0173 dyd\u017ei\u0173 diskiniai blokeliai, tarp kuri\u0173 vienas yra me\u0161kiuko galvos formos.<\/li><li>&#8211; Pagrinde yra kai\u0161tis elementams pritaikyti.<\/li><li>&#8211; \u017daislas puikiai tinka k\u016bdikiams, pradedantiems statyti bok\u0161telius i\u0161 kalad\u0117li\u0173.<\/li><li>&#8211; \u017daislas yra saugus ir ekologi\u0161kas.&nbsp;Tuo pa\u010diu metu medin\u0117 konstrukcija garantuoja atsparum\u0105 daugeliui pa\u017eeidim\u0173.<\/li><\/ul><p><strong>\u017daislas vysto:<\/strong><\/p><ul class=\"wp-block-list\"><li>&#8211; rank\u0173 ir aki\u0173 koordinacija<\/li><li>&#8211; loginis m\u0105stymas<\/li><li>&#8211; i\u0161mokti pa\u017einti spalvas<\/li><li>&#8211; vaizduot\u0117s<\/li><li>&#8211; k\u016brybi\u0161kumas<\/li><\/ul>","protected":false},"excerpt":{"rendered":"<p>Kompanijos Viga edukacin\u0117 me\u0161kiuko piramid\u0117 \u2013 tai klasikinis \u017eaislas patiems ma\u017eiausiems, suteiksiantis J\u016bs\u0173 vaikui d\u017eiugi\u0173, \u012fdomi\u0173 ir k\u016brybing\u0173 pramog\u0173. Charakteristika: &#8211; Pasteliniame rinkinyje yra&nbsp;&nbsp;6&nbsp;&nbsp;skirting\u0173 dyd\u017ei\u0173 diskiniai blokeliai, tarp kuri\u0173 vienas yra me\u0161kiuko galvos formos. &#8211; Pagrinde yra kai\u0161tis elementams pritaikyti. &#8211; \u017daislas puikiai tinka k\u016bdikiams, pradedantiems statyti bok\u0161telius i\u0161 kalad\u0117li\u0173. &#8211; \u017daislas yra saugus ir [&hellip;]<\/p>","protected":false},"featured_media":15009,"template":"","meta":{"iawp_total_views":42},"product_cat":[82,84,91,102,86,49,39],"product_tag":[95,96,97],"class_list":{"0":"post-15007","1":"product","2":"type-product","3":"status-publish","4":"has-post-thumbnail","6":"product_cat-ispardavimas","7":"product_cat-lavinamieji-zaislai","8":"product_cat-loginiam-mastymui","9":"product_cat-mediniai-zaislai","10":"product_cat-smulkioji-motorika","11":"product_cat-visi-zaislai","12":"product_cat-zaislai","13":"product_tag-1-m-2-m","14":"product_tag-2-m-3-m","15":"product_tag-3-m-4-m","17":"first","18":"outofstock","19":"sale","20":"taxable","21":"shipping-taxable","22":"purchasable","23":"product-type-simple"},"yoast_head":"<!-- This site is optimized with the Yoast SEO plugin v23.3 - https:\/\/yoast.com\/wordpress\/plugins\/seo\/ -->\n<title>Medinis r\u016b\u0161iuoklis - me\u0161kutis VIGA - Montessori \u017eaislai<\/title>\n<meta name=\"robots\" content=\"noindex, follow, max-snippet:-1, max-image-preview:large, max-video-preview:-1\" \/>\n<meta property=\"og:locale\" content=\"en_US\" \/>\n<meta property=\"og:type\" content=\"article\" \/>\n<meta property=\"og:title\" content=\"Medinis r\u016b\u0161iuoklis - me\u0161kutis VIGA - Montessori \u017eaislai\" \/>\n<meta property=\"og:description\" content=\"Kompanijos Viga edukacin\u0117 me\u0161kiuko piramid\u0117 \u2013 tai klasikinis \u017eaislas patiems ma\u017eiausiems, suteiksiantis J\u016bs\u0173 vaikui d\u017eiugi\u0173, \u012fdomi\u0173 ir k\u016brybing\u0173 pramog\u0173. Charakteristika: &#8211; Pasteliniame rinkinyje yra&nbsp;&nbsp;6&nbsp;&nbsp;skirting\u0173 dyd\u017ei\u0173 diskiniai blokeliai, tarp kuri\u0173 vienas yra me\u0161kiuko galvos formos. &#8211; Pagrinde yra kai\u0161tis elementams pritaikyti. &#8211; \u017daislas puikiai tinka k\u016bdikiams, pradedantiems statyti bok\u0161telius i\u0161 kalad\u0117li\u0173. &#8211; \u017daislas yra saugus ir [&hellip;]\" \/>\n<meta property=\"og:url\" content=\"https:\/\/dev.monti.lt\/en\/product\/medinis-rusiuoklis-meskutis-viga\/\" \/>\n<meta property=\"og:site_name\" content=\"Montessori \u017eaislai\" \/>\n<meta property=\"article:modified_time\" content=\"2024-09-25T10:14:42+00:00\" \/>\n<meta property=\"og:image\" content=\"https:\/\/dev.monti.lt\/wp-content\/uploads\/2023\/04\/viga-polarb-drewniana-piramidka-edukacyjna-mis-polarny.jpg\" \/>\n\t<meta property=\"og:image:width\" content=\"800\" \/>\n\t<meta property=\"og:image:height\" content=\"800\" \/>\n\t<meta property=\"og:image:type\" content=\"image\/jpeg\" \/>\n<meta name=\"twitter:card\" content=\"summary_large_image\" \/>\n<meta name=\"twitter:label1\" content=\"Est. reading time\" \/>\n\t<meta name=\"twitter:data1\" content=\"1 minute\" \/>\n<script type=\"application\/ld+json\" class=\"yoast-schema-graph\">{\"@context\":\"https:\/\/schema.org\",\"@graph\":[{\"@type\":\"WebPage\",\"@id\":\"https:\/\/dev.monti.lt\/product\/medinis-rusiuoklis-meskutis-viga\/\",\"url\":\"https:\/\/dev.monti.lt\/product\/medinis-rusiuoklis-meskutis-viga\/\",\"name\":\"Medinis r\u016b\u0161iuoklis - me\u0161kutis VIGA - Montessori \u017eaislai\",\"isPartOf\":{\"@id\":\"https:\/\/dev.monti.lt\/#website\"},\"primaryImageOfPage\":{\"@id\":\"https:\/\/dev.monti.lt\/product\/medinis-rusiuoklis-meskutis-viga\/#primaryimage\"},\"image\":{\"@id\":\"https:\/\/dev.monti.lt\/product\/medinis-rusiuoklis-meskutis-viga\/#primaryimage\"},\"thumbnailUrl\":\"https:\/\/dev.monti.lt\/wp-content\/uploads\/2023\/04\/viga-polarb-drewniana-piramidka-edukacyjna-mis-polarny.jpg\",\"datePublished\":\"2023-04-18T12:04:13+00:00\",\"dateModified\":\"2024-09-25T10:14:42+00:00\",\"breadcrumb\":{\"@id\":\"https:\/\/dev.monti.lt\/product\/medinis-rusiuoklis-meskutis-viga\/#breadcrumb\"},\"inLanguage\":\"en-US\",\"potentialAction\":[{\"@type\":\"ReadAction\",\"target\":[\"https:\/\/dev.monti.lt\/product\/medinis-rusiuoklis-meskutis-viga\/\"]}]},{\"@type\":\"ImageObject\",\"inLanguage\":\"en-US\",\"@id\":\"https:\/\/dev.monti.lt\/product\/medinis-rusiuoklis-meskutis-viga\/#primaryimage\",\"url\":\"https:\/\/dev.monti.lt\/wp-content\/uploads\/2023\/04\/viga-polarb-drewniana-piramidka-edukacyjna-mis-polarny.jpg\",\"contentUrl\":\"https:\/\/dev.monti.lt\/wp-content\/uploads\/2023\/04\/viga-polarb-drewniana-piramidka-edukacyjna-mis-polarny.jpg\",\"width\":800,\"height\":800},{\"@type\":\"BreadcrumbList\",\"@id\":\"https:\/\/dev.monti.lt\/product\/medinis-rusiuoklis-meskutis-viga\/#breadcrumb\",\"itemListElement\":[{\"@type\":\"ListItem\",\"position\":1,\"name\":\"Home\",\"item\":\"https:\/\/dev.monti.lt\/\"},{\"@type\":\"ListItem\",\"position\":2,\"name\":\"Parduotuv\u0117\",\"item\":\"https:\/\/dev.monti.lt\/shop\/\"},{\"@type\":\"ListItem\",\"position\":3,\"name\":\"Medinis r\u016b\u0161iuoklis &#8211; me\u0161kutis VIGA\"}]},{\"@type\":\"WebSite\",\"@id\":\"https:\/\/dev.monti.lt\/#website\",\"url\":\"https:\/\/dev.monti.lt\/\",\"name\":\"Montessori \u017eaislai\",\"description\":\"\",\"publisher\":{\"@id\":\"https:\/\/dev.monti.lt\/#organization\"},\"potentialAction\":[{\"@type\":\"SearchAction\",\"target\":{\"@type\":\"EntryPoint\",\"urlTemplate\":\"https:\/\/dev.monti.lt\/?s={search_term_string}\"},\"query-input\":\"required name=search_term_string\"}],\"inLanguage\":\"en-US\"},{\"@type\":\"Organization\",\"@id\":\"https:\/\/dev.monti.lt\/#organization\",\"name\":\"Montessori \u017eaislai\",\"url\":\"https:\/\/dev.monti.lt\/\",\"logo\":{\"@type\":\"ImageObject\",\"inLanguage\":\"en-US\",\"@id\":\"https:\/\/dev.monti.lt\/#\/schema\/logo\/image\/\",\"url\":\"https:\/\/dev.monti.lt\/wp-content\/uploads\/2022\/03\/montilogo-1.png\",\"contentUrl\":\"https:\/\/dev.monti.lt\/wp-content\/uploads\/2022\/03\/montilogo-1.png\",\"width\":512,\"height\":512,\"caption\":\"Montessori \u017eaislai\"},\"image\":{\"@id\":\"https:\/\/dev.monti.lt\/#\/schema\/logo\/image\/\"}}]}<\/script>\n<!-- \/ Yoast SEO plugin. -->","yoast_head_json":{"title":"Medinis r\u016b\u0161iuoklis - me\u0161kutis VIGA - Montessori \u017eaislai","robots":{"index":"noindex","follow":"follow","max-snippet":"max-snippet:-1","max-image-preview":"max-image-preview:large","max-video-preview":"max-video-preview:-1"},"og_locale":"en_US","og_type":"article","og_title":"Medinis r\u016b\u0161iuoklis - me\u0161kutis VIGA - Montessori \u017eaislai","og_description":"Kompanijos Viga edukacin\u0117 me\u0161kiuko piramid\u0117 \u2013 tai klasikinis \u017eaislas patiems ma\u017eiausiems, suteiksiantis J\u016bs\u0173 vaikui d\u017eiugi\u0173, \u012fdomi\u0173 ir k\u016brybing\u0173 pramog\u0173. Charakteristika: &#8211; Pasteliniame rinkinyje yra&nbsp;&nbsp;6&nbsp;&nbsp;skirting\u0173 dyd\u017ei\u0173 diskiniai blokeliai, tarp kuri\u0173 vienas yra me\u0161kiuko galvos formos. &#8211; Pagrinde yra kai\u0161tis elementams pritaikyti. &#8211; \u017daislas puikiai tinka k\u016bdikiams, pradedantiems statyti bok\u0161telius i\u0161 kalad\u0117li\u0173. &#8211; \u017daislas yra saugus ir [&hellip;]","og_url":"https:\/\/dev.monti.lt\/en\/product\/medinis-rusiuoklis-meskutis-viga\/","og_site_name":"Montessori \u017eaislai","article_modified_time":"2024-09-25T10:14:42+00:00","og_image":[{"width":800,"height":800,"url":"https:\/\/dev.monti.lt\/wp-content\/uploads\/2023\/04\/viga-polarb-drewniana-piramidka-edukacyjna-mis-polarny.jpg","type":"image\/jpeg"}],"twitter_card":"summary_large_image","twitter_misc":{"Est. reading time":"1 minute"},"schema":{"@context":"https:\/\/schema.org","@graph":[{"@type":"WebPage","@id":"https:\/\/dev.monti.lt\/product\/medinis-rusiuoklis-meskutis-viga\/","url":"https:\/\/dev.monti.lt\/product\/medinis-rusiuoklis-meskutis-viga\/","name":"Medinis r\u016b\u0161iuoklis - me\u0161kutis VIGA - Montessori \u017eaislai","isPartOf":{"@id":"https:\/\/dev.monti.lt\/#website"},"primaryImageOfPage":{"@id":"https:\/\/dev.monti.lt\/product\/medinis-rusiuoklis-meskutis-viga\/#primaryimage"},"image":{"@id":"https:\/\/dev.monti.lt\/product\/medinis-rusiuoklis-meskutis-viga\/#primaryimage"},"thumbnailUrl":"https:\/\/dev.monti.lt\/wp-content\/uploads\/2023\/04\/viga-polarb-drewniana-piramidka-edukacyjna-mis-polarny.jpg","datePublished":"2023-04-18T12:04:13+00:00","dateModified":"2024-09-25T10:14:42+00:00","breadcrumb":{"@id":"https:\/\/dev.monti.lt\/product\/medinis-rusiuoklis-meskutis-viga\/#breadcrumb"},"inLanguage":"en-US","potentialAction":[{"@type":"ReadAction","target":["https:\/\/dev.monti.lt\/product\/medinis-rusiuoklis-meskutis-viga\/"]}]},{"@type":"ImageObject","inLanguage":"en-US","@id":"https:\/\/dev.monti.lt\/product\/medinis-rusiuoklis-meskutis-viga\/#primaryimage","url":"https:\/\/dev.monti.lt\/wp-content\/uploads\/2023\/04\/viga-polarb-drewniana-piramidka-edukacyjna-mis-polarny.jpg","contentUrl":"https:\/\/dev.monti.lt\/wp-content\/uploads\/2023\/04\/viga-polarb-drewniana-piramidka-edukacyjna-mis-polarny.jpg","width":800,"height":800},{"@type":"BreadcrumbList","@id":"https:\/\/dev.monti.lt\/product\/medinis-rusiuoklis-meskutis-viga\/#breadcrumb","itemListElement":[{"@type":"ListItem","position":1,"name":"Home","item":"https:\/\/dev.monti.lt\/"},{"@type":"ListItem","position":2,"name":"Parduotuv\u0117","item":"https:\/\/dev.monti.lt\/shop\/"},{"@type":"ListItem","position":3,"name":"Medinis r\u016b\u0161iuoklis &#8211; me\u0161kutis VIGA"}]},{"@type":"WebSite","@id":"https:\/\/dev.monti.lt\/#website","url":"https:\/\/dev.monti.lt\/","name":"Montessori \u017eaislai","description":"","publisher":{"@id":"https:\/\/dev.monti.lt\/#organization"},"potentialAction":[{"@type":"SearchAction","target":{"@type":"EntryPoint","urlTemplate":"https:\/\/dev.monti.lt\/?s={search_term_string}"},"query-input":"required name=search_term_string"}],"inLanguage":"en-US"},{"@type":"Organization","@id":"https:\/\/dev.monti.lt\/#organization","name":"Montessori \u017eaislai","url":"https:\/\/dev.monti.lt\/","logo":{"@type":"ImageObject","inLanguage":"en-US","@id":"https:\/\/dev.monti.lt\/#\/schema\/logo\/image\/","url":"https:\/\/dev.monti.lt\/wp-content\/uploads\/2022\/03\/montilogo-1.png","contentUrl":"https:\/\/dev.monti.lt\/wp-content\/uploads\/2022\/03\/montilogo-1.png","width":512,"height":512,"caption":"Montessori \u017eaislai"},"image":{"@id":"https:\/\/dev.monti.lt\/#\/schema\/logo\/image\/"}}]}},"_links":{"self":[{"href":"https:\/\/dev.monti.lt\/en\/wp-json\/wp\/v2\/product\/15007"}],"collection":[{"href":"https:\/\/dev.monti.lt\/en\/wp-json\/wp\/v2\/product"}],"about":[{"href":"https:\/\/dev.monti.lt\/en\/wp-json\/wp\/v2\/types\/product"}],"version-history":[{"count":1,"href":"https:\/\/dev.monti.lt\/en\/wp-json\/wp\/v2\/product\/15007\/revisions"}],"predecessor-version":[{"id":15017,"href":"https:\/\/dev.monti.lt\/en\/wp-json\/wp\/v2\/product\/15007\/revisions\/15017"}],"wp:featuredmedia":[{"embeddable":true,"href":"https:\/\/dev.monti.lt\/en\/wp-json\/wp\/v2\/media\/15009"}],"wp:attachment":[{"href":"https:\/\/dev.monti.lt\/en\/wp-json\/wp\/v2\/media?parent=15007"}],"wp:term":[{"taxonomy":"product_cat","embeddable":true,"href":"https:\/\/dev.monti.lt\/en\/wp-json\/wp\/v2\/product_cat?post=15007"},{"taxonomy":"product_tag","embeddable":true,"href":"https:\/\/dev.monti.lt\/en\/wp-json\/wp\/v2\/product_tag?post=15007"}],"curies":[{"name":"wp","href":"https:\/\/api.w.org\/{rel}","templated":true}]}}