{"id":14975,"date":"2023-04-17T11:34:08","date_gmt":"2023-04-17T11:34:08","guid":{"rendered":"https:\/\/dev.monti.lt\/?post_type=product&#038;p=14975"},"modified":"2024-10-09T11:58:56","modified_gmt":"2024-10-09T11:58:56","slug":"sensorinis-zaislas-lape","status":"publish","type":"product","link":"https:\/\/dev.monti.lt\/en\/product\/sensorinis-zaislas-lape\/","title":{"rendered":"Sensorinis \u017eaislas &#8211; lap\u0117"},"content":{"rendered":"<p>\u017daisliukas, kuris pavogs pa\u010di\u0173 ma\u017eiausi\u0173 ir suaugusi\u0173j\u0173 \u0161irdis!<\/p><p>\u017daislas buvo\u00a0<strong>pagamintas i\u0161 skirting\u0173 med\u017eiag\u0173, skirting\u0173 tekst\u016br\u0173 ir savybi\u0173.<\/strong><\/p><figure class=\"wp-block-image\"><img decoding=\"async\" src=\"https:\/\/www.ikonka.com.pl\/img\/product_media\/39001-40000\/KX652764799.jpg\" alt=\"\"\/><\/figure><p>Ma\u017eylis mielai atras daugiau savo m\u0117gstamo \u017eaislo element\u0173:<\/p><ul class=\"wp-block-list\"><li>pliu\u0161inis snukis ir uodega<\/li><li>&#8220;odin\u0117&#8221; nosis<\/li><li>\u0161lepet\u0117s, mink\u0161ta keli\u0173 spalv\u0173 med\u017eiaga ant lap\u0117s k\u016bno<\/li><li>du kramtukai pagaminti i\u0161 saugaus, stipraus silikono, stimuliuojan\u010dios tekst\u016bros ma\u017eiesiems pir\u0161tukams: tvarsliava ant lap\u0117s kaklo ir pritvirtintas lapelis, kur\u012f galima \u012fki\u0161ti \u012f ki\u0161en\u0119 zaislo \u0161one<\/li><li>o\u0161ian\u010dios ausys<\/li><li>mylimas vaik\u0173 etiket\u0117s<\/li><li>varpelis \u017eaislo viduje<\/li><li>bar\u0161kutis: plastikinis lankelis su spalvingais kamuoliukais, pritvirtintas prie talismano letenos<\/li><\/ul><figure class=\"wp-block-image\"><img decoding=\"async\" src=\"https:\/\/www.ikonka.com.pl\/img\/product_media\/39001-40000\/KX652764798.jpg\" alt=\"\"\/><\/figure><p>\u017daislas taip pat turi&nbsp;<strong>kabliuk\u0105<\/strong>&nbsp;, kad gal\u0117tum\u0117te j\u012f pritvirtinti prie ve\u017eim\u0117lio.<\/p><p>K\u016bdikiai vystosi ir mokosi aplink\u0105 per jutimus.\u00a0Jausmai taip pat veikia vienas kit\u0105.\u00a0Tinkamas j\u0173 vis\u0173 vystymas leid\u017eia geriau analizuoti pasaul\u012f ir reaguoti \u012f i\u0161orinius dirgiklius, taip pat ugdo s\u0105moningum\u0105 apie savo k\u016bn\u0105 ir savo funkcijas.\u00a0<strong>Sensorinis \u017eaislas leid\u017eia su\u017eadinti daugiau poj\u016b\u010di\u0173:<\/strong><\/p><ul class=\"wp-block-list\"><li>Skirtingos med\u017eiag\u0173 tekst\u016bros skatina ma\u017e\u0173 vaik\u0173 lyt\u0117jimo jausm\u0105.<\/li><li>Bar\u0161kutis ir varpelis skatina klausos jausm\u0105.<\/li><li>Skirting\u0173 i\u0161rai\u0161king\u0173 spalv\u0173 naudojimas skatina reg\u0117jim\u0105.<\/li><li>Saugaus dantuk\u0173 dygimo dantukus ypa\u010d \u012fvertins dygstan\u010di\u0173 ma\u017eyli\u0173 t\u0117vai.<\/li><\/ul><p>Draugi\u0161ka lap\u0117 gali lyd\u0117ti j\u016bs\u0173\u00a0<strong>k\u016bdik\u012f nuo pirm\u0173j\u0173 gyvenimo akimirk\u0173<\/strong>\u00a0.<\/p><figure class=\"wp-block-image\"><img decoding=\"async\" src=\"https:\/\/www.ikonka.com.pl\/img\/product_media\/39001-40000\/KX652764800.jpg\" alt=\"\"\/><\/figure><p><strong>TECHNIN\u0116 SPECIFIKACIJA:<\/strong><\/p><p>Auk\u0161tis: 20 cm<\/p><p>Plotis: 13 cm<\/p><p>Ilgis: 11 cm + 12,5 cm (uodega)<\/p><p>Sukurta vaikams nuo pirm\u0173j\u0173 gyvenimo akimirk\u0173.<\/p><p>Supakuota \u012f folijos pakuot\u0119<\/p>","protected":false},"excerpt":{"rendered":"<p>\u017daisliukas, kuris pavogs pa\u010di\u0173 ma\u017eiausi\u0173 ir suaugusi\u0173j\u0173 \u0161irdis! \u017daislas buvo\u00a0pagamintas i\u0161 skirting\u0173 med\u017eiag\u0173, skirting\u0173 tekst\u016br\u0173 ir savybi\u0173. Ma\u017eylis mielai atras daugiau savo m\u0117gstamo \u017eaislo element\u0173: pliu\u0161inis snukis ir uodega &#8220;odin\u0117&#8221; nosis \u0161lepet\u0117s, mink\u0161ta keli\u0173 spalv\u0173 med\u017eiaga ant lap\u0117s k\u016bno du kramtukai pagaminti i\u0161 saugaus, stipraus silikono, stimuliuojan\u010dios tekst\u016bros ma\u017eiesiems pir\u0161tukams: tvarsliava ant lap\u0117s kaklo ir [&hellip;]<\/p>","protected":false},"featured_media":14976,"template":"","meta":{"iawp_total_views":101},"product_cat":[193,200,191,192,84,90,86,49,39,201],"product_tag":[94],"class_list":{"0":"post-14975","1":"product","2":"type-product","3":"status-publish","4":"has-post-thumbnail","6":"product_cat-dovanos-vaikams-1-2-metu","7":"product_cat-dovanos-kudikiams","8":"product_cat-dovanos-vaikams","9":"product_cat-kaledines-dovanos-vaikams","10":"product_cat-lavinamieji-zaislai","11":"product_cat-pasaulio-pazinimas","12":"product_cat-smulkioji-motorika","13":"product_cat-visi-zaislai","14":"product_cat-zaislai","15":"product_cat-zaislai-kelioneje","16":"product_tag-iki-1-m","18":"first","19":"instock","20":"taxable","21":"shipping-taxable","22":"purchasable","23":"product-type-simple"},"yoast_head":"<!-- This site is optimized with the Yoast SEO plugin v23.3 - https:\/\/yoast.com\/wordpress\/plugins\/seo\/ -->\n<title>Sensorinis \u017eaislas - lap\u0117 - Montessori \u017eaislai<\/title>\n<meta name=\"robots\" content=\"noindex, follow, max-snippet:-1, max-image-preview:large, max-video-preview:-1\" \/>\n<meta property=\"og:locale\" content=\"en_US\" \/>\n<meta property=\"og:type\" content=\"article\" \/>\n<meta property=\"og:title\" content=\"Sensorinis \u017eaislas - lap\u0117 - Montessori \u017eaislai\" \/>\n<meta property=\"og:description\" content=\"\u017daisliukas, kuris pavogs pa\u010di\u0173 ma\u017eiausi\u0173 ir suaugusi\u0173j\u0173 \u0161irdis! \u017daislas buvo\u00a0pagamintas i\u0161 skirting\u0173 med\u017eiag\u0173, skirting\u0173 tekst\u016br\u0173 ir savybi\u0173. Ma\u017eylis mielai atras daugiau savo m\u0117gstamo \u017eaislo element\u0173: pliu\u0161inis snukis ir uodega &#8220;odin\u0117&#8221; nosis \u0161lepet\u0117s, mink\u0161ta keli\u0173 spalv\u0173 med\u017eiaga ant lap\u0117s k\u016bno du kramtukai pagaminti i\u0161 saugaus, stipraus silikono, stimuliuojan\u010dios tekst\u016bros ma\u017eiesiems pir\u0161tukams: tvarsliava ant lap\u0117s kaklo ir [&hellip;]\" \/>\n<meta property=\"og:url\" content=\"https:\/\/dev.monti.lt\/en\/product\/sensorinis-zaislas-lape\/\" \/>\n<meta property=\"og:site_name\" content=\"Montessori \u017eaislai\" \/>\n<meta property=\"article:modified_time\" content=\"2024-10-09T11:58:56+00:00\" \/>\n<meta property=\"og:image\" content=\"https:\/\/dev.monti.lt\/wp-content\/uploads\/2023\/04\/KX652764797.jpg\" \/>\n\t<meta property=\"og:image:width\" content=\"1600\" \/>\n\t<meta property=\"og:image:height\" content=\"1200\" \/>\n\t<meta property=\"og:image:type\" content=\"image\/jpeg\" \/>\n<meta name=\"twitter:card\" content=\"summary_large_image\" \/>\n<meta name=\"twitter:label1\" content=\"Est. reading time\" \/>\n\t<meta name=\"twitter:data1\" content=\"2 minutes\" \/>\n<script type=\"application\/ld+json\" class=\"yoast-schema-graph\">{\"@context\":\"https:\/\/schema.org\",\"@graph\":[{\"@type\":\"WebPage\",\"@id\":\"https:\/\/dev.monti.lt\/product\/sensorinis-zaislas-lape\/\",\"url\":\"https:\/\/dev.monti.lt\/product\/sensorinis-zaislas-lape\/\",\"name\":\"Sensorinis \u017eaislas - lap\u0117 - Montessori \u017eaislai\",\"isPartOf\":{\"@id\":\"https:\/\/dev.monti.lt\/#website\"},\"primaryImageOfPage\":{\"@id\":\"https:\/\/dev.monti.lt\/product\/sensorinis-zaislas-lape\/#primaryimage\"},\"image\":{\"@id\":\"https:\/\/dev.monti.lt\/product\/sensorinis-zaislas-lape\/#primaryimage\"},\"thumbnailUrl\":\"https:\/\/dev.monti.lt\/wp-content\/uploads\/2023\/04\/KX652764797.jpg\",\"datePublished\":\"2023-04-17T11:34:08+00:00\",\"dateModified\":\"2024-10-09T11:58:56+00:00\",\"breadcrumb\":{\"@id\":\"https:\/\/dev.monti.lt\/product\/sensorinis-zaislas-lape\/#breadcrumb\"},\"inLanguage\":\"en-US\",\"potentialAction\":[{\"@type\":\"ReadAction\",\"target\":[\"https:\/\/dev.monti.lt\/product\/sensorinis-zaislas-lape\/\"]}]},{\"@type\":\"ImageObject\",\"inLanguage\":\"en-US\",\"@id\":\"https:\/\/dev.monti.lt\/product\/sensorinis-zaislas-lape\/#primaryimage\",\"url\":\"https:\/\/dev.monti.lt\/wp-content\/uploads\/2023\/04\/KX652764797.jpg\",\"contentUrl\":\"https:\/\/dev.monti.lt\/wp-content\/uploads\/2023\/04\/KX652764797.jpg\",\"width\":1600,\"height\":1200,\"caption\":\"sensorine lape\"},{\"@type\":\"BreadcrumbList\",\"@id\":\"https:\/\/dev.monti.lt\/product\/sensorinis-zaislas-lape\/#breadcrumb\",\"itemListElement\":[{\"@type\":\"ListItem\",\"position\":1,\"name\":\"Home\",\"item\":\"https:\/\/dev.monti.lt\/\"},{\"@type\":\"ListItem\",\"position\":2,\"name\":\"Parduotuv\u0117\",\"item\":\"https:\/\/dev.monti.lt\/shop\/\"},{\"@type\":\"ListItem\",\"position\":3,\"name\":\"Sensorinis \u017eaislas &#8211; lap\u0117\"}]},{\"@type\":\"WebSite\",\"@id\":\"https:\/\/dev.monti.lt\/#website\",\"url\":\"https:\/\/dev.monti.lt\/\",\"name\":\"Montessori \u017eaislai\",\"description\":\"\",\"publisher\":{\"@id\":\"https:\/\/dev.monti.lt\/#organization\"},\"potentialAction\":[{\"@type\":\"SearchAction\",\"target\":{\"@type\":\"EntryPoint\",\"urlTemplate\":\"https:\/\/dev.monti.lt\/?s={search_term_string}\"},\"query-input\":\"required name=search_term_string\"}],\"inLanguage\":\"en-US\"},{\"@type\":\"Organization\",\"@id\":\"https:\/\/dev.monti.lt\/#organization\",\"name\":\"Montessori \u017eaislai\",\"url\":\"https:\/\/dev.monti.lt\/\",\"logo\":{\"@type\":\"ImageObject\",\"inLanguage\":\"en-US\",\"@id\":\"https:\/\/dev.monti.lt\/#\/schema\/logo\/image\/\",\"url\":\"https:\/\/dev.monti.lt\/wp-content\/uploads\/2022\/03\/montilogo-1.png\",\"contentUrl\":\"https:\/\/dev.monti.lt\/wp-content\/uploads\/2022\/03\/montilogo-1.png\",\"width\":512,\"height\":512,\"caption\":\"Montessori \u017eaislai\"},\"image\":{\"@id\":\"https:\/\/dev.monti.lt\/#\/schema\/logo\/image\/\"}}]}<\/script>\n<!-- \/ Yoast SEO plugin. -->","yoast_head_json":{"title":"Sensorinis \u017eaislas - lap\u0117 - Montessori \u017eaislai","robots":{"index":"noindex","follow":"follow","max-snippet":"max-snippet:-1","max-image-preview":"max-image-preview:large","max-video-preview":"max-video-preview:-1"},"og_locale":"en_US","og_type":"article","og_title":"Sensorinis \u017eaislas - lap\u0117 - Montessori \u017eaislai","og_description":"\u017daisliukas, kuris pavogs pa\u010di\u0173 ma\u017eiausi\u0173 ir suaugusi\u0173j\u0173 \u0161irdis! \u017daislas buvo\u00a0pagamintas i\u0161 skirting\u0173 med\u017eiag\u0173, skirting\u0173 tekst\u016br\u0173 ir savybi\u0173. Ma\u017eylis mielai atras daugiau savo m\u0117gstamo \u017eaislo element\u0173: pliu\u0161inis snukis ir uodega &#8220;odin\u0117&#8221; nosis \u0161lepet\u0117s, mink\u0161ta keli\u0173 spalv\u0173 med\u017eiaga ant lap\u0117s k\u016bno du kramtukai pagaminti i\u0161 saugaus, stipraus silikono, stimuliuojan\u010dios tekst\u016bros ma\u017eiesiems pir\u0161tukams: tvarsliava ant lap\u0117s kaklo ir [&hellip;]","og_url":"https:\/\/dev.monti.lt\/en\/product\/sensorinis-zaislas-lape\/","og_site_name":"Montessori \u017eaislai","article_modified_time":"2024-10-09T11:58:56+00:00","og_image":[{"width":1600,"height":1200,"url":"https:\/\/dev.monti.lt\/wp-content\/uploads\/2023\/04\/KX652764797.jpg","type":"image\/jpeg"}],"twitter_card":"summary_large_image","twitter_misc":{"Est. reading time":"2 minutes"},"schema":{"@context":"https:\/\/schema.org","@graph":[{"@type":"WebPage","@id":"https:\/\/dev.monti.lt\/product\/sensorinis-zaislas-lape\/","url":"https:\/\/dev.monti.lt\/product\/sensorinis-zaislas-lape\/","name":"Sensorinis \u017eaislas - lap\u0117 - Montessori \u017eaislai","isPartOf":{"@id":"https:\/\/dev.monti.lt\/#website"},"primaryImageOfPage":{"@id":"https:\/\/dev.monti.lt\/product\/sensorinis-zaislas-lape\/#primaryimage"},"image":{"@id":"https:\/\/dev.monti.lt\/product\/sensorinis-zaislas-lape\/#primaryimage"},"thumbnailUrl":"https:\/\/dev.monti.lt\/wp-content\/uploads\/2023\/04\/KX652764797.jpg","datePublished":"2023-04-17T11:34:08+00:00","dateModified":"2024-10-09T11:58:56+00:00","breadcrumb":{"@id":"https:\/\/dev.monti.lt\/product\/sensorinis-zaislas-lape\/#breadcrumb"},"inLanguage":"en-US","potentialAction":[{"@type":"ReadAction","target":["https:\/\/dev.monti.lt\/product\/sensorinis-zaislas-lape\/"]}]},{"@type":"ImageObject","inLanguage":"en-US","@id":"https:\/\/dev.monti.lt\/product\/sensorinis-zaislas-lape\/#primaryimage","url":"https:\/\/dev.monti.lt\/wp-content\/uploads\/2023\/04\/KX652764797.jpg","contentUrl":"https:\/\/dev.monti.lt\/wp-content\/uploads\/2023\/04\/KX652764797.jpg","width":1600,"height":1200,"caption":"sensorine lape"},{"@type":"BreadcrumbList","@id":"https:\/\/dev.monti.lt\/product\/sensorinis-zaislas-lape\/#breadcrumb","itemListElement":[{"@type":"ListItem","position":1,"name":"Home","item":"https:\/\/dev.monti.lt\/"},{"@type":"ListItem","position":2,"name":"Parduotuv\u0117","item":"https:\/\/dev.monti.lt\/shop\/"},{"@type":"ListItem","position":3,"name":"Sensorinis \u017eaislas &#8211; lap\u0117"}]},{"@type":"WebSite","@id":"https:\/\/dev.monti.lt\/#website","url":"https:\/\/dev.monti.lt\/","name":"Montessori \u017eaislai","description":"","publisher":{"@id":"https:\/\/dev.monti.lt\/#organization"},"potentialAction":[{"@type":"SearchAction","target":{"@type":"EntryPoint","urlTemplate":"https:\/\/dev.monti.lt\/?s={search_term_string}"},"query-input":"required name=search_term_string"}],"inLanguage":"en-US"},{"@type":"Organization","@id":"https:\/\/dev.monti.lt\/#organization","name":"Montessori \u017eaislai","url":"https:\/\/dev.monti.lt\/","logo":{"@type":"ImageObject","inLanguage":"en-US","@id":"https:\/\/dev.monti.lt\/#\/schema\/logo\/image\/","url":"https:\/\/dev.monti.lt\/wp-content\/uploads\/2022\/03\/montilogo-1.png","contentUrl":"https:\/\/dev.monti.lt\/wp-content\/uploads\/2022\/03\/montilogo-1.png","width":512,"height":512,"caption":"Montessori \u017eaislai"},"image":{"@id":"https:\/\/dev.monti.lt\/#\/schema\/logo\/image\/"}}]}},"_links":{"self":[{"href":"https:\/\/dev.monti.lt\/en\/wp-json\/wp\/v2\/product\/14975"}],"collection":[{"href":"https:\/\/dev.monti.lt\/en\/wp-json\/wp\/v2\/product"}],"about":[{"href":"https:\/\/dev.monti.lt\/en\/wp-json\/wp\/v2\/types\/product"}],"version-history":[{"count":1,"href":"https:\/\/dev.monti.lt\/en\/wp-json\/wp\/v2\/product\/14975\/revisions"}],"predecessor-version":[{"id":14980,"href":"https:\/\/dev.monti.lt\/en\/wp-json\/wp\/v2\/product\/14975\/revisions\/14980"}],"wp:featuredmedia":[{"embeddable":true,"href":"https:\/\/dev.monti.lt\/en\/wp-json\/wp\/v2\/media\/14976"}],"wp:attachment":[{"href":"https:\/\/dev.monti.lt\/en\/wp-json\/wp\/v2\/media?parent=14975"}],"wp:term":[{"taxonomy":"product_cat","embeddable":true,"href":"https:\/\/dev.monti.lt\/en\/wp-json\/wp\/v2\/product_cat?post=14975"},{"taxonomy":"product_tag","embeddable":true,"href":"https:\/\/dev.monti.lt\/en\/wp-json\/wp\/v2\/product_tag?post=14975"}],"curies":[{"name":"wp","href":"https:\/\/api.w.org\/{rel}","templated":true}]}}