{"id":14269,"date":"2023-03-03T08:41:36","date_gmt":"2023-03-03T08:41:36","guid":{"rendered":"https:\/\/dev.monti.lt\/?post_type=product&#038;p=14269"},"modified":"2024-09-30T12:40:46","modified_gmt":"2024-09-30T12:40:46","slug":"daugkartine-piesimo-knygele","status":"publish","type":"product","link":"https:\/\/dev.monti.lt\/en\/product\/daugkartine-piesimo-knygele\/","title":{"rendered":"Daugkartin\u0117 pie\u0161imo knygel\u0117"},"content":{"rendered":"<p>Ne\u0161iojamoji 10 puslapi\u0173 knygos formos kreidin\u0117 lenta &#8211; puikus sprendimas, kaip pa\u012fvairinti kelioni\u0173 laik\u0105 ne tik automobilyje, bet ir namuose, kur tik j\u016bs\u0173 vaikas nori pie\u0161ti, mokytis ra\u0161yti ar skai\u010diuoti.<\/p><p>Kreidin\u0117 lenta, tiksliau, 10 kreidin\u0117s lentos puslapi\u0173, esan\u010di\u0173 vienoje knygoje, suteikia daugyb\u0119 panaudojimo galimybi\u0173.<\/p><p>Keliaudami automobiliu vaikai da\u017enai naudojasi mobiliaisiais telefonais (\u017ei\u016bri youtube, \u017eaid\u017eia \u017eaidimus). Mes, t\u0117vai, \u017einome, kad tai n\u0117ra geriausias laiko praleidimo b\u016bdas, tod\u0117l kreidin\u0117 lenta yra ideali, daugkartinio naudojimo ir nebrangi alternatyva u\u017eimti vaiko laik\u0105 automobilyje.<\/p><p>Ji suteiks pramog\u0105 ilgoms valandoms. Ideali dovanos id\u0117ja.<\/p><p><\/p>","protected":false},"excerpt":{"rendered":"<p>Ne\u0161iojamoji 10 puslapi\u0173 knygos formos kreidin\u0117 lenta &#8211; puikus sprendimas, kaip pa\u012fvairinti kelioni\u0173 laik\u0105 ne tik automobilyje, bet ir namuose, kur tik j\u016bs\u0173 vaikas nori pie\u0161ti, mokytis ra\u0161yti ar skai\u010diuoti. Kreidin\u0117 lenta, tiksliau, 10 kreidin\u0117s lentos puslapi\u0173, esan\u010di\u0173 vienoje knygoje, suteikia daugyb\u0119 panaudojimo galimybi\u0173. Keliaudami automobiliu vaikai da\u017enai naudojasi mobiliaisiais telefonais (\u017ei\u016bri youtube, \u017eaid\u017eia \u017eaidimus). [&hellip;]<\/p>","protected":false},"featured_media":14270,"template":"","meta":{"iawp_total_views":84},"product_cat":[84,89,49,39],"product_tag":[96,97,98,99],"class_list":{"0":"post-14269","1":"product","2":"type-product","3":"status-publish","4":"has-post-thumbnail","6":"product_cat-lavinamieji-zaislai","7":"product_cat-mokausi-piesti","8":"product_cat-visi-zaislai","9":"product_cat-zaislai","10":"product_tag-2-m-3-m","11":"product_tag-3-m-4-m","12":"product_tag-5-m-7-m","13":"product_tag-8-m-11-m","15":"first","16":"instock","17":"taxable","18":"shipping-taxable","19":"purchasable","20":"product-type-simple"},"yoast_head":"<!-- This site is optimized with the Yoast SEO plugin v23.3 - https:\/\/yoast.com\/wordpress\/plugins\/seo\/ -->\n<title>Daugkartin\u0117 pie\u0161imo knygel\u0117 - Montessori \u017eaislai<\/title>\n<meta name=\"robots\" content=\"noindex, follow, max-snippet:-1, max-image-preview:large, max-video-preview:-1\" \/>\n<meta property=\"og:locale\" content=\"en_US\" \/>\n<meta property=\"og:type\" content=\"article\" \/>\n<meta property=\"og:title\" content=\"Daugkartin\u0117 pie\u0161imo knygel\u0117 - Montessori \u017eaislai\" \/>\n<meta property=\"og:description\" content=\"Ne\u0161iojamoji 10 puslapi\u0173 knygos formos kreidin\u0117 lenta &#8211; puikus sprendimas, kaip pa\u012fvairinti kelioni\u0173 laik\u0105 ne tik automobilyje, bet ir namuose, kur tik j\u016bs\u0173 vaikas nori pie\u0161ti, mokytis ra\u0161yti ar skai\u010diuoti. Kreidin\u0117 lenta, tiksliau, 10 kreidin\u0117s lentos puslapi\u0173, esan\u010di\u0173 vienoje knygoje, suteikia daugyb\u0119 panaudojimo galimybi\u0173. Keliaudami automobiliu vaikai da\u017enai naudojasi mobiliaisiais telefonais (\u017ei\u016bri youtube, \u017eaid\u017eia \u017eaidimus). [&hellip;]\" \/>\n<meta property=\"og:url\" content=\"https:\/\/dev.monti.lt\/en\/product\/daugkartine-piesimo-knygele\/\" \/>\n<meta property=\"og:site_name\" content=\"Montessori \u017eaislai\" \/>\n<meta property=\"article:modified_time\" content=\"2024-09-30T12:40:46+00:00\" \/>\n<meta property=\"og:image\" content=\"https:\/\/dev.monti.lt\/wp-content\/uploads\/2023\/03\/tablica-ksiazeczka-do-rysowania-pisaki-kredowe-mis.jpg\" \/>\n\t<meta property=\"og:image:width\" content=\"800\" \/>\n\t<meta property=\"og:image:height\" content=\"800\" \/>\n\t<meta property=\"og:image:type\" content=\"image\/jpeg\" \/>\n<meta name=\"twitter:card\" content=\"summary_large_image\" \/>\n<meta name=\"twitter:label1\" content=\"Est. reading time\" \/>\n\t<meta name=\"twitter:data1\" content=\"1 minute\" \/>\n<script type=\"application\/ld+json\" class=\"yoast-schema-graph\">{\"@context\":\"https:\/\/schema.org\",\"@graph\":[{\"@type\":\"WebPage\",\"@id\":\"https:\/\/dev.monti.lt\/product\/daugkartine-piesimo-knygele\/\",\"url\":\"https:\/\/dev.monti.lt\/product\/daugkartine-piesimo-knygele\/\",\"name\":\"Daugkartin\u0117 pie\u0161imo knygel\u0117 - Montessori \u017eaislai\",\"isPartOf\":{\"@id\":\"https:\/\/dev.monti.lt\/#website\"},\"primaryImageOfPage\":{\"@id\":\"https:\/\/dev.monti.lt\/product\/daugkartine-piesimo-knygele\/#primaryimage\"},\"image\":{\"@id\":\"https:\/\/dev.monti.lt\/product\/daugkartine-piesimo-knygele\/#primaryimage\"},\"thumbnailUrl\":\"https:\/\/dev.monti.lt\/wp-content\/uploads\/2023\/03\/tablica-ksiazeczka-do-rysowania-pisaki-kredowe-mis.jpg\",\"datePublished\":\"2023-03-03T08:41:36+00:00\",\"dateModified\":\"2024-09-30T12:40:46+00:00\",\"breadcrumb\":{\"@id\":\"https:\/\/dev.monti.lt\/product\/daugkartine-piesimo-knygele\/#breadcrumb\"},\"inLanguage\":\"en-US\",\"potentialAction\":[{\"@type\":\"ReadAction\",\"target\":[\"https:\/\/dev.monti.lt\/product\/daugkartine-piesimo-knygele\/\"]}]},{\"@type\":\"ImageObject\",\"inLanguage\":\"en-US\",\"@id\":\"https:\/\/dev.monti.lt\/product\/daugkartine-piesimo-knygele\/#primaryimage\",\"url\":\"https:\/\/dev.monti.lt\/wp-content\/uploads\/2023\/03\/tablica-ksiazeczka-do-rysowania-pisaki-kredowe-mis.jpg\",\"contentUrl\":\"https:\/\/dev.monti.lt\/wp-content\/uploads\/2023\/03\/tablica-ksiazeczka-do-rysowania-pisaki-kredowe-mis.jpg\",\"width\":800,\"height\":800,\"caption\":\"piesimo knygele\"},{\"@type\":\"BreadcrumbList\",\"@id\":\"https:\/\/dev.monti.lt\/product\/daugkartine-piesimo-knygele\/#breadcrumb\",\"itemListElement\":[{\"@type\":\"ListItem\",\"position\":1,\"name\":\"Home\",\"item\":\"https:\/\/dev.monti.lt\/\"},{\"@type\":\"ListItem\",\"position\":2,\"name\":\"Parduotuv\u0117\",\"item\":\"https:\/\/dev.monti.lt\/shop\/\"},{\"@type\":\"ListItem\",\"position\":3,\"name\":\"Daugkartin\u0117 pie\u0161imo knygel\u0117\"}]},{\"@type\":\"WebSite\",\"@id\":\"https:\/\/dev.monti.lt\/#website\",\"url\":\"https:\/\/dev.monti.lt\/\",\"name\":\"Montessori \u017eaislai\",\"description\":\"\",\"publisher\":{\"@id\":\"https:\/\/dev.monti.lt\/#organization\"},\"potentialAction\":[{\"@type\":\"SearchAction\",\"target\":{\"@type\":\"EntryPoint\",\"urlTemplate\":\"https:\/\/dev.monti.lt\/?s={search_term_string}\"},\"query-input\":\"required name=search_term_string\"}],\"inLanguage\":\"en-US\"},{\"@type\":\"Organization\",\"@id\":\"https:\/\/dev.monti.lt\/#organization\",\"name\":\"Montessori \u017eaislai\",\"url\":\"https:\/\/dev.monti.lt\/\",\"logo\":{\"@type\":\"ImageObject\",\"inLanguage\":\"en-US\",\"@id\":\"https:\/\/dev.monti.lt\/#\/schema\/logo\/image\/\",\"url\":\"https:\/\/dev.monti.lt\/wp-content\/uploads\/2022\/03\/montilogo-1.png\",\"contentUrl\":\"https:\/\/dev.monti.lt\/wp-content\/uploads\/2022\/03\/montilogo-1.png\",\"width\":512,\"height\":512,\"caption\":\"Montessori \u017eaislai\"},\"image\":{\"@id\":\"https:\/\/dev.monti.lt\/#\/schema\/logo\/image\/\"}}]}<\/script>\n<!-- \/ Yoast SEO plugin. -->","yoast_head_json":{"title":"Daugkartin\u0117 pie\u0161imo knygel\u0117 - Montessori \u017eaislai","robots":{"index":"noindex","follow":"follow","max-snippet":"max-snippet:-1","max-image-preview":"max-image-preview:large","max-video-preview":"max-video-preview:-1"},"og_locale":"en_US","og_type":"article","og_title":"Daugkartin\u0117 pie\u0161imo knygel\u0117 - Montessori \u017eaislai","og_description":"Ne\u0161iojamoji 10 puslapi\u0173 knygos formos kreidin\u0117 lenta &#8211; puikus sprendimas, kaip pa\u012fvairinti kelioni\u0173 laik\u0105 ne tik automobilyje, bet ir namuose, kur tik j\u016bs\u0173 vaikas nori pie\u0161ti, mokytis ra\u0161yti ar skai\u010diuoti. Kreidin\u0117 lenta, tiksliau, 10 kreidin\u0117s lentos puslapi\u0173, esan\u010di\u0173 vienoje knygoje, suteikia daugyb\u0119 panaudojimo galimybi\u0173. Keliaudami automobiliu vaikai da\u017enai naudojasi mobiliaisiais telefonais (\u017ei\u016bri youtube, \u017eaid\u017eia \u017eaidimus). [&hellip;]","og_url":"https:\/\/dev.monti.lt\/en\/product\/daugkartine-piesimo-knygele\/","og_site_name":"Montessori \u017eaislai","article_modified_time":"2024-09-30T12:40:46+00:00","og_image":[{"width":800,"height":800,"url":"https:\/\/dev.monti.lt\/wp-content\/uploads\/2023\/03\/tablica-ksiazeczka-do-rysowania-pisaki-kredowe-mis.jpg","type":"image\/jpeg"}],"twitter_card":"summary_large_image","twitter_misc":{"Est. reading time":"1 minute"},"schema":{"@context":"https:\/\/schema.org","@graph":[{"@type":"WebPage","@id":"https:\/\/dev.monti.lt\/product\/daugkartine-piesimo-knygele\/","url":"https:\/\/dev.monti.lt\/product\/daugkartine-piesimo-knygele\/","name":"Daugkartin\u0117 pie\u0161imo knygel\u0117 - Montessori \u017eaislai","isPartOf":{"@id":"https:\/\/dev.monti.lt\/#website"},"primaryImageOfPage":{"@id":"https:\/\/dev.monti.lt\/product\/daugkartine-piesimo-knygele\/#primaryimage"},"image":{"@id":"https:\/\/dev.monti.lt\/product\/daugkartine-piesimo-knygele\/#primaryimage"},"thumbnailUrl":"https:\/\/dev.monti.lt\/wp-content\/uploads\/2023\/03\/tablica-ksiazeczka-do-rysowania-pisaki-kredowe-mis.jpg","datePublished":"2023-03-03T08:41:36+00:00","dateModified":"2024-09-30T12:40:46+00:00","breadcrumb":{"@id":"https:\/\/dev.monti.lt\/product\/daugkartine-piesimo-knygele\/#breadcrumb"},"inLanguage":"en-US","potentialAction":[{"@type":"ReadAction","target":["https:\/\/dev.monti.lt\/product\/daugkartine-piesimo-knygele\/"]}]},{"@type":"ImageObject","inLanguage":"en-US","@id":"https:\/\/dev.monti.lt\/product\/daugkartine-piesimo-knygele\/#primaryimage","url":"https:\/\/dev.monti.lt\/wp-content\/uploads\/2023\/03\/tablica-ksiazeczka-do-rysowania-pisaki-kredowe-mis.jpg","contentUrl":"https:\/\/dev.monti.lt\/wp-content\/uploads\/2023\/03\/tablica-ksiazeczka-do-rysowania-pisaki-kredowe-mis.jpg","width":800,"height":800,"caption":"piesimo knygele"},{"@type":"BreadcrumbList","@id":"https:\/\/dev.monti.lt\/product\/daugkartine-piesimo-knygele\/#breadcrumb","itemListElement":[{"@type":"ListItem","position":1,"name":"Home","item":"https:\/\/dev.monti.lt\/"},{"@type":"ListItem","position":2,"name":"Parduotuv\u0117","item":"https:\/\/dev.monti.lt\/shop\/"},{"@type":"ListItem","position":3,"name":"Daugkartin\u0117 pie\u0161imo knygel\u0117"}]},{"@type":"WebSite","@id":"https:\/\/dev.monti.lt\/#website","url":"https:\/\/dev.monti.lt\/","name":"Montessori \u017eaislai","description":"","publisher":{"@id":"https:\/\/dev.monti.lt\/#organization"},"potentialAction":[{"@type":"SearchAction","target":{"@type":"EntryPoint","urlTemplate":"https:\/\/dev.monti.lt\/?s={search_term_string}"},"query-input":"required name=search_term_string"}],"inLanguage":"en-US"},{"@type":"Organization","@id":"https:\/\/dev.monti.lt\/#organization","name":"Montessori \u017eaislai","url":"https:\/\/dev.monti.lt\/","logo":{"@type":"ImageObject","inLanguage":"en-US","@id":"https:\/\/dev.monti.lt\/#\/schema\/logo\/image\/","url":"https:\/\/dev.monti.lt\/wp-content\/uploads\/2022\/03\/montilogo-1.png","contentUrl":"https:\/\/dev.monti.lt\/wp-content\/uploads\/2022\/03\/montilogo-1.png","width":512,"height":512,"caption":"Montessori \u017eaislai"},"image":{"@id":"https:\/\/dev.monti.lt\/#\/schema\/logo\/image\/"}}]}},"_links":{"self":[{"href":"https:\/\/dev.monti.lt\/en\/wp-json\/wp\/v2\/product\/14269"}],"collection":[{"href":"https:\/\/dev.monti.lt\/en\/wp-json\/wp\/v2\/product"}],"about":[{"href":"https:\/\/dev.monti.lt\/en\/wp-json\/wp\/v2\/types\/product"}],"version-history":[{"count":1,"href":"https:\/\/dev.monti.lt\/en\/wp-json\/wp\/v2\/product\/14269\/revisions"}],"predecessor-version":[{"id":14277,"href":"https:\/\/dev.monti.lt\/en\/wp-json\/wp\/v2\/product\/14269\/revisions\/14277"}],"wp:featuredmedia":[{"embeddable":true,"href":"https:\/\/dev.monti.lt\/en\/wp-json\/wp\/v2\/media\/14270"}],"wp:attachment":[{"href":"https:\/\/dev.monti.lt\/en\/wp-json\/wp\/v2\/media?parent=14269"}],"wp:term":[{"taxonomy":"product_cat","embeddable":true,"href":"https:\/\/dev.monti.lt\/en\/wp-json\/wp\/v2\/product_cat?post=14269"},{"taxonomy":"product_tag","embeddable":true,"href":"https:\/\/dev.monti.lt\/en\/wp-json\/wp\/v2\/product_tag?post=14269"}],"curies":[{"name":"wp","href":"https:\/\/api.w.org\/{rel}","templated":true}]}}