{"id":14243,"date":"2023-03-03T07:34:41","date_gmt":"2023-03-03T07:34:41","guid":{"rendered":"https:\/\/dev.monti.lt\/?post_type=product&#038;p=14243"},"modified":"2024-09-16T13:43:54","modified_gmt":"2024-09-16T13:43:54","slug":"sensorine-smulkiosios-motorikos-lenta","status":"publish","type":"product","link":"https:\/\/dev.monti.lt\/en\/product\/sensorine-smulkiosios-motorikos-lenta\/","title":{"rendered":"Sensorin\u0117 smulkiosios motorikos lenta"},"content":{"rendered":"<p>R\u016bpintis tinkama vaiko raida yra kiekvieno i\u0161 t\u0117v\u0173 pareiga.&nbsp;Nor\u0117dami pad\u0117ti savo klientams u\u017etikrinti, kad j\u0173 vaikai mokysis tinkamai, verta \u012f asortiment\u0105 \u012ftraukti gamin\u012f, kuris pad\u0117s tai padaryti, o kartu suteiks fantasti\u0161k\u0173 pramog\u0173 ma\u017eiesiems.<\/p><h2 class=\"wp-block-heading\"><strong>MANIPULIAVIMO LENTA &#8211; KAS TAI?<\/strong><\/h2><p>Pastaruoju metu manipuliacin\u0117 lenta yra ne\u012ftik\u0117tinai populiarus \u017eaisl\u0173 tipas \u2013 ir nieko keisto!&nbsp;I\u0161 pa\u017ei\u016bros paprastas \u017eaislas su daugybe smulki\u0173 mechanizm\u0173 tiesiai i\u0161 kasdienyb\u0117s.&nbsp;Juk vaikams labiausiai r\u016bpi kasdieniai daiktai!<\/p><p>Puo\u0161n\u016bs \u017eaislai man da\u017enai yra \u012fdom\u016bs ir n\u0117ra pakankamai interaktyv\u016bs, kad ma\u017eyliai gal\u0117t\u0173 vystytis.&nbsp;Ta\u010diau tinkama rankin\u0117 lenta skatina vaikus sukti, traukti, ri\u0161ti ir perkelti atskirus elementus.&nbsp;Ir \u0161ios \u012fprastos veiklos leid\u017eia ma\u017eiausiems i\u0161siugdyti daugyb\u0119 geb\u0117jim\u0173!<\/p><h2 class=\"wp-block-heading\"><strong>SENSORIN\u0116 LENTA SU MIELU KAT\u0116S RA\u0160TU<\/strong><\/h2><p>Malonus dizainas ir mielas ka\u010diukas prikaustys vis\u0173 d\u0117mes\u012f, o o\u0161iantys, baksnojantys ir spragsintys aksesuarai sukoncentruos net labiausiai besibla\u0161kan\u010dius vaikus.<\/p><p>Lentoje yra \u012fvairi\u0173 interaktyvi\u0173 element\u0173, \u012fskaitant:<\/p><ul class=\"wp-block-list\"><li>krumpliara\u010diais<\/li><li>Batai su rai\u0161teliais<\/li><li>Pavar\u0173 d\u0117\u017e\u0117s stiliaus labirintas<\/li><li>Metalinis skl\u0105stis<\/li><li>U\u017eraktas su raktais<\/li><li>Ir daugelis kit\u0173!<\/li><\/ul><p>Visi manipuliavimo lentos elementai yra patvar\u016bs ir pasi\u017eymi tikrai patenkinamu patvarumu.&nbsp;Kiekvienas komponentas truks valandas traukiant, ri\u0161ant ir baksnojant!<\/p><h2 class=\"wp-block-heading\"><strong>K\u0104 VYSTO \u017dAIDIMAS MANIPULIACIN\u0116MIS LENTOMIS?<\/strong><\/h2><p>Kaip ir kiti lavinamieji \u017eaislai, visos lentos pad\u0117s tobulinti pir\u0161t\u0173 motorik\u0105, judesi\u0173 tikslum\u0105, taip pat lavins rank\u0173 raumenis ir j\u0117g\u0105.&nbsp;Tiksl\u016bs judesiai, reikalingi \u017eaidimui, bus naudingi daugybei skirting\u0173 \u012fg\u016bd\u017ei\u0173.<\/p><p>\u017daidimas su medin\u0117s lentos elementais lavins ir intelektines kompetencijas.&nbsp;Didelis u\u017eduo\u010di\u0173 ir galvos\u016bki\u0173 pasirinkimas skatina ma\u017eiausi\u0173 vaik\u0173 pa\u017eintini\u0173 geb\u0117jim\u0173 ugdym\u0105.&nbsp;Kai kuriems i\u0161 j\u0173 prireiks akimirkos pagalvoti, o sprendimo suradimas suteiks vaikui did\u017eiul\u012f pasitenkinim\u0105.<\/p><h2 class=\"wp-block-heading\"><strong>PRODUKTO INFORMACIJA:<\/strong><\/h2><p>Med\u017eiaga: mediena su plastiko ir metalo elementais<\/p><h3 class=\"wp-block-heading\">MATMENYS:<\/h3><ul class=\"wp-block-list\"><li>Nugar\u0117l\u0117: 40 cm x 35 cm x 1,5 cm<\/li><li>Ka\u010diukas: 20 cm x 38 cm<\/li><li>Pakuot\u0117: 42cm x 37cm x 7cm<\/li><\/ul><p>Sensorin\u0117 lenta supakuota esteti\u0161koje kartonin\u0117je d\u0117\u017eut\u0117je.<\/p><p><\/p>","protected":false},"excerpt":{"rendered":"<p>R\u016bpintis tinkama vaiko raida yra kiekvieno i\u0161 t\u0117v\u0173 pareiga.&nbsp;Nor\u0117dami pad\u0117ti savo klientams u\u017etikrinti, kad j\u0173 vaikai mokysis tinkamai, verta \u012f asortiment\u0105 \u012ftraukti gamin\u012f, kuris pad\u0117s tai padaryti, o kartu suteiks fantasti\u0161k\u0173 pramog\u0173 ma\u017eiesiems. MANIPULIAVIMO LENTA &#8211; KAS TAI? Pastaruoju metu manipuliacin\u0117 lenta yra ne\u012ftik\u0117tinai populiarus \u017eaisl\u0173 tipas \u2013 ir nieko keisto!&nbsp;I\u0161 pa\u017ei\u016bros paprastas \u017eaislas su [&hellip;]<\/p>","protected":false},"featured_media":14244,"template":"","meta":{"iawp_total_views":210},"product_cat":[193,196,191,82,192,84,91,102,83,90,86,199,49,39],"product_tag":[95,96,97],"class_list":{"0":"post-14243","1":"product","2":"type-product","3":"status-publish","4":"has-post-thumbnail","6":"product_cat-dovanos-vaikams-1-2-metu","7":"product_cat-dovanos-mergaitems","8":"product_cat-dovanos-vaikams","9":"product_cat-ispardavimas","10":"product_cat-kaledines-dovanos-vaikams","11":"product_cat-lavinamieji-zaislai","12":"product_cat-loginiam-mastymui","13":"product_cat-mediniai-zaislai","14":"product_cat-montessori-zaislai","15":"product_cat-pasaulio-pazinimas","16":"product_cat-smulkioji-motorika","17":"product_cat-ugdymo-istaigoms","18":"product_cat-visi-zaislai","19":"product_cat-zaislai","20":"product_tag-1-m-2-m","21":"product_tag-2-m-3-m","22":"product_tag-3-m-4-m","24":"first","25":"instock","26":"sale","27":"taxable","28":"shipping-taxable","29":"purchasable","30":"product-type-simple"},"yoast_head":"<!-- This site is optimized with the Yoast SEO plugin v23.3 - https:\/\/yoast.com\/wordpress\/plugins\/seo\/ -->\n<title>Sensorin\u0117 smulkiosios motorikos lenta - Montessori \u017eaislai<\/title>\n<meta name=\"robots\" content=\"noindex, follow, max-snippet:-1, max-image-preview:large, max-video-preview:-1\" \/>\n<meta property=\"og:locale\" content=\"en_US\" \/>\n<meta property=\"og:type\" content=\"article\" \/>\n<meta property=\"og:title\" content=\"Sensorin\u0117 smulkiosios motorikos lenta - Montessori \u017eaislai\" \/>\n<meta property=\"og:description\" content=\"R\u016bpintis tinkama vaiko raida yra kiekvieno i\u0161 t\u0117v\u0173 pareiga.&nbsp;Nor\u0117dami pad\u0117ti savo klientams u\u017etikrinti, kad j\u0173 vaikai mokysis tinkamai, verta \u012f asortiment\u0105 \u012ftraukti gamin\u012f, kuris pad\u0117s tai padaryti, o kartu suteiks fantasti\u0161k\u0173 pramog\u0173 ma\u017eiesiems. MANIPULIAVIMO LENTA &#8211; KAS TAI? Pastaruoju metu manipuliacin\u0117 lenta yra ne\u012ftik\u0117tinai populiarus \u017eaisl\u0173 tipas \u2013 ir nieko keisto!&nbsp;I\u0161 pa\u017ei\u016bros paprastas \u017eaislas su [&hellip;]\" \/>\n<meta property=\"og:url\" content=\"https:\/\/dev.monti.lt\/en\/product\/sensorine-smulkiosios-motorikos-lenta\/\" \/>\n<meta property=\"og:site_name\" content=\"Montessori \u017eaislai\" \/>\n<meta property=\"article:modified_time\" content=\"2024-09-16T13:43:54+00:00\" \/>\n<meta property=\"og:image\" content=\"https:\/\/dev.monti.lt\/wp-content\/uploads\/2023\/03\/KX490983826.jpg\" \/>\n\t<meta property=\"og:image:width\" content=\"1024\" \/>\n\t<meta property=\"og:image:height\" content=\"1024\" \/>\n\t<meta property=\"og:image:type\" content=\"image\/jpeg\" \/>\n<meta name=\"twitter:card\" content=\"summary_large_image\" \/>\n<meta name=\"twitter:label1\" content=\"Est. reading time\" \/>\n\t<meta name=\"twitter:data1\" content=\"2 minutes\" \/>\n<script type=\"application\/ld+json\" class=\"yoast-schema-graph\">{\"@context\":\"https:\/\/schema.org\",\"@graph\":[{\"@type\":\"WebPage\",\"@id\":\"https:\/\/dev.monti.lt\/product\/sensorine-smulkiosios-motorikos-lenta\/\",\"url\":\"https:\/\/dev.monti.lt\/product\/sensorine-smulkiosios-motorikos-lenta\/\",\"name\":\"Sensorin\u0117 smulkiosios motorikos lenta - Montessori \u017eaislai\",\"isPartOf\":{\"@id\":\"https:\/\/dev.monti.lt\/#website\"},\"primaryImageOfPage\":{\"@id\":\"https:\/\/dev.monti.lt\/product\/sensorine-smulkiosios-motorikos-lenta\/#primaryimage\"},\"image\":{\"@id\":\"https:\/\/dev.monti.lt\/product\/sensorine-smulkiosios-motorikos-lenta\/#primaryimage\"},\"thumbnailUrl\":\"https:\/\/dev.monti.lt\/wp-content\/uploads\/2023\/03\/KX490983826.jpg\",\"datePublished\":\"2023-03-03T07:34:41+00:00\",\"dateModified\":\"2024-09-16T13:43:54+00:00\",\"breadcrumb\":{\"@id\":\"https:\/\/dev.monti.lt\/product\/sensorine-smulkiosios-motorikos-lenta\/#breadcrumb\"},\"inLanguage\":\"en-US\",\"potentialAction\":[{\"@type\":\"ReadAction\",\"target\":[\"https:\/\/dev.monti.lt\/product\/sensorine-smulkiosios-motorikos-lenta\/\"]}]},{\"@type\":\"ImageObject\",\"inLanguage\":\"en-US\",\"@id\":\"https:\/\/dev.monti.lt\/product\/sensorine-smulkiosios-motorikos-lenta\/#primaryimage\",\"url\":\"https:\/\/dev.monti.lt\/wp-content\/uploads\/2023\/03\/KX490983826.jpg\",\"contentUrl\":\"https:\/\/dev.monti.lt\/wp-content\/uploads\/2023\/03\/KX490983826.jpg\",\"width\":1024,\"height\":1024,\"caption\":\"sensorine lenta\"},{\"@type\":\"BreadcrumbList\",\"@id\":\"https:\/\/dev.monti.lt\/product\/sensorine-smulkiosios-motorikos-lenta\/#breadcrumb\",\"itemListElement\":[{\"@type\":\"ListItem\",\"position\":1,\"name\":\"Home\",\"item\":\"https:\/\/dev.monti.lt\/\"},{\"@type\":\"ListItem\",\"position\":2,\"name\":\"Parduotuv\u0117\",\"item\":\"https:\/\/dev.monti.lt\/shop\/\"},{\"@type\":\"ListItem\",\"position\":3,\"name\":\"Sensorin\u0117 smulkiosios motorikos lenta\"}]},{\"@type\":\"WebSite\",\"@id\":\"https:\/\/dev.monti.lt\/#website\",\"url\":\"https:\/\/dev.monti.lt\/\",\"name\":\"Montessori \u017eaislai\",\"description\":\"\",\"publisher\":{\"@id\":\"https:\/\/dev.monti.lt\/#organization\"},\"potentialAction\":[{\"@type\":\"SearchAction\",\"target\":{\"@type\":\"EntryPoint\",\"urlTemplate\":\"https:\/\/dev.monti.lt\/?s={search_term_string}\"},\"query-input\":\"required name=search_term_string\"}],\"inLanguage\":\"en-US\"},{\"@type\":\"Organization\",\"@id\":\"https:\/\/dev.monti.lt\/#organization\",\"name\":\"Montessori \u017eaislai\",\"url\":\"https:\/\/dev.monti.lt\/\",\"logo\":{\"@type\":\"ImageObject\",\"inLanguage\":\"en-US\",\"@id\":\"https:\/\/dev.monti.lt\/#\/schema\/logo\/image\/\",\"url\":\"https:\/\/dev.monti.lt\/wp-content\/uploads\/2022\/03\/montilogo-1.png\",\"contentUrl\":\"https:\/\/dev.monti.lt\/wp-content\/uploads\/2022\/03\/montilogo-1.png\",\"width\":512,\"height\":512,\"caption\":\"Montessori \u017eaislai\"},\"image\":{\"@id\":\"https:\/\/dev.monti.lt\/#\/schema\/logo\/image\/\"}}]}<\/script>\n<!-- \/ Yoast SEO plugin. -->","yoast_head_json":{"title":"Sensorin\u0117 smulkiosios motorikos lenta - Montessori \u017eaislai","robots":{"index":"noindex","follow":"follow","max-snippet":"max-snippet:-1","max-image-preview":"max-image-preview:large","max-video-preview":"max-video-preview:-1"},"og_locale":"en_US","og_type":"article","og_title":"Sensorin\u0117 smulkiosios motorikos lenta - Montessori \u017eaislai","og_description":"R\u016bpintis tinkama vaiko raida yra kiekvieno i\u0161 t\u0117v\u0173 pareiga.&nbsp;Nor\u0117dami pad\u0117ti savo klientams u\u017etikrinti, kad j\u0173 vaikai mokysis tinkamai, verta \u012f asortiment\u0105 \u012ftraukti gamin\u012f, kuris pad\u0117s tai padaryti, o kartu suteiks fantasti\u0161k\u0173 pramog\u0173 ma\u017eiesiems. MANIPULIAVIMO LENTA &#8211; KAS TAI? Pastaruoju metu manipuliacin\u0117 lenta yra ne\u012ftik\u0117tinai populiarus \u017eaisl\u0173 tipas \u2013 ir nieko keisto!&nbsp;I\u0161 pa\u017ei\u016bros paprastas \u017eaislas su [&hellip;]","og_url":"https:\/\/dev.monti.lt\/en\/product\/sensorine-smulkiosios-motorikos-lenta\/","og_site_name":"Montessori \u017eaislai","article_modified_time":"2024-09-16T13:43:54+00:00","og_image":[{"width":1024,"height":1024,"url":"https:\/\/dev.monti.lt\/wp-content\/uploads\/2023\/03\/KX490983826.jpg","type":"image\/jpeg"}],"twitter_card":"summary_large_image","twitter_misc":{"Est. reading time":"2 minutes"},"schema":{"@context":"https:\/\/schema.org","@graph":[{"@type":"WebPage","@id":"https:\/\/dev.monti.lt\/product\/sensorine-smulkiosios-motorikos-lenta\/","url":"https:\/\/dev.monti.lt\/product\/sensorine-smulkiosios-motorikos-lenta\/","name":"Sensorin\u0117 smulkiosios motorikos lenta - Montessori \u017eaislai","isPartOf":{"@id":"https:\/\/dev.monti.lt\/#website"},"primaryImageOfPage":{"@id":"https:\/\/dev.monti.lt\/product\/sensorine-smulkiosios-motorikos-lenta\/#primaryimage"},"image":{"@id":"https:\/\/dev.monti.lt\/product\/sensorine-smulkiosios-motorikos-lenta\/#primaryimage"},"thumbnailUrl":"https:\/\/dev.monti.lt\/wp-content\/uploads\/2023\/03\/KX490983826.jpg","datePublished":"2023-03-03T07:34:41+00:00","dateModified":"2024-09-16T13:43:54+00:00","breadcrumb":{"@id":"https:\/\/dev.monti.lt\/product\/sensorine-smulkiosios-motorikos-lenta\/#breadcrumb"},"inLanguage":"en-US","potentialAction":[{"@type":"ReadAction","target":["https:\/\/dev.monti.lt\/product\/sensorine-smulkiosios-motorikos-lenta\/"]}]},{"@type":"ImageObject","inLanguage":"en-US","@id":"https:\/\/dev.monti.lt\/product\/sensorine-smulkiosios-motorikos-lenta\/#primaryimage","url":"https:\/\/dev.monti.lt\/wp-content\/uploads\/2023\/03\/KX490983826.jpg","contentUrl":"https:\/\/dev.monti.lt\/wp-content\/uploads\/2023\/03\/KX490983826.jpg","width":1024,"height":1024,"caption":"sensorine lenta"},{"@type":"BreadcrumbList","@id":"https:\/\/dev.monti.lt\/product\/sensorine-smulkiosios-motorikos-lenta\/#breadcrumb","itemListElement":[{"@type":"ListItem","position":1,"name":"Home","item":"https:\/\/dev.monti.lt\/"},{"@type":"ListItem","position":2,"name":"Parduotuv\u0117","item":"https:\/\/dev.monti.lt\/shop\/"},{"@type":"ListItem","position":3,"name":"Sensorin\u0117 smulkiosios motorikos lenta"}]},{"@type":"WebSite","@id":"https:\/\/dev.monti.lt\/#website","url":"https:\/\/dev.monti.lt\/","name":"Montessori \u017eaislai","description":"","publisher":{"@id":"https:\/\/dev.monti.lt\/#organization"},"potentialAction":[{"@type":"SearchAction","target":{"@type":"EntryPoint","urlTemplate":"https:\/\/dev.monti.lt\/?s={search_term_string}"},"query-input":"required name=search_term_string"}],"inLanguage":"en-US"},{"@type":"Organization","@id":"https:\/\/dev.monti.lt\/#organization","name":"Montessori \u017eaislai","url":"https:\/\/dev.monti.lt\/","logo":{"@type":"ImageObject","inLanguage":"en-US","@id":"https:\/\/dev.monti.lt\/#\/schema\/logo\/image\/","url":"https:\/\/dev.monti.lt\/wp-content\/uploads\/2022\/03\/montilogo-1.png","contentUrl":"https:\/\/dev.monti.lt\/wp-content\/uploads\/2022\/03\/montilogo-1.png","width":512,"height":512,"caption":"Montessori \u017eaislai"},"image":{"@id":"https:\/\/dev.monti.lt\/#\/schema\/logo\/image\/"}}]}},"_links":{"self":[{"href":"https:\/\/dev.monti.lt\/en\/wp-json\/wp\/v2\/product\/14243"}],"collection":[{"href":"https:\/\/dev.monti.lt\/en\/wp-json\/wp\/v2\/product"}],"about":[{"href":"https:\/\/dev.monti.lt\/en\/wp-json\/wp\/v2\/types\/product"}],"version-history":[{"count":2,"href":"https:\/\/dev.monti.lt\/en\/wp-json\/wp\/v2\/product\/14243\/revisions"}],"predecessor-version":[{"id":14952,"href":"https:\/\/dev.monti.lt\/en\/wp-json\/wp\/v2\/product\/14243\/revisions\/14952"}],"wp:featuredmedia":[{"embeddable":true,"href":"https:\/\/dev.monti.lt\/en\/wp-json\/wp\/v2\/media\/14244"}],"wp:attachment":[{"href":"https:\/\/dev.monti.lt\/en\/wp-json\/wp\/v2\/media?parent=14243"}],"wp:term":[{"taxonomy":"product_cat","embeddable":true,"href":"https:\/\/dev.monti.lt\/en\/wp-json\/wp\/v2\/product_cat?post=14243"},{"taxonomy":"product_tag","embeddable":true,"href":"https:\/\/dev.monti.lt\/en\/wp-json\/wp\/v2\/product_tag?post=14243"}],"curies":[{"name":"wp","href":"https:\/\/api.w.org\/{rel}","templated":true}]}}