{"id":13993,"date":"2023-02-14T12:14:45","date_gmt":"2023-02-14T12:14:45","guid":{"rendered":"https:\/\/dev.monti.lt\/?post_type=product&#038;p=13993"},"modified":"2024-10-09T14:36:54","modified_gmt":"2024-10-09T14:36:54","slug":"medine-piesimo-lenta","status":"publish","type":"product","link":"https:\/\/dev.monti.lt\/en\/product\/medine-piesimo-lenta\/","title":{"rendered":"Medin\u0117 pie\u0161imo lenta"},"content":{"rendered":"<h1 class=\"wp-block-heading\">DVIPUSE MEDINE LENTA<\/h1><ul class=\"wp-block-list\"><li><strong>1 LENTA = 6 FUNKCIJOS &#8211;&nbsp;<\/strong>dvipuse lenta turi net 6 skirtingus pritaikymus. Igalina vaik\u0105&nbsp;<strong>pie\u0161imas kreida juodojoje puseje<\/strong>&nbsp;masyvas ir&nbsp;<strong>tapyba \u017eymekliu ant baltos spalvos<\/strong>&nbsp;puseje.&nbsp;Balta lenta turi apsaugin\u0119 plevel\u0119 nuo subrai\u017eymo transportavimo metu, j\u0105 prie\u0161 naudojim\u0105 butina nuimti ir galima laisvai naudotis.&nbsp;Lentoje taip pat yra klasika&nbsp;<strong>abakasas su karoliukais<\/strong>&nbsp;, su kuriuo vaikas prades nuotykius skai\u010diuodamas. Tada gal&nbsp;<strong>i\u0161mokti pagrindiniu matematikos operaciju<\/strong>&nbsp;, tokiu kaip sudetis, atimtis ir daugyba.&nbsp;<strong>Vaikas taip pat tures susidoroti su laikrod\u017eiu<\/strong>&nbsp;, kuriame jis gales laisvai nustatyti laik\u0105 rodykliu pagalba; i\u0161moksta atpa\u017einti laik\u0105.&nbsp;<strong>Taip pat lentoje yra abecele<\/strong>&nbsp;, kuri leis vaikui perskaityti pirm\u0105sias raides, kurios veliau leis susidaryti pirmuosius \u017eod\u017eius.<\/li><li><strong>MEDINIS<\/strong>&nbsp;&#8211; daugiafunkcines edukacines lentos karkasas pagamintas vien tik i\u0161 med\u017eio &#8211; viskas tobula&nbsp;<strong>poliruotas ir saugus patiems ma\u017eiausiems<\/strong>&nbsp;. Lenta yra&nbsp;<strong>pasukamas ir gali buti naudojamas 2 budais. Jis gali buti nukreiptas i mus su juoda arba balta puse<\/strong>&nbsp;. Komplekte yra dideli var\u017etai, kurie leis patogiai sukti ir keisti padeti.<\/li><li><strong>PRAMOG IR MOKO<\/strong>&nbsp;&#8211; edukacine lenta&nbsp;lavina&nbsp;<strong>vaizduot\u0119 ir kurybi\u0161kum\u0105<\/strong>&nbsp;, taip pat lavina rankinius igud\u017eius ma\u017eiausiems. Linksmybes niekada nesibaigia. Lenta ne tik&nbsp;<strong>pramogauja, bet ir moko kantrybes, lavina koncentracij\u0105 ir lavina atminti, moko pirmuju raid\u017eiu ir skai\u010diu<\/strong>&nbsp;. Tai puiki dovanos ideja kiekvienam ma\u017eyliui!<\/li><li><strong>PRAKTINE LENTYNA<\/strong>&nbsp;&#8211; apa\u010dioje yra lentyna, kurioje galesite laikyti, pavyzd\u017eiui, kreid\u0105 ar kitus ma\u017eus vaiki\u0161kus \u017eaislus.<\/li><li><strong>SPECIFIKACIJA<\/strong>&nbsp;&#8211; am\u017eius: 3+; sertifikatai: CE, EN 71; statybine med\u017eiaga: mediena; matmenys (ilgis \/ plotis \/ auk\u0161tis): 32\/41 \/ 67cm; komplekto svoris: 1,2 kg; svoris su pakuote: 1,5 kg.<\/li><\/ul><p><strong>SPECIFIKACIJA<\/strong><\/p><ul class=\"wp-block-list\"><li>am\u017eius: 3+<\/li><li>sertifikatai: CE, EN 71<\/li><li>statybine med\u017eiaga: mediena<\/li><li>matmenys (ilgis \/ plotis \/ auk\u0161tis): 32\/41 \/ 67cm<\/li><li>komplekto svoris: 1,2 kg<\/li><li>svoris su pakuote: 1,5 kg<\/li><\/ul><p><strong>ISKAITANT<\/strong><\/p><ul class=\"wp-block-list\"><li>dvipuse lenta<\/li><li>\u017eymeklis su magnetu<\/li><li>kempine su magnetu<\/li><li>5 kreida&nbsp;<\/li><\/ul><p>Sensacingas rinkinys kiekvienam ma\u017eam vaikui. Mokomoji lenta yra&nbsp;<strong>puikiu pramogu garantija<\/strong>&nbsp;, nepaisant lyties. Berniukai j\u0105 myli, merginos myli \u2013 tevai taip pat megsta \u017eaisti su vaikais. Daugiafunkcine edukacine lenta&nbsp;<strong>lavina vaizduot\u0119 ir kurybi\u0161kum\u0105, taip pat lavina rankinius igud\u017eius<\/strong>&nbsp;jauniausiame. Linksmybes niekada nesibaigia.<\/p><p>Lenta&nbsp;<strong>ne tik pramogauja, bet ir moko kantrybes, lavina koncentracij\u0105 ir lavina atminti, moko pirmuju raid\u017eiu ir skai\u010diu.&nbsp;<\/strong>Tai puiki dovanos ideja kiekvienam ma\u017eyliui!<\/p><p><strong>Daugiafunkcines edukacines lentos karkasas pagamintas tik i\u0161 med\u017eio<\/strong>&nbsp;&#8211; Viskas puikiai i\u0161blizginta ir saugu patiems ma\u017eiausiems. Masyvas turi&nbsp;<strong>klasikinis abakas su karoliukais,<\/strong>&nbsp;su kuriuo vaikas prades savo nuotykius skai\u010diuodamas. Tada jis gali mokytis&nbsp;<strong>pagrindines matematikos operacijos, tokios kaip sudejimas, atimtis ir daugyba.<\/strong>&nbsp;Su kudikiu taip pat teks susitvarkyti&nbsp;<strong>laikrodis<\/strong>&nbsp;, kuriame jis gales laisvai nustatyti laik\u0105 rodykliu pagalba; i\u0161moksta atpa\u017einti laik\u0105.<\/p><p>Po juo yra&nbsp;<strong>prakti\u0161ka<\/strong>&nbsp;lentyna, kurioje galesite laikyti, pavyzd\u017eiui, kreid\u0105 ir kitus ma\u017eylio \u017eaislus.<\/p><p>Juodoji lentos puse skirta&nbsp;<strong>tapyba kreida<\/strong>&nbsp;. Visus tokius kreidos pie\u0161inius galima nesunkiai i\u0161trinti \u017eaidimui pasibaigus su komplekte esan\u010dia kempine. Balta lentos puse skirta&nbsp;<strong>da\u017eymas sauso i\u0161trynimo \u017eymekliu<\/strong>&nbsp;(kuri\u0105 \u017eaidimo pabaigoje taip pat galima i\u0161trinti kempine).<\/p><p>Rinkinyje esantis \u017eymeklis su kempinele turi magnet\u0105, kurio deka jie puikiai prilimpa prie lentos.<\/p>","protected":false},"excerpt":{"rendered":"<p>DVIPUSE MEDINE LENTA 1 LENTA = 6 FUNKCIJOS &#8211;&nbsp;dvipuse lenta turi net 6 skirtingus pritaikymus. Igalina vaik\u0105&nbsp;pie\u0161imas kreida juodojoje puseje&nbsp;masyvas ir&nbsp;tapyba \u017eymekliu ant baltos spalvos&nbsp;puseje.&nbsp;Balta lenta turi apsaugin\u0119 plevel\u0119 nuo subrai\u017eymo transportavimo metu, j\u0105 prie\u0161 naudojim\u0105 butina nuimti ir galima laisvai naudotis.&nbsp;Lentoje taip pat yra klasika&nbsp;abakasas su karoliukais&nbsp;, su kuriuo vaikas prades nuotykius skai\u010diuodamas. Tada [&hellip;]<\/p>","protected":false},"featured_media":13994,"template":"","meta":{"iawp_total_views":71},"product_cat":[84,102,89,49,39],"product_tag":[96,97,98,99],"class_list":{"0":"post-13993","1":"product","2":"type-product","3":"status-publish","4":"has-post-thumbnail","6":"product_cat-lavinamieji-zaislai","7":"product_cat-mediniai-zaislai","8":"product_cat-mokausi-piesti","9":"product_cat-visi-zaislai","10":"product_cat-zaislai","11":"product_tag-2-m-3-m","12":"product_tag-3-m-4-m","13":"product_tag-5-m-7-m","14":"product_tag-8-m-11-m","16":"first","17":"instock","18":"featured","19":"taxable","20":"shipping-taxable","21":"purchasable","22":"product-type-simple"},"yoast_head":"<!-- This site is optimized with the Yoast SEO plugin v23.3 - https:\/\/yoast.com\/wordpress\/plugins\/seo\/ -->\n<title>Medin\u0117 pie\u0161imo lenta - Montessori \u017eaislai<\/title>\n<meta name=\"robots\" content=\"noindex, follow, max-snippet:-1, max-image-preview:large, max-video-preview:-1\" \/>\n<meta property=\"og:locale\" content=\"en_US\" \/>\n<meta property=\"og:type\" content=\"article\" \/>\n<meta property=\"og:title\" content=\"Medin\u0117 pie\u0161imo lenta - Montessori \u017eaislai\" \/>\n<meta property=\"og:description\" content=\"DVIPUSE MEDINE LENTA 1 LENTA = 6 FUNKCIJOS &#8211;&nbsp;dvipuse lenta turi net 6 skirtingus pritaikymus. Igalina vaik\u0105&nbsp;pie\u0161imas kreida juodojoje puseje&nbsp;masyvas ir&nbsp;tapyba \u017eymekliu ant baltos spalvos&nbsp;puseje.&nbsp;Balta lenta turi apsaugin\u0119 plevel\u0119 nuo subrai\u017eymo transportavimo metu, j\u0105 prie\u0161 naudojim\u0105 butina nuimti ir galima laisvai naudotis.&nbsp;Lentoje taip pat yra klasika&nbsp;abakasas su karoliukais&nbsp;, su kuriuo vaikas prades nuotykius skai\u010diuodamas. Tada [&hellip;]\" \/>\n<meta property=\"og:url\" content=\"https:\/\/dev.monti.lt\/en\/product\/medine-piesimo-lenta\/\" \/>\n<meta property=\"og:site_name\" content=\"Montessori \u017eaislai\" \/>\n<meta property=\"article:modified_time\" content=\"2024-10-09T14:36:54+00:00\" \/>\n<meta property=\"og:image\" content=\"https:\/\/dev.monti.lt\/wp-content\/uploads\/2023\/02\/lit_pl_Dvipuse-medine-lenta-Kruzzel-9449-14010_21.jpg\" \/>\n\t<meta property=\"og:image:width\" content=\"493\" \/>\n\t<meta property=\"og:image:height\" content=\"500\" \/>\n\t<meta property=\"og:image:type\" content=\"image\/jpeg\" \/>\n<meta name=\"twitter:card\" content=\"summary_large_image\" \/>\n<meta name=\"twitter:label1\" content=\"Est. reading time\" \/>\n\t<meta name=\"twitter:data1\" content=\"3 minutes\" \/>\n<script type=\"application\/ld+json\" class=\"yoast-schema-graph\">{\"@context\":\"https:\/\/schema.org\",\"@graph\":[{\"@type\":\"WebPage\",\"@id\":\"https:\/\/dev.monti.lt\/product\/medine-piesimo-lenta\/\",\"url\":\"https:\/\/dev.monti.lt\/product\/medine-piesimo-lenta\/\",\"name\":\"Medin\u0117 pie\u0161imo lenta - Montessori \u017eaislai\",\"isPartOf\":{\"@id\":\"https:\/\/dev.monti.lt\/#website\"},\"primaryImageOfPage\":{\"@id\":\"https:\/\/dev.monti.lt\/product\/medine-piesimo-lenta\/#primaryimage\"},\"image\":{\"@id\":\"https:\/\/dev.monti.lt\/product\/medine-piesimo-lenta\/#primaryimage\"},\"thumbnailUrl\":\"https:\/\/dev.monti.lt\/wp-content\/uploads\/2023\/02\/lit_pl_Dvipuse-medine-lenta-Kruzzel-9449-14010_21.jpg\",\"datePublished\":\"2023-02-14T12:14:45+00:00\",\"dateModified\":\"2024-10-09T14:36:54+00:00\",\"breadcrumb\":{\"@id\":\"https:\/\/dev.monti.lt\/product\/medine-piesimo-lenta\/#breadcrumb\"},\"inLanguage\":\"en-US\",\"potentialAction\":[{\"@type\":\"ReadAction\",\"target\":[\"https:\/\/dev.monti.lt\/product\/medine-piesimo-lenta\/\"]}]},{\"@type\":\"ImageObject\",\"inLanguage\":\"en-US\",\"@id\":\"https:\/\/dev.monti.lt\/product\/medine-piesimo-lenta\/#primaryimage\",\"url\":\"https:\/\/dev.monti.lt\/wp-content\/uploads\/2023\/02\/lit_pl_Dvipuse-medine-lenta-Kruzzel-9449-14010_21.jpg\",\"contentUrl\":\"https:\/\/dev.monti.lt\/wp-content\/uploads\/2023\/02\/lit_pl_Dvipuse-medine-lenta-Kruzzel-9449-14010_21.jpg\",\"width\":493,\"height\":500},{\"@type\":\"BreadcrumbList\",\"@id\":\"https:\/\/dev.monti.lt\/product\/medine-piesimo-lenta\/#breadcrumb\",\"itemListElement\":[{\"@type\":\"ListItem\",\"position\":1,\"name\":\"Home\",\"item\":\"https:\/\/dev.monti.lt\/\"},{\"@type\":\"ListItem\",\"position\":2,\"name\":\"Parduotuv\u0117\",\"item\":\"https:\/\/dev.monti.lt\/shop\/\"},{\"@type\":\"ListItem\",\"position\":3,\"name\":\"Medin\u0117 pie\u0161imo lenta\"}]},{\"@type\":\"WebSite\",\"@id\":\"https:\/\/dev.monti.lt\/#website\",\"url\":\"https:\/\/dev.monti.lt\/\",\"name\":\"Montessori \u017eaislai\",\"description\":\"\",\"publisher\":{\"@id\":\"https:\/\/dev.monti.lt\/#organization\"},\"potentialAction\":[{\"@type\":\"SearchAction\",\"target\":{\"@type\":\"EntryPoint\",\"urlTemplate\":\"https:\/\/dev.monti.lt\/?s={search_term_string}\"},\"query-input\":\"required name=search_term_string\"}],\"inLanguage\":\"en-US\"},{\"@type\":\"Organization\",\"@id\":\"https:\/\/dev.monti.lt\/#organization\",\"name\":\"Montessori \u017eaislai\",\"url\":\"https:\/\/dev.monti.lt\/\",\"logo\":{\"@type\":\"ImageObject\",\"inLanguage\":\"en-US\",\"@id\":\"https:\/\/dev.monti.lt\/#\/schema\/logo\/image\/\",\"url\":\"https:\/\/dev.monti.lt\/wp-content\/uploads\/2022\/03\/montilogo-1.png\",\"contentUrl\":\"https:\/\/dev.monti.lt\/wp-content\/uploads\/2022\/03\/montilogo-1.png\",\"width\":512,\"height\":512,\"caption\":\"Montessori \u017eaislai\"},\"image\":{\"@id\":\"https:\/\/dev.monti.lt\/#\/schema\/logo\/image\/\"}}]}<\/script>\n<!-- \/ Yoast SEO plugin. -->","yoast_head_json":{"title":"Medin\u0117 pie\u0161imo lenta - Montessori \u017eaislai","robots":{"index":"noindex","follow":"follow","max-snippet":"max-snippet:-1","max-image-preview":"max-image-preview:large","max-video-preview":"max-video-preview:-1"},"og_locale":"en_US","og_type":"article","og_title":"Medin\u0117 pie\u0161imo lenta - Montessori \u017eaislai","og_description":"DVIPUSE MEDINE LENTA 1 LENTA = 6 FUNKCIJOS &#8211;&nbsp;dvipuse lenta turi net 6 skirtingus pritaikymus. Igalina vaik\u0105&nbsp;pie\u0161imas kreida juodojoje puseje&nbsp;masyvas ir&nbsp;tapyba \u017eymekliu ant baltos spalvos&nbsp;puseje.&nbsp;Balta lenta turi apsaugin\u0119 plevel\u0119 nuo subrai\u017eymo transportavimo metu, j\u0105 prie\u0161 naudojim\u0105 butina nuimti ir galima laisvai naudotis.&nbsp;Lentoje taip pat yra klasika&nbsp;abakasas su karoliukais&nbsp;, su kuriuo vaikas prades nuotykius skai\u010diuodamas. Tada [&hellip;]","og_url":"https:\/\/dev.monti.lt\/en\/product\/medine-piesimo-lenta\/","og_site_name":"Montessori \u017eaislai","article_modified_time":"2024-10-09T14:36:54+00:00","og_image":[{"width":493,"height":500,"url":"https:\/\/dev.monti.lt\/wp-content\/uploads\/2023\/02\/lit_pl_Dvipuse-medine-lenta-Kruzzel-9449-14010_21.jpg","type":"image\/jpeg"}],"twitter_card":"summary_large_image","twitter_misc":{"Est. reading time":"3 minutes"},"schema":{"@context":"https:\/\/schema.org","@graph":[{"@type":"WebPage","@id":"https:\/\/dev.monti.lt\/product\/medine-piesimo-lenta\/","url":"https:\/\/dev.monti.lt\/product\/medine-piesimo-lenta\/","name":"Medin\u0117 pie\u0161imo lenta - Montessori \u017eaislai","isPartOf":{"@id":"https:\/\/dev.monti.lt\/#website"},"primaryImageOfPage":{"@id":"https:\/\/dev.monti.lt\/product\/medine-piesimo-lenta\/#primaryimage"},"image":{"@id":"https:\/\/dev.monti.lt\/product\/medine-piesimo-lenta\/#primaryimage"},"thumbnailUrl":"https:\/\/dev.monti.lt\/wp-content\/uploads\/2023\/02\/lit_pl_Dvipuse-medine-lenta-Kruzzel-9449-14010_21.jpg","datePublished":"2023-02-14T12:14:45+00:00","dateModified":"2024-10-09T14:36:54+00:00","breadcrumb":{"@id":"https:\/\/dev.monti.lt\/product\/medine-piesimo-lenta\/#breadcrumb"},"inLanguage":"en-US","potentialAction":[{"@type":"ReadAction","target":["https:\/\/dev.monti.lt\/product\/medine-piesimo-lenta\/"]}]},{"@type":"ImageObject","inLanguage":"en-US","@id":"https:\/\/dev.monti.lt\/product\/medine-piesimo-lenta\/#primaryimage","url":"https:\/\/dev.monti.lt\/wp-content\/uploads\/2023\/02\/lit_pl_Dvipuse-medine-lenta-Kruzzel-9449-14010_21.jpg","contentUrl":"https:\/\/dev.monti.lt\/wp-content\/uploads\/2023\/02\/lit_pl_Dvipuse-medine-lenta-Kruzzel-9449-14010_21.jpg","width":493,"height":500},{"@type":"BreadcrumbList","@id":"https:\/\/dev.monti.lt\/product\/medine-piesimo-lenta\/#breadcrumb","itemListElement":[{"@type":"ListItem","position":1,"name":"Home","item":"https:\/\/dev.monti.lt\/"},{"@type":"ListItem","position":2,"name":"Parduotuv\u0117","item":"https:\/\/dev.monti.lt\/shop\/"},{"@type":"ListItem","position":3,"name":"Medin\u0117 pie\u0161imo lenta"}]},{"@type":"WebSite","@id":"https:\/\/dev.monti.lt\/#website","url":"https:\/\/dev.monti.lt\/","name":"Montessori \u017eaislai","description":"","publisher":{"@id":"https:\/\/dev.monti.lt\/#organization"},"potentialAction":[{"@type":"SearchAction","target":{"@type":"EntryPoint","urlTemplate":"https:\/\/dev.monti.lt\/?s={search_term_string}"},"query-input":"required name=search_term_string"}],"inLanguage":"en-US"},{"@type":"Organization","@id":"https:\/\/dev.monti.lt\/#organization","name":"Montessori \u017eaislai","url":"https:\/\/dev.monti.lt\/","logo":{"@type":"ImageObject","inLanguage":"en-US","@id":"https:\/\/dev.monti.lt\/#\/schema\/logo\/image\/","url":"https:\/\/dev.monti.lt\/wp-content\/uploads\/2022\/03\/montilogo-1.png","contentUrl":"https:\/\/dev.monti.lt\/wp-content\/uploads\/2022\/03\/montilogo-1.png","width":512,"height":512,"caption":"Montessori \u017eaislai"},"image":{"@id":"https:\/\/dev.monti.lt\/#\/schema\/logo\/image\/"}}]}},"_links":{"self":[{"href":"https:\/\/dev.monti.lt\/en\/wp-json\/wp\/v2\/product\/13993"}],"collection":[{"href":"https:\/\/dev.monti.lt\/en\/wp-json\/wp\/v2\/product"}],"about":[{"href":"https:\/\/dev.monti.lt\/en\/wp-json\/wp\/v2\/types\/product"}],"version-history":[{"count":1,"href":"https:\/\/dev.monti.lt\/en\/wp-json\/wp\/v2\/product\/13993\/revisions"}],"predecessor-version":[{"id":13995,"href":"https:\/\/dev.monti.lt\/en\/wp-json\/wp\/v2\/product\/13993\/revisions\/13995"}],"wp:featuredmedia":[{"embeddable":true,"href":"https:\/\/dev.monti.lt\/en\/wp-json\/wp\/v2\/media\/13994"}],"wp:attachment":[{"href":"https:\/\/dev.monti.lt\/en\/wp-json\/wp\/v2\/media?parent=13993"}],"wp:term":[{"taxonomy":"product_cat","embeddable":true,"href":"https:\/\/dev.monti.lt\/en\/wp-json\/wp\/v2\/product_cat?post=13993"},{"taxonomy":"product_tag","embeddable":true,"href":"https:\/\/dev.monti.lt\/en\/wp-json\/wp\/v2\/product_tag?post=13993"}],"curies":[{"name":"wp","href":"https:\/\/api.w.org\/{rel}","templated":true}]}}