{"id":13838,"date":"2023-02-06T14:18:14","date_gmt":"2023-02-06T14:18:14","guid":{"rendered":"https:\/\/dev.monti.lt\/?post_type=product&#038;p=13838"},"modified":"2024-10-08T06:34:17","modified_gmt":"2024-10-08T06:34:17","slug":"medinis-stumdukas-viga","status":"publish","type":"product","link":"https:\/\/dev.monti.lt\/en\/product\/medinis-stumdukas-viga\/","title":{"rendered":"Medinis stumdukas &#8220;Viga&#8221;"},"content":{"rendered":"<p><strong>Mokomasis st\u016bmikas vaikams, sukurtas gerbiamo \u017eaisl\u0173 vaikams nuo 18 m\u0117nesi\u0173 gamintojo &#8211; Viga Toys.&nbsp;<\/strong>Funkcinis \u017eaislas ma\u017eiausiems tarnauja kaip vaik\u0161tyn\u0117 ir lavinantis skydelis, kurio d\u0117ka vaikas mokosi derinti formas ir spalvas.&nbsp;Besisukantys elementai krumpliara\u010di\u0173 pavidalu, takeliai su gyv\u016bnais skydelyje ir jo \u0161onuose sudomins k\u016bdik\u012f ir padarys linksmybes patrauklesnes.&nbsp;<br>Saugum\u0105 ir stabilum\u0105 u\u017etikrina pla\u010diai i\u0161d\u0117styti ratai, padengti neslid\u017eia guma (nebrai\u017eo grind\u0173) ir medine rankena.&nbsp;<br><br><strong>Priekiniame skydelyje yra:<\/strong><br><\/p><ul class=\"wp-block-list\"><li>&nbsp; &nbsp;laikrodis su besisukan\u010diomis rodykl\u0117mis,<\/li><li>&nbsp; &nbsp;variklio kilpa su spalvingais karoliukais,<\/li><li>&nbsp; &nbsp;cilindras,<\/li><li>&nbsp; &nbsp;ma\u017eas e\u017eiukas vaik\u0161to takeliu,<\/li><li>&nbsp; &nbsp;dantyti ratai<\/li><\/ul><p><br>Visas daiktas pagamintas i\u0161 lakuoto med\u017eio, nuda\u017eytas vaikams saugiais da\u017eais \u0161velniomis spalvomis, kurios patenkins kiekvien\u0105 vartotoj\u0105 ir suteiks daug malonumo.&nbsp;<br><br><strong>Viga \u017eaislai<\/strong>yra prek\u0117s \u017eenklas, \u012fregistruotas 2003 m., ta\u010diau jau veikia daugiau nei 60 \u0161ali\u0173 visame pasaulyje.&nbsp;J\u0173 novatori\u0161kos id\u0117jos peln\u0117 pripa\u017einim\u0105 min.&nbsp;Europoje, JAV, tolimojoje Australijoje ir Japonijoje.\u012emon\u0117s \u012fk\u016br\u0117jai atkreip\u0117 d\u0117mes\u012f \u012f tyrim\u0173 rezultatus, parodan\u010dius \u017eaidimo ir mokymosi ry\u0161\u012f ankstyvaisiais vaik\u0173 raidos metais.&nbsp;Siekdamas pad\u0117ti t\u0117vams ir ugdymo \u012fstaigoms aukl\u0117jant vaikus bei i\u0161gelb\u0117ti juos nuo virtualaus pasaulio, galin\u010dio labai i\u0161kreipti tikrov\u0119, gamintojas si\u016blo inovatyv\u0173 asortiment\u0105 i\u0161 nat\u016brali\u0173 med\u017eiag\u0173, gaut\u0173 ekologi\u0161k\u0173 gamybos proces\u0173 metu.Med\u017eio gamini\u0173 sauga ir kokyb\u0117 yra \u201eViga\u201c prioritetu, gamintojas pasir\u016bpino, kad \u017eaislams da\u017eyti naudojami da\u017eai atitikt\u0173 EN71 ir ASTM saugos standartus.<\/p>","protected":false},"excerpt":{"rendered":"<p>Mokomasis st\u016bmikas vaikams, sukurtas gerbiamo \u017eaisl\u0173 vaikams nuo 18 m\u0117nesi\u0173 gamintojo &#8211; Viga Toys.&nbsp;Funkcinis \u017eaislas ma\u017eiausiems tarnauja kaip vaik\u0161tyn\u0117 ir lavinantis skydelis, kurio d\u0117ka vaikas mokosi derinti formas ir spalvas.&nbsp;Besisukantys elementai krumpliara\u010di\u0173 pavidalu, takeliai su gyv\u016bnais skydelyje ir jo \u0161onuose sudomins k\u016bdik\u012f ir padarys linksmybes patrauklesnes.&nbsp;Saugum\u0105 ir stabilum\u0105 u\u017etikrina pla\u010diai i\u0161d\u0117styti ratai, padengti neslid\u017eia guma [&hellip;]<\/p>","protected":false},"featured_media":13840,"template":"","meta":{"iawp_total_views":230},"product_cat":[213,92,193,197,200,196,191,82,192,84,91,102,83,90,86,50,49,39],"product_tag":[95,97,94],"class_list":{"0":"post-13838","1":"product","2":"type-product","3":"status-publish","4":"has-post-thumbnail","6":"product_cat-akcija","7":"product_cat-deliones","8":"product_cat-dovanos-vaikams-1-2-metu","9":"product_cat-dovanos-berniukams","10":"product_cat-dovanos-kudikiams","11":"product_cat-dovanos-mergaitems","12":"product_cat-dovanos-vaikams","13":"product_cat-ispardavimas","14":"product_cat-kaledines-dovanos-vaikams","15":"product_cat-lavinamieji-zaislai","16":"product_cat-loginiam-mastymui","17":"product_cat-mediniai-zaislai","18":"product_cat-montessori-zaislai","19":"product_cat-pasaulio-pazinimas","20":"product_cat-smulkioji-motorika","21":"product_cat-top-dovanos","22":"product_cat-visi-zaislai","23":"product_cat-zaislai","24":"product_tag-1-m-2-m","25":"product_tag-3-m-4-m","26":"product_tag-iki-1-m","28":"first","29":"outofstock","30":"sale","31":"taxable","32":"shipping-taxable","33":"purchasable","34":"product-type-simple"},"yoast_head":"<!-- This site is optimized with the Yoast SEO plugin v23.3 - https:\/\/yoast.com\/wordpress\/plugins\/seo\/ -->\n<title>Medinis stumdukas &quot;Viga&quot; - Montessori \u017eaislai<\/title>\n<meta name=\"robots\" content=\"noindex, follow, max-snippet:-1, max-image-preview:large, max-video-preview:-1\" \/>\n<meta property=\"og:locale\" content=\"en_US\" \/>\n<meta property=\"og:type\" content=\"article\" \/>\n<meta property=\"og:title\" content=\"Medinis stumdukas &quot;Viga&quot; - Montessori \u017eaislai\" \/>\n<meta property=\"og:description\" content=\"Mokomasis st\u016bmikas vaikams, sukurtas gerbiamo \u017eaisl\u0173 vaikams nuo 18 m\u0117nesi\u0173 gamintojo &#8211; Viga Toys.&nbsp;Funkcinis \u017eaislas ma\u017eiausiems tarnauja kaip vaik\u0161tyn\u0117 ir lavinantis skydelis, kurio d\u0117ka vaikas mokosi derinti formas ir spalvas.&nbsp;Besisukantys elementai krumpliara\u010di\u0173 pavidalu, takeliai su gyv\u016bnais skydelyje ir jo \u0161onuose sudomins k\u016bdik\u012f ir padarys linksmybes patrauklesnes.&nbsp;Saugum\u0105 ir stabilum\u0105 u\u017etikrina pla\u010diai i\u0161d\u0117styti ratai, padengti neslid\u017eia guma [&hellip;]\" \/>\n<meta property=\"og:url\" content=\"https:\/\/dev.monti.lt\/en\/product\/medinis-stumdukas-viga\/\" \/>\n<meta property=\"og:site_name\" content=\"Montessori \u017eaislai\" \/>\n<meta property=\"article:modified_time\" content=\"2024-10-08T06:34:17+00:00\" \/>\n<meta property=\"og:image\" content=\"https:\/\/dev.monti.lt\/wp-content\/uploads\/2023\/02\/drewniany-pchacz-edukacyjny-dla-dzieci-viga-toys-4.jpg\" \/>\n\t<meta property=\"og:image:width\" content=\"800\" \/>\n\t<meta property=\"og:image:height\" content=\"800\" \/>\n\t<meta property=\"og:image:type\" content=\"image\/jpeg\" \/>\n<meta name=\"twitter:card\" content=\"summary_large_image\" \/>\n<meta name=\"twitter:label1\" content=\"Est. reading time\" \/>\n\t<meta name=\"twitter:data1\" content=\"1 minute\" \/>\n<script type=\"application\/ld+json\" class=\"yoast-schema-graph\">{\"@context\":\"https:\/\/schema.org\",\"@graph\":[{\"@type\":\"WebPage\",\"@id\":\"https:\/\/dev.monti.lt\/product\/medinis-stumdukas-viga\/\",\"url\":\"https:\/\/dev.monti.lt\/product\/medinis-stumdukas-viga\/\",\"name\":\"Medinis stumdukas \\\"Viga\\\" - Montessori \u017eaislai\",\"isPartOf\":{\"@id\":\"https:\/\/dev.monti.lt\/#website\"},\"primaryImageOfPage\":{\"@id\":\"https:\/\/dev.monti.lt\/product\/medinis-stumdukas-viga\/#primaryimage\"},\"image\":{\"@id\":\"https:\/\/dev.monti.lt\/product\/medinis-stumdukas-viga\/#primaryimage\"},\"thumbnailUrl\":\"https:\/\/dev.monti.lt\/wp-content\/uploads\/2023\/02\/drewniany-pchacz-edukacyjny-dla-dzieci-viga-toys-4.jpg\",\"datePublished\":\"2023-02-06T14:18:14+00:00\",\"dateModified\":\"2024-10-08T06:34:17+00:00\",\"breadcrumb\":{\"@id\":\"https:\/\/dev.monti.lt\/product\/medinis-stumdukas-viga\/#breadcrumb\"},\"inLanguage\":\"en-US\",\"potentialAction\":[{\"@type\":\"ReadAction\",\"target\":[\"https:\/\/dev.monti.lt\/product\/medinis-stumdukas-viga\/\"]}]},{\"@type\":\"ImageObject\",\"inLanguage\":\"en-US\",\"@id\":\"https:\/\/dev.monti.lt\/product\/medinis-stumdukas-viga\/#primaryimage\",\"url\":\"https:\/\/dev.monti.lt\/wp-content\/uploads\/2023\/02\/drewniany-pchacz-edukacyjny-dla-dzieci-viga-toys-4.jpg\",\"contentUrl\":\"https:\/\/dev.monti.lt\/wp-content\/uploads\/2023\/02\/drewniany-pchacz-edukacyjny-dla-dzieci-viga-toys-4.jpg\",\"width\":800,\"height\":800,\"caption\":\"medinis stumdukas\"},{\"@type\":\"BreadcrumbList\",\"@id\":\"https:\/\/dev.monti.lt\/product\/medinis-stumdukas-viga\/#breadcrumb\",\"itemListElement\":[{\"@type\":\"ListItem\",\"position\":1,\"name\":\"Home\",\"item\":\"https:\/\/dev.monti.lt\/\"},{\"@type\":\"ListItem\",\"position\":2,\"name\":\"Parduotuv\u0117\",\"item\":\"https:\/\/dev.monti.lt\/shop\/\"},{\"@type\":\"ListItem\",\"position\":3,\"name\":\"Medinis stumdukas &#8220;Viga&#8221;\"}]},{\"@type\":\"WebSite\",\"@id\":\"https:\/\/dev.monti.lt\/#website\",\"url\":\"https:\/\/dev.monti.lt\/\",\"name\":\"Montessori \u017eaislai\",\"description\":\"\",\"publisher\":{\"@id\":\"https:\/\/dev.monti.lt\/#organization\"},\"potentialAction\":[{\"@type\":\"SearchAction\",\"target\":{\"@type\":\"EntryPoint\",\"urlTemplate\":\"https:\/\/dev.monti.lt\/?s={search_term_string}\"},\"query-input\":\"required name=search_term_string\"}],\"inLanguage\":\"en-US\"},{\"@type\":\"Organization\",\"@id\":\"https:\/\/dev.monti.lt\/#organization\",\"name\":\"Montessori \u017eaislai\",\"url\":\"https:\/\/dev.monti.lt\/\",\"logo\":{\"@type\":\"ImageObject\",\"inLanguage\":\"en-US\",\"@id\":\"https:\/\/dev.monti.lt\/#\/schema\/logo\/image\/\",\"url\":\"https:\/\/dev.monti.lt\/wp-content\/uploads\/2022\/03\/montilogo-1.png\",\"contentUrl\":\"https:\/\/dev.monti.lt\/wp-content\/uploads\/2022\/03\/montilogo-1.png\",\"width\":512,\"height\":512,\"caption\":\"Montessori \u017eaislai\"},\"image\":{\"@id\":\"https:\/\/dev.monti.lt\/#\/schema\/logo\/image\/\"}}]}<\/script>\n<!-- \/ Yoast SEO plugin. -->","yoast_head_json":{"title":"Medinis stumdukas \"Viga\" - Montessori \u017eaislai","robots":{"index":"noindex","follow":"follow","max-snippet":"max-snippet:-1","max-image-preview":"max-image-preview:large","max-video-preview":"max-video-preview:-1"},"og_locale":"en_US","og_type":"article","og_title":"Medinis stumdukas \"Viga\" - Montessori \u017eaislai","og_description":"Mokomasis st\u016bmikas vaikams, sukurtas gerbiamo \u017eaisl\u0173 vaikams nuo 18 m\u0117nesi\u0173 gamintojo &#8211; Viga Toys.&nbsp;Funkcinis \u017eaislas ma\u017eiausiems tarnauja kaip vaik\u0161tyn\u0117 ir lavinantis skydelis, kurio d\u0117ka vaikas mokosi derinti formas ir spalvas.&nbsp;Besisukantys elementai krumpliara\u010di\u0173 pavidalu, takeliai su gyv\u016bnais skydelyje ir jo \u0161onuose sudomins k\u016bdik\u012f ir padarys linksmybes patrauklesnes.&nbsp;Saugum\u0105 ir stabilum\u0105 u\u017etikrina pla\u010diai i\u0161d\u0117styti ratai, padengti neslid\u017eia guma [&hellip;]","og_url":"https:\/\/dev.monti.lt\/en\/product\/medinis-stumdukas-viga\/","og_site_name":"Montessori \u017eaislai","article_modified_time":"2024-10-08T06:34:17+00:00","og_image":[{"width":800,"height":800,"url":"https:\/\/dev.monti.lt\/wp-content\/uploads\/2023\/02\/drewniany-pchacz-edukacyjny-dla-dzieci-viga-toys-4.jpg","type":"image\/jpeg"}],"twitter_card":"summary_large_image","twitter_misc":{"Est. reading time":"1 minute"},"schema":{"@context":"https:\/\/schema.org","@graph":[{"@type":"WebPage","@id":"https:\/\/dev.monti.lt\/product\/medinis-stumdukas-viga\/","url":"https:\/\/dev.monti.lt\/product\/medinis-stumdukas-viga\/","name":"Medinis stumdukas \"Viga\" - Montessori \u017eaislai","isPartOf":{"@id":"https:\/\/dev.monti.lt\/#website"},"primaryImageOfPage":{"@id":"https:\/\/dev.monti.lt\/product\/medinis-stumdukas-viga\/#primaryimage"},"image":{"@id":"https:\/\/dev.monti.lt\/product\/medinis-stumdukas-viga\/#primaryimage"},"thumbnailUrl":"https:\/\/dev.monti.lt\/wp-content\/uploads\/2023\/02\/drewniany-pchacz-edukacyjny-dla-dzieci-viga-toys-4.jpg","datePublished":"2023-02-06T14:18:14+00:00","dateModified":"2024-10-08T06:34:17+00:00","breadcrumb":{"@id":"https:\/\/dev.monti.lt\/product\/medinis-stumdukas-viga\/#breadcrumb"},"inLanguage":"en-US","potentialAction":[{"@type":"ReadAction","target":["https:\/\/dev.monti.lt\/product\/medinis-stumdukas-viga\/"]}]},{"@type":"ImageObject","inLanguage":"en-US","@id":"https:\/\/dev.monti.lt\/product\/medinis-stumdukas-viga\/#primaryimage","url":"https:\/\/dev.monti.lt\/wp-content\/uploads\/2023\/02\/drewniany-pchacz-edukacyjny-dla-dzieci-viga-toys-4.jpg","contentUrl":"https:\/\/dev.monti.lt\/wp-content\/uploads\/2023\/02\/drewniany-pchacz-edukacyjny-dla-dzieci-viga-toys-4.jpg","width":800,"height":800,"caption":"medinis stumdukas"},{"@type":"BreadcrumbList","@id":"https:\/\/dev.monti.lt\/product\/medinis-stumdukas-viga\/#breadcrumb","itemListElement":[{"@type":"ListItem","position":1,"name":"Home","item":"https:\/\/dev.monti.lt\/"},{"@type":"ListItem","position":2,"name":"Parduotuv\u0117","item":"https:\/\/dev.monti.lt\/shop\/"},{"@type":"ListItem","position":3,"name":"Medinis stumdukas &#8220;Viga&#8221;"}]},{"@type":"WebSite","@id":"https:\/\/dev.monti.lt\/#website","url":"https:\/\/dev.monti.lt\/","name":"Montessori \u017eaislai","description":"","publisher":{"@id":"https:\/\/dev.monti.lt\/#organization"},"potentialAction":[{"@type":"SearchAction","target":{"@type":"EntryPoint","urlTemplate":"https:\/\/dev.monti.lt\/?s={search_term_string}"},"query-input":"required name=search_term_string"}],"inLanguage":"en-US"},{"@type":"Organization","@id":"https:\/\/dev.monti.lt\/#organization","name":"Montessori \u017eaislai","url":"https:\/\/dev.monti.lt\/","logo":{"@type":"ImageObject","inLanguage":"en-US","@id":"https:\/\/dev.monti.lt\/#\/schema\/logo\/image\/","url":"https:\/\/dev.monti.lt\/wp-content\/uploads\/2022\/03\/montilogo-1.png","contentUrl":"https:\/\/dev.monti.lt\/wp-content\/uploads\/2022\/03\/montilogo-1.png","width":512,"height":512,"caption":"Montessori \u017eaislai"},"image":{"@id":"https:\/\/dev.monti.lt\/#\/schema\/logo\/image\/"}}]}},"_links":{"self":[{"href":"https:\/\/dev.monti.lt\/en\/wp-json\/wp\/v2\/product\/13838"}],"collection":[{"href":"https:\/\/dev.monti.lt\/en\/wp-json\/wp\/v2\/product"}],"about":[{"href":"https:\/\/dev.monti.lt\/en\/wp-json\/wp\/v2\/types\/product"}],"version-history":[{"count":1,"href":"https:\/\/dev.monti.lt\/en\/wp-json\/wp\/v2\/product\/13838\/revisions"}],"predecessor-version":[{"id":13844,"href":"https:\/\/dev.monti.lt\/en\/wp-json\/wp\/v2\/product\/13838\/revisions\/13844"}],"wp:featuredmedia":[{"embeddable":true,"href":"https:\/\/dev.monti.lt\/en\/wp-json\/wp\/v2\/media\/13840"}],"wp:attachment":[{"href":"https:\/\/dev.monti.lt\/en\/wp-json\/wp\/v2\/media?parent=13838"}],"wp:term":[{"taxonomy":"product_cat","embeddable":true,"href":"https:\/\/dev.monti.lt\/en\/wp-json\/wp\/v2\/product_cat?post=13838"},{"taxonomy":"product_tag","embeddable":true,"href":"https:\/\/dev.monti.lt\/en\/wp-json\/wp\/v2\/product_tag?post=13838"}],"curies":[{"name":"wp","href":"https:\/\/api.w.org\/{rel}","templated":true}]}}