{"id":13828,"date":"2023-02-06T14:11:00","date_gmt":"2023-02-06T14:11:00","guid":{"rendered":"https:\/\/dev.monti.lt\/?post_type=product&#038;p=13828"},"modified":"2024-03-06T14:28:40","modified_gmt":"2024-03-06T14:28:40","slug":"kurybinis-zaidimas","status":"publish","type":"product","link":"https:\/\/dev.monti.lt\/en\/product\/kurybinis-zaidimas\/","title":{"rendered":"K\u016brybinis \u017eaidimas"},"content":{"rendered":"<p>Pa\u017eadinkite savo vaiko vaizduot\u0119 magi\u0161komis&nbsp;WOOPIE&nbsp;<strong>prek\u0117s \u017eenklo&nbsp;nutrinamomis kortel\u0117mis<\/strong>&nbsp;i\u0161&nbsp;<strong>ART&amp;FUN<\/strong>&nbsp;serijos !&nbsp;Naudodamas medin\u012f&nbsp;<strong>ra\u0161ikl\u012f<\/strong>&nbsp;, vaikas gali&nbsp;<strong>subrai\u017eyti<\/strong> naujas formas \/ ra\u0161tus, pasl\u0117ptus ant lentos ir tada steb\u0117ti, kaip spalvos sukuria ne\u012fprast\u0105, vientis\u0105 paveiksl\u0105 gyv\u016bn\u0173&nbsp;<strong>tema<\/strong>&nbsp;!&nbsp;Rinkin\u012f sudaro&nbsp;<strong>7 elementai,<\/strong>&nbsp;\u012fskaitant 6 nubraukiamas lentas ir ra\u0161ikl\u012f.&nbsp;Lentose yra&nbsp;<strong>kat\u0117s<\/strong>&nbsp;,&nbsp;<strong>\u0161uns<\/strong>&nbsp;,&nbsp;<strong>sraig\u0117s<\/strong>&nbsp;,&nbsp;<strong>triu\u0161io,&nbsp;\u017euvies<\/strong>&nbsp;ir&nbsp;<strong>pap\u016bgos<\/strong>&nbsp;nuotraukos .&nbsp;Rinkin\u012f&nbsp;galite&nbsp;<strong>pasiimti&nbsp;bet kur<\/strong>&nbsp;d\u0117l patogios pakuot\u0117s su u\u017esegimu.&nbsp;\u017daislas lavina vaiko&nbsp;<strong>motorik\u0105<\/strong>&nbsp;, \u017eadina&nbsp;<strong>k\u016brybi\u0161kum\u0105<\/strong>&nbsp;ir&nbsp;<strong>vaizduot\u0119<\/strong>&nbsp;!<\/p><p><strong>Charakteristika:<\/strong><\/p><ul class=\"wp-block-list\"><li>&#8211; \u017eaislas&nbsp;<strong>nuo 3 met\u0173 am\u017eiaus<\/strong><\/li>\n\n<li>&#8211; rinkin\u012f sudaro&nbsp;<strong>7 elementai<\/strong>&nbsp;: 6 lentos, kurias reikia nubraukti, ir ra\u0161iklis<\/li>\n\n<li>&#8211; smagumas&nbsp;<strong>susideda&nbsp;<\/strong><strong>i\u0161 kortel\u0117s element\u0173&nbsp;<\/strong><strong>brai\u017eymo<\/strong>&nbsp;ra\u0161ikliu<\/li>\n\n<li>&#8211; rinkin\u012f galima&nbsp;<strong>pasiimti bet kur<\/strong>&nbsp;d\u0117l patogios pakuot\u0117s su u\u017esegimu<\/li>\n\n<li><strong>&#8211;<\/strong>&nbsp;skatina&nbsp;<strong>k\u016brybi\u0161kum\u0105, vaizduot\u0119<\/strong>&nbsp;ir lavina&nbsp;<strong>rankinius \u012fg\u016bd\u017eius<\/strong><\/li><\/ul><p><strong>Woopie kompanija<\/strong>&nbsp;yra viena i\u0161 pirmaujan\u010di\u0173 plastikini\u0173 \u017eaisl\u0173 gamintoj\u0173 Europoje.&nbsp;\u201eWoopie\u201c gaminiai s\u0117kmingai parduodami vidaus rinkoje ir visoje Europoje.&nbsp;J\u0173 galima rasti did\u017eiausi\u0173 prekybos tinkl\u0173 lentynose ir tradicin\u0117se parduotuv\u0117se su vaiki\u0161komis prek\u0117mis.<\/p><p><strong>Woopie<\/strong>&nbsp;\u017eaislai&nbsp;turi vien\u0105 tiksl\u0105 \u2013 prad\u017eiuginti vaikus!&nbsp;Tarp gausaus asortimento&nbsp;<strong>Woopie<\/strong>&nbsp;, be kita ko, turi karnavalini\u0173 kostium\u0173 ir kostium\u0173 vaikams, taip pat pakabinamas s\u016bpynes, putplas\u010dio \u017eaislus, \u012fvairi\u0173 r\u016b\u0161i\u0173 sodo \u017eaislus ir dar daugiau!&nbsp;Nusi\u017eav\u0117kite linksmyb\u0117mis \u2013 nusine\u0161kite&nbsp;<strong>Woopie<\/strong>&nbsp;!<\/p>","protected":false},"excerpt":{"rendered":"<p>Pa\u017eadinkite savo vaiko vaizduot\u0119 magi\u0161komis&nbsp;WOOPIE&nbsp;prek\u0117s \u017eenklo&nbsp;nutrinamomis kortel\u0117mis&nbsp;i\u0161&nbsp;ART&amp;FUN&nbsp;serijos !&nbsp;Naudodamas medin\u012f&nbsp;ra\u0161ikl\u012f&nbsp;, vaikas gali&nbsp;subrai\u017eyti naujas formas \/ ra\u0161tus, pasl\u0117ptus ant lentos ir tada steb\u0117ti, kaip spalvos sukuria ne\u012fprast\u0105, vientis\u0105 paveiksl\u0105 gyv\u016bn\u0173&nbsp;tema&nbsp;!&nbsp;Rinkin\u012f sudaro&nbsp;7 elementai,&nbsp;\u012fskaitant 6 nubraukiamas lentas ir ra\u0161ikl\u012f.&nbsp;Lentose yra&nbsp;kat\u0117s&nbsp;,&nbsp;\u0161uns&nbsp;,&nbsp;sraig\u0117s&nbsp;,&nbsp;triu\u0161io,&nbsp;\u017euvies&nbsp;ir&nbsp;pap\u016bgos&nbsp;nuotraukos .&nbsp;Rinkin\u012f&nbsp;galite&nbsp;pasiimti&nbsp;bet kur&nbsp;d\u0117l patogios pakuot\u0117s su u\u017esegimu.&nbsp;\u017daislas lavina vaiko&nbsp;motorik\u0105&nbsp;, \u017eadina&nbsp;k\u016brybi\u0161kum\u0105&nbsp;ir&nbsp;vaizduot\u0119&nbsp;! Charakteristika: Woopie kompanija&nbsp;yra viena i\u0161 pirmaujan\u010di\u0173 plastikini\u0173 \u017eaisl\u0173 gamintoj\u0173 Europoje.&nbsp;\u201eWoopie\u201c [&hellip;]<\/p>","protected":false},"featured_media":13829,"template":"","meta":{"iawp_total_views":18},"product_cat":[92,87,84,49,39],"product_tag":[96,97],"class_list":{"0":"post-13828","1":"product","2":"type-product","3":"status-publish","4":"has-post-thumbnail","6":"product_cat-deliones","7":"product_cat-kurybiniai-rinkiniai","8":"product_cat-lavinamieji-zaislai","9":"product_cat-visi-zaislai","10":"product_cat-zaislai","11":"product_tag-2-m-3-m","12":"product_tag-3-m-4-m","14":"first","15":"instock","16":"taxable","17":"shipping-taxable","18":"purchasable","19":"product-type-simple"},"yoast_head":"<!-- This site is optimized with the Yoast SEO plugin v23.3 - https:\/\/yoast.com\/wordpress\/plugins\/seo\/ -->\n<title>K\u016brybinis \u017eaidimas - Montessori \u017eaislai<\/title>\n<meta name=\"robots\" content=\"noindex, follow, max-snippet:-1, max-image-preview:large, max-video-preview:-1\" \/>\n<meta property=\"og:locale\" content=\"en_US\" \/>\n<meta property=\"og:type\" content=\"article\" \/>\n<meta property=\"og:title\" content=\"K\u016brybinis \u017eaidimas - Montessori \u017eaislai\" \/>\n<meta property=\"og:description\" content=\"Pa\u017eadinkite savo vaiko vaizduot\u0119 magi\u0161komis&nbsp;WOOPIE&nbsp;prek\u0117s \u017eenklo&nbsp;nutrinamomis kortel\u0117mis&nbsp;i\u0161&nbsp;ART&amp;FUN&nbsp;serijos !&nbsp;Naudodamas medin\u012f&nbsp;ra\u0161ikl\u012f&nbsp;, vaikas gali&nbsp;subrai\u017eyti naujas formas \/ ra\u0161tus, pasl\u0117ptus ant lentos ir tada steb\u0117ti, kaip spalvos sukuria ne\u012fprast\u0105, vientis\u0105 paveiksl\u0105 gyv\u016bn\u0173&nbsp;tema&nbsp;!&nbsp;Rinkin\u012f sudaro&nbsp;7 elementai,&nbsp;\u012fskaitant 6 nubraukiamas lentas ir ra\u0161ikl\u012f.&nbsp;Lentose yra&nbsp;kat\u0117s&nbsp;,&nbsp;\u0161uns&nbsp;,&nbsp;sraig\u0117s&nbsp;,&nbsp;triu\u0161io,&nbsp;\u017euvies&nbsp;ir&nbsp;pap\u016bgos&nbsp;nuotraukos .&nbsp;Rinkin\u012f&nbsp;galite&nbsp;pasiimti&nbsp;bet kur&nbsp;d\u0117l patogios pakuot\u0117s su u\u017esegimu.&nbsp;\u017daislas lavina vaiko&nbsp;motorik\u0105&nbsp;, \u017eadina&nbsp;k\u016brybi\u0161kum\u0105&nbsp;ir&nbsp;vaizduot\u0119&nbsp;! Charakteristika: Woopie kompanija&nbsp;yra viena i\u0161 pirmaujan\u010di\u0173 plastikini\u0173 \u017eaisl\u0173 gamintoj\u0173 Europoje.&nbsp;\u201eWoopie\u201c [&hellip;]\" \/>\n<meta property=\"og:url\" content=\"https:\/\/dev.monti.lt\/en\/product\/kurybinis-zaidimas\/\" \/>\n<meta property=\"og:site_name\" content=\"Montessori \u017eaislai\" \/>\n<meta property=\"article:modified_time\" content=\"2024-03-06T14:28:40+00:00\" \/>\n<meta property=\"og:image\" content=\"https:\/\/dev.monti.lt\/wp-content\/uploads\/2023\/02\/woopie-artfun-zestaw-kreatywny-wydrapywanki-dla-dzieci-7-el.jpg\" \/>\n\t<meta property=\"og:image:width\" content=\"800\" \/>\n\t<meta property=\"og:image:height\" content=\"800\" \/>\n\t<meta property=\"og:image:type\" content=\"image\/jpeg\" \/>\n<meta name=\"twitter:card\" content=\"summary_large_image\" \/>\n<meta name=\"twitter:label1\" content=\"Est. reading time\" \/>\n\t<meta name=\"twitter:data1\" content=\"1 minute\" \/>\n<script type=\"application\/ld+json\" class=\"yoast-schema-graph\">{\"@context\":\"https:\/\/schema.org\",\"@graph\":[{\"@type\":\"WebPage\",\"@id\":\"https:\/\/dev.monti.lt\/product\/kurybinis-zaidimas\/\",\"url\":\"https:\/\/dev.monti.lt\/product\/kurybinis-zaidimas\/\",\"name\":\"K\u016brybinis \u017eaidimas - Montessori \u017eaislai\",\"isPartOf\":{\"@id\":\"https:\/\/dev.monti.lt\/#website\"},\"primaryImageOfPage\":{\"@id\":\"https:\/\/dev.monti.lt\/product\/kurybinis-zaidimas\/#primaryimage\"},\"image\":{\"@id\":\"https:\/\/dev.monti.lt\/product\/kurybinis-zaidimas\/#primaryimage\"},\"thumbnailUrl\":\"https:\/\/dev.monti.lt\/wp-content\/uploads\/2023\/02\/woopie-artfun-zestaw-kreatywny-wydrapywanki-dla-dzieci-7-el.jpg\",\"datePublished\":\"2023-02-06T14:11:00+00:00\",\"dateModified\":\"2024-03-06T14:28:40+00:00\",\"breadcrumb\":{\"@id\":\"https:\/\/dev.monti.lt\/product\/kurybinis-zaidimas\/#breadcrumb\"},\"inLanguage\":\"en-US\",\"potentialAction\":[{\"@type\":\"ReadAction\",\"target\":[\"https:\/\/dev.monti.lt\/product\/kurybinis-zaidimas\/\"]}]},{\"@type\":\"ImageObject\",\"inLanguage\":\"en-US\",\"@id\":\"https:\/\/dev.monti.lt\/product\/kurybinis-zaidimas\/#primaryimage\",\"url\":\"https:\/\/dev.monti.lt\/wp-content\/uploads\/2023\/02\/woopie-artfun-zestaw-kreatywny-wydrapywanki-dla-dzieci-7-el.jpg\",\"contentUrl\":\"https:\/\/dev.monti.lt\/wp-content\/uploads\/2023\/02\/woopie-artfun-zestaw-kreatywny-wydrapywanki-dla-dzieci-7-el.jpg\",\"width\":800,\"height\":800},{\"@type\":\"BreadcrumbList\",\"@id\":\"https:\/\/dev.monti.lt\/product\/kurybinis-zaidimas\/#breadcrumb\",\"itemListElement\":[{\"@type\":\"ListItem\",\"position\":1,\"name\":\"Home\",\"item\":\"https:\/\/dev.monti.lt\/\"},{\"@type\":\"ListItem\",\"position\":2,\"name\":\"Parduotuv\u0117\",\"item\":\"https:\/\/dev.monti.lt\/shop\/\"},{\"@type\":\"ListItem\",\"position\":3,\"name\":\"K\u016brybinis \u017eaidimas\"}]},{\"@type\":\"WebSite\",\"@id\":\"https:\/\/dev.monti.lt\/#website\",\"url\":\"https:\/\/dev.monti.lt\/\",\"name\":\"Montessori \u017eaislai\",\"description\":\"\",\"publisher\":{\"@id\":\"https:\/\/dev.monti.lt\/#organization\"},\"potentialAction\":[{\"@type\":\"SearchAction\",\"target\":{\"@type\":\"EntryPoint\",\"urlTemplate\":\"https:\/\/dev.monti.lt\/?s={search_term_string}\"},\"query-input\":\"required name=search_term_string\"}],\"inLanguage\":\"en-US\"},{\"@type\":\"Organization\",\"@id\":\"https:\/\/dev.monti.lt\/#organization\",\"name\":\"Montessori \u017eaislai\",\"url\":\"https:\/\/dev.monti.lt\/\",\"logo\":{\"@type\":\"ImageObject\",\"inLanguage\":\"en-US\",\"@id\":\"https:\/\/dev.monti.lt\/#\/schema\/logo\/image\/\",\"url\":\"https:\/\/dev.monti.lt\/wp-content\/uploads\/2022\/03\/montilogo-1.png\",\"contentUrl\":\"https:\/\/dev.monti.lt\/wp-content\/uploads\/2022\/03\/montilogo-1.png\",\"width\":512,\"height\":512,\"caption\":\"Montessori \u017eaislai\"},\"image\":{\"@id\":\"https:\/\/dev.monti.lt\/#\/schema\/logo\/image\/\"}}]}<\/script>\n<!-- \/ Yoast SEO plugin. -->","yoast_head_json":{"title":"K\u016brybinis \u017eaidimas - Montessori \u017eaislai","robots":{"index":"noindex","follow":"follow","max-snippet":"max-snippet:-1","max-image-preview":"max-image-preview:large","max-video-preview":"max-video-preview:-1"},"og_locale":"en_US","og_type":"article","og_title":"K\u016brybinis \u017eaidimas - Montessori \u017eaislai","og_description":"Pa\u017eadinkite savo vaiko vaizduot\u0119 magi\u0161komis&nbsp;WOOPIE&nbsp;prek\u0117s \u017eenklo&nbsp;nutrinamomis kortel\u0117mis&nbsp;i\u0161&nbsp;ART&amp;FUN&nbsp;serijos !&nbsp;Naudodamas medin\u012f&nbsp;ra\u0161ikl\u012f&nbsp;, vaikas gali&nbsp;subrai\u017eyti naujas formas \/ ra\u0161tus, pasl\u0117ptus ant lentos ir tada steb\u0117ti, kaip spalvos sukuria ne\u012fprast\u0105, vientis\u0105 paveiksl\u0105 gyv\u016bn\u0173&nbsp;tema&nbsp;!&nbsp;Rinkin\u012f sudaro&nbsp;7 elementai,&nbsp;\u012fskaitant 6 nubraukiamas lentas ir ra\u0161ikl\u012f.&nbsp;Lentose yra&nbsp;kat\u0117s&nbsp;,&nbsp;\u0161uns&nbsp;,&nbsp;sraig\u0117s&nbsp;,&nbsp;triu\u0161io,&nbsp;\u017euvies&nbsp;ir&nbsp;pap\u016bgos&nbsp;nuotraukos .&nbsp;Rinkin\u012f&nbsp;galite&nbsp;pasiimti&nbsp;bet kur&nbsp;d\u0117l patogios pakuot\u0117s su u\u017esegimu.&nbsp;\u017daislas lavina vaiko&nbsp;motorik\u0105&nbsp;, \u017eadina&nbsp;k\u016brybi\u0161kum\u0105&nbsp;ir&nbsp;vaizduot\u0119&nbsp;! Charakteristika: Woopie kompanija&nbsp;yra viena i\u0161 pirmaujan\u010di\u0173 plastikini\u0173 \u017eaisl\u0173 gamintoj\u0173 Europoje.&nbsp;\u201eWoopie\u201c [&hellip;]","og_url":"https:\/\/dev.monti.lt\/en\/product\/kurybinis-zaidimas\/","og_site_name":"Montessori \u017eaislai","article_modified_time":"2024-03-06T14:28:40+00:00","og_image":[{"width":800,"height":800,"url":"https:\/\/dev.monti.lt\/wp-content\/uploads\/2023\/02\/woopie-artfun-zestaw-kreatywny-wydrapywanki-dla-dzieci-7-el.jpg","type":"image\/jpeg"}],"twitter_card":"summary_large_image","twitter_misc":{"Est. reading time":"1 minute"},"schema":{"@context":"https:\/\/schema.org","@graph":[{"@type":"WebPage","@id":"https:\/\/dev.monti.lt\/product\/kurybinis-zaidimas\/","url":"https:\/\/dev.monti.lt\/product\/kurybinis-zaidimas\/","name":"K\u016brybinis \u017eaidimas - Montessori \u017eaislai","isPartOf":{"@id":"https:\/\/dev.monti.lt\/#website"},"primaryImageOfPage":{"@id":"https:\/\/dev.monti.lt\/product\/kurybinis-zaidimas\/#primaryimage"},"image":{"@id":"https:\/\/dev.monti.lt\/product\/kurybinis-zaidimas\/#primaryimage"},"thumbnailUrl":"https:\/\/dev.monti.lt\/wp-content\/uploads\/2023\/02\/woopie-artfun-zestaw-kreatywny-wydrapywanki-dla-dzieci-7-el.jpg","datePublished":"2023-02-06T14:11:00+00:00","dateModified":"2024-03-06T14:28:40+00:00","breadcrumb":{"@id":"https:\/\/dev.monti.lt\/product\/kurybinis-zaidimas\/#breadcrumb"},"inLanguage":"en-US","potentialAction":[{"@type":"ReadAction","target":["https:\/\/dev.monti.lt\/product\/kurybinis-zaidimas\/"]}]},{"@type":"ImageObject","inLanguage":"en-US","@id":"https:\/\/dev.monti.lt\/product\/kurybinis-zaidimas\/#primaryimage","url":"https:\/\/dev.monti.lt\/wp-content\/uploads\/2023\/02\/woopie-artfun-zestaw-kreatywny-wydrapywanki-dla-dzieci-7-el.jpg","contentUrl":"https:\/\/dev.monti.lt\/wp-content\/uploads\/2023\/02\/woopie-artfun-zestaw-kreatywny-wydrapywanki-dla-dzieci-7-el.jpg","width":800,"height":800},{"@type":"BreadcrumbList","@id":"https:\/\/dev.monti.lt\/product\/kurybinis-zaidimas\/#breadcrumb","itemListElement":[{"@type":"ListItem","position":1,"name":"Home","item":"https:\/\/dev.monti.lt\/"},{"@type":"ListItem","position":2,"name":"Parduotuv\u0117","item":"https:\/\/dev.monti.lt\/shop\/"},{"@type":"ListItem","position":3,"name":"K\u016brybinis \u017eaidimas"}]},{"@type":"WebSite","@id":"https:\/\/dev.monti.lt\/#website","url":"https:\/\/dev.monti.lt\/","name":"Montessori \u017eaislai","description":"","publisher":{"@id":"https:\/\/dev.monti.lt\/#organization"},"potentialAction":[{"@type":"SearchAction","target":{"@type":"EntryPoint","urlTemplate":"https:\/\/dev.monti.lt\/?s={search_term_string}"},"query-input":"required name=search_term_string"}],"inLanguage":"en-US"},{"@type":"Organization","@id":"https:\/\/dev.monti.lt\/#organization","name":"Montessori \u017eaislai","url":"https:\/\/dev.monti.lt\/","logo":{"@type":"ImageObject","inLanguage":"en-US","@id":"https:\/\/dev.monti.lt\/#\/schema\/logo\/image\/","url":"https:\/\/dev.monti.lt\/wp-content\/uploads\/2022\/03\/montilogo-1.png","contentUrl":"https:\/\/dev.monti.lt\/wp-content\/uploads\/2022\/03\/montilogo-1.png","width":512,"height":512,"caption":"Montessori \u017eaislai"},"image":{"@id":"https:\/\/dev.monti.lt\/#\/schema\/logo\/image\/"}}]}},"_links":{"self":[{"href":"https:\/\/dev.monti.lt\/en\/wp-json\/wp\/v2\/product\/13828"}],"collection":[{"href":"https:\/\/dev.monti.lt\/en\/wp-json\/wp\/v2\/product"}],"about":[{"href":"https:\/\/dev.monti.lt\/en\/wp-json\/wp\/v2\/types\/product"}],"version-history":[{"count":3,"href":"https:\/\/dev.monti.lt\/en\/wp-json\/wp\/v2\/product\/13828\/revisions"}],"predecessor-version":[{"id":15594,"href":"https:\/\/dev.monti.lt\/en\/wp-json\/wp\/v2\/product\/13828\/revisions\/15594"}],"wp:featuredmedia":[{"embeddable":true,"href":"https:\/\/dev.monti.lt\/en\/wp-json\/wp\/v2\/media\/13829"}],"wp:attachment":[{"href":"https:\/\/dev.monti.lt\/en\/wp-json\/wp\/v2\/media?parent=13828"}],"wp:term":[{"taxonomy":"product_cat","embeddable":true,"href":"https:\/\/dev.monti.lt\/en\/wp-json\/wp\/v2\/product_cat?post=13828"},{"taxonomy":"product_tag","embeddable":true,"href":"https:\/\/dev.monti.lt\/en\/wp-json\/wp\/v2\/product_tag?post=13828"}],"curies":[{"name":"wp","href":"https:\/\/api.w.org\/{rel}","templated":true}]}}