{"id":13808,"date":"2023-02-06T13:50:29","date_gmt":"2023-02-06T13:50:29","guid":{"rendered":"https:\/\/dev.monti.lt\/?post_type=product&#038;p=13808"},"modified":"2024-09-12T07:58:33","modified_gmt":"2024-09-12T07:58:33","slug":"svieciancios-magnetines-kaladeles-75-el","status":"publish","type":"product","link":"https:\/\/dev.monti.lt\/en\/product\/svieciancios-magnetines-kaladeles-75-el\/","title":{"rendered":"\u0160vie\u010dian\u010dios magnetin\u0117s kalad\u0117l\u0117s, 49 vnt."},"content":{"rendered":"<p><strong>Charakteristika:<\/strong><\/p><ul class=\"wp-block-list\"><li>&#8211; \u017eaislas&nbsp;<strong>nuo 3 met\u0173 am\u017eiaus<\/strong><\/li>\n\n<li>&#8211; blokelius&nbsp;<strong>lengva<\/strong>&nbsp;sujungti vienas&nbsp;<strong>su<\/strong>&nbsp;kitu<\/li>\n\n<li>&#8211;&nbsp;<strong>neribotos&nbsp;<\/strong><strong>statybos galimyb\u0117s<\/strong><\/li>\n\n<li><strong>&#8211; takel\u012f galima pary\u0161kinti<\/strong><\/li>\n\n<li><strong>&#8211; lavina statybinius blokus:&nbsp;login\u012f&nbsp;m\u0105stym\u0105&nbsp;,&nbsp;vaizduot\u0119&nbsp;,&nbsp;k\u016brybi\u0161kum\u0105,&nbsp;koncentracij\u0105&nbsp;ir rank\u0173 \u012fg\u016bd\u017eius<\/strong><\/li>\n\n<li>&#8211; pakuot\u0117 su rankena, kuri\u0105 lengva ne\u0161iotis&nbsp;<strong>ir puikiai tinka dovanai<\/strong><\/li><\/ul><p><strong>Rinkin\u012f sudaro 49 elementai, \u012fskaitant:<\/strong><\/p><ul class=\"wp-block-list\"><li>&#8211; \u012fvairi\u0173 tip\u0173 \u010diuo\u017eykl\u0173 konstrukciniai blokai<\/li>\n\n<li>&#8211; plok\u0161ti blokeliai<\/li>\n\n<li>&#8211; \u017eibintuv\u0117liai ir \u0161vie\u010diantys blokeliai<\/li>\n\n<li>&#8211; instrukcijos<\/li>\n\n<li>&#8211; lipdukai su paveiksl\u0117liais<\/li><\/ul><p><\/p>","protected":false},"excerpt":{"rendered":"<p>Charakteristika: Rinkin\u012f sudaro 49 elementai, \u012fskaitant:<\/p>","protected":false},"featured_media":22727,"template":"","meta":{"iawp_total_views":99},"product_cat":[213,92,82,87,84,86,49,39],"product_tag":[96,97,98],"class_list":{"0":"post-13808","1":"product","2":"type-product","3":"status-publish","4":"has-post-thumbnail","6":"product_cat-akcija","7":"product_cat-deliones","8":"product_cat-ispardavimas","9":"product_cat-kurybiniai-rinkiniai","10":"product_cat-lavinamieji-zaislai","11":"product_cat-smulkioji-motorika","12":"product_cat-visi-zaislai","13":"product_cat-zaislai","14":"product_tag-2-m-3-m","15":"product_tag-3-m-4-m","16":"product_tag-5-m-7-m","18":"first","19":"instock","20":"sale","21":"taxable","22":"shipping-taxable","23":"purchasable","24":"product-type-simple"},"yoast_head":"<!-- This site is optimized with the Yoast SEO plugin v23.3 - https:\/\/yoast.com\/wordpress\/plugins\/seo\/ -->\n<title>\u0160vie\u010dian\u010dios magnetin\u0117s kalad\u0117l\u0117s, 49 vnt. - Montessori \u017eaislai<\/title>\n<meta name=\"robots\" content=\"noindex, follow, max-snippet:-1, max-image-preview:large, max-video-preview:-1\" \/>\n<meta property=\"og:locale\" content=\"en_US\" \/>\n<meta property=\"og:type\" content=\"article\" \/>\n<meta property=\"og:title\" content=\"\u0160vie\u010dian\u010dios magnetin\u0117s kalad\u0117l\u0117s, 49 vnt. - Montessori \u017eaislai\" \/>\n<meta property=\"og:description\" content=\"Charakteristika: Rinkin\u012f sudaro 49 elementai, \u012fskaitant:\" \/>\n<meta property=\"og:url\" content=\"https:\/\/dev.monti.lt\/en\/product\/svieciancios-magnetines-kaladeles-75-el\/\" \/>\n<meta property=\"og:site_name\" content=\"Montessori \u017eaislai\" \/>\n<meta property=\"article:modified_time\" content=\"2024-09-12T07:58:33+00:00\" \/>\n<meta property=\"og:image\" content=\"https:\/\/dev.monti.lt\/wp-content\/uploads\/2023\/02\/Magnetic-blocks-marble-ball-track-glowing-49-elements-133654-2.jpg\" \/>\n\t<meta property=\"og:image:width\" content=\"600\" \/>\n\t<meta property=\"og:image:height\" content=\"600\" \/>\n\t<meta property=\"og:image:type\" content=\"image\/jpeg\" \/>\n<meta name=\"twitter:card\" content=\"summary_large_image\" \/>\n<meta name=\"twitter:label1\" content=\"Est. reading time\" \/>\n\t<meta name=\"twitter:data1\" content=\"1 minute\" \/>\n<script type=\"application\/ld+json\" class=\"yoast-schema-graph\">{\"@context\":\"https:\/\/schema.org\",\"@graph\":[{\"@type\":\"WebPage\",\"@id\":\"https:\/\/dev.monti.lt\/product\/svieciancios-magnetines-kaladeles-75-el\/\",\"url\":\"https:\/\/dev.monti.lt\/product\/svieciancios-magnetines-kaladeles-75-el\/\",\"name\":\"\u0160vie\u010dian\u010dios magnetin\u0117s kalad\u0117l\u0117s, 49 vnt. - Montessori \u017eaislai\",\"isPartOf\":{\"@id\":\"https:\/\/dev.monti.lt\/#website\"},\"primaryImageOfPage\":{\"@id\":\"https:\/\/dev.monti.lt\/product\/svieciancios-magnetines-kaladeles-75-el\/#primaryimage\"},\"image\":{\"@id\":\"https:\/\/dev.monti.lt\/product\/svieciancios-magnetines-kaladeles-75-el\/#primaryimage\"},\"thumbnailUrl\":\"https:\/\/dev.monti.lt\/wp-content\/uploads\/2023\/02\/Magnetic-blocks-marble-ball-track-glowing-49-elements-133654-2.jpg\",\"datePublished\":\"2023-02-06T13:50:29+00:00\",\"dateModified\":\"2024-09-12T07:58:33+00:00\",\"breadcrumb\":{\"@id\":\"https:\/\/dev.monti.lt\/product\/svieciancios-magnetines-kaladeles-75-el\/#breadcrumb\"},\"inLanguage\":\"en-US\",\"potentialAction\":[{\"@type\":\"ReadAction\",\"target\":[\"https:\/\/dev.monti.lt\/product\/svieciancios-magnetines-kaladeles-75-el\/\"]}]},{\"@type\":\"ImageObject\",\"inLanguage\":\"en-US\",\"@id\":\"https:\/\/dev.monti.lt\/product\/svieciancios-magnetines-kaladeles-75-el\/#primaryimage\",\"url\":\"https:\/\/dev.monti.lt\/wp-content\/uploads\/2023\/02\/Magnetic-blocks-marble-ball-track-glowing-49-elements-133654-2.jpg\",\"contentUrl\":\"https:\/\/dev.monti.lt\/wp-content\/uploads\/2023\/02\/Magnetic-blocks-marble-ball-track-glowing-49-elements-133654-2.jpg\",\"width\":600,\"height\":600},{\"@type\":\"BreadcrumbList\",\"@id\":\"https:\/\/dev.monti.lt\/product\/svieciancios-magnetines-kaladeles-75-el\/#breadcrumb\",\"itemListElement\":[{\"@type\":\"ListItem\",\"position\":1,\"name\":\"Home\",\"item\":\"https:\/\/dev.monti.lt\/\"},{\"@type\":\"ListItem\",\"position\":2,\"name\":\"Parduotuv\u0117\",\"item\":\"https:\/\/dev.monti.lt\/shop\/\"},{\"@type\":\"ListItem\",\"position\":3,\"name\":\"\u0160vie\u010dian\u010dios magnetin\u0117s kalad\u0117l\u0117s, 49 vnt.\"}]},{\"@type\":\"WebSite\",\"@id\":\"https:\/\/dev.monti.lt\/#website\",\"url\":\"https:\/\/dev.monti.lt\/\",\"name\":\"Montessori \u017eaislai\",\"description\":\"\",\"publisher\":{\"@id\":\"https:\/\/dev.monti.lt\/#organization\"},\"potentialAction\":[{\"@type\":\"SearchAction\",\"target\":{\"@type\":\"EntryPoint\",\"urlTemplate\":\"https:\/\/dev.monti.lt\/?s={search_term_string}\"},\"query-input\":\"required name=search_term_string\"}],\"inLanguage\":\"en-US\"},{\"@type\":\"Organization\",\"@id\":\"https:\/\/dev.monti.lt\/#organization\",\"name\":\"Montessori \u017eaislai\",\"url\":\"https:\/\/dev.monti.lt\/\",\"logo\":{\"@type\":\"ImageObject\",\"inLanguage\":\"en-US\",\"@id\":\"https:\/\/dev.monti.lt\/#\/schema\/logo\/image\/\",\"url\":\"https:\/\/dev.monti.lt\/wp-content\/uploads\/2022\/03\/montilogo-1.png\",\"contentUrl\":\"https:\/\/dev.monti.lt\/wp-content\/uploads\/2022\/03\/montilogo-1.png\",\"width\":512,\"height\":512,\"caption\":\"Montessori \u017eaislai\"},\"image\":{\"@id\":\"https:\/\/dev.monti.lt\/#\/schema\/logo\/image\/\"}}]}<\/script>\n<!-- \/ Yoast SEO plugin. -->","yoast_head_json":{"title":"\u0160vie\u010dian\u010dios magnetin\u0117s kalad\u0117l\u0117s, 49 vnt. - Montessori \u017eaislai","robots":{"index":"noindex","follow":"follow","max-snippet":"max-snippet:-1","max-image-preview":"max-image-preview:large","max-video-preview":"max-video-preview:-1"},"og_locale":"en_US","og_type":"article","og_title":"\u0160vie\u010dian\u010dios magnetin\u0117s kalad\u0117l\u0117s, 49 vnt. - Montessori \u017eaislai","og_description":"Charakteristika: Rinkin\u012f sudaro 49 elementai, \u012fskaitant:","og_url":"https:\/\/dev.monti.lt\/en\/product\/svieciancios-magnetines-kaladeles-75-el\/","og_site_name":"Montessori \u017eaislai","article_modified_time":"2024-09-12T07:58:33+00:00","og_image":[{"width":600,"height":600,"url":"https:\/\/dev.monti.lt\/wp-content\/uploads\/2023\/02\/Magnetic-blocks-marble-ball-track-glowing-49-elements-133654-2.jpg","type":"image\/jpeg"}],"twitter_card":"summary_large_image","twitter_misc":{"Est. reading time":"1 minute"},"schema":{"@context":"https:\/\/schema.org","@graph":[{"@type":"WebPage","@id":"https:\/\/dev.monti.lt\/product\/svieciancios-magnetines-kaladeles-75-el\/","url":"https:\/\/dev.monti.lt\/product\/svieciancios-magnetines-kaladeles-75-el\/","name":"\u0160vie\u010dian\u010dios magnetin\u0117s kalad\u0117l\u0117s, 49 vnt. - Montessori \u017eaislai","isPartOf":{"@id":"https:\/\/dev.monti.lt\/#website"},"primaryImageOfPage":{"@id":"https:\/\/dev.monti.lt\/product\/svieciancios-magnetines-kaladeles-75-el\/#primaryimage"},"image":{"@id":"https:\/\/dev.monti.lt\/product\/svieciancios-magnetines-kaladeles-75-el\/#primaryimage"},"thumbnailUrl":"https:\/\/dev.monti.lt\/wp-content\/uploads\/2023\/02\/Magnetic-blocks-marble-ball-track-glowing-49-elements-133654-2.jpg","datePublished":"2023-02-06T13:50:29+00:00","dateModified":"2024-09-12T07:58:33+00:00","breadcrumb":{"@id":"https:\/\/dev.monti.lt\/product\/svieciancios-magnetines-kaladeles-75-el\/#breadcrumb"},"inLanguage":"en-US","potentialAction":[{"@type":"ReadAction","target":["https:\/\/dev.monti.lt\/product\/svieciancios-magnetines-kaladeles-75-el\/"]}]},{"@type":"ImageObject","inLanguage":"en-US","@id":"https:\/\/dev.monti.lt\/product\/svieciancios-magnetines-kaladeles-75-el\/#primaryimage","url":"https:\/\/dev.monti.lt\/wp-content\/uploads\/2023\/02\/Magnetic-blocks-marble-ball-track-glowing-49-elements-133654-2.jpg","contentUrl":"https:\/\/dev.monti.lt\/wp-content\/uploads\/2023\/02\/Magnetic-blocks-marble-ball-track-glowing-49-elements-133654-2.jpg","width":600,"height":600},{"@type":"BreadcrumbList","@id":"https:\/\/dev.monti.lt\/product\/svieciancios-magnetines-kaladeles-75-el\/#breadcrumb","itemListElement":[{"@type":"ListItem","position":1,"name":"Home","item":"https:\/\/dev.monti.lt\/"},{"@type":"ListItem","position":2,"name":"Parduotuv\u0117","item":"https:\/\/dev.monti.lt\/shop\/"},{"@type":"ListItem","position":3,"name":"\u0160vie\u010dian\u010dios magnetin\u0117s kalad\u0117l\u0117s, 49 vnt."}]},{"@type":"WebSite","@id":"https:\/\/dev.monti.lt\/#website","url":"https:\/\/dev.monti.lt\/","name":"Montessori \u017eaislai","description":"","publisher":{"@id":"https:\/\/dev.monti.lt\/#organization"},"potentialAction":[{"@type":"SearchAction","target":{"@type":"EntryPoint","urlTemplate":"https:\/\/dev.monti.lt\/?s={search_term_string}"},"query-input":"required name=search_term_string"}],"inLanguage":"en-US"},{"@type":"Organization","@id":"https:\/\/dev.monti.lt\/#organization","name":"Montessori \u017eaislai","url":"https:\/\/dev.monti.lt\/","logo":{"@type":"ImageObject","inLanguage":"en-US","@id":"https:\/\/dev.monti.lt\/#\/schema\/logo\/image\/","url":"https:\/\/dev.monti.lt\/wp-content\/uploads\/2022\/03\/montilogo-1.png","contentUrl":"https:\/\/dev.monti.lt\/wp-content\/uploads\/2022\/03\/montilogo-1.png","width":512,"height":512,"caption":"Montessori \u017eaislai"},"image":{"@id":"https:\/\/dev.monti.lt\/#\/schema\/logo\/image\/"}}]}},"_links":{"self":[{"href":"https:\/\/dev.monti.lt\/en\/wp-json\/wp\/v2\/product\/13808"}],"collection":[{"href":"https:\/\/dev.monti.lt\/en\/wp-json\/wp\/v2\/product"}],"about":[{"href":"https:\/\/dev.monti.lt\/en\/wp-json\/wp\/v2\/types\/product"}],"version-history":[{"count":5,"href":"https:\/\/dev.monti.lt\/en\/wp-json\/wp\/v2\/product\/13808\/revisions"}],"predecessor-version":[{"id":22735,"href":"https:\/\/dev.monti.lt\/en\/wp-json\/wp\/v2\/product\/13808\/revisions\/22735"}],"wp:featuredmedia":[{"embeddable":true,"href":"https:\/\/dev.monti.lt\/en\/wp-json\/wp\/v2\/media\/22727"}],"wp:attachment":[{"href":"https:\/\/dev.monti.lt\/en\/wp-json\/wp\/v2\/media?parent=13808"}],"wp:term":[{"taxonomy":"product_cat","embeddable":true,"href":"https:\/\/dev.monti.lt\/en\/wp-json\/wp\/v2\/product_cat?post=13808"},{"taxonomy":"product_tag","embeddable":true,"href":"https:\/\/dev.monti.lt\/en\/wp-json\/wp\/v2\/product_tag?post=13808"}],"curies":[{"name":"wp","href":"https:\/\/api.w.org\/{rel}","templated":true}]}}