{"id":13802,"date":"2023-02-06T13:43:16","date_gmt":"2023-02-06T13:43:16","guid":{"rendered":"https:\/\/dev.monti.lt\/?post_type=product&#038;p=13802"},"modified":"2024-10-03T14:32:22","modified_gmt":"2024-10-03T14:32:22","slug":"medinis-montessori-pagaliuku-zaidimas","status":"publish","type":"product","link":"https:\/\/dev.monti.lt\/en\/product\/medinis-montessori-pagaliuku-zaidimas\/","title":{"rendered":"Medinis Montessori pagaliuk\u0173 \u017eaidimas"},"content":{"rendered":"<p>Pagaliukus\u00a0galima i\u0161d\u0117lioti ant\u00a0<strong>daugyb\u0117s lent\u0173,<\/strong>\u00a0\u012fvairiais deriniais, kurie tikrai suteiks begal\u0119 linksmybi\u0173 valand\u0173.\u00a0\u017daislas tinka \u017eaisti vienam arba grup\u0117je.\u00a0Galite juos i\u0161d\u0117styti ant komplekte esan\u010di\u0173\u00a0<strong>lent\u0173<\/strong>\u00a0pagal \u0161ablonus arba savaranki\u0161kai, pagal savo id\u0117j\u0105.\u00a0<strong>\u017daidimas susideda i\u0161 rungtyni\u0173<\/strong>\u00a0i\u0161d\u0117stymo pagal tam tikr\u0105 model\u012f\u00a0ir nurodym\u0173, pateikt\u0173 pateiktame puslapyje, kuris informuoja, k\u0105 toliau daryti su galvos\u016bkiu.\u00a0Pavyzd\u017eiui&#8230; sukurkite fig\u016br\u0105 su 6 trikampiais, tada perkelkite 2 degtukus, kad susidarytum\u0117te 7 trikampius.\u00a0Toks \u017eaislas fantasti\u0161kai\u00a0<strong>lavina k\u016brybi\u0161kum\u0105 ir vaizduot\u0119<\/strong>\u00a0beima\u017eylio\u00a0<strong>loginis m\u0105stymas .\u00a0<\/strong>\u017daidime yra 50\u00a0<strong>skirting\u0173 dizain\u0173<\/strong>\u00a0korteli\u0173 ir instrukcij\u0173\u00a0<strong>knygel\u0117<\/strong>\u00a0su keliais lygiais ir skirtingais \u017eaidimo b\u016bdais.<br><\/p><p><strong>Charakteristika:<\/strong><\/p><ul class=\"wp-block-list\"><li>&#8211; Rinkin\u012f sudaro&nbsp;<strong>58 elementai<\/strong>&nbsp;:&nbsp;<strong>knyga<\/strong>&nbsp;su \u012fvairiais ra\u0161tais,&nbsp;<strong>d\u0117\u017eut\u0117<\/strong>&nbsp;ir&nbsp;<strong>magnetiniai degtukai,<\/strong><\/li><li>&#8211; Prek\u0117 supakuota \u012f kartonin\u0119 d\u0117\u017eut\u0119,<\/li><li>&#8211; Pagaminta i\u0161 vaikams ir aplinkai saugi\u0173 med\u017eiag\u0173.<\/li><\/ul><p><strong>Kuria:<\/strong><\/p><ul class=\"wp-block-list\"><li>&#8211; intelektas,<\/li><li>&#8211; koncentracija,<\/li><li>&#8211; loginis m\u0105stymas,<\/li><li>&#8211; k\u016brybi\u0161kumas ir vaizduot\u0117<\/li><li>&#8211; spalv\u0173 atpa\u017einimas,<\/li><li>&#8211; rank\u0173 ir aki\u0173 koordinacija.<\/li><\/ul><p><strong>Tooky Toy&nbsp;&nbsp;<\/strong>yra \u012fmon\u0117, gaminanti&nbsp;&nbsp;<strong>medinius \u017eaislus&nbsp;&nbsp;<\/strong>vaikams, rinkoje esanti nuo 2004 m.&nbsp;Daugiau nei tuzino met\u0173 patirtis pramon\u0117je yra auk\u0161tos kokyb\u0117s gamini\u0173, pagamint\u0173 atsi\u017evelgiant \u012f vaik\u0173 saugum\u0105, garantija.&nbsp;<strong>Tooky Toy \u017eaislai turi daugyb\u0119 sertifikat\u0173, patvirtinan\u010di\u0173&nbsp;&nbsp;<\/strong>\u0161i\u0173&nbsp;&nbsp;ekologi\u0161k\u0173 gamini\u0173 saugum\u0105.&nbsp;Gerai i\u0161lygintas, be atplai\u0161\u0173 ir a\u0161tri\u0173 kra\u0161t\u0173, \u017eaislas padengtas tik saugiais, netoksi\u0161kais da\u017eais, da\u017eais ir lakais.&nbsp;D\u0117l viso to&nbsp;<strong>Tooky Toy<\/strong>&nbsp;\u017eaislus m\u0117gsta vaikai ir vertina t\u0117vai visame pasaulyje.<\/p>","protected":false},"excerpt":{"rendered":"<p>Pagaliukus\u00a0galima i\u0161d\u0117lioti ant\u00a0daugyb\u0117s lent\u0173,\u00a0\u012fvairiais deriniais, kurie tikrai suteiks begal\u0119 linksmybi\u0173 valand\u0173.\u00a0\u017daislas tinka \u017eaisti vienam arba grup\u0117je.\u00a0Galite juos i\u0161d\u0117styti ant komplekte esan\u010di\u0173\u00a0lent\u0173\u00a0pagal \u0161ablonus arba savaranki\u0161kai, pagal savo id\u0117j\u0105.\u00a0\u017daidimas susideda i\u0161 rungtyni\u0173\u00a0i\u0161d\u0117stymo pagal tam tikr\u0105 model\u012f\u00a0ir nurodym\u0173, pateikt\u0173 pateiktame puslapyje, kuris informuoja, k\u0105 toliau daryti su galvos\u016bkiu.\u00a0Pavyzd\u017eiui&#8230; sukurkite fig\u016br\u0105 su 6 trikampiais, tada perkelkite 2 degtukus, kad [&hellip;]<\/p>","protected":false},"featured_media":13803,"template":"","meta":{"iawp_total_views":35},"product_cat":[92,87,84,91,102,83,90,86,199,49,39],"product_tag":[97,98,99],"class_list":{"0":"post-13802","1":"product","2":"type-product","3":"status-publish","4":"has-post-thumbnail","6":"product_cat-deliones","7":"product_cat-kurybiniai-rinkiniai","8":"product_cat-lavinamieji-zaislai","9":"product_cat-loginiam-mastymui","10":"product_cat-mediniai-zaislai","11":"product_cat-montessori-zaislai","12":"product_cat-pasaulio-pazinimas","13":"product_cat-smulkioji-motorika","14":"product_cat-ugdymo-istaigoms","15":"product_cat-visi-zaislai","16":"product_cat-zaislai","17":"product_tag-3-m-4-m","18":"product_tag-5-m-7-m","19":"product_tag-8-m-11-m","21":"first","22":"instock","23":"sale","24":"taxable","25":"shipping-taxable","26":"purchasable","27":"product-type-simple"},"yoast_head":"<!-- This site is optimized with the Yoast SEO plugin v23.3 - https:\/\/yoast.com\/wordpress\/plugins\/seo\/ -->\n<title>Medinis Montessori pagaliuk\u0173 \u017eaidimas - Montessori \u017eaislai<\/title>\n<meta name=\"robots\" content=\"noindex, follow, max-snippet:-1, max-image-preview:large, max-video-preview:-1\" \/>\n<meta property=\"og:locale\" content=\"en_US\" \/>\n<meta property=\"og:type\" content=\"article\" \/>\n<meta property=\"og:title\" content=\"Medinis Montessori pagaliuk\u0173 \u017eaidimas - Montessori \u017eaislai\" \/>\n<meta property=\"og:description\" content=\"Pagaliukus\u00a0galima i\u0161d\u0117lioti ant\u00a0daugyb\u0117s lent\u0173,\u00a0\u012fvairiais deriniais, kurie tikrai suteiks begal\u0119 linksmybi\u0173 valand\u0173.\u00a0\u017daislas tinka \u017eaisti vienam arba grup\u0117je.\u00a0Galite juos i\u0161d\u0117styti ant komplekte esan\u010di\u0173\u00a0lent\u0173\u00a0pagal \u0161ablonus arba savaranki\u0161kai, pagal savo id\u0117j\u0105.\u00a0\u017daidimas susideda i\u0161 rungtyni\u0173\u00a0i\u0161d\u0117stymo pagal tam tikr\u0105 model\u012f\u00a0ir nurodym\u0173, pateikt\u0173 pateiktame puslapyje, kuris informuoja, k\u0105 toliau daryti su galvos\u016bkiu.\u00a0Pavyzd\u017eiui&#8230; sukurkite fig\u016br\u0105 su 6 trikampiais, tada perkelkite 2 degtukus, kad [&hellip;]\" \/>\n<meta property=\"og:url\" content=\"https:\/\/dev.monti.lt\/en\/product\/medinis-montessori-pagaliuku-zaidimas\/\" \/>\n<meta property=\"og:site_name\" content=\"Montessori \u017eaislai\" \/>\n<meta property=\"article:modified_time\" content=\"2024-10-03T14:32:22+00:00\" \/>\n<meta property=\"og:image\" content=\"https:\/\/dev.monti.lt\/wp-content\/uploads\/2023\/02\/tooky-toy-drewniana-ukladanka-montessori-gra-logiczna-lamiglowki-zapalki-magnetyczne-dla-dzieci-58-el.jpg\" \/>\n\t<meta property=\"og:image:width\" content=\"800\" \/>\n\t<meta property=\"og:image:height\" content=\"800\" \/>\n\t<meta property=\"og:image:type\" content=\"image\/jpeg\" \/>\n<meta name=\"twitter:card\" content=\"summary_large_image\" \/>\n<meta name=\"twitter:label1\" content=\"Est. reading time\" \/>\n\t<meta name=\"twitter:data1\" content=\"1 minute\" \/>\n<script type=\"application\/ld+json\" class=\"yoast-schema-graph\">{\"@context\":\"https:\/\/schema.org\",\"@graph\":[{\"@type\":\"WebPage\",\"@id\":\"https:\/\/dev.monti.lt\/product\/medinis-montessori-pagaliuku-zaidimas\/\",\"url\":\"https:\/\/dev.monti.lt\/product\/medinis-montessori-pagaliuku-zaidimas\/\",\"name\":\"Medinis Montessori pagaliuk\u0173 \u017eaidimas - Montessori \u017eaislai\",\"isPartOf\":{\"@id\":\"https:\/\/dev.monti.lt\/#website\"},\"primaryImageOfPage\":{\"@id\":\"https:\/\/dev.monti.lt\/product\/medinis-montessori-pagaliuku-zaidimas\/#primaryimage\"},\"image\":{\"@id\":\"https:\/\/dev.monti.lt\/product\/medinis-montessori-pagaliuku-zaidimas\/#primaryimage\"},\"thumbnailUrl\":\"https:\/\/dev.monti.lt\/wp-content\/uploads\/2023\/02\/tooky-toy-drewniana-ukladanka-montessori-gra-logiczna-lamiglowki-zapalki-magnetyczne-dla-dzieci-58-el.jpg\",\"datePublished\":\"2023-02-06T13:43:16+00:00\",\"dateModified\":\"2024-10-03T14:32:22+00:00\",\"breadcrumb\":{\"@id\":\"https:\/\/dev.monti.lt\/product\/medinis-montessori-pagaliuku-zaidimas\/#breadcrumb\"},\"inLanguage\":\"en-US\",\"potentialAction\":[{\"@type\":\"ReadAction\",\"target\":[\"https:\/\/dev.monti.lt\/product\/medinis-montessori-pagaliuku-zaidimas\/\"]}]},{\"@type\":\"ImageObject\",\"inLanguage\":\"en-US\",\"@id\":\"https:\/\/dev.monti.lt\/product\/medinis-montessori-pagaliuku-zaidimas\/#primaryimage\",\"url\":\"https:\/\/dev.monti.lt\/wp-content\/uploads\/2023\/02\/tooky-toy-drewniana-ukladanka-montessori-gra-logiczna-lamiglowki-zapalki-magnetyczne-dla-dzieci-58-el.jpg\",\"contentUrl\":\"https:\/\/dev.monti.lt\/wp-content\/uploads\/2023\/02\/tooky-toy-drewniana-ukladanka-montessori-gra-logiczna-lamiglowki-zapalki-magnetyczne-dla-dzieci-58-el.jpg\",\"width\":800,\"height\":800,\"caption\":\"montessori zaidimas\"},{\"@type\":\"BreadcrumbList\",\"@id\":\"https:\/\/dev.monti.lt\/product\/medinis-montessori-pagaliuku-zaidimas\/#breadcrumb\",\"itemListElement\":[{\"@type\":\"ListItem\",\"position\":1,\"name\":\"Home\",\"item\":\"https:\/\/dev.monti.lt\/\"},{\"@type\":\"ListItem\",\"position\":2,\"name\":\"Parduotuv\u0117\",\"item\":\"https:\/\/dev.monti.lt\/shop\/\"},{\"@type\":\"ListItem\",\"position\":3,\"name\":\"Medinis Montessori pagaliuk\u0173 \u017eaidimas\"}]},{\"@type\":\"WebSite\",\"@id\":\"https:\/\/dev.monti.lt\/#website\",\"url\":\"https:\/\/dev.monti.lt\/\",\"name\":\"Montessori \u017eaislai\",\"description\":\"\",\"publisher\":{\"@id\":\"https:\/\/dev.monti.lt\/#organization\"},\"potentialAction\":[{\"@type\":\"SearchAction\",\"target\":{\"@type\":\"EntryPoint\",\"urlTemplate\":\"https:\/\/dev.monti.lt\/?s={search_term_string}\"},\"query-input\":\"required name=search_term_string\"}],\"inLanguage\":\"en-US\"},{\"@type\":\"Organization\",\"@id\":\"https:\/\/dev.monti.lt\/#organization\",\"name\":\"Montessori \u017eaislai\",\"url\":\"https:\/\/dev.monti.lt\/\",\"logo\":{\"@type\":\"ImageObject\",\"inLanguage\":\"en-US\",\"@id\":\"https:\/\/dev.monti.lt\/#\/schema\/logo\/image\/\",\"url\":\"https:\/\/dev.monti.lt\/wp-content\/uploads\/2022\/03\/montilogo-1.png\",\"contentUrl\":\"https:\/\/dev.monti.lt\/wp-content\/uploads\/2022\/03\/montilogo-1.png\",\"width\":512,\"height\":512,\"caption\":\"Montessori \u017eaislai\"},\"image\":{\"@id\":\"https:\/\/dev.monti.lt\/#\/schema\/logo\/image\/\"}}]}<\/script>\n<!-- \/ Yoast SEO plugin. -->","yoast_head_json":{"title":"Medinis Montessori pagaliuk\u0173 \u017eaidimas - Montessori \u017eaislai","robots":{"index":"noindex","follow":"follow","max-snippet":"max-snippet:-1","max-image-preview":"max-image-preview:large","max-video-preview":"max-video-preview:-1"},"og_locale":"en_US","og_type":"article","og_title":"Medinis Montessori pagaliuk\u0173 \u017eaidimas - Montessori \u017eaislai","og_description":"Pagaliukus\u00a0galima i\u0161d\u0117lioti ant\u00a0daugyb\u0117s lent\u0173,\u00a0\u012fvairiais deriniais, kurie tikrai suteiks begal\u0119 linksmybi\u0173 valand\u0173.\u00a0\u017daislas tinka \u017eaisti vienam arba grup\u0117je.\u00a0Galite juos i\u0161d\u0117styti ant komplekte esan\u010di\u0173\u00a0lent\u0173\u00a0pagal \u0161ablonus arba savaranki\u0161kai, pagal savo id\u0117j\u0105.\u00a0\u017daidimas susideda i\u0161 rungtyni\u0173\u00a0i\u0161d\u0117stymo pagal tam tikr\u0105 model\u012f\u00a0ir nurodym\u0173, pateikt\u0173 pateiktame puslapyje, kuris informuoja, k\u0105 toliau daryti su galvos\u016bkiu.\u00a0Pavyzd\u017eiui&#8230; sukurkite fig\u016br\u0105 su 6 trikampiais, tada perkelkite 2 degtukus, kad [&hellip;]","og_url":"https:\/\/dev.monti.lt\/en\/product\/medinis-montessori-pagaliuku-zaidimas\/","og_site_name":"Montessori \u017eaislai","article_modified_time":"2024-10-03T14:32:22+00:00","og_image":[{"width":800,"height":800,"url":"https:\/\/dev.monti.lt\/wp-content\/uploads\/2023\/02\/tooky-toy-drewniana-ukladanka-montessori-gra-logiczna-lamiglowki-zapalki-magnetyczne-dla-dzieci-58-el.jpg","type":"image\/jpeg"}],"twitter_card":"summary_large_image","twitter_misc":{"Est. reading time":"1 minute"},"schema":{"@context":"https:\/\/schema.org","@graph":[{"@type":"WebPage","@id":"https:\/\/dev.monti.lt\/product\/medinis-montessori-pagaliuku-zaidimas\/","url":"https:\/\/dev.monti.lt\/product\/medinis-montessori-pagaliuku-zaidimas\/","name":"Medinis Montessori pagaliuk\u0173 \u017eaidimas - Montessori \u017eaislai","isPartOf":{"@id":"https:\/\/dev.monti.lt\/#website"},"primaryImageOfPage":{"@id":"https:\/\/dev.monti.lt\/product\/medinis-montessori-pagaliuku-zaidimas\/#primaryimage"},"image":{"@id":"https:\/\/dev.monti.lt\/product\/medinis-montessori-pagaliuku-zaidimas\/#primaryimage"},"thumbnailUrl":"https:\/\/dev.monti.lt\/wp-content\/uploads\/2023\/02\/tooky-toy-drewniana-ukladanka-montessori-gra-logiczna-lamiglowki-zapalki-magnetyczne-dla-dzieci-58-el.jpg","datePublished":"2023-02-06T13:43:16+00:00","dateModified":"2024-10-03T14:32:22+00:00","breadcrumb":{"@id":"https:\/\/dev.monti.lt\/product\/medinis-montessori-pagaliuku-zaidimas\/#breadcrumb"},"inLanguage":"en-US","potentialAction":[{"@type":"ReadAction","target":["https:\/\/dev.monti.lt\/product\/medinis-montessori-pagaliuku-zaidimas\/"]}]},{"@type":"ImageObject","inLanguage":"en-US","@id":"https:\/\/dev.monti.lt\/product\/medinis-montessori-pagaliuku-zaidimas\/#primaryimage","url":"https:\/\/dev.monti.lt\/wp-content\/uploads\/2023\/02\/tooky-toy-drewniana-ukladanka-montessori-gra-logiczna-lamiglowki-zapalki-magnetyczne-dla-dzieci-58-el.jpg","contentUrl":"https:\/\/dev.monti.lt\/wp-content\/uploads\/2023\/02\/tooky-toy-drewniana-ukladanka-montessori-gra-logiczna-lamiglowki-zapalki-magnetyczne-dla-dzieci-58-el.jpg","width":800,"height":800,"caption":"montessori zaidimas"},{"@type":"BreadcrumbList","@id":"https:\/\/dev.monti.lt\/product\/medinis-montessori-pagaliuku-zaidimas\/#breadcrumb","itemListElement":[{"@type":"ListItem","position":1,"name":"Home","item":"https:\/\/dev.monti.lt\/"},{"@type":"ListItem","position":2,"name":"Parduotuv\u0117","item":"https:\/\/dev.monti.lt\/shop\/"},{"@type":"ListItem","position":3,"name":"Medinis Montessori pagaliuk\u0173 \u017eaidimas"}]},{"@type":"WebSite","@id":"https:\/\/dev.monti.lt\/#website","url":"https:\/\/dev.monti.lt\/","name":"Montessori \u017eaislai","description":"","publisher":{"@id":"https:\/\/dev.monti.lt\/#organization"},"potentialAction":[{"@type":"SearchAction","target":{"@type":"EntryPoint","urlTemplate":"https:\/\/dev.monti.lt\/?s={search_term_string}"},"query-input":"required name=search_term_string"}],"inLanguage":"en-US"},{"@type":"Organization","@id":"https:\/\/dev.monti.lt\/#organization","name":"Montessori \u017eaislai","url":"https:\/\/dev.monti.lt\/","logo":{"@type":"ImageObject","inLanguage":"en-US","@id":"https:\/\/dev.monti.lt\/#\/schema\/logo\/image\/","url":"https:\/\/dev.monti.lt\/wp-content\/uploads\/2022\/03\/montilogo-1.png","contentUrl":"https:\/\/dev.monti.lt\/wp-content\/uploads\/2022\/03\/montilogo-1.png","width":512,"height":512,"caption":"Montessori \u017eaislai"},"image":{"@id":"https:\/\/dev.monti.lt\/#\/schema\/logo\/image\/"}}]}},"_links":{"self":[{"href":"https:\/\/dev.monti.lt\/en\/wp-json\/wp\/v2\/product\/13802"}],"collection":[{"href":"https:\/\/dev.monti.lt\/en\/wp-json\/wp\/v2\/product"}],"about":[{"href":"https:\/\/dev.monti.lt\/en\/wp-json\/wp\/v2\/types\/product"}],"version-history":[{"count":1,"href":"https:\/\/dev.monti.lt\/en\/wp-json\/wp\/v2\/product\/13802\/revisions"}],"predecessor-version":[{"id":13807,"href":"https:\/\/dev.monti.lt\/en\/wp-json\/wp\/v2\/product\/13802\/revisions\/13807"}],"wp:featuredmedia":[{"embeddable":true,"href":"https:\/\/dev.monti.lt\/en\/wp-json\/wp\/v2\/media\/13803"}],"wp:attachment":[{"href":"https:\/\/dev.monti.lt\/en\/wp-json\/wp\/v2\/media?parent=13802"}],"wp:term":[{"taxonomy":"product_cat","embeddable":true,"href":"https:\/\/dev.monti.lt\/en\/wp-json\/wp\/v2\/product_cat?post=13802"},{"taxonomy":"product_tag","embeddable":true,"href":"https:\/\/dev.monti.lt\/en\/wp-json\/wp\/v2\/product_tag?post=13802"}],"curies":[{"name":"wp","href":"https:\/\/api.w.org\/{rel}","templated":true}]}}