{"id":13718,"date":"2023-01-30T18:08:45","date_gmt":"2023-01-30T18:08:45","guid":{"rendered":"https:\/\/dev.monti.lt\/?post_type=product&#038;p=13718"},"modified":"2024-06-10T12:45:26","modified_gmt":"2024-06-10T12:45:26","slug":"viga-edukacinis-montessori-zaidimas","status":"publish","type":"product","link":"https:\/\/dev.monti.lt\/en\/product\/viga-edukacinis-montessori-zaidimas\/","title":{"rendered":"Viga edukacinis Montessori stiliaus \u017eaidimas"},"content":{"rendered":"<p><strong>Medin\u0117 d\u0117lion\u0117<\/strong>&nbsp;poj\u016b\u010diams&nbsp;<strong>mokytis ir r\u016b\u0161iuoti<\/strong>&nbsp;.&nbsp;Vaiko u\u017eduotis \u2013 priskirti objektus pasirinktiems poj\u016b\u010diams.&nbsp;Nuotraukose pavaizduota daug kasdieni\u0173 daikt\u0173, pvz., me\u0161kiukas, automobilis.&nbsp;Visas daiktas pagamintas i\u0161&nbsp;<strong>med\u017eio ir nuda\u017eytas netoksi\u0161kais da\u017eais.&nbsp;<\/strong>Pridedamame vadove pateikiami pasi\u016blymai d\u0117l variant\u0173 vienam asmeniui ir keliems \u017emon\u0117ms bei skirtingo sud\u0117tingumo.<\/p><p><strong>Charakteristika:<\/strong><\/p><ul class=\"wp-block-list\"><li>&#8211; visas daiktas pagamintas i\u0161 med\u017eio,<\/li><li>&#8211; leid\u017eia vaikams leisti laik\u0105 ir mokytis \u017eaid\u017eiant,<\/li><li>&#8211; nuda\u017eytas netoksi\u0161kais da\u017eais, tod\u0117l yra saugus vaikui.<\/li><\/ul><p><strong>\u012e \u017eaisl\u0105 \u012feina:<\/strong><\/p><ul class=\"wp-block-list\"><li>&#8211; 5 pagrindin\u0117s plytel\u0117s&nbsp;<strong>(pagrindiniai poj\u016b\u010diai: reg\u0117jimas, lietimas rankomis, nosies kvapas, burnos skonis, klausa),<\/strong><\/li><li>&#8211; 30 plyteli\u0173 su spalvingais paveiksl\u0117liais,<\/li><li>&#8211; 2 kubeliai,<\/li><li>&#8211; instrukcijos.<\/li><\/ul><p><strong>\u017daislas vysto:<\/strong><\/p><ul class=\"wp-block-list\"><li>&#8211; Labai lavina vaiko suvokim\u0105,<\/li><li>&#8211; loginis m\u0105stymas,<\/li><li>&#8211; smulkioji motorika,<\/li><li>&#8211; koncentracija,<\/li><li>&#8211; aki\u0173 koordinacija.<\/li><\/ul><p><strong>VIGA<\/strong>&nbsp;yra prek\u0117s \u017eenklas&nbsp;<strong>, \u012fregistruotas 2003 m.,<\/strong>&nbsp;bet jau pristatomas&nbsp;<strong>daugiau nei 60 pasaulio \u0161ali\u0173<\/strong>&nbsp;.&nbsp;J\u0173&nbsp;<strong>novatori\u0161kos id\u0117jos peln\u0117 pripa\u017einim\u0105 min.&nbsp;Europoje, JAV, Australijoje ir Japonijoje.&nbsp;<\/strong>\u012emon\u0117s \u012fk\u016br\u0117jai atkreip\u0117 d\u0117mes\u012f \u012f tyrim\u0173 rezultatus, parodan\u010dius&nbsp;<strong>\u017eaidimo ir mokymosi ry\u0161\u012f ankstyvaisiais vaik\u0173 raidos metais.&nbsp;<\/strong>Pad\u0117ti t\u0117vams ir ugdymo \u012fstaigoms&nbsp;<strong>aukl\u0117jant vaikus ir i\u0161gelb\u0117ti juos nuo virtualaus pasaulio, kuris gali labai i\u0161kreipti tikrov\u0119<\/strong>&nbsp;.&nbsp;Gamintojas si\u016blo novatori\u0161k\u0105 asortiment\u0105 i\u0161&nbsp;<strong>nat\u016brali\u0173 med\u017eiag\u0173, gaut\u0173 ekologi\u0161k\u0173 gamybos proces\u0173 metu<\/strong>&nbsp;.<strong>Medini\u0173 gamini\u0173 sauga ir kokyb\u0117 yra VIGI prioritetas<\/strong>&nbsp;, gamintojas pasir\u016bpino, kad&nbsp;<strong>\u017eaislams da\u017eyti naudojami da\u017eai atitikt\u0173 EN71 ir ASTM saugos standartus.&nbsp;<\/strong><\/p>","protected":false},"excerpt":{"rendered":"<p>Medin\u0117 d\u0117lion\u0117&nbsp;poj\u016b\u010diams&nbsp;mokytis ir r\u016b\u0161iuoti&nbsp;.&nbsp;Vaiko u\u017eduotis \u2013 priskirti objektus pasirinktiems poj\u016b\u010diams.&nbsp;Nuotraukose pavaizduota daug kasdieni\u0173 daikt\u0173, pvz., me\u0161kiukas, automobilis.&nbsp;Visas daiktas pagamintas i\u0161&nbsp;med\u017eio ir nuda\u017eytas netoksi\u0161kais da\u017eais.&nbsp;Pridedamame vadove pateikiami pasi\u016blymai d\u0117l variant\u0173 vienam asmeniui ir keliems \u017emon\u0117ms bei skirtingo sud\u0117tingumo. Charakteristika: &#8211; visas daiktas pagamintas i\u0161 med\u017eio, &#8211; leid\u017eia vaikams leisti laik\u0105 ir mokytis \u017eaid\u017eiant, &#8211; nuda\u017eytas netoksi\u0161kais [&hellip;]<\/p>","protected":false},"featured_media":13719,"template":"","meta":{"iawp_total_views":55},"product_cat":[92,82,84,91,102,83,90,86,49,39],"product_tag":[96,97,98],"class_list":{"0":"post-13718","1":"product","2":"type-product","3":"status-publish","4":"has-post-thumbnail","6":"product_cat-deliones","7":"product_cat-ispardavimas","8":"product_cat-lavinamieji-zaislai","9":"product_cat-loginiam-mastymui","10":"product_cat-mediniai-zaislai","11":"product_cat-montessori-zaislai","12":"product_cat-pasaulio-pazinimas","13":"product_cat-smulkioji-motorika","14":"product_cat-visi-zaislai","15":"product_cat-zaislai","16":"product_tag-2-m-3-m","17":"product_tag-3-m-4-m","18":"product_tag-5-m-7-m","20":"first","21":"instock","22":"sale","23":"taxable","24":"shipping-taxable","25":"purchasable","26":"product-type-simple"},"yoast_head":"<!-- This site is optimized with the Yoast SEO plugin v23.3 - https:\/\/yoast.com\/wordpress\/plugins\/seo\/ -->\n<title>Viga edukacinis Montessori stiliaus \u017eaidimas - Montessori \u017eaislai<\/title>\n<meta name=\"robots\" content=\"noindex, follow, max-snippet:-1, max-image-preview:large, max-video-preview:-1\" \/>\n<meta property=\"og:locale\" content=\"en_US\" \/>\n<meta property=\"og:type\" content=\"article\" \/>\n<meta property=\"og:title\" content=\"Viga edukacinis Montessori stiliaus \u017eaidimas - Montessori \u017eaislai\" \/>\n<meta property=\"og:description\" content=\"Medin\u0117 d\u0117lion\u0117&nbsp;poj\u016b\u010diams&nbsp;mokytis ir r\u016b\u0161iuoti&nbsp;.&nbsp;Vaiko u\u017eduotis \u2013 priskirti objektus pasirinktiems poj\u016b\u010diams.&nbsp;Nuotraukose pavaizduota daug kasdieni\u0173 daikt\u0173, pvz., me\u0161kiukas, automobilis.&nbsp;Visas daiktas pagamintas i\u0161&nbsp;med\u017eio ir nuda\u017eytas netoksi\u0161kais da\u017eais.&nbsp;Pridedamame vadove pateikiami pasi\u016blymai d\u0117l variant\u0173 vienam asmeniui ir keliems \u017emon\u0117ms bei skirtingo sud\u0117tingumo. Charakteristika: &#8211; visas daiktas pagamintas i\u0161 med\u017eio, &#8211; leid\u017eia vaikams leisti laik\u0105 ir mokytis \u017eaid\u017eiant, &#8211; nuda\u017eytas netoksi\u0161kais [&hellip;]\" \/>\n<meta property=\"og:url\" content=\"https:\/\/dev.monti.lt\/en\/product\/viga-edukacinis-montessori-zaidimas\/\" \/>\n<meta property=\"og:site_name\" content=\"Montessori \u017eaislai\" \/>\n<meta property=\"article:modified_time\" content=\"2024-06-10T12:45:26+00:00\" \/>\n<meta property=\"og:image\" content=\"https:\/\/dev.monti.lt\/wp-content\/uploads\/2023\/01\/viga-gra-edukacyjna-ukladanka-uczaca-sortuj-zmysly-37-el-montessori.jpg\" \/>\n\t<meta property=\"og:image:width\" content=\"800\" \/>\n\t<meta property=\"og:image:height\" content=\"800\" \/>\n\t<meta property=\"og:image:type\" content=\"image\/jpeg\" \/>\n<meta name=\"twitter:card\" content=\"summary_large_image\" \/>\n<meta name=\"twitter:label1\" content=\"Est. reading time\" \/>\n\t<meta name=\"twitter:data1\" content=\"1 minute\" \/>\n<script type=\"application\/ld+json\" class=\"yoast-schema-graph\">{\"@context\":\"https:\/\/schema.org\",\"@graph\":[{\"@type\":\"WebPage\",\"@id\":\"https:\/\/dev.monti.lt\/product\/viga-edukacinis-montessori-zaidimas\/\",\"url\":\"https:\/\/dev.monti.lt\/product\/viga-edukacinis-montessori-zaidimas\/\",\"name\":\"Viga edukacinis Montessori stiliaus \u017eaidimas - Montessori \u017eaislai\",\"isPartOf\":{\"@id\":\"https:\/\/dev.monti.lt\/#website\"},\"primaryImageOfPage\":{\"@id\":\"https:\/\/dev.monti.lt\/product\/viga-edukacinis-montessori-zaidimas\/#primaryimage\"},\"image\":{\"@id\":\"https:\/\/dev.monti.lt\/product\/viga-edukacinis-montessori-zaidimas\/#primaryimage\"},\"thumbnailUrl\":\"https:\/\/dev.monti.lt\/wp-content\/uploads\/2023\/01\/viga-gra-edukacyjna-ukladanka-uczaca-sortuj-zmysly-37-el-montessori.jpg\",\"datePublished\":\"2023-01-30T18:08:45+00:00\",\"dateModified\":\"2024-06-10T12:45:26+00:00\",\"breadcrumb\":{\"@id\":\"https:\/\/dev.monti.lt\/product\/viga-edukacinis-montessori-zaidimas\/#breadcrumb\"},\"inLanguage\":\"en-US\",\"potentialAction\":[{\"@type\":\"ReadAction\",\"target\":[\"https:\/\/dev.monti.lt\/product\/viga-edukacinis-montessori-zaidimas\/\"]}]},{\"@type\":\"ImageObject\",\"inLanguage\":\"en-US\",\"@id\":\"https:\/\/dev.monti.lt\/product\/viga-edukacinis-montessori-zaidimas\/#primaryimage\",\"url\":\"https:\/\/dev.monti.lt\/wp-content\/uploads\/2023\/01\/viga-gra-edukacyjna-ukladanka-uczaca-sortuj-zmysly-37-el-montessori.jpg\",\"contentUrl\":\"https:\/\/dev.monti.lt\/wp-content\/uploads\/2023\/01\/viga-gra-edukacyjna-ukladanka-uczaca-sortuj-zmysly-37-el-montessori.jpg\",\"width\":800,\"height\":800,\"caption\":\"montessori zaislas\"},{\"@type\":\"BreadcrumbList\",\"@id\":\"https:\/\/dev.monti.lt\/product\/viga-edukacinis-montessori-zaidimas\/#breadcrumb\",\"itemListElement\":[{\"@type\":\"ListItem\",\"position\":1,\"name\":\"Home\",\"item\":\"https:\/\/dev.monti.lt\/\"},{\"@type\":\"ListItem\",\"position\":2,\"name\":\"Parduotuv\u0117\",\"item\":\"https:\/\/dev.monti.lt\/shop\/\"},{\"@type\":\"ListItem\",\"position\":3,\"name\":\"Viga edukacinis Montessori stiliaus \u017eaidimas\"}]},{\"@type\":\"WebSite\",\"@id\":\"https:\/\/dev.monti.lt\/#website\",\"url\":\"https:\/\/dev.monti.lt\/\",\"name\":\"Montessori \u017eaislai\",\"description\":\"\",\"publisher\":{\"@id\":\"https:\/\/dev.monti.lt\/#organization\"},\"potentialAction\":[{\"@type\":\"SearchAction\",\"target\":{\"@type\":\"EntryPoint\",\"urlTemplate\":\"https:\/\/dev.monti.lt\/?s={search_term_string}\"},\"query-input\":\"required name=search_term_string\"}],\"inLanguage\":\"en-US\"},{\"@type\":\"Organization\",\"@id\":\"https:\/\/dev.monti.lt\/#organization\",\"name\":\"Montessori \u017eaislai\",\"url\":\"https:\/\/dev.monti.lt\/\",\"logo\":{\"@type\":\"ImageObject\",\"inLanguage\":\"en-US\",\"@id\":\"https:\/\/dev.monti.lt\/#\/schema\/logo\/image\/\",\"url\":\"https:\/\/dev.monti.lt\/wp-content\/uploads\/2022\/03\/montilogo-1.png\",\"contentUrl\":\"https:\/\/dev.monti.lt\/wp-content\/uploads\/2022\/03\/montilogo-1.png\",\"width\":512,\"height\":512,\"caption\":\"Montessori \u017eaislai\"},\"image\":{\"@id\":\"https:\/\/dev.monti.lt\/#\/schema\/logo\/image\/\"}}]}<\/script>\n<!-- \/ Yoast SEO plugin. -->","yoast_head_json":{"title":"Viga edukacinis Montessori stiliaus \u017eaidimas - Montessori \u017eaislai","robots":{"index":"noindex","follow":"follow","max-snippet":"max-snippet:-1","max-image-preview":"max-image-preview:large","max-video-preview":"max-video-preview:-1"},"og_locale":"en_US","og_type":"article","og_title":"Viga edukacinis Montessori stiliaus \u017eaidimas - Montessori \u017eaislai","og_description":"Medin\u0117 d\u0117lion\u0117&nbsp;poj\u016b\u010diams&nbsp;mokytis ir r\u016b\u0161iuoti&nbsp;.&nbsp;Vaiko u\u017eduotis \u2013 priskirti objektus pasirinktiems poj\u016b\u010diams.&nbsp;Nuotraukose pavaizduota daug kasdieni\u0173 daikt\u0173, pvz., me\u0161kiukas, automobilis.&nbsp;Visas daiktas pagamintas i\u0161&nbsp;med\u017eio ir nuda\u017eytas netoksi\u0161kais da\u017eais.&nbsp;Pridedamame vadove pateikiami pasi\u016blymai d\u0117l variant\u0173 vienam asmeniui ir keliems \u017emon\u0117ms bei skirtingo sud\u0117tingumo. Charakteristika: &#8211; visas daiktas pagamintas i\u0161 med\u017eio, &#8211; leid\u017eia vaikams leisti laik\u0105 ir mokytis \u017eaid\u017eiant, &#8211; nuda\u017eytas netoksi\u0161kais [&hellip;]","og_url":"https:\/\/dev.monti.lt\/en\/product\/viga-edukacinis-montessori-zaidimas\/","og_site_name":"Montessori \u017eaislai","article_modified_time":"2024-06-10T12:45:26+00:00","og_image":[{"width":800,"height":800,"url":"https:\/\/dev.monti.lt\/wp-content\/uploads\/2023\/01\/viga-gra-edukacyjna-ukladanka-uczaca-sortuj-zmysly-37-el-montessori.jpg","type":"image\/jpeg"}],"twitter_card":"summary_large_image","twitter_misc":{"Est. reading time":"1 minute"},"schema":{"@context":"https:\/\/schema.org","@graph":[{"@type":"WebPage","@id":"https:\/\/dev.monti.lt\/product\/viga-edukacinis-montessori-zaidimas\/","url":"https:\/\/dev.monti.lt\/product\/viga-edukacinis-montessori-zaidimas\/","name":"Viga edukacinis Montessori stiliaus \u017eaidimas - Montessori \u017eaislai","isPartOf":{"@id":"https:\/\/dev.monti.lt\/#website"},"primaryImageOfPage":{"@id":"https:\/\/dev.monti.lt\/product\/viga-edukacinis-montessori-zaidimas\/#primaryimage"},"image":{"@id":"https:\/\/dev.monti.lt\/product\/viga-edukacinis-montessori-zaidimas\/#primaryimage"},"thumbnailUrl":"https:\/\/dev.monti.lt\/wp-content\/uploads\/2023\/01\/viga-gra-edukacyjna-ukladanka-uczaca-sortuj-zmysly-37-el-montessori.jpg","datePublished":"2023-01-30T18:08:45+00:00","dateModified":"2024-06-10T12:45:26+00:00","breadcrumb":{"@id":"https:\/\/dev.monti.lt\/product\/viga-edukacinis-montessori-zaidimas\/#breadcrumb"},"inLanguage":"en-US","potentialAction":[{"@type":"ReadAction","target":["https:\/\/dev.monti.lt\/product\/viga-edukacinis-montessori-zaidimas\/"]}]},{"@type":"ImageObject","inLanguage":"en-US","@id":"https:\/\/dev.monti.lt\/product\/viga-edukacinis-montessori-zaidimas\/#primaryimage","url":"https:\/\/dev.monti.lt\/wp-content\/uploads\/2023\/01\/viga-gra-edukacyjna-ukladanka-uczaca-sortuj-zmysly-37-el-montessori.jpg","contentUrl":"https:\/\/dev.monti.lt\/wp-content\/uploads\/2023\/01\/viga-gra-edukacyjna-ukladanka-uczaca-sortuj-zmysly-37-el-montessori.jpg","width":800,"height":800,"caption":"montessori zaislas"},{"@type":"BreadcrumbList","@id":"https:\/\/dev.monti.lt\/product\/viga-edukacinis-montessori-zaidimas\/#breadcrumb","itemListElement":[{"@type":"ListItem","position":1,"name":"Home","item":"https:\/\/dev.monti.lt\/"},{"@type":"ListItem","position":2,"name":"Parduotuv\u0117","item":"https:\/\/dev.monti.lt\/shop\/"},{"@type":"ListItem","position":3,"name":"Viga edukacinis Montessori stiliaus \u017eaidimas"}]},{"@type":"WebSite","@id":"https:\/\/dev.monti.lt\/#website","url":"https:\/\/dev.monti.lt\/","name":"Montessori \u017eaislai","description":"","publisher":{"@id":"https:\/\/dev.monti.lt\/#organization"},"potentialAction":[{"@type":"SearchAction","target":{"@type":"EntryPoint","urlTemplate":"https:\/\/dev.monti.lt\/?s={search_term_string}"},"query-input":"required name=search_term_string"}],"inLanguage":"en-US"},{"@type":"Organization","@id":"https:\/\/dev.monti.lt\/#organization","name":"Montessori \u017eaislai","url":"https:\/\/dev.monti.lt\/","logo":{"@type":"ImageObject","inLanguage":"en-US","@id":"https:\/\/dev.monti.lt\/#\/schema\/logo\/image\/","url":"https:\/\/dev.monti.lt\/wp-content\/uploads\/2022\/03\/montilogo-1.png","contentUrl":"https:\/\/dev.monti.lt\/wp-content\/uploads\/2022\/03\/montilogo-1.png","width":512,"height":512,"caption":"Montessori \u017eaislai"},"image":{"@id":"https:\/\/dev.monti.lt\/#\/schema\/logo\/image\/"}}]}},"_links":{"self":[{"href":"https:\/\/dev.monti.lt\/en\/wp-json\/wp\/v2\/product\/13718"}],"collection":[{"href":"https:\/\/dev.monti.lt\/en\/wp-json\/wp\/v2\/product"}],"about":[{"href":"https:\/\/dev.monti.lt\/en\/wp-json\/wp\/v2\/types\/product"}],"version-history":[{"count":2,"href":"https:\/\/dev.monti.lt\/en\/wp-json\/wp\/v2\/product\/13718\/revisions"}],"predecessor-version":[{"id":20949,"href":"https:\/\/dev.monti.lt\/en\/wp-json\/wp\/v2\/product\/13718\/revisions\/20949"}],"wp:featuredmedia":[{"embeddable":true,"href":"https:\/\/dev.monti.lt\/en\/wp-json\/wp\/v2\/media\/13719"}],"wp:attachment":[{"href":"https:\/\/dev.monti.lt\/en\/wp-json\/wp\/v2\/media?parent=13718"}],"wp:term":[{"taxonomy":"product_cat","embeddable":true,"href":"https:\/\/dev.monti.lt\/en\/wp-json\/wp\/v2\/product_cat?post=13718"},{"taxonomy":"product_tag","embeddable":true,"href":"https:\/\/dev.monti.lt\/en\/wp-json\/wp\/v2\/product_tag?post=13718"}],"curies":[{"name":"wp","href":"https:\/\/api.w.org\/{rel}","templated":true}]}}