{"id":13713,"date":"2023-01-30T17:52:59","date_gmt":"2023-01-30T17:52:59","guid":{"rendered":"https:\/\/dev.monti.lt\/?post_type=product&#038;p=13713"},"modified":"2024-09-14T11:09:48","modified_gmt":"2024-09-14T11:09:48","slug":"medine-delione-darzoves","status":"publish","type":"product","link":"https:\/\/dev.monti.lt\/en\/product\/medine-delione-darzoves\/","title":{"rendered":"Medin\u0117 d\u0117lion\u0117 &#8220;Dar\u017eov\u0117s&#8221;"},"content":{"rendered":"<p><strong>TOOKY TOY Dar\u017eovi\u0173 smeigtuk\u0173 galvos\u016bkis<\/strong>&nbsp;yra \u012fdomus ir spalvingas b\u016bdas atrasti vaisius.&nbsp;D\u0117lion\u0117 susideda&nbsp;i\u0161&nbsp;<strong>10 dali\u0173<\/strong>&nbsp;ir d\u0117lion\u0117s lentos.&nbsp;D\u0117lion\u0117 skatina ankstyv\u0105 mokym\u0105si&nbsp;<strong>atpa\u017einti dar\u017eoves ir vaisius<\/strong>&nbsp;\u017eaid\u017eiant, nes lavina&nbsp;<strong>rank\u0173 ir aki\u0173 koordinacij\u0105<\/strong>&nbsp;bei&nbsp;<strong>pasitik\u0117jim\u0105 savimi<\/strong>&nbsp;.&nbsp;Spalvingas ra\u0161tas padeda lavinti&nbsp;<strong>spalv\u0173 skirtum\u0105<\/strong>&nbsp;ir&nbsp;<strong>skatina vaizduot\u0119<\/strong>.&nbsp;Pagaminta i\u0161 patvarios medienos, leid\u017eia ilgai linksmintis ir kartu r\u016bpintis m\u016bs\u0173 planeta.&nbsp;Saugus \u017eaislas, nuda\u017eytas netoksi\u0161kais da\u017eais ir patikrintas pagal auk\u0161\u010diausius standartus.&nbsp;Skirta vaikams nuo&nbsp;<strong>18 m\u0117nesi\u0173 am\u017eiaus<\/strong>&nbsp;.<strong>&nbsp;<br><\/strong><strong><\/strong><strong><\/strong><strong><\/strong><strong><\/strong><strong><\/strong><strong><\/strong><strong><\/strong><\/p><p><strong>Charakteristika:<\/strong><\/p><ul class=\"wp-block-list\"><li>&#8211; \u017eaislas i\u0161 med\u017eio<\/li><li>&#8211; susideda i\u0161 10 element\u0173 ir d\u0117lion\u0117s lentos<\/li><li>&#8211; Da\u017eyta netoksi\u0161kais da\u017eais<\/li><\/ul><p><strong>\u017daislas vysto:&nbsp;<\/strong><\/p><ul class=\"wp-block-list\"><li>&#8211; vaizduot\u0117s,<\/li><li>&#8211; rankiniai \u012fg\u016bd\u017eiai,<\/li><li>&#8211; pa\u017eintiniai geb\u0117jimai,<\/li><li>&#8211; geb\u0117jimas m\u0105styti logi\u0161kai<\/li><li>&#8211; aki\u0173-rank\u0173 koordinacija<\/li><\/ul><p><strong>Eko&nbsp;<\/strong>&nbsp;\u017eaislai skirti patiems ma\u017eiausiems vaikams, kurie pagaminti i\u0161 visi\u0161kai nat\u016brali\u0173, biologi\u0161kai skaid\u017ei\u0173 ir hipoalergini\u0173 med\u017eiag\u0173, kuri\u0173 d\u0117ka yra 100% saug\u016bs ir nekenksmingi ne tik aplinkai, bet ir J\u016bs\u0173 vaikui.<\/p><p><strong>Tooky Toy&nbsp;<\/strong>yra \u012fmon\u0117, gaminanti&nbsp;<strong>medinius \u017eaislus&nbsp;<\/strong>vaikams, rinkoje esanti nuo 2004 m.&nbsp;Daugiau nei tuzino met\u0173 patirtis pramon\u0117je yra auk\u0161tos kokyb\u0117s gamini\u0173, pagamint\u0173 atsi\u017evelgiant \u012f vaik\u0173 saugum\u0105, garantija.&nbsp;<strong>Tooky Toy \u017eaislai turi daugyb\u0119 sertifikat\u0173, patvirtinan\u010di\u0173&nbsp;<\/strong>\u0161i\u0173&nbsp;ekologi\u0161k\u0173 gamini\u0173 saugum\u0105.&nbsp;Gerai i\u0161lygintas, be atplai\u0161\u0173 ir a\u0161tri\u0173 kra\u0161t\u0173, \u017eaislas padengtas tik saugiais, netoksi\u0161kais da\u017eais, da\u017eais ir lakais.&nbsp;D\u0117l viso to Tooky Toy \u017eaislus m\u0117gsta vaikai ir vertina t\u0117vai visame pasaulyje.<\/p>","protected":false},"excerpt":{"rendered":"<p>TOOKY TOY Dar\u017eovi\u0173 smeigtuk\u0173 galvos\u016bkis&nbsp;yra \u012fdomus ir spalvingas b\u016bdas atrasti vaisius.&nbsp;D\u0117lion\u0117 susideda&nbsp;i\u0161&nbsp;10 dali\u0173&nbsp;ir d\u0117lion\u0117s lentos.&nbsp;D\u0117lion\u0117 skatina ankstyv\u0105 mokym\u0105si&nbsp;atpa\u017einti dar\u017eoves ir vaisius&nbsp;\u017eaid\u017eiant, nes lavina&nbsp;rank\u0173 ir aki\u0173 koordinacij\u0105&nbsp;bei&nbsp;pasitik\u0117jim\u0105 savimi&nbsp;.&nbsp;Spalvingas ra\u0161tas padeda lavinti&nbsp;spalv\u0173 skirtum\u0105&nbsp;ir&nbsp;skatina vaizduot\u0119.&nbsp;Pagaminta i\u0161 patvarios medienos, leid\u017eia ilgai linksmintis ir kartu r\u016bpintis m\u016bs\u0173 planeta.&nbsp;Saugus \u017eaislas, nuda\u017eytas netoksi\u0161kais da\u017eais ir patikrintas pagal auk\u0161\u010diausius standartus.&nbsp;Skirta vaikams nuo&nbsp;18 m\u0117nesi\u0173 [&hellip;]<\/p>","protected":false},"featured_media":13714,"template":"","meta":{"iawp_total_views":26},"product_cat":[213,92,82,84,102,83,49,39],"product_tag":[95,96,97,98],"class_list":{"0":"post-13713","1":"product","2":"type-product","3":"status-publish","4":"has-post-thumbnail","6":"product_cat-akcija","7":"product_cat-deliones","8":"product_cat-ispardavimas","9":"product_cat-lavinamieji-zaislai","10":"product_cat-mediniai-zaislai","11":"product_cat-montessori-zaislai","12":"product_cat-visi-zaislai","13":"product_cat-zaislai","14":"product_tag-1-m-2-m","15":"product_tag-2-m-3-m","16":"product_tag-3-m-4-m","17":"product_tag-5-m-7-m","19":"first","20":"outofstock","21":"sale","22":"taxable","23":"shipping-taxable","24":"purchasable","25":"product-type-simple"},"yoast_head":"<!-- This site is optimized with the Yoast SEO plugin v23.3 - https:\/\/yoast.com\/wordpress\/plugins\/seo\/ -->\n<title>Medin\u0117 d\u0117lion\u0117 &quot;Dar\u017eov\u0117s&quot; - Montessori \u017eaislai<\/title>\n<meta name=\"robots\" content=\"noindex, follow, max-snippet:-1, max-image-preview:large, max-video-preview:-1\" \/>\n<meta property=\"og:locale\" content=\"en_US\" \/>\n<meta property=\"og:type\" content=\"article\" \/>\n<meta property=\"og:title\" content=\"Medin\u0117 d\u0117lion\u0117 &quot;Dar\u017eov\u0117s&quot; - Montessori \u017eaislai\" \/>\n<meta property=\"og:description\" content=\"TOOKY TOY Dar\u017eovi\u0173 smeigtuk\u0173 galvos\u016bkis&nbsp;yra \u012fdomus ir spalvingas b\u016bdas atrasti vaisius.&nbsp;D\u0117lion\u0117 susideda&nbsp;i\u0161&nbsp;10 dali\u0173&nbsp;ir d\u0117lion\u0117s lentos.&nbsp;D\u0117lion\u0117 skatina ankstyv\u0105 mokym\u0105si&nbsp;atpa\u017einti dar\u017eoves ir vaisius&nbsp;\u017eaid\u017eiant, nes lavina&nbsp;rank\u0173 ir aki\u0173 koordinacij\u0105&nbsp;bei&nbsp;pasitik\u0117jim\u0105 savimi&nbsp;.&nbsp;Spalvingas ra\u0161tas padeda lavinti&nbsp;spalv\u0173 skirtum\u0105&nbsp;ir&nbsp;skatina vaizduot\u0119.&nbsp;Pagaminta i\u0161 patvarios medienos, leid\u017eia ilgai linksmintis ir kartu r\u016bpintis m\u016bs\u0173 planeta.&nbsp;Saugus \u017eaislas, nuda\u017eytas netoksi\u0161kais da\u017eais ir patikrintas pagal auk\u0161\u010diausius standartus.&nbsp;Skirta vaikams nuo&nbsp;18 m\u0117nesi\u0173 [&hellip;]\" \/>\n<meta property=\"og:url\" content=\"https:\/\/dev.monti.lt\/en\/product\/medine-delione-darzoves\/\" \/>\n<meta property=\"og:site_name\" content=\"Montessori \u017eaislai\" \/>\n<meta property=\"article:modified_time\" content=\"2024-09-14T11:09:48+00:00\" \/>\n<meta property=\"og:image\" content=\"https:\/\/dev.monti.lt\/wp-content\/uploads\/2023\/01\/tooky-toy-puzzle-drewniana-ukladanka-montessori-z-pinezkami-warzywa.jpg\" \/>\n\t<meta property=\"og:image:width\" content=\"800\" \/>\n\t<meta property=\"og:image:height\" content=\"800\" \/>\n\t<meta property=\"og:image:type\" content=\"image\/jpeg\" \/>\n<meta name=\"twitter:card\" content=\"summary_large_image\" \/>\n<meta name=\"twitter:label1\" content=\"Est. reading time\" \/>\n\t<meta name=\"twitter:data1\" content=\"1 minute\" \/>\n<script type=\"application\/ld+json\" class=\"yoast-schema-graph\">{\"@context\":\"https:\/\/schema.org\",\"@graph\":[{\"@type\":\"WebPage\",\"@id\":\"https:\/\/dev.monti.lt\/product\/medine-delione-darzoves\/\",\"url\":\"https:\/\/dev.monti.lt\/product\/medine-delione-darzoves\/\",\"name\":\"Medin\u0117 d\u0117lion\u0117 \\\"Dar\u017eov\u0117s\\\" - Montessori \u017eaislai\",\"isPartOf\":{\"@id\":\"https:\/\/dev.monti.lt\/#website\"},\"primaryImageOfPage\":{\"@id\":\"https:\/\/dev.monti.lt\/product\/medine-delione-darzoves\/#primaryimage\"},\"image\":{\"@id\":\"https:\/\/dev.monti.lt\/product\/medine-delione-darzoves\/#primaryimage\"},\"thumbnailUrl\":\"https:\/\/dev.monti.lt\/wp-content\/uploads\/2023\/01\/tooky-toy-puzzle-drewniana-ukladanka-montessori-z-pinezkami-warzywa.jpg\",\"datePublished\":\"2023-01-30T17:52:59+00:00\",\"dateModified\":\"2024-09-14T11:09:48+00:00\",\"breadcrumb\":{\"@id\":\"https:\/\/dev.monti.lt\/product\/medine-delione-darzoves\/#breadcrumb\"},\"inLanguage\":\"en-US\",\"potentialAction\":[{\"@type\":\"ReadAction\",\"target\":[\"https:\/\/dev.monti.lt\/product\/medine-delione-darzoves\/\"]}]},{\"@type\":\"ImageObject\",\"inLanguage\":\"en-US\",\"@id\":\"https:\/\/dev.monti.lt\/product\/medine-delione-darzoves\/#primaryimage\",\"url\":\"https:\/\/dev.monti.lt\/wp-content\/uploads\/2023\/01\/tooky-toy-puzzle-drewniana-ukladanka-montessori-z-pinezkami-warzywa.jpg\",\"contentUrl\":\"https:\/\/dev.monti.lt\/wp-content\/uploads\/2023\/01\/tooky-toy-puzzle-drewniana-ukladanka-montessori-z-pinezkami-warzywa.jpg\",\"width\":800,\"height\":800,\"caption\":\"montessori darzoves\"},{\"@type\":\"BreadcrumbList\",\"@id\":\"https:\/\/dev.monti.lt\/product\/medine-delione-darzoves\/#breadcrumb\",\"itemListElement\":[{\"@type\":\"ListItem\",\"position\":1,\"name\":\"Home\",\"item\":\"https:\/\/dev.monti.lt\/\"},{\"@type\":\"ListItem\",\"position\":2,\"name\":\"Parduotuv\u0117\",\"item\":\"https:\/\/dev.monti.lt\/shop\/\"},{\"@type\":\"ListItem\",\"position\":3,\"name\":\"Medin\u0117 d\u0117lion\u0117 &#8220;Dar\u017eov\u0117s&#8221;\"}]},{\"@type\":\"WebSite\",\"@id\":\"https:\/\/dev.monti.lt\/#website\",\"url\":\"https:\/\/dev.monti.lt\/\",\"name\":\"Montessori \u017eaislai\",\"description\":\"\",\"publisher\":{\"@id\":\"https:\/\/dev.monti.lt\/#organization\"},\"potentialAction\":[{\"@type\":\"SearchAction\",\"target\":{\"@type\":\"EntryPoint\",\"urlTemplate\":\"https:\/\/dev.monti.lt\/?s={search_term_string}\"},\"query-input\":\"required name=search_term_string\"}],\"inLanguage\":\"en-US\"},{\"@type\":\"Organization\",\"@id\":\"https:\/\/dev.monti.lt\/#organization\",\"name\":\"Montessori \u017eaislai\",\"url\":\"https:\/\/dev.monti.lt\/\",\"logo\":{\"@type\":\"ImageObject\",\"inLanguage\":\"en-US\",\"@id\":\"https:\/\/dev.monti.lt\/#\/schema\/logo\/image\/\",\"url\":\"https:\/\/dev.monti.lt\/wp-content\/uploads\/2022\/03\/montilogo-1.png\",\"contentUrl\":\"https:\/\/dev.monti.lt\/wp-content\/uploads\/2022\/03\/montilogo-1.png\",\"width\":512,\"height\":512,\"caption\":\"Montessori \u017eaislai\"},\"image\":{\"@id\":\"https:\/\/dev.monti.lt\/#\/schema\/logo\/image\/\"}}]}<\/script>\n<!-- \/ Yoast SEO plugin. -->","yoast_head_json":{"title":"Medin\u0117 d\u0117lion\u0117 \"Dar\u017eov\u0117s\" - Montessori \u017eaislai","robots":{"index":"noindex","follow":"follow","max-snippet":"max-snippet:-1","max-image-preview":"max-image-preview:large","max-video-preview":"max-video-preview:-1"},"og_locale":"en_US","og_type":"article","og_title":"Medin\u0117 d\u0117lion\u0117 \"Dar\u017eov\u0117s\" - Montessori \u017eaislai","og_description":"TOOKY TOY Dar\u017eovi\u0173 smeigtuk\u0173 galvos\u016bkis&nbsp;yra \u012fdomus ir spalvingas b\u016bdas atrasti vaisius.&nbsp;D\u0117lion\u0117 susideda&nbsp;i\u0161&nbsp;10 dali\u0173&nbsp;ir d\u0117lion\u0117s lentos.&nbsp;D\u0117lion\u0117 skatina ankstyv\u0105 mokym\u0105si&nbsp;atpa\u017einti dar\u017eoves ir vaisius&nbsp;\u017eaid\u017eiant, nes lavina&nbsp;rank\u0173 ir aki\u0173 koordinacij\u0105&nbsp;bei&nbsp;pasitik\u0117jim\u0105 savimi&nbsp;.&nbsp;Spalvingas ra\u0161tas padeda lavinti&nbsp;spalv\u0173 skirtum\u0105&nbsp;ir&nbsp;skatina vaizduot\u0119.&nbsp;Pagaminta i\u0161 patvarios medienos, leid\u017eia ilgai linksmintis ir kartu r\u016bpintis m\u016bs\u0173 planeta.&nbsp;Saugus \u017eaislas, nuda\u017eytas netoksi\u0161kais da\u017eais ir patikrintas pagal auk\u0161\u010diausius standartus.&nbsp;Skirta vaikams nuo&nbsp;18 m\u0117nesi\u0173 [&hellip;]","og_url":"https:\/\/dev.monti.lt\/en\/product\/medine-delione-darzoves\/","og_site_name":"Montessori \u017eaislai","article_modified_time":"2024-09-14T11:09:48+00:00","og_image":[{"width":800,"height":800,"url":"https:\/\/dev.monti.lt\/wp-content\/uploads\/2023\/01\/tooky-toy-puzzle-drewniana-ukladanka-montessori-z-pinezkami-warzywa.jpg","type":"image\/jpeg"}],"twitter_card":"summary_large_image","twitter_misc":{"Est. reading time":"1 minute"},"schema":{"@context":"https:\/\/schema.org","@graph":[{"@type":"WebPage","@id":"https:\/\/dev.monti.lt\/product\/medine-delione-darzoves\/","url":"https:\/\/dev.monti.lt\/product\/medine-delione-darzoves\/","name":"Medin\u0117 d\u0117lion\u0117 \"Dar\u017eov\u0117s\" - Montessori \u017eaislai","isPartOf":{"@id":"https:\/\/dev.monti.lt\/#website"},"primaryImageOfPage":{"@id":"https:\/\/dev.monti.lt\/product\/medine-delione-darzoves\/#primaryimage"},"image":{"@id":"https:\/\/dev.monti.lt\/product\/medine-delione-darzoves\/#primaryimage"},"thumbnailUrl":"https:\/\/dev.monti.lt\/wp-content\/uploads\/2023\/01\/tooky-toy-puzzle-drewniana-ukladanka-montessori-z-pinezkami-warzywa.jpg","datePublished":"2023-01-30T17:52:59+00:00","dateModified":"2024-09-14T11:09:48+00:00","breadcrumb":{"@id":"https:\/\/dev.monti.lt\/product\/medine-delione-darzoves\/#breadcrumb"},"inLanguage":"en-US","potentialAction":[{"@type":"ReadAction","target":["https:\/\/dev.monti.lt\/product\/medine-delione-darzoves\/"]}]},{"@type":"ImageObject","inLanguage":"en-US","@id":"https:\/\/dev.monti.lt\/product\/medine-delione-darzoves\/#primaryimage","url":"https:\/\/dev.monti.lt\/wp-content\/uploads\/2023\/01\/tooky-toy-puzzle-drewniana-ukladanka-montessori-z-pinezkami-warzywa.jpg","contentUrl":"https:\/\/dev.monti.lt\/wp-content\/uploads\/2023\/01\/tooky-toy-puzzle-drewniana-ukladanka-montessori-z-pinezkami-warzywa.jpg","width":800,"height":800,"caption":"montessori darzoves"},{"@type":"BreadcrumbList","@id":"https:\/\/dev.monti.lt\/product\/medine-delione-darzoves\/#breadcrumb","itemListElement":[{"@type":"ListItem","position":1,"name":"Home","item":"https:\/\/dev.monti.lt\/"},{"@type":"ListItem","position":2,"name":"Parduotuv\u0117","item":"https:\/\/dev.monti.lt\/shop\/"},{"@type":"ListItem","position":3,"name":"Medin\u0117 d\u0117lion\u0117 &#8220;Dar\u017eov\u0117s&#8221;"}]},{"@type":"WebSite","@id":"https:\/\/dev.monti.lt\/#website","url":"https:\/\/dev.monti.lt\/","name":"Montessori \u017eaislai","description":"","publisher":{"@id":"https:\/\/dev.monti.lt\/#organization"},"potentialAction":[{"@type":"SearchAction","target":{"@type":"EntryPoint","urlTemplate":"https:\/\/dev.monti.lt\/?s={search_term_string}"},"query-input":"required name=search_term_string"}],"inLanguage":"en-US"},{"@type":"Organization","@id":"https:\/\/dev.monti.lt\/#organization","name":"Montessori \u017eaislai","url":"https:\/\/dev.monti.lt\/","logo":{"@type":"ImageObject","inLanguage":"en-US","@id":"https:\/\/dev.monti.lt\/#\/schema\/logo\/image\/","url":"https:\/\/dev.monti.lt\/wp-content\/uploads\/2022\/03\/montilogo-1.png","contentUrl":"https:\/\/dev.monti.lt\/wp-content\/uploads\/2022\/03\/montilogo-1.png","width":512,"height":512,"caption":"Montessori \u017eaislai"},"image":{"@id":"https:\/\/dev.monti.lt\/#\/schema\/logo\/image\/"}}]}},"_links":{"self":[{"href":"https:\/\/dev.monti.lt\/en\/wp-json\/wp\/v2\/product\/13713"}],"collection":[{"href":"https:\/\/dev.monti.lt\/en\/wp-json\/wp\/v2\/product"}],"about":[{"href":"https:\/\/dev.monti.lt\/en\/wp-json\/wp\/v2\/types\/product"}],"version-history":[{"count":1,"href":"https:\/\/dev.monti.lt\/en\/wp-json\/wp\/v2\/product\/13713\/revisions"}],"predecessor-version":[{"id":13715,"href":"https:\/\/dev.monti.lt\/en\/wp-json\/wp\/v2\/product\/13713\/revisions\/13715"}],"wp:featuredmedia":[{"embeddable":true,"href":"https:\/\/dev.monti.lt\/en\/wp-json\/wp\/v2\/media\/13714"}],"wp:attachment":[{"href":"https:\/\/dev.monti.lt\/en\/wp-json\/wp\/v2\/media?parent=13713"}],"wp:term":[{"taxonomy":"product_cat","embeddable":true,"href":"https:\/\/dev.monti.lt\/en\/wp-json\/wp\/v2\/product_cat?post=13713"},{"taxonomy":"product_tag","embeddable":true,"href":"https:\/\/dev.monti.lt\/en\/wp-json\/wp\/v2\/product_tag?post=13713"}],"curies":[{"name":"wp","href":"https:\/\/api.w.org\/{rel}","templated":true}]}}