{"id":13710,"date":"2023-01-30T17:40:26","date_gmt":"2023-01-30T17:40:26","guid":{"rendered":"https:\/\/dev.monti.lt\/?post_type=product&#038;p=13710"},"modified":"2024-09-17T08:01:29","modified_gmt":"2024-09-17T08:01:29","slug":"medine-montessori-delione-darzoves","status":"publish","type":"product","link":"https:\/\/dev.monti.lt\/en\/product\/medine-montessori-delione-darzoves\/","title":{"rendered":"Medin\u0117 montessori d\u0117lion\u0117 &#8220;Dar\u017eov\u0117s&#8221;"},"content":{"rendered":"<p><strong>Medin\u0117 d\u0117lion\u0117<\/strong>&nbsp;i\u0161&nbsp;<strong>Classic World<\/strong>&nbsp;vaikams&nbsp;<strong>nuo 18 m\u0117nesi\u0173<\/strong>&nbsp;yra puikus sprendimas namuose ir dar\u017eeliuose.&nbsp;J\u012f sudaro&nbsp;<strong>lentos<\/strong>&nbsp;ir&nbsp;<strong>7<\/strong>&nbsp;teminiai elementai, kurie tur\u0117t\u0173 b\u016bti pritvirtinti prie jos.&nbsp;Ant&nbsp;<strong>medinio pagrindo<\/strong>&nbsp;yra&nbsp;<strong>\u012fdubimai<\/strong>&nbsp;, kurie savo forma atitinka&nbsp;<strong>spalvingus galvos\u016bkius<\/strong>&nbsp;.&nbsp;Visas daiktas pagamintas i\u0161 med\u017eio, nuda\u017eytas&nbsp;<strong>vaikams saugiais da\u017eais<\/strong>&nbsp;ry\u0161kiomis spalvomis, kurios patenkins kiekvien\u0105 vartotoj\u0105 ir&nbsp;<strong>suteiks daug malonumo.<\/strong><\/p><p><strong>Charakteristika:<\/strong><\/p><ul class=\"wp-block-list\"><li><strong>&#8211; Klasikinio pasaulio<\/strong>&nbsp;segtuk\u0173 d\u0117lion\u0117&nbsp;<strong>dar\u017eovi\u0173<\/strong>&nbsp;tema yra puikus \u017eaislas&nbsp;<strong>18 m\u0117nesi\u0173 ir vyresniems<\/strong>&nbsp;vaikams ,<strong><\/strong><\/li><li>&#8211; Rinkin\u012f sudaro:&nbsp;<strong>lenta<\/strong>&nbsp;su duobut\u0117mis ir 7&nbsp;<strong>dar\u017eovi\u0173 gabaliukai<\/strong>&nbsp;su griebtuvais<\/li><li>&#8211; Kai visi fragmentai bus sud\u0117ti \u012f reikiamas vietas, gausime vis\u0105 vaizd\u0105,<strong><\/strong><\/li><li>&#8211; \u017daislas&nbsp;<strong>neturi a\u0161tri\u0173 briaun\u0173<\/strong>&nbsp;ir yra pagamintas i\u0161 auk\u0161\u010diausios kokyb\u0117s med\u017eiag\u0173 , kurios yra&nbsp;<strong>saugios vaikams ir aplinkai,<\/strong><\/li><li>&#8211; Da\u017eyta netoksi\u0161kais da\u017eais.<\/li><\/ul>","protected":false},"excerpt":{"rendered":"<p>Medin\u0117 d\u0117lion\u0117&nbsp;i\u0161&nbsp;Classic World&nbsp;vaikams&nbsp;nuo 18 m\u0117nesi\u0173&nbsp;yra puikus sprendimas namuose ir dar\u017eeliuose.&nbsp;J\u012f sudaro&nbsp;lentos&nbsp;ir&nbsp;7&nbsp;teminiai elementai, kurie tur\u0117t\u0173 b\u016bti pritvirtinti prie jos.&nbsp;Ant&nbsp;medinio pagrindo&nbsp;yra&nbsp;\u012fdubimai&nbsp;, kurie savo forma atitinka&nbsp;spalvingus galvos\u016bkius&nbsp;.&nbsp;Visas daiktas pagamintas i\u0161 med\u017eio, nuda\u017eytas&nbsp;vaikams saugiais da\u017eais&nbsp;ry\u0161kiomis spalvomis, kurios patenkins kiekvien\u0105 vartotoj\u0105 ir&nbsp;suteiks daug malonumo. Charakteristika: &#8211; Klasikinio pasaulio&nbsp;segtuk\u0173 d\u0117lion\u0117&nbsp;dar\u017eovi\u0173&nbsp;tema yra puikus \u017eaislas&nbsp;18 m\u0117nesi\u0173 ir vyresniems&nbsp;vaikams , &#8211; Rinkin\u012f sudaro:&nbsp;lenta&nbsp;su duobut\u0117mis [&hellip;]<\/p>","protected":false},"featured_media":13711,"template":"","meta":{"iawp_total_views":31},"product_cat":[213,92,82,84,102,83,90,49,39],"product_tag":[95,96,97,98],"class_list":{"0":"post-13710","1":"product","2":"type-product","3":"status-publish","4":"has-post-thumbnail","6":"product_cat-akcija","7":"product_cat-deliones","8":"product_cat-ispardavimas","9":"product_cat-lavinamieji-zaislai","10":"product_cat-mediniai-zaislai","11":"product_cat-montessori-zaislai","12":"product_cat-pasaulio-pazinimas","13":"product_cat-visi-zaislai","14":"product_cat-zaislai","15":"product_tag-1-m-2-m","16":"product_tag-2-m-3-m","17":"product_tag-3-m-4-m","18":"product_tag-5-m-7-m","20":"first","21":"instock","22":"sale","23":"taxable","24":"shipping-taxable","25":"purchasable","26":"product-type-simple"},"yoast_head":"<!-- This site is optimized with the Yoast SEO plugin v23.3 - https:\/\/yoast.com\/wordpress\/plugins\/seo\/ -->\n<title>Medin\u0117 montessori d\u0117lion\u0117 &quot;Dar\u017eov\u0117s&quot; - Montessori \u017eaislai<\/title>\n<meta name=\"robots\" content=\"noindex, follow, max-snippet:-1, max-image-preview:large, max-video-preview:-1\" \/>\n<meta property=\"og:locale\" content=\"en_US\" \/>\n<meta property=\"og:type\" content=\"article\" \/>\n<meta property=\"og:title\" content=\"Medin\u0117 montessori d\u0117lion\u0117 &quot;Dar\u017eov\u0117s&quot; - Montessori \u017eaislai\" \/>\n<meta property=\"og:description\" content=\"Medin\u0117 d\u0117lion\u0117&nbsp;i\u0161&nbsp;Classic World&nbsp;vaikams&nbsp;nuo 18 m\u0117nesi\u0173&nbsp;yra puikus sprendimas namuose ir dar\u017eeliuose.&nbsp;J\u012f sudaro&nbsp;lentos&nbsp;ir&nbsp;7&nbsp;teminiai elementai, kurie tur\u0117t\u0173 b\u016bti pritvirtinti prie jos.&nbsp;Ant&nbsp;medinio pagrindo&nbsp;yra&nbsp;\u012fdubimai&nbsp;, kurie savo forma atitinka&nbsp;spalvingus galvos\u016bkius&nbsp;.&nbsp;Visas daiktas pagamintas i\u0161 med\u017eio, nuda\u017eytas&nbsp;vaikams saugiais da\u017eais&nbsp;ry\u0161kiomis spalvomis, kurios patenkins kiekvien\u0105 vartotoj\u0105 ir&nbsp;suteiks daug malonumo. Charakteristika: &#8211; Klasikinio pasaulio&nbsp;segtuk\u0173 d\u0117lion\u0117&nbsp;dar\u017eovi\u0173&nbsp;tema yra puikus \u017eaislas&nbsp;18 m\u0117nesi\u0173 ir vyresniems&nbsp;vaikams , &#8211; Rinkin\u012f sudaro:&nbsp;lenta&nbsp;su duobut\u0117mis [&hellip;]\" \/>\n<meta property=\"og:url\" content=\"https:\/\/dev.monti.lt\/en\/product\/medine-montessori-delione-darzoves\/\" \/>\n<meta property=\"og:site_name\" content=\"Montessori \u017eaislai\" \/>\n<meta property=\"article:modified_time\" content=\"2024-09-17T08:01:29+00:00\" \/>\n<meta property=\"og:image\" content=\"https:\/\/dev.monti.lt\/wp-content\/uploads\/2023\/01\/classic-world-drewniana-ukladanka-dla-dzieci-warzywa-dopasuj-ksztalty-9-el.jpg\" \/>\n\t<meta property=\"og:image:width\" content=\"800\" \/>\n\t<meta property=\"og:image:height\" content=\"800\" \/>\n\t<meta property=\"og:image:type\" content=\"image\/jpeg\" \/>\n<meta name=\"twitter:card\" content=\"summary_large_image\" \/>\n<meta name=\"twitter:label1\" content=\"Est. reading time\" \/>\n\t<meta name=\"twitter:data1\" content=\"1 minute\" \/>\n<script type=\"application\/ld+json\" class=\"yoast-schema-graph\">{\"@context\":\"https:\/\/schema.org\",\"@graph\":[{\"@type\":\"WebPage\",\"@id\":\"https:\/\/dev.monti.lt\/product\/medine-montessori-delione-darzoves\/\",\"url\":\"https:\/\/dev.monti.lt\/product\/medine-montessori-delione-darzoves\/\",\"name\":\"Medin\u0117 montessori d\u0117lion\u0117 \\\"Dar\u017eov\u0117s\\\" - Montessori \u017eaislai\",\"isPartOf\":{\"@id\":\"https:\/\/dev.monti.lt\/#website\"},\"primaryImageOfPage\":{\"@id\":\"https:\/\/dev.monti.lt\/product\/medine-montessori-delione-darzoves\/#primaryimage\"},\"image\":{\"@id\":\"https:\/\/dev.monti.lt\/product\/medine-montessori-delione-darzoves\/#primaryimage\"},\"thumbnailUrl\":\"https:\/\/dev.monti.lt\/wp-content\/uploads\/2023\/01\/classic-world-drewniana-ukladanka-dla-dzieci-warzywa-dopasuj-ksztalty-9-el.jpg\",\"datePublished\":\"2023-01-30T17:40:26+00:00\",\"dateModified\":\"2024-09-17T08:01:29+00:00\",\"breadcrumb\":{\"@id\":\"https:\/\/dev.monti.lt\/product\/medine-montessori-delione-darzoves\/#breadcrumb\"},\"inLanguage\":\"en-US\",\"potentialAction\":[{\"@type\":\"ReadAction\",\"target\":[\"https:\/\/dev.monti.lt\/product\/medine-montessori-delione-darzoves\/\"]}]},{\"@type\":\"ImageObject\",\"inLanguage\":\"en-US\",\"@id\":\"https:\/\/dev.monti.lt\/product\/medine-montessori-delione-darzoves\/#primaryimage\",\"url\":\"https:\/\/dev.monti.lt\/wp-content\/uploads\/2023\/01\/classic-world-drewniana-ukladanka-dla-dzieci-warzywa-dopasuj-ksztalty-9-el.jpg\",\"contentUrl\":\"https:\/\/dev.monti.lt\/wp-content\/uploads\/2023\/01\/classic-world-drewniana-ukladanka-dla-dzieci-warzywa-dopasuj-ksztalty-9-el.jpg\",\"width\":800,\"height\":800,\"caption\":\"d\u0117lion\u0117 dar\u017eov\u0117s\"},{\"@type\":\"BreadcrumbList\",\"@id\":\"https:\/\/dev.monti.lt\/product\/medine-montessori-delione-darzoves\/#breadcrumb\",\"itemListElement\":[{\"@type\":\"ListItem\",\"position\":1,\"name\":\"Home\",\"item\":\"https:\/\/dev.monti.lt\/\"},{\"@type\":\"ListItem\",\"position\":2,\"name\":\"Parduotuv\u0117\",\"item\":\"https:\/\/dev.monti.lt\/shop\/\"},{\"@type\":\"ListItem\",\"position\":3,\"name\":\"Medin\u0117 montessori d\u0117lion\u0117 &#8220;Dar\u017eov\u0117s&#8221;\"}]},{\"@type\":\"WebSite\",\"@id\":\"https:\/\/dev.monti.lt\/#website\",\"url\":\"https:\/\/dev.monti.lt\/\",\"name\":\"Montessori \u017eaislai\",\"description\":\"\",\"publisher\":{\"@id\":\"https:\/\/dev.monti.lt\/#organization\"},\"potentialAction\":[{\"@type\":\"SearchAction\",\"target\":{\"@type\":\"EntryPoint\",\"urlTemplate\":\"https:\/\/dev.monti.lt\/?s={search_term_string}\"},\"query-input\":\"required name=search_term_string\"}],\"inLanguage\":\"en-US\"},{\"@type\":\"Organization\",\"@id\":\"https:\/\/dev.monti.lt\/#organization\",\"name\":\"Montessori \u017eaislai\",\"url\":\"https:\/\/dev.monti.lt\/\",\"logo\":{\"@type\":\"ImageObject\",\"inLanguage\":\"en-US\",\"@id\":\"https:\/\/dev.monti.lt\/#\/schema\/logo\/image\/\",\"url\":\"https:\/\/dev.monti.lt\/wp-content\/uploads\/2022\/03\/montilogo-1.png\",\"contentUrl\":\"https:\/\/dev.monti.lt\/wp-content\/uploads\/2022\/03\/montilogo-1.png\",\"width\":512,\"height\":512,\"caption\":\"Montessori \u017eaislai\"},\"image\":{\"@id\":\"https:\/\/dev.monti.lt\/#\/schema\/logo\/image\/\"}}]}<\/script>\n<!-- \/ Yoast SEO plugin. -->","yoast_head_json":{"title":"Medin\u0117 montessori d\u0117lion\u0117 \"Dar\u017eov\u0117s\" - Montessori \u017eaislai","robots":{"index":"noindex","follow":"follow","max-snippet":"max-snippet:-1","max-image-preview":"max-image-preview:large","max-video-preview":"max-video-preview:-1"},"og_locale":"en_US","og_type":"article","og_title":"Medin\u0117 montessori d\u0117lion\u0117 \"Dar\u017eov\u0117s\" - Montessori \u017eaislai","og_description":"Medin\u0117 d\u0117lion\u0117&nbsp;i\u0161&nbsp;Classic World&nbsp;vaikams&nbsp;nuo 18 m\u0117nesi\u0173&nbsp;yra puikus sprendimas namuose ir dar\u017eeliuose.&nbsp;J\u012f sudaro&nbsp;lentos&nbsp;ir&nbsp;7&nbsp;teminiai elementai, kurie tur\u0117t\u0173 b\u016bti pritvirtinti prie jos.&nbsp;Ant&nbsp;medinio pagrindo&nbsp;yra&nbsp;\u012fdubimai&nbsp;, kurie savo forma atitinka&nbsp;spalvingus galvos\u016bkius&nbsp;.&nbsp;Visas daiktas pagamintas i\u0161 med\u017eio, nuda\u017eytas&nbsp;vaikams saugiais da\u017eais&nbsp;ry\u0161kiomis spalvomis, kurios patenkins kiekvien\u0105 vartotoj\u0105 ir&nbsp;suteiks daug malonumo. Charakteristika: &#8211; Klasikinio pasaulio&nbsp;segtuk\u0173 d\u0117lion\u0117&nbsp;dar\u017eovi\u0173&nbsp;tema yra puikus \u017eaislas&nbsp;18 m\u0117nesi\u0173 ir vyresniems&nbsp;vaikams , &#8211; Rinkin\u012f sudaro:&nbsp;lenta&nbsp;su duobut\u0117mis [&hellip;]","og_url":"https:\/\/dev.monti.lt\/en\/product\/medine-montessori-delione-darzoves\/","og_site_name":"Montessori \u017eaislai","article_modified_time":"2024-09-17T08:01:29+00:00","og_image":[{"width":800,"height":800,"url":"https:\/\/dev.monti.lt\/wp-content\/uploads\/2023\/01\/classic-world-drewniana-ukladanka-dla-dzieci-warzywa-dopasuj-ksztalty-9-el.jpg","type":"image\/jpeg"}],"twitter_card":"summary_large_image","twitter_misc":{"Est. reading time":"1 minute"},"schema":{"@context":"https:\/\/schema.org","@graph":[{"@type":"WebPage","@id":"https:\/\/dev.monti.lt\/product\/medine-montessori-delione-darzoves\/","url":"https:\/\/dev.monti.lt\/product\/medine-montessori-delione-darzoves\/","name":"Medin\u0117 montessori d\u0117lion\u0117 \"Dar\u017eov\u0117s\" - Montessori \u017eaislai","isPartOf":{"@id":"https:\/\/dev.monti.lt\/#website"},"primaryImageOfPage":{"@id":"https:\/\/dev.monti.lt\/product\/medine-montessori-delione-darzoves\/#primaryimage"},"image":{"@id":"https:\/\/dev.monti.lt\/product\/medine-montessori-delione-darzoves\/#primaryimage"},"thumbnailUrl":"https:\/\/dev.monti.lt\/wp-content\/uploads\/2023\/01\/classic-world-drewniana-ukladanka-dla-dzieci-warzywa-dopasuj-ksztalty-9-el.jpg","datePublished":"2023-01-30T17:40:26+00:00","dateModified":"2024-09-17T08:01:29+00:00","breadcrumb":{"@id":"https:\/\/dev.monti.lt\/product\/medine-montessori-delione-darzoves\/#breadcrumb"},"inLanguage":"en-US","potentialAction":[{"@type":"ReadAction","target":["https:\/\/dev.monti.lt\/product\/medine-montessori-delione-darzoves\/"]}]},{"@type":"ImageObject","inLanguage":"en-US","@id":"https:\/\/dev.monti.lt\/product\/medine-montessori-delione-darzoves\/#primaryimage","url":"https:\/\/dev.monti.lt\/wp-content\/uploads\/2023\/01\/classic-world-drewniana-ukladanka-dla-dzieci-warzywa-dopasuj-ksztalty-9-el.jpg","contentUrl":"https:\/\/dev.monti.lt\/wp-content\/uploads\/2023\/01\/classic-world-drewniana-ukladanka-dla-dzieci-warzywa-dopasuj-ksztalty-9-el.jpg","width":800,"height":800,"caption":"d\u0117lion\u0117 dar\u017eov\u0117s"},{"@type":"BreadcrumbList","@id":"https:\/\/dev.monti.lt\/product\/medine-montessori-delione-darzoves\/#breadcrumb","itemListElement":[{"@type":"ListItem","position":1,"name":"Home","item":"https:\/\/dev.monti.lt\/"},{"@type":"ListItem","position":2,"name":"Parduotuv\u0117","item":"https:\/\/dev.monti.lt\/shop\/"},{"@type":"ListItem","position":3,"name":"Medin\u0117 montessori d\u0117lion\u0117 &#8220;Dar\u017eov\u0117s&#8221;"}]},{"@type":"WebSite","@id":"https:\/\/dev.monti.lt\/#website","url":"https:\/\/dev.monti.lt\/","name":"Montessori \u017eaislai","description":"","publisher":{"@id":"https:\/\/dev.monti.lt\/#organization"},"potentialAction":[{"@type":"SearchAction","target":{"@type":"EntryPoint","urlTemplate":"https:\/\/dev.monti.lt\/?s={search_term_string}"},"query-input":"required name=search_term_string"}],"inLanguage":"en-US"},{"@type":"Organization","@id":"https:\/\/dev.monti.lt\/#organization","name":"Montessori \u017eaislai","url":"https:\/\/dev.monti.lt\/","logo":{"@type":"ImageObject","inLanguage":"en-US","@id":"https:\/\/dev.monti.lt\/#\/schema\/logo\/image\/","url":"https:\/\/dev.monti.lt\/wp-content\/uploads\/2022\/03\/montilogo-1.png","contentUrl":"https:\/\/dev.monti.lt\/wp-content\/uploads\/2022\/03\/montilogo-1.png","width":512,"height":512,"caption":"Montessori \u017eaislai"},"image":{"@id":"https:\/\/dev.monti.lt\/#\/schema\/logo\/image\/"}}]}},"_links":{"self":[{"href":"https:\/\/dev.monti.lt\/en\/wp-json\/wp\/v2\/product\/13710"}],"collection":[{"href":"https:\/\/dev.monti.lt\/en\/wp-json\/wp\/v2\/product"}],"about":[{"href":"https:\/\/dev.monti.lt\/en\/wp-json\/wp\/v2\/types\/product"}],"version-history":[{"count":1,"href":"https:\/\/dev.monti.lt\/en\/wp-json\/wp\/v2\/product\/13710\/revisions"}],"predecessor-version":[{"id":13712,"href":"https:\/\/dev.monti.lt\/en\/wp-json\/wp\/v2\/product\/13710\/revisions\/13712"}],"wp:featuredmedia":[{"embeddable":true,"href":"https:\/\/dev.monti.lt\/en\/wp-json\/wp\/v2\/media\/13711"}],"wp:attachment":[{"href":"https:\/\/dev.monti.lt\/en\/wp-json\/wp\/v2\/media?parent=13710"}],"wp:term":[{"taxonomy":"product_cat","embeddable":true,"href":"https:\/\/dev.monti.lt\/en\/wp-json\/wp\/v2\/product_cat?post=13710"},{"taxonomy":"product_tag","embeddable":true,"href":"https:\/\/dev.monti.lt\/en\/wp-json\/wp\/v2\/product_tag?post=13710"}],"curies":[{"name":"wp","href":"https:\/\/api.w.org\/{rel}","templated":true}]}}