{"id":13698,"date":"2023-01-30T17:34:21","date_gmt":"2023-01-30T17:34:21","guid":{"rendered":"https:\/\/dev.monti.lt\/?post_type=product&#038;p=13698"},"modified":"2024-08-28T08:12:00","modified_gmt":"2024-08-28T08:12:00","slug":"viga-medinis-jenga-zaidimas-poliarinis-lokys","status":"publish","type":"product","link":"https:\/\/dev.monti.lt\/en\/product\/viga-medinis-jenga-zaidimas-poliarinis-lokys\/","title":{"rendered":"Viga Medinis Jenga \u017daidimas &#8220;Poliarinis lokys&#8221;"},"content":{"rendered":"<p>Populiarus JENGA \u017eaidimas \u2013 naujomis \u0161velniomis VIGA prek\u0117s \u017eenklo spalvomis \u2013 i\u0161 baltojo lokio serijos.<\/p><p>\u017daidimas, kuris tikrai pritrauks vis\u0105 \u0161eim\u0105.<\/p><h2 class=\"wp-block-heading\">CHARAKTERISTIKA:<\/h2><ul class=\"wp-block-list\"><li>&#8211; \u017daidim\u0105 pradedame pastatydami stal\u0105 arba starto bok\u0161t\u0105 i\u0161 medini\u0173 kalad\u0117li\u0173 viduryje grind\u0173.<\/li><li>&#8211; Kai statome starto bok\u0161t\u0105 \u2013 kiekvienas \u017eaid\u0117jas savo ruo\u017etu paima vien\u0105 pasirinkt\u0105 (arba nupie\u0161t\u0105) blok\u0105 i\u0161 bok\u0161to centro ir padeda j\u012f ant jo vir\u0161aus, taip statydamas vis auk\u0161tesn\u012f bok\u0161t\u0105.<\/li><li>&#8211; Papildomas \u017eaidimo variantas yra kalad\u0117li\u0173 spalv\u0173 \u012ftraukimas \u012f \u017eaidim\u0105 \u2013 kai \u017eaid\u0117jas met\u0117 kauliuk\u0105, jis nupie\u0161ia kalad\u0117l\u0117s spalv\u0105, kuri\u0105 tur\u0117t\u0173 i\u0161traukti i\u0161 bok\u0161to.<\/li><li>&#8211; Bok\u0161tas susideda i\u0161 daugiau nei 30 element\u0173.<\/li><li>&#8211; Vaikas gali nuspr\u0119sti, kok\u012f ra\u0161t\u0105 jis padarys i\u0161 kalad\u0117li\u0173.&nbsp;Be bok\u0161to, tai gali b\u016bti namai, pilys ir daugelis kit\u0173, o tai teigiamai veikia jo vaizduot\u0119.<\/li><li>&#8211; D\u0117l auk\u0161tos kokyb\u0117s medienos blokeliai yra atspar\u016bs pa\u017eeidimams.&nbsp;Naudojant specialius netoksi\u0161kus da\u017eus, jie atrodo vaikams draugi\u0161ki.&nbsp;Bok\u0161tas garantuoja daug nuostabi\u0173 akimirk\u0173 m\u016bs\u0173 vaikui ir visai \u0161eimai.<\/li><\/ul><h2 class=\"wp-block-heading\">\u017dAIDIMAS PADEDA VYSTYTI:<\/h2><ul class=\"wp-block-list\"><li>&#8211; rank\u0173-aki\u0173 koordinavimas<\/li><li>&#8211; koncentracija<\/li><li>&#8211; vaizduot\u0117s<\/li><\/ul>","protected":false},"excerpt":{"rendered":"<p>Populiarus JENGA \u017eaidimas \u2013 naujomis \u0161velniomis VIGA prek\u0117s \u017eenklo spalvomis \u2013 i\u0161 baltojo lokio serijos. \u017daidimas, kuris tikrai pritrauks vis\u0105 \u0161eim\u0105. CHARAKTERISTIKA: &#8211; \u017daidim\u0105 pradedame pastatydami stal\u0105 arba starto bok\u0161t\u0105 i\u0161 medini\u0173 kalad\u0117li\u0173 viduryje grind\u0173. &#8211; Kai statome starto bok\u0161t\u0105 \u2013 kiekvienas \u017eaid\u0117jas savo ruo\u017etu paima vien\u0105 pasirinkt\u0105 (arba nupie\u0161t\u0105) blok\u0105 i\u0161 bok\u0161to centro ir [&hellip;]<\/p>","protected":false},"featured_media":13699,"template":"","meta":{"iawp_total_views":42},"product_cat":[92,84,91,102,88,83,90,86,49,39],"product_tag":[96,97,98,99],"class_list":{"0":"post-13698","1":"product","2":"type-product","3":"status-publish","4":"has-post-thumbnail","6":"product_cat-deliones","7":"product_cat-lavinamieji-zaislai","8":"product_cat-loginiam-mastymui","9":"product_cat-mediniai-zaislai","10":"product_cat-mokausi-zaisti","11":"product_cat-montessori-zaislai","12":"product_cat-pasaulio-pazinimas","13":"product_cat-smulkioji-motorika","14":"product_cat-visi-zaislai","15":"product_cat-zaislai","16":"product_tag-2-m-3-m","17":"product_tag-3-m-4-m","18":"product_tag-5-m-7-m","19":"product_tag-8-m-11-m","21":"first","22":"instock","23":"taxable","24":"shipping-taxable","25":"purchasable","26":"product-type-simple"},"yoast_head":"<!-- This site is optimized with the Yoast SEO plugin v23.3 - https:\/\/yoast.com\/wordpress\/plugins\/seo\/ -->\n<title>Viga Medinis Jenga \u017daidimas &quot;Poliarinis lokys&quot; - Montessori \u017eaislai<\/title>\n<meta name=\"robots\" content=\"noindex, follow, max-snippet:-1, max-image-preview:large, max-video-preview:-1\" \/>\n<meta property=\"og:locale\" content=\"en_US\" \/>\n<meta property=\"og:type\" content=\"article\" \/>\n<meta property=\"og:title\" content=\"Viga Medinis Jenga \u017daidimas &quot;Poliarinis lokys&quot; - Montessori \u017eaislai\" \/>\n<meta property=\"og:description\" content=\"Populiarus JENGA \u017eaidimas \u2013 naujomis \u0161velniomis VIGA prek\u0117s \u017eenklo spalvomis \u2013 i\u0161 baltojo lokio serijos. \u017daidimas, kuris tikrai pritrauks vis\u0105 \u0161eim\u0105. CHARAKTERISTIKA: &#8211; \u017daidim\u0105 pradedame pastatydami stal\u0105 arba starto bok\u0161t\u0105 i\u0161 medini\u0173 kalad\u0117li\u0173 viduryje grind\u0173. &#8211; Kai statome starto bok\u0161t\u0105 \u2013 kiekvienas \u017eaid\u0117jas savo ruo\u017etu paima vien\u0105 pasirinkt\u0105 (arba nupie\u0161t\u0105) blok\u0105 i\u0161 bok\u0161to centro ir [&hellip;]\" \/>\n<meta property=\"og:url\" content=\"https:\/\/dev.monti.lt\/en\/product\/viga-medinis-jenga-zaidimas-poliarinis-lokys\/\" \/>\n<meta property=\"og:site_name\" content=\"Montessori \u017eaislai\" \/>\n<meta property=\"article:modified_time\" content=\"2024-08-28T08:12:00+00:00\" \/>\n<meta property=\"og:image\" content=\"https:\/\/dev.monti.lt\/wp-content\/uploads\/2023\/01\/viga-drewniana-gra-jenga-polarb.jpg\" \/>\n\t<meta property=\"og:image:width\" content=\"800\" \/>\n\t<meta property=\"og:image:height\" content=\"800\" \/>\n\t<meta property=\"og:image:type\" content=\"image\/jpeg\" \/>\n<meta name=\"twitter:card\" content=\"summary_large_image\" \/>\n<meta name=\"twitter:label1\" content=\"Est. reading time\" \/>\n\t<meta name=\"twitter:data1\" content=\"1 minute\" \/>\n<script type=\"application\/ld+json\" class=\"yoast-schema-graph\">{\"@context\":\"https:\/\/schema.org\",\"@graph\":[{\"@type\":\"WebPage\",\"@id\":\"https:\/\/dev.monti.lt\/product\/viga-medinis-jenga-zaidimas-poliarinis-lokys\/\",\"url\":\"https:\/\/dev.monti.lt\/product\/viga-medinis-jenga-zaidimas-poliarinis-lokys\/\",\"name\":\"Viga Medinis Jenga \u017daidimas \\\"Poliarinis lokys\\\" - Montessori \u017eaislai\",\"isPartOf\":{\"@id\":\"https:\/\/dev.monti.lt\/#website\"},\"primaryImageOfPage\":{\"@id\":\"https:\/\/dev.monti.lt\/product\/viga-medinis-jenga-zaidimas-poliarinis-lokys\/#primaryimage\"},\"image\":{\"@id\":\"https:\/\/dev.monti.lt\/product\/viga-medinis-jenga-zaidimas-poliarinis-lokys\/#primaryimage\"},\"thumbnailUrl\":\"https:\/\/dev.monti.lt\/wp-content\/uploads\/2023\/01\/viga-drewniana-gra-jenga-polarb.jpg\",\"datePublished\":\"2023-01-30T17:34:21+00:00\",\"dateModified\":\"2024-08-28T08:12:00+00:00\",\"breadcrumb\":{\"@id\":\"https:\/\/dev.monti.lt\/product\/viga-medinis-jenga-zaidimas-poliarinis-lokys\/#breadcrumb\"},\"inLanguage\":\"en-US\",\"potentialAction\":[{\"@type\":\"ReadAction\",\"target\":[\"https:\/\/dev.monti.lt\/product\/viga-medinis-jenga-zaidimas-poliarinis-lokys\/\"]}]},{\"@type\":\"ImageObject\",\"inLanguage\":\"en-US\",\"@id\":\"https:\/\/dev.monti.lt\/product\/viga-medinis-jenga-zaidimas-poliarinis-lokys\/#primaryimage\",\"url\":\"https:\/\/dev.monti.lt\/wp-content\/uploads\/2023\/01\/viga-drewniana-gra-jenga-polarb.jpg\",\"contentUrl\":\"https:\/\/dev.monti.lt\/wp-content\/uploads\/2023\/01\/viga-drewniana-gra-jenga-polarb.jpg\",\"width\":800,\"height\":800,\"caption\":\"jenga zaidimas\"},{\"@type\":\"BreadcrumbList\",\"@id\":\"https:\/\/dev.monti.lt\/product\/viga-medinis-jenga-zaidimas-poliarinis-lokys\/#breadcrumb\",\"itemListElement\":[{\"@type\":\"ListItem\",\"position\":1,\"name\":\"Home\",\"item\":\"https:\/\/dev.monti.lt\/\"},{\"@type\":\"ListItem\",\"position\":2,\"name\":\"Parduotuv\u0117\",\"item\":\"https:\/\/dev.monti.lt\/shop\/\"},{\"@type\":\"ListItem\",\"position\":3,\"name\":\"Viga Medinis Jenga \u017daidimas &#8220;Poliarinis lokys&#8221;\"}]},{\"@type\":\"WebSite\",\"@id\":\"https:\/\/dev.monti.lt\/#website\",\"url\":\"https:\/\/dev.monti.lt\/\",\"name\":\"Montessori \u017eaislai\",\"description\":\"\",\"publisher\":{\"@id\":\"https:\/\/dev.monti.lt\/#organization\"},\"potentialAction\":[{\"@type\":\"SearchAction\",\"target\":{\"@type\":\"EntryPoint\",\"urlTemplate\":\"https:\/\/dev.monti.lt\/?s={search_term_string}\"},\"query-input\":\"required name=search_term_string\"}],\"inLanguage\":\"en-US\"},{\"@type\":\"Organization\",\"@id\":\"https:\/\/dev.monti.lt\/#organization\",\"name\":\"Montessori \u017eaislai\",\"url\":\"https:\/\/dev.monti.lt\/\",\"logo\":{\"@type\":\"ImageObject\",\"inLanguage\":\"en-US\",\"@id\":\"https:\/\/dev.monti.lt\/#\/schema\/logo\/image\/\",\"url\":\"https:\/\/dev.monti.lt\/wp-content\/uploads\/2022\/03\/montilogo-1.png\",\"contentUrl\":\"https:\/\/dev.monti.lt\/wp-content\/uploads\/2022\/03\/montilogo-1.png\",\"width\":512,\"height\":512,\"caption\":\"Montessori \u017eaislai\"},\"image\":{\"@id\":\"https:\/\/dev.monti.lt\/#\/schema\/logo\/image\/\"}}]}<\/script>\n<!-- \/ Yoast SEO plugin. -->","yoast_head_json":{"title":"Viga Medinis Jenga \u017daidimas \"Poliarinis lokys\" - Montessori \u017eaislai","robots":{"index":"noindex","follow":"follow","max-snippet":"max-snippet:-1","max-image-preview":"max-image-preview:large","max-video-preview":"max-video-preview:-1"},"og_locale":"en_US","og_type":"article","og_title":"Viga Medinis Jenga \u017daidimas \"Poliarinis lokys\" - Montessori \u017eaislai","og_description":"Populiarus JENGA \u017eaidimas \u2013 naujomis \u0161velniomis VIGA prek\u0117s \u017eenklo spalvomis \u2013 i\u0161 baltojo lokio serijos. \u017daidimas, kuris tikrai pritrauks vis\u0105 \u0161eim\u0105. CHARAKTERISTIKA: &#8211; \u017daidim\u0105 pradedame pastatydami stal\u0105 arba starto bok\u0161t\u0105 i\u0161 medini\u0173 kalad\u0117li\u0173 viduryje grind\u0173. &#8211; Kai statome starto bok\u0161t\u0105 \u2013 kiekvienas \u017eaid\u0117jas savo ruo\u017etu paima vien\u0105 pasirinkt\u0105 (arba nupie\u0161t\u0105) blok\u0105 i\u0161 bok\u0161to centro ir [&hellip;]","og_url":"https:\/\/dev.monti.lt\/en\/product\/viga-medinis-jenga-zaidimas-poliarinis-lokys\/","og_site_name":"Montessori \u017eaislai","article_modified_time":"2024-08-28T08:12:00+00:00","og_image":[{"width":800,"height":800,"url":"https:\/\/dev.monti.lt\/wp-content\/uploads\/2023\/01\/viga-drewniana-gra-jenga-polarb.jpg","type":"image\/jpeg"}],"twitter_card":"summary_large_image","twitter_misc":{"Est. reading time":"1 minute"},"schema":{"@context":"https:\/\/schema.org","@graph":[{"@type":"WebPage","@id":"https:\/\/dev.monti.lt\/product\/viga-medinis-jenga-zaidimas-poliarinis-lokys\/","url":"https:\/\/dev.monti.lt\/product\/viga-medinis-jenga-zaidimas-poliarinis-lokys\/","name":"Viga Medinis Jenga \u017daidimas \"Poliarinis lokys\" - Montessori \u017eaislai","isPartOf":{"@id":"https:\/\/dev.monti.lt\/#website"},"primaryImageOfPage":{"@id":"https:\/\/dev.monti.lt\/product\/viga-medinis-jenga-zaidimas-poliarinis-lokys\/#primaryimage"},"image":{"@id":"https:\/\/dev.monti.lt\/product\/viga-medinis-jenga-zaidimas-poliarinis-lokys\/#primaryimage"},"thumbnailUrl":"https:\/\/dev.monti.lt\/wp-content\/uploads\/2023\/01\/viga-drewniana-gra-jenga-polarb.jpg","datePublished":"2023-01-30T17:34:21+00:00","dateModified":"2024-08-28T08:12:00+00:00","breadcrumb":{"@id":"https:\/\/dev.monti.lt\/product\/viga-medinis-jenga-zaidimas-poliarinis-lokys\/#breadcrumb"},"inLanguage":"en-US","potentialAction":[{"@type":"ReadAction","target":["https:\/\/dev.monti.lt\/product\/viga-medinis-jenga-zaidimas-poliarinis-lokys\/"]}]},{"@type":"ImageObject","inLanguage":"en-US","@id":"https:\/\/dev.monti.lt\/product\/viga-medinis-jenga-zaidimas-poliarinis-lokys\/#primaryimage","url":"https:\/\/dev.monti.lt\/wp-content\/uploads\/2023\/01\/viga-drewniana-gra-jenga-polarb.jpg","contentUrl":"https:\/\/dev.monti.lt\/wp-content\/uploads\/2023\/01\/viga-drewniana-gra-jenga-polarb.jpg","width":800,"height":800,"caption":"jenga zaidimas"},{"@type":"BreadcrumbList","@id":"https:\/\/dev.monti.lt\/product\/viga-medinis-jenga-zaidimas-poliarinis-lokys\/#breadcrumb","itemListElement":[{"@type":"ListItem","position":1,"name":"Home","item":"https:\/\/dev.monti.lt\/"},{"@type":"ListItem","position":2,"name":"Parduotuv\u0117","item":"https:\/\/dev.monti.lt\/shop\/"},{"@type":"ListItem","position":3,"name":"Viga Medinis Jenga \u017daidimas &#8220;Poliarinis lokys&#8221;"}]},{"@type":"WebSite","@id":"https:\/\/dev.monti.lt\/#website","url":"https:\/\/dev.monti.lt\/","name":"Montessori \u017eaislai","description":"","publisher":{"@id":"https:\/\/dev.monti.lt\/#organization"},"potentialAction":[{"@type":"SearchAction","target":{"@type":"EntryPoint","urlTemplate":"https:\/\/dev.monti.lt\/?s={search_term_string}"},"query-input":"required name=search_term_string"}],"inLanguage":"en-US"},{"@type":"Organization","@id":"https:\/\/dev.monti.lt\/#organization","name":"Montessori \u017eaislai","url":"https:\/\/dev.monti.lt\/","logo":{"@type":"ImageObject","inLanguage":"en-US","@id":"https:\/\/dev.monti.lt\/#\/schema\/logo\/image\/","url":"https:\/\/dev.monti.lt\/wp-content\/uploads\/2022\/03\/montilogo-1.png","contentUrl":"https:\/\/dev.monti.lt\/wp-content\/uploads\/2022\/03\/montilogo-1.png","width":512,"height":512,"caption":"Montessori \u017eaislai"},"image":{"@id":"https:\/\/dev.monti.lt\/#\/schema\/logo\/image\/"}}]}},"_links":{"self":[{"href":"https:\/\/dev.monti.lt\/en\/wp-json\/wp\/v2\/product\/13698"}],"collection":[{"href":"https:\/\/dev.monti.lt\/en\/wp-json\/wp\/v2\/product"}],"about":[{"href":"https:\/\/dev.monti.lt\/en\/wp-json\/wp\/v2\/types\/product"}],"version-history":[{"count":1,"href":"https:\/\/dev.monti.lt\/en\/wp-json\/wp\/v2\/product\/13698\/revisions"}],"predecessor-version":[{"id":13705,"href":"https:\/\/dev.monti.lt\/en\/wp-json\/wp\/v2\/product\/13698\/revisions\/13705"}],"wp:featuredmedia":[{"embeddable":true,"href":"https:\/\/dev.monti.lt\/en\/wp-json\/wp\/v2\/media\/13699"}],"wp:attachment":[{"href":"https:\/\/dev.monti.lt\/en\/wp-json\/wp\/v2\/media?parent=13698"}],"wp:term":[{"taxonomy":"product_cat","embeddable":true,"href":"https:\/\/dev.monti.lt\/en\/wp-json\/wp\/v2\/product_cat?post=13698"},{"taxonomy":"product_tag","embeddable":true,"href":"https:\/\/dev.monti.lt\/en\/wp-json\/wp\/v2\/product_tag?post=13698"}],"curies":[{"name":"wp","href":"https:\/\/api.w.org\/{rel}","templated":true}]}}