{"id":13597,"date":"2023-01-24T13:16:56","date_gmt":"2023-01-24T13:16:56","guid":{"rendered":"https:\/\/dev.monti.lt\/?post_type=product&#038;p=13597"},"modified":"2024-10-04T17:25:57","modified_gmt":"2024-10-04T17:25:57","slug":"mediniai-domino-360-vnt","status":"publish","type":"product","link":"https:\/\/dev.monti.lt\/en\/product\/mediniai-domino-360-vnt\/","title":{"rendered":"Mediniai domino 1080 vnt,"},"content":{"rendered":"<h1 class=\"wp-block-heading\">MEDINIS DOMINO RINKINYS <\/h1><ul class=\"wp-block-list\"><li><strong>1131 PREKES<\/strong>\u00a0&#8211; itraukta i komplekt\u0105\u00a0<strong>1080 kaladeliu 12 spalvu (ruda, juoda, 2 atspalviai melyna, oran\u017eine, raudona, ro\u017eine, \u017ealia, geltona, violetine ir balta), 45 papildomi ivairiu formu elementai ir 3 kamuoliukai. Rinkinyje taip pat yra 3 mai\u0161eliai<\/strong>\u00a0su virvele rinkiniui laikyti ir ne\u0161ti.<\/li>\n\n<li>Taip pat itraukta&nbsp;<strong>daug ivairiu ir idomiu priedu, kurios <\/strong>rinkini pavers dar smagesniu! Rinkinyje, be kita ko, yra 3 kamuoliai, supynes, vejo malunas, varpas, kabantis kamuolys, ivairaus auk\u0161\u010dio pakopos, laiptai, tilteliai, \u010diuo\u017eyklos ir daug daugiau.<\/li>\n\n<li> kaladeles pirmiausia gra\u017eios, ry\u0161kios spalvos&nbsp;padea <strong>lavinti  vaizduot\u0119 ir skatinti vaiku kurybi\u0161kum\u0105. \u017daidimas su jais taip pat yra ranku igud\u017eiu ir akiu-ranku koordinacijos pratimas<\/strong>&nbsp;.<\/li>\n\n<li> komplektas tvirtas, kiekviena i\u0161 kaladeliu pagaminta i\u0161 med\u017eio ir nuda\u017eyta specialiais da\u017eais.&nbsp;<strong>Be to, nera i\u0161siki\u0161usiu, a\u0161triu elementu, galin\u010diu pakenkti vaikui<\/strong>&nbsp;. Komplektas turi CE ir EN 71 sertifikatus.<\/li><\/ul><p><strong>SPECIFIKACIJA<\/strong><\/p><ul class=\"wp-block-list\"><li>am\u017eius: 3+<\/li>\n\n<li>\u017eaideju skai\u010dius: ma\u017eiausiai 2<\/li>\n\n<li><strong>med\u017eiaga: mediena<\/strong><\/li>\n\n<li><strong>elementu skai\u010dius rinkinyje: 1131<\/strong><\/li>\n\n<li>krep\u0161io matmenys (plotis \/ auk\u0161tis): 29 \/ 43 cm<\/li>\n\n<li>komplekto svoris: 4.525 kg<\/li><\/ul><p>1080 plytu45 papildomi ivairiu formu elementai1 medinis rutulys2 spalvoti rutuliukai<strong>3 mai\u0161eliai su rai\u0161teliu<\/strong><\/p><p>Mediniai domino kaladeles yra&nbsp;<strong>geriausias pasirinkimas vaikui nuo ma\u017eiausiu vaiku<\/strong>&nbsp;. <strong>puikiai tinka visai \u0161eimai<\/strong>&nbsp;&#8211; suteiks daug valandu linksmybiu kartu!<\/p><p><\/p><h1 class=\"wp-block-heading\"><\/h1>","protected":false},"excerpt":{"rendered":"<p>MEDINIS DOMINO RINKINYS SPECIFIKACIJA 1080 plytu45 papildomi ivairiu formu elementai1 medinis rutulys2 spalvoti rutuliukai3 mai\u0161eliai su rai\u0161teliu Mediniai domino kaladeles yra&nbsp;geriausias pasirinkimas vaikui nuo ma\u017eiausiu vaiku&nbsp;. puikiai tinka visai \u0161eimai&nbsp;&#8211; suteiks daug valandu linksmybiu kartu!<\/p>","protected":false},"featured_media":19126,"template":"","meta":{"iawp_total_views":25},"product_cat":[92,208,87,84,91,210,102,88,83,90,86,199,49,39],"product_tag":[97,98,99],"class_list":{"0":"post-13597","1":"product","2":"type-product","3":"status-publish","4":"has-post-thumbnail","6":"product_cat-deliones","7":"product_cat-deliones-2","8":"product_cat-kurybiniai-rinkiniai","9":"product_cat-lavinamieji-zaislai","10":"product_cat-loginiam-mastymui","11":"product_cat-medines-deliones","12":"product_cat-mediniai-zaislai","13":"product_cat-mokausi-zaisti","14":"product_cat-montessori-zaislai","15":"product_cat-pasaulio-pazinimas","16":"product_cat-smulkioji-motorika","17":"product_cat-ugdymo-istaigoms","18":"product_cat-visi-zaislai","19":"product_cat-zaislai","20":"product_tag-3-m-4-m","21":"product_tag-5-m-7-m","22":"product_tag-8-m-11-m","24":"first","25":"outofstock","26":"sale","27":"featured","28":"taxable","29":"shipping-taxable","30":"purchasable","31":"product-type-simple"},"yoast_head":"<!-- This site is optimized with the Yoast SEO plugin v23.3 - https:\/\/yoast.com\/wordpress\/plugins\/seo\/ -->\n<title>Mediniai domino 1080 vnt, - Montessori \u017eaislai<\/title>\n<meta name=\"robots\" content=\"noindex, follow, max-snippet:-1, max-image-preview:large, max-video-preview:-1\" \/>\n<meta property=\"og:locale\" content=\"en_US\" \/>\n<meta property=\"og:type\" content=\"article\" \/>\n<meta property=\"og:title\" content=\"Mediniai domino 1080 vnt, - Montessori \u017eaislai\" \/>\n<meta property=\"og:description\" content=\"MEDINIS DOMINO RINKINYS SPECIFIKACIJA 1080 plytu45 papildomi ivairiu formu elementai1 medinis rutulys2 spalvoti rutuliukai3 mai\u0161eliai su rai\u0161teliu Mediniai domino kaladeles yra&nbsp;geriausias pasirinkimas vaikui nuo ma\u017eiausiu vaiku&nbsp;. puikiai tinka visai \u0161eimai&nbsp;&#8211; suteiks daug valandu linksmybiu kartu!\" \/>\n<meta property=\"og:url\" content=\"https:\/\/dev.monti.lt\/en\/product\/mediniai-domino-360-vnt\/\" \/>\n<meta property=\"og:site_name\" content=\"Montessori \u017eaislai\" \/>\n<meta property=\"article:modified_time\" content=\"2024-10-04T17:25:57+00:00\" \/>\n<meta property=\"og:image\" content=\"https:\/\/dev.monti.lt\/wp-content\/uploads\/2023\/01\/lit_pl_Mediniai-domino-1080-vnt-14097_47.jpg\" \/>\n\t<meta property=\"og:image:width\" content=\"638\" \/>\n\t<meta property=\"og:image:height\" content=\"500\" \/>\n\t<meta property=\"og:image:type\" content=\"image\/jpeg\" \/>\n<meta name=\"twitter:card\" content=\"summary_large_image\" \/>\n<meta name=\"twitter:label1\" content=\"Est. reading time\" \/>\n\t<meta name=\"twitter:data1\" content=\"1 minute\" \/>\n<script type=\"application\/ld+json\" class=\"yoast-schema-graph\">{\"@context\":\"https:\/\/schema.org\",\"@graph\":[{\"@type\":\"WebPage\",\"@id\":\"https:\/\/dev.monti.lt\/product\/mediniai-domino-360-vnt\/\",\"url\":\"https:\/\/dev.monti.lt\/product\/mediniai-domino-360-vnt\/\",\"name\":\"Mediniai domino 1080 vnt, - Montessori \u017eaislai\",\"isPartOf\":{\"@id\":\"https:\/\/dev.monti.lt\/#website\"},\"primaryImageOfPage\":{\"@id\":\"https:\/\/dev.monti.lt\/product\/mediniai-domino-360-vnt\/#primaryimage\"},\"image\":{\"@id\":\"https:\/\/dev.monti.lt\/product\/mediniai-domino-360-vnt\/#primaryimage\"},\"thumbnailUrl\":\"https:\/\/dev.monti.lt\/wp-content\/uploads\/2023\/01\/lit_pl_Mediniai-domino-1080-vnt-14097_47.jpg\",\"datePublished\":\"2023-01-24T13:16:56+00:00\",\"dateModified\":\"2024-10-04T17:25:57+00:00\",\"breadcrumb\":{\"@id\":\"https:\/\/dev.monti.lt\/product\/mediniai-domino-360-vnt\/#breadcrumb\"},\"inLanguage\":\"en-US\",\"potentialAction\":[{\"@type\":\"ReadAction\",\"target\":[\"https:\/\/dev.monti.lt\/product\/mediniai-domino-360-vnt\/\"]}]},{\"@type\":\"ImageObject\",\"inLanguage\":\"en-US\",\"@id\":\"https:\/\/dev.monti.lt\/product\/mediniai-domino-360-vnt\/#primaryimage\",\"url\":\"https:\/\/dev.monti.lt\/wp-content\/uploads\/2023\/01\/lit_pl_Mediniai-domino-1080-vnt-14097_47.jpg\",\"contentUrl\":\"https:\/\/dev.monti.lt\/wp-content\/uploads\/2023\/01\/lit_pl_Mediniai-domino-1080-vnt-14097_47.jpg\",\"width\":638,\"height\":500},{\"@type\":\"BreadcrumbList\",\"@id\":\"https:\/\/dev.monti.lt\/product\/mediniai-domino-360-vnt\/#breadcrumb\",\"itemListElement\":[{\"@type\":\"ListItem\",\"position\":1,\"name\":\"Home\",\"item\":\"https:\/\/dev.monti.lt\/\"},{\"@type\":\"ListItem\",\"position\":2,\"name\":\"Parduotuv\u0117\",\"item\":\"https:\/\/dev.monti.lt\/shop\/\"},{\"@type\":\"ListItem\",\"position\":3,\"name\":\"Mediniai domino 1080 vnt,\"}]},{\"@type\":\"WebSite\",\"@id\":\"https:\/\/dev.monti.lt\/#website\",\"url\":\"https:\/\/dev.monti.lt\/\",\"name\":\"Montessori \u017eaislai\",\"description\":\"\",\"publisher\":{\"@id\":\"https:\/\/dev.monti.lt\/#organization\"},\"potentialAction\":[{\"@type\":\"SearchAction\",\"target\":{\"@type\":\"EntryPoint\",\"urlTemplate\":\"https:\/\/dev.monti.lt\/?s={search_term_string}\"},\"query-input\":\"required name=search_term_string\"}],\"inLanguage\":\"en-US\"},{\"@type\":\"Organization\",\"@id\":\"https:\/\/dev.monti.lt\/#organization\",\"name\":\"Montessori \u017eaislai\",\"url\":\"https:\/\/dev.monti.lt\/\",\"logo\":{\"@type\":\"ImageObject\",\"inLanguage\":\"en-US\",\"@id\":\"https:\/\/dev.monti.lt\/#\/schema\/logo\/image\/\",\"url\":\"https:\/\/dev.monti.lt\/wp-content\/uploads\/2022\/03\/montilogo-1.png\",\"contentUrl\":\"https:\/\/dev.monti.lt\/wp-content\/uploads\/2022\/03\/montilogo-1.png\",\"width\":512,\"height\":512,\"caption\":\"Montessori \u017eaislai\"},\"image\":{\"@id\":\"https:\/\/dev.monti.lt\/#\/schema\/logo\/image\/\"}}]}<\/script>\n<!-- \/ Yoast SEO plugin. -->","yoast_head_json":{"title":"Mediniai domino 1080 vnt, - Montessori \u017eaislai","robots":{"index":"noindex","follow":"follow","max-snippet":"max-snippet:-1","max-image-preview":"max-image-preview:large","max-video-preview":"max-video-preview:-1"},"og_locale":"en_US","og_type":"article","og_title":"Mediniai domino 1080 vnt, - Montessori \u017eaislai","og_description":"MEDINIS DOMINO RINKINYS SPECIFIKACIJA 1080 plytu45 papildomi ivairiu formu elementai1 medinis rutulys2 spalvoti rutuliukai3 mai\u0161eliai su rai\u0161teliu Mediniai domino kaladeles yra&nbsp;geriausias pasirinkimas vaikui nuo ma\u017eiausiu vaiku&nbsp;. puikiai tinka visai \u0161eimai&nbsp;&#8211; suteiks daug valandu linksmybiu kartu!","og_url":"https:\/\/dev.monti.lt\/en\/product\/mediniai-domino-360-vnt\/","og_site_name":"Montessori \u017eaislai","article_modified_time":"2024-10-04T17:25:57+00:00","og_image":[{"width":638,"height":500,"url":"https:\/\/dev.monti.lt\/wp-content\/uploads\/2023\/01\/lit_pl_Mediniai-domino-1080-vnt-14097_47.jpg","type":"image\/jpeg"}],"twitter_card":"summary_large_image","twitter_misc":{"Est. reading time":"1 minute"},"schema":{"@context":"https:\/\/schema.org","@graph":[{"@type":"WebPage","@id":"https:\/\/dev.monti.lt\/product\/mediniai-domino-360-vnt\/","url":"https:\/\/dev.monti.lt\/product\/mediniai-domino-360-vnt\/","name":"Mediniai domino 1080 vnt, - Montessori \u017eaislai","isPartOf":{"@id":"https:\/\/dev.monti.lt\/#website"},"primaryImageOfPage":{"@id":"https:\/\/dev.monti.lt\/product\/mediniai-domino-360-vnt\/#primaryimage"},"image":{"@id":"https:\/\/dev.monti.lt\/product\/mediniai-domino-360-vnt\/#primaryimage"},"thumbnailUrl":"https:\/\/dev.monti.lt\/wp-content\/uploads\/2023\/01\/lit_pl_Mediniai-domino-1080-vnt-14097_47.jpg","datePublished":"2023-01-24T13:16:56+00:00","dateModified":"2024-10-04T17:25:57+00:00","breadcrumb":{"@id":"https:\/\/dev.monti.lt\/product\/mediniai-domino-360-vnt\/#breadcrumb"},"inLanguage":"en-US","potentialAction":[{"@type":"ReadAction","target":["https:\/\/dev.monti.lt\/product\/mediniai-domino-360-vnt\/"]}]},{"@type":"ImageObject","inLanguage":"en-US","@id":"https:\/\/dev.monti.lt\/product\/mediniai-domino-360-vnt\/#primaryimage","url":"https:\/\/dev.monti.lt\/wp-content\/uploads\/2023\/01\/lit_pl_Mediniai-domino-1080-vnt-14097_47.jpg","contentUrl":"https:\/\/dev.monti.lt\/wp-content\/uploads\/2023\/01\/lit_pl_Mediniai-domino-1080-vnt-14097_47.jpg","width":638,"height":500},{"@type":"BreadcrumbList","@id":"https:\/\/dev.monti.lt\/product\/mediniai-domino-360-vnt\/#breadcrumb","itemListElement":[{"@type":"ListItem","position":1,"name":"Home","item":"https:\/\/dev.monti.lt\/"},{"@type":"ListItem","position":2,"name":"Parduotuv\u0117","item":"https:\/\/dev.monti.lt\/shop\/"},{"@type":"ListItem","position":3,"name":"Mediniai domino 1080 vnt,"}]},{"@type":"WebSite","@id":"https:\/\/dev.monti.lt\/#website","url":"https:\/\/dev.monti.lt\/","name":"Montessori \u017eaislai","description":"","publisher":{"@id":"https:\/\/dev.monti.lt\/#organization"},"potentialAction":[{"@type":"SearchAction","target":{"@type":"EntryPoint","urlTemplate":"https:\/\/dev.monti.lt\/?s={search_term_string}"},"query-input":"required name=search_term_string"}],"inLanguage":"en-US"},{"@type":"Organization","@id":"https:\/\/dev.monti.lt\/#organization","name":"Montessori \u017eaislai","url":"https:\/\/dev.monti.lt\/","logo":{"@type":"ImageObject","inLanguage":"en-US","@id":"https:\/\/dev.monti.lt\/#\/schema\/logo\/image\/","url":"https:\/\/dev.monti.lt\/wp-content\/uploads\/2022\/03\/montilogo-1.png","contentUrl":"https:\/\/dev.monti.lt\/wp-content\/uploads\/2022\/03\/montilogo-1.png","width":512,"height":512,"caption":"Montessori \u017eaislai"},"image":{"@id":"https:\/\/dev.monti.lt\/#\/schema\/logo\/image\/"}}]}},"_links":{"self":[{"href":"https:\/\/dev.monti.lt\/en\/wp-json\/wp\/v2\/product\/13597"}],"collection":[{"href":"https:\/\/dev.monti.lt\/en\/wp-json\/wp\/v2\/product"}],"about":[{"href":"https:\/\/dev.monti.lt\/en\/wp-json\/wp\/v2\/types\/product"}],"version-history":[{"count":6,"href":"https:\/\/dev.monti.lt\/en\/wp-json\/wp\/v2\/product\/13597\/revisions"}],"predecessor-version":[{"id":19132,"href":"https:\/\/dev.monti.lt\/en\/wp-json\/wp\/v2\/product\/13597\/revisions\/19132"}],"wp:featuredmedia":[{"embeddable":true,"href":"https:\/\/dev.monti.lt\/en\/wp-json\/wp\/v2\/media\/19126"}],"wp:attachment":[{"href":"https:\/\/dev.monti.lt\/en\/wp-json\/wp\/v2\/media?parent=13597"}],"wp:term":[{"taxonomy":"product_cat","embeddable":true,"href":"https:\/\/dev.monti.lt\/en\/wp-json\/wp\/v2\/product_cat?post=13597"},{"taxonomy":"product_tag","embeddable":true,"href":"https:\/\/dev.monti.lt\/en\/wp-json\/wp\/v2\/product_tag?post=13597"}],"curies":[{"name":"wp","href":"https:\/\/api.w.org\/{rel}","templated":true}]}}