{"id":13268,"date":"2022-12-29T11:52:47","date_gmt":"2022-12-29T11:52:47","guid":{"rendered":"https:\/\/dev.monti.lt\/?post_type=product&#038;p=13268"},"modified":"2024-09-27T07:26:29","modified_gmt":"2024-09-27T07:26:29","slug":"maza-piesimo-plancete","status":"publish","type":"product","link":"https:\/\/dev.monti.lt\/en\/product\/maza-piesimo-plancete\/","title":{"rendered":"Ma\u017ea pie\u0161imo plan\u010det\u0117"},"content":{"rendered":"<ul class=\"wp-block-list\"><li><strong>VEIKIMAS&nbsp;&nbsp;<\/strong>&nbsp;&#8211; plan\u0161etinio kompiuterio ekranas, kurio ekrano istri\u017eaine yra 8,5 colio, sukuria vaizd\u0105 d\u0117l sl\u0117gio jegos.&nbsp;&nbsp;&nbsp;<strong>Kiekvienas prisilietimas (tai nebutinai turi buti ra\u0161iklis \u2013 ekranas net reaguoja i nag\u0105!) Ekrane atsiranda vaizdas \/ tekstas<\/strong>&nbsp;&nbsp;&nbsp;\u2013 Viskas, k\u0105 ant jo sukuriate. Vir\u0161utineje dalyje&nbsp;&nbsp;&nbsp;<strong>yra laikiklis, kuris leis patogiai laikyti ra\u0161ikli, nebijant ji pamesti.<\/strong><\/li><li><strong>SAUGU<\/strong>&nbsp;&nbsp;&nbsp;-plan\u010det\u0117 yra&nbsp;&nbsp;&nbsp;<strong>be dulki\u0173 ir nekenksminga akims! Jis neskleid\u017eia spinduliuotes ir yra visi\u0161kai saugus naudoti<\/strong>&nbsp;. Itin plona \u2013 nesunkiai galime paslepti kuprineje, rankineje ar portfelyje.<\/li><li><strong>EKRANO U\u017dRAKIMO FUNKCIJA<\/strong>&nbsp;&nbsp;&nbsp;&#8211; apa\u010dioje yra slankiklis, kuris leis jums apsaugoti turini ekrane.&nbsp;&nbsp;&nbsp;<strong>Taip svarbios pastabos, pvz., i\u0161 mokyklos ar darbo, bus apsaugotos nuo nety\u010dinio i\u0161trynimo<\/strong>&nbsp;. Plan\u0161ete taip pat turi ang\u0105, leid\u017eian\u010di\u0105 prie jos pritvirtinti virvel\u0119.<\/li><\/ul><p><strong>SPECIFIKACIJA<\/strong><\/p><ul class=\"wp-block-list\"><li>am\u017eius: 3+<\/li><li>Maitinimas: CR 2025 baterija (pridedama)<\/li><li>ekrano dydis: 8,5&#8243;<\/li><li>matmenys (ilgis \/ plotis \/ auk\u0161tis): 14,6 \/ 0,6 \/ 22,7 cm<\/li><li>komplekto svoris: 100g<\/li><li>svoris su pakuote: 135g<\/li><\/ul><p><\/p><ul class=\"wp-block-list\"><li><\/li><\/ul>","protected":false},"excerpt":{"rendered":"<p>VEIKIMAS&nbsp;&nbsp;&nbsp;&#8211; plan\u0161etinio kompiuterio ekranas, kurio ekrano istri\u017eaine yra 8,5 colio, sukuria vaizd\u0105 d\u0117l sl\u0117gio jegos.&nbsp;&nbsp;&nbsp;Kiekvienas prisilietimas (tai nebutinai turi buti ra\u0161iklis \u2013 ekranas net reaguoja i nag\u0105!) Ekrane atsiranda vaizdas \/ tekstas&nbsp;&nbsp;&nbsp;\u2013 Viskas, k\u0105 ant jo sukuriate. Vir\u0161utineje dalyje&nbsp;&nbsp;&nbsp;yra laikiklis, kuris leis patogiai laikyti ra\u0161ikli, nebijant ji pamesti. SAUGU&nbsp;&nbsp;&nbsp;-plan\u010det\u0117 yra&nbsp;&nbsp;&nbsp;be dulki\u0173 ir nekenksminga akims! Jis [&hellip;]<\/p>","protected":false},"featured_media":13269,"template":"","meta":{"iawp_total_views":58},"product_cat":[84,89,49,39],"product_tag":[101,96,97,98,99],"class_list":{"0":"post-13268","1":"product","2":"type-product","3":"status-publish","4":"has-post-thumbnail","6":"product_cat-lavinamieji-zaislai","7":"product_cat-mokausi-piesti","8":"product_cat-visi-zaislai","9":"product_cat-zaislai","10":"product_tag-12-m-14-m","11":"product_tag-2-m-3-m","12":"product_tag-3-m-4-m","13":"product_tag-5-m-7-m","14":"product_tag-8-m-11-m","16":"first","17":"instock","18":"taxable","19":"shipping-taxable","20":"purchasable","21":"product-type-simple"},"yoast_head":"<!-- This site is optimized with the Yoast SEO plugin v23.3 - https:\/\/yoast.com\/wordpress\/plugins\/seo\/ -->\n<title>Ma\u017ea pie\u0161imo plan\u010det\u0117 - Montessori \u017eaislai<\/title>\n<meta name=\"robots\" content=\"noindex, follow, max-snippet:-1, max-image-preview:large, max-video-preview:-1\" \/>\n<meta property=\"og:locale\" content=\"en_US\" \/>\n<meta property=\"og:type\" content=\"article\" \/>\n<meta property=\"og:title\" content=\"Ma\u017ea pie\u0161imo plan\u010det\u0117 - Montessori \u017eaislai\" \/>\n<meta property=\"og:description\" content=\"VEIKIMAS&nbsp;&nbsp;&nbsp;&#8211; plan\u0161etinio kompiuterio ekranas, kurio ekrano istri\u017eaine yra 8,5 colio, sukuria vaizd\u0105 d\u0117l sl\u0117gio jegos.&nbsp;&nbsp;&nbsp;Kiekvienas prisilietimas (tai nebutinai turi buti ra\u0161iklis \u2013 ekranas net reaguoja i nag\u0105!) Ekrane atsiranda vaizdas \/ tekstas&nbsp;&nbsp;&nbsp;\u2013 Viskas, k\u0105 ant jo sukuriate. Vir\u0161utineje dalyje&nbsp;&nbsp;&nbsp;yra laikiklis, kuris leis patogiai laikyti ra\u0161ikli, nebijant ji pamesti. SAUGU&nbsp;&nbsp;&nbsp;-plan\u010det\u0117 yra&nbsp;&nbsp;&nbsp;be dulki\u0173 ir nekenksminga akims! Jis [&hellip;]\" \/>\n<meta property=\"og:url\" content=\"https:\/\/dev.monti.lt\/en\/product\/maza-piesimo-plancete\/\" \/>\n<meta property=\"og:site_name\" content=\"Montessori \u017eaislai\" \/>\n<meta property=\"article:modified_time\" content=\"2024-09-27T07:26:29+00:00\" \/>\n<meta property=\"og:image\" content=\"https:\/\/dev.monti.lt\/wp-content\/uploads\/2022\/12\/lit_pl_Piesimo-plansete-8-5-quot-juoda-13926_1.jpg\" \/>\n\t<meta property=\"og:image:width\" content=\"643\" \/>\n\t<meta property=\"og:image:height\" content=\"500\" \/>\n\t<meta property=\"og:image:type\" content=\"image\/jpeg\" \/>\n<meta name=\"twitter:card\" content=\"summary_large_image\" \/>\n<meta name=\"twitter:label1\" content=\"Est. reading time\" \/>\n\t<meta name=\"twitter:data1\" content=\"1 minute\" \/>\n<script type=\"application\/ld+json\" class=\"yoast-schema-graph\">{\"@context\":\"https:\/\/schema.org\",\"@graph\":[{\"@type\":\"WebPage\",\"@id\":\"https:\/\/dev.monti.lt\/product\/maza-piesimo-plancete\/\",\"url\":\"https:\/\/dev.monti.lt\/product\/maza-piesimo-plancete\/\",\"name\":\"Ma\u017ea pie\u0161imo plan\u010det\u0117 - Montessori \u017eaislai\",\"isPartOf\":{\"@id\":\"https:\/\/dev.monti.lt\/#website\"},\"primaryImageOfPage\":{\"@id\":\"https:\/\/dev.monti.lt\/product\/maza-piesimo-plancete\/#primaryimage\"},\"image\":{\"@id\":\"https:\/\/dev.monti.lt\/product\/maza-piesimo-plancete\/#primaryimage\"},\"thumbnailUrl\":\"https:\/\/dev.monti.lt\/wp-content\/uploads\/2022\/12\/lit_pl_Piesimo-plansete-8-5-quot-juoda-13926_1.jpg\",\"datePublished\":\"2022-12-29T11:52:47+00:00\",\"dateModified\":\"2024-09-27T07:26:29+00:00\",\"breadcrumb\":{\"@id\":\"https:\/\/dev.monti.lt\/product\/maza-piesimo-plancete\/#breadcrumb\"},\"inLanguage\":\"en-US\",\"potentialAction\":[{\"@type\":\"ReadAction\",\"target\":[\"https:\/\/dev.monti.lt\/product\/maza-piesimo-plancete\/\"]}]},{\"@type\":\"ImageObject\",\"inLanguage\":\"en-US\",\"@id\":\"https:\/\/dev.monti.lt\/product\/maza-piesimo-plancete\/#primaryimage\",\"url\":\"https:\/\/dev.monti.lt\/wp-content\/uploads\/2022\/12\/lit_pl_Piesimo-plansete-8-5-quot-juoda-13926_1.jpg\",\"contentUrl\":\"https:\/\/dev.monti.lt\/wp-content\/uploads\/2022\/12\/lit_pl_Piesimo-plansete-8-5-quot-juoda-13926_1.jpg\",\"width\":643,\"height\":500,\"caption\":\"pie\u0161imo plan\u010det\u0117\"},{\"@type\":\"BreadcrumbList\",\"@id\":\"https:\/\/dev.monti.lt\/product\/maza-piesimo-plancete\/#breadcrumb\",\"itemListElement\":[{\"@type\":\"ListItem\",\"position\":1,\"name\":\"Home\",\"item\":\"https:\/\/dev.monti.lt\/\"},{\"@type\":\"ListItem\",\"position\":2,\"name\":\"Parduotuv\u0117\",\"item\":\"https:\/\/dev.monti.lt\/shop\/\"},{\"@type\":\"ListItem\",\"position\":3,\"name\":\"Ma\u017ea pie\u0161imo plan\u010det\u0117\"}]},{\"@type\":\"WebSite\",\"@id\":\"https:\/\/dev.monti.lt\/#website\",\"url\":\"https:\/\/dev.monti.lt\/\",\"name\":\"Montessori \u017eaislai\",\"description\":\"\",\"publisher\":{\"@id\":\"https:\/\/dev.monti.lt\/#organization\"},\"potentialAction\":[{\"@type\":\"SearchAction\",\"target\":{\"@type\":\"EntryPoint\",\"urlTemplate\":\"https:\/\/dev.monti.lt\/?s={search_term_string}\"},\"query-input\":\"required name=search_term_string\"}],\"inLanguage\":\"en-US\"},{\"@type\":\"Organization\",\"@id\":\"https:\/\/dev.monti.lt\/#organization\",\"name\":\"Montessori \u017eaislai\",\"url\":\"https:\/\/dev.monti.lt\/\",\"logo\":{\"@type\":\"ImageObject\",\"inLanguage\":\"en-US\",\"@id\":\"https:\/\/dev.monti.lt\/#\/schema\/logo\/image\/\",\"url\":\"https:\/\/dev.monti.lt\/wp-content\/uploads\/2022\/03\/montilogo-1.png\",\"contentUrl\":\"https:\/\/dev.monti.lt\/wp-content\/uploads\/2022\/03\/montilogo-1.png\",\"width\":512,\"height\":512,\"caption\":\"Montessori \u017eaislai\"},\"image\":{\"@id\":\"https:\/\/dev.monti.lt\/#\/schema\/logo\/image\/\"}}]}<\/script>\n<!-- \/ Yoast SEO plugin. -->","yoast_head_json":{"title":"Ma\u017ea pie\u0161imo plan\u010det\u0117 - Montessori \u017eaislai","robots":{"index":"noindex","follow":"follow","max-snippet":"max-snippet:-1","max-image-preview":"max-image-preview:large","max-video-preview":"max-video-preview:-1"},"og_locale":"en_US","og_type":"article","og_title":"Ma\u017ea pie\u0161imo plan\u010det\u0117 - Montessori \u017eaislai","og_description":"VEIKIMAS&nbsp;&nbsp;&nbsp;&#8211; plan\u0161etinio kompiuterio ekranas, kurio ekrano istri\u017eaine yra 8,5 colio, sukuria vaizd\u0105 d\u0117l sl\u0117gio jegos.&nbsp;&nbsp;&nbsp;Kiekvienas prisilietimas (tai nebutinai turi buti ra\u0161iklis \u2013 ekranas net reaguoja i nag\u0105!) Ekrane atsiranda vaizdas \/ tekstas&nbsp;&nbsp;&nbsp;\u2013 Viskas, k\u0105 ant jo sukuriate. Vir\u0161utineje dalyje&nbsp;&nbsp;&nbsp;yra laikiklis, kuris leis patogiai laikyti ra\u0161ikli, nebijant ji pamesti. SAUGU&nbsp;&nbsp;&nbsp;-plan\u010det\u0117 yra&nbsp;&nbsp;&nbsp;be dulki\u0173 ir nekenksminga akims! Jis [&hellip;]","og_url":"https:\/\/dev.monti.lt\/en\/product\/maza-piesimo-plancete\/","og_site_name":"Montessori \u017eaislai","article_modified_time":"2024-09-27T07:26:29+00:00","og_image":[{"width":643,"height":500,"url":"https:\/\/dev.monti.lt\/wp-content\/uploads\/2022\/12\/lit_pl_Piesimo-plansete-8-5-quot-juoda-13926_1.jpg","type":"image\/jpeg"}],"twitter_card":"summary_large_image","twitter_misc":{"Est. reading time":"1 minute"},"schema":{"@context":"https:\/\/schema.org","@graph":[{"@type":"WebPage","@id":"https:\/\/dev.monti.lt\/product\/maza-piesimo-plancete\/","url":"https:\/\/dev.monti.lt\/product\/maza-piesimo-plancete\/","name":"Ma\u017ea pie\u0161imo plan\u010det\u0117 - Montessori \u017eaislai","isPartOf":{"@id":"https:\/\/dev.monti.lt\/#website"},"primaryImageOfPage":{"@id":"https:\/\/dev.monti.lt\/product\/maza-piesimo-plancete\/#primaryimage"},"image":{"@id":"https:\/\/dev.monti.lt\/product\/maza-piesimo-plancete\/#primaryimage"},"thumbnailUrl":"https:\/\/dev.monti.lt\/wp-content\/uploads\/2022\/12\/lit_pl_Piesimo-plansete-8-5-quot-juoda-13926_1.jpg","datePublished":"2022-12-29T11:52:47+00:00","dateModified":"2024-09-27T07:26:29+00:00","breadcrumb":{"@id":"https:\/\/dev.monti.lt\/product\/maza-piesimo-plancete\/#breadcrumb"},"inLanguage":"en-US","potentialAction":[{"@type":"ReadAction","target":["https:\/\/dev.monti.lt\/product\/maza-piesimo-plancete\/"]}]},{"@type":"ImageObject","inLanguage":"en-US","@id":"https:\/\/dev.monti.lt\/product\/maza-piesimo-plancete\/#primaryimage","url":"https:\/\/dev.monti.lt\/wp-content\/uploads\/2022\/12\/lit_pl_Piesimo-plansete-8-5-quot-juoda-13926_1.jpg","contentUrl":"https:\/\/dev.monti.lt\/wp-content\/uploads\/2022\/12\/lit_pl_Piesimo-plansete-8-5-quot-juoda-13926_1.jpg","width":643,"height":500,"caption":"pie\u0161imo plan\u010det\u0117"},{"@type":"BreadcrumbList","@id":"https:\/\/dev.monti.lt\/product\/maza-piesimo-plancete\/#breadcrumb","itemListElement":[{"@type":"ListItem","position":1,"name":"Home","item":"https:\/\/dev.monti.lt\/"},{"@type":"ListItem","position":2,"name":"Parduotuv\u0117","item":"https:\/\/dev.monti.lt\/shop\/"},{"@type":"ListItem","position":3,"name":"Ma\u017ea pie\u0161imo plan\u010det\u0117"}]},{"@type":"WebSite","@id":"https:\/\/dev.monti.lt\/#website","url":"https:\/\/dev.monti.lt\/","name":"Montessori \u017eaislai","description":"","publisher":{"@id":"https:\/\/dev.monti.lt\/#organization"},"potentialAction":[{"@type":"SearchAction","target":{"@type":"EntryPoint","urlTemplate":"https:\/\/dev.monti.lt\/?s={search_term_string}"},"query-input":"required name=search_term_string"}],"inLanguage":"en-US"},{"@type":"Organization","@id":"https:\/\/dev.monti.lt\/#organization","name":"Montessori \u017eaislai","url":"https:\/\/dev.monti.lt\/","logo":{"@type":"ImageObject","inLanguage":"en-US","@id":"https:\/\/dev.monti.lt\/#\/schema\/logo\/image\/","url":"https:\/\/dev.monti.lt\/wp-content\/uploads\/2022\/03\/montilogo-1.png","contentUrl":"https:\/\/dev.monti.lt\/wp-content\/uploads\/2022\/03\/montilogo-1.png","width":512,"height":512,"caption":"Montessori \u017eaislai"},"image":{"@id":"https:\/\/dev.monti.lt\/#\/schema\/logo\/image\/"}}]}},"_links":{"self":[{"href":"https:\/\/dev.monti.lt\/en\/wp-json\/wp\/v2\/product\/13268"}],"collection":[{"href":"https:\/\/dev.monti.lt\/en\/wp-json\/wp\/v2\/product"}],"about":[{"href":"https:\/\/dev.monti.lt\/en\/wp-json\/wp\/v2\/types\/product"}],"version-history":[{"count":2,"href":"https:\/\/dev.monti.lt\/en\/wp-json\/wp\/v2\/product\/13268\/revisions"}],"predecessor-version":[{"id":13272,"href":"https:\/\/dev.monti.lt\/en\/wp-json\/wp\/v2\/product\/13268\/revisions\/13272"}],"wp:featuredmedia":[{"embeddable":true,"href":"https:\/\/dev.monti.lt\/en\/wp-json\/wp\/v2\/media\/13269"}],"wp:attachment":[{"href":"https:\/\/dev.monti.lt\/en\/wp-json\/wp\/v2\/media?parent=13268"}],"wp:term":[{"taxonomy":"product_cat","embeddable":true,"href":"https:\/\/dev.monti.lt\/en\/wp-json\/wp\/v2\/product_cat?post=13268"},{"taxonomy":"product_tag","embeddable":true,"href":"https:\/\/dev.monti.lt\/en\/wp-json\/wp\/v2\/product_tag?post=13268"}],"curies":[{"name":"wp","href":"https:\/\/api.w.org\/{rel}","templated":true}]}}