{"id":13258,"date":"2022-12-29T11:45:21","date_gmt":"2022-12-29T11:45:21","guid":{"rendered":"https:\/\/dev.monti.lt\/?post_type=product&#038;p=13258"},"modified":"2024-10-09T11:13:45","modified_gmt":"2024-10-09T11:13:45","slug":"sensorinis-lagaminelis","status":"publish","type":"product","link":"https:\/\/dev.monti.lt\/en\/product\/sensorinis-lagaminelis\/","title":{"rendered":"Sensorinis lagamin\u0117lis"},"content":{"rendered":"<h1 class=\"wp-block-heading\">\u00a0<\/h1><ul class=\"wp-block-list\"><li><strong>Sensorinis kelioninis \u017eaidimas<\/strong>\u00a0\u2013 visa \u017eaidimo lenta sulenkus u\u017esisega sagute su elastine juostele.\u00a0<strong>Lagamin\u0117l\u012f galite pasiimti su savimi \u012f park\u0105 ar net \u012f dar\u017eel\u012f<\/strong>, ar kelion\u0119<\/li><li><strong>14\u00a0TVARKYMO<\/strong>\u00a0<strong>ELEMENTAI\u00a0<\/strong>\u2013 krep\u0161yje yra 14 sensorini\u0173 element\u0173, toki\u0173 kaip: u\u017etrauktukas, dir\u017eo sagtis, s\u0117dyn\u0117s sagtis, dir\u017eelis petne\u0161oms u\u017esegti kuprin\u0117je, velcro, mygtukas, dekoratyvinis u\u017esegimas su sagute, sta\u010diakampis u\u017esegimas, ovalus u\u017esegimas, elastin\u0117 juosta, virvel\u0117 , \u0161varko saga ir rai\u0161teliai.<\/li><li><strong>JUTIMAS<\/strong>\u00a0&#8211; \u017eaidimas padeda lavinti vaik\u0173 vystym\u0105si. \u017daislas leid\u017eia pagerinti rank\u0173 ir aki\u0173 koordinacij\u0105, palaiko geb\u0117jim\u0105 logi\u0161kai m\u0105styti, suteikia savaranki\u0161kumo ir lavina koordinacij\u0105 bei susikaupim\u0105. Kiekvien\u0105 kart\u0105, kai ma\u017eylis nusprend\u017eia \u017eaisti, jis gali atrasti ka\u017ek\u0105 naujo.<\/li><li><strong>SAUGU<\/strong>\u00a0\u2013 visas \u017eaislas pagamintas i\u0161 mink\u0161tos med\u017eiagos, kurios d\u0117ka yra lengvas, o svarbiausia, Saugus vaikui. Visi elementai parinkti taip, kad vaikas \u017eaisdamas atrast\u0173 nauj\u0173 geb\u0117jim\u0173 ir jam nekilt\u0173 pavojus.<\/li><\/ul><p><strong>SPECIFIKACIJA<\/strong><\/p><ul class=\"wp-block-list\"><li>spalva: daugiaspalvis<\/li><li>med\u017eiaga: veltinis\/plastikas<\/li><li>am\u017eius: + 12 m\u0117n<\/li><li>valdymo element\u0173 skai\u010dius: 14<\/li><li>i\u0161matavimai: 28 x 33 x 2 cm<\/li><li>svoris: 0,487 kg<\/li><li>svoris pakuot\u0117je: 0,647 kg&nbsp;<\/li><\/ul><p>Manipuliavimo lenta, kaip rodo pavadinimas, yra naudojama manipuliavimui \u2013 vaikas gali \u017eaisti su paprastais daiktais per poj\u016b\u010dius (lyt\u0117jim\u0105, reg\u0105 ir klaus\u0105) ir lavinti psichomotorinius \u012fg\u016bd\u017eius.<\/p>","protected":false},"excerpt":{"rendered":"<p>\u00a0 Sensorinis kelioninis \u017eaidimas\u00a0\u2013 visa \u017eaidimo lenta sulenkus u\u017esisega sagute su elastine juostele.\u00a0Lagamin\u0117l\u012f galite pasiimti su savimi \u012f park\u0105 ar net \u012f dar\u017eel\u012f, ar kelion\u0119 14\u00a0TVARKYMO\u00a0ELEMENTAI\u00a0\u2013 krep\u0161yje yra 14 sensorini\u0173 element\u0173, toki\u0173 kaip: u\u017etrauktukas, dir\u017eo sagtis, s\u0117dyn\u0117s sagtis, dir\u017eelis petne\u0161oms u\u017esegti kuprin\u0117je, velcro, mygtukas, dekoratyvinis u\u017esegimas su sagute, sta\u010diakampis u\u017esegimas, ovalus u\u017esegimas, elastin\u0117 juosta, virvel\u0117 [&hellip;]<\/p>","protected":false},"featured_media":13259,"template":"","meta":{"iawp_total_views":1291},"product_cat":[213,218,193,191,84,91,83,90,86,50,199,49,39,215,201,214],"product_tag":[95,96,97],"class_list":{"0":"post-13258","1":"product","2":"type-product","3":"status-publish","4":"has-post-thumbnail","6":"product_cat-akcija","7":"product_cat-darzeliu-grupems","8":"product_cat-dovanos-vaikams-1-2-metu","9":"product_cat-dovanos-vaikams","10":"product_cat-lavinamieji-zaislai","11":"product_cat-loginiam-mastymui","12":"product_cat-montessori-zaislai","13":"product_cat-pasaulio-pazinimas","14":"product_cat-smulkioji-motorika","15":"product_cat-top-dovanos","16":"product_cat-ugdymo-istaigoms","17":"product_cat-visi-zaislai","18":"product_cat-zaislai","19":"product_cat-zaislai-berniukams","20":"product_cat-zaislai-kelioneje","21":"product_cat-zaislai-mergaitems","22":"product_tag-1-m-2-m","23":"product_tag-2-m-3-m","24":"product_tag-3-m-4-m","26":"first","27":"instock","28":"sale","29":"taxable","30":"shipping-taxable","31":"purchasable","32":"product-type-simple"},"yoast_head":"<!-- This site is optimized with the Yoast SEO plugin v23.3 - https:\/\/yoast.com\/wordpress\/plugins\/seo\/ -->\n<title>Sensorinis lagamin\u0117lis - Montessori \u017eaislai<\/title>\n<meta name=\"robots\" content=\"noindex, follow, max-snippet:-1, max-image-preview:large, max-video-preview:-1\" \/>\n<meta property=\"og:locale\" content=\"en_US\" \/>\n<meta property=\"og:type\" content=\"article\" \/>\n<meta property=\"og:title\" content=\"Sensorinis lagamin\u0117lis - Montessori \u017eaislai\" \/>\n<meta property=\"og:description\" content=\"\u00a0 Sensorinis kelioninis \u017eaidimas\u00a0\u2013 visa \u017eaidimo lenta sulenkus u\u017esisega sagute su elastine juostele.\u00a0Lagamin\u0117l\u012f galite pasiimti su savimi \u012f park\u0105 ar net \u012f dar\u017eel\u012f, ar kelion\u0119 14\u00a0TVARKYMO\u00a0ELEMENTAI\u00a0\u2013 krep\u0161yje yra 14 sensorini\u0173 element\u0173, toki\u0173 kaip: u\u017etrauktukas, dir\u017eo sagtis, s\u0117dyn\u0117s sagtis, dir\u017eelis petne\u0161oms u\u017esegti kuprin\u0117je, velcro, mygtukas, dekoratyvinis u\u017esegimas su sagute, sta\u010diakampis u\u017esegimas, ovalus u\u017esegimas, elastin\u0117 juosta, virvel\u0117 [&hellip;]\" \/>\n<meta property=\"og:url\" content=\"https:\/\/dev.monti.lt\/en\/product\/sensorinis-lagaminelis\/\" \/>\n<meta property=\"og:site_name\" content=\"Montessori \u017eaislai\" \/>\n<meta property=\"article:modified_time\" content=\"2024-10-09T11:13:45+00:00\" \/>\n<meta property=\"og:image\" content=\"https:\/\/dev.monti.lt\/wp-content\/uploads\/2022\/12\/lit_pl_Kruzzel-20314-manipuliavimo-lenta-16376_1.jpg\" \/>\n\t<meta property=\"og:image:width\" content=\"500\" \/>\n\t<meta property=\"og:image:height\" content=\"500\" \/>\n\t<meta property=\"og:image:type\" content=\"image\/jpeg\" \/>\n<meta name=\"twitter:card\" content=\"summary_large_image\" \/>\n<meta name=\"twitter:label1\" content=\"Est. reading time\" \/>\n\t<meta name=\"twitter:data1\" content=\"1 minute\" \/>\n<script type=\"application\/ld+json\" class=\"yoast-schema-graph\">{\"@context\":\"https:\/\/schema.org\",\"@graph\":[{\"@type\":\"WebPage\",\"@id\":\"https:\/\/dev.monti.lt\/product\/sensorinis-lagaminelis\/\",\"url\":\"https:\/\/dev.monti.lt\/product\/sensorinis-lagaminelis\/\",\"name\":\"Sensorinis lagamin\u0117lis - Montessori \u017eaislai\",\"isPartOf\":{\"@id\":\"https:\/\/dev.monti.lt\/#website\"},\"primaryImageOfPage\":{\"@id\":\"https:\/\/dev.monti.lt\/product\/sensorinis-lagaminelis\/#primaryimage\"},\"image\":{\"@id\":\"https:\/\/dev.monti.lt\/product\/sensorinis-lagaminelis\/#primaryimage\"},\"thumbnailUrl\":\"https:\/\/dev.monti.lt\/wp-content\/uploads\/2022\/12\/lit_pl_Kruzzel-20314-manipuliavimo-lenta-16376_1.jpg\",\"datePublished\":\"2022-12-29T11:45:21+00:00\",\"dateModified\":\"2024-10-09T11:13:45+00:00\",\"breadcrumb\":{\"@id\":\"https:\/\/dev.monti.lt\/product\/sensorinis-lagaminelis\/#breadcrumb\"},\"inLanguage\":\"en-US\",\"potentialAction\":[{\"@type\":\"ReadAction\",\"target\":[\"https:\/\/dev.monti.lt\/product\/sensorinis-lagaminelis\/\"]}]},{\"@type\":\"ImageObject\",\"inLanguage\":\"en-US\",\"@id\":\"https:\/\/dev.monti.lt\/product\/sensorinis-lagaminelis\/#primaryimage\",\"url\":\"https:\/\/dev.monti.lt\/wp-content\/uploads\/2022\/12\/lit_pl_Kruzzel-20314-manipuliavimo-lenta-16376_1.jpg\",\"contentUrl\":\"https:\/\/dev.monti.lt\/wp-content\/uploads\/2022\/12\/lit_pl_Kruzzel-20314-manipuliavimo-lenta-16376_1.jpg\",\"width\":500,\"height\":500,\"caption\":\"manipuliacine lenta su uztrauktukais\"},{\"@type\":\"BreadcrumbList\",\"@id\":\"https:\/\/dev.monti.lt\/product\/sensorinis-lagaminelis\/#breadcrumb\",\"itemListElement\":[{\"@type\":\"ListItem\",\"position\":1,\"name\":\"Home\",\"item\":\"https:\/\/dev.monti.lt\/\"},{\"@type\":\"ListItem\",\"position\":2,\"name\":\"Parduotuv\u0117\",\"item\":\"https:\/\/dev.monti.lt\/shop\/\"},{\"@type\":\"ListItem\",\"position\":3,\"name\":\"Sensorinis lagamin\u0117lis\"}]},{\"@type\":\"WebSite\",\"@id\":\"https:\/\/dev.monti.lt\/#website\",\"url\":\"https:\/\/dev.monti.lt\/\",\"name\":\"Montessori \u017eaislai\",\"description\":\"\",\"publisher\":{\"@id\":\"https:\/\/dev.monti.lt\/#organization\"},\"potentialAction\":[{\"@type\":\"SearchAction\",\"target\":{\"@type\":\"EntryPoint\",\"urlTemplate\":\"https:\/\/dev.monti.lt\/?s={search_term_string}\"},\"query-input\":\"required name=search_term_string\"}],\"inLanguage\":\"en-US\"},{\"@type\":\"Organization\",\"@id\":\"https:\/\/dev.monti.lt\/#organization\",\"name\":\"Montessori \u017eaislai\",\"url\":\"https:\/\/dev.monti.lt\/\",\"logo\":{\"@type\":\"ImageObject\",\"inLanguage\":\"en-US\",\"@id\":\"https:\/\/dev.monti.lt\/#\/schema\/logo\/image\/\",\"url\":\"https:\/\/dev.monti.lt\/wp-content\/uploads\/2022\/03\/montilogo-1.png\",\"contentUrl\":\"https:\/\/dev.monti.lt\/wp-content\/uploads\/2022\/03\/montilogo-1.png\",\"width\":512,\"height\":512,\"caption\":\"Montessori \u017eaislai\"},\"image\":{\"@id\":\"https:\/\/dev.monti.lt\/#\/schema\/logo\/image\/\"}}]}<\/script>\n<!-- \/ Yoast SEO plugin. -->","yoast_head_json":{"title":"Sensorinis lagamin\u0117lis - Montessori \u017eaislai","robots":{"index":"noindex","follow":"follow","max-snippet":"max-snippet:-1","max-image-preview":"max-image-preview:large","max-video-preview":"max-video-preview:-1"},"og_locale":"en_US","og_type":"article","og_title":"Sensorinis lagamin\u0117lis - Montessori \u017eaislai","og_description":"\u00a0 Sensorinis kelioninis \u017eaidimas\u00a0\u2013 visa \u017eaidimo lenta sulenkus u\u017esisega sagute su elastine juostele.\u00a0Lagamin\u0117l\u012f galite pasiimti su savimi \u012f park\u0105 ar net \u012f dar\u017eel\u012f, ar kelion\u0119 14\u00a0TVARKYMO\u00a0ELEMENTAI\u00a0\u2013 krep\u0161yje yra 14 sensorini\u0173 element\u0173, toki\u0173 kaip: u\u017etrauktukas, dir\u017eo sagtis, s\u0117dyn\u0117s sagtis, dir\u017eelis petne\u0161oms u\u017esegti kuprin\u0117je, velcro, mygtukas, dekoratyvinis u\u017esegimas su sagute, sta\u010diakampis u\u017esegimas, ovalus u\u017esegimas, elastin\u0117 juosta, virvel\u0117 [&hellip;]","og_url":"https:\/\/dev.monti.lt\/en\/product\/sensorinis-lagaminelis\/","og_site_name":"Montessori \u017eaislai","article_modified_time":"2024-10-09T11:13:45+00:00","og_image":[{"width":500,"height":500,"url":"https:\/\/dev.monti.lt\/wp-content\/uploads\/2022\/12\/lit_pl_Kruzzel-20314-manipuliavimo-lenta-16376_1.jpg","type":"image\/jpeg"}],"twitter_card":"summary_large_image","twitter_misc":{"Est. reading time":"1 minute"},"schema":{"@context":"https:\/\/schema.org","@graph":[{"@type":"WebPage","@id":"https:\/\/dev.monti.lt\/product\/sensorinis-lagaminelis\/","url":"https:\/\/dev.monti.lt\/product\/sensorinis-lagaminelis\/","name":"Sensorinis lagamin\u0117lis - Montessori \u017eaislai","isPartOf":{"@id":"https:\/\/dev.monti.lt\/#website"},"primaryImageOfPage":{"@id":"https:\/\/dev.monti.lt\/product\/sensorinis-lagaminelis\/#primaryimage"},"image":{"@id":"https:\/\/dev.monti.lt\/product\/sensorinis-lagaminelis\/#primaryimage"},"thumbnailUrl":"https:\/\/dev.monti.lt\/wp-content\/uploads\/2022\/12\/lit_pl_Kruzzel-20314-manipuliavimo-lenta-16376_1.jpg","datePublished":"2022-12-29T11:45:21+00:00","dateModified":"2024-10-09T11:13:45+00:00","breadcrumb":{"@id":"https:\/\/dev.monti.lt\/product\/sensorinis-lagaminelis\/#breadcrumb"},"inLanguage":"en-US","potentialAction":[{"@type":"ReadAction","target":["https:\/\/dev.monti.lt\/product\/sensorinis-lagaminelis\/"]}]},{"@type":"ImageObject","inLanguage":"en-US","@id":"https:\/\/dev.monti.lt\/product\/sensorinis-lagaminelis\/#primaryimage","url":"https:\/\/dev.monti.lt\/wp-content\/uploads\/2022\/12\/lit_pl_Kruzzel-20314-manipuliavimo-lenta-16376_1.jpg","contentUrl":"https:\/\/dev.monti.lt\/wp-content\/uploads\/2022\/12\/lit_pl_Kruzzel-20314-manipuliavimo-lenta-16376_1.jpg","width":500,"height":500,"caption":"manipuliacine lenta su uztrauktukais"},{"@type":"BreadcrumbList","@id":"https:\/\/dev.monti.lt\/product\/sensorinis-lagaminelis\/#breadcrumb","itemListElement":[{"@type":"ListItem","position":1,"name":"Home","item":"https:\/\/dev.monti.lt\/"},{"@type":"ListItem","position":2,"name":"Parduotuv\u0117","item":"https:\/\/dev.monti.lt\/shop\/"},{"@type":"ListItem","position":3,"name":"Sensorinis lagamin\u0117lis"}]},{"@type":"WebSite","@id":"https:\/\/dev.monti.lt\/#website","url":"https:\/\/dev.monti.lt\/","name":"Montessori \u017eaislai","description":"","publisher":{"@id":"https:\/\/dev.monti.lt\/#organization"},"potentialAction":[{"@type":"SearchAction","target":{"@type":"EntryPoint","urlTemplate":"https:\/\/dev.monti.lt\/?s={search_term_string}"},"query-input":"required name=search_term_string"}],"inLanguage":"en-US"},{"@type":"Organization","@id":"https:\/\/dev.monti.lt\/#organization","name":"Montessori \u017eaislai","url":"https:\/\/dev.monti.lt\/","logo":{"@type":"ImageObject","inLanguage":"en-US","@id":"https:\/\/dev.monti.lt\/#\/schema\/logo\/image\/","url":"https:\/\/dev.monti.lt\/wp-content\/uploads\/2022\/03\/montilogo-1.png","contentUrl":"https:\/\/dev.monti.lt\/wp-content\/uploads\/2022\/03\/montilogo-1.png","width":512,"height":512,"caption":"Montessori \u017eaislai"},"image":{"@id":"https:\/\/dev.monti.lt\/#\/schema\/logo\/image\/"}}]}},"_links":{"self":[{"href":"https:\/\/dev.monti.lt\/en\/wp-json\/wp\/v2\/product\/13258"}],"collection":[{"href":"https:\/\/dev.monti.lt\/en\/wp-json\/wp\/v2\/product"}],"about":[{"href":"https:\/\/dev.monti.lt\/en\/wp-json\/wp\/v2\/types\/product"}],"version-history":[{"count":1,"href":"https:\/\/dev.monti.lt\/en\/wp-json\/wp\/v2\/product\/13258\/revisions"}],"predecessor-version":[{"id":13267,"href":"https:\/\/dev.monti.lt\/en\/wp-json\/wp\/v2\/product\/13258\/revisions\/13267"}],"wp:featuredmedia":[{"embeddable":true,"href":"https:\/\/dev.monti.lt\/en\/wp-json\/wp\/v2\/media\/13259"}],"wp:attachment":[{"href":"https:\/\/dev.monti.lt\/en\/wp-json\/wp\/v2\/media?parent=13258"}],"wp:term":[{"taxonomy":"product_cat","embeddable":true,"href":"https:\/\/dev.monti.lt\/en\/wp-json\/wp\/v2\/product_cat?post=13258"},{"taxonomy":"product_tag","embeddable":true,"href":"https:\/\/dev.monti.lt\/en\/wp-json\/wp\/v2\/product_tag?post=13258"}],"curies":[{"name":"wp","href":"https:\/\/api.w.org\/{rel}","templated":true}]}}