{"id":12992,"date":"2022-12-14T20:44:20","date_gmt":"2022-12-14T20:44:20","guid":{"rendered":"https:\/\/dev.monti.lt\/?post_type=product&#038;p=12992"},"modified":"2024-10-08T17:29:10","modified_gmt":"2024-10-08T17:29:10","slug":"domino-traukinys-2","status":"publish","type":"product","link":"https:\/\/dev.monti.lt\/en\/product\/domino-traukinys-2\/","title":{"rendered":"Domino traukinys"},"content":{"rendered":"<p><strong>DOMINO D\u0116LION\u0116 SU TRAUKINIU <\/strong><\/p><p>Spalvingas interaktyvus lokomotyvas, kuris d\u0117lioja domino blokus.<\/p><p>\u017daislas, pagamintas atkreipiant d\u0117mes\u012f \u012f kiekvien\u0105 smulkmen\u0105.<\/p><p>Traukinys deda blokus reguliariais intervalais, kiekvien\u0105 kart\u0105 signalizuodamas skambu\u010diu.<\/p><p>Lyn\u0173 keltuvo krypt\u012f galima nustatyti naudojant jo piltuv\u0105.<\/p><p>Jo d\u0117ka galite sud\u0117lioti sud\u0117tingas&nbsp;blok\u0173 eiles, kurias v\u0117liau galima nugriauti.&nbsp;<\/p><p>Pramogos \u017eaid\u017eiant yra puiki proga pasikalb\u0117ti su vaiku ir puikiai praleisti popiet\u0119.<\/p><p>\u017daislas teigiamai veikia vaiko vaizduot\u0119 ir smulkiosios motorikos \u012fg\u016bd\u017eius<\/p><p>Fantasti\u0161kas traukinukas, lavinantis k\u016brybi\u0161kum\u0105, k\u016brybi\u0161k\u0105 m\u0105stym\u0105&nbsp;ir rank\u0173 miklum\u0105.<\/p><p>\u017daislas moko vaik\u0105 spr\u0119sti problemas, gerina motorin\u0119 koordinacij\u0105.<\/p><p>Tobula dovanos id\u0117ja.<\/p><p>Ry\u0161kios, sodrios spalvos ir \u012fdom\u016bs ra\u0161tai pritrauks vaiko d\u0117mes\u012f ir skatins \u017eaisti.<\/p><ul class=\"wp-block-list\"><li>Turi \u0161viesos ir garso efektus<\/li><li>palaiko k\u016brybini\u0173 geb\u0117jim\u0173 ugdym\u0105,<\/li><li>padeda lavinti smulkiosios motorikos \u012fg\u016bd\u017eius,<\/li><li>palaiko aki\u0173 ir rank\u0173 koordinacijos vystym\u0105si,<\/li><li>padeda lavinti vaizduot\u0119 ir k\u016brybi\u0161kum\u0105,<\/li><\/ul><p><strong>Komplekte yra:<\/strong><\/p><ul class=\"wp-block-list\"><li>spalvingas lokomotyvas<\/li><li>domino dozatorius<\/li><li>60 blokeli\u0173<\/li><li>plastikinis laikiklis<\/li><\/ul><p><strong>SPECIFIKACIJA<\/strong><\/p><ul class=\"wp-block-list\"><li>spalva: daugiaspalvis<\/li><li>med\u017eiaga: plastikas<\/li><li>maitinamas baterijomis: 2x AA (nepridedamas)<\/li><li>matmenys: 34,5 x 15,5 x 7,5 cm<\/li><li>svoris: 418g<\/li><li>svoris rinkinyje: 518g<\/li><\/ul><p><strong>\u012eSKAITANT<\/strong><\/p><ul class=\"wp-block-list\"><li>spalvoti domino kalad\u0117l\u0117s 60 vnt<\/li><li>blok\u0173 tiektuvas<\/li><li>lokomotyvas<\/li><li>kaktusas apversti 2 blokus vienu metu<\/li><\/ul>","protected":false},"excerpt":{"rendered":"<p>DOMINO D\u0116LION\u0116 SU TRAUKINIU Spalvingas interaktyvus lokomotyvas, kuris d\u0117lioja domino blokus. \u017daislas, pagamintas atkreipiant d\u0117mes\u012f \u012f kiekvien\u0105 smulkmen\u0105. Traukinys deda blokus reguliariais intervalais, kiekvien\u0105 kart\u0105 signalizuodamas skambu\u010diu. Lyn\u0173 keltuvo krypt\u012f galima nustatyti naudojant jo piltuv\u0105. Jo d\u0117ka galite sud\u0117lioti sud\u0117tingas&nbsp;blok\u0173 eiles, kurias v\u0117liau galima nugriauti.&nbsp; Pramogos \u017eaid\u017eiant yra puiki proga pasikalb\u0117ti su vaiku ir puikiai [&hellip;]<\/p>","protected":false},"featured_media":12994,"template":"","meta":{"iawp_total_views":71},"product_cat":[84,90,86,50,49,39],"product_tag":[97,98,99],"class_list":{"0":"post-12992","1":"product","2":"type-product","3":"status-publish","4":"has-post-thumbnail","6":"product_cat-lavinamieji-zaislai","7":"product_cat-pasaulio-pazinimas","8":"product_cat-smulkioji-motorika","9":"product_cat-top-dovanos","10":"product_cat-visi-zaislai","11":"product_cat-zaislai","12":"product_tag-3-m-4-m","13":"product_tag-5-m-7-m","14":"product_tag-8-m-11-m","16":"first","17":"instock","18":"featured","19":"taxable","20":"shipping-taxable","21":"purchasable","22":"product-type-simple"},"yoast_head":"<!-- This site is optimized with the Yoast SEO plugin v23.3 - https:\/\/yoast.com\/wordpress\/plugins\/seo\/ -->\n<title>Domino traukinys - Montessori \u017eaislai<\/title>\n<meta name=\"robots\" content=\"noindex, follow, max-snippet:-1, max-image-preview:large, max-video-preview:-1\" \/>\n<meta property=\"og:locale\" content=\"en_US\" \/>\n<meta property=\"og:type\" content=\"article\" \/>\n<meta property=\"og:title\" content=\"Domino traukinys - Montessori \u017eaislai\" \/>\n<meta property=\"og:description\" content=\"DOMINO D\u0116LION\u0116 SU TRAUKINIU Spalvingas interaktyvus lokomotyvas, kuris d\u0117lioja domino blokus. \u017daislas, pagamintas atkreipiant d\u0117mes\u012f \u012f kiekvien\u0105 smulkmen\u0105. Traukinys deda blokus reguliariais intervalais, kiekvien\u0105 kart\u0105 signalizuodamas skambu\u010diu. Lyn\u0173 keltuvo krypt\u012f galima nustatyti naudojant jo piltuv\u0105. Jo d\u0117ka galite sud\u0117lioti sud\u0117tingas&nbsp;blok\u0173 eiles, kurias v\u0117liau galima nugriauti.&nbsp; Pramogos \u017eaid\u017eiant yra puiki proga pasikalb\u0117ti su vaiku ir puikiai [&hellip;]\" \/>\n<meta property=\"og:url\" content=\"https:\/\/dev.monti.lt\/en\/product\/domino-traukinys-2\/\" \/>\n<meta property=\"og:site_name\" content=\"Montessori \u017eaislai\" \/>\n<meta property=\"article:modified_time\" content=\"2024-10-08T17:29:10+00:00\" \/>\n<meta property=\"og:image\" content=\"https:\/\/dev.monti.lt\/wp-content\/uploads\/2022\/12\/lit_pl_Traukinys-lokomotyvas-Domino-Kruzzel-20561-16352_1.jpg\" \/>\n\t<meta property=\"og:image:width\" content=\"500\" \/>\n\t<meta property=\"og:image:height\" content=\"500\" \/>\n\t<meta property=\"og:image:type\" content=\"image\/jpeg\" \/>\n<meta name=\"twitter:card\" content=\"summary_large_image\" \/>\n<meta name=\"twitter:label1\" content=\"Est. reading time\" \/>\n\t<meta name=\"twitter:data1\" content=\"1 minute\" \/>\n<script type=\"application\/ld+json\" class=\"yoast-schema-graph\">{\"@context\":\"https:\/\/schema.org\",\"@graph\":[{\"@type\":\"WebPage\",\"@id\":\"https:\/\/dev.monti.lt\/product\/domino-traukinys-2\/\",\"url\":\"https:\/\/dev.monti.lt\/product\/domino-traukinys-2\/\",\"name\":\"Domino traukinys - Montessori \u017eaislai\",\"isPartOf\":{\"@id\":\"https:\/\/dev.monti.lt\/#website\"},\"primaryImageOfPage\":{\"@id\":\"https:\/\/dev.monti.lt\/product\/domino-traukinys-2\/#primaryimage\"},\"image\":{\"@id\":\"https:\/\/dev.monti.lt\/product\/domino-traukinys-2\/#primaryimage\"},\"thumbnailUrl\":\"https:\/\/dev.monti.lt\/wp-content\/uploads\/2022\/12\/lit_pl_Traukinys-lokomotyvas-Domino-Kruzzel-20561-16352_1.jpg\",\"datePublished\":\"2022-12-14T20:44:20+00:00\",\"dateModified\":\"2024-10-08T17:29:10+00:00\",\"breadcrumb\":{\"@id\":\"https:\/\/dev.monti.lt\/product\/domino-traukinys-2\/#breadcrumb\"},\"inLanguage\":\"en-US\",\"potentialAction\":[{\"@type\":\"ReadAction\",\"target\":[\"https:\/\/dev.monti.lt\/product\/domino-traukinys-2\/\"]}]},{\"@type\":\"ImageObject\",\"inLanguage\":\"en-US\",\"@id\":\"https:\/\/dev.monti.lt\/product\/domino-traukinys-2\/#primaryimage\",\"url\":\"https:\/\/dev.monti.lt\/wp-content\/uploads\/2022\/12\/lit_pl_Traukinys-lokomotyvas-Domino-Kruzzel-20561-16352_1.jpg\",\"contentUrl\":\"https:\/\/dev.monti.lt\/wp-content\/uploads\/2022\/12\/lit_pl_Traukinys-lokomotyvas-Domino-Kruzzel-20561-16352_1.jpg\",\"width\":500,\"height\":500,\"caption\":\"domino traukinys\"},{\"@type\":\"BreadcrumbList\",\"@id\":\"https:\/\/dev.monti.lt\/product\/domino-traukinys-2\/#breadcrumb\",\"itemListElement\":[{\"@type\":\"ListItem\",\"position\":1,\"name\":\"Home\",\"item\":\"https:\/\/dev.monti.lt\/\"},{\"@type\":\"ListItem\",\"position\":2,\"name\":\"Parduotuv\u0117\",\"item\":\"https:\/\/dev.monti.lt\/shop\/\"},{\"@type\":\"ListItem\",\"position\":3,\"name\":\"Domino traukinys\"}]},{\"@type\":\"WebSite\",\"@id\":\"https:\/\/dev.monti.lt\/#website\",\"url\":\"https:\/\/dev.monti.lt\/\",\"name\":\"Montessori \u017eaislai\",\"description\":\"\",\"publisher\":{\"@id\":\"https:\/\/dev.monti.lt\/#organization\"},\"potentialAction\":[{\"@type\":\"SearchAction\",\"target\":{\"@type\":\"EntryPoint\",\"urlTemplate\":\"https:\/\/dev.monti.lt\/?s={search_term_string}\"},\"query-input\":\"required name=search_term_string\"}],\"inLanguage\":\"en-US\"},{\"@type\":\"Organization\",\"@id\":\"https:\/\/dev.monti.lt\/#organization\",\"name\":\"Montessori \u017eaislai\",\"url\":\"https:\/\/dev.monti.lt\/\",\"logo\":{\"@type\":\"ImageObject\",\"inLanguage\":\"en-US\",\"@id\":\"https:\/\/dev.monti.lt\/#\/schema\/logo\/image\/\",\"url\":\"https:\/\/dev.monti.lt\/wp-content\/uploads\/2022\/03\/montilogo-1.png\",\"contentUrl\":\"https:\/\/dev.monti.lt\/wp-content\/uploads\/2022\/03\/montilogo-1.png\",\"width\":512,\"height\":512,\"caption\":\"Montessori \u017eaislai\"},\"image\":{\"@id\":\"https:\/\/dev.monti.lt\/#\/schema\/logo\/image\/\"}}]}<\/script>\n<!-- \/ Yoast SEO plugin. -->","yoast_head_json":{"title":"Domino traukinys - Montessori \u017eaislai","robots":{"index":"noindex","follow":"follow","max-snippet":"max-snippet:-1","max-image-preview":"max-image-preview:large","max-video-preview":"max-video-preview:-1"},"og_locale":"en_US","og_type":"article","og_title":"Domino traukinys - Montessori \u017eaislai","og_description":"DOMINO D\u0116LION\u0116 SU TRAUKINIU Spalvingas interaktyvus lokomotyvas, kuris d\u0117lioja domino blokus. \u017daislas, pagamintas atkreipiant d\u0117mes\u012f \u012f kiekvien\u0105 smulkmen\u0105. Traukinys deda blokus reguliariais intervalais, kiekvien\u0105 kart\u0105 signalizuodamas skambu\u010diu. Lyn\u0173 keltuvo krypt\u012f galima nustatyti naudojant jo piltuv\u0105. Jo d\u0117ka galite sud\u0117lioti sud\u0117tingas&nbsp;blok\u0173 eiles, kurias v\u0117liau galima nugriauti.&nbsp; Pramogos \u017eaid\u017eiant yra puiki proga pasikalb\u0117ti su vaiku ir puikiai [&hellip;]","og_url":"https:\/\/dev.monti.lt\/en\/product\/domino-traukinys-2\/","og_site_name":"Montessori \u017eaislai","article_modified_time":"2024-10-08T17:29:10+00:00","og_image":[{"width":500,"height":500,"url":"https:\/\/dev.monti.lt\/wp-content\/uploads\/2022\/12\/lit_pl_Traukinys-lokomotyvas-Domino-Kruzzel-20561-16352_1.jpg","type":"image\/jpeg"}],"twitter_card":"summary_large_image","twitter_misc":{"Est. reading time":"1 minute"},"schema":{"@context":"https:\/\/schema.org","@graph":[{"@type":"WebPage","@id":"https:\/\/dev.monti.lt\/product\/domino-traukinys-2\/","url":"https:\/\/dev.monti.lt\/product\/domino-traukinys-2\/","name":"Domino traukinys - Montessori \u017eaislai","isPartOf":{"@id":"https:\/\/dev.monti.lt\/#website"},"primaryImageOfPage":{"@id":"https:\/\/dev.monti.lt\/product\/domino-traukinys-2\/#primaryimage"},"image":{"@id":"https:\/\/dev.monti.lt\/product\/domino-traukinys-2\/#primaryimage"},"thumbnailUrl":"https:\/\/dev.monti.lt\/wp-content\/uploads\/2022\/12\/lit_pl_Traukinys-lokomotyvas-Domino-Kruzzel-20561-16352_1.jpg","datePublished":"2022-12-14T20:44:20+00:00","dateModified":"2024-10-08T17:29:10+00:00","breadcrumb":{"@id":"https:\/\/dev.monti.lt\/product\/domino-traukinys-2\/#breadcrumb"},"inLanguage":"en-US","potentialAction":[{"@type":"ReadAction","target":["https:\/\/dev.monti.lt\/product\/domino-traukinys-2\/"]}]},{"@type":"ImageObject","inLanguage":"en-US","@id":"https:\/\/dev.monti.lt\/product\/domino-traukinys-2\/#primaryimage","url":"https:\/\/dev.monti.lt\/wp-content\/uploads\/2022\/12\/lit_pl_Traukinys-lokomotyvas-Domino-Kruzzel-20561-16352_1.jpg","contentUrl":"https:\/\/dev.monti.lt\/wp-content\/uploads\/2022\/12\/lit_pl_Traukinys-lokomotyvas-Domino-Kruzzel-20561-16352_1.jpg","width":500,"height":500,"caption":"domino traukinys"},{"@type":"BreadcrumbList","@id":"https:\/\/dev.monti.lt\/product\/domino-traukinys-2\/#breadcrumb","itemListElement":[{"@type":"ListItem","position":1,"name":"Home","item":"https:\/\/dev.monti.lt\/"},{"@type":"ListItem","position":2,"name":"Parduotuv\u0117","item":"https:\/\/dev.monti.lt\/shop\/"},{"@type":"ListItem","position":3,"name":"Domino traukinys"}]},{"@type":"WebSite","@id":"https:\/\/dev.monti.lt\/#website","url":"https:\/\/dev.monti.lt\/","name":"Montessori \u017eaislai","description":"","publisher":{"@id":"https:\/\/dev.monti.lt\/#organization"},"potentialAction":[{"@type":"SearchAction","target":{"@type":"EntryPoint","urlTemplate":"https:\/\/dev.monti.lt\/?s={search_term_string}"},"query-input":"required name=search_term_string"}],"inLanguage":"en-US"},{"@type":"Organization","@id":"https:\/\/dev.monti.lt\/#organization","name":"Montessori \u017eaislai","url":"https:\/\/dev.monti.lt\/","logo":{"@type":"ImageObject","inLanguage":"en-US","@id":"https:\/\/dev.monti.lt\/#\/schema\/logo\/image\/","url":"https:\/\/dev.monti.lt\/wp-content\/uploads\/2022\/03\/montilogo-1.png","contentUrl":"https:\/\/dev.monti.lt\/wp-content\/uploads\/2022\/03\/montilogo-1.png","width":512,"height":512,"caption":"Montessori \u017eaislai"},"image":{"@id":"https:\/\/dev.monti.lt\/#\/schema\/logo\/image\/"}}]}},"_links":{"self":[{"href":"https:\/\/dev.monti.lt\/en\/wp-json\/wp\/v2\/product\/12992"}],"collection":[{"href":"https:\/\/dev.monti.lt\/en\/wp-json\/wp\/v2\/product"}],"about":[{"href":"https:\/\/dev.monti.lt\/en\/wp-json\/wp\/v2\/types\/product"}],"version-history":[{"count":1,"href":"https:\/\/dev.monti.lt\/en\/wp-json\/wp\/v2\/product\/12992\/revisions"}],"predecessor-version":[{"id":13000,"href":"https:\/\/dev.monti.lt\/en\/wp-json\/wp\/v2\/product\/12992\/revisions\/13000"}],"wp:featuredmedia":[{"embeddable":true,"href":"https:\/\/dev.monti.lt\/en\/wp-json\/wp\/v2\/media\/12994"}],"wp:attachment":[{"href":"https:\/\/dev.monti.lt\/en\/wp-json\/wp\/v2\/media?parent=12992"}],"wp:term":[{"taxonomy":"product_cat","embeddable":true,"href":"https:\/\/dev.monti.lt\/en\/wp-json\/wp\/v2\/product_cat?post=12992"},{"taxonomy":"product_tag","embeddable":true,"href":"https:\/\/dev.monti.lt\/en\/wp-json\/wp\/v2\/product_tag?post=12992"}],"curies":[{"name":"wp","href":"https:\/\/api.w.org\/{rel}","templated":true}]}}