{"id":12689,"date":"2022-12-09T13:56:05","date_gmt":"2022-12-09T13:56:05","guid":{"rendered":"https:\/\/dev.monti.lt\/?post_type=product&#038;p=12689"},"modified":"2024-10-03T07:43:43","modified_gmt":"2024-10-03T07:43:43","slug":"medine-virtuvele-su-priedais-2","status":"publish","type":"product","link":"https:\/\/dev.monti.lt\/en\/product\/medine-virtuvele-su-priedais-2\/","title":{"rendered":"Medin\u0117 virtuv\u0117l\u0117 su priedais"},"content":{"rendered":"<p><strong>MEDIN\u0116 MDF VIRTUV\u0116  + PRIEDAI<\/strong><\/p><figure class=\"wp-block-image\"><img decoding=\"async\" src=\"https:\/\/www.ikonka.com.pl\/img\/product_media\/41001-42000\/KX628771882.jpg\" alt=\"\"\/><\/figure><p><strong>Vaikai m\u0117gsta m\u0117gd\u017eioti suaugusiuosius kasdien\u0117je veikloje.&nbsp;Maisto gaminimas neabejotinai yra vienas i\u0161 j\u0173!<\/strong><\/p><p>Kiekvienai \u0161ventei (net ir apsimestinei) reikia kruop\u0161taus pasiruo\u0161imo.&nbsp;\u0160iuo tikslu gra\u017ei vaiki\u0161ka virtuv\u0117 bus ne\u012fkainojama.<\/p><p><strong>Didel\u0117 medin\u0117 virtuv\u0117 yra daugelio ma\u017eyli\u0173 svajoni\u0173 i\u0161sipildymas.&nbsp;<\/strong>Pagaminta labai kruop\u0161\u010diai, d\u017eiugina detal\u0117mis ir prakti\u0161kumu!<\/p><figure class=\"wp-block-image\"><img decoding=\"async\" src=\"https:\/\/www.ikonka.com.pl\/img\/product_media\/41001-42000\/KX628771900.jpg\" alt=\"\"\/><\/figure><p>Virtuv\u0117l\u0117je rasite:<\/p><ul class=\"wp-block-list\"><li>\u010diaup\u0105 su ranken\u0117l\u0117mis ir gilia metaline kriaukl\u0117<\/li><li>didel\u012f stalvir\u0161\u012f, reikaling\u0105 skanumynams ruo\u0161ti<\/li><li>degikliai su ranken\u0117l\u0117mis<\/li><li>mikrobang\u0173 krosnel\u0117 su ranken\u0117le<\/li><li>orkait\u0117 su stiklu ir ekranu<\/li><li>ind\u0173 d\u017eiovykl\u0117<\/li><li>\u0161aldytuvas<\/li><li>kabliukai priedams<\/li><li>pjaustymo lenta, mentel\u0117, \u0161auk\u0161tas ir peilis<\/li><li>puodas ir keptuv\u0117 su dang\u010diais<\/li><li>laikrodis judan\u010diomis rodykl\u0117mis<\/li><li>papildomos lentynos reikalingiems priedams<img decoding=\"async\" src=\"https:\/\/www.ikonka.com.pl\/img\/product_media\/41001-42000\/KX628771901.jpg\"><\/li><\/ul><p>Visi elementai (i\u0161skyrus kriaukl\u0119) pagaminti i\u0161 med\u017eio.\u00a0Visa virtuv\u0117l\u0117\u00a0<strong>buvo kruop\u0161\u010diai nu\u0161lifuota ir padengta netoksi\u0161kais da\u017eais<\/strong>\u00a0\u2013 visa tai j\u016bs\u0173 ma\u017eylio saugumui.<\/p><p>Mediniai \u017eaislai \u2013 pasi\u016blymas t\u0117vams, kurie ne tik nori kad ma\u017eyliai smagiai leistu laik\u0105, bet\u00a0<strong>ir r\u016bpinasi m\u016bs\u0173 planetos g\u0117riu<\/strong>\u00a0.\u00a0Pagaminti i\u0161 nat\u016brali\u0173 med\u017eiag\u0173, saug\u016bs ir patvar\u016bs, s\u0117kmingai tarnaus ne vienai vaik\u0173 kartai.<\/p><p>Tikrai jau mat\u0117te daugyb\u0119 vaiki\u0161k\u0173 virtuvi\u0173 modeli\u0173.\u00a0\u0160is modelis i\u0161skiria\u00a0siekiant sukurti <strong>kuo tikslesn\u012f tikros virtuv\u0117s vaizd\u0105, kartu i\u0161laikant j\u016bs\u0173 vaiko saugum\u0105.<\/strong><\/p><p>Tai vienas i\u0161 nedaugelio modeli\u0173, turin\u010di\u0173 ind\u0173 d\u017eiovykl\u0119\u00a0Tai puikus pasiteisinimas supa\u017eindinti vaik\u0105 su nam\u0173 ruo\u0161os darbais.\u00a0<\/p><p><strong>Metalin\u0117 kriaukl\u0117 yra nuimama<\/strong>&nbsp;\u2013 j\u0105 galima u\u017epildyti vandeniu vaisiams ar dar\u017eov\u0117ms plauti.&nbsp;Ta\u010diau rekomenduojame b\u016bti atsargiems, kai mediniai elementai lie\u010diasi su vandeniu \u2013 tai gali juos sugadinti.<\/p><p>Sensorin\u0117s ranken\u0117l\u0117s, kilnojamos durys, kabliukai, mygtukai ar laikrod\u017eio rodykl\u0117s \u2013 daug smulki\u0173 element\u0173, kurie u\u017eims ma\u017eas rankeles.&nbsp;J\u0173&nbsp;<strong>naudojimas leid\u017eia lavinti sukibim\u0105 ir smulki\u0105j\u0105 motorik\u0105.<\/strong><\/p><figure class=\"wp-block-image\"><img decoding=\"async\" src=\"https:\/\/www.ikonka.com.pl\/img\/product_media\/41001-42000\/KX628771896.jpg\" alt=\"\"\/><\/figure><ul class=\"wp-block-list\"><li><\/li><\/ul><p>Virtuv\u0117 labai\u00a0grade\u00a0, puikiai tiks kaip vaik\u0173 kambario ar \u017eaidim\u0173 kambario \u012franga.\u00a0<strong>Ji d\u017eiugina savo estetika!\u00a0<\/strong>D\u0117l \u0161velni\u0173 spalv\u0173\u00a0<strong>jis tiks prie bet kokio interjero.<\/strong><\/p><p>Tai vienas i\u0161&nbsp;<strong>\u201ebald\u0173 tipo \u017eaisl\u0173\u201c<\/strong>&nbsp;, kuris, be puikios i\u0161vaizdos ar teikiam\u0173 pramog\u0173, suteikia papildomos vietos&nbsp;\u017eaislams ar kalad\u0117l\u0117ms&nbsp;<strong>laikyti .<\/strong><\/p><p>Suteikite savo vaikui valandas linksmybi\u0173, verting\u0173 pramog\u0173.&nbsp;\u012ekv\u0117pkite juos ruo\u0161ti patiekalus l\u0117l\u0117ms ar me\u0161kiukams, o kas \u017eino \u2013&nbsp;<strong>galb\u016bt po j\u016bs\u0173 stogu i\u0161augs naujas MasterChef!<\/strong><\/p><p><strong>Virtuv\u0117 savaranki\u0161kam surinkimui<\/strong>&nbsp;\u2013 linksmyb\u0117s prasideda surinkus.<\/p><figure class=\"wp-block-image\"><img decoding=\"async\" src=\"https:\/\/www.ikonka.com.pl\/img\/product_media\/41001-42000\/KX628771898.jpg\" alt=\"\"\/><\/figure><p><strong>Komplekto turinys:<\/strong><\/p><ul class=\"wp-block-list\"><li>Puodas<\/li><li>Keptuv\u0117<\/li><li>2x l\u0117k\u0161t\u0117s<\/li><li>Peilis<\/li><li>\u0160auk\u0161tas<\/li><li>Prieskoniai<\/li><\/ul><figure class=\"wp-block-image\"><img decoding=\"async\" src=\"https:\/\/www.ikonka.com.pl\/img\/product_media\/41001-42000\/KX628771893.jpg\" alt=\"\"\/><\/figure><p><strong>TECHNINIAI DUOMENYS:<\/strong><\/p><p>Med\u017eiaga: MDF, plastikas, mediena<\/p><p>Virtuv\u0117s matmenys: 68cm x 25,5cm x 82cm<\/p><p>Auk\u0161tis nuo grind\u0173 iki stalvir\u0161io: 37,5 cm<\/p><p>Plok\u0161t\u0117s skersmuo: 11 cm<\/p><p>Lenta: 11cm x 18cm<\/p><p>stalo \u012franki\u0173 ilgis: apie 13 cm<\/p><p>puodo skersmuo: 9 cm<\/p><p>buteliuko auk\u0161tis: 8 cm<\/p><p>Pakuot\u0117s matmenys: 73cm X 35cm X 15cm<\/p><p>Virtuv\u0117&nbsp;supakuota \u012f kartonin\u0119 d\u0117\u017eut\u0119<\/p>","protected":false},"excerpt":{"rendered":"<p>MEDIN\u0116 MDF VIRTUV\u0116 + PRIEDAI Vaikai m\u0117gsta m\u0117gd\u017eioti suaugusiuosius kasdien\u0117je veikloje.&nbsp;Maisto gaminimas neabejotinai yra vienas i\u0161 j\u0173! Kiekvienai \u0161ventei (net ir apsimestinei) reikia kruop\u0161taus pasiruo\u0161imo.&nbsp;\u0160iuo tikslu gra\u017ei vaiki\u0161ka virtuv\u0117 bus ne\u012fkainojama. Didel\u0117 medin\u0117 virtuv\u0117 yra daugelio ma\u017eyli\u0173 svajoni\u0173 i\u0161sipildymas.&nbsp;Pagaminta labai kruop\u0161\u010diai, d\u017eiugina detal\u0117mis ir prakti\u0161kumu! Virtuv\u0117l\u0117je rasite: \u010diaup\u0105 su ranken\u0117l\u0117mis ir gilia metaline kriaukl\u0117 didel\u012f [&hellip;]<\/p>","protected":false},"featured_media":12690,"template":"","meta":{"iawp_total_views":135},"product_cat":[84,102,83,90,50,93,49,39],"product_tag":[95,96,97,98],"class_list":{"0":"post-12689","1":"product","2":"type-product","3":"status-publish","4":"has-post-thumbnail","6":"product_cat-lavinamieji-zaislai","7":"product_cat-mediniai-zaislai","8":"product_cat-montessori-zaislai","9":"product_cat-pasaulio-pazinimas","10":"product_cat-top-dovanos","11":"product_cat-vaidmenu-zaidimai","12":"product_cat-visi-zaislai","13":"product_cat-zaislai","14":"product_tag-1-m-2-m","15":"product_tag-2-m-3-m","16":"product_tag-3-m-4-m","17":"product_tag-5-m-7-m","19":"first","20":"instock","21":"sale","22":"taxable","23":"shipping-taxable","24":"purchasable","25":"product-type-simple"},"yoast_head":"<!-- This site is optimized with the Yoast SEO plugin v23.3 - https:\/\/yoast.com\/wordpress\/plugins\/seo\/ -->\n<title>Medin\u0117 virtuv\u0117l\u0117 su priedais - Montessori \u017eaislai<\/title>\n<meta name=\"robots\" content=\"noindex, follow, max-snippet:-1, max-image-preview:large, max-video-preview:-1\" \/>\n<meta property=\"og:locale\" content=\"en_US\" \/>\n<meta property=\"og:type\" content=\"article\" \/>\n<meta property=\"og:title\" content=\"Medin\u0117 virtuv\u0117l\u0117 su priedais - Montessori \u017eaislai\" \/>\n<meta property=\"og:description\" content=\"MEDIN\u0116 MDF VIRTUV\u0116 + PRIEDAI Vaikai m\u0117gsta m\u0117gd\u017eioti suaugusiuosius kasdien\u0117je veikloje.&nbsp;Maisto gaminimas neabejotinai yra vienas i\u0161 j\u0173! Kiekvienai \u0161ventei (net ir apsimestinei) reikia kruop\u0161taus pasiruo\u0161imo.&nbsp;\u0160iuo tikslu gra\u017ei vaiki\u0161ka virtuv\u0117 bus ne\u012fkainojama. Didel\u0117 medin\u0117 virtuv\u0117 yra daugelio ma\u017eyli\u0173 svajoni\u0173 i\u0161sipildymas.&nbsp;Pagaminta labai kruop\u0161\u010diai, d\u017eiugina detal\u0117mis ir prakti\u0161kumu! Virtuv\u0117l\u0117je rasite: \u010diaup\u0105 su ranken\u0117l\u0117mis ir gilia metaline kriaukl\u0117 didel\u012f [&hellip;]\" \/>\n<meta property=\"og:url\" content=\"https:\/\/dev.monti.lt\/en\/product\/medine-virtuvele-su-priedais-2\/\" \/>\n<meta property=\"og:site_name\" content=\"Montessori \u017eaislai\" \/>\n<meta property=\"article:modified_time\" content=\"2024-10-03T07:43:43+00:00\" \/>\n<meta property=\"og:image\" content=\"https:\/\/dev.monti.lt\/wp-content\/uploads\/2022\/12\/KX628771882.jpg\" \/>\n\t<meta property=\"og:image:width\" content=\"1600\" \/>\n\t<meta property=\"og:image:height\" content=\"1600\" \/>\n\t<meta property=\"og:image:type\" content=\"image\/jpeg\" \/>\n<meta name=\"twitter:card\" content=\"summary_large_image\" \/>\n<meta name=\"twitter:label1\" content=\"Est. reading time\" \/>\n\t<meta name=\"twitter:data1\" content=\"4 minutes\" \/>\n<script type=\"application\/ld+json\" class=\"yoast-schema-graph\">{\"@context\":\"https:\/\/schema.org\",\"@graph\":[{\"@type\":\"WebPage\",\"@id\":\"https:\/\/dev.monti.lt\/product\/medine-virtuvele-su-priedais-2\/\",\"url\":\"https:\/\/dev.monti.lt\/product\/medine-virtuvele-su-priedais-2\/\",\"name\":\"Medin\u0117 virtuv\u0117l\u0117 su priedais - Montessori \u017eaislai\",\"isPartOf\":{\"@id\":\"https:\/\/dev.monti.lt\/#website\"},\"primaryImageOfPage\":{\"@id\":\"https:\/\/dev.monti.lt\/product\/medine-virtuvele-su-priedais-2\/#primaryimage\"},\"image\":{\"@id\":\"https:\/\/dev.monti.lt\/product\/medine-virtuvele-su-priedais-2\/#primaryimage\"},\"thumbnailUrl\":\"https:\/\/dev.monti.lt\/wp-content\/uploads\/2022\/12\/KX628771882.jpg\",\"datePublished\":\"2022-12-09T13:56:05+00:00\",\"dateModified\":\"2024-10-03T07:43:43+00:00\",\"breadcrumb\":{\"@id\":\"https:\/\/dev.monti.lt\/product\/medine-virtuvele-su-priedais-2\/#breadcrumb\"},\"inLanguage\":\"en-US\",\"potentialAction\":[{\"@type\":\"ReadAction\",\"target\":[\"https:\/\/dev.monti.lt\/product\/medine-virtuvele-su-priedais-2\/\"]}]},{\"@type\":\"ImageObject\",\"inLanguage\":\"en-US\",\"@id\":\"https:\/\/dev.monti.lt\/product\/medine-virtuvele-su-priedais-2\/#primaryimage\",\"url\":\"https:\/\/dev.monti.lt\/wp-content\/uploads\/2022\/12\/KX628771882.jpg\",\"contentUrl\":\"https:\/\/dev.monti.lt\/wp-content\/uploads\/2022\/12\/KX628771882.jpg\",\"width\":1600,\"height\":1600,\"caption\":\"Medin\u0117 virtuv\u0117l\u0117\"},{\"@type\":\"BreadcrumbList\",\"@id\":\"https:\/\/dev.monti.lt\/product\/medine-virtuvele-su-priedais-2\/#breadcrumb\",\"itemListElement\":[{\"@type\":\"ListItem\",\"position\":1,\"name\":\"Home\",\"item\":\"https:\/\/dev.monti.lt\/\"},{\"@type\":\"ListItem\",\"position\":2,\"name\":\"Parduotuv\u0117\",\"item\":\"https:\/\/dev.monti.lt\/shop\/\"},{\"@type\":\"ListItem\",\"position\":3,\"name\":\"Medin\u0117 virtuv\u0117l\u0117 su priedais\"}]},{\"@type\":\"WebSite\",\"@id\":\"https:\/\/dev.monti.lt\/#website\",\"url\":\"https:\/\/dev.monti.lt\/\",\"name\":\"Montessori \u017eaislai\",\"description\":\"\",\"publisher\":{\"@id\":\"https:\/\/dev.monti.lt\/#organization\"},\"potentialAction\":[{\"@type\":\"SearchAction\",\"target\":{\"@type\":\"EntryPoint\",\"urlTemplate\":\"https:\/\/dev.monti.lt\/?s={search_term_string}\"},\"query-input\":\"required name=search_term_string\"}],\"inLanguage\":\"en-US\"},{\"@type\":\"Organization\",\"@id\":\"https:\/\/dev.monti.lt\/#organization\",\"name\":\"Montessori \u017eaislai\",\"url\":\"https:\/\/dev.monti.lt\/\",\"logo\":{\"@type\":\"ImageObject\",\"inLanguage\":\"en-US\",\"@id\":\"https:\/\/dev.monti.lt\/#\/schema\/logo\/image\/\",\"url\":\"https:\/\/dev.monti.lt\/wp-content\/uploads\/2022\/03\/montilogo-1.png\",\"contentUrl\":\"https:\/\/dev.monti.lt\/wp-content\/uploads\/2022\/03\/montilogo-1.png\",\"width\":512,\"height\":512,\"caption\":\"Montessori \u017eaislai\"},\"image\":{\"@id\":\"https:\/\/dev.monti.lt\/#\/schema\/logo\/image\/\"}}]}<\/script>\n<!-- \/ Yoast SEO plugin. -->","yoast_head_json":{"title":"Medin\u0117 virtuv\u0117l\u0117 su priedais - Montessori \u017eaislai","robots":{"index":"noindex","follow":"follow","max-snippet":"max-snippet:-1","max-image-preview":"max-image-preview:large","max-video-preview":"max-video-preview:-1"},"og_locale":"en_US","og_type":"article","og_title":"Medin\u0117 virtuv\u0117l\u0117 su priedais - Montessori \u017eaislai","og_description":"MEDIN\u0116 MDF VIRTUV\u0116 + PRIEDAI Vaikai m\u0117gsta m\u0117gd\u017eioti suaugusiuosius kasdien\u0117je veikloje.&nbsp;Maisto gaminimas neabejotinai yra vienas i\u0161 j\u0173! Kiekvienai \u0161ventei (net ir apsimestinei) reikia kruop\u0161taus pasiruo\u0161imo.&nbsp;\u0160iuo tikslu gra\u017ei vaiki\u0161ka virtuv\u0117 bus ne\u012fkainojama. Didel\u0117 medin\u0117 virtuv\u0117 yra daugelio ma\u017eyli\u0173 svajoni\u0173 i\u0161sipildymas.&nbsp;Pagaminta labai kruop\u0161\u010diai, d\u017eiugina detal\u0117mis ir prakti\u0161kumu! Virtuv\u0117l\u0117je rasite: \u010diaup\u0105 su ranken\u0117l\u0117mis ir gilia metaline kriaukl\u0117 didel\u012f [&hellip;]","og_url":"https:\/\/dev.monti.lt\/en\/product\/medine-virtuvele-su-priedais-2\/","og_site_name":"Montessori \u017eaislai","article_modified_time":"2024-10-03T07:43:43+00:00","og_image":[{"width":1600,"height":1600,"url":"https:\/\/dev.monti.lt\/wp-content\/uploads\/2022\/12\/KX628771882.jpg","type":"image\/jpeg"}],"twitter_card":"summary_large_image","twitter_misc":{"Est. reading time":"4 minutes"},"schema":{"@context":"https:\/\/schema.org","@graph":[{"@type":"WebPage","@id":"https:\/\/dev.monti.lt\/product\/medine-virtuvele-su-priedais-2\/","url":"https:\/\/dev.monti.lt\/product\/medine-virtuvele-su-priedais-2\/","name":"Medin\u0117 virtuv\u0117l\u0117 su priedais - Montessori \u017eaislai","isPartOf":{"@id":"https:\/\/dev.monti.lt\/#website"},"primaryImageOfPage":{"@id":"https:\/\/dev.monti.lt\/product\/medine-virtuvele-su-priedais-2\/#primaryimage"},"image":{"@id":"https:\/\/dev.monti.lt\/product\/medine-virtuvele-su-priedais-2\/#primaryimage"},"thumbnailUrl":"https:\/\/dev.monti.lt\/wp-content\/uploads\/2022\/12\/KX628771882.jpg","datePublished":"2022-12-09T13:56:05+00:00","dateModified":"2024-10-03T07:43:43+00:00","breadcrumb":{"@id":"https:\/\/dev.monti.lt\/product\/medine-virtuvele-su-priedais-2\/#breadcrumb"},"inLanguage":"en-US","potentialAction":[{"@type":"ReadAction","target":["https:\/\/dev.monti.lt\/product\/medine-virtuvele-su-priedais-2\/"]}]},{"@type":"ImageObject","inLanguage":"en-US","@id":"https:\/\/dev.monti.lt\/product\/medine-virtuvele-su-priedais-2\/#primaryimage","url":"https:\/\/dev.monti.lt\/wp-content\/uploads\/2022\/12\/KX628771882.jpg","contentUrl":"https:\/\/dev.monti.lt\/wp-content\/uploads\/2022\/12\/KX628771882.jpg","width":1600,"height":1600,"caption":"Medin\u0117 virtuv\u0117l\u0117"},{"@type":"BreadcrumbList","@id":"https:\/\/dev.monti.lt\/product\/medine-virtuvele-su-priedais-2\/#breadcrumb","itemListElement":[{"@type":"ListItem","position":1,"name":"Home","item":"https:\/\/dev.monti.lt\/"},{"@type":"ListItem","position":2,"name":"Parduotuv\u0117","item":"https:\/\/dev.monti.lt\/shop\/"},{"@type":"ListItem","position":3,"name":"Medin\u0117 virtuv\u0117l\u0117 su priedais"}]},{"@type":"WebSite","@id":"https:\/\/dev.monti.lt\/#website","url":"https:\/\/dev.monti.lt\/","name":"Montessori \u017eaislai","description":"","publisher":{"@id":"https:\/\/dev.monti.lt\/#organization"},"potentialAction":[{"@type":"SearchAction","target":{"@type":"EntryPoint","urlTemplate":"https:\/\/dev.monti.lt\/?s={search_term_string}"},"query-input":"required name=search_term_string"}],"inLanguage":"en-US"},{"@type":"Organization","@id":"https:\/\/dev.monti.lt\/#organization","name":"Montessori \u017eaislai","url":"https:\/\/dev.monti.lt\/","logo":{"@type":"ImageObject","inLanguage":"en-US","@id":"https:\/\/dev.monti.lt\/#\/schema\/logo\/image\/","url":"https:\/\/dev.monti.lt\/wp-content\/uploads\/2022\/03\/montilogo-1.png","contentUrl":"https:\/\/dev.monti.lt\/wp-content\/uploads\/2022\/03\/montilogo-1.png","width":512,"height":512,"caption":"Montessori \u017eaislai"},"image":{"@id":"https:\/\/dev.monti.lt\/#\/schema\/logo\/image\/"}}]}},"_links":{"self":[{"href":"https:\/\/dev.monti.lt\/en\/wp-json\/wp\/v2\/product\/12689"}],"collection":[{"href":"https:\/\/dev.monti.lt\/en\/wp-json\/wp\/v2\/product"}],"about":[{"href":"https:\/\/dev.monti.lt\/en\/wp-json\/wp\/v2\/types\/product"}],"version-history":[{"count":1,"href":"https:\/\/dev.monti.lt\/en\/wp-json\/wp\/v2\/product\/12689\/revisions"}],"predecessor-version":[{"id":12691,"href":"https:\/\/dev.monti.lt\/en\/wp-json\/wp\/v2\/product\/12689\/revisions\/12691"}],"wp:featuredmedia":[{"embeddable":true,"href":"https:\/\/dev.monti.lt\/en\/wp-json\/wp\/v2\/media\/12690"}],"wp:attachment":[{"href":"https:\/\/dev.monti.lt\/en\/wp-json\/wp\/v2\/media?parent=12689"}],"wp:term":[{"taxonomy":"product_cat","embeddable":true,"href":"https:\/\/dev.monti.lt\/en\/wp-json\/wp\/v2\/product_cat?post=12689"},{"taxonomy":"product_tag","embeddable":true,"href":"https:\/\/dev.monti.lt\/en\/wp-json\/wp\/v2\/product_tag?post=12689"}],"curies":[{"name":"wp","href":"https:\/\/api.w.org\/{rel}","templated":true}]}}