{"id":12580,"date":"2022-12-07T17:20:53","date_gmt":"2022-12-07T17:20:53","guid":{"rendered":"https:\/\/dev.monti.lt\/?post_type=product&#038;p=12580"},"modified":"2024-10-08T16:16:32","modified_gmt":"2024-10-08T16:16:32","slug":"medine-balansine-montessori-lenta","status":"publish","type":"product","link":"https:\/\/dev.monti.lt\/en\/product\/medine-balansine-montessori-lenta\/","title":{"rendered":"Medin\u0117 balansin\u0117 Montessori lenta"},"content":{"rendered":"<h2 class=\"wp-block-heading\"><\/h2><p><strong>BALANSAVIMO LENTA <\/strong><\/p><p>Sportuok ir linksminkis tuo pa\u010diu metu!<\/p><p>Paprastas ir lengvai naudojamas \u017eaislas gali suteikti daug malonumo!<\/p><p><strong>Balanso lenta bus puikus gaminys tiek vaikams, tiek suaugusiems!&nbsp;<\/strong>Kiekvienas ras savo b\u016bd\u0105 linksmintis.&nbsp;<\/p><p>Pagal Maria&nbsp;<strong>Montessori<\/strong>&nbsp;sukurtus principus , kuo paprastesnis \u017eaislas, tuo geriau jis veikia vaiko vystym\u0105si!&nbsp;Be jokios abejon\u0117s,&nbsp;<strong>balanso lenta puikiai atitinka \u0161ias prielaidas!<\/strong><\/p><p><strong>Lenta turi daug nauding\u0173 funkcij\u0173!\u00a0<\/strong>Be to, kad jis yra puikus\u00a0<strong>\u017eaislas<\/strong>\u00a0ir labai patrauklus\u00a0<strong>mank\u0161tos prietaisas<\/strong>\u00a0, jis, be kit\u0173 dalyk\u0173, gali b\u016bti ir laiptelis, ant kurios ma\u017eylis gali atsistoj\u0119s pasiekti stalvir\u0161\u012f.\u00a0<strong>Jis taip pat puikiai papildys lenktyni\u0173 tras\u0105<\/strong>\u00a0ma\u017eiems automobiliams<\/p><p>O kai vaikas pavargs \u017eaisti, tereikia atsigulti ant lentos.<\/p><p>Svarbiausia balanso lentos funkcija \u2013 galimyb\u0117 j\u0105 panaudoti treniruot\u0117ms balansuoti!&nbsp;<strong>Tai labai paveiks j\u016bs\u0173 paties k\u016bno valdym\u0105, o tai bus naudinga tiek vaikams vystymosi metu, tiek suaugusiems!<\/strong><\/p><p>Jauniausiems pratimai teigiamai paveiks\u00a0<strong>motorin\u0119 koordinacij\u0105<\/strong>\u00a0, leis geriau suprasti, kaip\u00a0<strong>valdyti k\u016bn\u0105,<\/strong>\u00a0taip pat pad\u0117s\u00a0<strong>tinkamai vystytis s\u0105nariams ir raumenims!<\/strong><\/p><p>Lentai buvo pagaminti i\u0161&nbsp;<strong>patvarios medienos<\/strong>&nbsp;, kuri buvo&nbsp;<strong>profesionaliai ir kruop\u0161\u010diai apdirbta<\/strong>&nbsp;.&nbsp;Visi balansavimo lentos pavir\u0161iai kruop\u0161\u010diai nu\u0161lifuoti, tod\u0117l pa\u0161alinama skeveldros atsiradimo rizika!<\/p><p>Siekiant u\u017etikrinti tinkam\u0105 atsparum\u0105 ir ilgaam\u017ei\u0161kum\u0105, gaminys buvo apsaugotas \u017emon\u0117ms saugia alyva, atitinkan\u010dia visus reikalaujamus standartus.<\/p><p><strong>Medienos naudojimas yra puikus sprendimas \u017emon\u0117ms, vertinantiems aplink\u0105 ir gamtos tausojim\u0105.&nbsp;<\/strong>Palyginti su gaminiais i\u0161 plastiko, jis palieka&nbsp;<strong>daug ma\u017eesn\u012f anglies p\u0117dsak\u0105.&nbsp;<\/strong>D\u0117l to vaikas gali ne tik \u017eaisti su \u012fdomiu ir gra\u017eiu \u017eaislu, bet ir ateityje jis leis m\u0117gautis gamta nepaliestu pavidalu!<\/p><ul class=\"wp-block-list\"><li><strong>Techniniai parametrai:<\/strong><\/li><li><strong>Med\u017eiaga:<\/strong>fanera<\/li><li><strong>Maksimalus vartotojo svoris:\u00a0\u00a0<\/strong>200 kg<\/li><li><strong>Lentos i\u0161matavimai:<\/strong>\u00a082cm x 30cm x 2cm<\/li><li><strong>Pakuot\u0117s i\u0161matavimai:<\/strong>\u00a085cm x 31cm x 3cm\u00a0<\/li><\/ul><p>Produktas supakuotas \u012f kartonin\u0119 d\u0117\u017eut\u0119.<\/p>","protected":false},"excerpt":{"rendered":"<p>BALANSAVIMO LENTA Sportuok ir linksminkis tuo pa\u010diu metu! Paprastas ir lengvai naudojamas \u017eaislas gali suteikti daug malonumo! Balanso lenta bus puikus gaminys tiek vaikams, tiek suaugusiems!&nbsp;Kiekvienas ras savo b\u016bd\u0105 linksmintis.&nbsp; Pagal Maria&nbsp;Montessori&nbsp;sukurtus principus , kuo paprastesnis \u017eaislas, tuo geriau jis veikia vaiko vystym\u0105si!&nbsp;Be jokios abejon\u0117s,&nbsp;balanso lenta puikiai atitinka \u0161ias prielaidas! Lenta turi daug nauding\u0173 funkcij\u0173!\u00a0Be [&hellip;]<\/p>","protected":false},"featured_media":12581,"template":"","meta":{"iawp_total_views":147},"product_cat":[194,195,197,196,191,82,192,84,102,83,90,50,49,39],"product_tag":[95,96,97,98,99],"class_list":{"0":"post-12580","1":"product","2":"type-product","3":"status-publish","4":"has-post-thumbnail","6":"product_cat-dovanos-vaikams-2-3-metu","7":"product_cat-dovanos-vaikams-3-4-metu","8":"product_cat-dovanos-berniukams","9":"product_cat-dovanos-mergaitems","10":"product_cat-dovanos-vaikams","11":"product_cat-ispardavimas","12":"product_cat-kaledines-dovanos-vaikams","13":"product_cat-lavinamieji-zaislai","14":"product_cat-mediniai-zaislai","15":"product_cat-montessori-zaislai","16":"product_cat-pasaulio-pazinimas","17":"product_cat-top-dovanos","18":"product_cat-visi-zaislai","19":"product_cat-zaislai","20":"product_tag-1-m-2-m","21":"product_tag-2-m-3-m","22":"product_tag-3-m-4-m","23":"product_tag-5-m-7-m","24":"product_tag-8-m-11-m","26":"first","27":"instock","28":"sale","29":"taxable","30":"shipping-taxable","31":"purchasable","32":"product-type-simple"},"yoast_head":"<!-- This site is optimized with the Yoast SEO plugin v23.3 - https:\/\/yoast.com\/wordpress\/plugins\/seo\/ -->\n<title>Medin\u0117 balansin\u0117 Montessori lenta - Montessori \u017eaislai<\/title>\n<meta name=\"robots\" content=\"noindex, follow, max-snippet:-1, max-image-preview:large, max-video-preview:-1\" \/>\n<meta property=\"og:locale\" content=\"en_US\" \/>\n<meta property=\"og:type\" content=\"article\" \/>\n<meta property=\"og:title\" content=\"Medin\u0117 balansin\u0117 Montessori lenta - Montessori \u017eaislai\" \/>\n<meta property=\"og:description\" content=\"BALANSAVIMO LENTA Sportuok ir linksminkis tuo pa\u010diu metu! Paprastas ir lengvai naudojamas \u017eaislas gali suteikti daug malonumo! Balanso lenta bus puikus gaminys tiek vaikams, tiek suaugusiems!&nbsp;Kiekvienas ras savo b\u016bd\u0105 linksmintis.&nbsp; Pagal Maria&nbsp;Montessori&nbsp;sukurtus principus , kuo paprastesnis \u017eaislas, tuo geriau jis veikia vaiko vystym\u0105si!&nbsp;Be jokios abejon\u0117s,&nbsp;balanso lenta puikiai atitinka \u0161ias prielaidas! Lenta turi daug nauding\u0173 funkcij\u0173!\u00a0Be [&hellip;]\" \/>\n<meta property=\"og:url\" content=\"https:\/\/dev.monti.lt\/en\/product\/medine-balansine-montessori-lenta\/\" \/>\n<meta property=\"og:site_name\" content=\"Montessori \u017eaislai\" \/>\n<meta property=\"article:modified_time\" content=\"2024-10-08T16:16:32+00:00\" \/>\n<meta property=\"og:image\" content=\"https:\/\/dev.monti.lt\/wp-content\/uploads\/2022\/12\/KX541779566.jpg\" \/>\n\t<meta property=\"og:image:width\" content=\"1024\" \/>\n\t<meta property=\"og:image:height\" content=\"1024\" \/>\n\t<meta property=\"og:image:type\" content=\"image\/jpeg\" \/>\n<meta name=\"twitter:card\" content=\"summary_large_image\" \/>\n<meta name=\"twitter:label1\" content=\"Est. reading time\" \/>\n\t<meta name=\"twitter:data1\" content=\"2 minutes\" \/>\n<script type=\"application\/ld+json\" class=\"yoast-schema-graph\">{\"@context\":\"https:\/\/schema.org\",\"@graph\":[{\"@type\":\"WebPage\",\"@id\":\"https:\/\/dev.monti.lt\/product\/medine-balansine-montessori-lenta\/\",\"url\":\"https:\/\/dev.monti.lt\/product\/medine-balansine-montessori-lenta\/\",\"name\":\"Medin\u0117 balansin\u0117 Montessori lenta - Montessori \u017eaislai\",\"isPartOf\":{\"@id\":\"https:\/\/dev.monti.lt\/#website\"},\"primaryImageOfPage\":{\"@id\":\"https:\/\/dev.monti.lt\/product\/medine-balansine-montessori-lenta\/#primaryimage\"},\"image\":{\"@id\":\"https:\/\/dev.monti.lt\/product\/medine-balansine-montessori-lenta\/#primaryimage\"},\"thumbnailUrl\":\"https:\/\/dev.monti.lt\/wp-content\/uploads\/2022\/12\/KX541779566.jpg\",\"datePublished\":\"2022-12-07T17:20:53+00:00\",\"dateModified\":\"2024-10-08T16:16:32+00:00\",\"breadcrumb\":{\"@id\":\"https:\/\/dev.monti.lt\/product\/medine-balansine-montessori-lenta\/#breadcrumb\"},\"inLanguage\":\"en-US\",\"potentialAction\":[{\"@type\":\"ReadAction\",\"target\":[\"https:\/\/dev.monti.lt\/product\/medine-balansine-montessori-lenta\/\"]}]},{\"@type\":\"ImageObject\",\"inLanguage\":\"en-US\",\"@id\":\"https:\/\/dev.monti.lt\/product\/medine-balansine-montessori-lenta\/#primaryimage\",\"url\":\"https:\/\/dev.monti.lt\/wp-content\/uploads\/2022\/12\/KX541779566.jpg\",\"contentUrl\":\"https:\/\/dev.monti.lt\/wp-content\/uploads\/2022\/12\/KX541779566.jpg\",\"width\":1024,\"height\":1024,\"caption\":\"vaiki\u0161ka balansin\u0117 lenta\"},{\"@type\":\"BreadcrumbList\",\"@id\":\"https:\/\/dev.monti.lt\/product\/medine-balansine-montessori-lenta\/#breadcrumb\",\"itemListElement\":[{\"@type\":\"ListItem\",\"position\":1,\"name\":\"Home\",\"item\":\"https:\/\/dev.monti.lt\/\"},{\"@type\":\"ListItem\",\"position\":2,\"name\":\"Parduotuv\u0117\",\"item\":\"https:\/\/dev.monti.lt\/shop\/\"},{\"@type\":\"ListItem\",\"position\":3,\"name\":\"Medin\u0117 balansin\u0117 Montessori lenta\"}]},{\"@type\":\"WebSite\",\"@id\":\"https:\/\/dev.monti.lt\/#website\",\"url\":\"https:\/\/dev.monti.lt\/\",\"name\":\"Montessori \u017eaislai\",\"description\":\"\",\"publisher\":{\"@id\":\"https:\/\/dev.monti.lt\/#organization\"},\"potentialAction\":[{\"@type\":\"SearchAction\",\"target\":{\"@type\":\"EntryPoint\",\"urlTemplate\":\"https:\/\/dev.monti.lt\/?s={search_term_string}\"},\"query-input\":\"required name=search_term_string\"}],\"inLanguage\":\"en-US\"},{\"@type\":\"Organization\",\"@id\":\"https:\/\/dev.monti.lt\/#organization\",\"name\":\"Montessori \u017eaislai\",\"url\":\"https:\/\/dev.monti.lt\/\",\"logo\":{\"@type\":\"ImageObject\",\"inLanguage\":\"en-US\",\"@id\":\"https:\/\/dev.monti.lt\/#\/schema\/logo\/image\/\",\"url\":\"https:\/\/dev.monti.lt\/wp-content\/uploads\/2022\/03\/montilogo-1.png\",\"contentUrl\":\"https:\/\/dev.monti.lt\/wp-content\/uploads\/2022\/03\/montilogo-1.png\",\"width\":512,\"height\":512,\"caption\":\"Montessori \u017eaislai\"},\"image\":{\"@id\":\"https:\/\/dev.monti.lt\/#\/schema\/logo\/image\/\"}}]}<\/script>\n<!-- \/ Yoast SEO plugin. -->","yoast_head_json":{"title":"Medin\u0117 balansin\u0117 Montessori lenta - Montessori \u017eaislai","robots":{"index":"noindex","follow":"follow","max-snippet":"max-snippet:-1","max-image-preview":"max-image-preview:large","max-video-preview":"max-video-preview:-1"},"og_locale":"en_US","og_type":"article","og_title":"Medin\u0117 balansin\u0117 Montessori lenta - Montessori \u017eaislai","og_description":"BALANSAVIMO LENTA Sportuok ir linksminkis tuo pa\u010diu metu! Paprastas ir lengvai naudojamas \u017eaislas gali suteikti daug malonumo! Balanso lenta bus puikus gaminys tiek vaikams, tiek suaugusiems!&nbsp;Kiekvienas ras savo b\u016bd\u0105 linksmintis.&nbsp; Pagal Maria&nbsp;Montessori&nbsp;sukurtus principus , kuo paprastesnis \u017eaislas, tuo geriau jis veikia vaiko vystym\u0105si!&nbsp;Be jokios abejon\u0117s,&nbsp;balanso lenta puikiai atitinka \u0161ias prielaidas! Lenta turi daug nauding\u0173 funkcij\u0173!\u00a0Be [&hellip;]","og_url":"https:\/\/dev.monti.lt\/en\/product\/medine-balansine-montessori-lenta\/","og_site_name":"Montessori \u017eaislai","article_modified_time":"2024-10-08T16:16:32+00:00","og_image":[{"width":1024,"height":1024,"url":"https:\/\/dev.monti.lt\/wp-content\/uploads\/2022\/12\/KX541779566.jpg","type":"image\/jpeg"}],"twitter_card":"summary_large_image","twitter_misc":{"Est. reading time":"2 minutes"},"schema":{"@context":"https:\/\/schema.org","@graph":[{"@type":"WebPage","@id":"https:\/\/dev.monti.lt\/product\/medine-balansine-montessori-lenta\/","url":"https:\/\/dev.monti.lt\/product\/medine-balansine-montessori-lenta\/","name":"Medin\u0117 balansin\u0117 Montessori lenta - Montessori \u017eaislai","isPartOf":{"@id":"https:\/\/dev.monti.lt\/#website"},"primaryImageOfPage":{"@id":"https:\/\/dev.monti.lt\/product\/medine-balansine-montessori-lenta\/#primaryimage"},"image":{"@id":"https:\/\/dev.monti.lt\/product\/medine-balansine-montessori-lenta\/#primaryimage"},"thumbnailUrl":"https:\/\/dev.monti.lt\/wp-content\/uploads\/2022\/12\/KX541779566.jpg","datePublished":"2022-12-07T17:20:53+00:00","dateModified":"2024-10-08T16:16:32+00:00","breadcrumb":{"@id":"https:\/\/dev.monti.lt\/product\/medine-balansine-montessori-lenta\/#breadcrumb"},"inLanguage":"en-US","potentialAction":[{"@type":"ReadAction","target":["https:\/\/dev.monti.lt\/product\/medine-balansine-montessori-lenta\/"]}]},{"@type":"ImageObject","inLanguage":"en-US","@id":"https:\/\/dev.monti.lt\/product\/medine-balansine-montessori-lenta\/#primaryimage","url":"https:\/\/dev.monti.lt\/wp-content\/uploads\/2022\/12\/KX541779566.jpg","contentUrl":"https:\/\/dev.monti.lt\/wp-content\/uploads\/2022\/12\/KX541779566.jpg","width":1024,"height":1024,"caption":"vaiki\u0161ka balansin\u0117 lenta"},{"@type":"BreadcrumbList","@id":"https:\/\/dev.monti.lt\/product\/medine-balansine-montessori-lenta\/#breadcrumb","itemListElement":[{"@type":"ListItem","position":1,"name":"Home","item":"https:\/\/dev.monti.lt\/"},{"@type":"ListItem","position":2,"name":"Parduotuv\u0117","item":"https:\/\/dev.monti.lt\/shop\/"},{"@type":"ListItem","position":3,"name":"Medin\u0117 balansin\u0117 Montessori lenta"}]},{"@type":"WebSite","@id":"https:\/\/dev.monti.lt\/#website","url":"https:\/\/dev.monti.lt\/","name":"Montessori \u017eaislai","description":"","publisher":{"@id":"https:\/\/dev.monti.lt\/#organization"},"potentialAction":[{"@type":"SearchAction","target":{"@type":"EntryPoint","urlTemplate":"https:\/\/dev.monti.lt\/?s={search_term_string}"},"query-input":"required name=search_term_string"}],"inLanguage":"en-US"},{"@type":"Organization","@id":"https:\/\/dev.monti.lt\/#organization","name":"Montessori \u017eaislai","url":"https:\/\/dev.monti.lt\/","logo":{"@type":"ImageObject","inLanguage":"en-US","@id":"https:\/\/dev.monti.lt\/#\/schema\/logo\/image\/","url":"https:\/\/dev.monti.lt\/wp-content\/uploads\/2022\/03\/montilogo-1.png","contentUrl":"https:\/\/dev.monti.lt\/wp-content\/uploads\/2022\/03\/montilogo-1.png","width":512,"height":512,"caption":"Montessori \u017eaislai"},"image":{"@id":"https:\/\/dev.monti.lt\/#\/schema\/logo\/image\/"}}]}},"_links":{"self":[{"href":"https:\/\/dev.monti.lt\/en\/wp-json\/wp\/v2\/product\/12580"}],"collection":[{"href":"https:\/\/dev.monti.lt\/en\/wp-json\/wp\/v2\/product"}],"about":[{"href":"https:\/\/dev.monti.lt\/en\/wp-json\/wp\/v2\/types\/product"}],"version-history":[{"count":1,"href":"https:\/\/dev.monti.lt\/en\/wp-json\/wp\/v2\/product\/12580\/revisions"}],"predecessor-version":[{"id":12584,"href":"https:\/\/dev.monti.lt\/en\/wp-json\/wp\/v2\/product\/12580\/revisions\/12584"}],"wp:featuredmedia":[{"embeddable":true,"href":"https:\/\/dev.monti.lt\/en\/wp-json\/wp\/v2\/media\/12581"}],"wp:attachment":[{"href":"https:\/\/dev.monti.lt\/en\/wp-json\/wp\/v2\/media?parent=12580"}],"wp:term":[{"taxonomy":"product_cat","embeddable":true,"href":"https:\/\/dev.monti.lt\/en\/wp-json\/wp\/v2\/product_cat?post=12580"},{"taxonomy":"product_tag","embeddable":true,"href":"https:\/\/dev.monti.lt\/en\/wp-json\/wp\/v2\/product_tag?post=12580"}],"curies":[{"name":"wp","href":"https:\/\/api.w.org\/{rel}","templated":true}]}}