{"id":12276,"date":"2022-11-30T14:10:37","date_gmt":"2022-11-30T14:10:37","guid":{"rendered":"https:\/\/dev.monti.lt\/?post_type=product&#038;p=12276"},"modified":"2023-11-20T13:44:28","modified_gmt":"2023-11-20T13:44:28","slug":"magnetiniai-blokeliai-76-vnt","status":"publish","type":"product","link":"https:\/\/dev.monti.lt\/en\/product\/magnetiniai-blokeliai-76-vnt\/","title":{"rendered":"Magnetiniai blokeliai WOOPIE, 76 el"},"content":{"rendered":"<p><strong>WOOPIE<\/strong>&nbsp;prek\u0117s \u017eenklo stor\u0173 magnetini\u0173 kalad\u0117li\u0173 rinkinys&nbsp;sujungia&nbsp;<strong>pramog\u0105<\/strong>&nbsp;ir&nbsp;<strong>mokym\u0105si<\/strong>&nbsp;!&nbsp;Jaunam konstruktoriui pakanka&nbsp;<strong>derinti<\/strong>&nbsp;elementus ir prad\u0117ti kurti puo\u0161nius&nbsp;<strong>pastatus<\/strong>&nbsp;bei daugyb\u0119 kit\u0173 sistem\u0173, pvz., geometrines fig\u016bras ar mini namel\u012f!&nbsp;Vienintelis apribojimas yra j\u016bs\u0173&nbsp;<strong>vaizduot\u0117<\/strong>&nbsp;.&nbsp;Rinkin\u012f sudaro&nbsp;<strong>76 elementai<\/strong>&nbsp;ir&nbsp;<strong>kortel\u0117 su ra\u0161tais.&nbsp;<\/strong>Kalad\u0117l\u0117s&nbsp;<strong>storos&nbsp;,&nbsp;spalvingos&nbsp;ir&nbsp;saugios&nbsp;<\/strong>\u2013 puikiai tiks ma\u017e\u0173 vaik\u0173 rankyt\u0117ms.&nbsp;<strong>Klasi\u0173 lavinamosios&nbsp;<\/strong><strong>funkcijos<\/strong>&nbsp;:&nbsp;<strong>ab\u0117c\u0117l\u0117s mokymasis, mokymasis skai\u010diuoti<\/strong>&nbsp;ir&nbsp;<strong>form\u0173 mokymasis<\/strong><strong><\/strong><strong><\/strong><strong><\/strong>.&nbsp;<strong>Ant kamuoliuk\u0173<\/strong><strong>&nbsp;<\/strong>&nbsp;yra&nbsp;<strong>gyv\u016bnai<\/strong>&nbsp;ir&nbsp;<strong>\u0161ypsenos.&nbsp;<\/strong>Viskas supakuota patogioje d\u0117\u017eut\u0117je.&nbsp;Konstrukcij\u0173 klojimas kalad\u0117l\u0117mis&nbsp;<strong>lavina<\/strong>&nbsp;vaiko&nbsp;<strong>k\u016brybi\u0161kum\u0105<\/strong>&nbsp;,&nbsp;<strong>rankinius<\/strong>\u012fg\u016bd\u017eius (&#8220;smulki\u0105j\u0105 motorik\u0105&#8221;),&nbsp;<strong>erdvin\u0119 vaizduot\u0119<\/strong>&nbsp;ir&nbsp;<strong>koncentracij\u0105<\/strong>&nbsp;.<strong><\/strong><strong><\/strong><strong><\/strong><strong><\/strong><strong><\/strong><strong><\/strong><strong><\/strong><\/p><p><strong>Charakteristika:<\/strong><\/p><ul class=\"wp-block-list\"><li><strong>&#8211;<\/strong>&nbsp;\u017eaislas&nbsp;<strong>nuo 3 met\u0173 am\u017eiaus<\/strong><\/li><li><strong>&#8211;<\/strong>&nbsp;magnetini\u0173 blokeli\u0173 komplektas&nbsp;<strong>76 el.<\/strong><\/li><li><strong>&#8211; storos saugios<\/strong>&nbsp;kalad\u0117l\u0117s idealiai tinka ma\u017e\u0173 vaik\u0173 rankut\u0117ms<\/li><li><strong>&#8211; Neribotos galimyb\u0117s statyti \u012fvairias konstrukcijas<\/strong><\/li><li><strong>&#8211;<\/strong>&nbsp;lavina&nbsp;<strong>k\u016brybi\u0161kum\u0105&nbsp;, vaizduot\u0119,&nbsp;<\/strong><strong>rankinius<\/strong>&nbsp;\u012fg\u016bd\u017eius&nbsp;(&#8220;smulki\u0105j\u0105 motorik\u0105&#8221;)&nbsp;<strong>,&nbsp;<\/strong><strong>erdvin\u0119<\/strong>&nbsp;vaizduot\u0119&nbsp;ir&nbsp;<strong>koncentracij\u0105<\/strong><strong><\/strong><\/li><li><strong>&#8211;<\/strong>&nbsp;\u012fpakavimas&nbsp;<strong>puikiai tinka dovanai<\/strong>&nbsp;&#8211; lagaminas turi mini&nbsp;<strong>ratukus<\/strong><\/li><\/ul><p><strong>Mokomosios&nbsp;blok\u0173&nbsp;funkcijos :<\/strong><\/p><ul class=\"wp-block-list\"><li><strong>&#8211; mokytis ab\u0117c\u0117l\u0117s \u2013 ant<\/strong>&nbsp;ilgesni\u0173 pailg\u0173 kalad\u0117li\u0173 yra pirmosios ab\u0117c\u0117l\u0117s raid\u0117s<\/li><li>&#8211;&nbsp;<strong>form\u0173 mokymasis<\/strong>&nbsp;\u2013 ant trumpesni\u0173 pailg\u0173 kalad\u0117li\u0173 yra \u0161irdel\u0117s, \u017evaig\u017ed\u0117s ir m\u0117nulio formos<\/li><li>&#8211;&nbsp;<strong>i\u0161mokti skai\u010diuoti<\/strong>&nbsp;&#8211; ant lank\u0173 yra matematini\u0173 operacij\u0173 \u017eenklai<\/li><\/ul><p><strong>Komplekte yra:<\/strong><\/p><ul class=\"wp-block-list\"><li>&#8211;&nbsp;<strong>20<\/strong>&nbsp;x metalini\u0173 rutuli\u0173<\/li><li>&#8211;&nbsp;<strong>12<\/strong>&nbsp;x lanko lazdos<\/li><li>&#8211;&nbsp;<strong>28<\/strong>&nbsp;x trumpesn\u0117s lazdos<\/li><li>&#8211;&nbsp;<strong>16<\/strong>&nbsp;x ilgesn\u0117s lazdos<\/li><li>&#8211;&nbsp;<strong>1<\/strong>&nbsp;x pavyzd\u017ei\u0173 lapas<\/li><\/ul><p><strong>Bloko matmenys:<\/strong><\/p><ul class=\"wp-block-list\"><li>&#8211; bloko storis &#8211; 2 (cm)<\/li><li>&#8211; ilgis (pvz., ilgesn\u0117 tiesi lazda) &#8211; 8,7 (cm)<\/li><li>&#8211; rutulys &#8211; skersmuo 3,5 (cm)<\/li><\/ul>","protected":false},"excerpt":{"rendered":"<p>WOOPIE&nbsp;prek\u0117s \u017eenklo stor\u0173 magnetini\u0173 kalad\u0117li\u0173 rinkinys&nbsp;sujungia&nbsp;pramog\u0105&nbsp;ir&nbsp;mokym\u0105si&nbsp;!&nbsp;Jaunam konstruktoriui pakanka&nbsp;derinti&nbsp;elementus ir prad\u0117ti kurti puo\u0161nius&nbsp;pastatus&nbsp;bei daugyb\u0119 kit\u0173 sistem\u0173, pvz., geometrines fig\u016bras ar mini namel\u012f!&nbsp;Vienintelis apribojimas yra j\u016bs\u0173&nbsp;vaizduot\u0117&nbsp;.&nbsp;Rinkin\u012f sudaro&nbsp;76 elementai&nbsp;ir&nbsp;kortel\u0117 su ra\u0161tais.&nbsp;Kalad\u0117l\u0117s&nbsp;storos&nbsp;,&nbsp;spalvingos&nbsp;ir&nbsp;saugios&nbsp;\u2013 puikiai tiks ma\u017e\u0173 vaik\u0173 rankyt\u0117ms.&nbsp;Klasi\u0173 lavinamosios&nbsp;funkcijos&nbsp;:&nbsp;ab\u0117c\u0117l\u0117s mokymasis, mokymasis skai\u010diuoti&nbsp;ir&nbsp;form\u0173 mokymasis.&nbsp;Ant kamuoliuk\u0173&nbsp;&nbsp;yra&nbsp;gyv\u016bnai&nbsp;ir&nbsp;\u0161ypsenos.&nbsp;Viskas supakuota patogioje d\u0117\u017eut\u0117je.&nbsp;Konstrukcij\u0173 klojimas kalad\u0117l\u0117mis&nbsp;lavina&nbsp;vaiko&nbsp;k\u016brybi\u0161kum\u0105&nbsp;,&nbsp;rankinius\u012fg\u016bd\u017eius (&#8220;smulki\u0105j\u0105 motorik\u0105&#8221;),&nbsp;erdvin\u0119 vaizduot\u0119&nbsp;ir&nbsp;koncentracij\u0105&nbsp;. Charakteristika: &#8211;&nbsp;\u017eaislas&nbsp;nuo 3 met\u0173 am\u017eiaus &#8211;&nbsp;magnetini\u0173 blokeli\u0173 komplektas&nbsp;76 [&hellip;]<\/p>","protected":false},"featured_media":12277,"template":"","meta":{"iawp_total_views":5},"product_cat":[92,87,84,91,88,90,86,50,49,39],"product_tag":[96,97,98,99],"class_list":{"0":"post-12276","1":"product","2":"type-product","3":"status-publish","4":"has-post-thumbnail","6":"product_cat-deliones","7":"product_cat-kurybiniai-rinkiniai","8":"product_cat-lavinamieji-zaislai","9":"product_cat-loginiam-mastymui","10":"product_cat-mokausi-zaisti","11":"product_cat-pasaulio-pazinimas","12":"product_cat-smulkioji-motorika","13":"product_cat-top-dovanos","14":"product_cat-visi-zaislai","15":"product_cat-zaislai","16":"product_tag-2-m-3-m","17":"product_tag-3-m-4-m","18":"product_tag-5-m-7-m","19":"product_tag-8-m-11-m","21":"first","22":"outofstock","23":"sale","24":"taxable","25":"shipping-taxable","26":"purchasable","27":"product-type-simple"},"yoast_head":"<!-- This site is optimized with the Yoast SEO plugin v23.3 - https:\/\/yoast.com\/wordpress\/plugins\/seo\/ -->\n<title>Magnetiniai blokeliai WOOPIE, 76 el - Montessori \u017eaislai<\/title>\n<meta name=\"robots\" content=\"noindex, follow, max-snippet:-1, max-image-preview:large, max-video-preview:-1\" \/>\n<meta property=\"og:locale\" content=\"en_US\" \/>\n<meta property=\"og:type\" content=\"article\" \/>\n<meta property=\"og:title\" content=\"Magnetiniai blokeliai WOOPIE, 76 el - Montessori \u017eaislai\" \/>\n<meta property=\"og:description\" content=\"WOOPIE&nbsp;prek\u0117s \u017eenklo stor\u0173 magnetini\u0173 kalad\u0117li\u0173 rinkinys&nbsp;sujungia&nbsp;pramog\u0105&nbsp;ir&nbsp;mokym\u0105si&nbsp;!&nbsp;Jaunam konstruktoriui pakanka&nbsp;derinti&nbsp;elementus ir prad\u0117ti kurti puo\u0161nius&nbsp;pastatus&nbsp;bei daugyb\u0119 kit\u0173 sistem\u0173, pvz., geometrines fig\u016bras ar mini namel\u012f!&nbsp;Vienintelis apribojimas yra j\u016bs\u0173&nbsp;vaizduot\u0117&nbsp;.&nbsp;Rinkin\u012f sudaro&nbsp;76 elementai&nbsp;ir&nbsp;kortel\u0117 su ra\u0161tais.&nbsp;Kalad\u0117l\u0117s&nbsp;storos&nbsp;,&nbsp;spalvingos&nbsp;ir&nbsp;saugios&nbsp;\u2013 puikiai tiks ma\u017e\u0173 vaik\u0173 rankyt\u0117ms.&nbsp;Klasi\u0173 lavinamosios&nbsp;funkcijos&nbsp;:&nbsp;ab\u0117c\u0117l\u0117s mokymasis, mokymasis skai\u010diuoti&nbsp;ir&nbsp;form\u0173 mokymasis.&nbsp;Ant kamuoliuk\u0173&nbsp;&nbsp;yra&nbsp;gyv\u016bnai&nbsp;ir&nbsp;\u0161ypsenos.&nbsp;Viskas supakuota patogioje d\u0117\u017eut\u0117je.&nbsp;Konstrukcij\u0173 klojimas kalad\u0117l\u0117mis&nbsp;lavina&nbsp;vaiko&nbsp;k\u016brybi\u0161kum\u0105&nbsp;,&nbsp;rankinius\u012fg\u016bd\u017eius (&#8220;smulki\u0105j\u0105 motorik\u0105&#8221;),&nbsp;erdvin\u0119 vaizduot\u0119&nbsp;ir&nbsp;koncentracij\u0105&nbsp;. Charakteristika: &#8211;&nbsp;\u017eaislas&nbsp;nuo 3 met\u0173 am\u017eiaus &#8211;&nbsp;magnetini\u0173 blokeli\u0173 komplektas&nbsp;76 [&hellip;]\" \/>\n<meta property=\"og:url\" content=\"https:\/\/dev.monti.lt\/en\/product\/magnetiniai-blokeliai-76-vnt\/\" \/>\n<meta property=\"og:site_name\" content=\"Montessori \u017eaislai\" \/>\n<meta property=\"article:modified_time\" content=\"2023-11-20T13:44:28+00:00\" \/>\n<meta property=\"og:image\" content=\"https:\/\/dev.monti.lt\/wp-content\/uploads\/2022\/11\/woopie-magnetyczne-klocki-konstrukcyjne-edukacyjne-76-el.jpg\" \/>\n\t<meta property=\"og:image:width\" content=\"800\" \/>\n\t<meta property=\"og:image:height\" content=\"800\" \/>\n\t<meta property=\"og:image:type\" content=\"image\/jpeg\" \/>\n<meta name=\"twitter:card\" content=\"summary_large_image\" \/>\n<meta name=\"twitter:label1\" content=\"Est. reading time\" \/>\n\t<meta name=\"twitter:data1\" content=\"1 minute\" \/>\n<script type=\"application\/ld+json\" class=\"yoast-schema-graph\">{\"@context\":\"https:\/\/schema.org\",\"@graph\":[{\"@type\":\"WebPage\",\"@id\":\"https:\/\/dev.monti.lt\/product\/magnetiniai-blokeliai-76-vnt\/\",\"url\":\"https:\/\/dev.monti.lt\/product\/magnetiniai-blokeliai-76-vnt\/\",\"name\":\"Magnetiniai blokeliai WOOPIE, 76 el - Montessori \u017eaislai\",\"isPartOf\":{\"@id\":\"https:\/\/dev.monti.lt\/#website\"},\"primaryImageOfPage\":{\"@id\":\"https:\/\/dev.monti.lt\/product\/magnetiniai-blokeliai-76-vnt\/#primaryimage\"},\"image\":{\"@id\":\"https:\/\/dev.monti.lt\/product\/magnetiniai-blokeliai-76-vnt\/#primaryimage\"},\"thumbnailUrl\":\"https:\/\/dev.monti.lt\/wp-content\/uploads\/2022\/11\/woopie-magnetyczne-klocki-konstrukcyjne-edukacyjne-76-el.jpg\",\"datePublished\":\"2022-11-30T14:10:37+00:00\",\"dateModified\":\"2023-11-20T13:44:28+00:00\",\"breadcrumb\":{\"@id\":\"https:\/\/dev.monti.lt\/product\/magnetiniai-blokeliai-76-vnt\/#breadcrumb\"},\"inLanguage\":\"en-US\",\"potentialAction\":[{\"@type\":\"ReadAction\",\"target\":[\"https:\/\/dev.monti.lt\/product\/magnetiniai-blokeliai-76-vnt\/\"]}]},{\"@type\":\"ImageObject\",\"inLanguage\":\"en-US\",\"@id\":\"https:\/\/dev.monti.lt\/product\/magnetiniai-blokeliai-76-vnt\/#primaryimage\",\"url\":\"https:\/\/dev.monti.lt\/wp-content\/uploads\/2022\/11\/woopie-magnetyczne-klocki-konstrukcyjne-edukacyjne-76-el.jpg\",\"contentUrl\":\"https:\/\/dev.monti.lt\/wp-content\/uploads\/2022\/11\/woopie-magnetyczne-klocki-konstrukcyjne-edukacyjne-76-el.jpg\",\"width\":800,\"height\":800,\"caption\":\"magnetiniai blokeliai\"},{\"@type\":\"BreadcrumbList\",\"@id\":\"https:\/\/dev.monti.lt\/product\/magnetiniai-blokeliai-76-vnt\/#breadcrumb\",\"itemListElement\":[{\"@type\":\"ListItem\",\"position\":1,\"name\":\"Home\",\"item\":\"https:\/\/dev.monti.lt\/\"},{\"@type\":\"ListItem\",\"position\":2,\"name\":\"Parduotuv\u0117\",\"item\":\"https:\/\/dev.monti.lt\/shop\/\"},{\"@type\":\"ListItem\",\"position\":3,\"name\":\"Magnetiniai blokeliai WOOPIE, 76 el\"}]},{\"@type\":\"WebSite\",\"@id\":\"https:\/\/dev.monti.lt\/#website\",\"url\":\"https:\/\/dev.monti.lt\/\",\"name\":\"Montessori \u017eaislai\",\"description\":\"\",\"publisher\":{\"@id\":\"https:\/\/dev.monti.lt\/#organization\"},\"potentialAction\":[{\"@type\":\"SearchAction\",\"target\":{\"@type\":\"EntryPoint\",\"urlTemplate\":\"https:\/\/dev.monti.lt\/?s={search_term_string}\"},\"query-input\":\"required name=search_term_string\"}],\"inLanguage\":\"en-US\"},{\"@type\":\"Organization\",\"@id\":\"https:\/\/dev.monti.lt\/#organization\",\"name\":\"Montessori \u017eaislai\",\"url\":\"https:\/\/dev.monti.lt\/\",\"logo\":{\"@type\":\"ImageObject\",\"inLanguage\":\"en-US\",\"@id\":\"https:\/\/dev.monti.lt\/#\/schema\/logo\/image\/\",\"url\":\"https:\/\/dev.monti.lt\/wp-content\/uploads\/2022\/03\/montilogo-1.png\",\"contentUrl\":\"https:\/\/dev.monti.lt\/wp-content\/uploads\/2022\/03\/montilogo-1.png\",\"width\":512,\"height\":512,\"caption\":\"Montessori \u017eaislai\"},\"image\":{\"@id\":\"https:\/\/dev.monti.lt\/#\/schema\/logo\/image\/\"}}]}<\/script>\n<!-- \/ Yoast SEO plugin. -->","yoast_head_json":{"title":"Magnetiniai blokeliai WOOPIE, 76 el - Montessori \u017eaislai","robots":{"index":"noindex","follow":"follow","max-snippet":"max-snippet:-1","max-image-preview":"max-image-preview:large","max-video-preview":"max-video-preview:-1"},"og_locale":"en_US","og_type":"article","og_title":"Magnetiniai blokeliai WOOPIE, 76 el - Montessori \u017eaislai","og_description":"WOOPIE&nbsp;prek\u0117s \u017eenklo stor\u0173 magnetini\u0173 kalad\u0117li\u0173 rinkinys&nbsp;sujungia&nbsp;pramog\u0105&nbsp;ir&nbsp;mokym\u0105si&nbsp;!&nbsp;Jaunam konstruktoriui pakanka&nbsp;derinti&nbsp;elementus ir prad\u0117ti kurti puo\u0161nius&nbsp;pastatus&nbsp;bei daugyb\u0119 kit\u0173 sistem\u0173, pvz., geometrines fig\u016bras ar mini namel\u012f!&nbsp;Vienintelis apribojimas yra j\u016bs\u0173&nbsp;vaizduot\u0117&nbsp;.&nbsp;Rinkin\u012f sudaro&nbsp;76 elementai&nbsp;ir&nbsp;kortel\u0117 su ra\u0161tais.&nbsp;Kalad\u0117l\u0117s&nbsp;storos&nbsp;,&nbsp;spalvingos&nbsp;ir&nbsp;saugios&nbsp;\u2013 puikiai tiks ma\u017e\u0173 vaik\u0173 rankyt\u0117ms.&nbsp;Klasi\u0173 lavinamosios&nbsp;funkcijos&nbsp;:&nbsp;ab\u0117c\u0117l\u0117s mokymasis, mokymasis skai\u010diuoti&nbsp;ir&nbsp;form\u0173 mokymasis.&nbsp;Ant kamuoliuk\u0173&nbsp;&nbsp;yra&nbsp;gyv\u016bnai&nbsp;ir&nbsp;\u0161ypsenos.&nbsp;Viskas supakuota patogioje d\u0117\u017eut\u0117je.&nbsp;Konstrukcij\u0173 klojimas kalad\u0117l\u0117mis&nbsp;lavina&nbsp;vaiko&nbsp;k\u016brybi\u0161kum\u0105&nbsp;,&nbsp;rankinius\u012fg\u016bd\u017eius (&#8220;smulki\u0105j\u0105 motorik\u0105&#8221;),&nbsp;erdvin\u0119 vaizduot\u0119&nbsp;ir&nbsp;koncentracij\u0105&nbsp;. Charakteristika: &#8211;&nbsp;\u017eaislas&nbsp;nuo 3 met\u0173 am\u017eiaus &#8211;&nbsp;magnetini\u0173 blokeli\u0173 komplektas&nbsp;76 [&hellip;]","og_url":"https:\/\/dev.monti.lt\/en\/product\/magnetiniai-blokeliai-76-vnt\/","og_site_name":"Montessori \u017eaislai","article_modified_time":"2023-11-20T13:44:28+00:00","og_image":[{"width":800,"height":800,"url":"https:\/\/dev.monti.lt\/wp-content\/uploads\/2022\/11\/woopie-magnetyczne-klocki-konstrukcyjne-edukacyjne-76-el.jpg","type":"image\/jpeg"}],"twitter_card":"summary_large_image","twitter_misc":{"Est. reading time":"1 minute"},"schema":{"@context":"https:\/\/schema.org","@graph":[{"@type":"WebPage","@id":"https:\/\/dev.monti.lt\/product\/magnetiniai-blokeliai-76-vnt\/","url":"https:\/\/dev.monti.lt\/product\/magnetiniai-blokeliai-76-vnt\/","name":"Magnetiniai blokeliai WOOPIE, 76 el - Montessori \u017eaislai","isPartOf":{"@id":"https:\/\/dev.monti.lt\/#website"},"primaryImageOfPage":{"@id":"https:\/\/dev.monti.lt\/product\/magnetiniai-blokeliai-76-vnt\/#primaryimage"},"image":{"@id":"https:\/\/dev.monti.lt\/product\/magnetiniai-blokeliai-76-vnt\/#primaryimage"},"thumbnailUrl":"https:\/\/dev.monti.lt\/wp-content\/uploads\/2022\/11\/woopie-magnetyczne-klocki-konstrukcyjne-edukacyjne-76-el.jpg","datePublished":"2022-11-30T14:10:37+00:00","dateModified":"2023-11-20T13:44:28+00:00","breadcrumb":{"@id":"https:\/\/dev.monti.lt\/product\/magnetiniai-blokeliai-76-vnt\/#breadcrumb"},"inLanguage":"en-US","potentialAction":[{"@type":"ReadAction","target":["https:\/\/dev.monti.lt\/product\/magnetiniai-blokeliai-76-vnt\/"]}]},{"@type":"ImageObject","inLanguage":"en-US","@id":"https:\/\/dev.monti.lt\/product\/magnetiniai-blokeliai-76-vnt\/#primaryimage","url":"https:\/\/dev.monti.lt\/wp-content\/uploads\/2022\/11\/woopie-magnetyczne-klocki-konstrukcyjne-edukacyjne-76-el.jpg","contentUrl":"https:\/\/dev.monti.lt\/wp-content\/uploads\/2022\/11\/woopie-magnetyczne-klocki-konstrukcyjne-edukacyjne-76-el.jpg","width":800,"height":800,"caption":"magnetiniai blokeliai"},{"@type":"BreadcrumbList","@id":"https:\/\/dev.monti.lt\/product\/magnetiniai-blokeliai-76-vnt\/#breadcrumb","itemListElement":[{"@type":"ListItem","position":1,"name":"Home","item":"https:\/\/dev.monti.lt\/"},{"@type":"ListItem","position":2,"name":"Parduotuv\u0117","item":"https:\/\/dev.monti.lt\/shop\/"},{"@type":"ListItem","position":3,"name":"Magnetiniai blokeliai WOOPIE, 76 el"}]},{"@type":"WebSite","@id":"https:\/\/dev.monti.lt\/#website","url":"https:\/\/dev.monti.lt\/","name":"Montessori \u017eaislai","description":"","publisher":{"@id":"https:\/\/dev.monti.lt\/#organization"},"potentialAction":[{"@type":"SearchAction","target":{"@type":"EntryPoint","urlTemplate":"https:\/\/dev.monti.lt\/?s={search_term_string}"},"query-input":"required name=search_term_string"}],"inLanguage":"en-US"},{"@type":"Organization","@id":"https:\/\/dev.monti.lt\/#organization","name":"Montessori \u017eaislai","url":"https:\/\/dev.monti.lt\/","logo":{"@type":"ImageObject","inLanguage":"en-US","@id":"https:\/\/dev.monti.lt\/#\/schema\/logo\/image\/","url":"https:\/\/dev.monti.lt\/wp-content\/uploads\/2022\/03\/montilogo-1.png","contentUrl":"https:\/\/dev.monti.lt\/wp-content\/uploads\/2022\/03\/montilogo-1.png","width":512,"height":512,"caption":"Montessori \u017eaislai"},"image":{"@id":"https:\/\/dev.monti.lt\/#\/schema\/logo\/image\/"}}]}},"_links":{"self":[{"href":"https:\/\/dev.monti.lt\/en\/wp-json\/wp\/v2\/product\/12276"}],"collection":[{"href":"https:\/\/dev.monti.lt\/en\/wp-json\/wp\/v2\/product"}],"about":[{"href":"https:\/\/dev.monti.lt\/en\/wp-json\/wp\/v2\/types\/product"}],"version-history":[{"count":4,"href":"https:\/\/dev.monti.lt\/en\/wp-json\/wp\/v2\/product\/12276\/revisions"}],"predecessor-version":[{"id":14857,"href":"https:\/\/dev.monti.lt\/en\/wp-json\/wp\/v2\/product\/12276\/revisions\/14857"}],"wp:featuredmedia":[{"embeddable":true,"href":"https:\/\/dev.monti.lt\/en\/wp-json\/wp\/v2\/media\/12277"}],"wp:attachment":[{"href":"https:\/\/dev.monti.lt\/en\/wp-json\/wp\/v2\/media?parent=12276"}],"wp:term":[{"taxonomy":"product_cat","embeddable":true,"href":"https:\/\/dev.monti.lt\/en\/wp-json\/wp\/v2\/product_cat?post=12276"},{"taxonomy":"product_tag","embeddable":true,"href":"https:\/\/dev.monti.lt\/en\/wp-json\/wp\/v2\/product_tag?post=12276"}],"curies":[{"name":"wp","href":"https:\/\/api.w.org\/{rel}","templated":true}]}}