{"id":11862,"date":"2022-11-23T20:22:32","date_gmt":"2022-11-23T20:22:32","guid":{"rendered":"https:\/\/dev.monti.lt\/?post_type=product&#038;p=11862"},"modified":"2024-10-08T17:25:50","modified_gmt":"2024-10-08T17:25:50","slug":"lulilo-medinis-automobiliu-stovejimo-garazas","status":"publish","type":"product","link":"https:\/\/dev.monti.lt\/en\/product\/lulilo-medinis-automobiliu-stovejimo-garazas\/","title":{"rendered":"Medin\u0117 ugniagesi\u0173 stotis"},"content":{"rendered":"<p>AUTOMOBILI\u0172 STOV\u0116JIMO AIK\u0160TEL\u0116 DVIAUK\u0160TIS GARA\u017dAS LULILO GANAO UGNIAGESI\u0172 KOMANDA<\/p>\n<p>Gaisras? Pavojingas nelaimingas atsitikimas?<\/p>\n<p>Ugniagesiai skambina pavojaus signalu ir metas imtis veiksm\u0173!<\/p>\n<p>Ugniagesiai gali susidoroti su \u0161iomis u\u017eduotimis, ta\u010diau jiems reikia tavo pagalbos, kad saugiai atvykt\u0173 \u012f \u012fvykio viet\u0105. Nukreipk juos taip, kad visi saugiai i\u0161vykt\u0173 i\u0161 baz\u0117s ir i\u0161vengt\u0173 susid\u016brim\u0173.<\/p>\n<p>Teikiant pagalb\u0105 svarbiausia yra laikas. Prasid\u0117jo piko valanda ir mieste susidar\u0117 sp\u016bstis? Pasirinkite sraigtasparn\u012f, jis bus greitesnis. Jis laukia j\u016bs\u0173 pastato vir\u0161uje.<\/p>\n<p>\u0160iame unikaliame gara\u017ee yra keturi lygiai! Pirmieji trys skirti gaisrini\u0173 automobili\u0173 stov\u0117jimui. \u010cia yra vietos \u012f rinkin\u012f \u012ftrauktoms transporto priemon\u0117ms, ta\u010diau viet\u0105 pasistatyti ras ir kiti j\u016bs\u0173 vaiko m\u0117gstami automobiliai.<\/p>\n<p>Paskutinis lygis yra \u012f rinkin\u012f \u012ftraukto sraigtasparnio aik\u0161tel\u0117.<\/p>\n<p>\u012e visus auk\u0161tus galima patekti liftu, kuris \u012fjungiamas pasukus pastato \u0161one esan\u010di\u0105 ranken\u0117l\u0119.<\/p>\n<p>Ko reikia tikram ugniagesiui, kad u\u017egesint\u0173 gaisr\u0105? \u017dinoma, gesintuvo! J\u012f taip pat rasite rinkinyje.<\/p>\n<p>D\u0117l papildom\u0173 pried\u0173 pramoga taps dar \u012fdomesn\u0117.<\/p>\n<p>\u00a0<\/p>\n<p>Puikus rinkinys, skirtas daugybei k\u016brybing\u0173 \u017eaidim\u0173.Galite b\u016bti tikri, kad j\u016bs\u0173 vaikas netur\u0117s laiko nuobod\u017eiauti.<\/p>\n<p>\u017daisdamas su automobili\u0173 stov\u0117jimo aik\u0161tele j\u016bs\u0173 vaikas skatins k\u016brybi\u0161kum\u0105, pad\u0117s vystytis loginiam m\u0105stymui ir tai bus puikus b\u016bdas lavinti rank\u0173 darbo \u012fg\u016bd\u017eius.<\/p>\n<p>Linksmyb\u0117s prasideda i\u0161kart po to, kai jis surenkamas. Automobili\u0173 stov\u0117jimo aik\u0161tel\u0117 surenkama savaranki\u0161kai.<\/p>\n<p>Statydami gara\u017e\u0105 kartu, j\u016bs\u0173 vaikas patirs daug d\u017eiaugsmo ir pasitenkinimo, o kartu tai bus puiki dingstis lavinti bendradarbiavimo ir bendravimo \u012fg\u016bd\u017eius.<\/p>\n<p>Puikiai \u017einome, kad geras \u017eaidimas yra saugus \u017eaidimas, tod\u0117l pasir\u016bpinome, kad visi elementai b\u016bt\u0173 kruop\u0161\u010diai nu\u0161lifuoti ir padengti netoksi\u0161kais da\u017eais taip, kad j\u016bs\u0173 vaikas negaut\u0173 atplai\u0161\u0173.<\/p>\n<p>Puiki dovanos id\u0117ja b\u016bsimam ugniagesiui ir visiems ma\u017eiesiems automobili\u0173 sporto gerb\u0117jams.<\/p>\n<p>Rinkinio turinys:<\/p>\n<p>Elementai automobili\u0173 stov\u0117jimo aik\u0161telei surinkti<br \/>Var\u017et\u0173 rinkinys<br \/>2x transporto priemon\u0117s<br \/>2x ugniagesiai gelb\u0117tojai<br \/>stulpeliai<br \/>Liepsna<br \/>Gesintuvas<br \/>Med\u017eiaga: mediena<\/p>\n<p>Gara\u017eo matmenys: 34 cm X 21 cmX 32 cm<\/p>\n<p>Pakuot\u0117s matmenys: 37 cm x 33 cm x 21 cm<\/p>","protected":false},"excerpt":{"rendered":"<p>AUTOMOBILI\u0172 STOV\u0116JIMO AIK\u0160TEL\u0116 DVIAUK\u0160TIS GARA\u017dAS LULILO GANAO UGNIAGESI\u0172 KOMANDA Gaisras? Pavojingas nelaimingas atsitikimas? Ugniagesiai skambina pavojaus signalu ir metas imtis veiksm\u0173! Ugniagesiai gali susidoroti su \u0161iomis u\u017eduotimis, ta\u010diau jiems reikia tavo pagalbos, kad saugiai atvykt\u0173 \u012f \u012fvykio viet\u0105. Nukreipk juos taip, kad visi saugiai i\u0161vykt\u0173 i\u0161 baz\u0117s ir i\u0161vengt\u0173 susid\u016brim\u0173. Teikiant pagalb\u0105 svarbiausia yra laikas. [&hellip;]<\/p>","protected":false},"featured_media":11736,"template":"","meta":{"iawp_total_views":36},"product_cat":[194,195,197,191,192,84,102,90,93,49,39],"product_tag":[96,97,98],"class_list":{"0":"post-11862","1":"product","2":"type-product","3":"status-publish","4":"has-post-thumbnail","6":"product_cat-dovanos-vaikams-2-3-metu","7":"product_cat-dovanos-vaikams-3-4-metu","8":"product_cat-dovanos-berniukams","9":"product_cat-dovanos-vaikams","10":"product_cat-kaledines-dovanos-vaikams","11":"product_cat-lavinamieji-zaislai","12":"product_cat-mediniai-zaislai","13":"product_cat-pasaulio-pazinimas","14":"product_cat-vaidmenu-zaidimai","15":"product_cat-visi-zaislai","16":"product_cat-zaislai","17":"product_tag-2-m-3-m","18":"product_tag-3-m-4-m","19":"product_tag-5-m-7-m","21":"first","22":"instock","23":"featured","24":"taxable","25":"shipping-taxable","26":"purchasable","27":"product-type-simple"},"yoast_head":"<!-- This site is optimized with the Yoast SEO plugin v23.3 - https:\/\/yoast.com\/wordpress\/plugins\/seo\/ -->\n<title>Medin\u0117 ugniagesi\u0173 stotis - Montessori \u017eaislai<\/title>\n<meta name=\"robots\" content=\"noindex, follow, max-snippet:-1, max-image-preview:large, max-video-preview:-1\" \/>\n<meta property=\"og:locale\" content=\"en_US\" \/>\n<meta property=\"og:type\" content=\"article\" \/>\n<meta property=\"og:title\" content=\"Medin\u0117 ugniagesi\u0173 stotis - Montessori \u017eaislai\" \/>\n<meta property=\"og:description\" content=\"AUTOMOBILI\u0172 STOV\u0116JIMO AIK\u0160TEL\u0116 DVIAUK\u0160TIS GARA\u017dAS LULILO GANAO UGNIAGESI\u0172 KOMANDA Gaisras? Pavojingas nelaimingas atsitikimas? Ugniagesiai skambina pavojaus signalu ir metas imtis veiksm\u0173! Ugniagesiai gali susidoroti su \u0161iomis u\u017eduotimis, ta\u010diau jiems reikia tavo pagalbos, kad saugiai atvykt\u0173 \u012f \u012fvykio viet\u0105. Nukreipk juos taip, kad visi saugiai i\u0161vykt\u0173 i\u0161 baz\u0117s ir i\u0161vengt\u0173 susid\u016brim\u0173. Teikiant pagalb\u0105 svarbiausia yra laikas. [&hellip;]\" \/>\n<meta property=\"og:url\" content=\"https:\/\/dev.monti.lt\/en\/product\/lulilo-medinis-automobiliu-stovejimo-garazas\/\" \/>\n<meta property=\"og:site_name\" content=\"Montessori \u017eaislai\" \/>\n<meta property=\"article:modified_time\" content=\"2024-10-08T17:25:50+00:00\" \/>\n<meta property=\"og:image\" content=\"https:\/\/dev.monti.lt\/wp-content\/uploads\/2022\/11\/KX585478112.jpg\" \/>\n\t<meta property=\"og:image:width\" content=\"1024\" \/>\n\t<meta property=\"og:image:height\" content=\"768\" \/>\n\t<meta property=\"og:image:type\" content=\"image\/jpeg\" \/>\n<meta name=\"twitter:card\" content=\"summary_large_image\" \/>\n<script type=\"application\/ld+json\" class=\"yoast-schema-graph\">{\"@context\":\"https:\/\/schema.org\",\"@graph\":[{\"@type\":\"WebPage\",\"@id\":\"https:\/\/dev.monti.lt\/product\/lulilo-medinis-automobiliu-stovejimo-garazas\/\",\"url\":\"https:\/\/dev.monti.lt\/product\/lulilo-medinis-automobiliu-stovejimo-garazas\/\",\"name\":\"Medin\u0117 ugniagesi\u0173 stotis - Montessori \u017eaislai\",\"isPartOf\":{\"@id\":\"https:\/\/dev.monti.lt\/#website\"},\"primaryImageOfPage\":{\"@id\":\"https:\/\/dev.monti.lt\/product\/lulilo-medinis-automobiliu-stovejimo-garazas\/#primaryimage\"},\"image\":{\"@id\":\"https:\/\/dev.monti.lt\/product\/lulilo-medinis-automobiliu-stovejimo-garazas\/#primaryimage\"},\"thumbnailUrl\":\"https:\/\/dev.monti.lt\/wp-content\/uploads\/2022\/11\/KX585478112.jpg\",\"datePublished\":\"2022-11-23T20:22:32+00:00\",\"dateModified\":\"2024-10-08T17:25:50+00:00\",\"breadcrumb\":{\"@id\":\"https:\/\/dev.monti.lt\/product\/lulilo-medinis-automobiliu-stovejimo-garazas\/#breadcrumb\"},\"inLanguage\":\"en-US\",\"potentialAction\":[{\"@type\":\"ReadAction\",\"target\":[\"https:\/\/dev.monti.lt\/product\/lulilo-medinis-automobiliu-stovejimo-garazas\/\"]}]},{\"@type\":\"ImageObject\",\"inLanguage\":\"en-US\",\"@id\":\"https:\/\/dev.monti.lt\/product\/lulilo-medinis-automobiliu-stovejimo-garazas\/#primaryimage\",\"url\":\"https:\/\/dev.monti.lt\/wp-content\/uploads\/2022\/11\/KX585478112.jpg\",\"contentUrl\":\"https:\/\/dev.monti.lt\/wp-content\/uploads\/2022\/11\/KX585478112.jpg\",\"width\":1024,\"height\":768},{\"@type\":\"BreadcrumbList\",\"@id\":\"https:\/\/dev.monti.lt\/product\/lulilo-medinis-automobiliu-stovejimo-garazas\/#breadcrumb\",\"itemListElement\":[{\"@type\":\"ListItem\",\"position\":1,\"name\":\"Home\",\"item\":\"https:\/\/dev.monti.lt\/\"},{\"@type\":\"ListItem\",\"position\":2,\"name\":\"Parduotuv\u0117\",\"item\":\"https:\/\/dev.monti.lt\/shop\/\"},{\"@type\":\"ListItem\",\"position\":3,\"name\":\"Medin\u0117 ugniagesi\u0173 stotis\"}]},{\"@type\":\"WebSite\",\"@id\":\"https:\/\/dev.monti.lt\/#website\",\"url\":\"https:\/\/dev.monti.lt\/\",\"name\":\"Montessori \u017eaislai\",\"description\":\"\",\"publisher\":{\"@id\":\"https:\/\/dev.monti.lt\/#organization\"},\"potentialAction\":[{\"@type\":\"SearchAction\",\"target\":{\"@type\":\"EntryPoint\",\"urlTemplate\":\"https:\/\/dev.monti.lt\/?s={search_term_string}\"},\"query-input\":\"required name=search_term_string\"}],\"inLanguage\":\"en-US\"},{\"@type\":\"Organization\",\"@id\":\"https:\/\/dev.monti.lt\/#organization\",\"name\":\"Montessori \u017eaislai\",\"url\":\"https:\/\/dev.monti.lt\/\",\"logo\":{\"@type\":\"ImageObject\",\"inLanguage\":\"en-US\",\"@id\":\"https:\/\/dev.monti.lt\/#\/schema\/logo\/image\/\",\"url\":\"https:\/\/dev.monti.lt\/wp-content\/uploads\/2022\/03\/montilogo-1.png\",\"contentUrl\":\"https:\/\/dev.monti.lt\/wp-content\/uploads\/2022\/03\/montilogo-1.png\",\"width\":512,\"height\":512,\"caption\":\"Montessori \u017eaislai\"},\"image\":{\"@id\":\"https:\/\/dev.monti.lt\/#\/schema\/logo\/image\/\"}}]}<\/script>\n<!-- \/ Yoast SEO plugin. -->","yoast_head_json":{"title":"Medin\u0117 ugniagesi\u0173 stotis - Montessori \u017eaislai","robots":{"index":"noindex","follow":"follow","max-snippet":"max-snippet:-1","max-image-preview":"max-image-preview:large","max-video-preview":"max-video-preview:-1"},"og_locale":"en_US","og_type":"article","og_title":"Medin\u0117 ugniagesi\u0173 stotis - Montessori \u017eaislai","og_description":"AUTOMOBILI\u0172 STOV\u0116JIMO AIK\u0160TEL\u0116 DVIAUK\u0160TIS GARA\u017dAS LULILO GANAO UGNIAGESI\u0172 KOMANDA Gaisras? Pavojingas nelaimingas atsitikimas? Ugniagesiai skambina pavojaus signalu ir metas imtis veiksm\u0173! Ugniagesiai gali susidoroti su \u0161iomis u\u017eduotimis, ta\u010diau jiems reikia tavo pagalbos, kad saugiai atvykt\u0173 \u012f \u012fvykio viet\u0105. Nukreipk juos taip, kad visi saugiai i\u0161vykt\u0173 i\u0161 baz\u0117s ir i\u0161vengt\u0173 susid\u016brim\u0173. Teikiant pagalb\u0105 svarbiausia yra laikas. [&hellip;]","og_url":"https:\/\/dev.monti.lt\/en\/product\/lulilo-medinis-automobiliu-stovejimo-garazas\/","og_site_name":"Montessori \u017eaislai","article_modified_time":"2024-10-08T17:25:50+00:00","og_image":[{"width":1024,"height":768,"url":"https:\/\/dev.monti.lt\/wp-content\/uploads\/2022\/11\/KX585478112.jpg","type":"image\/jpeg"}],"twitter_card":"summary_large_image","schema":{"@context":"https:\/\/schema.org","@graph":[{"@type":"WebPage","@id":"https:\/\/dev.monti.lt\/product\/lulilo-medinis-automobiliu-stovejimo-garazas\/","url":"https:\/\/dev.monti.lt\/product\/lulilo-medinis-automobiliu-stovejimo-garazas\/","name":"Medin\u0117 ugniagesi\u0173 stotis - Montessori \u017eaislai","isPartOf":{"@id":"https:\/\/dev.monti.lt\/#website"},"primaryImageOfPage":{"@id":"https:\/\/dev.monti.lt\/product\/lulilo-medinis-automobiliu-stovejimo-garazas\/#primaryimage"},"image":{"@id":"https:\/\/dev.monti.lt\/product\/lulilo-medinis-automobiliu-stovejimo-garazas\/#primaryimage"},"thumbnailUrl":"https:\/\/dev.monti.lt\/wp-content\/uploads\/2022\/11\/KX585478112.jpg","datePublished":"2022-11-23T20:22:32+00:00","dateModified":"2024-10-08T17:25:50+00:00","breadcrumb":{"@id":"https:\/\/dev.monti.lt\/product\/lulilo-medinis-automobiliu-stovejimo-garazas\/#breadcrumb"},"inLanguage":"en-US","potentialAction":[{"@type":"ReadAction","target":["https:\/\/dev.monti.lt\/product\/lulilo-medinis-automobiliu-stovejimo-garazas\/"]}]},{"@type":"ImageObject","inLanguage":"en-US","@id":"https:\/\/dev.monti.lt\/product\/lulilo-medinis-automobiliu-stovejimo-garazas\/#primaryimage","url":"https:\/\/dev.monti.lt\/wp-content\/uploads\/2022\/11\/KX585478112.jpg","contentUrl":"https:\/\/dev.monti.lt\/wp-content\/uploads\/2022\/11\/KX585478112.jpg","width":1024,"height":768},{"@type":"BreadcrumbList","@id":"https:\/\/dev.monti.lt\/product\/lulilo-medinis-automobiliu-stovejimo-garazas\/#breadcrumb","itemListElement":[{"@type":"ListItem","position":1,"name":"Home","item":"https:\/\/dev.monti.lt\/"},{"@type":"ListItem","position":2,"name":"Parduotuv\u0117","item":"https:\/\/dev.monti.lt\/shop\/"},{"@type":"ListItem","position":3,"name":"Medin\u0117 ugniagesi\u0173 stotis"}]},{"@type":"WebSite","@id":"https:\/\/dev.monti.lt\/#website","url":"https:\/\/dev.monti.lt\/","name":"Montessori \u017eaislai","description":"","publisher":{"@id":"https:\/\/dev.monti.lt\/#organization"},"potentialAction":[{"@type":"SearchAction","target":{"@type":"EntryPoint","urlTemplate":"https:\/\/dev.monti.lt\/?s={search_term_string}"},"query-input":"required name=search_term_string"}],"inLanguage":"en-US"},{"@type":"Organization","@id":"https:\/\/dev.monti.lt\/#organization","name":"Montessori \u017eaislai","url":"https:\/\/dev.monti.lt\/","logo":{"@type":"ImageObject","inLanguage":"en-US","@id":"https:\/\/dev.monti.lt\/#\/schema\/logo\/image\/","url":"https:\/\/dev.monti.lt\/wp-content\/uploads\/2022\/03\/montilogo-1.png","contentUrl":"https:\/\/dev.monti.lt\/wp-content\/uploads\/2022\/03\/montilogo-1.png","width":512,"height":512,"caption":"Montessori \u017eaislai"},"image":{"@id":"https:\/\/dev.monti.lt\/#\/schema\/logo\/image\/"}}]}},"_links":{"self":[{"href":"https:\/\/dev.monti.lt\/en\/wp-json\/wp\/v2\/product\/11862"}],"collection":[{"href":"https:\/\/dev.monti.lt\/en\/wp-json\/wp\/v2\/product"}],"about":[{"href":"https:\/\/dev.monti.lt\/en\/wp-json\/wp\/v2\/types\/product"}],"version-history":[{"count":3,"href":"https:\/\/dev.monti.lt\/en\/wp-json\/wp\/v2\/product\/11862\/revisions"}],"predecessor-version":[{"id":25279,"href":"https:\/\/dev.monti.lt\/en\/wp-json\/wp\/v2\/product\/11862\/revisions\/25279"}],"wp:featuredmedia":[{"embeddable":true,"href":"https:\/\/dev.monti.lt\/en\/wp-json\/wp\/v2\/media\/11736"}],"wp:attachment":[{"href":"https:\/\/dev.monti.lt\/en\/wp-json\/wp\/v2\/media?parent=11862"}],"wp:term":[{"taxonomy":"product_cat","embeddable":true,"href":"https:\/\/dev.monti.lt\/en\/wp-json\/wp\/v2\/product_cat?post=11862"},{"taxonomy":"product_tag","embeddable":true,"href":"https:\/\/dev.monti.lt\/en\/wp-json\/wp\/v2\/product_tag?post=11862"}],"curies":[{"name":"wp","href":"https:\/\/api.w.org\/{rel}","templated":true}]}}