{"id":11849,"date":"2022-11-23T19:40:23","date_gmt":"2022-11-23T19:40:23","guid":{"rendered":"https:\/\/dev.monti.lt\/?post_type=product&#038;p=11849"},"modified":"2024-10-08T17:41:04","modified_gmt":"2024-10-08T17:41:04","slug":"magnetinis-labirintas-varle","status":"publish","type":"product","link":"https:\/\/dev.monti.lt\/en\/product\/magnetinis-labirintas-varle\/","title":{"rendered":"Magnetinis labirintas &#8220;Varl\u0117&#8221;"},"content":{"rendered":"<p><strong>MAGNETINIS LABIRINTAS Varl\u0117<\/strong><\/p><figure class=\"wp-block-image\"><img decoding=\"async\" src=\"https:\/\/www.ikonka.com.pl\/img\/product_media\/39001-40000\/KX6533_264079.jpg\" alt=\"\"\/><\/figure><p>Labirintas su metaliniais rutuliais buvo aptvertas gra\u017eioje varlyt\u0117je.<\/p><p>Smagu yra naudoti ra\u0161ikl\u012f su magnetu, kad spalvoti rutuliai b\u016bt\u0173 perkelti \u012f centrin\u0119 viet\u0105.<\/p><p>Be to, kad u\u017eduotis b\u016bt\u0173 sunkesn\u0117, kamuoliukus galima vesti per labirint\u0105, sukant \u017eaisl\u0105 \u012f skirtingas puses.<\/p><figure class=\"wp-block-image\"><img decoding=\"async\" src=\"https:\/\/www.ikonka.com.pl\/img\/product_media\/39001-40000\/KX6533_264080.jpg\" alt=\"\"\/><\/figure><p>Visas labirintas buvo pasl\u0117ptas po plonu, skaidriu stiklu.<\/p><p>\u017daislas, kuris leis j\u016bs\u0173 k\u016bdikiui pramogauti valand\u0173 valandas.<\/p><p>Teigiamai veikia login\u012f m\u0105stym\u0105 ir aki\u0173-rank\u0173 koordinacij\u0105.<\/p><p>Be to, \u017eaidimas su labirintu bus puiki susikaupimo treniruot\u0117.<\/p><p>Tai pravers mokantis spalv\u0173 pavadinimus.<\/p><p>Miela varlyt\u0117 bus puikus kompanionas ilgoje, varginan\u010dioje kelion\u0117je.<\/p><p>Ra\u0161iklis prie varl\u0117s buvo pritvirtintas virvele, kuri tur\u0117t\u0173 paleisti, kol ji nepaklysta.<\/p><p>Visi \u017eaislo kra\u0161tai buvo kruop\u0161\u010diai nu\u0161lifuoti, kad atplai\u0161os nepatekt\u0173 \u012f vaiko rankas.<\/p><p><strong>Matmenys<\/strong>&nbsp;: 15 cm x 11,5 cm x 1,2 cm<\/p><p>Supakuota \u012f folijos pakuot\u0119.<\/p><figure class=\"wp-block-image\"><img decoding=\"async\" src=\"https:\/\/www.ikonka.com.pl\/img\/product_media\/39001-40000\/KX6533_264081.jpg\" alt=\"\"\/><\/figure><p>magnetinis \u017eaidimas, patogus kelion\u0117je<\/p>","protected":false},"excerpt":{"rendered":"<p>MAGNETINIS LABIRINTAS Varl\u0117 Labirintas su metaliniais rutuliais buvo aptvertas gra\u017eioje varlyt\u0117je. Smagu yra naudoti ra\u0161ikl\u012f su magnetu, kad spalvoti rutuliai b\u016bt\u0173 perkelti \u012f centrin\u0119 viet\u0105. Be to, kad u\u017eduotis b\u016bt\u0173 sunkesn\u0117, kamuoliukus galima vesti per labirint\u0105, sukant \u017eaisl\u0105 \u012f skirtingas puses. Visas labirintas buvo pasl\u0117ptas po plonu, skaidriu stiklu. \u017daislas, kuris leis j\u016bs\u0173 k\u016bdikiui pramogauti [&hellip;]<\/p>","protected":false},"featured_media":11732,"template":"","meta":{"iawp_total_views":4},"product_cat":[218,84,86,39],"product_tag":[96,97,98],"class_list":{"0":"post-11849","1":"product","2":"type-product","3":"status-publish","4":"has-post-thumbnail","6":"product_cat-darzeliu-grupems","7":"product_cat-lavinamieji-zaislai","8":"product_cat-smulkioji-motorika","9":"product_cat-zaislai","10":"product_tag-2-m-3-m","11":"product_tag-3-m-4-m","12":"product_tag-5-m-7-m","14":"first","15":"instock","16":"taxable","17":"shipping-taxable","18":"purchasable","19":"product-type-simple"},"yoast_head":"<!-- This site is optimized with the Yoast SEO plugin v23.3 - https:\/\/yoast.com\/wordpress\/plugins\/seo\/ -->\n<title>Magnetinis labirintas &quot;Varl\u0117&quot; - Montessori \u017eaislai<\/title>\n<meta name=\"robots\" content=\"noindex, follow, max-snippet:-1, max-image-preview:large, max-video-preview:-1\" \/>\n<meta property=\"og:locale\" content=\"en_US\" \/>\n<meta property=\"og:type\" content=\"article\" \/>\n<meta property=\"og:title\" content=\"Magnetinis labirintas &quot;Varl\u0117&quot; - Montessori \u017eaislai\" \/>\n<meta property=\"og:description\" content=\"MAGNETINIS LABIRINTAS Varl\u0117 Labirintas su metaliniais rutuliais buvo aptvertas gra\u017eioje varlyt\u0117je. Smagu yra naudoti ra\u0161ikl\u012f su magnetu, kad spalvoti rutuliai b\u016bt\u0173 perkelti \u012f centrin\u0119 viet\u0105. Be to, kad u\u017eduotis b\u016bt\u0173 sunkesn\u0117, kamuoliukus galima vesti per labirint\u0105, sukant \u017eaisl\u0105 \u012f skirtingas puses. Visas labirintas buvo pasl\u0117ptas po plonu, skaidriu stiklu. \u017daislas, kuris leis j\u016bs\u0173 k\u016bdikiui pramogauti [&hellip;]\" \/>\n<meta property=\"og:url\" content=\"https:\/\/dev.monti.lt\/en\/product\/magnetinis-labirintas-varle\/\" \/>\n<meta property=\"og:site_name\" content=\"Montessori \u017eaislai\" \/>\n<meta property=\"article:modified_time\" content=\"2024-10-08T17:41:04+00:00\" \/>\n<meta property=\"og:image\" content=\"https:\/\/dev.monti.lt\/wp-content\/uploads\/2022\/11\/KX6533_264079-2.jpg\" \/>\n\t<meta property=\"og:image:width\" content=\"1600\" \/>\n\t<meta property=\"og:image:height\" content=\"1200\" \/>\n\t<meta property=\"og:image:type\" content=\"image\/jpeg\" \/>\n<meta name=\"twitter:card\" content=\"summary_large_image\" \/>\n<meta name=\"twitter:label1\" content=\"Est. reading time\" \/>\n\t<meta name=\"twitter:data1\" content=\"2 minutes\" \/>\n<script type=\"application\/ld+json\" class=\"yoast-schema-graph\">{\"@context\":\"https:\/\/schema.org\",\"@graph\":[{\"@type\":\"WebPage\",\"@id\":\"https:\/\/dev.monti.lt\/product\/magnetinis-labirintas-varle\/\",\"url\":\"https:\/\/dev.monti.lt\/product\/magnetinis-labirintas-varle\/\",\"name\":\"Magnetinis labirintas \\\"Varl\u0117\\\" - Montessori \u017eaislai\",\"isPartOf\":{\"@id\":\"https:\/\/dev.monti.lt\/#website\"},\"primaryImageOfPage\":{\"@id\":\"https:\/\/dev.monti.lt\/product\/magnetinis-labirintas-varle\/#primaryimage\"},\"image\":{\"@id\":\"https:\/\/dev.monti.lt\/product\/magnetinis-labirintas-varle\/#primaryimage\"},\"thumbnailUrl\":\"https:\/\/dev.monti.lt\/wp-content\/uploads\/2022\/11\/KX6533_264079-2.jpg\",\"datePublished\":\"2022-11-23T19:40:23+00:00\",\"dateModified\":\"2024-10-08T17:41:04+00:00\",\"breadcrumb\":{\"@id\":\"https:\/\/dev.monti.lt\/product\/magnetinis-labirintas-varle\/#breadcrumb\"},\"inLanguage\":\"en-US\",\"potentialAction\":[{\"@type\":\"ReadAction\",\"target\":[\"https:\/\/dev.monti.lt\/product\/magnetinis-labirintas-varle\/\"]}]},{\"@type\":\"ImageObject\",\"inLanguage\":\"en-US\",\"@id\":\"https:\/\/dev.monti.lt\/product\/magnetinis-labirintas-varle\/#primaryimage\",\"url\":\"https:\/\/dev.monti.lt\/wp-content\/uploads\/2022\/11\/KX6533_264079-2.jpg\",\"contentUrl\":\"https:\/\/dev.monti.lt\/wp-content\/uploads\/2022\/11\/KX6533_264079-2.jpg\",\"width\":1600,\"height\":1200},{\"@type\":\"BreadcrumbList\",\"@id\":\"https:\/\/dev.monti.lt\/product\/magnetinis-labirintas-varle\/#breadcrumb\",\"itemListElement\":[{\"@type\":\"ListItem\",\"position\":1,\"name\":\"Home\",\"item\":\"https:\/\/dev.monti.lt\/\"},{\"@type\":\"ListItem\",\"position\":2,\"name\":\"Parduotuv\u0117\",\"item\":\"https:\/\/dev.monti.lt\/shop\/\"},{\"@type\":\"ListItem\",\"position\":3,\"name\":\"Magnetinis labirintas &#8220;Varl\u0117&#8221;\"}]},{\"@type\":\"WebSite\",\"@id\":\"https:\/\/dev.monti.lt\/#website\",\"url\":\"https:\/\/dev.monti.lt\/\",\"name\":\"Montessori \u017eaislai\",\"description\":\"\",\"publisher\":{\"@id\":\"https:\/\/dev.monti.lt\/#organization\"},\"potentialAction\":[{\"@type\":\"SearchAction\",\"target\":{\"@type\":\"EntryPoint\",\"urlTemplate\":\"https:\/\/dev.monti.lt\/?s={search_term_string}\"},\"query-input\":\"required name=search_term_string\"}],\"inLanguage\":\"en-US\"},{\"@type\":\"Organization\",\"@id\":\"https:\/\/dev.monti.lt\/#organization\",\"name\":\"Montessori \u017eaislai\",\"url\":\"https:\/\/dev.monti.lt\/\",\"logo\":{\"@type\":\"ImageObject\",\"inLanguage\":\"en-US\",\"@id\":\"https:\/\/dev.monti.lt\/#\/schema\/logo\/image\/\",\"url\":\"https:\/\/dev.monti.lt\/wp-content\/uploads\/2022\/03\/montilogo-1.png\",\"contentUrl\":\"https:\/\/dev.monti.lt\/wp-content\/uploads\/2022\/03\/montilogo-1.png\",\"width\":512,\"height\":512,\"caption\":\"Montessori \u017eaislai\"},\"image\":{\"@id\":\"https:\/\/dev.monti.lt\/#\/schema\/logo\/image\/\"}}]}<\/script>\n<!-- \/ Yoast SEO plugin. -->","yoast_head_json":{"title":"Magnetinis labirintas \"Varl\u0117\" - Montessori \u017eaislai","robots":{"index":"noindex","follow":"follow","max-snippet":"max-snippet:-1","max-image-preview":"max-image-preview:large","max-video-preview":"max-video-preview:-1"},"og_locale":"en_US","og_type":"article","og_title":"Magnetinis labirintas \"Varl\u0117\" - Montessori \u017eaislai","og_description":"MAGNETINIS LABIRINTAS Varl\u0117 Labirintas su metaliniais rutuliais buvo aptvertas gra\u017eioje varlyt\u0117je. Smagu yra naudoti ra\u0161ikl\u012f su magnetu, kad spalvoti rutuliai b\u016bt\u0173 perkelti \u012f centrin\u0119 viet\u0105. Be to, kad u\u017eduotis b\u016bt\u0173 sunkesn\u0117, kamuoliukus galima vesti per labirint\u0105, sukant \u017eaisl\u0105 \u012f skirtingas puses. Visas labirintas buvo pasl\u0117ptas po plonu, skaidriu stiklu. \u017daislas, kuris leis j\u016bs\u0173 k\u016bdikiui pramogauti [&hellip;]","og_url":"https:\/\/dev.monti.lt\/en\/product\/magnetinis-labirintas-varle\/","og_site_name":"Montessori \u017eaislai","article_modified_time":"2024-10-08T17:41:04+00:00","og_image":[{"width":1600,"height":1200,"url":"https:\/\/dev.monti.lt\/wp-content\/uploads\/2022\/11\/KX6533_264079-2.jpg","type":"image\/jpeg"}],"twitter_card":"summary_large_image","twitter_misc":{"Est. reading time":"2 minutes"},"schema":{"@context":"https:\/\/schema.org","@graph":[{"@type":"WebPage","@id":"https:\/\/dev.monti.lt\/product\/magnetinis-labirintas-varle\/","url":"https:\/\/dev.monti.lt\/product\/magnetinis-labirintas-varle\/","name":"Magnetinis labirintas \"Varl\u0117\" - Montessori \u017eaislai","isPartOf":{"@id":"https:\/\/dev.monti.lt\/#website"},"primaryImageOfPage":{"@id":"https:\/\/dev.monti.lt\/product\/magnetinis-labirintas-varle\/#primaryimage"},"image":{"@id":"https:\/\/dev.monti.lt\/product\/magnetinis-labirintas-varle\/#primaryimage"},"thumbnailUrl":"https:\/\/dev.monti.lt\/wp-content\/uploads\/2022\/11\/KX6533_264079-2.jpg","datePublished":"2022-11-23T19:40:23+00:00","dateModified":"2024-10-08T17:41:04+00:00","breadcrumb":{"@id":"https:\/\/dev.monti.lt\/product\/magnetinis-labirintas-varle\/#breadcrumb"},"inLanguage":"en-US","potentialAction":[{"@type":"ReadAction","target":["https:\/\/dev.monti.lt\/product\/magnetinis-labirintas-varle\/"]}]},{"@type":"ImageObject","inLanguage":"en-US","@id":"https:\/\/dev.monti.lt\/product\/magnetinis-labirintas-varle\/#primaryimage","url":"https:\/\/dev.monti.lt\/wp-content\/uploads\/2022\/11\/KX6533_264079-2.jpg","contentUrl":"https:\/\/dev.monti.lt\/wp-content\/uploads\/2022\/11\/KX6533_264079-2.jpg","width":1600,"height":1200},{"@type":"BreadcrumbList","@id":"https:\/\/dev.monti.lt\/product\/magnetinis-labirintas-varle\/#breadcrumb","itemListElement":[{"@type":"ListItem","position":1,"name":"Home","item":"https:\/\/dev.monti.lt\/"},{"@type":"ListItem","position":2,"name":"Parduotuv\u0117","item":"https:\/\/dev.monti.lt\/shop\/"},{"@type":"ListItem","position":3,"name":"Magnetinis labirintas &#8220;Varl\u0117&#8221;"}]},{"@type":"WebSite","@id":"https:\/\/dev.monti.lt\/#website","url":"https:\/\/dev.monti.lt\/","name":"Montessori \u017eaislai","description":"","publisher":{"@id":"https:\/\/dev.monti.lt\/#organization"},"potentialAction":[{"@type":"SearchAction","target":{"@type":"EntryPoint","urlTemplate":"https:\/\/dev.monti.lt\/?s={search_term_string}"},"query-input":"required name=search_term_string"}],"inLanguage":"en-US"},{"@type":"Organization","@id":"https:\/\/dev.monti.lt\/#organization","name":"Montessori \u017eaislai","url":"https:\/\/dev.monti.lt\/","logo":{"@type":"ImageObject","inLanguage":"en-US","@id":"https:\/\/dev.monti.lt\/#\/schema\/logo\/image\/","url":"https:\/\/dev.monti.lt\/wp-content\/uploads\/2022\/03\/montilogo-1.png","contentUrl":"https:\/\/dev.monti.lt\/wp-content\/uploads\/2022\/03\/montilogo-1.png","width":512,"height":512,"caption":"Montessori \u017eaislai"},"image":{"@id":"https:\/\/dev.monti.lt\/#\/schema\/logo\/image\/"}}]}},"_links":{"self":[{"href":"https:\/\/dev.monti.lt\/en\/wp-json\/wp\/v2\/product\/11849"}],"collection":[{"href":"https:\/\/dev.monti.lt\/en\/wp-json\/wp\/v2\/product"}],"about":[{"href":"https:\/\/dev.monti.lt\/en\/wp-json\/wp\/v2\/types\/product"}],"version-history":[{"count":3,"href":"https:\/\/dev.monti.lt\/en\/wp-json\/wp\/v2\/product\/11849\/revisions"}],"predecessor-version":[{"id":13341,"href":"https:\/\/dev.monti.lt\/en\/wp-json\/wp\/v2\/product\/11849\/revisions\/13341"}],"wp:featuredmedia":[{"embeddable":true,"href":"https:\/\/dev.monti.lt\/en\/wp-json\/wp\/v2\/media\/11732"}],"wp:attachment":[{"href":"https:\/\/dev.monti.lt\/en\/wp-json\/wp\/v2\/media?parent=11849"}],"wp:term":[{"taxonomy":"product_cat","embeddable":true,"href":"https:\/\/dev.monti.lt\/en\/wp-json\/wp\/v2\/product_cat?post=11849"},{"taxonomy":"product_tag","embeddable":true,"href":"https:\/\/dev.monti.lt\/en\/wp-json\/wp\/v2\/product_tag?post=11849"}],"curies":[{"name":"wp","href":"https:\/\/api.w.org\/{rel}","templated":true}]}}