{"id":11830,"date":"2022-11-23T19:11:45","date_gmt":"2022-11-23T19:11:45","guid":{"rendered":"https:\/\/dev.monti.lt\/?post_type=product&#038;p=11830"},"modified":"2024-09-16T11:56:07","modified_gmt":"2024-09-16T11:56:07","slug":"seimos-zaidimas-laivai","status":"publish","type":"product","link":"https:\/\/dev.monti.lt\/en\/product\/seimos-zaidimas-laivai\/","title":{"rendered":"\u0160eimos \u017eaidimas \u201eLaivai\u201c"},"content":{"rendered":"<h1 class=\"wp-block-heading\">STRATEGINI\u0172 \u017dAIDIM\u0172 LAIVAI \u2013 J\u016aR\u0172 M\u016a\u0160IS&nbsp;<\/h1><ul class=\"wp-block-list\"><li><strong>ugdo STRATEGINIS M\u0104STYMAS<\/strong>&nbsp;&#8211; \u017daid\u017eiant laivus, \u017eaid\u0117jai turi planuoti ir m\u0105styti strategi\u0161kai. \u017daid\u0117jai turi priimti sprendimus d\u0117l savo laiv\u0173 pad\u0117ties ir \u0161audyti, o tai lavina j\u0173 planavimo ir numatymo \u012fg\u016bd\u017eius.<\/li>\n\n<li><strong>SULANKSTAMAS<\/strong>&nbsp;\u2013 \u017eaidim\u0105 galima greitai ir lengvai sulankstyti ir i\u0161lankstyti. Sulankstyti, juos galima laikyti ir transportuoti. Patogus ne\u0161iotis, mielai pasiimsite su savimi \u012f kiekvien\u0105 kelion\u0119.<\/li>\n\n<li><strong>\u0160EIMOS \u017dAIDIMAS<\/strong>&nbsp;\u2013<strong>&nbsp;<\/strong>Kartu \u017eaisti su laivais bus patrauklu ne tik vaikams, bet ir j\u0173 t\u0117veliams.&nbsp;<strong>Smagu, kad suartina \u0161eim\u0105 ir leid\u017eia suaugusiems daugiau laiko praleisti su vaikais.<\/strong><\/li>\n\n<li><strong>ugdo KONCENTRACIJOS \u012eG\u016aD\u012e &#8211;<\/strong>&nbsp;\u017eaid\u0117jai turi susikoncentruoti \u012f lent\u0105 ir sekti prie\u0161ininko judesius. Tai gali pad\u0117ti lavinti j\u016bs\u0173 geb\u0117jim\u0105 susikaupti ir susikaupti.<\/li>\n\n<li><strong>SPECIFIKACIJA &#8211;<\/strong>&nbsp;\u017eaid\u0117j\u0173 skai\u010dius: 2; matmenys: 26 x 19 x 3 cm; svoris: 400 g.&nbsp;<\/li><\/ul><p><strong>SPECIFIKACIJA<\/strong><\/p><ul class=\"wp-block-list\"><li>\u017emoni\u0173 skai\u010dius: 2<\/li>\n\n<li>i\u0161matavimai: 26 x 19 x 3 cm<\/li>\n\n<li>svoris: 400 g<\/li><\/ul><p><strong>\u012eSKAITANT<\/strong><\/p><ul class=\"wp-block-list\"><li>U\u017erakinamas \u017eaidim\u0173 skydelis 2 \u017emon\u0117ms<\/li>\n\n<li>2 komplektai laiv\u0173<\/li>\n\n<li>kai\u0161\u010di\u0173 rinkinys<\/li><\/ul><p>Puikus strateginis \u017eaidimas. \u017daidimas yra labai priklausomas ir suteikia daug pramog\u0173, lavina rankinius \u012fg\u016bd\u017eius ir moko strateginio m\u0105stymo. Laiv\u0173 \u017eaidimas yra populiari ir vertinama pramog\u0173 forma vaikams, paaugliams ir suaugusiems.<\/p>","protected":false},"excerpt":{"rendered":"<p>STRATEGINI\u0172 \u017dAIDIM\u0172 LAIVAI \u2013 J\u016aR\u0172 M\u016a\u0160IS&nbsp; SPECIFIKACIJA \u012eSKAITANT Puikus strateginis \u017eaidimas. \u017daidimas yra labai priklausomas ir suteikia daug pramog\u0173, lavina rankinius \u012fg\u016bd\u017eius ir moko strateginio m\u0105stymo. Laiv\u0173 \u017eaidimas yra populiari ir vertinama pramog\u0173 forma vaikams, paaugliams ir suaugusiems.<\/p>","protected":false},"featured_media":23326,"template":"","meta":{"iawp_total_views":26},"product_cat":[84,91,90,49,39],"product_tag":[101,98,99,100],"class_list":{"0":"post-11830","1":"product","2":"type-product","3":"status-publish","4":"has-post-thumbnail","6":"product_cat-lavinamieji-zaislai","7":"product_cat-loginiam-mastymui","8":"product_cat-pasaulio-pazinimas","9":"product_cat-visi-zaislai","10":"product_cat-zaislai","11":"product_tag-12-m-14-m","12":"product_tag-5-m-7-m","13":"product_tag-8-m-11-m","14":"product_tag-15-m","16":"first","17":"outofstock","18":"taxable","19":"shipping-taxable","20":"purchasable","21":"product-type-simple"},"yoast_head":"<!-- This site is optimized with the Yoast SEO plugin v23.3 - https:\/\/yoast.com\/wordpress\/plugins\/seo\/ -->\n<title>\u0160eimos \u017eaidimas \u201eLaivai\u201c - Montessori \u017eaislai<\/title>\n<meta name=\"robots\" content=\"noindex, follow, max-snippet:-1, max-image-preview:large, max-video-preview:-1\" \/>\n<meta property=\"og:locale\" content=\"en_US\" \/>\n<meta property=\"og:type\" content=\"article\" \/>\n<meta property=\"og:title\" content=\"\u0160eimos \u017eaidimas \u201eLaivai\u201c - Montessori \u017eaislai\" \/>\n<meta property=\"og:description\" content=\"STRATEGINI\u0172 \u017dAIDIM\u0172 LAIVAI \u2013 J\u016aR\u0172 M\u016a\u0160IS&nbsp; SPECIFIKACIJA \u012eSKAITANT Puikus strateginis \u017eaidimas. \u017daidimas yra labai priklausomas ir suteikia daug pramog\u0173, lavina rankinius \u012fg\u016bd\u017eius ir moko strateginio m\u0105stymo. Laiv\u0173 \u017eaidimas yra populiari ir vertinama pramog\u0173 forma vaikams, paaugliams ir suaugusiems.\" \/>\n<meta property=\"og:url\" content=\"https:\/\/dev.monti.lt\/en\/product\/seimos-zaidimas-laivai\/\" \/>\n<meta property=\"og:site_name\" content=\"Montessori \u017eaislai\" \/>\n<meta property=\"article:modified_time\" content=\"2024-09-16T11:56:07+00:00\" \/>\n<meta property=\"og:image\" content=\"https:\/\/dev.monti.lt\/wp-content\/uploads\/2022\/11\/lit_pl_Seimos-zaidimas-Laivai-22413-17318_8.jpg\" \/>\n\t<meta property=\"og:image:width\" content=\"500\" \/>\n\t<meta property=\"og:image:height\" content=\"500\" \/>\n\t<meta property=\"og:image:type\" content=\"image\/jpeg\" \/>\n<meta name=\"twitter:card\" content=\"summary_large_image\" \/>\n<meta name=\"twitter:label1\" content=\"Est. reading time\" \/>\n\t<meta name=\"twitter:data1\" content=\"2 minutes\" \/>\n<script type=\"application\/ld+json\" class=\"yoast-schema-graph\">{\"@context\":\"https:\/\/schema.org\",\"@graph\":[{\"@type\":\"WebPage\",\"@id\":\"https:\/\/dev.monti.lt\/product\/seimos-zaidimas-laivai\/\",\"url\":\"https:\/\/dev.monti.lt\/product\/seimos-zaidimas-laivai\/\",\"name\":\"\u0160eimos \u017eaidimas \u201eLaivai\u201c - Montessori \u017eaislai\",\"isPartOf\":{\"@id\":\"https:\/\/dev.monti.lt\/#website\"},\"primaryImageOfPage\":{\"@id\":\"https:\/\/dev.monti.lt\/product\/seimos-zaidimas-laivai\/#primaryimage\"},\"image\":{\"@id\":\"https:\/\/dev.monti.lt\/product\/seimos-zaidimas-laivai\/#primaryimage\"},\"thumbnailUrl\":\"https:\/\/dev.monti.lt\/wp-content\/uploads\/2022\/11\/lit_pl_Seimos-zaidimas-Laivai-22413-17318_8.jpg\",\"datePublished\":\"2022-11-23T19:11:45+00:00\",\"dateModified\":\"2024-09-16T11:56:07+00:00\",\"breadcrumb\":{\"@id\":\"https:\/\/dev.monti.lt\/product\/seimos-zaidimas-laivai\/#breadcrumb\"},\"inLanguage\":\"en-US\",\"potentialAction\":[{\"@type\":\"ReadAction\",\"target\":[\"https:\/\/dev.monti.lt\/product\/seimos-zaidimas-laivai\/\"]}]},{\"@type\":\"ImageObject\",\"inLanguage\":\"en-US\",\"@id\":\"https:\/\/dev.monti.lt\/product\/seimos-zaidimas-laivai\/#primaryimage\",\"url\":\"https:\/\/dev.monti.lt\/wp-content\/uploads\/2022\/11\/lit_pl_Seimos-zaidimas-Laivai-22413-17318_8.jpg\",\"contentUrl\":\"https:\/\/dev.monti.lt\/wp-content\/uploads\/2022\/11\/lit_pl_Seimos-zaidimas-Laivai-22413-17318_8.jpg\",\"width\":500,\"height\":500},{\"@type\":\"BreadcrumbList\",\"@id\":\"https:\/\/dev.monti.lt\/product\/seimos-zaidimas-laivai\/#breadcrumb\",\"itemListElement\":[{\"@type\":\"ListItem\",\"position\":1,\"name\":\"Home\",\"item\":\"https:\/\/dev.monti.lt\/\"},{\"@type\":\"ListItem\",\"position\":2,\"name\":\"Parduotuv\u0117\",\"item\":\"https:\/\/dev.monti.lt\/shop\/\"},{\"@type\":\"ListItem\",\"position\":3,\"name\":\"\u0160eimos \u017eaidimas \u201eLaivai\u201c\"}]},{\"@type\":\"WebSite\",\"@id\":\"https:\/\/dev.monti.lt\/#website\",\"url\":\"https:\/\/dev.monti.lt\/\",\"name\":\"Montessori \u017eaislai\",\"description\":\"\",\"publisher\":{\"@id\":\"https:\/\/dev.monti.lt\/#organization\"},\"potentialAction\":[{\"@type\":\"SearchAction\",\"target\":{\"@type\":\"EntryPoint\",\"urlTemplate\":\"https:\/\/dev.monti.lt\/?s={search_term_string}\"},\"query-input\":\"required name=search_term_string\"}],\"inLanguage\":\"en-US\"},{\"@type\":\"Organization\",\"@id\":\"https:\/\/dev.monti.lt\/#organization\",\"name\":\"Montessori \u017eaislai\",\"url\":\"https:\/\/dev.monti.lt\/\",\"logo\":{\"@type\":\"ImageObject\",\"inLanguage\":\"en-US\",\"@id\":\"https:\/\/dev.monti.lt\/#\/schema\/logo\/image\/\",\"url\":\"https:\/\/dev.monti.lt\/wp-content\/uploads\/2022\/03\/montilogo-1.png\",\"contentUrl\":\"https:\/\/dev.monti.lt\/wp-content\/uploads\/2022\/03\/montilogo-1.png\",\"width\":512,\"height\":512,\"caption\":\"Montessori \u017eaislai\"},\"image\":{\"@id\":\"https:\/\/dev.monti.lt\/#\/schema\/logo\/image\/\"}}]}<\/script>\n<!-- \/ Yoast SEO plugin. -->","yoast_head_json":{"title":"\u0160eimos \u017eaidimas \u201eLaivai\u201c - Montessori \u017eaislai","robots":{"index":"noindex","follow":"follow","max-snippet":"max-snippet:-1","max-image-preview":"max-image-preview:large","max-video-preview":"max-video-preview:-1"},"og_locale":"en_US","og_type":"article","og_title":"\u0160eimos \u017eaidimas \u201eLaivai\u201c - Montessori \u017eaislai","og_description":"STRATEGINI\u0172 \u017dAIDIM\u0172 LAIVAI \u2013 J\u016aR\u0172 M\u016a\u0160IS&nbsp; SPECIFIKACIJA \u012eSKAITANT Puikus strateginis \u017eaidimas. \u017daidimas yra labai priklausomas ir suteikia daug pramog\u0173, lavina rankinius \u012fg\u016bd\u017eius ir moko strateginio m\u0105stymo. Laiv\u0173 \u017eaidimas yra populiari ir vertinama pramog\u0173 forma vaikams, paaugliams ir suaugusiems.","og_url":"https:\/\/dev.monti.lt\/en\/product\/seimos-zaidimas-laivai\/","og_site_name":"Montessori \u017eaislai","article_modified_time":"2024-09-16T11:56:07+00:00","og_image":[{"width":500,"height":500,"url":"https:\/\/dev.monti.lt\/wp-content\/uploads\/2022\/11\/lit_pl_Seimos-zaidimas-Laivai-22413-17318_8.jpg","type":"image\/jpeg"}],"twitter_card":"summary_large_image","twitter_misc":{"Est. reading time":"2 minutes"},"schema":{"@context":"https:\/\/schema.org","@graph":[{"@type":"WebPage","@id":"https:\/\/dev.monti.lt\/product\/seimos-zaidimas-laivai\/","url":"https:\/\/dev.monti.lt\/product\/seimos-zaidimas-laivai\/","name":"\u0160eimos \u017eaidimas \u201eLaivai\u201c - Montessori \u017eaislai","isPartOf":{"@id":"https:\/\/dev.monti.lt\/#website"},"primaryImageOfPage":{"@id":"https:\/\/dev.monti.lt\/product\/seimos-zaidimas-laivai\/#primaryimage"},"image":{"@id":"https:\/\/dev.monti.lt\/product\/seimos-zaidimas-laivai\/#primaryimage"},"thumbnailUrl":"https:\/\/dev.monti.lt\/wp-content\/uploads\/2022\/11\/lit_pl_Seimos-zaidimas-Laivai-22413-17318_8.jpg","datePublished":"2022-11-23T19:11:45+00:00","dateModified":"2024-09-16T11:56:07+00:00","breadcrumb":{"@id":"https:\/\/dev.monti.lt\/product\/seimos-zaidimas-laivai\/#breadcrumb"},"inLanguage":"en-US","potentialAction":[{"@type":"ReadAction","target":["https:\/\/dev.monti.lt\/product\/seimos-zaidimas-laivai\/"]}]},{"@type":"ImageObject","inLanguage":"en-US","@id":"https:\/\/dev.monti.lt\/product\/seimos-zaidimas-laivai\/#primaryimage","url":"https:\/\/dev.monti.lt\/wp-content\/uploads\/2022\/11\/lit_pl_Seimos-zaidimas-Laivai-22413-17318_8.jpg","contentUrl":"https:\/\/dev.monti.lt\/wp-content\/uploads\/2022\/11\/lit_pl_Seimos-zaidimas-Laivai-22413-17318_8.jpg","width":500,"height":500},{"@type":"BreadcrumbList","@id":"https:\/\/dev.monti.lt\/product\/seimos-zaidimas-laivai\/#breadcrumb","itemListElement":[{"@type":"ListItem","position":1,"name":"Home","item":"https:\/\/dev.monti.lt\/"},{"@type":"ListItem","position":2,"name":"Parduotuv\u0117","item":"https:\/\/dev.monti.lt\/shop\/"},{"@type":"ListItem","position":3,"name":"\u0160eimos \u017eaidimas \u201eLaivai\u201c"}]},{"@type":"WebSite","@id":"https:\/\/dev.monti.lt\/#website","url":"https:\/\/dev.monti.lt\/","name":"Montessori \u017eaislai","description":"","publisher":{"@id":"https:\/\/dev.monti.lt\/#organization"},"potentialAction":[{"@type":"SearchAction","target":{"@type":"EntryPoint","urlTemplate":"https:\/\/dev.monti.lt\/?s={search_term_string}"},"query-input":"required name=search_term_string"}],"inLanguage":"en-US"},{"@type":"Organization","@id":"https:\/\/dev.monti.lt\/#organization","name":"Montessori \u017eaislai","url":"https:\/\/dev.monti.lt\/","logo":{"@type":"ImageObject","inLanguage":"en-US","@id":"https:\/\/dev.monti.lt\/#\/schema\/logo\/image\/","url":"https:\/\/dev.monti.lt\/wp-content\/uploads\/2022\/03\/montilogo-1.png","contentUrl":"https:\/\/dev.monti.lt\/wp-content\/uploads\/2022\/03\/montilogo-1.png","width":512,"height":512,"caption":"Montessori \u017eaislai"},"image":{"@id":"https:\/\/dev.monti.lt\/#\/schema\/logo\/image\/"}}]}},"_links":{"self":[{"href":"https:\/\/dev.monti.lt\/en\/wp-json\/wp\/v2\/product\/11830"}],"collection":[{"href":"https:\/\/dev.monti.lt\/en\/wp-json\/wp\/v2\/product"}],"about":[{"href":"https:\/\/dev.monti.lt\/en\/wp-json\/wp\/v2\/types\/product"}],"version-history":[{"count":2,"href":"https:\/\/dev.monti.lt\/en\/wp-json\/wp\/v2\/product\/11830\/revisions"}],"predecessor-version":[{"id":23335,"href":"https:\/\/dev.monti.lt\/en\/wp-json\/wp\/v2\/product\/11830\/revisions\/23335"}],"wp:featuredmedia":[{"embeddable":true,"href":"https:\/\/dev.monti.lt\/en\/wp-json\/wp\/v2\/media\/23326"}],"wp:attachment":[{"href":"https:\/\/dev.monti.lt\/en\/wp-json\/wp\/v2\/media?parent=11830"}],"wp:term":[{"taxonomy":"product_cat","embeddable":true,"href":"https:\/\/dev.monti.lt\/en\/wp-json\/wp\/v2\/product_cat?post=11830"},{"taxonomy":"product_tag","embeddable":true,"href":"https:\/\/dev.monti.lt\/en\/wp-json\/wp\/v2\/product_tag?post=11830"}],"curies":[{"name":"wp","href":"https:\/\/api.w.org\/{rel}","templated":true}]}}