{"id":11702,"date":"2022-11-22T15:59:18","date_gmt":"2022-11-22T15:59:18","guid":{"rendered":"https:\/\/dev.monti.lt\/?post_type=product&#038;p=11702"},"modified":"2024-10-09T15:28:32","modified_gmt":"2024-10-09T15:28:32","slug":"verimo-eziukas","status":"publish","type":"product","link":"https:\/\/dev.monti.lt\/en\/product\/verimo-eziukas\/","title":{"rendered":"V\u0117rimo e\u017eiukas"},"content":{"rendered":"<p>MOKOMASIS RINKINYS, SKIRTAS MOKYTIS SI\u016aTI SAGAS E\u017dIUKAS<\/p>\n<p>Mielas e\u017eiukas pamet\u0117 sagas. Pad\u0117kite jas surasti ir tvirtai pritvirtinkite prie adat\u0173, kad jis daugiau j\u0173 neprarast\u0173.<\/p>\n<p>Labai lavinantis \u017eaislas, kuris pavogs bet kurio ma\u017eylio \u0161ird\u012f.<\/p>\n<p>\u017daidimo metu per skylutes reikia perverti virvel\u0119 taip, kad visos sagos b\u016bt\u0173 pritvirtintos prie e\u017eiuko adat\u0173. Norite suteikti daugiau d\u017eiaugsmo savo e\u017eiukui? Jis m\u0117gsta spalvotus karoliukus, virvutes ir tikras sagas, tod\u0117l dr\u0105siai naudokite jas \u017eaisdami.<\/p>\n<p>Draugi\u0161kas e\u017eiukas yra puikus \u017eaislas, pad\u0117siantis j\u016bs\u0173 vaiko vystymuisi. Naudingas mokantis si\u016bti ir ri\u0161ti lankus. Perki\u0161damas virvel\u0119 per skylutes vaikas lavins rank\u0173 miklum\u0105 ir loginio m\u0105stymo \u012fg\u016bd\u017eius.<\/p>\n<p>Ry\u0161kios, sodrios spalvos patrauks vaiko d\u0117mes\u012f ir paskatins j\u012f \u017eaisti.<\/p>\n<p>Geras \u017eaidimas yra saugus \u017eaidimas!<\/p>\n<p>Visos \u017eaislo dalys kruop\u0161\u010diai nu\u0161lifuotos ir padengtos netoksi\u0161kais da\u017eais, kad \u017eaisdamas vaikas negaut\u0173 dro\u017eli\u0173 \u012f rankas.<\/p>\n<p>Rinkinio turinys:<\/p>\n<p>E\u017eiukas<br \/>1x virvut\u0117<br \/>6 x mygtukai<\/p>\n<p>Am\u017eius: 3+<\/p>\n<p>Med\u017eiaga: medis (e\u017eiukas ir sagos)<\/p>\n<p>E\u017eiuko matmenys: 15 cm x 10 cm x 0,5 cm.<\/p>\n<p>Virvel\u0117s ilgis: 65 cm<\/p>\n<p>sagos skersmuo: 1,5 cm: Ilgis: 2,5 cm<\/p>\n<p>Pakuot\u0117s matmenys: 15,5 cm x 11 cm x 1,5 cm<\/p>\n<p>Supakuota \u012f esteti\u0161k\u0105 kartonin\u0119 d\u0117\u017eut\u0119.<\/p>","protected":false},"excerpt":{"rendered":"<p>MOKOMASIS RINKINYS, SKIRTAS MOKYTIS SI\u016aTI SAGAS E\u017dIUKAS Mielas e\u017eiukas pamet\u0117 sagas. Pad\u0117kite jas surasti ir tvirtai pritvirtinkite prie adat\u0173, kad jis daugiau j\u0173 neprarast\u0173. Labai lavinantis \u017eaislas, kuris pavogs bet kurio ma\u017eylio \u0161ird\u012f. \u017daidimo metu per skylutes reikia perverti virvel\u0119 taip, kad visos sagos b\u016bt\u0173 pritvirtintos prie e\u017eiuko adat\u0173. Norite suteikti daugiau d\u017eiaugsmo savo e\u017eiukui? [&hellip;]<\/p>","protected":false},"featured_media":11703,"template":"","meta":{"iawp_total_views":64},"product_cat":[218,84,91,102,86,39],"product_tag":[96,97],"class_list":{"0":"post-11702","1":"product","2":"type-product","3":"status-publish","4":"has-post-thumbnail","6":"product_cat-darzeliu-grupems","7":"product_cat-lavinamieji-zaislai","8":"product_cat-loginiam-mastymui","9":"product_cat-mediniai-zaislai","10":"product_cat-smulkioji-motorika","11":"product_cat-zaislai","12":"product_tag-2-m-3-m","13":"product_tag-3-m-4-m","15":"first","16":"instock","17":"taxable","18":"shipping-taxable","19":"purchasable","20":"product-type-simple"},"yoast_head":"<!-- This site is optimized with the Yoast SEO plugin v23.3 - https:\/\/yoast.com\/wordpress\/plugins\/seo\/ -->\n<title>V\u0117rimo e\u017eiukas - Montessori \u017eaislai<\/title>\n<meta name=\"robots\" content=\"noindex, follow, max-snippet:-1, max-image-preview:large, max-video-preview:-1\" \/>\n<meta property=\"og:locale\" content=\"en_US\" \/>\n<meta property=\"og:type\" content=\"article\" \/>\n<meta property=\"og:title\" content=\"V\u0117rimo e\u017eiukas - Montessori \u017eaislai\" \/>\n<meta property=\"og:description\" content=\"MOKOMASIS RINKINYS, SKIRTAS MOKYTIS SI\u016aTI SAGAS E\u017dIUKAS Mielas e\u017eiukas pamet\u0117 sagas. Pad\u0117kite jas surasti ir tvirtai pritvirtinkite prie adat\u0173, kad jis daugiau j\u0173 neprarast\u0173. Labai lavinantis \u017eaislas, kuris pavogs bet kurio ma\u017eylio \u0161ird\u012f. \u017daidimo metu per skylutes reikia perverti virvel\u0119 taip, kad visos sagos b\u016bt\u0173 pritvirtintos prie e\u017eiuko adat\u0173. Norite suteikti daugiau d\u017eiaugsmo savo e\u017eiukui? [&hellip;]\" \/>\n<meta property=\"og:url\" content=\"https:\/\/dev.monti.lt\/en\/product\/verimo-eziukas\/\" \/>\n<meta property=\"og:site_name\" content=\"Montessori \u017eaislai\" \/>\n<meta property=\"article:modified_time\" content=\"2024-10-09T15:28:32+00:00\" \/>\n<meta property=\"og:image\" content=\"https:\/\/dev.monti.lt\/wp-content\/uploads\/2022\/11\/KX569775517.jpg\" \/>\n\t<meta property=\"og:image:width\" content=\"1024\" \/>\n\t<meta property=\"og:image:height\" content=\"768\" \/>\n\t<meta property=\"og:image:type\" content=\"image\/jpeg\" \/>\n<meta name=\"twitter:card\" content=\"summary_large_image\" \/>\n<script type=\"application\/ld+json\" class=\"yoast-schema-graph\">{\"@context\":\"https:\/\/schema.org\",\"@graph\":[{\"@type\":\"WebPage\",\"@id\":\"https:\/\/dev.monti.lt\/product\/verimo-eziukas\/\",\"url\":\"https:\/\/dev.monti.lt\/product\/verimo-eziukas\/\",\"name\":\"V\u0117rimo e\u017eiukas - Montessori \u017eaislai\",\"isPartOf\":{\"@id\":\"https:\/\/dev.monti.lt\/#website\"},\"primaryImageOfPage\":{\"@id\":\"https:\/\/dev.monti.lt\/product\/verimo-eziukas\/#primaryimage\"},\"image\":{\"@id\":\"https:\/\/dev.monti.lt\/product\/verimo-eziukas\/#primaryimage\"},\"thumbnailUrl\":\"https:\/\/dev.monti.lt\/wp-content\/uploads\/2022\/11\/KX569775517.jpg\",\"datePublished\":\"2022-11-22T15:59:18+00:00\",\"dateModified\":\"2024-10-09T15:28:32+00:00\",\"breadcrumb\":{\"@id\":\"https:\/\/dev.monti.lt\/product\/verimo-eziukas\/#breadcrumb\"},\"inLanguage\":\"en-US\",\"potentialAction\":[{\"@type\":\"ReadAction\",\"target\":[\"https:\/\/dev.monti.lt\/product\/verimo-eziukas\/\"]}]},{\"@type\":\"ImageObject\",\"inLanguage\":\"en-US\",\"@id\":\"https:\/\/dev.monti.lt\/product\/verimo-eziukas\/#primaryimage\",\"url\":\"https:\/\/dev.monti.lt\/wp-content\/uploads\/2022\/11\/KX569775517.jpg\",\"contentUrl\":\"https:\/\/dev.monti.lt\/wp-content\/uploads\/2022\/11\/KX569775517.jpg\",\"width\":1024,\"height\":768},{\"@type\":\"BreadcrumbList\",\"@id\":\"https:\/\/dev.monti.lt\/product\/verimo-eziukas\/#breadcrumb\",\"itemListElement\":[{\"@type\":\"ListItem\",\"position\":1,\"name\":\"Home\",\"item\":\"https:\/\/dev.monti.lt\/\"},{\"@type\":\"ListItem\",\"position\":2,\"name\":\"Parduotuv\u0117\",\"item\":\"https:\/\/dev.monti.lt\/shop\/\"},{\"@type\":\"ListItem\",\"position\":3,\"name\":\"V\u0117rimo e\u017eiukas\"}]},{\"@type\":\"WebSite\",\"@id\":\"https:\/\/dev.monti.lt\/#website\",\"url\":\"https:\/\/dev.monti.lt\/\",\"name\":\"Montessori \u017eaislai\",\"description\":\"\",\"publisher\":{\"@id\":\"https:\/\/dev.monti.lt\/#organization\"},\"potentialAction\":[{\"@type\":\"SearchAction\",\"target\":{\"@type\":\"EntryPoint\",\"urlTemplate\":\"https:\/\/dev.monti.lt\/?s={search_term_string}\"},\"query-input\":\"required name=search_term_string\"}],\"inLanguage\":\"en-US\"},{\"@type\":\"Organization\",\"@id\":\"https:\/\/dev.monti.lt\/#organization\",\"name\":\"Montessori \u017eaislai\",\"url\":\"https:\/\/dev.monti.lt\/\",\"logo\":{\"@type\":\"ImageObject\",\"inLanguage\":\"en-US\",\"@id\":\"https:\/\/dev.monti.lt\/#\/schema\/logo\/image\/\",\"url\":\"https:\/\/dev.monti.lt\/wp-content\/uploads\/2022\/03\/montilogo-1.png\",\"contentUrl\":\"https:\/\/dev.monti.lt\/wp-content\/uploads\/2022\/03\/montilogo-1.png\",\"width\":512,\"height\":512,\"caption\":\"Montessori \u017eaislai\"},\"image\":{\"@id\":\"https:\/\/dev.monti.lt\/#\/schema\/logo\/image\/\"}}]}<\/script>\n<!-- \/ Yoast SEO plugin. -->","yoast_head_json":{"title":"V\u0117rimo e\u017eiukas - Montessori \u017eaislai","robots":{"index":"noindex","follow":"follow","max-snippet":"max-snippet:-1","max-image-preview":"max-image-preview:large","max-video-preview":"max-video-preview:-1"},"og_locale":"en_US","og_type":"article","og_title":"V\u0117rimo e\u017eiukas - Montessori \u017eaislai","og_description":"MOKOMASIS RINKINYS, SKIRTAS MOKYTIS SI\u016aTI SAGAS E\u017dIUKAS Mielas e\u017eiukas pamet\u0117 sagas. Pad\u0117kite jas surasti ir tvirtai pritvirtinkite prie adat\u0173, kad jis daugiau j\u0173 neprarast\u0173. Labai lavinantis \u017eaislas, kuris pavogs bet kurio ma\u017eylio \u0161ird\u012f. \u017daidimo metu per skylutes reikia perverti virvel\u0119 taip, kad visos sagos b\u016bt\u0173 pritvirtintos prie e\u017eiuko adat\u0173. Norite suteikti daugiau d\u017eiaugsmo savo e\u017eiukui? [&hellip;]","og_url":"https:\/\/dev.monti.lt\/en\/product\/verimo-eziukas\/","og_site_name":"Montessori \u017eaislai","article_modified_time":"2024-10-09T15:28:32+00:00","og_image":[{"width":1024,"height":768,"url":"https:\/\/dev.monti.lt\/wp-content\/uploads\/2022\/11\/KX569775517.jpg","type":"image\/jpeg"}],"twitter_card":"summary_large_image","schema":{"@context":"https:\/\/schema.org","@graph":[{"@type":"WebPage","@id":"https:\/\/dev.monti.lt\/product\/verimo-eziukas\/","url":"https:\/\/dev.monti.lt\/product\/verimo-eziukas\/","name":"V\u0117rimo e\u017eiukas - Montessori \u017eaislai","isPartOf":{"@id":"https:\/\/dev.monti.lt\/#website"},"primaryImageOfPage":{"@id":"https:\/\/dev.monti.lt\/product\/verimo-eziukas\/#primaryimage"},"image":{"@id":"https:\/\/dev.monti.lt\/product\/verimo-eziukas\/#primaryimage"},"thumbnailUrl":"https:\/\/dev.monti.lt\/wp-content\/uploads\/2022\/11\/KX569775517.jpg","datePublished":"2022-11-22T15:59:18+00:00","dateModified":"2024-10-09T15:28:32+00:00","breadcrumb":{"@id":"https:\/\/dev.monti.lt\/product\/verimo-eziukas\/#breadcrumb"},"inLanguage":"en-US","potentialAction":[{"@type":"ReadAction","target":["https:\/\/dev.monti.lt\/product\/verimo-eziukas\/"]}]},{"@type":"ImageObject","inLanguage":"en-US","@id":"https:\/\/dev.monti.lt\/product\/verimo-eziukas\/#primaryimage","url":"https:\/\/dev.monti.lt\/wp-content\/uploads\/2022\/11\/KX569775517.jpg","contentUrl":"https:\/\/dev.monti.lt\/wp-content\/uploads\/2022\/11\/KX569775517.jpg","width":1024,"height":768},{"@type":"BreadcrumbList","@id":"https:\/\/dev.monti.lt\/product\/verimo-eziukas\/#breadcrumb","itemListElement":[{"@type":"ListItem","position":1,"name":"Home","item":"https:\/\/dev.monti.lt\/"},{"@type":"ListItem","position":2,"name":"Parduotuv\u0117","item":"https:\/\/dev.monti.lt\/shop\/"},{"@type":"ListItem","position":3,"name":"V\u0117rimo e\u017eiukas"}]},{"@type":"WebSite","@id":"https:\/\/dev.monti.lt\/#website","url":"https:\/\/dev.monti.lt\/","name":"Montessori \u017eaislai","description":"","publisher":{"@id":"https:\/\/dev.monti.lt\/#organization"},"potentialAction":[{"@type":"SearchAction","target":{"@type":"EntryPoint","urlTemplate":"https:\/\/dev.monti.lt\/?s={search_term_string}"},"query-input":"required name=search_term_string"}],"inLanguage":"en-US"},{"@type":"Organization","@id":"https:\/\/dev.monti.lt\/#organization","name":"Montessori \u017eaislai","url":"https:\/\/dev.monti.lt\/","logo":{"@type":"ImageObject","inLanguage":"en-US","@id":"https:\/\/dev.monti.lt\/#\/schema\/logo\/image\/","url":"https:\/\/dev.monti.lt\/wp-content\/uploads\/2022\/03\/montilogo-1.png","contentUrl":"https:\/\/dev.monti.lt\/wp-content\/uploads\/2022\/03\/montilogo-1.png","width":512,"height":512,"caption":"Montessori \u017eaislai"},"image":{"@id":"https:\/\/dev.monti.lt\/#\/schema\/logo\/image\/"}}]}},"_links":{"self":[{"href":"https:\/\/dev.monti.lt\/en\/wp-json\/wp\/v2\/product\/11702"}],"collection":[{"href":"https:\/\/dev.monti.lt\/en\/wp-json\/wp\/v2\/product"}],"about":[{"href":"https:\/\/dev.monti.lt\/en\/wp-json\/wp\/v2\/types\/product"}],"version-history":[{"count":2,"href":"https:\/\/dev.monti.lt\/en\/wp-json\/wp\/v2\/product\/11702\/revisions"}],"predecessor-version":[{"id":18063,"href":"https:\/\/dev.monti.lt\/en\/wp-json\/wp\/v2\/product\/11702\/revisions\/18063"}],"wp:featuredmedia":[{"embeddable":true,"href":"https:\/\/dev.monti.lt\/en\/wp-json\/wp\/v2\/media\/11703"}],"wp:attachment":[{"href":"https:\/\/dev.monti.lt\/en\/wp-json\/wp\/v2\/media?parent=11702"}],"wp:term":[{"taxonomy":"product_cat","embeddable":true,"href":"https:\/\/dev.monti.lt\/en\/wp-json\/wp\/v2\/product_cat?post=11702"},{"taxonomy":"product_tag","embeddable":true,"href":"https:\/\/dev.monti.lt\/en\/wp-json\/wp\/v2\/product_tag?post=11702"}],"curies":[{"name":"wp","href":"https:\/\/api.w.org\/{rel}","templated":true}]}}