{"id":11697,"date":"2022-11-22T15:56:54","date_gmt":"2022-11-22T15:56:54","guid":{"rendered":"https:\/\/dev.monti.lt\/?post_type=product&#038;p=11697"},"modified":"2024-10-08T17:31:26","modified_gmt":"2024-10-08T17:31:26","slug":"balansiniai-safari-gyvunai","status":"publish","type":"product","link":"https:\/\/dev.monti.lt\/en\/product\/balansiniai-safari-gyvunai\/","title":{"rendered":"Balansiniai safari gyv\u016bnai"},"content":{"rendered":"<p>D\u0116LION\u0116S \u017dAIDIMAS, BALANSUOJANTIS SAFARIO GYV\u016aNUS<\/p>\n<p>Mieli gyv\u016bnai, kurie u\u017etikrins j\u016bs\u0173 vaikui daugyb\u0119 pramog\u0173, o taip pat i\u0161mokys daug verting\u0173 \u012fg\u016bd\u017ei\u0173!<\/p>\n<p>Intensyvios spalvos tikrai patrauks j\u016bs\u0173 vaiko d\u0117mes\u012f ir s\u0117kmingai paskatins j\u012f \u017eaisti.<\/p>\n<p>\u017daidimo tikslas &#8211; sud\u0117ti gyv\u016bnus vien\u0105 ant kito. Tam reik\u0117s daug vikrumo ir susikaupimo &#8211; visa gyv\u016bno konstrukcija turi nesugri\u016bti! Detales galima derinti pagal pageidavim\u0105, d\u0117liojant jas taip, kad jos b\u016bt\u0173 kuo stabilesn\u0117s.<\/p>\n<p>Kas gali b\u016bti geriau u\u017e \u017eaisl\u0105, kuris ne tik suteikia valand\u0173 valandas puikios pramogos, bet ir leid\u017eia daug ko i\u0161mokti?<\/p>\n<p>D\u0117lion\u0117 u\u017etikrins visapusi\u0161k\u0105 j\u016bs\u0173 vaiko vystym\u0105si:<\/p>\n<p>D\u0117lion\u0117s d\u0117liojimas lavins rank\u0173 darbo \u012fg\u016bd\u017eius, motorik\u0105 ir akies-rankos koordinacij\u0105,<br \/>Planuojant, kaip sud\u0117lioti elementus, kad visa konstrukcija nesugri\u016bt\u0173, bus lavinama erdvin\u0117 vaizduot\u0117 ir loginis m\u0105stymas.<br \/>Skirting\u0173 form\u0173 ir spalv\u0173 elementai pad\u0117s i\u0161mokti retesni\u0173 gyv\u016bn\u0173 pavadinim\u0173 ir mokys atskirti spalvas.<\/p>\n<p>Visi elementai pagaminti i\u0161 lygiai nu\u0161lifuotos medienos ir nuda\u017eyti netoksi\u0161kais da\u017eais. Jokia dro\u017el\u0117 negali nutraukti linksmybi\u0173!<\/p>\n<p>Gyv\u016bn\u0173 krovimas \u012f kr\u016bv\u0105 ant stovo suteiks fantasti\u0161k\u0105 pramog\u0105 visai \u0161eimai valand\u0173 valandas. Kaip d\u0117l nedideli\u0173 var\u017eyb\u0173, kas grei\u010diau sukraus visus gyv\u016bnus ant pagrindo, arba paeiliui krauti gyv\u016bnus, kol konstrukcija sugrius? Galimybi\u0173 daug, o vienintel\u0117 riba &#8211; j\u016bs\u0173 vaizduot\u0117.<\/p>","protected":false},"excerpt":{"rendered":"<p>D\u0116LION\u0116S \u017dAIDIMAS, BALANSUOJANTIS SAFARIO GYV\u016aNUS Mieli gyv\u016bnai, kurie u\u017etikrins j\u016bs\u0173 vaikui daugyb\u0119 pramog\u0173, o taip pat i\u0161mokys daug verting\u0173 \u012fg\u016bd\u017ei\u0173! Intensyvios spalvos tikrai patrauks j\u016bs\u0173 vaiko d\u0117mes\u012f ir s\u0117kmingai paskatins j\u012f \u017eaisti. \u017daidimo tikslas &#8211; sud\u0117ti gyv\u016bnus vien\u0105 ant kito. Tam reik\u0117s daug vikrumo ir susikaupimo &#8211; visa gyv\u016bno konstrukcija turi nesugri\u016bti! Detales galima derinti [&hellip;]<\/p>","protected":false},"featured_media":11709,"template":"","meta":{"iawp_total_views":64},"product_cat":[84,102,83,86,49,39],"product_tag":[97],"class_list":{"0":"post-11697","1":"product","2":"type-product","3":"status-publish","4":"has-post-thumbnail","6":"product_cat-lavinamieji-zaislai","7":"product_cat-mediniai-zaislai","8":"product_cat-montessori-zaislai","9":"product_cat-smulkioji-motorika","10":"product_cat-visi-zaislai","11":"product_cat-zaislai","12":"product_tag-3-m-4-m","14":"first","15":"instock","16":"taxable","17":"shipping-taxable","18":"purchasable","19":"product-type-simple"},"yoast_head":"<!-- This site is optimized with the Yoast SEO plugin v23.3 - https:\/\/yoast.com\/wordpress\/plugins\/seo\/ -->\n<title>Balansiniai safari gyv\u016bnai - Montessori \u017eaislai<\/title>\n<meta name=\"robots\" content=\"noindex, follow, max-snippet:-1, max-image-preview:large, max-video-preview:-1\" \/>\n<meta property=\"og:locale\" content=\"en_US\" \/>\n<meta property=\"og:type\" content=\"article\" \/>\n<meta property=\"og:title\" content=\"Balansiniai safari gyv\u016bnai - Montessori \u017eaislai\" \/>\n<meta property=\"og:description\" content=\"D\u0116LION\u0116S \u017dAIDIMAS, BALANSUOJANTIS SAFARIO GYV\u016aNUS Mieli gyv\u016bnai, kurie u\u017etikrins j\u016bs\u0173 vaikui daugyb\u0119 pramog\u0173, o taip pat i\u0161mokys daug verting\u0173 \u012fg\u016bd\u017ei\u0173! Intensyvios spalvos tikrai patrauks j\u016bs\u0173 vaiko d\u0117mes\u012f ir s\u0117kmingai paskatins j\u012f \u017eaisti. \u017daidimo tikslas &#8211; sud\u0117ti gyv\u016bnus vien\u0105 ant kito. Tam reik\u0117s daug vikrumo ir susikaupimo &#8211; visa gyv\u016bno konstrukcija turi nesugri\u016bti! Detales galima derinti [&hellip;]\" \/>\n<meta property=\"og:url\" content=\"https:\/\/dev.monti.lt\/en\/product\/balansiniai-safari-gyvunai\/\" \/>\n<meta property=\"og:site_name\" content=\"Montessori \u017eaislai\" \/>\n<meta property=\"article:modified_time\" content=\"2024-10-08T17:31:26+00:00\" \/>\n<meta property=\"og:image\" content=\"https:\/\/dev.monti.lt\/wp-content\/uploads\/2022\/11\/KX513779479.jpg\" \/>\n\t<meta property=\"og:image:width\" content=\"429\" \/>\n\t<meta property=\"og:image:height\" content=\"309\" \/>\n\t<meta property=\"og:image:type\" content=\"image\/jpeg\" \/>\n<meta name=\"twitter:card\" content=\"summary_large_image\" \/>\n<script type=\"application\/ld+json\" class=\"yoast-schema-graph\">{\"@context\":\"https:\/\/schema.org\",\"@graph\":[{\"@type\":\"WebPage\",\"@id\":\"https:\/\/dev.monti.lt\/product\/balansiniai-safari-gyvunai\/\",\"url\":\"https:\/\/dev.monti.lt\/product\/balansiniai-safari-gyvunai\/\",\"name\":\"Balansiniai safari gyv\u016bnai - Montessori \u017eaislai\",\"isPartOf\":{\"@id\":\"https:\/\/dev.monti.lt\/#website\"},\"primaryImageOfPage\":{\"@id\":\"https:\/\/dev.monti.lt\/product\/balansiniai-safari-gyvunai\/#primaryimage\"},\"image\":{\"@id\":\"https:\/\/dev.monti.lt\/product\/balansiniai-safari-gyvunai\/#primaryimage\"},\"thumbnailUrl\":\"https:\/\/dev.monti.lt\/wp-content\/uploads\/2022\/11\/KX513779479.jpg\",\"datePublished\":\"2022-11-22T15:56:54+00:00\",\"dateModified\":\"2024-10-08T17:31:26+00:00\",\"breadcrumb\":{\"@id\":\"https:\/\/dev.monti.lt\/product\/balansiniai-safari-gyvunai\/#breadcrumb\"},\"inLanguage\":\"en-US\",\"potentialAction\":[{\"@type\":\"ReadAction\",\"target\":[\"https:\/\/dev.monti.lt\/product\/balansiniai-safari-gyvunai\/\"]}]},{\"@type\":\"ImageObject\",\"inLanguage\":\"en-US\",\"@id\":\"https:\/\/dev.monti.lt\/product\/balansiniai-safari-gyvunai\/#primaryimage\",\"url\":\"https:\/\/dev.monti.lt\/wp-content\/uploads\/2022\/11\/KX513779479.jpg\",\"contentUrl\":\"https:\/\/dev.monti.lt\/wp-content\/uploads\/2022\/11\/KX513779479.jpg\",\"width\":429,\"height\":309,\"caption\":\"balansinis \u017eaidimas\"},{\"@type\":\"BreadcrumbList\",\"@id\":\"https:\/\/dev.monti.lt\/product\/balansiniai-safari-gyvunai\/#breadcrumb\",\"itemListElement\":[{\"@type\":\"ListItem\",\"position\":1,\"name\":\"Home\",\"item\":\"https:\/\/dev.monti.lt\/\"},{\"@type\":\"ListItem\",\"position\":2,\"name\":\"Parduotuv\u0117\",\"item\":\"https:\/\/dev.monti.lt\/shop\/\"},{\"@type\":\"ListItem\",\"position\":3,\"name\":\"Balansiniai safari gyv\u016bnai\"}]},{\"@type\":\"WebSite\",\"@id\":\"https:\/\/dev.monti.lt\/#website\",\"url\":\"https:\/\/dev.monti.lt\/\",\"name\":\"Montessori \u017eaislai\",\"description\":\"\",\"publisher\":{\"@id\":\"https:\/\/dev.monti.lt\/#organization\"},\"potentialAction\":[{\"@type\":\"SearchAction\",\"target\":{\"@type\":\"EntryPoint\",\"urlTemplate\":\"https:\/\/dev.monti.lt\/?s={search_term_string}\"},\"query-input\":\"required name=search_term_string\"}],\"inLanguage\":\"en-US\"},{\"@type\":\"Organization\",\"@id\":\"https:\/\/dev.monti.lt\/#organization\",\"name\":\"Montessori \u017eaislai\",\"url\":\"https:\/\/dev.monti.lt\/\",\"logo\":{\"@type\":\"ImageObject\",\"inLanguage\":\"en-US\",\"@id\":\"https:\/\/dev.monti.lt\/#\/schema\/logo\/image\/\",\"url\":\"https:\/\/dev.monti.lt\/wp-content\/uploads\/2022\/03\/montilogo-1.png\",\"contentUrl\":\"https:\/\/dev.monti.lt\/wp-content\/uploads\/2022\/03\/montilogo-1.png\",\"width\":512,\"height\":512,\"caption\":\"Montessori \u017eaislai\"},\"image\":{\"@id\":\"https:\/\/dev.monti.lt\/#\/schema\/logo\/image\/\"}}]}<\/script>\n<!-- \/ Yoast SEO plugin. -->","yoast_head_json":{"title":"Balansiniai safari gyv\u016bnai - Montessori \u017eaislai","robots":{"index":"noindex","follow":"follow","max-snippet":"max-snippet:-1","max-image-preview":"max-image-preview:large","max-video-preview":"max-video-preview:-1"},"og_locale":"en_US","og_type":"article","og_title":"Balansiniai safari gyv\u016bnai - Montessori \u017eaislai","og_description":"D\u0116LION\u0116S \u017dAIDIMAS, BALANSUOJANTIS SAFARIO GYV\u016aNUS Mieli gyv\u016bnai, kurie u\u017etikrins j\u016bs\u0173 vaikui daugyb\u0119 pramog\u0173, o taip pat i\u0161mokys daug verting\u0173 \u012fg\u016bd\u017ei\u0173! Intensyvios spalvos tikrai patrauks j\u016bs\u0173 vaiko d\u0117mes\u012f ir s\u0117kmingai paskatins j\u012f \u017eaisti. \u017daidimo tikslas &#8211; sud\u0117ti gyv\u016bnus vien\u0105 ant kito. Tam reik\u0117s daug vikrumo ir susikaupimo &#8211; visa gyv\u016bno konstrukcija turi nesugri\u016bti! Detales galima derinti [&hellip;]","og_url":"https:\/\/dev.monti.lt\/en\/product\/balansiniai-safari-gyvunai\/","og_site_name":"Montessori \u017eaislai","article_modified_time":"2024-10-08T17:31:26+00:00","og_image":[{"width":429,"height":309,"url":"https:\/\/dev.monti.lt\/wp-content\/uploads\/2022\/11\/KX513779479.jpg","type":"image\/jpeg"}],"twitter_card":"summary_large_image","schema":{"@context":"https:\/\/schema.org","@graph":[{"@type":"WebPage","@id":"https:\/\/dev.monti.lt\/product\/balansiniai-safari-gyvunai\/","url":"https:\/\/dev.monti.lt\/product\/balansiniai-safari-gyvunai\/","name":"Balansiniai safari gyv\u016bnai - Montessori \u017eaislai","isPartOf":{"@id":"https:\/\/dev.monti.lt\/#website"},"primaryImageOfPage":{"@id":"https:\/\/dev.monti.lt\/product\/balansiniai-safari-gyvunai\/#primaryimage"},"image":{"@id":"https:\/\/dev.monti.lt\/product\/balansiniai-safari-gyvunai\/#primaryimage"},"thumbnailUrl":"https:\/\/dev.monti.lt\/wp-content\/uploads\/2022\/11\/KX513779479.jpg","datePublished":"2022-11-22T15:56:54+00:00","dateModified":"2024-10-08T17:31:26+00:00","breadcrumb":{"@id":"https:\/\/dev.monti.lt\/product\/balansiniai-safari-gyvunai\/#breadcrumb"},"inLanguage":"en-US","potentialAction":[{"@type":"ReadAction","target":["https:\/\/dev.monti.lt\/product\/balansiniai-safari-gyvunai\/"]}]},{"@type":"ImageObject","inLanguage":"en-US","@id":"https:\/\/dev.monti.lt\/product\/balansiniai-safari-gyvunai\/#primaryimage","url":"https:\/\/dev.monti.lt\/wp-content\/uploads\/2022\/11\/KX513779479.jpg","contentUrl":"https:\/\/dev.monti.lt\/wp-content\/uploads\/2022\/11\/KX513779479.jpg","width":429,"height":309,"caption":"balansinis \u017eaidimas"},{"@type":"BreadcrumbList","@id":"https:\/\/dev.monti.lt\/product\/balansiniai-safari-gyvunai\/#breadcrumb","itemListElement":[{"@type":"ListItem","position":1,"name":"Home","item":"https:\/\/dev.monti.lt\/"},{"@type":"ListItem","position":2,"name":"Parduotuv\u0117","item":"https:\/\/dev.monti.lt\/shop\/"},{"@type":"ListItem","position":3,"name":"Balansiniai safari gyv\u016bnai"}]},{"@type":"WebSite","@id":"https:\/\/dev.monti.lt\/#website","url":"https:\/\/dev.monti.lt\/","name":"Montessori \u017eaislai","description":"","publisher":{"@id":"https:\/\/dev.monti.lt\/#organization"},"potentialAction":[{"@type":"SearchAction","target":{"@type":"EntryPoint","urlTemplate":"https:\/\/dev.monti.lt\/?s={search_term_string}"},"query-input":"required name=search_term_string"}],"inLanguage":"en-US"},{"@type":"Organization","@id":"https:\/\/dev.monti.lt\/#organization","name":"Montessori \u017eaislai","url":"https:\/\/dev.monti.lt\/","logo":{"@type":"ImageObject","inLanguage":"en-US","@id":"https:\/\/dev.monti.lt\/#\/schema\/logo\/image\/","url":"https:\/\/dev.monti.lt\/wp-content\/uploads\/2022\/03\/montilogo-1.png","contentUrl":"https:\/\/dev.monti.lt\/wp-content\/uploads\/2022\/03\/montilogo-1.png","width":512,"height":512,"caption":"Montessori \u017eaislai"},"image":{"@id":"https:\/\/dev.monti.lt\/#\/schema\/logo\/image\/"}}]}},"_links":{"self":[{"href":"https:\/\/dev.monti.lt\/en\/wp-json\/wp\/v2\/product\/11697"}],"collection":[{"href":"https:\/\/dev.monti.lt\/en\/wp-json\/wp\/v2\/product"}],"about":[{"href":"https:\/\/dev.monti.lt\/en\/wp-json\/wp\/v2\/types\/product"}],"version-history":[{"count":3,"href":"https:\/\/dev.monti.lt\/en\/wp-json\/wp\/v2\/product\/11697\/revisions"}],"predecessor-version":[{"id":18064,"href":"https:\/\/dev.monti.lt\/en\/wp-json\/wp\/v2\/product\/11697\/revisions\/18064"}],"wp:featuredmedia":[{"embeddable":true,"href":"https:\/\/dev.monti.lt\/en\/wp-json\/wp\/v2\/media\/11709"}],"wp:attachment":[{"href":"https:\/\/dev.monti.lt\/en\/wp-json\/wp\/v2\/media?parent=11697"}],"wp:term":[{"taxonomy":"product_cat","embeddable":true,"href":"https:\/\/dev.monti.lt\/en\/wp-json\/wp\/v2\/product_cat?post=11697"},{"taxonomy":"product_tag","embeddable":true,"href":"https:\/\/dev.monti.lt\/en\/wp-json\/wp\/v2\/product_tag?post=11697"}],"curies":[{"name":"wp","href":"https:\/\/api.w.org\/{rel}","templated":true}]}}