{"id":11693,"date":"2022-11-22T15:54:59","date_gmt":"2022-11-22T15:54:59","guid":{"rendered":"https:\/\/dev.monti.lt\/?post_type=product&#038;p=11693"},"modified":"2024-10-08T17:21:54","modified_gmt":"2024-10-08T17:21:54","slug":"balansinis-eziukas-su-verimo-zaidimu","status":"publish","type":"product","link":"https:\/\/dev.monti.lt\/en\/product\/balansinis-eziukas-su-verimo-zaidimu\/","title":{"rendered":"Balansinis e\u017eiukas su v\u0117rimo \u017eaidimu"},"content":{"rendered":"<p>\u017davus e\u017eiukas, kuris u\u017etikrins j\u016bs\u0173 vaikui daugyb\u0119 smagi\u0173 valand\u0173, o taip pat i\u0161mokys daug verting\u0173 \u012fg\u016bd\u017ei\u0173!<\/p>\n<p>Intensyvios spalvos tikrai patrauks j\u016bs\u0173 vaiko d\u0117mes\u012f ir s\u0117kmingai paskatins \u017eaisti.<\/p>\n<p>\u017daislas si\u016blo du \u017eaidimo variantus:<\/p>\n<p>Vaisi\u0173 v\u0117rimas ant virvel\u0117s<br \/>Vaisi\u0173 i\u0161d\u0117stymas ant e\u017eio taip, kad vaisi\u0173 konstrukcija nesugri\u016bt\u0173.<\/p>\n<p>Vaisi\u0173 v\u0117rimas ir tvarkymas pareikalaus daug vikrumo ir susikaupimo. Gabal\u0117lius galima sujungti pagal pageidavim\u0105 arba mesti kauliuk\u0105, kuris nurodys, kur\u012f vaisi\u0173 naudoti toliau.<\/p>\n<p>\u017daislas u\u017etikrins visapusi\u0161k\u0105 vaiko vystym\u0105si:<\/p>\n<p>D\u0117lioni\u0173 d\u0117liojimas ir siuvimas lavins rank\u0173 darbo \u012fg\u016bd\u017eius, motorik\u0105 ir akies-rankos koordinacij\u0105,<br \/>planuojant, kaip i\u0161d\u0117styti vaisius, kad visa konstrukcija nesugri\u016bt\u0173, bus lavinama erdvin\u0117 vaizduot\u0117 ir loginis m\u0105stymas.<br \/>Skirting\u0173 spalv\u0173 vaisiai lavina spalv\u0173 diskriminacij\u0105.<\/p>\n<p>Kas gali b\u016bti geriau u\u017e \u017eaisl\u0105, kuris ne tik suteikia valand\u0173 valandas puikios pramogos, bet ir leid\u017eia daug ko i\u0161mokti?<\/p>\n<p>Visos detal\u0117s pagamintos i\u0161 lygiai nu\u0161lifuotos medienos. Jokia dro\u017el\u0117 nesutrukdys linksmybi\u0173.<\/p>\n<p>\u0160is \u017eaislas tikrai pavogs j\u016bs\u0173 vaiko \u0161ird\u012f ir suteiks daugyb\u0119 nesibaigian\u010di\u0173 linksmybi\u0173. Ta\u010diau jis prad\u017eiugins ne tik j\u016bs\u0173 vaik\u0105, bet ir jus &#8211; ma\u017eyliui suteiks ne tik puiki\u0105 pramog\u0105, bet ir edukacin\u0119 vert\u0119.<\/p>\n<p>Rinkinys puikiai tinka dovanai &#8211; jis supakuotas \u012f esteti\u0161k\u0105 kartonin\u0119 d\u0117\u017eut\u0119.<\/p>\n<p>Rinkinio turinys:<\/p>\n<p>e\u017eys<br \/>kubas<br \/>12 skirting\u0173 vaisi\u0173 formos kalad\u0117li\u0173<br \/>virvel\u0117<br \/>Med\u017eiaga: mediena<\/p>\n<p>Vaiko am\u017eius: 3+<\/p>\n<p>I\u0161matavimai:<\/p>\n<p>E\u017eys: Dydis: 18 cm x 2 cm x 12 cm<br \/>kubas: 2,7 cm x 2,7 cm x 2,7 cm x 2,7 cm<br \/>vaisiaus (kivio) pavyzdys: 3.5vm c 3cm x 2cm x 2cm<br \/>virvel\u0117s ilgis: 70 cm<br \/>pakuot\u0117: 20 cm x 19 cm x 3,5 cm<br \/>Supakuota \u012f esteti\u0161k\u0105 kartonin\u0119 d\u0117\u017eut\u0119.<\/p>","protected":false},"excerpt":{"rendered":"<p>\u017davus e\u017eiukas, kuris u\u017etikrins j\u016bs\u0173 vaikui daugyb\u0119 smagi\u0173 valand\u0173, o taip pat i\u0161mokys daug verting\u0173 \u012fg\u016bd\u017ei\u0173! Intensyvios spalvos tikrai patrauks j\u016bs\u0173 vaiko d\u0117mes\u012f ir s\u0117kmingai paskatins \u017eaisti. \u017daislas si\u016blo du \u017eaidimo variantus: Vaisi\u0173 v\u0117rimas ant virvel\u0117sVaisi\u0173 i\u0161d\u0117stymas ant e\u017eio taip, kad vaisi\u0173 konstrukcija nesugri\u016bt\u0173. Vaisi\u0173 v\u0117rimas ir tvarkymas pareikalaus daug vikrumo ir susikaupimo. Gabal\u0117lius galima [&hellip;]<\/p>","protected":false},"featured_media":11694,"template":"","meta":{"iawp_total_views":47},"product_cat":[84,91,102,83,49,39],"product_tag":[97],"class_list":{"0":"post-11693","1":"product","2":"type-product","3":"status-publish","4":"has-post-thumbnail","6":"product_cat-lavinamieji-zaislai","7":"product_cat-loginiam-mastymui","8":"product_cat-mediniai-zaislai","9":"product_cat-montessori-zaislai","10":"product_cat-visi-zaislai","11":"product_cat-zaislai","12":"product_tag-3-m-4-m","14":"first","15":"instock","16":"taxable","17":"shipping-taxable","18":"purchasable","19":"product-type-simple"},"yoast_head":"<!-- This site is optimized with the Yoast SEO plugin v23.3 - https:\/\/yoast.com\/wordpress\/plugins\/seo\/ -->\n<title>Balansinis e\u017eiukas su v\u0117rimo \u017eaidimu - Montessori \u017eaislai<\/title>\n<meta name=\"robots\" content=\"noindex, follow, max-snippet:-1, max-image-preview:large, max-video-preview:-1\" \/>\n<meta property=\"og:locale\" content=\"en_US\" \/>\n<meta property=\"og:type\" content=\"article\" \/>\n<meta property=\"og:title\" content=\"Balansinis e\u017eiukas su v\u0117rimo \u017eaidimu - Montessori \u017eaislai\" \/>\n<meta property=\"og:description\" content=\"\u017davus e\u017eiukas, kuris u\u017etikrins j\u016bs\u0173 vaikui daugyb\u0119 smagi\u0173 valand\u0173, o taip pat i\u0161mokys daug verting\u0173 \u012fg\u016bd\u017ei\u0173! Intensyvios spalvos tikrai patrauks j\u016bs\u0173 vaiko d\u0117mes\u012f ir s\u0117kmingai paskatins \u017eaisti. \u017daislas si\u016blo du \u017eaidimo variantus: Vaisi\u0173 v\u0117rimas ant virvel\u0117sVaisi\u0173 i\u0161d\u0117stymas ant e\u017eio taip, kad vaisi\u0173 konstrukcija nesugri\u016bt\u0173. Vaisi\u0173 v\u0117rimas ir tvarkymas pareikalaus daug vikrumo ir susikaupimo. Gabal\u0117lius galima [&hellip;]\" \/>\n<meta property=\"og:url\" content=\"https:\/\/dev.monti.lt\/en\/product\/balansinis-eziukas-su-verimo-zaidimu\/\" \/>\n<meta property=\"og:site_name\" content=\"Montessori \u017eaislai\" \/>\n<meta property=\"article:modified_time\" content=\"2024-10-08T17:21:54+00:00\" \/>\n<meta property=\"og:image\" content=\"https:\/\/dev.monti.lt\/wp-content\/uploads\/2022\/11\/KX513882211.jpg\" \/>\n\t<meta property=\"og:image:width\" content=\"1024\" \/>\n\t<meta property=\"og:image:height\" content=\"1024\" \/>\n\t<meta property=\"og:image:type\" content=\"image\/jpeg\" \/>\n<meta name=\"twitter:card\" content=\"summary_large_image\" \/>\n<script type=\"application\/ld+json\" class=\"yoast-schema-graph\">{\"@context\":\"https:\/\/schema.org\",\"@graph\":[{\"@type\":\"WebPage\",\"@id\":\"https:\/\/dev.monti.lt\/product\/balansinis-eziukas-su-verimo-zaidimu\/\",\"url\":\"https:\/\/dev.monti.lt\/product\/balansinis-eziukas-su-verimo-zaidimu\/\",\"name\":\"Balansinis e\u017eiukas su v\u0117rimo \u017eaidimu - Montessori \u017eaislai\",\"isPartOf\":{\"@id\":\"https:\/\/dev.monti.lt\/#website\"},\"primaryImageOfPage\":{\"@id\":\"https:\/\/dev.monti.lt\/product\/balansinis-eziukas-su-verimo-zaidimu\/#primaryimage\"},\"image\":{\"@id\":\"https:\/\/dev.monti.lt\/product\/balansinis-eziukas-su-verimo-zaidimu\/#primaryimage\"},\"thumbnailUrl\":\"https:\/\/dev.monti.lt\/wp-content\/uploads\/2022\/11\/KX513882211.jpg\",\"datePublished\":\"2022-11-22T15:54:59+00:00\",\"dateModified\":\"2024-10-08T17:21:54+00:00\",\"breadcrumb\":{\"@id\":\"https:\/\/dev.monti.lt\/product\/balansinis-eziukas-su-verimo-zaidimu\/#breadcrumb\"},\"inLanguage\":\"en-US\",\"potentialAction\":[{\"@type\":\"ReadAction\",\"target\":[\"https:\/\/dev.monti.lt\/product\/balansinis-eziukas-su-verimo-zaidimu\/\"]}]},{\"@type\":\"ImageObject\",\"inLanguage\":\"en-US\",\"@id\":\"https:\/\/dev.monti.lt\/product\/balansinis-eziukas-su-verimo-zaidimu\/#primaryimage\",\"url\":\"https:\/\/dev.monti.lt\/wp-content\/uploads\/2022\/11\/KX513882211.jpg\",\"contentUrl\":\"https:\/\/dev.monti.lt\/wp-content\/uploads\/2022\/11\/KX513882211.jpg\",\"width\":1024,\"height\":1024},{\"@type\":\"BreadcrumbList\",\"@id\":\"https:\/\/dev.monti.lt\/product\/balansinis-eziukas-su-verimo-zaidimu\/#breadcrumb\",\"itemListElement\":[{\"@type\":\"ListItem\",\"position\":1,\"name\":\"Home\",\"item\":\"https:\/\/dev.monti.lt\/\"},{\"@type\":\"ListItem\",\"position\":2,\"name\":\"Parduotuv\u0117\",\"item\":\"https:\/\/dev.monti.lt\/shop\/\"},{\"@type\":\"ListItem\",\"position\":3,\"name\":\"Balansinis e\u017eiukas su v\u0117rimo \u017eaidimu\"}]},{\"@type\":\"WebSite\",\"@id\":\"https:\/\/dev.monti.lt\/#website\",\"url\":\"https:\/\/dev.monti.lt\/\",\"name\":\"Montessori \u017eaislai\",\"description\":\"\",\"publisher\":{\"@id\":\"https:\/\/dev.monti.lt\/#organization\"},\"potentialAction\":[{\"@type\":\"SearchAction\",\"target\":{\"@type\":\"EntryPoint\",\"urlTemplate\":\"https:\/\/dev.monti.lt\/?s={search_term_string}\"},\"query-input\":\"required name=search_term_string\"}],\"inLanguage\":\"en-US\"},{\"@type\":\"Organization\",\"@id\":\"https:\/\/dev.monti.lt\/#organization\",\"name\":\"Montessori \u017eaislai\",\"url\":\"https:\/\/dev.monti.lt\/\",\"logo\":{\"@type\":\"ImageObject\",\"inLanguage\":\"en-US\",\"@id\":\"https:\/\/dev.monti.lt\/#\/schema\/logo\/image\/\",\"url\":\"https:\/\/dev.monti.lt\/wp-content\/uploads\/2022\/03\/montilogo-1.png\",\"contentUrl\":\"https:\/\/dev.monti.lt\/wp-content\/uploads\/2022\/03\/montilogo-1.png\",\"width\":512,\"height\":512,\"caption\":\"Montessori \u017eaislai\"},\"image\":{\"@id\":\"https:\/\/dev.monti.lt\/#\/schema\/logo\/image\/\"}}]}<\/script>\n<!-- \/ Yoast SEO plugin. -->","yoast_head_json":{"title":"Balansinis e\u017eiukas su v\u0117rimo \u017eaidimu - Montessori \u017eaislai","robots":{"index":"noindex","follow":"follow","max-snippet":"max-snippet:-1","max-image-preview":"max-image-preview:large","max-video-preview":"max-video-preview:-1"},"og_locale":"en_US","og_type":"article","og_title":"Balansinis e\u017eiukas su v\u0117rimo \u017eaidimu - Montessori \u017eaislai","og_description":"\u017davus e\u017eiukas, kuris u\u017etikrins j\u016bs\u0173 vaikui daugyb\u0119 smagi\u0173 valand\u0173, o taip pat i\u0161mokys daug verting\u0173 \u012fg\u016bd\u017ei\u0173! Intensyvios spalvos tikrai patrauks j\u016bs\u0173 vaiko d\u0117mes\u012f ir s\u0117kmingai paskatins \u017eaisti. \u017daislas si\u016blo du \u017eaidimo variantus: Vaisi\u0173 v\u0117rimas ant virvel\u0117sVaisi\u0173 i\u0161d\u0117stymas ant e\u017eio taip, kad vaisi\u0173 konstrukcija nesugri\u016bt\u0173. Vaisi\u0173 v\u0117rimas ir tvarkymas pareikalaus daug vikrumo ir susikaupimo. Gabal\u0117lius galima [&hellip;]","og_url":"https:\/\/dev.monti.lt\/en\/product\/balansinis-eziukas-su-verimo-zaidimu\/","og_site_name":"Montessori \u017eaislai","article_modified_time":"2024-10-08T17:21:54+00:00","og_image":[{"width":1024,"height":1024,"url":"https:\/\/dev.monti.lt\/wp-content\/uploads\/2022\/11\/KX513882211.jpg","type":"image\/jpeg"}],"twitter_card":"summary_large_image","schema":{"@context":"https:\/\/schema.org","@graph":[{"@type":"WebPage","@id":"https:\/\/dev.monti.lt\/product\/balansinis-eziukas-su-verimo-zaidimu\/","url":"https:\/\/dev.monti.lt\/product\/balansinis-eziukas-su-verimo-zaidimu\/","name":"Balansinis e\u017eiukas su v\u0117rimo \u017eaidimu - Montessori \u017eaislai","isPartOf":{"@id":"https:\/\/dev.monti.lt\/#website"},"primaryImageOfPage":{"@id":"https:\/\/dev.monti.lt\/product\/balansinis-eziukas-su-verimo-zaidimu\/#primaryimage"},"image":{"@id":"https:\/\/dev.monti.lt\/product\/balansinis-eziukas-su-verimo-zaidimu\/#primaryimage"},"thumbnailUrl":"https:\/\/dev.monti.lt\/wp-content\/uploads\/2022\/11\/KX513882211.jpg","datePublished":"2022-11-22T15:54:59+00:00","dateModified":"2024-10-08T17:21:54+00:00","breadcrumb":{"@id":"https:\/\/dev.monti.lt\/product\/balansinis-eziukas-su-verimo-zaidimu\/#breadcrumb"},"inLanguage":"en-US","potentialAction":[{"@type":"ReadAction","target":["https:\/\/dev.monti.lt\/product\/balansinis-eziukas-su-verimo-zaidimu\/"]}]},{"@type":"ImageObject","inLanguage":"en-US","@id":"https:\/\/dev.monti.lt\/product\/balansinis-eziukas-su-verimo-zaidimu\/#primaryimage","url":"https:\/\/dev.monti.lt\/wp-content\/uploads\/2022\/11\/KX513882211.jpg","contentUrl":"https:\/\/dev.monti.lt\/wp-content\/uploads\/2022\/11\/KX513882211.jpg","width":1024,"height":1024},{"@type":"BreadcrumbList","@id":"https:\/\/dev.monti.lt\/product\/balansinis-eziukas-su-verimo-zaidimu\/#breadcrumb","itemListElement":[{"@type":"ListItem","position":1,"name":"Home","item":"https:\/\/dev.monti.lt\/"},{"@type":"ListItem","position":2,"name":"Parduotuv\u0117","item":"https:\/\/dev.monti.lt\/shop\/"},{"@type":"ListItem","position":3,"name":"Balansinis e\u017eiukas su v\u0117rimo \u017eaidimu"}]},{"@type":"WebSite","@id":"https:\/\/dev.monti.lt\/#website","url":"https:\/\/dev.monti.lt\/","name":"Montessori \u017eaislai","description":"","publisher":{"@id":"https:\/\/dev.monti.lt\/#organization"},"potentialAction":[{"@type":"SearchAction","target":{"@type":"EntryPoint","urlTemplate":"https:\/\/dev.monti.lt\/?s={search_term_string}"},"query-input":"required name=search_term_string"}],"inLanguage":"en-US"},{"@type":"Organization","@id":"https:\/\/dev.monti.lt\/#organization","name":"Montessori \u017eaislai","url":"https:\/\/dev.monti.lt\/","logo":{"@type":"ImageObject","inLanguage":"en-US","@id":"https:\/\/dev.monti.lt\/#\/schema\/logo\/image\/","url":"https:\/\/dev.monti.lt\/wp-content\/uploads\/2022\/03\/montilogo-1.png","contentUrl":"https:\/\/dev.monti.lt\/wp-content\/uploads\/2022\/03\/montilogo-1.png","width":512,"height":512,"caption":"Montessori \u017eaislai"},"image":{"@id":"https:\/\/dev.monti.lt\/#\/schema\/logo\/image\/"}}]}},"_links":{"self":[{"href":"https:\/\/dev.monti.lt\/en\/wp-json\/wp\/v2\/product\/11693"}],"collection":[{"href":"https:\/\/dev.monti.lt\/en\/wp-json\/wp\/v2\/product"}],"about":[{"href":"https:\/\/dev.monti.lt\/en\/wp-json\/wp\/v2\/types\/product"}],"version-history":[{"count":2,"href":"https:\/\/dev.monti.lt\/en\/wp-json\/wp\/v2\/product\/11693\/revisions"}],"predecessor-version":[{"id":18065,"href":"https:\/\/dev.monti.lt\/en\/wp-json\/wp\/v2\/product\/11693\/revisions\/18065"}],"wp:featuredmedia":[{"embeddable":true,"href":"https:\/\/dev.monti.lt\/en\/wp-json\/wp\/v2\/media\/11694"}],"wp:attachment":[{"href":"https:\/\/dev.monti.lt\/en\/wp-json\/wp\/v2\/media?parent=11693"}],"wp:term":[{"taxonomy":"product_cat","embeddable":true,"href":"https:\/\/dev.monti.lt\/en\/wp-json\/wp\/v2\/product_cat?post=11693"},{"taxonomy":"product_tag","embeddable":true,"href":"https:\/\/dev.monti.lt\/en\/wp-json\/wp\/v2\/product_tag?post=11693"}],"curies":[{"name":"wp","href":"https:\/\/api.w.org\/{rel}","templated":true}]}}