{"id":11684,"date":"2022-11-22T15:50:06","date_gmt":"2022-11-22T15:50:06","guid":{"rendered":"https:\/\/dev.monti.lt\/?post_type=product&#038;p=11684"},"modified":"2024-03-14T08:14:28","modified_gmt":"2024-03-14T08:14:28","slug":"magnetinis-zaidimas-metalineje-dezuteje","status":"publish","type":"product","link":"https:\/\/dev.monti.lt\/en\/product\/magnetinis-zaidimas-metalineje-dezuteje\/","title":{"rendered":"Magnetinis \u017eaidimas metalin\u0117je d\u0117\u017eut\u0117je"},"content":{"rendered":"<p>Labai \u0161aunus \u017eaislas, skirtas magnetin\u0117ms gyv\u016bn\u0173 fig\u016broms sud\u0117lioti.<\/p><p>Kadangi rinkinyje yra gyv\u016bn\u0173 persona\u017e\u0173 kortel\u0117s, vaikui lengva priderinti magnetukus prie tinkamo gyv\u016bno. Juos galima sud\u0117ti \u012f 2 skirtingas vietas ir kurti \u012fvairias istorijas, scenas bei lavinti vaizduot\u0119. Kortel\u0117se taip pat pateikiami angli\u0161ki gyv\u016bn\u0173 pavadinimai, kurie gali pad\u0117ti mokytis \u017eodyno.<\/p><p>\u012e komplekt\u0105 \u012ftrauktas sauso ra\u0161iklio \u017eymeklis, kuriuo galima ra\u0161yti ir pie\u0161ti ant i\u0161orin\u0117s pakuot\u0117s pus\u0117s.<\/p><p>Viskas supakuota \u012f ma\u017edaug 20x20x2 cm dyd\u017eio metalin\u0119 d\u0117\u017eut\u0119.<\/p><p>Rinkin\u012f sudaro:<\/p><ul class=\"wp-block-list\"><li>metalin\u0117 d\u0117\u017e\u0117 (taip pat sausa trintina lenta).<\/li><li>sausu trinamuoju \u017eymekliu<\/li><li>korteli\u0173 rinkinys<\/li><li>magnet\u0173 rinkinys<\/li><li>d\u0117\u017eut\u0117s viduje yra du lapai, ant kuri\u0173 galima pritvirtinti magnetus.<\/li><\/ul>","protected":false},"excerpt":{"rendered":"<p>Labai \u0161aunus \u017eaislas, skirtas magnetin\u0117ms gyv\u016bn\u0173 fig\u016broms sud\u0117lioti. Kadangi rinkinyje yra gyv\u016bn\u0173 persona\u017e\u0173 kortel\u0117s, vaikui lengva priderinti magnetukus prie tinkamo gyv\u016bno. Juos galima sud\u0117ti \u012f 2 skirtingas vietas ir kurti \u012fvairias istorijas, scenas bei lavinti vaizduot\u0119. Kortel\u0117se taip pat pateikiami angli\u0161ki gyv\u016bn\u0173 pavadinimai, kurie gali pad\u0117ti mokytis \u017eodyno. \u012e komplekt\u0105 \u012ftrauktas sauso ra\u0161iklio \u017eymeklis, kuriuo [&hellip;]<\/p>","protected":false},"featured_media":11685,"template":"","meta":{"iawp_total_views":33},"product_cat":[92,84,86,49,39,201],"product_tag":[97,98],"class_list":{"0":"post-11684","1":"product","2":"type-product","3":"status-publish","4":"has-post-thumbnail","6":"product_cat-deliones","7":"product_cat-lavinamieji-zaislai","8":"product_cat-smulkioji-motorika","9":"product_cat-visi-zaislai","10":"product_cat-zaislai","11":"product_cat-zaislai-kelioneje","12":"product_tag-3-m-4-m","13":"product_tag-5-m-7-m","15":"first","16":"instock","17":"taxable","18":"shipping-taxable","19":"purchasable","20":"product-type-simple"},"yoast_head":"<!-- This site is optimized with the Yoast SEO plugin v23.3 - https:\/\/yoast.com\/wordpress\/plugins\/seo\/ -->\n<title>Magnetinis \u017eaidimas metalin\u0117je d\u0117\u017eut\u0117je - Montessori \u017eaislai<\/title>\n<meta name=\"robots\" content=\"noindex, follow, max-snippet:-1, max-image-preview:large, max-video-preview:-1\" \/>\n<meta property=\"og:locale\" content=\"en_US\" \/>\n<meta property=\"og:type\" content=\"article\" \/>\n<meta property=\"og:title\" content=\"Magnetinis \u017eaidimas metalin\u0117je d\u0117\u017eut\u0117je - Montessori \u017eaislai\" \/>\n<meta property=\"og:description\" content=\"Labai \u0161aunus \u017eaislas, skirtas magnetin\u0117ms gyv\u016bn\u0173 fig\u016broms sud\u0117lioti. Kadangi rinkinyje yra gyv\u016bn\u0173 persona\u017e\u0173 kortel\u0117s, vaikui lengva priderinti magnetukus prie tinkamo gyv\u016bno. Juos galima sud\u0117ti \u012f 2 skirtingas vietas ir kurti \u012fvairias istorijas, scenas bei lavinti vaizduot\u0119. Kortel\u0117se taip pat pateikiami angli\u0161ki gyv\u016bn\u0173 pavadinimai, kurie gali pad\u0117ti mokytis \u017eodyno. \u012e komplekt\u0105 \u012ftrauktas sauso ra\u0161iklio \u017eymeklis, kuriuo [&hellip;]\" \/>\n<meta property=\"og:url\" content=\"https:\/\/dev.monti.lt\/en\/product\/magnetinis-zaidimas-metalineje-dezuteje\/\" \/>\n<meta property=\"og:site_name\" content=\"Montessori \u017eaislai\" \/>\n<meta property=\"article:modified_time\" content=\"2024-03-14T08:14:28+00:00\" \/>\n<meta property=\"og:image\" content=\"https:\/\/dev.monti.lt\/wp-content\/uploads\/2022\/11\/klocki-drewniane-w-woreczku-zkb-889.jpg-10.png\" \/>\n\t<meta property=\"og:image:width\" content=\"800\" \/>\n\t<meta property=\"og:image:height\" content=\"800\" \/>\n\t<meta property=\"og:image:type\" content=\"image\/png\" \/>\n<meta name=\"twitter:card\" content=\"summary_large_image\" \/>\n<meta name=\"twitter:label1\" content=\"Est. reading time\" \/>\n\t<meta name=\"twitter:data1\" content=\"1 minute\" \/>\n<script type=\"application\/ld+json\" class=\"yoast-schema-graph\">{\"@context\":\"https:\/\/schema.org\",\"@graph\":[{\"@type\":\"WebPage\",\"@id\":\"https:\/\/dev.monti.lt\/product\/magnetinis-zaidimas-metalineje-dezuteje\/\",\"url\":\"https:\/\/dev.monti.lt\/product\/magnetinis-zaidimas-metalineje-dezuteje\/\",\"name\":\"Magnetinis \u017eaidimas metalin\u0117je d\u0117\u017eut\u0117je - Montessori \u017eaislai\",\"isPartOf\":{\"@id\":\"https:\/\/dev.monti.lt\/#website\"},\"primaryImageOfPage\":{\"@id\":\"https:\/\/dev.monti.lt\/product\/magnetinis-zaidimas-metalineje-dezuteje\/#primaryimage\"},\"image\":{\"@id\":\"https:\/\/dev.monti.lt\/product\/magnetinis-zaidimas-metalineje-dezuteje\/#primaryimage\"},\"thumbnailUrl\":\"https:\/\/dev.monti.lt\/wp-content\/uploads\/2022\/11\/klocki-drewniane-w-woreczku-zkb-889.jpg-10.png\",\"datePublished\":\"2022-11-22T15:50:06+00:00\",\"dateModified\":\"2024-03-14T08:14:28+00:00\",\"breadcrumb\":{\"@id\":\"https:\/\/dev.monti.lt\/product\/magnetinis-zaidimas-metalineje-dezuteje\/#breadcrumb\"},\"inLanguage\":\"en-US\",\"potentialAction\":[{\"@type\":\"ReadAction\",\"target\":[\"https:\/\/dev.monti.lt\/product\/magnetinis-zaidimas-metalineje-dezuteje\/\"]}]},{\"@type\":\"ImageObject\",\"inLanguage\":\"en-US\",\"@id\":\"https:\/\/dev.monti.lt\/product\/magnetinis-zaidimas-metalineje-dezuteje\/#primaryimage\",\"url\":\"https:\/\/dev.monti.lt\/wp-content\/uploads\/2022\/11\/klocki-drewniane-w-woreczku-zkb-889.jpg-10.png\",\"contentUrl\":\"https:\/\/dev.monti.lt\/wp-content\/uploads\/2022\/11\/klocki-drewniane-w-woreczku-zkb-889.jpg-10.png\",\"width\":800,\"height\":800},{\"@type\":\"BreadcrumbList\",\"@id\":\"https:\/\/dev.monti.lt\/product\/magnetinis-zaidimas-metalineje-dezuteje\/#breadcrumb\",\"itemListElement\":[{\"@type\":\"ListItem\",\"position\":1,\"name\":\"Home\",\"item\":\"https:\/\/dev.monti.lt\/\"},{\"@type\":\"ListItem\",\"position\":2,\"name\":\"Parduotuv\u0117\",\"item\":\"https:\/\/dev.monti.lt\/shop\/\"},{\"@type\":\"ListItem\",\"position\":3,\"name\":\"Magnetinis \u017eaidimas metalin\u0117je d\u0117\u017eut\u0117je\"}]},{\"@type\":\"WebSite\",\"@id\":\"https:\/\/dev.monti.lt\/#website\",\"url\":\"https:\/\/dev.monti.lt\/\",\"name\":\"Montessori \u017eaislai\",\"description\":\"\",\"publisher\":{\"@id\":\"https:\/\/dev.monti.lt\/#organization\"},\"potentialAction\":[{\"@type\":\"SearchAction\",\"target\":{\"@type\":\"EntryPoint\",\"urlTemplate\":\"https:\/\/dev.monti.lt\/?s={search_term_string}\"},\"query-input\":\"required name=search_term_string\"}],\"inLanguage\":\"en-US\"},{\"@type\":\"Organization\",\"@id\":\"https:\/\/dev.monti.lt\/#organization\",\"name\":\"Montessori \u017eaislai\",\"url\":\"https:\/\/dev.monti.lt\/\",\"logo\":{\"@type\":\"ImageObject\",\"inLanguage\":\"en-US\",\"@id\":\"https:\/\/dev.monti.lt\/#\/schema\/logo\/image\/\",\"url\":\"https:\/\/dev.monti.lt\/wp-content\/uploads\/2022\/03\/montilogo-1.png\",\"contentUrl\":\"https:\/\/dev.monti.lt\/wp-content\/uploads\/2022\/03\/montilogo-1.png\",\"width\":512,\"height\":512,\"caption\":\"Montessori \u017eaislai\"},\"image\":{\"@id\":\"https:\/\/dev.monti.lt\/#\/schema\/logo\/image\/\"}}]}<\/script>\n<!-- \/ Yoast SEO plugin. -->","yoast_head_json":{"title":"Magnetinis \u017eaidimas metalin\u0117je d\u0117\u017eut\u0117je - Montessori \u017eaislai","robots":{"index":"noindex","follow":"follow","max-snippet":"max-snippet:-1","max-image-preview":"max-image-preview:large","max-video-preview":"max-video-preview:-1"},"og_locale":"en_US","og_type":"article","og_title":"Magnetinis \u017eaidimas metalin\u0117je d\u0117\u017eut\u0117je - Montessori \u017eaislai","og_description":"Labai \u0161aunus \u017eaislas, skirtas magnetin\u0117ms gyv\u016bn\u0173 fig\u016broms sud\u0117lioti. Kadangi rinkinyje yra gyv\u016bn\u0173 persona\u017e\u0173 kortel\u0117s, vaikui lengva priderinti magnetukus prie tinkamo gyv\u016bno. Juos galima sud\u0117ti \u012f 2 skirtingas vietas ir kurti \u012fvairias istorijas, scenas bei lavinti vaizduot\u0119. Kortel\u0117se taip pat pateikiami angli\u0161ki gyv\u016bn\u0173 pavadinimai, kurie gali pad\u0117ti mokytis \u017eodyno. \u012e komplekt\u0105 \u012ftrauktas sauso ra\u0161iklio \u017eymeklis, kuriuo [&hellip;]","og_url":"https:\/\/dev.monti.lt\/en\/product\/magnetinis-zaidimas-metalineje-dezuteje\/","og_site_name":"Montessori \u017eaislai","article_modified_time":"2024-03-14T08:14:28+00:00","og_image":[{"width":800,"height":800,"url":"https:\/\/dev.monti.lt\/wp-content\/uploads\/2022\/11\/klocki-drewniane-w-woreczku-zkb-889.jpg-10.png","type":"image\/png"}],"twitter_card":"summary_large_image","twitter_misc":{"Est. reading time":"1 minute"},"schema":{"@context":"https:\/\/schema.org","@graph":[{"@type":"WebPage","@id":"https:\/\/dev.monti.lt\/product\/magnetinis-zaidimas-metalineje-dezuteje\/","url":"https:\/\/dev.monti.lt\/product\/magnetinis-zaidimas-metalineje-dezuteje\/","name":"Magnetinis \u017eaidimas metalin\u0117je d\u0117\u017eut\u0117je - Montessori \u017eaislai","isPartOf":{"@id":"https:\/\/dev.monti.lt\/#website"},"primaryImageOfPage":{"@id":"https:\/\/dev.monti.lt\/product\/magnetinis-zaidimas-metalineje-dezuteje\/#primaryimage"},"image":{"@id":"https:\/\/dev.monti.lt\/product\/magnetinis-zaidimas-metalineje-dezuteje\/#primaryimage"},"thumbnailUrl":"https:\/\/dev.monti.lt\/wp-content\/uploads\/2022\/11\/klocki-drewniane-w-woreczku-zkb-889.jpg-10.png","datePublished":"2022-11-22T15:50:06+00:00","dateModified":"2024-03-14T08:14:28+00:00","breadcrumb":{"@id":"https:\/\/dev.monti.lt\/product\/magnetinis-zaidimas-metalineje-dezuteje\/#breadcrumb"},"inLanguage":"en-US","potentialAction":[{"@type":"ReadAction","target":["https:\/\/dev.monti.lt\/product\/magnetinis-zaidimas-metalineje-dezuteje\/"]}]},{"@type":"ImageObject","inLanguage":"en-US","@id":"https:\/\/dev.monti.lt\/product\/magnetinis-zaidimas-metalineje-dezuteje\/#primaryimage","url":"https:\/\/dev.monti.lt\/wp-content\/uploads\/2022\/11\/klocki-drewniane-w-woreczku-zkb-889.jpg-10.png","contentUrl":"https:\/\/dev.monti.lt\/wp-content\/uploads\/2022\/11\/klocki-drewniane-w-woreczku-zkb-889.jpg-10.png","width":800,"height":800},{"@type":"BreadcrumbList","@id":"https:\/\/dev.monti.lt\/product\/magnetinis-zaidimas-metalineje-dezuteje\/#breadcrumb","itemListElement":[{"@type":"ListItem","position":1,"name":"Home","item":"https:\/\/dev.monti.lt\/"},{"@type":"ListItem","position":2,"name":"Parduotuv\u0117","item":"https:\/\/dev.monti.lt\/shop\/"},{"@type":"ListItem","position":3,"name":"Magnetinis \u017eaidimas metalin\u0117je d\u0117\u017eut\u0117je"}]},{"@type":"WebSite","@id":"https:\/\/dev.monti.lt\/#website","url":"https:\/\/dev.monti.lt\/","name":"Montessori \u017eaislai","description":"","publisher":{"@id":"https:\/\/dev.monti.lt\/#organization"},"potentialAction":[{"@type":"SearchAction","target":{"@type":"EntryPoint","urlTemplate":"https:\/\/dev.monti.lt\/?s={search_term_string}"},"query-input":"required name=search_term_string"}],"inLanguage":"en-US"},{"@type":"Organization","@id":"https:\/\/dev.monti.lt\/#organization","name":"Montessori \u017eaislai","url":"https:\/\/dev.monti.lt\/","logo":{"@type":"ImageObject","inLanguage":"en-US","@id":"https:\/\/dev.monti.lt\/#\/schema\/logo\/image\/","url":"https:\/\/dev.monti.lt\/wp-content\/uploads\/2022\/03\/montilogo-1.png","contentUrl":"https:\/\/dev.monti.lt\/wp-content\/uploads\/2022\/03\/montilogo-1.png","width":512,"height":512,"caption":"Montessori \u017eaislai"},"image":{"@id":"https:\/\/dev.monti.lt\/#\/schema\/logo\/image\/"}}]}},"_links":{"self":[{"href":"https:\/\/dev.monti.lt\/en\/wp-json\/wp\/v2\/product\/11684"}],"collection":[{"href":"https:\/\/dev.monti.lt\/en\/wp-json\/wp\/v2\/product"}],"about":[{"href":"https:\/\/dev.monti.lt\/en\/wp-json\/wp\/v2\/types\/product"}],"version-history":[{"count":3,"href":"https:\/\/dev.monti.lt\/en\/wp-json\/wp\/v2\/product\/11684\/revisions"}],"predecessor-version":[{"id":13346,"href":"https:\/\/dev.monti.lt\/en\/wp-json\/wp\/v2\/product\/11684\/revisions\/13346"}],"wp:featuredmedia":[{"embeddable":true,"href":"https:\/\/dev.monti.lt\/en\/wp-json\/wp\/v2\/media\/11685"}],"wp:attachment":[{"href":"https:\/\/dev.monti.lt\/en\/wp-json\/wp\/v2\/media?parent=11684"}],"wp:term":[{"taxonomy":"product_cat","embeddable":true,"href":"https:\/\/dev.monti.lt\/en\/wp-json\/wp\/v2\/product_cat?post=11684"},{"taxonomy":"product_tag","embeddable":true,"href":"https:\/\/dev.monti.lt\/en\/wp-json\/wp\/v2\/product_tag?post=11684"}],"curies":[{"name":"wp","href":"https:\/\/api.w.org\/{rel}","templated":true}]}}