{"id":11662,"date":"2022-11-22T14:35:15","date_gmt":"2022-11-22T14:35:15","guid":{"rendered":"https:\/\/dev.monti.lt\/?post_type=product&#038;p=11662"},"modified":"2024-10-08T17:28:26","modified_gmt":"2024-10-08T17:28:26","slug":"formu-rusiuoklis","status":"publish","type":"product","link":"https:\/\/dev.monti.lt\/en\/product\/formu-rusiuoklis\/","title":{"rendered":"Form\u0173 r\u016b\u0161iuoklis"},"content":{"rendered":"<p>Lankstaus kubo formos r\u016b\u0161iuoklis puikiai tinka kaip \u017eaislas, padedantis vaikui vystytis ir suteikiantis daug d\u017eiaugsmo!<\/p>\n<p>\u00a0<\/p>\n<p>SPALVINGAS R\u016a\u0160IUOKLIS SU \u012eVAIRIAIS PRIEDAIS PATRAUKS KIEKVIENO MA\u017dYLIO D\u0116MES\u012e!<\/p>\n<p>Spalvotos gumyt\u0117s ir dideli spalvoti blokai patrauks j\u016bs\u0173 ma\u017eylio d\u0117mes\u012f ir paskatins j\u012f \u012fdomiai \u017eaisti! Be spalv\u0173, jos skiriasi ir formomis, tod\u0117l j\u016bs\u0173 vaikas i\u0161moks jas atpa\u017einti ir atskirti vien\u0105 nuo kitos! O su nedidele suaugusi\u0173j\u0173 pagalba jis lengvai \u012fsimins j\u0173 pavadinimus.<\/p>\n<p>Kiekviena kalad\u0117l\u0117 yra skirtingos tekst\u016bros, tod\u0117l jos pritrauks nat\u016bral\u0173 j\u016bs\u0173 vaiko smalsum\u0105. Skirtingi ra\u0161tai stimuliuos ma\u017eylio pir\u0161tukus ir teigiamai paveiks jo jautrum\u0105 bei geb\u0117jim\u0105 atpa\u017einti formas.<\/p>\n<p>Kontrastingos, ry\u0161kios ir ai\u0161kios spalvos palengvins mokym\u0105si atpa\u017einti spalvas, naudingai veikia suvokim\u0105 ir pa\u017eintinius \u012fg\u016bd\u017eius! O skirting\u0173 form\u0173 kalad\u0117l\u0117s pad\u0117s atpa\u017einti geometrines fig\u016bras!<\/p>\n<p>\u00a0<\/p>\n<p>K\u016aDIKI\u0172 R\u016a\u0160IUOKL\u0116 &#8211; PUIKUS SMAGAUS IR MALONAUS MOKYMOSI DERINYS!<\/p>\n<p>\u017daisti ne\u012ftik\u0117tinai paprasta. Norint sud\u0117ti kalad\u0117les \u012f kub\u0105 arba i\u0161imti jas i\u0161 jo, reikia suspausti kalad\u0117les per gumytes. Kuo paprastesnis \u017eaislas, tuo daugiau galimybi\u0173 jis suteikia! I\u0161 tikr\u0173j\u0173 \u017eaidim\u0173 skai\u010dius neribotas, viskas priklauso nuo vaiko ir t\u0117v\u0173 vaizduot\u0117s.<\/p>\n<p>\u00a0<\/p>\n<p>I\u0161 prad\u017ei\u0173 i\u0161spausti blok\u0105 per elastines juostas gali b\u016bti gana sud\u0117tinga u\u017eduotis. Reik\u0117s m\u0105styti, derinti ir ie\u0161koti k\u016brybi\u0161k\u0173 sprendim\u0173 ma\u017eyliams tinkamu lygiu.<\/p>\n<p>\u017daidimas su form\u0173 r\u016b\u0161iuokle tur\u0117s teigiamos \u012ftakos j\u0173 erdvinei vaizduotei ir geb\u0117jimui spr\u0119sti problemas. Smegen\u0173 stimuliavimas ir \u0161velnus vertimas jas pasistengti puikiai lavina intelekt\u0105 ir kantryb\u0119, o tai tikrai pravers ma\u017eyliams ateityje!<\/p>\n<p>Gumini\u0173 juost\u0173 traukimas atgal, tempimas, stumdymas ir lankstymas bus puiki mank\u0161ta vaik\u0173 pir\u0161tams, delnams ir ma\u017eoms rankoms. Jie \u012fgis ir j\u0117gos, ir tikslumo, ir subtilumo! Be to, ma\u017eyliai akimirksniu pagerins aki\u0173 ir rank\u0173 koordinacij\u0105 ir geb\u0117jim\u0105 sinchronizuoti abiej\u0173 rank\u0173 darb\u0105!<\/p>\n<p>\u00a0<\/p>\n<p>Didmenin\u0117 prekyba &#8220;Ikonka&#8221; taip pat si\u016blo kitus lavinamuosius r\u016b\u0161iavimo \u017eaislus kituose svetain\u0117s s\u0105ra\u0161uose.<\/p>\n<p>INFORMACIJA APIE PRODUKT\u0104:<\/p>\n<p>RINKINIO SUD\u0116TIS:<\/p>\n<p>1x r\u016b\u0161iavimo kubas<br \/>6x \u012fvairi\u0173 form\u0173 kalad\u0117l\u0117s<br \/>6x kamuoliukai<br \/>Med\u017eiaga: plastikas<\/p>\n<p>Vaiko am\u017eius: 12m+<\/p>\n<p>DIMENSIJOS:<\/p>\n<p>Kubelio matmenys: 18cm x 12cm x 12cm x 12cm<br \/>Bandomasis blokas (kubas): 4,5 cm x 4,5 cm x 4,5 cm x 4,5 cm.<br \/>Pakuot\u0117: 19 cm x 13 cm x 17,5 cm<br \/>Formos r\u016b\u0161iavimo kubas supakuotas \u012f esteti\u0161k\u0105 kartonin\u0119 d\u0117\u017eut\u0119.<\/p>","protected":false},"excerpt":{"rendered":"<p>Lankstaus kubo formos r\u016b\u0161iuoklis puikiai tinka kaip \u017eaislas, padedantis vaikui vystytis ir suteikiantis daug d\u017eiaugsmo! \u00a0 SPALVINGAS R\u016a\u0160IUOKLIS SU \u012eVAIRIAIS PRIEDAIS PATRAUKS KIEKVIENO MA\u017dYLIO D\u0116MES\u012e! Spalvotos gumyt\u0117s ir dideli spalvoti blokai patrauks j\u016bs\u0173 ma\u017eylio d\u0117mes\u012f ir paskatins j\u012f \u012fdomiai \u017eaisti! Be spalv\u0173, jos skiriasi ir formomis, tod\u0117l j\u016bs\u0173 vaikas i\u0161moks jas atpa\u017einti ir atskirti vien\u0105 [&hellip;]<\/p>","protected":false},"featured_media":11664,"template":"","meta":{"iawp_total_views":38},"product_cat":[200,84,49,39,201],"product_tag":[95,94],"class_list":{"0":"post-11662","1":"product","2":"type-product","3":"status-publish","4":"has-post-thumbnail","6":"product_cat-dovanos-kudikiams","7":"product_cat-lavinamieji-zaislai","8":"product_cat-visi-zaislai","9":"product_cat-zaislai","10":"product_cat-zaislai-kelioneje","11":"product_tag-1-m-2-m","12":"product_tag-iki-1-m","14":"first","15":"instock","16":"taxable","17":"shipping-taxable","18":"purchasable","19":"product-type-simple"},"yoast_head":"<!-- This site is optimized with the Yoast SEO plugin v23.3 - https:\/\/yoast.com\/wordpress\/plugins\/seo\/ -->\n<title>Form\u0173 r\u016b\u0161iuoklis - Montessori \u017eaislai<\/title>\n<meta name=\"robots\" content=\"noindex, follow, max-snippet:-1, max-image-preview:large, max-video-preview:-1\" \/>\n<meta property=\"og:locale\" content=\"en_US\" \/>\n<meta property=\"og:type\" content=\"article\" \/>\n<meta property=\"og:title\" content=\"Form\u0173 r\u016b\u0161iuoklis - Montessori \u017eaislai\" \/>\n<meta property=\"og:description\" content=\"Lankstaus kubo formos r\u016b\u0161iuoklis puikiai tinka kaip \u017eaislas, padedantis vaikui vystytis ir suteikiantis daug d\u017eiaugsmo! \u00a0 SPALVINGAS R\u016a\u0160IUOKLIS SU \u012eVAIRIAIS PRIEDAIS PATRAUKS KIEKVIENO MA\u017dYLIO D\u0116MES\u012e! Spalvotos gumyt\u0117s ir dideli spalvoti blokai patrauks j\u016bs\u0173 ma\u017eylio d\u0117mes\u012f ir paskatins j\u012f \u012fdomiai \u017eaisti! Be spalv\u0173, jos skiriasi ir formomis, tod\u0117l j\u016bs\u0173 vaikas i\u0161moks jas atpa\u017einti ir atskirti vien\u0105 [&hellip;]\" \/>\n<meta property=\"og:url\" content=\"https:\/\/dev.monti.lt\/en\/product\/formu-rusiuoklis\/\" \/>\n<meta property=\"og:site_name\" content=\"Montessori \u017eaislai\" \/>\n<meta property=\"article:modified_time\" content=\"2024-10-08T17:28:26+00:00\" \/>\n<meta property=\"og:image\" content=\"https:\/\/dev.monti.lt\/wp-content\/uploads\/2022\/11\/KX546681910.jpg\" \/>\n\t<meta property=\"og:image:width\" content=\"1024\" \/>\n\t<meta property=\"og:image:height\" content=\"1024\" \/>\n\t<meta property=\"og:image:type\" content=\"image\/jpeg\" \/>\n<meta name=\"twitter:card\" content=\"summary_large_image\" \/>\n<script type=\"application\/ld+json\" class=\"yoast-schema-graph\">{\"@context\":\"https:\/\/schema.org\",\"@graph\":[{\"@type\":\"WebPage\",\"@id\":\"https:\/\/dev.monti.lt\/product\/formu-rusiuoklis\/\",\"url\":\"https:\/\/dev.monti.lt\/product\/formu-rusiuoklis\/\",\"name\":\"Form\u0173 r\u016b\u0161iuoklis - Montessori \u017eaislai\",\"isPartOf\":{\"@id\":\"https:\/\/dev.monti.lt\/#website\"},\"primaryImageOfPage\":{\"@id\":\"https:\/\/dev.monti.lt\/product\/formu-rusiuoklis\/#primaryimage\"},\"image\":{\"@id\":\"https:\/\/dev.monti.lt\/product\/formu-rusiuoklis\/#primaryimage\"},\"thumbnailUrl\":\"https:\/\/dev.monti.lt\/wp-content\/uploads\/2022\/11\/KX546681910.jpg\",\"datePublished\":\"2022-11-22T14:35:15+00:00\",\"dateModified\":\"2024-10-08T17:28:26+00:00\",\"breadcrumb\":{\"@id\":\"https:\/\/dev.monti.lt\/product\/formu-rusiuoklis\/#breadcrumb\"},\"inLanguage\":\"en-US\",\"potentialAction\":[{\"@type\":\"ReadAction\",\"target\":[\"https:\/\/dev.monti.lt\/product\/formu-rusiuoklis\/\"]}]},{\"@type\":\"ImageObject\",\"inLanguage\":\"en-US\",\"@id\":\"https:\/\/dev.monti.lt\/product\/formu-rusiuoklis\/#primaryimage\",\"url\":\"https:\/\/dev.monti.lt\/wp-content\/uploads\/2022\/11\/KX546681910.jpg\",\"contentUrl\":\"https:\/\/dev.monti.lt\/wp-content\/uploads\/2022\/11\/KX546681910.jpg\",\"width\":1024,\"height\":1024},{\"@type\":\"BreadcrumbList\",\"@id\":\"https:\/\/dev.monti.lt\/product\/formu-rusiuoklis\/#breadcrumb\",\"itemListElement\":[{\"@type\":\"ListItem\",\"position\":1,\"name\":\"Home\",\"item\":\"https:\/\/dev.monti.lt\/\"},{\"@type\":\"ListItem\",\"position\":2,\"name\":\"Parduotuv\u0117\",\"item\":\"https:\/\/dev.monti.lt\/shop\/\"},{\"@type\":\"ListItem\",\"position\":3,\"name\":\"Form\u0173 r\u016b\u0161iuoklis\"}]},{\"@type\":\"WebSite\",\"@id\":\"https:\/\/dev.monti.lt\/#website\",\"url\":\"https:\/\/dev.monti.lt\/\",\"name\":\"Montessori \u017eaislai\",\"description\":\"\",\"publisher\":{\"@id\":\"https:\/\/dev.monti.lt\/#organization\"},\"potentialAction\":[{\"@type\":\"SearchAction\",\"target\":{\"@type\":\"EntryPoint\",\"urlTemplate\":\"https:\/\/dev.monti.lt\/?s={search_term_string}\"},\"query-input\":\"required name=search_term_string\"}],\"inLanguage\":\"en-US\"},{\"@type\":\"Organization\",\"@id\":\"https:\/\/dev.monti.lt\/#organization\",\"name\":\"Montessori \u017eaislai\",\"url\":\"https:\/\/dev.monti.lt\/\",\"logo\":{\"@type\":\"ImageObject\",\"inLanguage\":\"en-US\",\"@id\":\"https:\/\/dev.monti.lt\/#\/schema\/logo\/image\/\",\"url\":\"https:\/\/dev.monti.lt\/wp-content\/uploads\/2022\/03\/montilogo-1.png\",\"contentUrl\":\"https:\/\/dev.monti.lt\/wp-content\/uploads\/2022\/03\/montilogo-1.png\",\"width\":512,\"height\":512,\"caption\":\"Montessori \u017eaislai\"},\"image\":{\"@id\":\"https:\/\/dev.monti.lt\/#\/schema\/logo\/image\/\"}}]}<\/script>\n<!-- \/ Yoast SEO plugin. -->","yoast_head_json":{"title":"Form\u0173 r\u016b\u0161iuoklis - Montessori \u017eaislai","robots":{"index":"noindex","follow":"follow","max-snippet":"max-snippet:-1","max-image-preview":"max-image-preview:large","max-video-preview":"max-video-preview:-1"},"og_locale":"en_US","og_type":"article","og_title":"Form\u0173 r\u016b\u0161iuoklis - Montessori \u017eaislai","og_description":"Lankstaus kubo formos r\u016b\u0161iuoklis puikiai tinka kaip \u017eaislas, padedantis vaikui vystytis ir suteikiantis daug d\u017eiaugsmo! \u00a0 SPALVINGAS R\u016a\u0160IUOKLIS SU \u012eVAIRIAIS PRIEDAIS PATRAUKS KIEKVIENO MA\u017dYLIO D\u0116MES\u012e! Spalvotos gumyt\u0117s ir dideli spalvoti blokai patrauks j\u016bs\u0173 ma\u017eylio d\u0117mes\u012f ir paskatins j\u012f \u012fdomiai \u017eaisti! Be spalv\u0173, jos skiriasi ir formomis, tod\u0117l j\u016bs\u0173 vaikas i\u0161moks jas atpa\u017einti ir atskirti vien\u0105 [&hellip;]","og_url":"https:\/\/dev.monti.lt\/en\/product\/formu-rusiuoklis\/","og_site_name":"Montessori \u017eaislai","article_modified_time":"2024-10-08T17:28:26+00:00","og_image":[{"width":1024,"height":1024,"url":"https:\/\/dev.monti.lt\/wp-content\/uploads\/2022\/11\/KX546681910.jpg","type":"image\/jpeg"}],"twitter_card":"summary_large_image","schema":{"@context":"https:\/\/schema.org","@graph":[{"@type":"WebPage","@id":"https:\/\/dev.monti.lt\/product\/formu-rusiuoklis\/","url":"https:\/\/dev.monti.lt\/product\/formu-rusiuoklis\/","name":"Form\u0173 r\u016b\u0161iuoklis - Montessori \u017eaislai","isPartOf":{"@id":"https:\/\/dev.monti.lt\/#website"},"primaryImageOfPage":{"@id":"https:\/\/dev.monti.lt\/product\/formu-rusiuoklis\/#primaryimage"},"image":{"@id":"https:\/\/dev.monti.lt\/product\/formu-rusiuoklis\/#primaryimage"},"thumbnailUrl":"https:\/\/dev.monti.lt\/wp-content\/uploads\/2022\/11\/KX546681910.jpg","datePublished":"2022-11-22T14:35:15+00:00","dateModified":"2024-10-08T17:28:26+00:00","breadcrumb":{"@id":"https:\/\/dev.monti.lt\/product\/formu-rusiuoklis\/#breadcrumb"},"inLanguage":"en-US","potentialAction":[{"@type":"ReadAction","target":["https:\/\/dev.monti.lt\/product\/formu-rusiuoklis\/"]}]},{"@type":"ImageObject","inLanguage":"en-US","@id":"https:\/\/dev.monti.lt\/product\/formu-rusiuoklis\/#primaryimage","url":"https:\/\/dev.monti.lt\/wp-content\/uploads\/2022\/11\/KX546681910.jpg","contentUrl":"https:\/\/dev.monti.lt\/wp-content\/uploads\/2022\/11\/KX546681910.jpg","width":1024,"height":1024},{"@type":"BreadcrumbList","@id":"https:\/\/dev.monti.lt\/product\/formu-rusiuoklis\/#breadcrumb","itemListElement":[{"@type":"ListItem","position":1,"name":"Home","item":"https:\/\/dev.monti.lt\/"},{"@type":"ListItem","position":2,"name":"Parduotuv\u0117","item":"https:\/\/dev.monti.lt\/shop\/"},{"@type":"ListItem","position":3,"name":"Form\u0173 r\u016b\u0161iuoklis"}]},{"@type":"WebSite","@id":"https:\/\/dev.monti.lt\/#website","url":"https:\/\/dev.monti.lt\/","name":"Montessori \u017eaislai","description":"","publisher":{"@id":"https:\/\/dev.monti.lt\/#organization"},"potentialAction":[{"@type":"SearchAction","target":{"@type":"EntryPoint","urlTemplate":"https:\/\/dev.monti.lt\/?s={search_term_string}"},"query-input":"required name=search_term_string"}],"inLanguage":"en-US"},{"@type":"Organization","@id":"https:\/\/dev.monti.lt\/#organization","name":"Montessori \u017eaislai","url":"https:\/\/dev.monti.lt\/","logo":{"@type":"ImageObject","inLanguage":"en-US","@id":"https:\/\/dev.monti.lt\/#\/schema\/logo\/image\/","url":"https:\/\/dev.monti.lt\/wp-content\/uploads\/2022\/03\/montilogo-1.png","contentUrl":"https:\/\/dev.monti.lt\/wp-content\/uploads\/2022\/03\/montilogo-1.png","width":512,"height":512,"caption":"Montessori \u017eaislai"},"image":{"@id":"https:\/\/dev.monti.lt\/#\/schema\/logo\/image\/"}}]}},"_links":{"self":[{"href":"https:\/\/dev.monti.lt\/en\/wp-json\/wp\/v2\/product\/11662"}],"collection":[{"href":"https:\/\/dev.monti.lt\/en\/wp-json\/wp\/v2\/product"}],"about":[{"href":"https:\/\/dev.monti.lt\/en\/wp-json\/wp\/v2\/types\/product"}],"version-history":[{"count":2,"href":"https:\/\/dev.monti.lt\/en\/wp-json\/wp\/v2\/product\/11662\/revisions"}],"predecessor-version":[{"id":18066,"href":"https:\/\/dev.monti.lt\/en\/wp-json\/wp\/v2\/product\/11662\/revisions\/18066"}],"wp:featuredmedia":[{"embeddable":true,"href":"https:\/\/dev.monti.lt\/en\/wp-json\/wp\/v2\/media\/11664"}],"wp:attachment":[{"href":"https:\/\/dev.monti.lt\/en\/wp-json\/wp\/v2\/media?parent=11662"}],"wp:term":[{"taxonomy":"product_cat","embeddable":true,"href":"https:\/\/dev.monti.lt\/en\/wp-json\/wp\/v2\/product_cat?post=11662"},{"taxonomy":"product_tag","embeddable":true,"href":"https:\/\/dev.monti.lt\/en\/wp-json\/wp\/v2\/product_tag?post=11662"}],"curies":[{"name":"wp","href":"https:\/\/api.w.org\/{rel}","templated":true}]}}