{"id":11656,"date":"2022-11-22T14:23:50","date_gmt":"2022-11-22T14:23:50","guid":{"rendered":"https:\/\/dev.monti.lt\/?post_type=product&#038;p=11656"},"modified":"2024-10-07T09:28:44","modified_gmt":"2024-10-07T09:28:44","slug":"piesimo-projektorius","status":"publish","type":"product","link":"https:\/\/dev.monti.lt\/en\/product\/piesimo-projektorius\/","title":{"rendered":"Pie\u0161imo projektorius"},"content":{"rendered":"<h1 class=\"wp-block-heading\"><strong>PROJEKTORIUS, Mokymuisi pie\u0161ti<\/strong><\/h1><p><strong>Puikus projektorius, kuris neabejotinai paskatins visus vaikus pie\u0161ti.\u00a0<\/strong>Ry\u0161kios, \u0161iltos spalvos patrauks vaiko, kuris daug laiko skirs pie\u0161imui, d\u0117mes\u012f!<\/p><p>Kaip veikia \u0161is \u017eaislas?\u00a0Tereikia \u012f j\u012f \u012fd\u0117ti 3 AA baterijas, pasirinkti vien\u0105 i\u0161 keturi\u0173 disk\u0173 ir \u012fd\u0117ti \u012f projektori\u0173.\u00a0Kiekviename diske yra 8 nuotraukos, kurias galima pakeisti judinant disk\u0105.\u00a0Tada sureguliuokite auk\u0161t\u012f ir esate pasiruo\u0161\u0119 prad\u0117ti pie\u0161ti!<\/p><p>Paveiksl\u0117liai gali b\u016bti kuriami ant pridedamo bukleto tapybai arba ant atskir\u0173 lap\u0173.&nbsp;Pabaigtus pie\u0161inius galima kabinti ant \u0161aldytuvo arba \u012fr\u0117minti \u2013 kad jais gal\u0117t\u0173 pasigro\u017e\u0117ti visi.<\/p><p>Rinkinyje yra\u00a0\u00a0<strong>12 spalving\u0173 flomasteri\u0173<\/strong>\u00a0, kurie leis lengvai pasidaryti bet kok\u012f pie\u0161in\u012f!\u00a0<strong>4 pridedamuose diskuose i\u0161 viso yra 32 skirtingos nuotraukos.\u00a0<\/strong><\/p><p>Projektoriuje yra specialios vietos visiems diskams ir spalvotiems \u017eymekliams.\u00a0<\/p><p>Pie\u0161imas\u00a0 daro\u00a0<strong>didel\u0119\u00a0\u012ftak\u0105 vaiko smulkiosios motorikos \u012fg\u016bd\u017eiams \u2013 pagerina rankos tikslum\u0105 ir pir\u0161t\u0173 miklum\u0105<\/strong>\u00a0.\u00a0<\/p><p><strong>\u017daidimas su projektoriumi taip pat i\u0161mokys atskirti spalvas, kurti ir atpa\u017einti naujas formas.<\/strong><\/p><p>Puikiai tiks kaip dovana \u2013 suteiks ne tik did\u017eiul\u012f malonum\u0105, bet ir tinkam\u0105 vaiko vystym\u0105si.<\/p><p>Tai gali b\u016bti did\u017eiul\u0117s j\u016bs\u0173 vaiko aistros prad\u017eia!&nbsp;<\/p><p><strong>Komplekto turinys:<\/strong><\/p><ul class=\"wp-block-list\"><li>projektorius<\/li><li>12 \u017eymekli\u0173<\/li><li>4 diskai su 8 nuotraukomis<\/li><li>tapybos knyga<\/li><\/ul><p><strong>Maitinimas:<\/strong>&nbsp;&nbsp;3x AA baterijos (\u012f komplekt\u0105 ne\u012feina)<\/p><p><strong>Med\u017eiaga:<\/strong>&nbsp;&nbsp;plastikas<\/p><p><strong>Vaiko am\u017eius:<\/strong>&nbsp;&nbsp;3+<\/p><p><strong>Matmenys:<\/strong><\/p><ul class=\"wp-block-list\"><li>Projektorius :&nbsp;&nbsp;30,5 cm \u00d7 18,5 cm \u00d7 26 cm<\/li><li>Projektoriaus auk\u0161tis nuo \u017eem\u0117s: 26cm &#8211; 35cm (reguliuojamas)<\/li><li>Pakuot\u0117: 39cm x 24cm x 8,5cm<\/li><\/ul><p>Supakuota esteti\u0161koje kartonin\u0117je d\u0117\u017eut\u0117je<\/p>","protected":false},"excerpt":{"rendered":"<p>PROJEKTORIUS, Mokymuisi pie\u0161ti Puikus projektorius, kuris neabejotinai paskatins visus vaikus pie\u0161ti.\u00a0Ry\u0161kios, \u0161iltos spalvos patrauks vaiko, kuris daug laiko skirs pie\u0161imui, d\u0117mes\u012f! Kaip veikia \u0161is \u017eaislas?\u00a0Tereikia \u012f j\u012f \u012fd\u0117ti 3 AA baterijas, pasirinkti vien\u0105 i\u0161 keturi\u0173 disk\u0173 ir \u012fd\u0117ti \u012f projektori\u0173.\u00a0Kiekviename diske yra 8 nuotraukos, kurias galima pakeisti judinant disk\u0105.\u00a0Tada sureguliuokite auk\u0161t\u012f ir esate pasiruo\u0161\u0119 prad\u0117ti [&hellip;]<\/p>","protected":false},"featured_media":11689,"template":"","meta":{"iawp_total_views":52},"product_cat":[194,195,216,217,191,192,87,84,89,90,50,49,39],"product_tag":[97],"class_list":{"0":"post-11656","1":"product","2":"type-product","3":"status-publish","4":"has-post-thumbnail","6":"product_cat-dovanos-vaikams-2-3-metu","7":"product_cat-dovanos-vaikams-3-4-metu","8":"product_cat-dovanos-4-5-metu-vaikams","9":"product_cat-dovanos-5-7-metu-vaikams","10":"product_cat-dovanos-vaikams","11":"product_cat-kaledines-dovanos-vaikams","12":"product_cat-kurybiniai-rinkiniai","13":"product_cat-lavinamieji-zaislai","14":"product_cat-mokausi-piesti","15":"product_cat-pasaulio-pazinimas","16":"product_cat-top-dovanos","17":"product_cat-visi-zaislai","18":"product_cat-zaislai","19":"product_tag-3-m-4-m","21":"first","22":"instock","23":"taxable","24":"shipping-taxable","25":"purchasable","26":"product-type-simple"},"yoast_head":"<!-- This site is optimized with the Yoast SEO plugin v23.3 - https:\/\/yoast.com\/wordpress\/plugins\/seo\/ -->\n<title>Pie\u0161imo projektorius - Montessori \u017eaislai<\/title>\n<meta name=\"robots\" content=\"noindex, follow, max-snippet:-1, max-image-preview:large, max-video-preview:-1\" \/>\n<meta property=\"og:locale\" content=\"en_US\" \/>\n<meta property=\"og:type\" content=\"article\" \/>\n<meta property=\"og:title\" content=\"Pie\u0161imo projektorius - Montessori \u017eaislai\" \/>\n<meta property=\"og:description\" content=\"PROJEKTORIUS, Mokymuisi pie\u0161ti Puikus projektorius, kuris neabejotinai paskatins visus vaikus pie\u0161ti.\u00a0Ry\u0161kios, \u0161iltos spalvos patrauks vaiko, kuris daug laiko skirs pie\u0161imui, d\u0117mes\u012f! Kaip veikia \u0161is \u017eaislas?\u00a0Tereikia \u012f j\u012f \u012fd\u0117ti 3 AA baterijas, pasirinkti vien\u0105 i\u0161 keturi\u0173 disk\u0173 ir \u012fd\u0117ti \u012f projektori\u0173.\u00a0Kiekviename diske yra 8 nuotraukos, kurias galima pakeisti judinant disk\u0105.\u00a0Tada sureguliuokite auk\u0161t\u012f ir esate pasiruo\u0161\u0119 prad\u0117ti [&hellip;]\" \/>\n<meta property=\"og:url\" content=\"https:\/\/dev.monti.lt\/en\/product\/piesimo-projektorius\/\" \/>\n<meta property=\"og:site_name\" content=\"Montessori \u017eaislai\" \/>\n<meta property=\"article:modified_time\" content=\"2024-10-07T09:28:44+00:00\" \/>\n<meta property=\"og:image\" content=\"https:\/\/dev.monti.lt\/wp-content\/uploads\/2022\/11\/KX514882058.jpg\" \/>\n\t<meta property=\"og:image:width\" content=\"1024\" \/>\n\t<meta property=\"og:image:height\" content=\"1024\" \/>\n\t<meta property=\"og:image:type\" content=\"image\/jpeg\" \/>\n<meta name=\"twitter:card\" content=\"summary_large_image\" \/>\n<meta name=\"twitter:label1\" content=\"Est. reading time\" \/>\n\t<meta name=\"twitter:data1\" content=\"1 minute\" \/>\n<script type=\"application\/ld+json\" class=\"yoast-schema-graph\">{\"@context\":\"https:\/\/schema.org\",\"@graph\":[{\"@type\":\"WebPage\",\"@id\":\"https:\/\/dev.monti.lt\/product\/piesimo-projektorius\/\",\"url\":\"https:\/\/dev.monti.lt\/product\/piesimo-projektorius\/\",\"name\":\"Pie\u0161imo projektorius - Montessori \u017eaislai\",\"isPartOf\":{\"@id\":\"https:\/\/dev.monti.lt\/#website\"},\"primaryImageOfPage\":{\"@id\":\"https:\/\/dev.monti.lt\/product\/piesimo-projektorius\/#primaryimage\"},\"image\":{\"@id\":\"https:\/\/dev.monti.lt\/product\/piesimo-projektorius\/#primaryimage\"},\"thumbnailUrl\":\"https:\/\/dev.monti.lt\/wp-content\/uploads\/2022\/11\/KX514882058.jpg\",\"datePublished\":\"2022-11-22T14:23:50+00:00\",\"dateModified\":\"2024-10-07T09:28:44+00:00\",\"breadcrumb\":{\"@id\":\"https:\/\/dev.monti.lt\/product\/piesimo-projektorius\/#breadcrumb\"},\"inLanguage\":\"en-US\",\"potentialAction\":[{\"@type\":\"ReadAction\",\"target\":[\"https:\/\/dev.monti.lt\/product\/piesimo-projektorius\/\"]}]},{\"@type\":\"ImageObject\",\"inLanguage\":\"en-US\",\"@id\":\"https:\/\/dev.monti.lt\/product\/piesimo-projektorius\/#primaryimage\",\"url\":\"https:\/\/dev.monti.lt\/wp-content\/uploads\/2022\/11\/KX514882058.jpg\",\"contentUrl\":\"https:\/\/dev.monti.lt\/wp-content\/uploads\/2022\/11\/KX514882058.jpg\",\"width\":1024,\"height\":1024,\"caption\":\"pie\u0161imo projektorius\"},{\"@type\":\"BreadcrumbList\",\"@id\":\"https:\/\/dev.monti.lt\/product\/piesimo-projektorius\/#breadcrumb\",\"itemListElement\":[{\"@type\":\"ListItem\",\"position\":1,\"name\":\"Home\",\"item\":\"https:\/\/dev.monti.lt\/\"},{\"@type\":\"ListItem\",\"position\":2,\"name\":\"Parduotuv\u0117\",\"item\":\"https:\/\/dev.monti.lt\/shop\/\"},{\"@type\":\"ListItem\",\"position\":3,\"name\":\"Pie\u0161imo projektorius\"}]},{\"@type\":\"WebSite\",\"@id\":\"https:\/\/dev.monti.lt\/#website\",\"url\":\"https:\/\/dev.monti.lt\/\",\"name\":\"Montessori \u017eaislai\",\"description\":\"\",\"publisher\":{\"@id\":\"https:\/\/dev.monti.lt\/#organization\"},\"potentialAction\":[{\"@type\":\"SearchAction\",\"target\":{\"@type\":\"EntryPoint\",\"urlTemplate\":\"https:\/\/dev.monti.lt\/?s={search_term_string}\"},\"query-input\":\"required name=search_term_string\"}],\"inLanguage\":\"en-US\"},{\"@type\":\"Organization\",\"@id\":\"https:\/\/dev.monti.lt\/#organization\",\"name\":\"Montessori \u017eaislai\",\"url\":\"https:\/\/dev.monti.lt\/\",\"logo\":{\"@type\":\"ImageObject\",\"inLanguage\":\"en-US\",\"@id\":\"https:\/\/dev.monti.lt\/#\/schema\/logo\/image\/\",\"url\":\"https:\/\/dev.monti.lt\/wp-content\/uploads\/2022\/03\/montilogo-1.png\",\"contentUrl\":\"https:\/\/dev.monti.lt\/wp-content\/uploads\/2022\/03\/montilogo-1.png\",\"width\":512,\"height\":512,\"caption\":\"Montessori \u017eaislai\"},\"image\":{\"@id\":\"https:\/\/dev.monti.lt\/#\/schema\/logo\/image\/\"}}]}<\/script>\n<!-- \/ Yoast SEO plugin. -->","yoast_head_json":{"title":"Pie\u0161imo projektorius - Montessori \u017eaislai","robots":{"index":"noindex","follow":"follow","max-snippet":"max-snippet:-1","max-image-preview":"max-image-preview:large","max-video-preview":"max-video-preview:-1"},"og_locale":"en_US","og_type":"article","og_title":"Pie\u0161imo projektorius - Montessori \u017eaislai","og_description":"PROJEKTORIUS, Mokymuisi pie\u0161ti Puikus projektorius, kuris neabejotinai paskatins visus vaikus pie\u0161ti.\u00a0Ry\u0161kios, \u0161iltos spalvos patrauks vaiko, kuris daug laiko skirs pie\u0161imui, d\u0117mes\u012f! Kaip veikia \u0161is \u017eaislas?\u00a0Tereikia \u012f j\u012f \u012fd\u0117ti 3 AA baterijas, pasirinkti vien\u0105 i\u0161 keturi\u0173 disk\u0173 ir \u012fd\u0117ti \u012f projektori\u0173.\u00a0Kiekviename diske yra 8 nuotraukos, kurias galima pakeisti judinant disk\u0105.\u00a0Tada sureguliuokite auk\u0161t\u012f ir esate pasiruo\u0161\u0119 prad\u0117ti [&hellip;]","og_url":"https:\/\/dev.monti.lt\/en\/product\/piesimo-projektorius\/","og_site_name":"Montessori \u017eaislai","article_modified_time":"2024-10-07T09:28:44+00:00","og_image":[{"width":1024,"height":1024,"url":"https:\/\/dev.monti.lt\/wp-content\/uploads\/2022\/11\/KX514882058.jpg","type":"image\/jpeg"}],"twitter_card":"summary_large_image","twitter_misc":{"Est. reading time":"1 minute"},"schema":{"@context":"https:\/\/schema.org","@graph":[{"@type":"WebPage","@id":"https:\/\/dev.monti.lt\/product\/piesimo-projektorius\/","url":"https:\/\/dev.monti.lt\/product\/piesimo-projektorius\/","name":"Pie\u0161imo projektorius - Montessori \u017eaislai","isPartOf":{"@id":"https:\/\/dev.monti.lt\/#website"},"primaryImageOfPage":{"@id":"https:\/\/dev.monti.lt\/product\/piesimo-projektorius\/#primaryimage"},"image":{"@id":"https:\/\/dev.monti.lt\/product\/piesimo-projektorius\/#primaryimage"},"thumbnailUrl":"https:\/\/dev.monti.lt\/wp-content\/uploads\/2022\/11\/KX514882058.jpg","datePublished":"2022-11-22T14:23:50+00:00","dateModified":"2024-10-07T09:28:44+00:00","breadcrumb":{"@id":"https:\/\/dev.monti.lt\/product\/piesimo-projektorius\/#breadcrumb"},"inLanguage":"en-US","potentialAction":[{"@type":"ReadAction","target":["https:\/\/dev.monti.lt\/product\/piesimo-projektorius\/"]}]},{"@type":"ImageObject","inLanguage":"en-US","@id":"https:\/\/dev.monti.lt\/product\/piesimo-projektorius\/#primaryimage","url":"https:\/\/dev.monti.lt\/wp-content\/uploads\/2022\/11\/KX514882058.jpg","contentUrl":"https:\/\/dev.monti.lt\/wp-content\/uploads\/2022\/11\/KX514882058.jpg","width":1024,"height":1024,"caption":"pie\u0161imo projektorius"},{"@type":"BreadcrumbList","@id":"https:\/\/dev.monti.lt\/product\/piesimo-projektorius\/#breadcrumb","itemListElement":[{"@type":"ListItem","position":1,"name":"Home","item":"https:\/\/dev.monti.lt\/"},{"@type":"ListItem","position":2,"name":"Parduotuv\u0117","item":"https:\/\/dev.monti.lt\/shop\/"},{"@type":"ListItem","position":3,"name":"Pie\u0161imo projektorius"}]},{"@type":"WebSite","@id":"https:\/\/dev.monti.lt\/#website","url":"https:\/\/dev.monti.lt\/","name":"Montessori \u017eaislai","description":"","publisher":{"@id":"https:\/\/dev.monti.lt\/#organization"},"potentialAction":[{"@type":"SearchAction","target":{"@type":"EntryPoint","urlTemplate":"https:\/\/dev.monti.lt\/?s={search_term_string}"},"query-input":"required name=search_term_string"}],"inLanguage":"en-US"},{"@type":"Organization","@id":"https:\/\/dev.monti.lt\/#organization","name":"Montessori \u017eaislai","url":"https:\/\/dev.monti.lt\/","logo":{"@type":"ImageObject","inLanguage":"en-US","@id":"https:\/\/dev.monti.lt\/#\/schema\/logo\/image\/","url":"https:\/\/dev.monti.lt\/wp-content\/uploads\/2022\/03\/montilogo-1.png","contentUrl":"https:\/\/dev.monti.lt\/wp-content\/uploads\/2022\/03\/montilogo-1.png","width":512,"height":512,"caption":"Montessori \u017eaislai"},"image":{"@id":"https:\/\/dev.monti.lt\/#\/schema\/logo\/image\/"}}]}},"_links":{"self":[{"href":"https:\/\/dev.monti.lt\/en\/wp-json\/wp\/v2\/product\/11656"}],"collection":[{"href":"https:\/\/dev.monti.lt\/en\/wp-json\/wp\/v2\/product"}],"about":[{"href":"https:\/\/dev.monti.lt\/en\/wp-json\/wp\/v2\/types\/product"}],"version-history":[{"count":2,"href":"https:\/\/dev.monti.lt\/en\/wp-json\/wp\/v2\/product\/11656\/revisions"}],"predecessor-version":[{"id":13315,"href":"https:\/\/dev.monti.lt\/en\/wp-json\/wp\/v2\/product\/11656\/revisions\/13315"}],"wp:featuredmedia":[{"embeddable":true,"href":"https:\/\/dev.monti.lt\/en\/wp-json\/wp\/v2\/media\/11689"}],"wp:attachment":[{"href":"https:\/\/dev.monti.lt\/en\/wp-json\/wp\/v2\/media?parent=11656"}],"wp:term":[{"taxonomy":"product_cat","embeddable":true,"href":"https:\/\/dev.monti.lt\/en\/wp-json\/wp\/v2\/product_cat?post=11656"},{"taxonomy":"product_tag","embeddable":true,"href":"https:\/\/dev.monti.lt\/en\/wp-json\/wp\/v2\/product_tag?post=11656"}],"curies":[{"name":"wp","href":"https:\/\/api.w.org\/{rel}","templated":true}]}}