{"id":11091,"date":"2022-11-05T14:41:13","date_gmt":"2022-11-05T14:41:13","guid":{"rendered":"https:\/\/dev.monti.lt\/?post_type=product&#038;p=11091"},"modified":"2023-12-07T10:02:42","modified_gmt":"2023-12-07T10:02:42","slug":"kegliai-su-gyvunais","status":"publish","type":"product","link":"https:\/\/dev.monti.lt\/en\/product\/kegliai-su-gyvunais\/","title":{"rendered":"K\u0117gliai su gyv\u016bnais"},"content":{"rendered":"<p>Mading\u0173 pastelini\u0173 spalv\u0173 spalving\u0173 boulingo k\u0117gli\u0173 rinkinys vaikams. Kiekvienas boulingo smeigtukas turi numer\u012f ir gyv\u016bn\u0117l\u012f.<\/p><p>\u0160is rinkinys puikiai tiks namuose ar lauke.<\/p><p>D\u0117l ant boulingo k\u0117gli\u0173 esan\u010di\u0173 skai\u010di\u0173 vaikas gali greitai i\u0161mokti skai\u010dius, taip pat galime mokyti atpa\u017einti \u012fvairius nupie\u0161tus gyv\u016bnus.<\/p><p>Visi boulingo k\u0117gliukai ir kamuolys pagaminti i\u0161 med\u017eio.<\/p><p>K\u0117gli\u0173 matmenys ma\u017edaug 16&#215;2,3&#215;5,5 cm<\/p><p>Kamuolio skersmuo apie 5 cm<\/p><p>Viskas supakuota \u012f d\u0117\u017eut\u0119, kurios matmenys 17x7x25 cm<\/p>","protected":false},"excerpt":{"rendered":"<p>Mading\u0173 pastelini\u0173 spalv\u0173 spalving\u0173 boulingo k\u0117gli\u0173 rinkinys vaikams. Kiekvienas boulingo smeigtukas turi numer\u012f ir gyv\u016bn\u0117l\u012f. \u0160is rinkinys puikiai tiks namuose ar lauke. D\u0117l ant boulingo k\u0117gli\u0173 esan\u010di\u0173 skai\u010di\u0173 vaikas gali greitai i\u0161mokti skai\u010dius, taip pat galime mokyti atpa\u017einti \u012fvairius nupie\u0161tus gyv\u016bnus. Visi boulingo k\u0117gliukai ir kamuolys pagaminti i\u0161 med\u017eio. K\u0117gli\u0173 matmenys ma\u017edaug 16&#215;2,3&#215;5,5 cm Kamuolio [&hellip;]<\/p>","protected":false},"featured_media":11092,"template":"","meta":{"iawp_total_views":0},"product_cat":[84,91,102,88,90,49,39],"product_tag":[97,98,99],"class_list":{"0":"post-11091","1":"product","2":"type-product","3":"status-publish","4":"has-post-thumbnail","6":"product_cat-lavinamieji-zaislai","7":"product_cat-loginiam-mastymui","8":"product_cat-mediniai-zaislai","9":"product_cat-mokausi-zaisti","10":"product_cat-pasaulio-pazinimas","11":"product_cat-visi-zaislai","12":"product_cat-zaislai","13":"product_tag-3-m-4-m","14":"product_tag-5-m-7-m","15":"product_tag-8-m-11-m","17":"first","18":"outofstock","19":"sale","20":"taxable","21":"shipping-taxable","22":"purchasable","23":"product-type-simple"},"yoast_head":"<!-- This site is optimized with the Yoast SEO plugin v23.3 - https:\/\/yoast.com\/wordpress\/plugins\/seo\/ -->\n<title>K\u0117gliai su gyv\u016bnais - Montessori \u017eaislai<\/title>\n<meta name=\"robots\" content=\"noindex, follow, max-snippet:-1, max-image-preview:large, max-video-preview:-1\" \/>\n<meta property=\"og:locale\" content=\"en_US\" \/>\n<meta property=\"og:type\" content=\"article\" \/>\n<meta property=\"og:title\" content=\"K\u0117gliai su gyv\u016bnais - Montessori \u017eaislai\" \/>\n<meta property=\"og:description\" content=\"Mading\u0173 pastelini\u0173 spalv\u0173 spalving\u0173 boulingo k\u0117gli\u0173 rinkinys vaikams. Kiekvienas boulingo smeigtukas turi numer\u012f ir gyv\u016bn\u0117l\u012f. \u0160is rinkinys puikiai tiks namuose ar lauke. D\u0117l ant boulingo k\u0117gli\u0173 esan\u010di\u0173 skai\u010di\u0173 vaikas gali greitai i\u0161mokti skai\u010dius, taip pat galime mokyti atpa\u017einti \u012fvairius nupie\u0161tus gyv\u016bnus. Visi boulingo k\u0117gliukai ir kamuolys pagaminti i\u0161 med\u017eio. K\u0117gli\u0173 matmenys ma\u017edaug 16&#215;2,3&#215;5,5 cm Kamuolio [&hellip;]\" \/>\n<meta property=\"og:url\" content=\"https:\/\/dev.monti.lt\/en\/product\/kegliai-su-gyvunais\/\" \/>\n<meta property=\"og:site_name\" content=\"Montessori \u017eaislai\" \/>\n<meta property=\"article:modified_time\" content=\"2023-12-07T10:02:42+00:00\" \/>\n<meta property=\"og:image\" content=\"https:\/\/dev.monti.lt\/wp-content\/uploads\/2022\/11\/klocki-drewniane-w-woreczku-zkb-889.jpg\" \/>\n\t<meta property=\"og:image:width\" content=\"800\" \/>\n\t<meta property=\"og:image:height\" content=\"800\" \/>\n\t<meta property=\"og:image:type\" content=\"image\/jpeg\" \/>\n<meta name=\"twitter:card\" content=\"summary_large_image\" \/>\n<meta name=\"twitter:label1\" content=\"Est. reading time\" \/>\n\t<meta name=\"twitter:data1\" content=\"1 minute\" \/>\n<script type=\"application\/ld+json\" class=\"yoast-schema-graph\">{\"@context\":\"https:\/\/schema.org\",\"@graph\":[{\"@type\":\"WebPage\",\"@id\":\"https:\/\/dev.monti.lt\/product\/kegliai-su-gyvunais\/\",\"url\":\"https:\/\/dev.monti.lt\/product\/kegliai-su-gyvunais\/\",\"name\":\"K\u0117gliai su gyv\u016bnais - Montessori \u017eaislai\",\"isPartOf\":{\"@id\":\"https:\/\/dev.monti.lt\/#website\"},\"primaryImageOfPage\":{\"@id\":\"https:\/\/dev.monti.lt\/product\/kegliai-su-gyvunais\/#primaryimage\"},\"image\":{\"@id\":\"https:\/\/dev.monti.lt\/product\/kegliai-su-gyvunais\/#primaryimage\"},\"thumbnailUrl\":\"https:\/\/dev.monti.lt\/wp-content\/uploads\/2022\/11\/klocki-drewniane-w-woreczku-zkb-889.jpg\",\"datePublished\":\"2022-11-05T14:41:13+00:00\",\"dateModified\":\"2023-12-07T10:02:42+00:00\",\"breadcrumb\":{\"@id\":\"https:\/\/dev.monti.lt\/product\/kegliai-su-gyvunais\/#breadcrumb\"},\"inLanguage\":\"en-US\",\"potentialAction\":[{\"@type\":\"ReadAction\",\"target\":[\"https:\/\/dev.monti.lt\/product\/kegliai-su-gyvunais\/\"]}]},{\"@type\":\"ImageObject\",\"inLanguage\":\"en-US\",\"@id\":\"https:\/\/dev.monti.lt\/product\/kegliai-su-gyvunais\/#primaryimage\",\"url\":\"https:\/\/dev.monti.lt\/wp-content\/uploads\/2022\/11\/klocki-drewniane-w-woreczku-zkb-889.jpg\",\"contentUrl\":\"https:\/\/dev.monti.lt\/wp-content\/uploads\/2022\/11\/klocki-drewniane-w-woreczku-zkb-889.jpg\",\"width\":800,\"height\":800,\"caption\":\"mini boulingas\"},{\"@type\":\"BreadcrumbList\",\"@id\":\"https:\/\/dev.monti.lt\/product\/kegliai-su-gyvunais\/#breadcrumb\",\"itemListElement\":[{\"@type\":\"ListItem\",\"position\":1,\"name\":\"Home\",\"item\":\"https:\/\/dev.monti.lt\/\"},{\"@type\":\"ListItem\",\"position\":2,\"name\":\"Parduotuv\u0117\",\"item\":\"https:\/\/dev.monti.lt\/shop\/\"},{\"@type\":\"ListItem\",\"position\":3,\"name\":\"K\u0117gliai su gyv\u016bnais\"}]},{\"@type\":\"WebSite\",\"@id\":\"https:\/\/dev.monti.lt\/#website\",\"url\":\"https:\/\/dev.monti.lt\/\",\"name\":\"Montessori \u017eaislai\",\"description\":\"\",\"publisher\":{\"@id\":\"https:\/\/dev.monti.lt\/#organization\"},\"potentialAction\":[{\"@type\":\"SearchAction\",\"target\":{\"@type\":\"EntryPoint\",\"urlTemplate\":\"https:\/\/dev.monti.lt\/?s={search_term_string}\"},\"query-input\":\"required name=search_term_string\"}],\"inLanguage\":\"en-US\"},{\"@type\":\"Organization\",\"@id\":\"https:\/\/dev.monti.lt\/#organization\",\"name\":\"Montessori \u017eaislai\",\"url\":\"https:\/\/dev.monti.lt\/\",\"logo\":{\"@type\":\"ImageObject\",\"inLanguage\":\"en-US\",\"@id\":\"https:\/\/dev.monti.lt\/#\/schema\/logo\/image\/\",\"url\":\"https:\/\/dev.monti.lt\/wp-content\/uploads\/2022\/03\/montilogo-1.png\",\"contentUrl\":\"https:\/\/dev.monti.lt\/wp-content\/uploads\/2022\/03\/montilogo-1.png\",\"width\":512,\"height\":512,\"caption\":\"Montessori \u017eaislai\"},\"image\":{\"@id\":\"https:\/\/dev.monti.lt\/#\/schema\/logo\/image\/\"}}]}<\/script>\n<!-- \/ Yoast SEO plugin. -->","yoast_head_json":{"title":"K\u0117gliai su gyv\u016bnais - Montessori \u017eaislai","robots":{"index":"noindex","follow":"follow","max-snippet":"max-snippet:-1","max-image-preview":"max-image-preview:large","max-video-preview":"max-video-preview:-1"},"og_locale":"en_US","og_type":"article","og_title":"K\u0117gliai su gyv\u016bnais - Montessori \u017eaislai","og_description":"Mading\u0173 pastelini\u0173 spalv\u0173 spalving\u0173 boulingo k\u0117gli\u0173 rinkinys vaikams. Kiekvienas boulingo smeigtukas turi numer\u012f ir gyv\u016bn\u0117l\u012f. \u0160is rinkinys puikiai tiks namuose ar lauke. D\u0117l ant boulingo k\u0117gli\u0173 esan\u010di\u0173 skai\u010di\u0173 vaikas gali greitai i\u0161mokti skai\u010dius, taip pat galime mokyti atpa\u017einti \u012fvairius nupie\u0161tus gyv\u016bnus. Visi boulingo k\u0117gliukai ir kamuolys pagaminti i\u0161 med\u017eio. K\u0117gli\u0173 matmenys ma\u017edaug 16&#215;2,3&#215;5,5 cm Kamuolio [&hellip;]","og_url":"https:\/\/dev.monti.lt\/en\/product\/kegliai-su-gyvunais\/","og_site_name":"Montessori \u017eaislai","article_modified_time":"2023-12-07T10:02:42+00:00","og_image":[{"width":800,"height":800,"url":"https:\/\/dev.monti.lt\/wp-content\/uploads\/2022\/11\/klocki-drewniane-w-woreczku-zkb-889.jpg","type":"image\/jpeg"}],"twitter_card":"summary_large_image","twitter_misc":{"Est. reading time":"1 minute"},"schema":{"@context":"https:\/\/schema.org","@graph":[{"@type":"WebPage","@id":"https:\/\/dev.monti.lt\/product\/kegliai-su-gyvunais\/","url":"https:\/\/dev.monti.lt\/product\/kegliai-su-gyvunais\/","name":"K\u0117gliai su gyv\u016bnais - Montessori \u017eaislai","isPartOf":{"@id":"https:\/\/dev.monti.lt\/#website"},"primaryImageOfPage":{"@id":"https:\/\/dev.monti.lt\/product\/kegliai-su-gyvunais\/#primaryimage"},"image":{"@id":"https:\/\/dev.monti.lt\/product\/kegliai-su-gyvunais\/#primaryimage"},"thumbnailUrl":"https:\/\/dev.monti.lt\/wp-content\/uploads\/2022\/11\/klocki-drewniane-w-woreczku-zkb-889.jpg","datePublished":"2022-11-05T14:41:13+00:00","dateModified":"2023-12-07T10:02:42+00:00","breadcrumb":{"@id":"https:\/\/dev.monti.lt\/product\/kegliai-su-gyvunais\/#breadcrumb"},"inLanguage":"en-US","potentialAction":[{"@type":"ReadAction","target":["https:\/\/dev.monti.lt\/product\/kegliai-su-gyvunais\/"]}]},{"@type":"ImageObject","inLanguage":"en-US","@id":"https:\/\/dev.monti.lt\/product\/kegliai-su-gyvunais\/#primaryimage","url":"https:\/\/dev.monti.lt\/wp-content\/uploads\/2022\/11\/klocki-drewniane-w-woreczku-zkb-889.jpg","contentUrl":"https:\/\/dev.monti.lt\/wp-content\/uploads\/2022\/11\/klocki-drewniane-w-woreczku-zkb-889.jpg","width":800,"height":800,"caption":"mini boulingas"},{"@type":"BreadcrumbList","@id":"https:\/\/dev.monti.lt\/product\/kegliai-su-gyvunais\/#breadcrumb","itemListElement":[{"@type":"ListItem","position":1,"name":"Home","item":"https:\/\/dev.monti.lt\/"},{"@type":"ListItem","position":2,"name":"Parduotuv\u0117","item":"https:\/\/dev.monti.lt\/shop\/"},{"@type":"ListItem","position":3,"name":"K\u0117gliai su gyv\u016bnais"}]},{"@type":"WebSite","@id":"https:\/\/dev.monti.lt\/#website","url":"https:\/\/dev.monti.lt\/","name":"Montessori \u017eaislai","description":"","publisher":{"@id":"https:\/\/dev.monti.lt\/#organization"},"potentialAction":[{"@type":"SearchAction","target":{"@type":"EntryPoint","urlTemplate":"https:\/\/dev.monti.lt\/?s={search_term_string}"},"query-input":"required name=search_term_string"}],"inLanguage":"en-US"},{"@type":"Organization","@id":"https:\/\/dev.monti.lt\/#organization","name":"Montessori \u017eaislai","url":"https:\/\/dev.monti.lt\/","logo":{"@type":"ImageObject","inLanguage":"en-US","@id":"https:\/\/dev.monti.lt\/#\/schema\/logo\/image\/","url":"https:\/\/dev.monti.lt\/wp-content\/uploads\/2022\/03\/montilogo-1.png","contentUrl":"https:\/\/dev.monti.lt\/wp-content\/uploads\/2022\/03\/montilogo-1.png","width":512,"height":512,"caption":"Montessori \u017eaislai"},"image":{"@id":"https:\/\/dev.monti.lt\/#\/schema\/logo\/image\/"}}]}},"_links":{"self":[{"href":"https:\/\/dev.monti.lt\/en\/wp-json\/wp\/v2\/product\/11091"}],"collection":[{"href":"https:\/\/dev.monti.lt\/en\/wp-json\/wp\/v2\/product"}],"about":[{"href":"https:\/\/dev.monti.lt\/en\/wp-json\/wp\/v2\/types\/product"}],"version-history":[{"count":1,"href":"https:\/\/dev.monti.lt\/en\/wp-json\/wp\/v2\/product\/11091\/revisions"}],"predecessor-version":[{"id":11097,"href":"https:\/\/dev.monti.lt\/en\/wp-json\/wp\/v2\/product\/11091\/revisions\/11097"}],"wp:featuredmedia":[{"embeddable":true,"href":"https:\/\/dev.monti.lt\/en\/wp-json\/wp\/v2\/media\/11092"}],"wp:attachment":[{"href":"https:\/\/dev.monti.lt\/en\/wp-json\/wp\/v2\/media?parent=11091"}],"wp:term":[{"taxonomy":"product_cat","embeddable":true,"href":"https:\/\/dev.monti.lt\/en\/wp-json\/wp\/v2\/product_cat?post=11091"},{"taxonomy":"product_tag","embeddable":true,"href":"https:\/\/dev.monti.lt\/en\/wp-json\/wp\/v2\/product_tag?post=11091"}],"curies":[{"name":"wp","href":"https:\/\/api.w.org\/{rel}","templated":true}]}}